


{"id":62050,"date":"2021-09-10T14:31:19","date_gmt":"2021-09-10T14:31:19","guid":{"rendered":"https:\/\/aktivtuteliv.se\/uppsala\/?page_id=62050"},"modified":"2025-03-07T07:30:39","modified_gmt":"2025-03-07T07:30:39","slug":"kalas","status":"publish","type":"page","link":"https:\/\/aktivtuteliv.se\/uppsala\/kalas\/","title":{"rendered":"Kalas"},"content":{"rendered":"\n<p><strong><mark style=\"background-color:rgba(0, 0, 0, 0)\" class=\"has-inline-color has-vivid-red-color\">Vi har valt att pausa kalasaktiviteter n\u00e5gra m\u00e5nader d\u00e5 vi f\u00f6rbereder n\u00e5got riktigt stort f\u00f6r alla i Uppsala! Stay tuned, det kommer bli v\u00e4ldigt bra kalasm\u00f6jligheter fram\u00f6ver.<\/mark><\/strong><\/p>\n\n\n\n<h3 class=\"wp-block-heading\">Boka ett magiskt barnkalas hos oss p\u00e5 Sunnerstastugan! \ud83c\udf89<\/h3>\n\n\n\n<p>Vi g\u00f6r ert barnkalas enkelt och roligt genom att erbjuda en <strong>dedikerad kalasv\u00e4rd<\/strong> som leder alla aktiviteter och ser till att barnen har en fantastisk tid. Oavsett om ni \u00e4r en liten grupp eller vill ha ett st\u00f6rre kalas, kan vi ta emot s\u00e4llskap fr\u00e5n <strong>6 till 35 personer<\/strong>. V\u00e5ra kalas \u00e4r anpassade f\u00f6r barn fr\u00e5n 6 \u00e5r och vi skr\u00e4ddarsyr upplevelsen efter era \u00f6nskem\u00e5l, med fokus p\u00e5 roliga aktiviteter och minnesv\u00e4rda stunder!<\/p>\n\n\n\n<h3 class=\"wp-block-heading\">Kalaskul med roliga aktiviteter \ud83c\udf88<\/h3>\n\n\n\n<p>Vi \u00e4r experter p\u00e5 att leka ute i naturen, och vi erbjuder ett brett utbud av sp\u00e4nnande aktiviteter:<\/p>\n\n\n\n<ul class=\"wp-block-list\">\n<li><strong>Kalaskampen:<\/strong> T\u00e4vla i en rolig m\u00e5ngkamp som leds av en av v\u00e5ra guider. Aktiviteterna anpassas efter barnens \u00e5lder och \u00f6nskad tid.<\/li>\n\n\n\n<li><strong>Utomhusspel:<\/strong> Vi har massor av utomhusspel som garanterar skratt och gl\u00e4dje!<\/li>\n\n\n\n<li><strong>Lekar:<\/strong> Klassiska och nya lekar som h\u00e5ller barnen engagerade och aktiva.<\/li>\n<\/ul>\n\n\n\n<h3 class=\"wp-block-heading\">Mat \ud83c\udf54\ud83c\udf2d<\/h3>\n\n\n\n<p>Vi erbjuder flera l\u00e4ckra alternativ f\u00f6r att m\u00e4tta hungriga sm\u00e5 magar efter all lek:<\/p>\n\n\n\n<ul class=\"wp-block-list\">\n<li>Grillad korv m. dryck <em>65kr\/person<\/em><\/li>\n\n\n\n<li>Korvgrillning \u00f6ver \u00f6ppen eld m. dryck <em>85kr\/person<\/em><\/li>\n\n\n\n<li>Pannkakor med gr\u00e4dde och sylt m. dryck <em>75kr\/person<\/em><\/li>\n\n\n\n<li>Grilla mat i folie \u2013 vi har flera nyttigare alternativ, eller s\u00e5 kommer du med egna id\u00e9er som vi kan ordna.<\/li>\n\n\n\n<li>Hamburgare m. pommes &amp;. dryck <em>135kr\/person<\/em><\/li>\n<\/ul>\n\n\n\n<h3 class=\"wp-block-heading\">Efterr\u00e4tt &amp; fika \ud83c\udf70<\/h3>\n\n\n\n<p>F\u00f6r den som vill ha n\u00e5got s\u00f6tt:<\/p>\n\n\n\n<ul class=\"wp-block-list\">\n<li>Grilla marshmallows\/s&#8217;mores \u2013 kan kombineras med korvgrillning eller som en egen aktivitet.<\/li>\n\n\n\n<li>T\u00e5rta<\/li>\n\n\n\n<li>Glassparty med ett brett utbud av roliga tillbeh\u00f6r!<\/li>\n\n\n\n<li>Klassiskt fika med bullar, kakor och saft.<\/li>\n<\/ul>\n\n\n\n<h3 class=\"wp-block-heading\">Godisp\u00e5sen \u2013 en s\u00f6t avslutning \ud83c\udf6c<\/h3>\n\n\n\n<p>Inget kalas \u00e4r komplett utan en godisp\u00e5se! V\u00e4lj mellan:<\/p>\n\n\n\n<ul class=\"wp-block-list\">\n<li><strong>Skattjakt:<\/strong> En sp\u00e4nnande jakt efter g\u00f6mda skatter, d\u00e4r priset \u00e4r en smarrig godisp\u00e5se!<\/li>\n\n\n\n<li><strong>Fiskdamm:<\/strong> Klassisk stil d\u00e4r vi ordnar med den perfekta f\u00e5ngsten efter era \u00f6nskem\u00e5l.<\/li>\n<\/ul>\n\n\n\n<h3 class=\"wp-block-heading\">Temafest! \ud83c\udfa8<\/h3>\n\n\n\n<p>Vill ni g\u00f6ra kalaset extra minnesv\u00e4rt? Vi erbjuder temafester! V\u00e4lj ett tema \u2013 djungel, pirater, superhj\u00e4ltar, eller n\u00e5got helt annat. Vi hj\u00e4lper till att g\u00f6ra ert tema levande med rekvisita och aktiviteter.<\/p>\n\n\n\n<h3 class=\"wp-block-heading\">Fotoh\u00f6rna \ud83d\udcf8<\/h3>\n\n\n\n<p>Skapa of\u00f6rgl\u00f6mliga minnen med en rolig fotoh\u00f6rna! Barnen kan ta bilder under kalaset f\u00f6r att ta med hem som minnen av dagen.<\/p>\n\n\n\n<p><\/p>\n\n\n\n<div class=\"wp-block-buttons is-layout-flex wp-block-buttons-is-layout-flex\">\n<div class=\"wp-block-button .wpcf7-form\"><a class=\"wp-block-button__link has-white-color has-text-color has-background wp-element-button\" href=\"#formular-ankare\" style=\"background-color:#f07013\" rel=\"input\">Till anm\u00e4lan<\/a><\/div>\n<\/div>\n\n\n\n<div style=\"height:75px\" aria-hidden=\"true\" id=\"formular-ankare\" class=\"wp-block-spacer\"><\/div>\n\n\n\n<div class=\"wpcf7 no-js\" id=\"wpcf7-f68367-o1\" lang=\"sv-SE\" dir=\"ltr\">\n<div class=\"screen-reader-response\"><p role=\"status\" aria-live=\"polite\" aria-atomic=\"true\"><\/p> <ul><\/ul><\/div>\n<form action=\"\/uppsala\/wp-json\/wp\/v2\/pages\/62050#wpcf7-f68367-o1\" method=\"post\" class=\"wpcf7-form init mailchimp-ext-0.5.72\" aria-label=\"Kontaktformul\u00e4r\" novalidate=\"novalidate\" data-status=\"init\">\n<div style=\"display: none;\">\n<input type=\"hidden\" name=\"_wpcf7\" value=\"68367\" \/>\n<input type=\"hidden\" name=\"_wpcf7_version\" value=\"5.9.6\" \/>\n<input type=\"hidden\" name=\"_wpcf7_locale\" value=\"sv_SE\" \/>\n<input type=\"hidden\" name=\"_wpcf7_unit_tag\" value=\"wpcf7-f68367-o1\" \/>\n<input type=\"hidden\" name=\"_wpcf7_container_post\" value=\"0\" \/>\n<input type=\"hidden\" name=\"_wpcf7_posted_data_hash\" value=\"\" \/>\n<input type=\"hidden\" name=\"_wpcf7_recaptcha_response\" value=\"\" \/>\n<\/div>\n<h1 class=\"cf7-form-heading\">Kalas p\u00e5 Aktivt Uteliv\n<\/h1>\n<p><span class=\"wpcf7-form-control-wrap\" data-name=\"your-name\"><input size=\"40\" maxlength=\"80\" class=\"wpcf7-form-control wpcf7-text wpcf7-validates-as-required\" aria-required=\"true\" aria-invalid=\"false\" placeholder=\"Namn\" value=\"\" type=\"text\" name=\"your-name\" \/><\/span><br \/>\n<span class=\"wpcf7-form-control-wrap\" data-name=\"your-email\"><input size=\"40\" maxlength=\"80\" class=\"wpcf7-form-control wpcf7-email wpcf7-validates-as-required wpcf7-text wpcf7-validates-as-email\" aria-required=\"true\" aria-invalid=\"false\" placeholder=\"Epost\" value=\"\" type=\"email\" name=\"your-email\" \/><\/span><br \/>\n<span class=\"wpcf7-form-control-wrap\" data-name=\"your-phone-number\"><input size=\"40\" maxlength=\"80\" class=\"wpcf7-form-control wpcf7-text wpcf7-validates-as-required\" aria-required=\"true\" aria-invalid=\"false\" placeholder=\"Mobilnummer\" value=\"\" type=\"text\" name=\"your-phone-number\" \/><\/span><br \/>\n<span class=\"wpcf7-form-control-wrap\" data-name=\"person-amount\"><input size=\"40\" maxlength=\"80\" class=\"wpcf7-form-control wpcf7-text wpcf7-validates-as-required\" aria-required=\"true\" aria-invalid=\"false\" placeholder=\"Antal personer (ca.)\" value=\"\" type=\"text\" name=\"person-amount\" \/><\/span><br \/>\n\u00d6nskat datum: <span class=\"wpcf7-form-control-wrap\" data-name=\"date-291\"><input class=\"wpcf7-form-control wpcf7-date wpcf7-validates-as-date\" aria-invalid=\"false\" value=\"\" type=\"date\" name=\"date-291\" \/><\/span><br \/>\nF\u00f6r att f\u00e5 en ungef\u00e4rlig uppfattning p\u00e5 kalaset fyll g\u00e4rna i f\u00f6ljande, obs. att allt g\u00e5r att \u00e4ndra senare.<br \/>\nMat:<br \/>\n<span class=\"wpcf7-form-control-wrap\" data-name=\"checkbox-842\"><span class=\"wpcf7-form-control wpcf7-checkbox\"><span class=\"wpcf7-list-item first\"><input type=\"checkbox\" name=\"checkbox-842[]\" value=\"Grillad korv\" \/><span class=\"wpcf7-list-item-label\">Grillad korv<\/span><\/span><span class=\"wpcf7-list-item\"><input type=\"checkbox\" name=\"checkbox-842[]\" value=\"Korvgrillning \u00f6ver \u00f6ppen eld\" \/><span class=\"wpcf7-list-item-label\">Korvgrillning \u00f6ver \u00f6ppen eld<\/span><\/span><span class=\"wpcf7-list-item\"><input type=\"checkbox\" name=\"checkbox-842[]\" value=\"Pannkakor med gr\u00e4dde och sylt\" \/><span class=\"wpcf7-list-item-label\">Pannkakor med gr\u00e4dde och sylt<\/span><\/span><span class=\"wpcf7-list-item\"><input type=\"checkbox\" name=\"checkbox-842[]\" value=\"Grilla mat i folie \u2013 vi har flera nyttigare alternativ, eller s\u00e5 kommer du med egna id\u00e9er som vi kan ordna.\" \/><span class=\"wpcf7-list-item-label\">Grilla mat i folie \u2013 vi har flera nyttigare alternativ, eller s\u00e5 kommer du med egna id\u00e9er som vi kan ordna.<\/span><\/span><span class=\"wpcf7-list-item last\"><input type=\"checkbox\" name=\"checkbox-842[]\" value=\"Hamburgare m. pommes.\" \/><span class=\"wpcf7-list-item-label\">Hamburgare m. pommes.<\/span><\/span><\/span><\/span>\n<\/p>\n<p>Efter\u00e4tt:<br \/>\n<span class=\"wpcf7-form-control-wrap\" data-name=\"checkbox-878\"><span class=\"wpcf7-form-control wpcf7-checkbox\"><span class=\"wpcf7-list-item first\"><input type=\"checkbox\" name=\"checkbox-878[]\" value=\"Grilla marshmallows\/s&#039;mores\" \/><span class=\"wpcf7-list-item-label\">Grilla marshmallows\/s&#039;mores<\/span><\/span><span class=\"wpcf7-list-item\"><input type=\"checkbox\" name=\"checkbox-878[]\" value=\"T\u00e5rta\" \/><span class=\"wpcf7-list-item-label\">T\u00e5rta<\/span><\/span><span class=\"wpcf7-list-item\"><input type=\"checkbox\" name=\"checkbox-878[]\" value=\"Glassparty med ett brett utbud av roliga tillbeh\u00f6r!\" \/><span class=\"wpcf7-list-item-label\">Glassparty med ett brett utbud av roliga tillbeh\u00f6r!<\/span><\/span><span class=\"wpcf7-list-item last\"><input type=\"checkbox\" name=\"checkbox-878[]\" value=\"Klassiskt fika med bullar, kakor och saft.\" \/><span class=\"wpcf7-list-item-label\">Klassiskt fika med bullar, kakor och saft.<\/span><\/span><\/span><\/span>\n<\/p>\n<p>Godisp\u00e5sen:<br \/>\n<span class=\"wpcf7-form-control-wrap\" data-name=\"checkbox-812\"><span class=\"wpcf7-form-control wpcf7-checkbox\"><span class=\"wpcf7-list-item first\"><input type=\"checkbox\" name=\"checkbox-812[]\" value=\"Ingen godisp\u00e5se\" \/><span class=\"wpcf7-list-item-label\">Ingen godisp\u00e5se<\/span><\/span><span class=\"wpcf7-list-item\"><input type=\"checkbox\" name=\"checkbox-812[]\" value=\"Skattjakt: En sp\u00e4nnande jakt efter g\u00f6mda skatter, d\u00e4r priset \u00e4r en smarrig godisp\u00e5se!\" \/><span class=\"wpcf7-list-item-label\">Skattjakt: En sp\u00e4nnande jakt efter g\u00f6mda skatter, d\u00e4r priset \u00e4r en smarrig godisp\u00e5se!<\/span><\/span><span class=\"wpcf7-list-item last\"><input type=\"checkbox\" name=\"checkbox-812[]\" value=\"Fiskdamm: Klassisk stil d\u00e4r vi ordnar med den perfekta f\u00e5ngsten efter era \u00f6nskem\u00e5l.\" \/><span class=\"wpcf7-list-item-label\">Fiskdamm: Klassisk stil d\u00e4r vi ordnar med den perfekta f\u00e5ngsten efter era \u00f6nskem\u00e5l.<\/span><\/span><\/span><\/span>\n<\/p>\n<p><span class=\"wpcf7-form-control-wrap\" data-name=\"your-message\"><textarea cols=\"40\" rows=\"10\" maxlength=\"400\" class=\"wpcf7-form-control wpcf7-textarea\" aria-invalid=\"false\" placeholder=\"Meddelande\" name=\"your-message\"><\/textarea><\/span>\n<\/p>\n<p><input class=\"wpcf7-form-control wpcf7-submit has-spinner\" type=\"submit\" value=\"Skicka\" \/>\n<\/p><div class=\"wpcf7-response-output\" aria-hidden=\"true\"><\/div><p style=\"display: none !important\"><span class=\"wpcf7-form-control-wrap referer-page\"><input type=\"hidden\" name=\"referer-page\" value=\"http:\/\/Direct%20Visit\" data-value=\"http:\/\/Direct%20Visit\" class=\"wpcf7-form-control wpcf7-text referer-page\" aria-invalid=\"false\"><\/span><\/p>\n<!-- Chimpmatic extension by Renzo Johnson -->\n<\/form>\n<\/div>\n\n","protected":false},"excerpt":{"rendered":"<p>Vi har valt att pausa kalasaktiviteter n\u00e5gra m\u00e5nader d\u00e5 vi f\u00f6rbereder n\u00e5got riktigt stort f\u00f6r alla i Uppsala! Stay tuned, det kommer bli v\u00e4ldigt bra kalasm\u00f6jligheter fram\u00f6ver. Boka ett magiskt [&hellip;]<\/p>\n","protected":false},"author":13,"featured_media":68044,"parent":0,"menu_order":0,"comment_status":"closed","ping_status":"closed","template":"","meta":{"_acf_changed":false,"footnotes":""},"class_list":["post-62050","page","type-page","status-publish","has-post-thumbnail","hentry"],"acf":[],"yoast_head":"<!-- This site is optimized with the Yoast SEO plugin v23.0 - https:\/\/yoast.com\/wordpress\/plugins\/seo\/ -->\n<title>Kalas - Uppsala<\/title>\n<meta name=\"robots\" content=\"index, follow, max-snippet:-1, max-image-preview:large, max-video-preview:-1\" \/>\n<link rel=\"canonical\" href=\"https:\/\/aktivtuteliv.se\/uppsala\/kalas\/\" \/>\n<meta property=\"og:locale\" content=\"sv_SE\" \/>\n<meta property=\"og:type\" content=\"article\" \/>\n<meta property=\"og:title\" content=\"Kalas - Uppsala\" \/>\n<meta property=\"og:description\" content=\"Vi har valt att pausa kalasaktiviteter n\u00e5gra m\u00e5nader d\u00e5 vi f\u00f6rbereder n\u00e5got riktigt stort f\u00f6r alla i Uppsala! Stay tuned, det kommer bli v\u00e4ldigt bra kalasm\u00f6jligheter fram\u00f6ver. Boka ett magiskt [&hellip;]\" \/>\n<meta property=\"og:url\" content=\"https:\/\/aktivtuteliv.se\/uppsala\/kalas\/\" \/>\n<meta property=\"og:site_name\" content=\"Uppsala\" \/>\n<meta property=\"article:modified_time\" content=\"2025-03-07T07:30:39+00:00\" \/>\n<meta property=\"og:image\" content=\"https:\/\/aktivtuteliv.se\/uppsala\/wp-content\/uploads\/sites\/3\/2024\/02\/uteplats_tarp.jpg\" \/>\n\t<meta property=\"og:image:width\" content=\"1600\" \/>\n\t<meta property=\"og:image:height\" content=\"1200\" \/>\n\t<meta property=\"og:image:type\" content=\"image\/jpeg\" \/>\n<meta name=\"twitter:card\" content=\"summary_large_image\" \/>\n<meta name=\"twitter:label1\" content=\"Ber\u00e4knad l\u00e4stid\" \/>\n\t<meta name=\"twitter:data1\" content=\"3 minuter\" \/>\n<script type=\"application\/ld+json\" class=\"yoast-schema-graph\">{\"@context\":\"https:\/\/schema.org\",\"@graph\":[{\"@type\":\"WebPage\",\"@id\":\"https:\/\/aktivtuteliv.se\/uppsala\/kalas\/\",\"url\":\"https:\/\/aktivtuteliv.se\/uppsala\/kalas\/\",\"name\":\"Kalas - Uppsala\",\"isPartOf\":{\"@id\":\"https:\/\/aktivtuteliv.se\/uppsala\/#website\"},\"primaryImageOfPage\":{\"@id\":\"https:\/\/aktivtuteliv.se\/uppsala\/kalas\/#primaryimage\"},\"image\":{\"@id\":\"https:\/\/aktivtuteliv.se\/uppsala\/kalas\/#primaryimage\"},\"thumbnailUrl\":\"https:\/\/e5gp8rwuod7.exactdn.com\/uppsala\/wp-content\/uploads\/sites\/3\/2024\/02\/uteplats_tarp.jpg?strip=all&lossy=1&ssl=1\",\"datePublished\":\"2021-09-10T14:31:19+00:00\",\"dateModified\":\"2025-03-07T07:30:39+00:00\",\"breadcrumb\":{\"@id\":\"https:\/\/aktivtuteliv.se\/uppsala\/kalas\/#breadcrumb\"},\"inLanguage\":\"sv-SE\",\"potentialAction\":[{\"@type\":\"ReadAction\",\"target\":[\"https:\/\/aktivtuteliv.se\/uppsala\/kalas\/\"]}]},{\"@type\":\"ImageObject\",\"inLanguage\":\"sv-SE\",\"@id\":\"https:\/\/aktivtuteliv.se\/uppsala\/kalas\/#primaryimage\",\"url\":\"https:\/\/e5gp8rwuod7.exactdn.com\/uppsala\/wp-content\/uploads\/sites\/3\/2024\/02\/uteplats_tarp.jpg?strip=all&lossy=1&ssl=1\",\"contentUrl\":\"https:\/\/e5gp8rwuod7.exactdn.com\/uppsala\/wp-content\/uploads\/sites\/3\/2024\/02\/uteplats_tarp.jpg?strip=all&lossy=1&ssl=1\",\"width\":1600,\"height\":1200},{\"@type\":\"BreadcrumbList\",\"@id\":\"https:\/\/aktivtuteliv.se\/uppsala\/kalas\/#breadcrumb\",\"itemListElement\":[{\"@type\":\"ListItem\",\"position\":1,\"name\":\"Home\",\"item\":\"https:\/\/aktivtuteliv.se\/uppsala\/startsida-vinter\/\"},{\"@type\":\"ListItem\",\"position\":2,\"name\":\"Kalas\"}]},{\"@type\":\"WebSite\",\"@id\":\"https:\/\/aktivtuteliv.se\/uppsala\/#website\",\"url\":\"https:\/\/aktivtuteliv.se\/uppsala\/\",\"name\":\"Uppsala\",\"description\":\"Hyr sport- &amp; friluftsutrustning\",\"publisher\":{\"@id\":\"https:\/\/aktivtuteliv.se\/uppsala\/#organization\"},\"potentialAction\":[{\"@type\":\"SearchAction\",\"target\":{\"@type\":\"EntryPoint\",\"urlTemplate\":\"https:\/\/aktivtuteliv.se\/uppsala\/?s={search_term_string}\"},\"query-input\":\"required name=search_term_string\"}],\"inLanguage\":\"sv-SE\"},{\"@type\":\"Organization\",\"@id\":\"https:\/\/aktivtuteliv.se\/uppsala\/#organization\",\"name\":\"Uppsala\",\"url\":\"https:\/\/aktivtuteliv.se\/uppsala\/\",\"logo\":{\"@type\":\"ImageObject\",\"inLanguage\":\"sv-SE\",\"@id\":\"https:\/\/aktivtuteliv.se\/uppsala\/#\/schema\/logo\/image\/\",\"url\":\"https:\/\/e5gp8rwuod7.exactdn.com\/uppsala\/wp-content\/uploads\/sites\/3\/2021\/07\/image-1-2.png?strip=all&lossy=1&ssl=1\",\"contentUrl\":\"https:\/\/e5gp8rwuod7.exactdn.com\/uppsala\/wp-content\/uploads\/sites\/3\/2021\/07\/image-1-2.png?strip=all&lossy=1&ssl=1\",\"width\":200,\"height\":98,\"caption\":\"Uppsala\"},\"image\":{\"@id\":\"https:\/\/aktivtuteliv.se\/uppsala\/#\/schema\/logo\/image\/\"}}]}<\/script>\n<!-- \/ Yoast SEO plugin. -->","yoast_head_json":{"title":"Kalas - Uppsala","robots":{"index":"index","follow":"follow","max-snippet":"max-snippet:-1","max-image-preview":"max-image-preview:large","max-video-preview":"max-video-preview:-1"},"canonical":"https:\/\/aktivtuteliv.se\/uppsala\/kalas\/","og_locale":"sv_SE","og_type":"article","og_title":"Kalas - Uppsala","og_description":"Vi har valt att pausa kalasaktiviteter n\u00e5gra m\u00e5nader d\u00e5 vi f\u00f6rbereder n\u00e5got riktigt stort f\u00f6r alla i Uppsala! Stay tuned, det kommer bli v\u00e4ldigt bra kalasm\u00f6jligheter fram\u00f6ver. Boka ett magiskt [&hellip;]","og_url":"https:\/\/aktivtuteliv.se\/uppsala\/kalas\/","og_site_name":"Uppsala","article_modified_time":"2025-03-07T07:30:39+00:00","og_image":[{"width":1600,"height":1200,"url":"https:\/\/aktivtuteliv.se\/uppsala\/wp-content\/uploads\/sites\/3\/2024\/02\/uteplats_tarp.jpg","type":"image\/jpeg"}],"twitter_card":"summary_large_image","twitter_misc":{"Ber\u00e4knad l\u00e4stid":"3 minuter"},"schema":{"@context":"https:\/\/schema.org","@graph":[{"@type":"WebPage","@id":"https:\/\/aktivtuteliv.se\/uppsala\/kalas\/","url":"https:\/\/aktivtuteliv.se\/uppsala\/kalas\/","name":"Kalas - Uppsala","isPartOf":{"@id":"https:\/\/aktivtuteliv.se\/uppsala\/#website"},"primaryImageOfPage":{"@id":"https:\/\/aktivtuteliv.se\/uppsala\/kalas\/#primaryimage"},"image":{"@id":"https:\/\/aktivtuteliv.se\/uppsala\/kalas\/#primaryimage"},"thumbnailUrl":"https:\/\/e5gp8rwuod7.exactdn.com\/uppsala\/wp-content\/uploads\/sites\/3\/2024\/02\/uteplats_tarp.jpg?strip=all&lossy=1&ssl=1","datePublished":"2021-09-10T14:31:19+00:00","dateModified":"2025-03-07T07:30:39+00:00","breadcrumb":{"@id":"https:\/\/aktivtuteliv.se\/uppsala\/kalas\/#breadcrumb"},"inLanguage":"sv-SE","potentialAction":[{"@type":"ReadAction","target":["https:\/\/aktivtuteliv.se\/uppsala\/kalas\/"]}]},{"@type":"ImageObject","inLanguage":"sv-SE","@id":"https:\/\/aktivtuteliv.se\/uppsala\/kalas\/#primaryimage","url":"https:\/\/e5gp8rwuod7.exactdn.com\/uppsala\/wp-content\/uploads\/sites\/3\/2024\/02\/uteplats_tarp.jpg?strip=all&lossy=1&ssl=1","contentUrl":"https:\/\/e5gp8rwuod7.exactdn.com\/uppsala\/wp-content\/uploads\/sites\/3\/2024\/02\/uteplats_tarp.jpg?strip=all&lossy=1&ssl=1","width":1600,"height":1200},{"@type":"BreadcrumbList","@id":"https:\/\/aktivtuteliv.se\/uppsala\/kalas\/#breadcrumb","itemListElement":[{"@type":"ListItem","position":1,"name":"Home","item":"https:\/\/aktivtuteliv.se\/uppsala\/startsida-vinter\/"},{"@type":"ListItem","position":2,"name":"Kalas"}]},{"@type":"WebSite","@id":"https:\/\/aktivtuteliv.se\/uppsala\/#website","url":"https:\/\/aktivtuteliv.se\/uppsala\/","name":"Uppsala","description":"Hyr sport- &amp; friluftsutrustning","publisher":{"@id":"https:\/\/aktivtuteliv.se\/uppsala\/#organization"},"potentialAction":[{"@type":"SearchAction","target":{"@type":"EntryPoint","urlTemplate":"https:\/\/aktivtuteliv.se\/uppsala\/?s={search_term_string}"},"query-input":"required name=search_term_string"}],"inLanguage":"sv-SE"},{"@type":"Organization","@id":"https:\/\/aktivtuteliv.se\/uppsala\/#organization","name":"Uppsala","url":"https:\/\/aktivtuteliv.se\/uppsala\/","logo":{"@type":"ImageObject","inLanguage":"sv-SE","@id":"https:\/\/aktivtuteliv.se\/uppsala\/#\/schema\/logo\/image\/","url":"https:\/\/e5gp8rwuod7.exactdn.com\/uppsala\/wp-content\/uploads\/sites\/3\/2021\/07\/image-1-2.png?strip=all&lossy=1&ssl=1","contentUrl":"https:\/\/e5gp8rwuod7.exactdn.com\/uppsala\/wp-content\/uploads\/sites\/3\/2021\/07\/image-1-2.png?strip=all&lossy=1&ssl=1","width":200,"height":98,"caption":"Uppsala"},"image":{"@id":"https:\/\/aktivtuteliv.se\/uppsala\/#\/schema\/logo\/image\/"}}]}},"_links":{"self":[{"href":"https:\/\/aktivtuteliv.se\/uppsala\/wp-json\/wp\/v2\/pages\/62050","targetHints":{"allow":["GET"]}}],"collection":[{"href":"https:\/\/aktivtuteliv.se\/uppsala\/wp-json\/wp\/v2\/pages"}],"about":[{"href":"https:\/\/aktivtuteliv.se\/uppsala\/wp-json\/wp\/v2\/types\/page"}],"author":[{"embeddable":true,"href":"https:\/\/aktivtuteliv.se\/uppsala\/wp-json\/wp\/v2\/users\/13"}],"replies":[{"embeddable":true,"href":"https:\/\/aktivtuteliv.se\/uppsala\/wp-json\/wp\/v2\/comments?post=62050"}],"version-history":[{"count":0,"href":"https:\/\/aktivtuteliv.se\/uppsala\/wp-json\/wp\/v2\/pages\/62050\/revisions"}],"wp:featuredmedia":[{"embeddable":true,"href":"https:\/\/aktivtuteliv.se\/uppsala\/wp-json\/wp\/v2\/media\/68044"}],"wp:attachment":[{"href":"https:\/\/aktivtuteliv.se\/uppsala\/wp-json\/wp\/v2\/media?parent=62050"}],"curies":[{"name":"wp","href":"https:\/\/api.w.org\/{rel}","templated":true}]}}