


{"id":62119,"date":"2021-09-21T21:02:20","date_gmt":"2021-09-21T21:02:20","guid":{"rendered":"https:\/\/aktivtuteliv.se\/uppsala\/?page_id=62119"},"modified":"2023-11-24T10:16:58","modified_gmt":"2023-11-24T10:16:58","slug":"bada-bastu","status":"publish","type":"page","link":"https:\/\/aktivtuteliv.se\/uppsala\/bada-bastu\/","title":{"rendered":"Hyr v\u00e5r bastu!"},"content":{"rendered":"\n<p class=\"has-black-color has-text-color has-large-font-size\">V\u00e4lkommen att relaxa i v\u00e5r bastu&#8230;<\/p>\n\n\n\n<p class=\"has-medium-font-size\">&#8230; efter tr\u00e4ningspasset eller koppla av i s\u00e4llskap med goda v\u00e4nner.<\/p>\n\n\n\n<p class=\"has-medium-font-size\">I stugan har vi tv\u00e5 bastur som du kan hyra.<br>Varje bastu rymmer upp till ca 10 personer och har vardera ett omkl\u00e4dningsrum med 4 duschar.<\/p>\n\n\n\n<p><\/p>\n\n\n\n<p class=\"has-large-font-size\">Bra att veta<\/p>\n\n\n\n<ul class=\"wp-block-list\">\n<li>Bastun \u00e4r varm vid ankomst.<\/li>\n\n\n\n<li>Toaletter finns i vardera omkl\u00e4dningsrum.<\/li>\n\n\n\n<li>Sk\u00f6tselregler finns anslaget p\u00e5 insidan av entr\u00e9d\u00f6rren i bastun.<\/li>\n\n\n\n<li>Bokar du bastun som &#8221;Grupp&#8221; har ni alltid bastun f\u00f6r er sj\u00e4lva.<br><\/li>\n<\/ul>\n\n\n\n<p class=\"has-large-font-size\">St\u00e4dning<\/p>\n\n\n\n<ul class=\"has-medium-font-size wp-block-list\">\n<li>St\u00e4dning (torka golv, torka av bord och andra ytor och bortplockning av skr\u00e4p) sker av g\u00e4sten.<\/li>\n\n\n\n<li>Vid underk\u00e4nd st\u00e4dning tillkommer en st\u00e4davgift p\u00e5 750 kr.<\/li>\n<\/ul>\n\n\n\n<p class=\"has-large-font-size\">Avbokningsregler<\/p>\n\n\n\n<ul class=\"wp-block-list\">\n<li>Du kan avboka din bastu fram till 12 timmar innan ditt pass b\u00f6rjar.<\/li>\n\n\n\n<li>Nyttjar du inte din bastutid f\u00e5r du inte tillbaka din betalning.<\/li>\n<\/ul>\n\n\n\n<p class=\"has-large-font-size\">Priser &amp; tider<\/p>\n\n\n\n<div class=\"wp-block-columns is-layout-flex wp-container-core-columns-is-layout-9d6595d7 wp-block-columns-is-layout-flex\">\n<div class=\"wp-block-column is-layout-flow wp-block-column-is-layout-flow\" style=\"flex-basis:100%\">\n<div class=\"wp-block-columns is-layout-flex wp-container-core-columns-is-layout-9d6595d7 wp-block-columns-is-layout-flex\">\n<div class=\"wp-block-column is-layout-flow wp-block-column-is-layout-flow\" style=\"flex-basis:100%\">\n<figure class=\"wp-block-table is-style-regular\"><table><tbody><tr><td class=\"has-text-align-center\" data-align=\"center\"><strong>M\u00e5ndag &#8211; S\u00f6ndag<\/strong><\/td><td class=\"has-text-align-center\" data-align=\"center\"><strong>1 person<\/strong><\/td><td class=\"has-text-align-center\" data-align=\"center\"><strong>Grupp<\/strong><\/td><\/tr><tr><td class=\"has-text-align-center\" data-align=\"center\">3h<\/td><td class=\"has-text-align-center\" data-align=\"center\">147kr<\/td><td class=\"has-text-align-center\" data-align=\"center\">700kr<\/td><\/tr><\/tbody><\/table><\/figure>\n<\/div>\n<\/div>\n<\/div>\n<\/div>\n\n\n<div class=\"booqable-product-button\" data-id=\"bastu-da66d472-2450-42db-b5a2-940e991a10fe\"><\/div>\n\n\n\n<p class=\"wp-block-table is-style-regular has-medium-font-size\"><\/p>\n\n\n\n<div style=\"height:30px\" aria-hidden=\"true\" class=\"wp-block-spacer\"><\/div>\n\n\n\n<div class=\"wp-block-buttons is-layout-flex wp-block-buttons-is-layout-flex\"><\/div>\n\n\n\n<div style=\"height:50px\" aria-hidden=\"true\" class=\"wp-block-spacer\"><\/div>\n\n\n\n<figure class=\"wp-block-image size-large\"><img loading=\"lazy\" decoding=\"async\" width=\"1024\" height=\"686\" src=\"https:\/\/e5gp8rwuod7.exactdn.com\/uppsala\/wp-content\/uploads\/sites\/3\/2022\/12\/vinterlandskap_sunnerstastugan_i_sol-1024x686.jpg?strip=all&lossy=1&ssl=1\" alt=\"\" class=\"wp-image-66392\" srcset=\"https:\/\/e5gp8rwuod7.exactdn.com\/uppsala\/wp-content\/uploads\/sites\/3\/2022\/12\/vinterlandskap_sunnerstastugan_i_sol-1024x686.jpg?strip=all&amp;lossy=1&amp;ssl=1 1024w, https:\/\/e5gp8rwuod7.exactdn.com\/uppsala\/wp-content\/uploads\/sites\/3\/2022\/12\/vinterlandskap_sunnerstastugan_i_sol-300x201.jpg?strip=all&amp;lossy=1&amp;ssl=1 300w, https:\/\/e5gp8rwuod7.exactdn.com\/uppsala\/wp-content\/uploads\/sites\/3\/2022\/12\/vinterlandskap_sunnerstastugan_i_sol-768x514.jpg?strip=all&amp;lossy=1&amp;ssl=1 768w, https:\/\/e5gp8rwuod7.exactdn.com\/uppsala\/wp-content\/uploads\/sites\/3\/2022\/12\/vinterlandskap_sunnerstastugan_i_sol-1536x1029.jpg?strip=all&amp;lossy=1&amp;ssl=1 1536w, https:\/\/e5gp8rwuod7.exactdn.com\/uppsala\/wp-content\/uploads\/sites\/3\/2022\/12\/vinterlandskap_sunnerstastugan_i_sol-2048x1371.jpg?strip=all&amp;lossy=1&amp;ssl=1 2048w, https:\/\/e5gp8rwuod7.exactdn.com\/uppsala\/wp-content\/uploads\/sites\/3\/2022\/12\/vinterlandskap_sunnerstastugan_i_sol-526x352.jpg?strip=all&amp;lossy=1&amp;ssl=1 526w, https:\/\/e5gp8rwuod7.exactdn.com\/uppsala\/wp-content\/uploads\/sites\/3\/2022\/12\/vinterlandskap_sunnerstastugan_i_sol-358x240.jpg?strip=all&amp;lossy=1&amp;ssl=1 358w, https:\/\/e5gp8rwuod7.exactdn.com\/uppsala\/wp-content\/uploads\/sites\/3\/2022\/12\/vinterlandskap_sunnerstastugan_i_sol-1920x1286.jpg?strip=all&amp;lossy=1&amp;ssl=1 1920w, https:\/\/e5gp8rwuod7.exactdn.com\/uppsala\/wp-content\/uploads\/sites\/3\/2022\/12\/vinterlandskap_sunnerstastugan_i_sol-600x402.jpg?strip=all&amp;lossy=1&amp;ssl=1 600w, https:\/\/e5gp8rwuod7.exactdn.com\/uppsala\/wp-content\/uploads\/sites\/3\/2022\/12\/vinterlandskap_sunnerstastugan_i_sol-scaled.jpg?strip=all&amp;lossy=1&amp;w=1152&amp;ssl=1 1152w\" sizes=\"auto, (max-width: 1024px) 100vw, 1024px\" \/><\/figure>\n\n\n\n<div style=\"height:75px\" aria-hidden=\"true\" id=\"formular-ankare\" class=\"wp-block-spacer\"><\/div>\n","protected":false},"excerpt":{"rendered":"<p>V\u00e4lkommen att relaxa i v\u00e5r bastu&#8230; &#8230; efter tr\u00e4ningspasset eller koppla av i s\u00e4llskap med goda v\u00e4nner. I stugan har vi tv\u00e5 bastur som du kan hyra.Varje bastu rymmer upp [&hellip;]<\/p>\n","protected":false},"author":13,"featured_media":65098,"parent":0,"menu_order":0,"comment_status":"closed","ping_status":"closed","template":"","meta":{"_acf_changed":false,"footnotes":""},"class_list":["post-62119","page","type-page","status-publish","has-post-thumbnail","hentry"],"acf":[],"yoast_head":"<!-- This site is optimized with the Yoast SEO plugin v23.0 - https:\/\/yoast.com\/wordpress\/plugins\/seo\/ -->\n<title>Hyr v\u00e5r bastu! - Uppsala<\/title>\n<meta name=\"robots\" content=\"index, follow, max-snippet:-1, max-image-preview:large, max-video-preview:-1\" \/>\n<link rel=\"canonical\" href=\"https:\/\/aktivtuteliv.se\/uppsala\/bada-bastu\/\" \/>\n<meta property=\"og:locale\" content=\"sv_SE\" \/>\n<meta property=\"og:type\" content=\"article\" \/>\n<meta property=\"og:title\" content=\"Hyr v\u00e5r bastu! - Uppsala\" \/>\n<meta property=\"og:description\" content=\"V\u00e4lkommen att relaxa i v\u00e5r bastu&#8230; &#8230; efter tr\u00e4ningspasset eller koppla av i s\u00e4llskap med goda v\u00e4nner. I stugan har vi tv\u00e5 bastur som du kan hyra.Varje bastu rymmer upp [&hellip;]\" \/>\n<meta property=\"og:url\" content=\"https:\/\/aktivtuteliv.se\/uppsala\/bada-bastu\/\" \/>\n<meta property=\"og:site_name\" content=\"Uppsala\" \/>\n<meta property=\"article:modified_time\" content=\"2023-11-24T10:16:58+00:00\" \/>\n<meta property=\"og:image\" content=\"https:\/\/aktivtuteliv.se\/uppsala\/wp-content\/uploads\/sites\/3\/2022\/07\/bastubild.gif\" \/>\n\t<meta property=\"og:image:width\" content=\"1400\" \/>\n\t<meta property=\"og:image:height\" content=\"922\" \/>\n\t<meta property=\"og:image:type\" content=\"image\/gif\" \/>\n<meta name=\"twitter:card\" content=\"summary_large_image\" \/>\n<meta name=\"twitter:label1\" content=\"Ber\u00e4knad l\u00e4stid\" \/>\n\t<meta name=\"twitter:data1\" content=\"1 minut\" \/>\n<script type=\"application\/ld+json\" class=\"yoast-schema-graph\">{\"@context\":\"https:\/\/schema.org\",\"@graph\":[{\"@type\":\"WebPage\",\"@id\":\"https:\/\/aktivtuteliv.se\/uppsala\/bada-bastu\/\",\"url\":\"https:\/\/aktivtuteliv.se\/uppsala\/bada-bastu\/\",\"name\":\"Hyr v\u00e5r bastu! - Uppsala\",\"isPartOf\":{\"@id\":\"https:\/\/aktivtuteliv.se\/uppsala\/#website\"},\"primaryImageOfPage\":{\"@id\":\"https:\/\/aktivtuteliv.se\/uppsala\/bada-bastu\/#primaryimage\"},\"image\":{\"@id\":\"https:\/\/aktivtuteliv.se\/uppsala\/bada-bastu\/#primaryimage\"},\"thumbnailUrl\":\"https:\/\/e5gp8rwuod7.exactdn.com\/uppsala\/wp-content\/uploads\/sites\/3\/2022\/07\/bastubild.gif?strip=all&lossy=1&ssl=1\",\"datePublished\":\"2021-09-21T21:02:20+00:00\",\"dateModified\":\"2023-11-24T10:16:58+00:00\",\"breadcrumb\":{\"@id\":\"https:\/\/aktivtuteliv.se\/uppsala\/bada-bastu\/#breadcrumb\"},\"inLanguage\":\"sv-SE\",\"potentialAction\":[{\"@type\":\"ReadAction\",\"target\":[\"https:\/\/aktivtuteliv.se\/uppsala\/bada-bastu\/\"]}]},{\"@type\":\"ImageObject\",\"inLanguage\":\"sv-SE\",\"@id\":\"https:\/\/aktivtuteliv.se\/uppsala\/bada-bastu\/#primaryimage\",\"url\":\"https:\/\/e5gp8rwuod7.exactdn.com\/uppsala\/wp-content\/uploads\/sites\/3\/2022\/07\/bastubild.gif?strip=all&lossy=1&ssl=1\",\"contentUrl\":\"https:\/\/e5gp8rwuod7.exactdn.com\/uppsala\/wp-content\/uploads\/sites\/3\/2022\/07\/bastubild.gif?strip=all&lossy=1&ssl=1\",\"width\":1400,\"height\":922},{\"@type\":\"BreadcrumbList\",\"@id\":\"https:\/\/aktivtuteliv.se\/uppsala\/bada-bastu\/#breadcrumb\",\"itemListElement\":[{\"@type\":\"ListItem\",\"position\":1,\"name\":\"Home\",\"item\":\"https:\/\/aktivtuteliv.se\/uppsala\/startsida-vinter\/\"},{\"@type\":\"ListItem\",\"position\":2,\"name\":\"Hyr v\u00e5r bastu!\"}]},{\"@type\":\"WebSite\",\"@id\":\"https:\/\/aktivtuteliv.se\/uppsala\/#website\",\"url\":\"https:\/\/aktivtuteliv.se\/uppsala\/\",\"name\":\"Uppsala\",\"description\":\"Hyr sport- &amp; friluftsutrustning\",\"publisher\":{\"@id\":\"https:\/\/aktivtuteliv.se\/uppsala\/#organization\"},\"potentialAction\":[{\"@type\":\"SearchAction\",\"target\":{\"@type\":\"EntryPoint\",\"urlTemplate\":\"https:\/\/aktivtuteliv.se\/uppsala\/?s={search_term_string}\"},\"query-input\":\"required name=search_term_string\"}],\"inLanguage\":\"sv-SE\"},{\"@type\":\"Organization\",\"@id\":\"https:\/\/aktivtuteliv.se\/uppsala\/#organization\",\"name\":\"Uppsala\",\"url\":\"https:\/\/aktivtuteliv.se\/uppsala\/\",\"logo\":{\"@type\":\"ImageObject\",\"inLanguage\":\"sv-SE\",\"@id\":\"https:\/\/aktivtuteliv.se\/uppsala\/#\/schema\/logo\/image\/\",\"url\":\"https:\/\/e5gp8rwuod7.exactdn.com\/uppsala\/wp-content\/uploads\/sites\/3\/2021\/07\/image-1-2.png?strip=all&lossy=1&ssl=1\",\"contentUrl\":\"https:\/\/e5gp8rwuod7.exactdn.com\/uppsala\/wp-content\/uploads\/sites\/3\/2021\/07\/image-1-2.png?strip=all&lossy=1&ssl=1\",\"width\":200,\"height\":98,\"caption\":\"Uppsala\"},\"image\":{\"@id\":\"https:\/\/aktivtuteliv.se\/uppsala\/#\/schema\/logo\/image\/\"}}]}<\/script>\n<!-- \/ Yoast SEO plugin. -->","yoast_head_json":{"title":"Hyr v\u00e5r bastu! - Uppsala","robots":{"index":"index","follow":"follow","max-snippet":"max-snippet:-1","max-image-preview":"max-image-preview:large","max-video-preview":"max-video-preview:-1"},"canonical":"https:\/\/aktivtuteliv.se\/uppsala\/bada-bastu\/","og_locale":"sv_SE","og_type":"article","og_title":"Hyr v\u00e5r bastu! - Uppsala","og_description":"V\u00e4lkommen att relaxa i v\u00e5r bastu&#8230; &#8230; efter tr\u00e4ningspasset eller koppla av i s\u00e4llskap med goda v\u00e4nner. I stugan har vi tv\u00e5 bastur som du kan hyra.Varje bastu rymmer upp [&hellip;]","og_url":"https:\/\/aktivtuteliv.se\/uppsala\/bada-bastu\/","og_site_name":"Uppsala","article_modified_time":"2023-11-24T10:16:58+00:00","og_image":[{"width":1400,"height":922,"url":"https:\/\/aktivtuteliv.se\/uppsala\/wp-content\/uploads\/sites\/3\/2022\/07\/bastubild.gif","type":"image\/gif"}],"twitter_card":"summary_large_image","twitter_misc":{"Ber\u00e4knad l\u00e4stid":"1 minut"},"schema":{"@context":"https:\/\/schema.org","@graph":[{"@type":"WebPage","@id":"https:\/\/aktivtuteliv.se\/uppsala\/bada-bastu\/","url":"https:\/\/aktivtuteliv.se\/uppsala\/bada-bastu\/","name":"Hyr v\u00e5r bastu! - Uppsala","isPartOf":{"@id":"https:\/\/aktivtuteliv.se\/uppsala\/#website"},"primaryImageOfPage":{"@id":"https:\/\/aktivtuteliv.se\/uppsala\/bada-bastu\/#primaryimage"},"image":{"@id":"https:\/\/aktivtuteliv.se\/uppsala\/bada-bastu\/#primaryimage"},"thumbnailUrl":"https:\/\/e5gp8rwuod7.exactdn.com\/uppsala\/wp-content\/uploads\/sites\/3\/2022\/07\/bastubild.gif?strip=all&lossy=1&ssl=1","datePublished":"2021-09-21T21:02:20+00:00","dateModified":"2023-11-24T10:16:58+00:00","breadcrumb":{"@id":"https:\/\/aktivtuteliv.se\/uppsala\/bada-bastu\/#breadcrumb"},"inLanguage":"sv-SE","potentialAction":[{"@type":"ReadAction","target":["https:\/\/aktivtuteliv.se\/uppsala\/bada-bastu\/"]}]},{"@type":"ImageObject","inLanguage":"sv-SE","@id":"https:\/\/aktivtuteliv.se\/uppsala\/bada-bastu\/#primaryimage","url":"https:\/\/e5gp8rwuod7.exactdn.com\/uppsala\/wp-content\/uploads\/sites\/3\/2022\/07\/bastubild.gif?strip=all&lossy=1&ssl=1","contentUrl":"https:\/\/e5gp8rwuod7.exactdn.com\/uppsala\/wp-content\/uploads\/sites\/3\/2022\/07\/bastubild.gif?strip=all&lossy=1&ssl=1","width":1400,"height":922},{"@type":"BreadcrumbList","@id":"https:\/\/aktivtuteliv.se\/uppsala\/bada-bastu\/#breadcrumb","itemListElement":[{"@type":"ListItem","position":1,"name":"Home","item":"https:\/\/aktivtuteliv.se\/uppsala\/startsida-vinter\/"},{"@type":"ListItem","position":2,"name":"Hyr v\u00e5r bastu!"}]},{"@type":"WebSite","@id":"https:\/\/aktivtuteliv.se\/uppsala\/#website","url":"https:\/\/aktivtuteliv.se\/uppsala\/","name":"Uppsala","description":"Hyr sport- &amp; friluftsutrustning","publisher":{"@id":"https:\/\/aktivtuteliv.se\/uppsala\/#organization"},"potentialAction":[{"@type":"SearchAction","target":{"@type":"EntryPoint","urlTemplate":"https:\/\/aktivtuteliv.se\/uppsala\/?s={search_term_string}"},"query-input":"required name=search_term_string"}],"inLanguage":"sv-SE"},{"@type":"Organization","@id":"https:\/\/aktivtuteliv.se\/uppsala\/#organization","name":"Uppsala","url":"https:\/\/aktivtuteliv.se\/uppsala\/","logo":{"@type":"ImageObject","inLanguage":"sv-SE","@id":"https:\/\/aktivtuteliv.se\/uppsala\/#\/schema\/logo\/image\/","url":"https:\/\/e5gp8rwuod7.exactdn.com\/uppsala\/wp-content\/uploads\/sites\/3\/2021\/07\/image-1-2.png?strip=all&lossy=1&ssl=1","contentUrl":"https:\/\/e5gp8rwuod7.exactdn.com\/uppsala\/wp-content\/uploads\/sites\/3\/2021\/07\/image-1-2.png?strip=all&lossy=1&ssl=1","width":200,"height":98,"caption":"Uppsala"},"image":{"@id":"https:\/\/aktivtuteliv.se\/uppsala\/#\/schema\/logo\/image\/"}}]}},"_links":{"self":[{"href":"https:\/\/aktivtuteliv.se\/uppsala\/wp-json\/wp\/v2\/pages\/62119","targetHints":{"allow":["GET"]}}],"collection":[{"href":"https:\/\/aktivtuteliv.se\/uppsala\/wp-json\/wp\/v2\/pages"}],"about":[{"href":"https:\/\/aktivtuteliv.se\/uppsala\/wp-json\/wp\/v2\/types\/page"}],"author":[{"embeddable":true,"href":"https:\/\/aktivtuteliv.se\/uppsala\/wp-json\/wp\/v2\/users\/13"}],"replies":[{"embeddable":true,"href":"https:\/\/aktivtuteliv.se\/uppsala\/wp-json\/wp\/v2\/comments?post=62119"}],"version-history":[{"count":0,"href":"https:\/\/aktivtuteliv.se\/uppsala\/wp-json\/wp\/v2\/pages\/62119\/revisions"}],"wp:featuredmedia":[{"embeddable":true,"href":"https:\/\/aktivtuteliv.se\/uppsala\/wp-json\/wp\/v2\/media\/65098"}],"wp:attachment":[{"href":"https:\/\/aktivtuteliv.se\/uppsala\/wp-json\/wp\/v2\/media?parent=62119"}],"curies":[{"name":"wp","href":"https:\/\/api.w.org\/{rel}","templated":true}]}}