


{"id":62701,"date":"2021-10-20T11:14:22","date_gmt":"2021-10-20T11:14:22","guid":{"rendered":"https:\/\/aktivtuteliv.se\/uppsala\/?page_id=62701"},"modified":"2022-04-22T09:59:53","modified_gmt":"2022-04-22T09:59:53","slug":"gdpr","status":"publish","type":"page","link":"https:\/\/aktivtuteliv.se\/uppsala\/gdpr\/","title":{"rendered":"GDPR"},"content":{"rendered":"\n<p><strong>AKTIVT UTELIV UPPSALA AB &#8211; PERSONUPPGIFTSBEHANDLING OCH DATASKYDDSPOLICY<\/strong><\/p>\n\n\n\n<p><\/p>\n\n\n\n<div style=\"height:40px\" aria-hidden=\"true\" class=\"wp-block-spacer\"><\/div>\n\n\n\n<p class=\"has-black-color has-text-color\"><strong>INTRODUKTION<\/strong><br>Det h\u00e4r dokumentet inneh\u00e5ller information om behandling av personuppgifter inom ramen f\u00f6r Aktivt Uteliv Uppsala:s (AU) anv\u00e4ndning av kunddata.&nbsp;I informationen refererar \u201c<strong>du<\/strong>\u201d, \u201c<strong>dig<\/strong>\u201d och \u201c<strong>dina<\/strong>\u201d till den person vars personuppgifter vi kan komma att behandla och som \u00e4r v\u00e5r kund,&nbsp;representerar v\u00e5r kund eller \u00e4r en bes\u00f6kare p\u00e5 v\u00e5r hemsida.<\/p>\n\n\n\n<p><\/p>\n\n\n\n<div style=\"height:40px\" aria-hidden=\"true\" class=\"wp-block-spacer\"><\/div>\n\n\n\n<p><strong>ALLM\u00c4NT<\/strong><br>Aktivt Uteliv Uppsala AB, org.nr 556979-3168, Dag Hammarskj\u00f6lds V\u00e4g 270, 75652, Uppsala \u00e4r personuppgiftsansvarig i enlighet med dataskyddsf\u00f6rordningen (GDPR) 2016\/679. Denna information om personuppgiftsbehandling f\u00f6rklarar&nbsp;hur vi hanterar insamling, behandling, anv\u00e4ndning och delning av dina personuppgifter (med personuppgifter menas all information som avser en&nbsp;identifierad eller identifierbar fysisk person).<\/p>\n\n\n\n<p>AU till\u00e4mpar f\u00f6ljande grundl\u00e4ggande principer avseende personuppgiftsbehandling:<\/p>\n\n\n\n<ul class=\"wp-block-list\"><li>Vi \u00e4r h\u00e4nsynsfulla ang\u00e5ende de personuppgifter vi ber dig om och de personuppgifter vi samlar in om dig.<\/li><li>Vi lagrar bara dina personuppgifter under den tid som vi har anledning att beh\u00e5lla dem.<\/li><li>Vi avser att f\u00f6renkla din m\u00f6jlighet att f\u00e5 kontroll \u00f6ver dina personuppgifter.<\/li><li>Vi str\u00e4var efter full transparens avseende hur vi samlar in, anv\u00e4nder och delar dina personuppgifter.<\/li><\/ul>\n\n\n\n<p><\/p>\n\n\n\n<div style=\"height:40px\" aria-hidden=\"true\" class=\"wp-block-spacer\"><\/div>\n\n\n\n<p><strong>VILKEN INFORMATION SAMLAR VI IN OM DIG?<br><\/strong>Bes\u00f6kare som g\u00f6r bokningar, best\u00e4llningar eller k\u00f6p p\u00e5 v\u00e5r hemsida eller butik blir ombedd att uppge n\u00e5gon eller n\u00e5gra av dessa uppgifter:<\/p>\n\n\n\n<ul class=\"wp-block-list\"><li>Namn.<\/li><li>Personnummer.<\/li><li>E-postadress.<\/li><li>Postadress.<\/li><li>Telefonnummer.<\/li><li>Kontaktuppgifter.<\/li><li>Annat som beh\u00f6vs i samband med hyra av utrustning s\u00e5som vikt, skostorlek, l\u00e4ngd etc.<\/li><\/ul>\n\n\n\n<p><\/p>\n\n\n\n<div style=\"height:40px\" aria-hidden=\"true\" class=\"wp-block-spacer\"><\/div>\n\n\n\n<p><strong>N\u00c4R SAMLAR VI IN INFORMATION OM DIG?<br><\/strong>AU samlar in dina personuppgifter n\u00e4r du registrerar dig hos oss, anm\u00e4ler dig till en kurs eller aktivitet, bokar utrustning eller lokal eller k\u00f6per en vara online. Vi samlar \u00e4ven in dina uppgifter n\u00e4r du bes\u00f6ker oss fysiskt och registrerar dig i kassan, ger oss feedback och deltar i t\u00e4vlingar eller kundunders\u00f6kningar. Information om webbsideanv\u00e4ndning samlas in via cookies.<br><br>N\u00e4r du registrerar dig hos oss kommer din e-postadress och ditt namn anv\u00e4ndas f\u00f6r att skicka nyhetsbrev&nbsp;fram till dess att du avslutar prenumerationen. Du kan n\u00e4r som helst avsluta prenumerationen av nyhetsbrev genom en tydlig avregistreringsl\u00e4nk i nyhetsbrevet.<\/p>\n\n\n\n<p><\/p>\n\n\n\n<div style=\"height:40px\" aria-hidden=\"true\" class=\"wp-block-spacer\"><\/div>\n\n\n\n<p><strong>HUR ANV\u00c4NDER VI DIN INFORMATION?<br><\/strong>Vi samlar in och behandlar uppgifter om dig enbart f\u00f6r f\u00f6ljande fastst\u00e4llda \u00e4ndam\u00e5l:<\/p>\n\n\n\n<ul class=\"wp-block-list\"><li>Behandla din best\u00e4llning: bokning, anm\u00e4lan eller k\u00f6p.<\/li><li>Hantera ditt konto.<\/li><li>Behandla betalningar.<\/li><li>Skicka information, nyheter och erbjudanden.<\/li><li>F\u00f6rb\u00e4ttra kvaliteten p\u00e5 v\u00e5ra produkter och utveckla nya produkter.<\/li><li>Analysera trender.<\/li><\/ul>\n\n\n\n<p>Alla personuppgifter behandlas med st\u00f6rsta m\u00f6jliga sekretess. De insamlade personuppgifterna kommer att behandlas, anv\u00e4ndas och lagras f\u00f6r \u00e4ndam\u00e5let&nbsp;med behandlingen samt utf\u00f6randet av din best\u00e4llning, inklusive personifiering av hemsidan och marknadsf\u00f6ringsaktiviteter.<\/p>\n\n\n\n<p>Vi behandlar dina personuppgifter endast f\u00f6r \u00e4ndam\u00e5len ovan och alltid med st\u00f6d av en laglig grund. Vid en privatpersons best\u00e4llning av v\u00e5ra tj\u00e4nster eller produkter&nbsp;(dvs. \u00e4ndam\u00e5len behandling av best\u00e4llning, hantering av konto och behandling av betalning) behandlar vi dina personuppgifter f\u00f6r att&nbsp;fullg\u00f6ra ditt avtal med oss. Vid resterande \u00e4ndam\u00e5l eller d\u00e5 v\u00e5r kund \u00e4r en juridisk person utg\u00f6r v\u00e5rt ber\u00e4ttigade intresse att utveckla v\u00e5ra tj\u00e4nster och&nbsp;produkter den lagliga grunden.<\/p>\n\n\n\n<p><\/p>\n\n\n\n<div style=\"height:40px\" aria-hidden=\"true\" class=\"wp-block-spacer\"><\/div>\n\n\n\n<p><strong>HUR L\u00c4NGE LAGRAR VI DINA UPPGIFTER?<br><\/strong>AU lagrar dina uppgifter s\u00e5 l\u00e4nge de beh\u00f6vs f\u00f6r att vi ska kunna uppfylla v\u00e5ra avtalsenliga skyldigheter mot dig och s\u00e5 l\u00e4nge vi \u00e4r juridiskt skyldiga att g\u00f6ra det. Till exempel m\u00e5ste bokf\u00f6ring lagras i minst sju \u00e5r enligt svensk lag. N\u00e4r vi lagrar data i andra syften \u00e4n att uppfylla v\u00e5ra avtalsenliga skyldigheter, t.ex. f\u00f6r att uppfylla bokf\u00f6ringskrav, lagstadgade kapitalkrav och krav p\u00e5 att f\u00f6rebygga penningtv\u00e4tt lagrar vi uppgifterna endast s\u00e5 l\u00e4nge som vi beh\u00f6ver dem och\/eller s\u00e5 l\u00e4nge det kr\u00e4vs enligt lag.<\/p>\n\n\n\n<p>N\u00e4r vi har fullgjort v\u00e5ra skyldigheter raderas eller anonymiseras s\u00e5dana anv\u00e4ndarkonton som varit inaktiva i mer \u00e4n fem \u00e5r.<\/p>\n\n\n\n<p><\/p>\n\n\n\n<div style=\"height:40px\" aria-hidden=\"true\" class=\"wp-block-spacer\"><\/div>\n\n\n\n<p><strong>DINA R\u00c4TTIGHETER<\/strong><br>Du har r\u00e4tt till att beg\u00e4ra ut information om dina personuppgifter som vi behandlar. Du har r\u00e4tt att n\u00e4r som helst beg\u00e4ra r\u00e4ttelse eller radering av dina uppgifter&nbsp;som du anser vara felaktiga. En s\u00e5dan beg\u00e4ran g\u00f6r du med e-post till vasteras@aktivtuteliv.nu.<\/p>\n\n\n\n<p><strong>&nbsp;<\/strong><\/p>\n\n\n\n<p><strong>OM KAKOR (COOKIES)<\/strong><br>P\u00e5 aktivtuteliv.nu anv\u00e4nder vi n\u00f6dv\u00e4ndiga kakor f\u00f6r att webbplatsen ska fungera p\u00e5 ett bra s\u00e4tt f\u00f6r dig. En kaka eller cookie<em>,&nbsp;<\/em>\u00e4r en liten textfil som webbplatsen sparar p\u00e5 den enhet du anv\u00e4nder f\u00f6r att surfa med, till exempel dator eller mobiltelefon. Textfilen inneh\u00e5ller ingen programkod, \u00e4r inte skadlig och inneh\u00e5ller ingen information som kan kopplas ihop med dig som enskild person.<\/p>\n\n\n\n<p>Vi anv\u00e4nder tv\u00e5 typer av kakor p\u00e5 v\u00e5r hemsida. Den ena typen sparar en fil som ligger kvar p\u00e5 din dator, surfplatta eller telefon under en l\u00e4ngre tid f\u00f6r att du inte ska beh\u00f6va g\u00f6ra om inst\u00e4llningar eller se informationsrutor flera g\u00e5nger. Filen anv\u00e4nds till exempel f\u00f6r att du l\u00e4ttare ska kunna anv\u00e4nda webbplatsen utifr\u00e5n dina \u00f6nskem\u00e5l och intressen.<\/p>\n\n\n\n<p>Den andra typen kallas sessionskaka. Under tiden du \u00e4r inne p\u00e5 en webbsida lagras den tempor\u00e4rt p\u00e5 den enheten du surfar fr\u00e5n. Den anv\u00e4nds f\u00f6r att bland annat underl\u00e4tta navigering och n\u00e4r du anv\u00e4nder v\u00e5r bokningsplattform. Sessionskakor f\u00f6rsvinner n\u00e4r du st\u00e4nger webbl\u00e4saren. Ingen personlig information som till exempel namn eller e-postadress sparas om dig.<\/p>\n\n\n\n<p><\/p>\n\n\n\n<div style=\"height:40px\" aria-hidden=\"true\" class=\"wp-block-spacer\"><\/div>\n\n\n\n<p><strong>ANDRA HEMSIDOR<\/strong><br>Denna information om personuppgiftsbehandling g\u00e4ller endast AU:s hemsida. V\u00e5r hemsida inneh\u00e5ller l\u00e4nkar till andra hemsidor och vi \u00e4r inte ansvariga f\u00f6r inneh\u00e5ll p\u00e5 externa hemsidor \u00e4ven om l\u00e4nkar h\u00e4nvisar till dem.<\/p>\n\n\n\n<p><\/p>\n\n\n\n<div style=\"height:40px\" aria-hidden=\"true\" class=\"wp-block-spacer\"><\/div>\n\n\n\n<p><strong>OM VI INTE KOMMER \u00d6VERENS<br><\/strong>Om du har en fr\u00e5ga eller vill l\u00e4mna ett klagom\u00e5l till oss ang\u00e5ende hur dina personuppgifter har behandlats eller \u00f6verklaga ett beslut, kan du kontakta v\u00e5rt dataskyddsombud p\u00e5 info@aktivtuteliv.nu eller l\u00e4mna ett klagom\u00e5l hos en tillsynsmyndighet.<\/p>\n\n\n\n<p><\/p>\n\n\n\n<p><\/p>\n\n\n\n<div style=\"height:40px\" aria-hidden=\"true\" class=\"wp-block-spacer\"><\/div>\n\n\n\n<p><strong>VEM \u00c4R ANSVARIG F\u00d6R UPPGIFTERNA?<br><\/strong>Aktivt Uteliv Uppsala AB, org.nr 556979-3168, Dag Hammarskj\u00f6lds V\u00e4g 270, 75652, Uppsala. Telefon. E-post. ansvarar f\u00f6r behandlingen av dina personuppgifter och f\u00f6r att s\u00e4kerst\u00e4lla att all s\u00e5dan behandling sker p\u00e5 s\u00e4kert och lagligt s\u00e4tt.<\/p>\n\n\n\n<p>Om du har fr\u00e5gor om behandlingen av personuppgifter kan du alltid kontakta oss genom kontaktuppgifterna ovan.<\/p>\n\n\n\n<p><\/p>\n\n\n\n<p><\/p>\n","protected":false},"excerpt":{"rendered":"<p>AKTIVT UTELIV UPPSALA AB &#8211; PERSONUPPGIFTSBEHANDLING OCH DATASKYDDSPOLICY INTRODUKTIONDet h\u00e4r dokumentet inneh\u00e5ller information om behandling av personuppgifter inom ramen f\u00f6r Aktivt Uteliv Uppsala:s (AU) anv\u00e4ndning av kunddata.&nbsp;I informationen refererar \u201cdu\u201d, [&hellip;]<\/p>\n","protected":false},"author":7,"featured_media":0,"parent":0,"menu_order":0,"comment_status":"closed","ping_status":"closed","template":"","meta":{"_acf_changed":false,"footnotes":""},"class_list":["post-62701","page","type-page","status-publish","hentry"],"acf":[],"yoast_head":"<!-- This site is optimized with the Yoast SEO plugin v23.0 - https:\/\/yoast.com\/wordpress\/plugins\/seo\/ -->\n<title>GDPR - Uppsala<\/title>\n<meta name=\"robots\" content=\"index, follow, max-snippet:-1, max-image-preview:large, max-video-preview:-1\" \/>\n<link rel=\"canonical\" href=\"https:\/\/aktivtuteliv.se\/uppsala\/gdpr\/\" \/>\n<meta property=\"og:locale\" content=\"sv_SE\" \/>\n<meta property=\"og:type\" content=\"article\" \/>\n<meta property=\"og:title\" content=\"GDPR - Uppsala\" \/>\n<meta property=\"og:description\" content=\"AKTIVT UTELIV UPPSALA AB &#8211; PERSONUPPGIFTSBEHANDLING OCH DATASKYDDSPOLICY INTRODUKTIONDet h\u00e4r dokumentet inneh\u00e5ller information om behandling av personuppgifter inom ramen f\u00f6r Aktivt Uteliv Uppsala:s (AU) anv\u00e4ndning av kunddata.&nbsp;I informationen refererar \u201cdu\u201d, [&hellip;]\" \/>\n<meta property=\"og:url\" content=\"https:\/\/aktivtuteliv.se\/uppsala\/gdpr\/\" \/>\n<meta property=\"og:site_name\" content=\"Uppsala\" \/>\n<meta property=\"article:modified_time\" content=\"2022-04-22T09:59:53+00:00\" \/>\n<meta name=\"twitter:card\" content=\"summary_large_image\" \/>\n<meta name=\"twitter:label1\" content=\"Ber\u00e4knad l\u00e4stid\" \/>\n\t<meta name=\"twitter:data1\" content=\"5 minuter\" \/>\n<script type=\"application\/ld+json\" class=\"yoast-schema-graph\">{\"@context\":\"https:\/\/schema.org\",\"@graph\":[{\"@type\":\"WebPage\",\"@id\":\"https:\/\/aktivtuteliv.se\/uppsala\/gdpr\/\",\"url\":\"https:\/\/aktivtuteliv.se\/uppsala\/gdpr\/\",\"name\":\"GDPR - Uppsala\",\"isPartOf\":{\"@id\":\"https:\/\/aktivtuteliv.se\/uppsala\/#website\"},\"datePublished\":\"2021-10-20T11:14:22+00:00\",\"dateModified\":\"2022-04-22T09:59:53+00:00\",\"breadcrumb\":{\"@id\":\"https:\/\/aktivtuteliv.se\/uppsala\/gdpr\/#breadcrumb\"},\"inLanguage\":\"sv-SE\",\"potentialAction\":[{\"@type\":\"ReadAction\",\"target\":[\"https:\/\/aktivtuteliv.se\/uppsala\/gdpr\/\"]}]},{\"@type\":\"BreadcrumbList\",\"@id\":\"https:\/\/aktivtuteliv.se\/uppsala\/gdpr\/#breadcrumb\",\"itemListElement\":[{\"@type\":\"ListItem\",\"position\":1,\"name\":\"Home\",\"item\":\"https:\/\/aktivtuteliv.se\/uppsala\/startsida-vinter\/\"},{\"@type\":\"ListItem\",\"position\":2,\"name\":\"GDPR\"}]},{\"@type\":\"WebSite\",\"@id\":\"https:\/\/aktivtuteliv.se\/uppsala\/#website\",\"url\":\"https:\/\/aktivtuteliv.se\/uppsala\/\",\"name\":\"Uppsala\",\"description\":\"Hyr sport- &amp; friluftsutrustning\",\"publisher\":{\"@id\":\"https:\/\/aktivtuteliv.se\/uppsala\/#organization\"},\"potentialAction\":[{\"@type\":\"SearchAction\",\"target\":{\"@type\":\"EntryPoint\",\"urlTemplate\":\"https:\/\/aktivtuteliv.se\/uppsala\/?s={search_term_string}\"},\"query-input\":\"required name=search_term_string\"}],\"inLanguage\":\"sv-SE\"},{\"@type\":\"Organization\",\"@id\":\"https:\/\/aktivtuteliv.se\/uppsala\/#organization\",\"name\":\"Uppsala\",\"url\":\"https:\/\/aktivtuteliv.se\/uppsala\/\",\"logo\":{\"@type\":\"ImageObject\",\"inLanguage\":\"sv-SE\",\"@id\":\"https:\/\/aktivtuteliv.se\/uppsala\/#\/schema\/logo\/image\/\",\"url\":\"https:\/\/e5gp8rwuod7.exactdn.com\/uppsala\/wp-content\/uploads\/sites\/3\/2021\/07\/image-1-2.png?strip=all&lossy=1&ssl=1\",\"contentUrl\":\"https:\/\/e5gp8rwuod7.exactdn.com\/uppsala\/wp-content\/uploads\/sites\/3\/2021\/07\/image-1-2.png?strip=all&lossy=1&ssl=1\",\"width\":200,\"height\":98,\"caption\":\"Uppsala\"},\"image\":{\"@id\":\"https:\/\/aktivtuteliv.se\/uppsala\/#\/schema\/logo\/image\/\"}}]}<\/script>\n<!-- \/ Yoast SEO plugin. -->","yoast_head_json":{"title":"GDPR - Uppsala","robots":{"index":"index","follow":"follow","max-snippet":"max-snippet:-1","max-image-preview":"max-image-preview:large","max-video-preview":"max-video-preview:-1"},"canonical":"https:\/\/aktivtuteliv.se\/uppsala\/gdpr\/","og_locale":"sv_SE","og_type":"article","og_title":"GDPR - Uppsala","og_description":"AKTIVT UTELIV UPPSALA AB &#8211; PERSONUPPGIFTSBEHANDLING OCH DATASKYDDSPOLICY INTRODUKTIONDet h\u00e4r dokumentet inneh\u00e5ller information om behandling av personuppgifter inom ramen f\u00f6r Aktivt Uteliv Uppsala:s (AU) anv\u00e4ndning av kunddata.&nbsp;I informationen refererar \u201cdu\u201d, [&hellip;]","og_url":"https:\/\/aktivtuteliv.se\/uppsala\/gdpr\/","og_site_name":"Uppsala","article_modified_time":"2022-04-22T09:59:53+00:00","twitter_card":"summary_large_image","twitter_misc":{"Ber\u00e4knad l\u00e4stid":"5 minuter"},"schema":{"@context":"https:\/\/schema.org","@graph":[{"@type":"WebPage","@id":"https:\/\/aktivtuteliv.se\/uppsala\/gdpr\/","url":"https:\/\/aktivtuteliv.se\/uppsala\/gdpr\/","name":"GDPR - Uppsala","isPartOf":{"@id":"https:\/\/aktivtuteliv.se\/uppsala\/#website"},"datePublished":"2021-10-20T11:14:22+00:00","dateModified":"2022-04-22T09:59:53+00:00","breadcrumb":{"@id":"https:\/\/aktivtuteliv.se\/uppsala\/gdpr\/#breadcrumb"},"inLanguage":"sv-SE","potentialAction":[{"@type":"ReadAction","target":["https:\/\/aktivtuteliv.se\/uppsala\/gdpr\/"]}]},{"@type":"BreadcrumbList","@id":"https:\/\/aktivtuteliv.se\/uppsala\/gdpr\/#breadcrumb","itemListElement":[{"@type":"ListItem","position":1,"name":"Home","item":"https:\/\/aktivtuteliv.se\/uppsala\/startsida-vinter\/"},{"@type":"ListItem","position":2,"name":"GDPR"}]},{"@type":"WebSite","@id":"https:\/\/aktivtuteliv.se\/uppsala\/#website","url":"https:\/\/aktivtuteliv.se\/uppsala\/","name":"Uppsala","description":"Hyr sport- &amp; friluftsutrustning","publisher":{"@id":"https:\/\/aktivtuteliv.se\/uppsala\/#organization"},"potentialAction":[{"@type":"SearchAction","target":{"@type":"EntryPoint","urlTemplate":"https:\/\/aktivtuteliv.se\/uppsala\/?s={search_term_string}"},"query-input":"required name=search_term_string"}],"inLanguage":"sv-SE"},{"@type":"Organization","@id":"https:\/\/aktivtuteliv.se\/uppsala\/#organization","name":"Uppsala","url":"https:\/\/aktivtuteliv.se\/uppsala\/","logo":{"@type":"ImageObject","inLanguage":"sv-SE","@id":"https:\/\/aktivtuteliv.se\/uppsala\/#\/schema\/logo\/image\/","url":"https:\/\/e5gp8rwuod7.exactdn.com\/uppsala\/wp-content\/uploads\/sites\/3\/2021\/07\/image-1-2.png?strip=all&lossy=1&ssl=1","contentUrl":"https:\/\/e5gp8rwuod7.exactdn.com\/uppsala\/wp-content\/uploads\/sites\/3\/2021\/07\/image-1-2.png?strip=all&lossy=1&ssl=1","width":200,"height":98,"caption":"Uppsala"},"image":{"@id":"https:\/\/aktivtuteliv.se\/uppsala\/#\/schema\/logo\/image\/"}}]}},"_links":{"self":[{"href":"https:\/\/aktivtuteliv.se\/uppsala\/wp-json\/wp\/v2\/pages\/62701","targetHints":{"allow":["GET"]}}],"collection":[{"href":"https:\/\/aktivtuteliv.se\/uppsala\/wp-json\/wp\/v2\/pages"}],"about":[{"href":"https:\/\/aktivtuteliv.se\/uppsala\/wp-json\/wp\/v2\/types\/page"}],"author":[{"embeddable":true,"href":"https:\/\/aktivtuteliv.se\/uppsala\/wp-json\/wp\/v2\/users\/7"}],"replies":[{"embeddable":true,"href":"https:\/\/aktivtuteliv.se\/uppsala\/wp-json\/wp\/v2\/comments?post=62701"}],"version-history":[{"count":0,"href":"https:\/\/aktivtuteliv.se\/uppsala\/wp-json\/wp\/v2\/pages\/62701\/revisions"}],"wp:attachment":[{"href":"https:\/\/aktivtuteliv.se\/uppsala\/wp-json\/wp\/v2\/media?parent=62701"}],"curies":[{"name":"wp","href":"https:\/\/api.w.org\/{rel}","templated":true}]}}