


{"id":64714,"date":"2022-05-16T11:22:05","date_gmt":"2022-05-16T11:22:05","guid":{"rendered":"https:\/\/aktivtuteliv.se\/uppsala\/?page_id=64714"},"modified":"2024-04-07T12:09:20","modified_gmt":"2024-04-07T12:09:20","slug":"mat","status":"publish","type":"page","link":"https:\/\/aktivtuteliv.se\/uppsala\/mat\/","title":{"rendered":"Mat till event"},"content":{"rendered":"\n<h2 class=\"wp-block-heading\">V\u00e4lkommen!<\/h2>\n\n\n\n<p>Vad kul att ni vill \u00e4ta n\u00e5got gott i samband med ert event hos oss. Vi \u00e4r v\u00e4ldigt stolta \u00f6ver samarbetet med Triller Mat och Br\u00f6d, som levererar v\u00e4lsmakande, lokalproducerad mat av h\u00f6gsta kvalit\u00e9. Vi erbjuder naturligtvis \u00e4ven vegetariska r\u00e4tter och specialkost. &nbsp;<\/p>\n\n\n\n<p>H\u00e4r nedan ser ni v\u00e5r meny (alla priser \u00e4r exklusive moms).<\/p>\n\n\n\n<h2 class=\"wp-block-heading\">V\u00e5rbuff\u00e9 389 kr\/person<\/h2>\n\n\n\n<p><\/p>\n\n\n\n<ul class=\"wp-block-list\">\n<li>Vit sparris med rabarberkr\u00e4m, isad rabarber, kombuvin\u00e4grett, kokt \u00e4gg &amp; nobisdressing smaksatt med furikake<\/li>\n\n\n\n<li>Porchetta med citronkr\u00e4m, ramsl\u00f6ksmajonn\u00e4s, rostade solrosfr\u00f6n, f\u00e5rost fr\u00e5n str\u00f6mmens g\u00e5rdsmejeri, vitl\u00f6kskrasse &amp; citronverbena<\/li>\n\n\n\n<li>Sotad salmalax med emulsion p\u00e5 espelettepeppar, forellrom, friterad potatis &amp; shisokrasse<\/li>\n\n\n\n<li>Rostat briochebr\u00f6d med sn\u00f6krabba, spetsk\u00e5l, \u00e4pple &amp; dragon<\/li>\n\n\n\n<li>Trillers klassiska f\u00e4rskpotatissallad med prim\u00f6rer &amp; senapsvin\u00e4grett<\/li>\n\n\n\n<li>Ostpaj p\u00e5 skogsbackens jennie med hyvlad potatis, kummin, gr\u00e4sl\u00f6k &amp; dill<\/li>\n\n\n\n<li>Sallad med tomat, mozzarella, pistagen\u00f6tter, vit balsamvin\u00e4ger &amp; libbsticka<\/li>\n\n\n\n<li>Stenugnsbakat surdegsbr\u00f6d &amp; kn\u00e4ckebr\u00f6d<\/li>\n\n\n\n<li>F\u00e4rskost med ramsl\u00f6k<\/li>\n<\/ul>\n\n\n\n<p><strong>Tillval:<\/strong><br>\u2022 Majskyckling fr\u00e5n munka ljungby caesardressing, knaperstekt bacon, surdegskrutonger, picklade tomater, parmesanost <strong>65kr\/st<\/strong><br>\u2022 Minicroissant fylld med Trillers klassiska Skagenr\u00f6ra p\u00e5 handskalade r\u00e4kor &amp; forellrom&nbsp; <strong>55kr\/st<\/strong><\/p>\n\n\n\n<p><strong>\u00d6nskar ni vegetarisk buff\u00e9? Meddela oss s\u00e5 ordnar vi det. <\/strong><\/p>\n\n\n\n<p><strong>Vid best\u00e4llning f\u00f6r f\u00e4rre \u00e4n 15 pers (minst 5 pers) kostar buff\u00e9n 449kr\/person.<\/strong><\/p>\n\n\n\n<hr class=\"wp-block-separator has-alpha-channel-opacity\"\/>\n\n\n\n<h2 class=\"wp-block-heading\">Matpaj med sallad 149kr\/person<\/h2>\n\n\n\n<ul class=\"wp-block-list\">\n<li>Spenat &amp; fetaostpaj<\/li>\n\n\n\n<li>Lax &amp; spenatpaj<\/li>\n\n\n\n<li>Ost &amp; skinkpaj<\/li>\n\n\n\n<li>V\u00e4sterbottenostpaj<\/li>\n\n\n\n<li>K\u00f6ttf\u00e4rspaj<\/li>\n<\/ul>\n\n\n\n<p><strong><em>Sallad ing\u00e5r till samtliga pajer<\/em><\/strong>.<\/p>\n\n\n\n<hr class=\"wp-block-separator has-alpha-channel-opacity\"\/>\n\n\n\n<h2 class=\"wp-block-heading\">Sallader 169 kr\/person<\/h2>\n\n\n\n<ul class=\"wp-block-list\">\n<li>R\u00e4ksallad<\/li>\n\n\n\n<li>Caesarsallad<\/li>\n\n\n\n<li>Asiatisk nudelsallad med kyckling&nbsp;<em>eller<\/em> tofu<\/li>\n\n\n\n<li>Sallad med getost, betor, honungsvin\u00e4grett, valn\u00f6tter<\/li>\n<\/ul>\n\n\n\n<p><em><strong>Br\u00f6d och sm\u00f6r ing\u00e5r i samtliga sallader<\/strong><\/em><\/p>\n\n\n\n<p><em>(OBS. minst 5 best\u00e4llningar per alternativ.)<\/em><\/p>\n\n\n\n<hr class=\"wp-block-separator has-alpha-channel-opacity\"\/>\n\n\n\n<h2 class=\"wp-block-heading\">Baguetter 95 kr\/person<\/h2>\n\n\n\n<ul class=\"wp-block-list\">\n<li>Skinka\/ost<\/li>\n\n\n\n<li>Kallr\u00f6kt lax<\/li>\n\n\n\n<li>Salami\/brie<\/li>\n\n\n\n<li>Skinka\/brie<\/li>\n\n\n\n<li>Brie\/tomat\/tapenade<\/li>\n\n\n\n<li>Kyckling<\/li>\n\n\n\n<li>Halloumi<\/li>\n\n\n\n<li>Tre veganska r\u00f6ror<\/li>\n\n\n\n<li>Baguette med skagenr\u00f6ra (115 kr)&nbsp;<\/li>\n<\/ul>\n\n\n\n<hr class=\"wp-block-separator has-alpha-channel-opacity\"\/>\n\n\n\n<h2 class=\"wp-block-heading\">Wraps 95 kr\/person<\/h2>\n\n\n\n<ul class=\"wp-block-list\">\n<li>Caesarwrap med kyckling, bacon, caesardressing, romansallad, tomat &amp; parmesan<\/li>\n\n\n\n<li>Wrap med kyckling\/curryr\u00f6ra<\/li>\n\n\n\n<li>Wrap med kallr\u00f6kt lax, majonn\u00e4s med stenbitsrom och dill, spetsk\u00e5l, gurka, r\u00f6dl\u00f6k och pepparrot<\/li>\n\n\n\n<li>Wrap med r\u00f6kt skinka, V\u00e4sterbottensost, \u00e4pple &amp; gr\u00f6nk\u00e5l<\/li>\n\n\n\n<li>Wrap med halloumi, avokadokr\u00e4m, jalapeno &amp; koriander<\/li>\n\n\n\n<li>Vegansk wrap med r\u00f6dbeta, gr\u00e4sl\u00f6kskr\u00e4m, \u00e4pple, gr\u00f6nk\u00e5l &amp; saltrostade mandlar<\/li>\n<\/ul>\n\n\n\n<hr class=\"wp-block-separator has-alpha-channel-opacity\"\/>\n\n\n\n<h2 class=\"wp-block-heading\">Fika &amp; efterr\u00e4tter<\/h2>\n\n\n\n<ul class=\"wp-block-list\">\n<li>S\u00e4songens mjuka kaka <strong>50kr\/person<\/strong><\/li>\n\n\n\n<li>Kaka (havrekaka alt. chokladkaka) <strong>30kr\/person<\/strong><\/li>\n\n\n\n<li>Kanelbulle <strong>30kr\/pers<\/strong><\/li>\n\n\n\n<li>Rabarberkompott, r\u00e5r\u00f6rd vaniljkr\u00e4m och kardemummamazarin (glutenfri) <strong>85kr\/person<\/strong><\/li>\n\n\n\n<li>Mazarinruta med lemoncurd (glutenfri) <strong>50kr\/person<\/strong><\/li>\n\n\n\n<li>Fralla med ost eller ost\/skinka <strong>60kr\/person<\/strong><\/li>\n<\/ul>\n\n\n\n<hr class=\"wp-block-separator has-alpha-channel-opacity\"\/>\n\n\n\n<h2 class=\"wp-block-heading\">Dryck &amp; l\u00e4ttdryck<\/h2>\n\n\n\n<ul class=\"wp-block-list\">\n<li>Loka, L\u00e4sk <strong>30kr\/person<\/strong><\/li>\n\n\n\n<li>L\u00e4tt\u00f6l, alkoholfri \u00f6l <strong>40kr\/person<\/strong><\/li>\n\n\n\n<li>Kaffe <strong>25 kr\/person<\/strong><\/li>\n\n\n\n<li>Te <strong>25 kr\/person<\/strong><\/li>\n\n\n\n<li>Varm choklad <strong>30 kr\/person<\/strong><\/li>\n<\/ul>\n\n\n\n<p>Abonnerar ni Sunnerstastugan och\/eller uteserveringen g\u00e5r det bra att ta med egen alkoholhaltig dryck. <\/p>\n\n\n\n<hr class=\"wp-block-separator has-alpha-channel-opacity\"\/>\n\n\n\n<h2 class=\"wp-block-heading\">Grillning vid Sunnerstastugan<\/h2>\n\n\n\n<p>Sugen p\u00e5 en trevlig grillkv\u00e4ll? Vid f\u00f6rfr\u00e5gan kan vi k\u00f6ra ig\u00e5ng grillen och servera v\u00e5ra popul\u00e4ra hamburgertallrikar. <\/p>\n\n\n\n<figure class=\"wp-block-gallery has-nested-images columns-default is-cropped wp-block-gallery-1 is-layout-flex wp-block-gallery-is-layout-flex\">\n<figure class=\"wp-block-image size-large\"><img loading=\"lazy\" decoding=\"async\" width=\"2048\" height=\"2048\" data-id=\"62444\" src=\"https:\/\/e5gp8rwuod7.exactdn.com\/uppsala\/wp-content\/uploads\/sites\/3\/2021\/09\/FotoJosefinLittmarck-Grillkva\u0308ll18juni-webb4.jpg?strip=all&lossy=1&ssl=1\" alt=\"\" class=\"wp-image-62444\" srcset=\"https:\/\/e5gp8rwuod7.exactdn.com\/uppsala\/wp-content\/uploads\/sites\/3\/2021\/09\/FotoJosefinLittmarck-Grillkva\u0308ll18juni-webb4.jpg?strip=all&amp;lossy=1&amp;ssl=1 2048w, https:\/\/e5gp8rwuod7.exactdn.com\/uppsala\/wp-content\/uploads\/sites\/3\/2021\/09\/FotoJosefinLittmarck-Grillkva\u0308ll18juni-webb4-300x300.jpg?strip=all&amp;lossy=1&amp;ssl=1 300w, https:\/\/e5gp8rwuod7.exactdn.com\/uppsala\/wp-content\/uploads\/sites\/3\/2021\/09\/FotoJosefinLittmarck-Grillkva\u0308ll18juni-webb4-1024x1024.jpg?strip=all&amp;lossy=1&amp;ssl=1 1024w, https:\/\/e5gp8rwuod7.exactdn.com\/uppsala\/wp-content\/uploads\/sites\/3\/2021\/09\/FotoJosefinLittmarck-Grillkva\u0308ll18juni-webb4-150x150.jpg?strip=all&amp;lossy=1&amp;ssl=1 150w, https:\/\/e5gp8rwuod7.exactdn.com\/uppsala\/wp-content\/uploads\/sites\/3\/2021\/09\/FotoJosefinLittmarck-Grillkva\u0308ll18juni-webb4-768x768.jpg?strip=all&amp;lossy=1&amp;ssl=1 768w, https:\/\/e5gp8rwuod7.exactdn.com\/uppsala\/wp-content\/uploads\/sites\/3\/2021\/09\/FotoJosefinLittmarck-Grillkva\u0308ll18juni-webb4-1536x1536.jpg?strip=all&amp;lossy=1&amp;ssl=1 1536w, https:\/\/e5gp8rwuod7.exactdn.com\/uppsala\/wp-content\/uploads\/sites\/3\/2021\/09\/FotoJosefinLittmarck-Grillkva\u0308ll18juni-webb4-352x352.jpg?strip=all&amp;lossy=1&amp;ssl=1 352w, https:\/\/e5gp8rwuod7.exactdn.com\/uppsala\/wp-content\/uploads\/sites\/3\/2021\/09\/FotoJosefinLittmarck-Grillkva\u0308ll18juni-webb4-240x240.jpg?strip=all&amp;lossy=1&amp;ssl=1 240w, https:\/\/e5gp8rwuod7.exactdn.com\/uppsala\/wp-content\/uploads\/sites\/3\/2021\/09\/FotoJosefinLittmarck-Grillkva\u0308ll18juni-webb4-1920x1920.jpg?strip=all&amp;lossy=1&amp;ssl=1 1920w, https:\/\/e5gp8rwuod7.exactdn.com\/uppsala\/wp-content\/uploads\/sites\/3\/2021\/09\/FotoJosefinLittmarck-Grillkva\u0308ll18juni-webb4-600x600.jpg?strip=all&amp;lossy=1&amp;ssl=1 600w, https:\/\/e5gp8rwuod7.exactdn.com\/uppsala\/wp-content\/uploads\/sites\/3\/2021\/09\/FotoJosefinLittmarck-Grillkva\u0308ll18juni-webb4-100x100.jpg?strip=all&amp;lossy=1&amp;ssl=1 100w, https:\/\/e5gp8rwuod7.exactdn.com\/uppsala\/wp-content\/uploads\/sites\/3\/2021\/09\/FotoJosefinLittmarck-Grillkva\u0308ll18juni-webb4.jpg?strip=all&amp;lossy=1&amp;w=1152&amp;ssl=1 1152w\" sizes=\"auto, (max-width: 1920px) 100vw, 1920px\" \/><\/figure>\n\n\n\n<figure class=\"wp-block-image size-large\"><img loading=\"lazy\" decoding=\"async\" width=\"2048\" height=\"1363\" data-id=\"62446\" src=\"https:\/\/e5gp8rwuod7.exactdn.com\/uppsala\/wp-content\/uploads\/sites\/3\/2021\/09\/FotoJosefinLittmarck-Grillkva\u0308ll18juni-webb6.jpg?strip=all&lossy=1&ssl=1\" alt=\"\" class=\"wp-image-62446\" srcset=\"https:\/\/e5gp8rwuod7.exactdn.com\/uppsala\/wp-content\/uploads\/sites\/3\/2021\/09\/FotoJosefinLittmarck-Grillkva\u0308ll18juni-webb6.jpg?strip=all&amp;lossy=1&amp;ssl=1 2048w, https:\/\/e5gp8rwuod7.exactdn.com\/uppsala\/wp-content\/uploads\/sites\/3\/2021\/09\/FotoJosefinLittmarck-Grillkva\u0308ll18juni-webb6-300x200.jpg?strip=all&amp;lossy=1&amp;ssl=1 300w, https:\/\/e5gp8rwuod7.exactdn.com\/uppsala\/wp-content\/uploads\/sites\/3\/2021\/09\/FotoJosefinLittmarck-Grillkva\u0308ll18juni-webb6-1024x682.jpg?strip=all&amp;lossy=1&amp;ssl=1 1024w, https:\/\/e5gp8rwuod7.exactdn.com\/uppsala\/wp-content\/uploads\/sites\/3\/2021\/09\/FotoJosefinLittmarck-Grillkva\u0308ll18juni-webb6-768x511.jpg?strip=all&amp;lossy=1&amp;ssl=1 768w, https:\/\/e5gp8rwuod7.exactdn.com\/uppsala\/wp-content\/uploads\/sites\/3\/2021\/09\/FotoJosefinLittmarck-Grillkva\u0308ll18juni-webb6-1536x1022.jpg?strip=all&amp;lossy=1&amp;ssl=1 1536w, https:\/\/e5gp8rwuod7.exactdn.com\/uppsala\/wp-content\/uploads\/sites\/3\/2021\/09\/FotoJosefinLittmarck-Grillkva\u0308ll18juni-webb6-529x352.jpg?strip=all&amp;lossy=1&amp;ssl=1 529w, https:\/\/e5gp8rwuod7.exactdn.com\/uppsala\/wp-content\/uploads\/sites\/3\/2021\/09\/FotoJosefinLittmarck-Grillkva\u0308ll18juni-webb6-361x240.jpg?strip=all&amp;lossy=1&amp;ssl=1 361w, https:\/\/e5gp8rwuod7.exactdn.com\/uppsala\/wp-content\/uploads\/sites\/3\/2021\/09\/FotoJosefinLittmarck-Grillkva\u0308ll18juni-webb6-1920x1278.jpg?strip=all&amp;lossy=1&amp;ssl=1 1920w, https:\/\/e5gp8rwuod7.exactdn.com\/uppsala\/wp-content\/uploads\/sites\/3\/2021\/09\/FotoJosefinLittmarck-Grillkva\u0308ll18juni-webb6-600x399.jpg?strip=all&amp;lossy=1&amp;ssl=1 600w, https:\/\/e5gp8rwuod7.exactdn.com\/uppsala\/wp-content\/uploads\/sites\/3\/2021\/09\/FotoJosefinLittmarck-Grillkva\u0308ll18juni-webb6.jpg?strip=all&amp;lossy=1&amp;w=1152&amp;ssl=1 1152w\" sizes=\"auto, (max-width: 1920px) 100vw, 1920px\" \/><\/figure>\n<\/figure>\n\n\n\n<h2 class=\"wp-block-heading\"><\/h2>\n\n\n\n<hr class=\"wp-block-separator has-alpha-channel-opacity\"\/>\n","protected":false},"excerpt":{"rendered":"<p>V\u00e4lkommen! Vad kul att ni vill \u00e4ta n\u00e5got gott i samband med ert event hos oss. Vi \u00e4r v\u00e4ldigt stolta \u00f6ver samarbetet med Triller Mat och Br\u00f6d, som levererar v\u00e4lsmakande, [&hellip;]<\/p>\n","protected":false},"author":7,"featured_media":62445,"parent":0,"menu_order":0,"comment_status":"closed","ping_status":"closed","template":"","meta":{"_acf_changed":false,"footnotes":""},"class_list":["post-64714","page","type-page","status-publish","has-post-thumbnail","hentry"],"acf":[],"yoast_head":"<!-- This site is optimized with the Yoast SEO plugin v23.0 - https:\/\/yoast.com\/wordpress\/plugins\/seo\/ -->\n<title>Mat till event - Uppsala<\/title>\n<meta name=\"robots\" content=\"index, follow, max-snippet:-1, max-image-preview:large, max-video-preview:-1\" \/>\n<link rel=\"canonical\" href=\"https:\/\/aktivtuteliv.se\/uppsala\/mat\/\" \/>\n<meta property=\"og:locale\" content=\"sv_SE\" \/>\n<meta property=\"og:type\" content=\"article\" \/>\n<meta property=\"og:title\" content=\"Mat till event - Uppsala\" \/>\n<meta property=\"og:description\" content=\"V\u00e4lkommen! Vad kul att ni vill \u00e4ta n\u00e5got gott i samband med ert event hos oss. Vi \u00e4r v\u00e4ldigt stolta \u00f6ver samarbetet med Triller Mat och Br\u00f6d, som levererar v\u00e4lsmakande, [&hellip;]\" \/>\n<meta property=\"og:url\" content=\"https:\/\/aktivtuteliv.se\/uppsala\/mat\/\" \/>\n<meta property=\"og:site_name\" content=\"Uppsala\" \/>\n<meta property=\"article:modified_time\" content=\"2024-04-07T12:09:20+00:00\" \/>\n<meta property=\"og:image\" content=\"https:\/\/aktivtuteliv.se\/uppsala\/wp-content\/uploads\/sites\/3\/2021\/09\/FotoJosefinLittmarck-Grillkva\u0308ll18juni-webb5.jpg\" \/>\n\t<meta property=\"og:image:width\" content=\"2048\" \/>\n\t<meta property=\"og:image:height\" content=\"1363\" \/>\n\t<meta property=\"og:image:type\" content=\"image\/jpeg\" \/>\n<meta name=\"twitter:card\" content=\"summary_large_image\" \/>\n<meta name=\"twitter:label1\" content=\"Ber\u00e4knad l\u00e4stid\" \/>\n\t<meta name=\"twitter:data1\" content=\"3 minuter\" \/>\n<script type=\"application\/ld+json\" class=\"yoast-schema-graph\">{\"@context\":\"https:\/\/schema.org\",\"@graph\":[{\"@type\":\"WebPage\",\"@id\":\"https:\/\/aktivtuteliv.se\/uppsala\/mat\/\",\"url\":\"https:\/\/aktivtuteliv.se\/uppsala\/mat\/\",\"name\":\"Mat till event - Uppsala\",\"isPartOf\":{\"@id\":\"https:\/\/aktivtuteliv.se\/uppsala\/#website\"},\"primaryImageOfPage\":{\"@id\":\"https:\/\/aktivtuteliv.se\/uppsala\/mat\/#primaryimage\"},\"image\":{\"@id\":\"https:\/\/aktivtuteliv.se\/uppsala\/mat\/#primaryimage\"},\"thumbnailUrl\":\"https:\/\/e5gp8rwuod7.exactdn.com\/uppsala\/wp-content\/uploads\/sites\/3\/2021\/09\/FotoJosefinLittmarck-Grillkva\u0308ll18juni-webb5.jpg?strip=all&lossy=1&ssl=1\",\"datePublished\":\"2022-05-16T11:22:05+00:00\",\"dateModified\":\"2024-04-07T12:09:20+00:00\",\"breadcrumb\":{\"@id\":\"https:\/\/aktivtuteliv.se\/uppsala\/mat\/#breadcrumb\"},\"inLanguage\":\"sv-SE\",\"potentialAction\":[{\"@type\":\"ReadAction\",\"target\":[\"https:\/\/aktivtuteliv.se\/uppsala\/mat\/\"]}]},{\"@type\":\"ImageObject\",\"inLanguage\":\"sv-SE\",\"@id\":\"https:\/\/aktivtuteliv.se\/uppsala\/mat\/#primaryimage\",\"url\":\"https:\/\/e5gp8rwuod7.exactdn.com\/uppsala\/wp-content\/uploads\/sites\/3\/2021\/09\/FotoJosefinLittmarck-Grillkva\u0308ll18juni-webb5.jpg?strip=all&lossy=1&ssl=1\",\"contentUrl\":\"https:\/\/e5gp8rwuod7.exactdn.com\/uppsala\/wp-content\/uploads\/sites\/3\/2021\/09\/FotoJosefinLittmarck-Grillkva\u0308ll18juni-webb5.jpg?strip=all&lossy=1&ssl=1\",\"width\":2048,\"height\":1363},{\"@type\":\"BreadcrumbList\",\"@id\":\"https:\/\/aktivtuteliv.se\/uppsala\/mat\/#breadcrumb\",\"itemListElement\":[{\"@type\":\"ListItem\",\"position\":1,\"name\":\"Home\",\"item\":\"https:\/\/aktivtuteliv.se\/uppsala\/startsida-vinter\/\"},{\"@type\":\"ListItem\",\"position\":2,\"name\":\"Mat till event\"}]},{\"@type\":\"WebSite\",\"@id\":\"https:\/\/aktivtuteliv.se\/uppsala\/#website\",\"url\":\"https:\/\/aktivtuteliv.se\/uppsala\/\",\"name\":\"Uppsala\",\"description\":\"Hyr sport- &amp; friluftsutrustning\",\"publisher\":{\"@id\":\"https:\/\/aktivtuteliv.se\/uppsala\/#organization\"},\"potentialAction\":[{\"@type\":\"SearchAction\",\"target\":{\"@type\":\"EntryPoint\",\"urlTemplate\":\"https:\/\/aktivtuteliv.se\/uppsala\/?s={search_term_string}\"},\"query-input\":\"required name=search_term_string\"}],\"inLanguage\":\"sv-SE\"},{\"@type\":\"Organization\",\"@id\":\"https:\/\/aktivtuteliv.se\/uppsala\/#organization\",\"name\":\"Uppsala\",\"url\":\"https:\/\/aktivtuteliv.se\/uppsala\/\",\"logo\":{\"@type\":\"ImageObject\",\"inLanguage\":\"sv-SE\",\"@id\":\"https:\/\/aktivtuteliv.se\/uppsala\/#\/schema\/logo\/image\/\",\"url\":\"https:\/\/e5gp8rwuod7.exactdn.com\/uppsala\/wp-content\/uploads\/sites\/3\/2021\/07\/image-1-2.png?strip=all&lossy=1&ssl=1\",\"contentUrl\":\"https:\/\/e5gp8rwuod7.exactdn.com\/uppsala\/wp-content\/uploads\/sites\/3\/2021\/07\/image-1-2.png?strip=all&lossy=1&ssl=1\",\"width\":200,\"height\":98,\"caption\":\"Uppsala\"},\"image\":{\"@id\":\"https:\/\/aktivtuteliv.se\/uppsala\/#\/schema\/logo\/image\/\"}}]}<\/script>\n<!-- \/ Yoast SEO plugin. -->","yoast_head_json":{"title":"Mat till event - Uppsala","robots":{"index":"index","follow":"follow","max-snippet":"max-snippet:-1","max-image-preview":"max-image-preview:large","max-video-preview":"max-video-preview:-1"},"canonical":"https:\/\/aktivtuteliv.se\/uppsala\/mat\/","og_locale":"sv_SE","og_type":"article","og_title":"Mat till event - Uppsala","og_description":"V\u00e4lkommen! Vad kul att ni vill \u00e4ta n\u00e5got gott i samband med ert event hos oss. Vi \u00e4r v\u00e4ldigt stolta \u00f6ver samarbetet med Triller Mat och Br\u00f6d, som levererar v\u00e4lsmakande, [&hellip;]","og_url":"https:\/\/aktivtuteliv.se\/uppsala\/mat\/","og_site_name":"Uppsala","article_modified_time":"2024-04-07T12:09:20+00:00","og_image":[{"width":2048,"height":1363,"url":"https:\/\/aktivtuteliv.se\/uppsala\/wp-content\/uploads\/sites\/3\/2021\/09\/FotoJosefinLittmarck-Grillkva\u0308ll18juni-webb5.jpg","type":"image\/jpeg"}],"twitter_card":"summary_large_image","twitter_misc":{"Ber\u00e4knad l\u00e4stid":"3 minuter"},"schema":{"@context":"https:\/\/schema.org","@graph":[{"@type":"WebPage","@id":"https:\/\/aktivtuteliv.se\/uppsala\/mat\/","url":"https:\/\/aktivtuteliv.se\/uppsala\/mat\/","name":"Mat till event - Uppsala","isPartOf":{"@id":"https:\/\/aktivtuteliv.se\/uppsala\/#website"},"primaryImageOfPage":{"@id":"https:\/\/aktivtuteliv.se\/uppsala\/mat\/#primaryimage"},"image":{"@id":"https:\/\/aktivtuteliv.se\/uppsala\/mat\/#primaryimage"},"thumbnailUrl":"https:\/\/e5gp8rwuod7.exactdn.com\/uppsala\/wp-content\/uploads\/sites\/3\/2021\/09\/FotoJosefinLittmarck-Grillkva\u0308ll18juni-webb5.jpg?strip=all&lossy=1&ssl=1","datePublished":"2022-05-16T11:22:05+00:00","dateModified":"2024-04-07T12:09:20+00:00","breadcrumb":{"@id":"https:\/\/aktivtuteliv.se\/uppsala\/mat\/#breadcrumb"},"inLanguage":"sv-SE","potentialAction":[{"@type":"ReadAction","target":["https:\/\/aktivtuteliv.se\/uppsala\/mat\/"]}]},{"@type":"ImageObject","inLanguage":"sv-SE","@id":"https:\/\/aktivtuteliv.se\/uppsala\/mat\/#primaryimage","url":"https:\/\/e5gp8rwuod7.exactdn.com\/uppsala\/wp-content\/uploads\/sites\/3\/2021\/09\/FotoJosefinLittmarck-Grillkva\u0308ll18juni-webb5.jpg?strip=all&lossy=1&ssl=1","contentUrl":"https:\/\/e5gp8rwuod7.exactdn.com\/uppsala\/wp-content\/uploads\/sites\/3\/2021\/09\/FotoJosefinLittmarck-Grillkva\u0308ll18juni-webb5.jpg?strip=all&lossy=1&ssl=1","width":2048,"height":1363},{"@type":"BreadcrumbList","@id":"https:\/\/aktivtuteliv.se\/uppsala\/mat\/#breadcrumb","itemListElement":[{"@type":"ListItem","position":1,"name":"Home","item":"https:\/\/aktivtuteliv.se\/uppsala\/startsida-vinter\/"},{"@type":"ListItem","position":2,"name":"Mat till event"}]},{"@type":"WebSite","@id":"https:\/\/aktivtuteliv.se\/uppsala\/#website","url":"https:\/\/aktivtuteliv.se\/uppsala\/","name":"Uppsala","description":"Hyr sport- &amp; friluftsutrustning","publisher":{"@id":"https:\/\/aktivtuteliv.se\/uppsala\/#organization"},"potentialAction":[{"@type":"SearchAction","target":{"@type":"EntryPoint","urlTemplate":"https:\/\/aktivtuteliv.se\/uppsala\/?s={search_term_string}"},"query-input":"required name=search_term_string"}],"inLanguage":"sv-SE"},{"@type":"Organization","@id":"https:\/\/aktivtuteliv.se\/uppsala\/#organization","name":"Uppsala","url":"https:\/\/aktivtuteliv.se\/uppsala\/","logo":{"@type":"ImageObject","inLanguage":"sv-SE","@id":"https:\/\/aktivtuteliv.se\/uppsala\/#\/schema\/logo\/image\/","url":"https:\/\/e5gp8rwuod7.exactdn.com\/uppsala\/wp-content\/uploads\/sites\/3\/2021\/07\/image-1-2.png?strip=all&lossy=1&ssl=1","contentUrl":"https:\/\/e5gp8rwuod7.exactdn.com\/uppsala\/wp-content\/uploads\/sites\/3\/2021\/07\/image-1-2.png?strip=all&lossy=1&ssl=1","width":200,"height":98,"caption":"Uppsala"},"image":{"@id":"https:\/\/aktivtuteliv.se\/uppsala\/#\/schema\/logo\/image\/"}}]}},"_links":{"self":[{"href":"https:\/\/aktivtuteliv.se\/uppsala\/wp-json\/wp\/v2\/pages\/64714","targetHints":{"allow":["GET"]}}],"collection":[{"href":"https:\/\/aktivtuteliv.se\/uppsala\/wp-json\/wp\/v2\/pages"}],"about":[{"href":"https:\/\/aktivtuteliv.se\/uppsala\/wp-json\/wp\/v2\/types\/page"}],"author":[{"embeddable":true,"href":"https:\/\/aktivtuteliv.se\/uppsala\/wp-json\/wp\/v2\/users\/7"}],"replies":[{"embeddable":true,"href":"https:\/\/aktivtuteliv.se\/uppsala\/wp-json\/wp\/v2\/comments?post=64714"}],"version-history":[{"count":0,"href":"https:\/\/aktivtuteliv.se\/uppsala\/wp-json\/wp\/v2\/pages\/64714\/revisions"}],"wp:featuredmedia":[{"embeddable":true,"href":"https:\/\/aktivtuteliv.se\/uppsala\/wp-json\/wp\/v2\/media\/62445"}],"wp:attachment":[{"href":"https:\/\/aktivtuteliv.se\/uppsala\/wp-json\/wp\/v2\/media?parent=64714"}],"curies":[{"name":"wp","href":"https:\/\/api.w.org\/{rel}","templated":true}]}}