


{"id":68461,"date":"2024-11-02T21:10:29","date_gmt":"2024-11-02T21:10:29","guid":{"rendered":"https:\/\/aktivtuteliv.se\/uppsala\/?page_id=68461"},"modified":"2026-04-10T04:49:07","modified_gmt":"2026-04-10T04:49:07","slug":"contact","status":"publish","type":"page","link":"https:\/\/aktivtuteliv.se\/uppsala\/contact\/","title":{"rendered":"Kontakt"},"content":{"rendered":"\n<h1 class=\"wp-block-heading has-text-align-center has-large-font-size\"><strong>V\u00e4lkommen till Aktivt Uteliv Sunnerstastugan<\/strong><\/h1>\n\n\n\n<div style=\"height:60px\" aria-hidden=\"true\" class=\"wp-block-spacer\"><\/div>\n\n\n\n<div class=\"wp-block-columns is-layout-flex wp-container-core-columns-is-layout-9d6595d7 wp-block-columns-is-layout-flex\">\n<div class=\"wp-block-column is-layout-flow wp-block-column-is-layout-flow\">\n<div class=\"wp-block-columns is-layout-flex wp-container-core-columns-is-layout-9d6595d7 wp-block-columns-is-layout-flex\">\n<div class=\"wp-block-column is-layout-flow wp-block-column-is-layout-flow\"><div class=\"wp-block-image\">\n<figure class=\"aligncenter size-full\"><img loading=\"lazy\" decoding=\"async\" width=\"95\" height=\"95\" src=\"https:\/\/e5gp8rwuod7.exactdn.com\/uppsala\/wp-content\/uploads\/sites\/3\/2021\/12\/telefon.gif?strip=all&lossy=1&resize=95%2C95&ssl=1\" alt=\"\" class=\"wp-image-62906\"\/><\/figure>\n<\/div>\n\n\n<h3 class=\"wp-block-heading has-text-align-center\">Tel: <a href=\"tel:+4618108804\">018-108804<\/a><\/h3>\n<\/div>\n\n\n\n<div class=\"wp-block-column is-layout-flow wp-block-column-is-layout-flow\"><div class=\"wp-block-image\">\n<figure class=\"aligncenter size-full\"><img loading=\"lazy\" decoding=\"async\" width=\"95\" height=\"95\" src=\"https:\/\/e5gp8rwuod7.exactdn.com\/uppsala\/wp-content\/uploads\/sites\/3\/2021\/12\/e-post.gif?strip=all&lossy=1&resize=95%2C95&ssl=1\" alt=\"\" class=\"wp-image-62908\"\/><\/figure>\n<\/div>\n\n\n<h3 class=\"wp-block-heading has-text-align-center\">uppsala@aktivtuteliv.nu<\/h3>\n<\/div>\n\n\n\n<div class=\"wp-block-column is-layout-flow wp-block-column-is-layout-flow\"><div class=\"wp-block-image\">\n<figure class=\"aligncenter size-full\"><img loading=\"lazy\" decoding=\"async\" width=\"95\" height=\"95\" src=\"https:\/\/e5gp8rwuod7.exactdn.com\/uppsala\/wp-content\/uploads\/sites\/3\/2021\/12\/pin_plats.gif?strip=all&lossy=1&resize=95%2C95&ssl=1\" alt=\"\" class=\"wp-image-62912\"\/><\/figure>\n<\/div>\n\n\n<h3 class=\"wp-block-heading has-text-align-center\">Aktivt Uteliv Sunnerstastugan<\/h3>\n\n\n\n<p class=\"has-text-align-center\">Dag Hammarskj\u00f6lds V\u00e4g 270<br>75652 Uppsala<\/p>\n<\/div>\n<\/div>\n<\/div>\n<\/div>\n\n\n\n<div class=\"wp-block-columns is-layout-flex wp-container-core-columns-is-layout-9d6595d7 wp-block-columns-is-layout-flex\">\n<div class=\"wp-block-column is-layout-flow wp-block-column-is-layout-flow\"><div class=\"wp-block-image\">\n<figure class=\"aligncenter size-full\"><img loading=\"lazy\" decoding=\"async\" width=\"95\" height=\"95\" src=\"https:\/\/e5gp8rwuod7.exactdn.com\/uppsala\/wp-content\/uploads\/sites\/3\/2021\/12\/opening.gif?strip=all&lossy=1&resize=95%2C95&ssl=1\" alt=\"\" class=\"wp-image-62909\"\/><\/figure>\n<\/div>\n\n\n<p class=\"has-text-align-center\">\u00d6PPETTIDER<\/p>\n\n\n\n<p class=\"has-text-align-center\">Telefon vardagar 10.00 &#8211; 18.00<\/p>\n\n\n\n<figure style=\"font-size:15px\" class=\"wp-block-table\"><table class=\"has-fixed-layout\"><tbody><tr><td>M\u00e5ndag<\/td><td>12.00-14.00<\/td><\/tr><tr><td>Tisdag<\/td><td>12.00-14.00<\/td><\/tr><tr><td>Onsdag<\/td><td>12.00-14.00<\/td><\/tr><tr><td>Torsdag<\/td><td>12.00-14.00<\/td><\/tr><tr><td>Fredag<\/td><td>12.00-14.00<\/td><\/tr><tr><td>L\u00f6rdag<\/td><td>10.00-16.00<\/td><\/tr><tr><td>S\u00f6ndag<\/td><td>10.00-16.00<\/td><\/tr><\/tbody><\/table><figcaption class=\"wp-element-caption\">Utanf\u00f6r v\u00e5ra \u00f6ppettider har vi sk\u00e5p f\u00f6r utl\u00e4mning och retur, h\u00f6r av dig om du vill anv\u00e4nda det alternativet. I mitten av december \u00e5terg\u00e5r vi till vanliga \u00f6ppettider igen.<\/figcaption><\/figure>\n\n\n\n<p><strong>OBS. Under l\u00e5gs\u00e4songen v\u00e5ren 2026 p\u00e5g\u00e5r b\u00e5de renovering och planering hos oss. D\u00e4rf\u00f6r h\u00e5ller vi begr\u00e4nsade \u00f6ppettider, men tanken \u00e4r att i f\u00f6rsta hand ha lunch\u00f6ppet p\u00e5 vardagar ungef\u00e4r kl. 12\u201314. P\u00e5 helger och fredagskv\u00e4llar har vi \u00f6ppet som vanligt och du \u00e4r varmt v\u00e4lkommen f\u00f6rbi d\u00e5!. Beh\u00f6ver du komma i kontakt med oss ut\u00f6ver det g\u00e5r det bra att ringa. Vi kan ofta l\u00f6sa det med kort varsel, antingen via v\u00e5ra sk\u00e5p eller genom att vi finns p\u00e5 plats.<\/strong><\/p>\n\n\n\n<hr class=\"wp-block-separator has-alpha-channel-opacity\"\/>\n<\/div>\n\n\n\n<div class=\"wp-block-column is-layout-flow wp-block-column-is-layout-flow\"><div class=\"wp-block-image\">\n<figure class=\"aligncenter size-full\"><img loading=\"lazy\" decoding=\"async\" width=\"95\" height=\"95\" src=\"https:\/\/e5gp8rwuod7.exactdn.com\/uppsala\/wp-content\/uploads\/sites\/3\/2021\/12\/kalender_red.gif?strip=all&lossy=1&resize=95%2C95&ssl=1\" alt=\"\" class=\"wp-image-62910\"\/><\/figure>\n<\/div>\n\n\n<p class=\"has-text-align-center\">AVVIKANDE \u00d6PPETTIDER<\/p>\n\n\n\n<p>Caf\u00e9et \u00e4r \u00f6ppet p\u00e5 vardagar <\/p>\n\n\n\n<figure style=\"font-size:15px\" class=\"wp-block-table\"><table class=\"has-fixed-layout\"><tbody><tr><td>L\u00e5ngfredag Butik<\/td><td>St\u00e4ngt<\/td><\/tr><tr><td>L\u00e5ngfredag Caf\u00e9<\/td><td>10.00-18.00<\/td><\/tr><tr><td>P\u00e5skafton Butik<\/td><td>St\u00e4ngt<\/td><\/tr><tr><td>P\u00e5skafton Caf\u00e9<\/td><td>St\u00e4ngt<\/td><\/tr><tr><td>P\u00e5skdagen Butik<\/td><td>St\u00e4ngt<\/td><\/tr><tr><td>P\u00e5skdagen Caf\u00e9<\/td><td>10.00-16.00<\/td><\/tr><tr><td>Annandagen Caf\u00e9<\/td><td>10.00-16.00<\/td><\/tr><\/tbody><\/table><figcaption class=\"wp-element-caption\">Utanf\u00f6r v\u00e5ra \u00f6ppettider har vi sk\u00e5p f\u00f6r utl\u00e4mning och retur, h\u00f6r av dig om du vill anv\u00e4nda det alternativet. I mitten av december \u00e5terg\u00e5r vi till vanliga \u00f6ppettider igen.<\/figcaption><\/figure>\n\n\n\n<p class=\"has-text-align-center\"><\/p>\n\n\n\n<hr class=\"wp-block-separator has-alpha-channel-opacity\"\/>\n<\/div>\n<\/div>\n\n\n\n<p><\/p>\n","protected":false},"excerpt":{"rendered":"<p>V\u00e4lkommen till Aktivt Uteliv Sunnerstastugan Tel: 018-108804 uppsala@aktivtuteliv.nu Aktivt Uteliv Sunnerstastugan Dag Hammarskj\u00f6lds V\u00e4g 27075652 Uppsala \u00d6PPETTIDER Telefon vardagar 10.00 &#8211; 18.00 M\u00e5ndag 12.00-14.00 Tisdag 12.00-14.00 Onsdag 12.00-14.00 Torsdag 12.00-14.00 [&hellip;]<\/p>\n","protected":false},"author":7,"featured_media":61121,"parent":0,"menu_order":0,"comment_status":"closed","ping_status":"closed","template":"","meta":{"_acf_changed":false,"footnotes":""},"class_list":["post-68461","page","type-page","status-publish","has-post-thumbnail","hentry"],"acf":[],"yoast_head":"<!-- This site is optimized with the Yoast SEO plugin v23.0 - https:\/\/yoast.com\/wordpress\/plugins\/seo\/ -->\n<title>Kontakt - Uppsala<\/title>\n<meta name=\"robots\" content=\"index, follow, max-snippet:-1, max-image-preview:large, max-video-preview:-1\" \/>\n<link rel=\"canonical\" href=\"https:\/\/aktivtuteliv.se\/uppsala\/contact\/\" \/>\n<meta property=\"og:locale\" content=\"sv_SE\" \/>\n<meta property=\"og:type\" content=\"article\" \/>\n<meta property=\"og:title\" content=\"Kontakt - Uppsala\" \/>\n<meta property=\"og:description\" content=\"V\u00e4lkommen till Aktivt Uteliv Sunnerstastugan Tel: 018-108804 uppsala@aktivtuteliv.nu Aktivt Uteliv Sunnerstastugan Dag Hammarskj\u00f6lds V\u00e4g 27075652 Uppsala \u00d6PPETTIDER Telefon vardagar 10.00 &#8211; 18.00 M\u00e5ndag 12.00-14.00 Tisdag 12.00-14.00 Onsdag 12.00-14.00 Torsdag 12.00-14.00 [&hellip;]\" \/>\n<meta property=\"og:url\" content=\"https:\/\/aktivtuteliv.se\/uppsala\/contact\/\" \/>\n<meta property=\"og:site_name\" content=\"Uppsala\" \/>\n<meta property=\"article:modified_time\" content=\"2026-04-10T04:49:07+00:00\" \/>\n<meta property=\"og:image\" content=\"https:\/\/aktivtuteliv.se\/uppsala\/wp-content\/uploads\/sites\/3\/2021\/07\/FotoJosefinLittmarck-Paddling-webb16.jpg\" \/>\n\t<meta property=\"og:image:width\" content=\"2048\" \/>\n\t<meta property=\"og:image:height\" content=\"1363\" \/>\n\t<meta property=\"og:image:type\" content=\"image\/jpeg\" \/>\n<meta name=\"twitter:card\" content=\"summary_large_image\" \/>\n<meta name=\"twitter:label1\" content=\"Ber\u00e4knad l\u00e4stid\" \/>\n\t<meta name=\"twitter:data1\" content=\"3 minuter\" \/>\n<script type=\"application\/ld+json\" class=\"yoast-schema-graph\">{\"@context\":\"https:\/\/schema.org\",\"@graph\":[{\"@type\":\"WebPage\",\"@id\":\"https:\/\/aktivtuteliv.se\/uppsala\/contact\/\",\"url\":\"https:\/\/aktivtuteliv.se\/uppsala\/contact\/\",\"name\":\"Kontakt - Uppsala\",\"isPartOf\":{\"@id\":\"https:\/\/aktivtuteliv.se\/uppsala\/#website\"},\"primaryImageOfPage\":{\"@id\":\"https:\/\/aktivtuteliv.se\/uppsala\/contact\/#primaryimage\"},\"image\":{\"@id\":\"https:\/\/aktivtuteliv.se\/uppsala\/contact\/#primaryimage\"},\"thumbnailUrl\":\"https:\/\/e5gp8rwuod7.exactdn.com\/uppsala\/wp-content\/uploads\/sites\/3\/2021\/07\/FotoJosefinLittmarck-Paddling-webb16.jpg?strip=all&lossy=1&ssl=1\",\"datePublished\":\"2024-11-02T21:10:29+00:00\",\"dateModified\":\"2026-04-10T04:49:07+00:00\",\"breadcrumb\":{\"@id\":\"https:\/\/aktivtuteliv.se\/uppsala\/contact\/#breadcrumb\"},\"inLanguage\":\"sv-SE\",\"potentialAction\":[{\"@type\":\"ReadAction\",\"target\":[\"https:\/\/aktivtuteliv.se\/uppsala\/contact\/\"]}]},{\"@type\":\"ImageObject\",\"inLanguage\":\"sv-SE\",\"@id\":\"https:\/\/aktivtuteliv.se\/uppsala\/contact\/#primaryimage\",\"url\":\"https:\/\/e5gp8rwuod7.exactdn.com\/uppsala\/wp-content\/uploads\/sites\/3\/2021\/07\/FotoJosefinLittmarck-Paddling-webb16.jpg?strip=all&lossy=1&ssl=1\",\"contentUrl\":\"https:\/\/e5gp8rwuod7.exactdn.com\/uppsala\/wp-content\/uploads\/sites\/3\/2021\/07\/FotoJosefinLittmarck-Paddling-webb16.jpg?strip=all&lossy=1&ssl=1\",\"width\":2048,\"height\":1363},{\"@type\":\"BreadcrumbList\",\"@id\":\"https:\/\/aktivtuteliv.se\/uppsala\/contact\/#breadcrumb\",\"itemListElement\":[{\"@type\":\"ListItem\",\"position\":1,\"name\":\"Home\",\"item\":\"https:\/\/aktivtuteliv.se\/uppsala\/startsida-vinter\/\"},{\"@type\":\"ListItem\",\"position\":2,\"name\":\"Kontakt\"}]},{\"@type\":\"WebSite\",\"@id\":\"https:\/\/aktivtuteliv.se\/uppsala\/#website\",\"url\":\"https:\/\/aktivtuteliv.se\/uppsala\/\",\"name\":\"Uppsala\",\"description\":\"Hyr sport- &amp; friluftsutrustning\",\"publisher\":{\"@id\":\"https:\/\/aktivtuteliv.se\/uppsala\/#organization\"},\"potentialAction\":[{\"@type\":\"SearchAction\",\"target\":{\"@type\":\"EntryPoint\",\"urlTemplate\":\"https:\/\/aktivtuteliv.se\/uppsala\/?s={search_term_string}\"},\"query-input\":\"required name=search_term_string\"}],\"inLanguage\":\"sv-SE\"},{\"@type\":\"Organization\",\"@id\":\"https:\/\/aktivtuteliv.se\/uppsala\/#organization\",\"name\":\"Uppsala\",\"url\":\"https:\/\/aktivtuteliv.se\/uppsala\/\",\"logo\":{\"@type\":\"ImageObject\",\"inLanguage\":\"sv-SE\",\"@id\":\"https:\/\/aktivtuteliv.se\/uppsala\/#\/schema\/logo\/image\/\",\"url\":\"https:\/\/e5gp8rwuod7.exactdn.com\/uppsala\/wp-content\/uploads\/sites\/3\/2021\/07\/image-1-2.png?strip=all&lossy=1&ssl=1\",\"contentUrl\":\"https:\/\/e5gp8rwuod7.exactdn.com\/uppsala\/wp-content\/uploads\/sites\/3\/2021\/07\/image-1-2.png?strip=all&lossy=1&ssl=1\",\"width\":200,\"height\":98,\"caption\":\"Uppsala\"},\"image\":{\"@id\":\"https:\/\/aktivtuteliv.se\/uppsala\/#\/schema\/logo\/image\/\"}}]}<\/script>\n<!-- \/ Yoast SEO plugin. -->","yoast_head_json":{"title":"Kontakt - Uppsala","robots":{"index":"index","follow":"follow","max-snippet":"max-snippet:-1","max-image-preview":"max-image-preview:large","max-video-preview":"max-video-preview:-1"},"canonical":"https:\/\/aktivtuteliv.se\/uppsala\/contact\/","og_locale":"sv_SE","og_type":"article","og_title":"Kontakt - Uppsala","og_description":"V\u00e4lkommen till Aktivt Uteliv Sunnerstastugan Tel: 018-108804 uppsala@aktivtuteliv.nu Aktivt Uteliv Sunnerstastugan Dag Hammarskj\u00f6lds V\u00e4g 27075652 Uppsala \u00d6PPETTIDER Telefon vardagar 10.00 &#8211; 18.00 M\u00e5ndag 12.00-14.00 Tisdag 12.00-14.00 Onsdag 12.00-14.00 Torsdag 12.00-14.00 [&hellip;]","og_url":"https:\/\/aktivtuteliv.se\/uppsala\/contact\/","og_site_name":"Uppsala","article_modified_time":"2026-04-10T04:49:07+00:00","og_image":[{"width":2048,"height":1363,"url":"https:\/\/aktivtuteliv.se\/uppsala\/wp-content\/uploads\/sites\/3\/2021\/07\/FotoJosefinLittmarck-Paddling-webb16.jpg","type":"image\/jpeg"}],"twitter_card":"summary_large_image","twitter_misc":{"Ber\u00e4knad l\u00e4stid":"3 minuter"},"schema":{"@context":"https:\/\/schema.org","@graph":[{"@type":"WebPage","@id":"https:\/\/aktivtuteliv.se\/uppsala\/contact\/","url":"https:\/\/aktivtuteliv.se\/uppsala\/contact\/","name":"Kontakt - Uppsala","isPartOf":{"@id":"https:\/\/aktivtuteliv.se\/uppsala\/#website"},"primaryImageOfPage":{"@id":"https:\/\/aktivtuteliv.se\/uppsala\/contact\/#primaryimage"},"image":{"@id":"https:\/\/aktivtuteliv.se\/uppsala\/contact\/#primaryimage"},"thumbnailUrl":"https:\/\/e5gp8rwuod7.exactdn.com\/uppsala\/wp-content\/uploads\/sites\/3\/2021\/07\/FotoJosefinLittmarck-Paddling-webb16.jpg?strip=all&lossy=1&ssl=1","datePublished":"2024-11-02T21:10:29+00:00","dateModified":"2026-04-10T04:49:07+00:00","breadcrumb":{"@id":"https:\/\/aktivtuteliv.se\/uppsala\/contact\/#breadcrumb"},"inLanguage":"sv-SE","potentialAction":[{"@type":"ReadAction","target":["https:\/\/aktivtuteliv.se\/uppsala\/contact\/"]}]},{"@type":"ImageObject","inLanguage":"sv-SE","@id":"https:\/\/aktivtuteliv.se\/uppsala\/contact\/#primaryimage","url":"https:\/\/e5gp8rwuod7.exactdn.com\/uppsala\/wp-content\/uploads\/sites\/3\/2021\/07\/FotoJosefinLittmarck-Paddling-webb16.jpg?strip=all&lossy=1&ssl=1","contentUrl":"https:\/\/e5gp8rwuod7.exactdn.com\/uppsala\/wp-content\/uploads\/sites\/3\/2021\/07\/FotoJosefinLittmarck-Paddling-webb16.jpg?strip=all&lossy=1&ssl=1","width":2048,"height":1363},{"@type":"BreadcrumbList","@id":"https:\/\/aktivtuteliv.se\/uppsala\/contact\/#breadcrumb","itemListElement":[{"@type":"ListItem","position":1,"name":"Home","item":"https:\/\/aktivtuteliv.se\/uppsala\/startsida-vinter\/"},{"@type":"ListItem","position":2,"name":"Kontakt"}]},{"@type":"WebSite","@id":"https:\/\/aktivtuteliv.se\/uppsala\/#website","url":"https:\/\/aktivtuteliv.se\/uppsala\/","name":"Uppsala","description":"Hyr sport- &amp; friluftsutrustning","publisher":{"@id":"https:\/\/aktivtuteliv.se\/uppsala\/#organization"},"potentialAction":[{"@type":"SearchAction","target":{"@type":"EntryPoint","urlTemplate":"https:\/\/aktivtuteliv.se\/uppsala\/?s={search_term_string}"},"query-input":"required name=search_term_string"}],"inLanguage":"sv-SE"},{"@type":"Organization","@id":"https:\/\/aktivtuteliv.se\/uppsala\/#organization","name":"Uppsala","url":"https:\/\/aktivtuteliv.se\/uppsala\/","logo":{"@type":"ImageObject","inLanguage":"sv-SE","@id":"https:\/\/aktivtuteliv.se\/uppsala\/#\/schema\/logo\/image\/","url":"https:\/\/e5gp8rwuod7.exactdn.com\/uppsala\/wp-content\/uploads\/sites\/3\/2021\/07\/image-1-2.png?strip=all&lossy=1&ssl=1","contentUrl":"https:\/\/e5gp8rwuod7.exactdn.com\/uppsala\/wp-content\/uploads\/sites\/3\/2021\/07\/image-1-2.png?strip=all&lossy=1&ssl=1","width":200,"height":98,"caption":"Uppsala"},"image":{"@id":"https:\/\/aktivtuteliv.se\/uppsala\/#\/schema\/logo\/image\/"}}]}},"_links":{"self":[{"href":"https:\/\/aktivtuteliv.se\/uppsala\/wp-json\/wp\/v2\/pages\/68461","targetHints":{"allow":["GET"]}}],"collection":[{"href":"https:\/\/aktivtuteliv.se\/uppsala\/wp-json\/wp\/v2\/pages"}],"about":[{"href":"https:\/\/aktivtuteliv.se\/uppsala\/wp-json\/wp\/v2\/types\/page"}],"author":[{"embeddable":true,"href":"https:\/\/aktivtuteliv.se\/uppsala\/wp-json\/wp\/v2\/users\/7"}],"replies":[{"embeddable":true,"href":"https:\/\/aktivtuteliv.se\/uppsala\/wp-json\/wp\/v2\/comments?post=68461"}],"version-history":[{"count":0,"href":"https:\/\/aktivtuteliv.se\/uppsala\/wp-json\/wp\/v2\/pages\/68461\/revisions"}],"wp:featuredmedia":[{"embeddable":true,"href":"https:\/\/aktivtuteliv.se\/uppsala\/wp-json\/wp\/v2\/media\/61121"}],"wp:attachment":[{"href":"https:\/\/aktivtuteliv.se\/uppsala\/wp-json\/wp\/v2\/media?parent=68461"}],"curies":[{"name":"wp","href":"https:\/\/api.w.org\/{rel}","templated":true}]}}