


{"id":61740,"date":"2021-08-26T13:12:06","date_gmt":"2021-08-26T13:12:06","guid":{"rendered":"https:\/\/aktivtuteliv.se\/uppsala\/?post_type=product&#038;p=61740"},"modified":"2022-05-04T12:07:02","modified_gmt":"2022-05-04T12:07:02","slug":"wk510-play","status":"publish","type":"product","link":"https:\/\/aktivtuteliv.se\/uppsala\/produkt\/wk510-play\/","title":{"rendered":"WK510 Play"},"content":{"rendered":"<p>WK510 Play \u00e4r en typisk sk\u00e4ddakajak i brittisk stil som skiljer sig helt fr\u00e5n \u00f6vriga kajaker fr\u00e5n World of Kayaks. Ist\u00e4llet f\u00f6r en l\u00e5ng, rak k\u00f6llinje som de \u00f6vriga har \u00e4r WK510 Play en kajak med mycket rocker, vilket g\u00f6r den l\u00e4ttman\u00f6vrerad och sj\u00f6duglig \u00e4ven i de allra tuffaste f\u00f6rh\u00e5llanden. Den bredaste punkten p\u00e5 kajaken finns under fr\u00e4mre delen av sittbrunnen vilket g\u00f6r den trygg och stabil f\u00f6r nyb\u00f6rjare, men g\u00f6r samtidigt att den surfar bra i v\u00e5gor f\u00f6r mer avancerade paddlare.<\/p>\n<p>&nbsp;<\/p>\n<p>WK510 Play har gener\u00f6sa packutrymmen, vilket g\u00f6r den till en p\u00e5litlig och l\u00e4ttpackad turkajak. Kajaken passar b\u00e4st till stora och l\u00e5nga paddlare med en ungef\u00e4rlig vikt p\u00e5 70-100 kg.<\/p>\n<p>&nbsp;<\/p>\n<p>World of Kayaks byggs i Estland och levererar sina kajaker med en rad smarta detaljer som du vanligtvis bara hittar p\u00e5 dyrare kajaker, t.ex. en fast l\u00e5s\u00f6gla och f\u00e4sten f\u00f6r paddeln bakom sittbrunnen som kan anv\u00e4ndas vid flott\u00f6rr\u00e4ddning. Kajakerna har l\u00e5nat mycket av sin design och funktion fr\u00e5n t\u00e4vlings- och racingkajaker vilket inbjuder till energieffektiv och tekniskt riktig paddling, trots att det \u00e4r havskajaker.<\/p>\n<p>&nbsp;<\/p>\n<p><strong>WK510 PLAY<\/strong><br \/>\nOptimal f\u00f6r paddlare 70-100 kg<br \/>\nL\u00e4ngd: 510 cm<br \/>\nBredd: 55,5 cm<br \/>\nSittbrunn: 81 x 42 cm<br \/>\nPackutrymmen: N\/A<br \/>\nVikt: ca 25 kg<br \/>\nF\u00e4rg: vitt skrov med d\u00e4ck i bl\u00e5tt, gult, svart eller r\u00f6tt.<\/p>\n","protected":false},"excerpt":{"rendered":"<p>WK510 Play \u00e4r en typisk sk\u00e4ddakajak i brittisk stil som skiljer sig helt fr\u00e5n \u00f6vriga kajaker fr\u00e5n World of Kayaks. Ist\u00e4llet f\u00f6r en l\u00e5ng, rak k\u00f6llinje som de \u00f6vriga har [&hellip;]<\/p>\n","protected":false},"featured_media":61741,"template":"","meta":{"_acf_changed":false},"product_cat":[104,354,378],"product_tag":[],"class_list":{"0":"post-61740","1":"product","2":"type-product","3":"status-publish","4":"has-post-thumbnail","6":"product_cat-paddling","7":"product_cat-forsaljning-kanot","8":"product_cat-forsaljning-kajak","10":"first","11":"instock","12":"shipping-taxable","13":"purchasable","14":"product-type-simple"},"acf":[],"yoast_head":"<!-- This site is optimized with the Yoast SEO plugin v23.0 - https:\/\/yoast.com\/wordpress\/plugins\/seo\/ -->\n<title>WK510 Play - Uppsala<\/title>\n<meta name=\"robots\" content=\"index, follow, max-snippet:-1, max-image-preview:large, max-video-preview:-1\" \/>\n<link rel=\"canonical\" href=\"https:\/\/aktivtuteliv.se\/uppsala\/produkt\/wk510-play\/\" \/>\n<meta property=\"og:locale\" content=\"sv_SE\" \/>\n<meta property=\"og:type\" content=\"article\" \/>\n<meta property=\"og:title\" content=\"WK510 Play - Uppsala\" \/>\n<meta property=\"og:description\" content=\"WK510 Play \u00e4r en typisk sk\u00e4ddakajak i brittisk stil som skiljer sig helt fr\u00e5n \u00f6vriga kajaker fr\u00e5n World of Kayaks. Ist\u00e4llet f\u00f6r en l\u00e5ng, rak k\u00f6llinje som de \u00f6vriga har [&hellip;]\" \/>\n<meta property=\"og:url\" content=\"https:\/\/aktivtuteliv.se\/uppsala\/produkt\/wk510-play\/\" \/>\n<meta property=\"og:site_name\" content=\"Uppsala\" \/>\n<meta property=\"article:modified_time\" content=\"2022-05-04T12:07:02+00:00\" \/>\n<meta property=\"og:image\" content=\"https:\/\/aktivtuteliv.se\/uppsala\/wp-content\/uploads\/sites\/3\/2021\/08\/WK510_Play-1-300x300-1.jpg\" \/>\n\t<meta property=\"og:image:width\" content=\"300\" \/>\n\t<meta property=\"og:image:height\" content=\"300\" \/>\n\t<meta property=\"og:image:type\" content=\"image\/jpeg\" \/>\n<meta name=\"twitter:card\" content=\"summary_large_image\" \/>\n<meta name=\"twitter:label1\" content=\"Ber\u00e4knad l\u00e4stid\" \/>\n\t<meta name=\"twitter:data1\" content=\"1 minut\" \/>\n<script type=\"application\/ld+json\" class=\"yoast-schema-graph\">{\"@context\":\"https:\/\/schema.org\",\"@graph\":[{\"@type\":\"WebPage\",\"@id\":\"https:\/\/aktivtuteliv.se\/uppsala\/produkt\/wk510-play\/\",\"url\":\"https:\/\/aktivtuteliv.se\/uppsala\/produkt\/wk510-play\/\",\"name\":\"WK510 Play - Uppsala\",\"isPartOf\":{\"@id\":\"https:\/\/aktivtuteliv.se\/uppsala\/#website\"},\"primaryImageOfPage\":{\"@id\":\"https:\/\/aktivtuteliv.se\/uppsala\/produkt\/wk510-play\/#primaryimage\"},\"image\":{\"@id\":\"https:\/\/aktivtuteliv.se\/uppsala\/produkt\/wk510-play\/#primaryimage\"},\"thumbnailUrl\":\"https:\/\/e5gp8rwuod7.exactdn.com\/uppsala\/wp-content\/uploads\/sites\/3\/2021\/08\/WK510_Play-1-300x300-1.jpg?strip=all&lossy=1&ssl=1\",\"datePublished\":\"2021-08-26T13:12:06+00:00\",\"dateModified\":\"2022-05-04T12:07:02+00:00\",\"breadcrumb\":{\"@id\":\"https:\/\/aktivtuteliv.se\/uppsala\/produkt\/wk510-play\/#breadcrumb\"},\"inLanguage\":\"sv-SE\",\"potentialAction\":[{\"@type\":\"ReadAction\",\"target\":[\"https:\/\/aktivtuteliv.se\/uppsala\/produkt\/wk510-play\/\"]}]},{\"@type\":\"ImageObject\",\"inLanguage\":\"sv-SE\",\"@id\":\"https:\/\/aktivtuteliv.se\/uppsala\/produkt\/wk510-play\/#primaryimage\",\"url\":\"https:\/\/e5gp8rwuod7.exactdn.com\/uppsala\/wp-content\/uploads\/sites\/3\/2021\/08\/WK510_Play-1-300x300-1.jpg?strip=all&lossy=1&ssl=1\",\"contentUrl\":\"https:\/\/e5gp8rwuod7.exactdn.com\/uppsala\/wp-content\/uploads\/sites\/3\/2021\/08\/WK510_Play-1-300x300-1.jpg?strip=all&lossy=1&ssl=1\",\"width\":300,\"height\":300},{\"@type\":\"BreadcrumbList\",\"@id\":\"https:\/\/aktivtuteliv.se\/uppsala\/produkt\/wk510-play\/#breadcrumb\",\"itemListElement\":[{\"@type\":\"ListItem\",\"position\":1,\"name\":\"Home\",\"item\":\"https:\/\/aktivtuteliv.se\/uppsala\/startsida-vinter\/\"},{\"@type\":\"ListItem\",\"position\":2,\"name\":\"Webbutik\",\"item\":\"https:\/\/aktivtuteliv.se\/uppsala\/butik\/\"},{\"@type\":\"ListItem\",\"position\":3,\"name\":\"WK510 Play\"}]},{\"@type\":\"WebSite\",\"@id\":\"https:\/\/aktivtuteliv.se\/uppsala\/#website\",\"url\":\"https:\/\/aktivtuteliv.se\/uppsala\/\",\"name\":\"Uppsala\",\"description\":\"Hyr sport- &amp; friluftsutrustning\",\"publisher\":{\"@id\":\"https:\/\/aktivtuteliv.se\/uppsala\/#organization\"},\"potentialAction\":[{\"@type\":\"SearchAction\",\"target\":{\"@type\":\"EntryPoint\",\"urlTemplate\":\"https:\/\/aktivtuteliv.se\/uppsala\/?s={search_term_string}\"},\"query-input\":\"required name=search_term_string\"}],\"inLanguage\":\"sv-SE\"},{\"@type\":\"Organization\",\"@id\":\"https:\/\/aktivtuteliv.se\/uppsala\/#organization\",\"name\":\"Uppsala\",\"url\":\"https:\/\/aktivtuteliv.se\/uppsala\/\",\"logo\":{\"@type\":\"ImageObject\",\"inLanguage\":\"sv-SE\",\"@id\":\"https:\/\/aktivtuteliv.se\/uppsala\/#\/schema\/logo\/image\/\",\"url\":\"https:\/\/e5gp8rwuod7.exactdn.com\/uppsala\/wp-content\/uploads\/sites\/3\/2021\/07\/image-1-2.png?strip=all&lossy=1&ssl=1\",\"contentUrl\":\"https:\/\/e5gp8rwuod7.exactdn.com\/uppsala\/wp-content\/uploads\/sites\/3\/2021\/07\/image-1-2.png?strip=all&lossy=1&ssl=1\",\"width\":200,\"height\":98,\"caption\":\"Uppsala\"},\"image\":{\"@id\":\"https:\/\/aktivtuteliv.se\/uppsala\/#\/schema\/logo\/image\/\"}}]}<\/script>\n<!-- \/ Yoast SEO plugin. -->","yoast_head_json":{"title":"WK510 Play - Uppsala","robots":{"index":"index","follow":"follow","max-snippet":"max-snippet:-1","max-image-preview":"max-image-preview:large","max-video-preview":"max-video-preview:-1"},"canonical":"https:\/\/aktivtuteliv.se\/uppsala\/produkt\/wk510-play\/","og_locale":"sv_SE","og_type":"article","og_title":"WK510 Play - Uppsala","og_description":"WK510 Play \u00e4r en typisk sk\u00e4ddakajak i brittisk stil som skiljer sig helt fr\u00e5n \u00f6vriga kajaker fr\u00e5n World of Kayaks. Ist\u00e4llet f\u00f6r en l\u00e5ng, rak k\u00f6llinje som de \u00f6vriga har [&hellip;]","og_url":"https:\/\/aktivtuteliv.se\/uppsala\/produkt\/wk510-play\/","og_site_name":"Uppsala","article_modified_time":"2022-05-04T12:07:02+00:00","og_image":[{"width":300,"height":300,"url":"https:\/\/aktivtuteliv.se\/uppsala\/wp-content\/uploads\/sites\/3\/2021\/08\/WK510_Play-1-300x300-1.jpg","type":"image\/jpeg"}],"twitter_card":"summary_large_image","twitter_misc":{"Ber\u00e4knad l\u00e4stid":"1 minut"},"schema":{"@context":"https:\/\/schema.org","@graph":[{"@type":"WebPage","@id":"https:\/\/aktivtuteliv.se\/uppsala\/produkt\/wk510-play\/","url":"https:\/\/aktivtuteliv.se\/uppsala\/produkt\/wk510-play\/","name":"WK510 Play - Uppsala","isPartOf":{"@id":"https:\/\/aktivtuteliv.se\/uppsala\/#website"},"primaryImageOfPage":{"@id":"https:\/\/aktivtuteliv.se\/uppsala\/produkt\/wk510-play\/#primaryimage"},"image":{"@id":"https:\/\/aktivtuteliv.se\/uppsala\/produkt\/wk510-play\/#primaryimage"},"thumbnailUrl":"https:\/\/e5gp8rwuod7.exactdn.com\/uppsala\/wp-content\/uploads\/sites\/3\/2021\/08\/WK510_Play-1-300x300-1.jpg?strip=all&lossy=1&ssl=1","datePublished":"2021-08-26T13:12:06+00:00","dateModified":"2022-05-04T12:07:02+00:00","breadcrumb":{"@id":"https:\/\/aktivtuteliv.se\/uppsala\/produkt\/wk510-play\/#breadcrumb"},"inLanguage":"sv-SE","potentialAction":[{"@type":"ReadAction","target":["https:\/\/aktivtuteliv.se\/uppsala\/produkt\/wk510-play\/"]}]},{"@type":"ImageObject","inLanguage":"sv-SE","@id":"https:\/\/aktivtuteliv.se\/uppsala\/produkt\/wk510-play\/#primaryimage","url":"https:\/\/e5gp8rwuod7.exactdn.com\/uppsala\/wp-content\/uploads\/sites\/3\/2021\/08\/WK510_Play-1-300x300-1.jpg?strip=all&lossy=1&ssl=1","contentUrl":"https:\/\/e5gp8rwuod7.exactdn.com\/uppsala\/wp-content\/uploads\/sites\/3\/2021\/08\/WK510_Play-1-300x300-1.jpg?strip=all&lossy=1&ssl=1","width":300,"height":300},{"@type":"BreadcrumbList","@id":"https:\/\/aktivtuteliv.se\/uppsala\/produkt\/wk510-play\/#breadcrumb","itemListElement":[{"@type":"ListItem","position":1,"name":"Home","item":"https:\/\/aktivtuteliv.se\/uppsala\/startsida-vinter\/"},{"@type":"ListItem","position":2,"name":"Webbutik","item":"https:\/\/aktivtuteliv.se\/uppsala\/butik\/"},{"@type":"ListItem","position":3,"name":"WK510 Play"}]},{"@type":"WebSite","@id":"https:\/\/aktivtuteliv.se\/uppsala\/#website","url":"https:\/\/aktivtuteliv.se\/uppsala\/","name":"Uppsala","description":"Hyr sport- &amp; friluftsutrustning","publisher":{"@id":"https:\/\/aktivtuteliv.se\/uppsala\/#organization"},"potentialAction":[{"@type":"SearchAction","target":{"@type":"EntryPoint","urlTemplate":"https:\/\/aktivtuteliv.se\/uppsala\/?s={search_term_string}"},"query-input":"required name=search_term_string"}],"inLanguage":"sv-SE"},{"@type":"Organization","@id":"https:\/\/aktivtuteliv.se\/uppsala\/#organization","name":"Uppsala","url":"https:\/\/aktivtuteliv.se\/uppsala\/","logo":{"@type":"ImageObject","inLanguage":"sv-SE","@id":"https:\/\/aktivtuteliv.se\/uppsala\/#\/schema\/logo\/image\/","url":"https:\/\/e5gp8rwuod7.exactdn.com\/uppsala\/wp-content\/uploads\/sites\/3\/2021\/07\/image-1-2.png?strip=all&lossy=1&ssl=1","contentUrl":"https:\/\/e5gp8rwuod7.exactdn.com\/uppsala\/wp-content\/uploads\/sites\/3\/2021\/07\/image-1-2.png?strip=all&lossy=1&ssl=1","width":200,"height":98,"caption":"Uppsala"},"image":{"@id":"https:\/\/aktivtuteliv.se\/uppsala\/#\/schema\/logo\/image\/"}}]}},"_links":{"self":[{"href":"https:\/\/aktivtuteliv.se\/uppsala\/wp-json\/wp\/v2\/product\/61740","targetHints":{"allow":["GET"]}}],"collection":[{"href":"https:\/\/aktivtuteliv.se\/uppsala\/wp-json\/wp\/v2\/product"}],"about":[{"href":"https:\/\/aktivtuteliv.se\/uppsala\/wp-json\/wp\/v2\/types\/product"}],"wp:featuredmedia":[{"embeddable":true,"href":"https:\/\/aktivtuteliv.se\/uppsala\/wp-json\/wp\/v2\/media\/61741"}],"wp:attachment":[{"href":"https:\/\/aktivtuteliv.se\/uppsala\/wp-json\/wp\/v2\/media?parent=61740"}],"wp:term":[{"taxonomy":"product_cat","embeddable":true,"href":"https:\/\/aktivtuteliv.se\/uppsala\/wp-json\/wp\/v2\/product_cat?post=61740"},{"taxonomy":"product_tag","embeddable":true,"href":"https:\/\/aktivtuteliv.se\/uppsala\/wp-json\/wp\/v2\/product_tag?post=61740"}],"curies":[{"name":"wp","href":"https:\/\/api.w.org\/{rel}","templated":true}]}}