


{"id":61763,"date":"2021-08-26T14:56:47","date_gmt":"2021-08-26T14:56:47","guid":{"rendered":"https:\/\/aktivtuteliv.se\/uppsala\/?post_type=product&#038;p=61763"},"modified":"2022-03-30T13:54:13","modified_gmt":"2022-03-30T13:54:13","slug":"madshus-race-speed-intelligrip","status":"publish","type":"product","link":"https:\/\/aktivtuteliv.se\/uppsala\/produkt\/madshus-race-speed-intelligrip\/","title":{"rendered":"Madshus Race Speed Intelligrip"},"content":{"rendered":"<p>Madshus Race Speed Intelligrip \u00e4r en vallningsfri l\u00e4ngdskida av den nya, revolutionerande typen med mohair under d\u00e4r du varken beh\u00f6ver kompromissa med f\u00e4ste eller glid. Perfekt f\u00f6r motion\u00e4rer som inte kan, vill eller har tid att valla.<\/p>\n<p>&nbsp;<\/p>\n<p>Race Speed \u00e4r en skida f\u00f6r dig som vill prestera b\u00e5de p\u00e5 tr\u00e4ning och t\u00e4vling, vilket g\u00f6r den till ett utm\u00e4rkt val f\u00f6r dig som ska \u00e5ka Vasaloppet. Race Speed har bottenplattan NIS 3.0, vilket g\u00f6r att du kan s\u00e4tta p\u00e5 samtliga bindningar fr\u00e5n Rottefella p\u00e5 skidorna, \u00e4ven nya MOVE. Priset f\u00f6r skidorna \u00e4r exklusive bindningar, val av bindning beror p\u00e5 hur flexibelt du vill kunna flytta dem.<\/p>\n<p>&nbsp;<\/p>\n<p>Modellen du ser online och \u00e4ven hittar i butiken \u00e4r alltid den senaste, vi har aldrig kvar restlager fr\u00e5n tidigare s\u00e4songer med \u00e4ldre \u00e5rsmodeller.<\/p>\n","protected":false},"excerpt":{"rendered":"<p>Madshus Race Speed Intelligrip \u00e4r en vallningsfri l\u00e4ngdskida av den nya, revolutionerande typen med mohair under d\u00e4r du varken beh\u00f6ver kompromissa med f\u00e4ste eller glid. Perfekt f\u00f6r motion\u00e4rer som inte [&hellip;]<\/p>\n","protected":false},"featured_media":61764,"template":"","meta":{"_acf_changed":false},"product_cat":[380,388,22],"product_tag":[],"class_list":{"0":"post-61763","1":"product","2":"type-product","3":"status-publish","4":"has-post-thumbnail","6":"product_cat-forsaljning-langd","7":"product_cat-langdskidor-forsaljning","8":"product_cat-langd-uthyrning","10":"first","11":"instock","12":"shipping-taxable","13":"purchasable","14":"product-type-simple"},"acf":[],"yoast_head":"<!-- This site is optimized with the Yoast SEO plugin v23.0 - https:\/\/yoast.com\/wordpress\/plugins\/seo\/ -->\n<title>Madshus Race Speed Intelligrip - Uppsala<\/title>\n<meta name=\"robots\" content=\"index, follow, max-snippet:-1, max-image-preview:large, max-video-preview:-1\" \/>\n<link rel=\"canonical\" href=\"https:\/\/aktivtuteliv.se\/uppsala\/produkt\/madshus-race-speed-intelligrip\/\" \/>\n<meta property=\"og:locale\" content=\"sv_SE\" \/>\n<meta property=\"og:type\" content=\"article\" \/>\n<meta property=\"og:title\" content=\"Madshus Race Speed Intelligrip - Uppsala\" \/>\n<meta property=\"og:description\" content=\"Madshus Race Speed Intelligrip \u00e4r en vallningsfri l\u00e4ngdskida av den nya, revolutionerande typen med mohair under d\u00e4r du varken beh\u00f6ver kompromissa med f\u00e4ste eller glid. Perfekt f\u00f6r motion\u00e4rer som inte [&hellip;]\" \/>\n<meta property=\"og:url\" content=\"https:\/\/aktivtuteliv.se\/uppsala\/produkt\/madshus-race-speed-intelligrip\/\" \/>\n<meta property=\"og:site_name\" content=\"Uppsala\" \/>\n<meta property=\"article:modified_time\" content=\"2022-03-30T13:54:13+00:00\" \/>\n<meta property=\"og:image\" content=\"https:\/\/aktivtuteliv.se\/uppsala\/wp-content\/uploads\/sites\/3\/2021\/08\/Madshus_Race_Speed-300x300-1.jpg\" \/>\n\t<meta property=\"og:image:width\" content=\"300\" \/>\n\t<meta property=\"og:image:height\" content=\"300\" \/>\n\t<meta property=\"og:image:type\" content=\"image\/jpeg\" \/>\n<meta name=\"twitter:card\" content=\"summary_large_image\" \/>\n<meta name=\"twitter:label1\" content=\"Ber\u00e4knad l\u00e4stid\" \/>\n\t<meta name=\"twitter:data1\" content=\"1 minut\" \/>\n<script type=\"application\/ld+json\" class=\"yoast-schema-graph\">{\"@context\":\"https:\/\/schema.org\",\"@graph\":[{\"@type\":\"WebPage\",\"@id\":\"https:\/\/aktivtuteliv.se\/uppsala\/produkt\/madshus-race-speed-intelligrip\/\",\"url\":\"https:\/\/aktivtuteliv.se\/uppsala\/produkt\/madshus-race-speed-intelligrip\/\",\"name\":\"Madshus Race Speed Intelligrip - Uppsala\",\"isPartOf\":{\"@id\":\"https:\/\/aktivtuteliv.se\/uppsala\/#website\"},\"primaryImageOfPage\":{\"@id\":\"https:\/\/aktivtuteliv.se\/uppsala\/produkt\/madshus-race-speed-intelligrip\/#primaryimage\"},\"image\":{\"@id\":\"https:\/\/aktivtuteliv.se\/uppsala\/produkt\/madshus-race-speed-intelligrip\/#primaryimage\"},\"thumbnailUrl\":\"https:\/\/e5gp8rwuod7.exactdn.com\/uppsala\/wp-content\/uploads\/sites\/3\/2021\/08\/Madshus_Race_Speed-300x300-1.jpg?strip=all&lossy=1&ssl=1\",\"datePublished\":\"2021-08-26T14:56:47+00:00\",\"dateModified\":\"2022-03-30T13:54:13+00:00\",\"breadcrumb\":{\"@id\":\"https:\/\/aktivtuteliv.se\/uppsala\/produkt\/madshus-race-speed-intelligrip\/#breadcrumb\"},\"inLanguage\":\"sv-SE\",\"potentialAction\":[{\"@type\":\"ReadAction\",\"target\":[\"https:\/\/aktivtuteliv.se\/uppsala\/produkt\/madshus-race-speed-intelligrip\/\"]}]},{\"@type\":\"ImageObject\",\"inLanguage\":\"sv-SE\",\"@id\":\"https:\/\/aktivtuteliv.se\/uppsala\/produkt\/madshus-race-speed-intelligrip\/#primaryimage\",\"url\":\"https:\/\/e5gp8rwuod7.exactdn.com\/uppsala\/wp-content\/uploads\/sites\/3\/2021\/08\/Madshus_Race_Speed-300x300-1.jpg?strip=all&lossy=1&ssl=1\",\"contentUrl\":\"https:\/\/e5gp8rwuod7.exactdn.com\/uppsala\/wp-content\/uploads\/sites\/3\/2021\/08\/Madshus_Race_Speed-300x300-1.jpg?strip=all&lossy=1&ssl=1\",\"width\":300,\"height\":300},{\"@type\":\"BreadcrumbList\",\"@id\":\"https:\/\/aktivtuteliv.se\/uppsala\/produkt\/madshus-race-speed-intelligrip\/#breadcrumb\",\"itemListElement\":[{\"@type\":\"ListItem\",\"position\":1,\"name\":\"Home\",\"item\":\"https:\/\/aktivtuteliv.se\/uppsala\/startsida-vinter\/\"},{\"@type\":\"ListItem\",\"position\":2,\"name\":\"Webbutik\",\"item\":\"https:\/\/aktivtuteliv.se\/uppsala\/butik\/\"},{\"@type\":\"ListItem\",\"position\":3,\"name\":\"Madshus Race Speed Intelligrip\"}]},{\"@type\":\"WebSite\",\"@id\":\"https:\/\/aktivtuteliv.se\/uppsala\/#website\",\"url\":\"https:\/\/aktivtuteliv.se\/uppsala\/\",\"name\":\"Uppsala\",\"description\":\"Hyr sport- &amp; friluftsutrustning\",\"publisher\":{\"@id\":\"https:\/\/aktivtuteliv.se\/uppsala\/#organization\"},\"potentialAction\":[{\"@type\":\"SearchAction\",\"target\":{\"@type\":\"EntryPoint\",\"urlTemplate\":\"https:\/\/aktivtuteliv.se\/uppsala\/?s={search_term_string}\"},\"query-input\":\"required name=search_term_string\"}],\"inLanguage\":\"sv-SE\"},{\"@type\":\"Organization\",\"@id\":\"https:\/\/aktivtuteliv.se\/uppsala\/#organization\",\"name\":\"Uppsala\",\"url\":\"https:\/\/aktivtuteliv.se\/uppsala\/\",\"logo\":{\"@type\":\"ImageObject\",\"inLanguage\":\"sv-SE\",\"@id\":\"https:\/\/aktivtuteliv.se\/uppsala\/#\/schema\/logo\/image\/\",\"url\":\"https:\/\/e5gp8rwuod7.exactdn.com\/uppsala\/wp-content\/uploads\/sites\/3\/2021\/07\/image-1-2.png?strip=all&lossy=1&ssl=1\",\"contentUrl\":\"https:\/\/e5gp8rwuod7.exactdn.com\/uppsala\/wp-content\/uploads\/sites\/3\/2021\/07\/image-1-2.png?strip=all&lossy=1&ssl=1\",\"width\":200,\"height\":98,\"caption\":\"Uppsala\"},\"image\":{\"@id\":\"https:\/\/aktivtuteliv.se\/uppsala\/#\/schema\/logo\/image\/\"}}]}<\/script>\n<!-- \/ Yoast SEO plugin. -->","yoast_head_json":{"title":"Madshus Race Speed Intelligrip - Uppsala","robots":{"index":"index","follow":"follow","max-snippet":"max-snippet:-1","max-image-preview":"max-image-preview:large","max-video-preview":"max-video-preview:-1"},"canonical":"https:\/\/aktivtuteliv.se\/uppsala\/produkt\/madshus-race-speed-intelligrip\/","og_locale":"sv_SE","og_type":"article","og_title":"Madshus Race Speed Intelligrip - Uppsala","og_description":"Madshus Race Speed Intelligrip \u00e4r en vallningsfri l\u00e4ngdskida av den nya, revolutionerande typen med mohair under d\u00e4r du varken beh\u00f6ver kompromissa med f\u00e4ste eller glid. Perfekt f\u00f6r motion\u00e4rer som inte [&hellip;]","og_url":"https:\/\/aktivtuteliv.se\/uppsala\/produkt\/madshus-race-speed-intelligrip\/","og_site_name":"Uppsala","article_modified_time":"2022-03-30T13:54:13+00:00","og_image":[{"width":300,"height":300,"url":"https:\/\/aktivtuteliv.se\/uppsala\/wp-content\/uploads\/sites\/3\/2021\/08\/Madshus_Race_Speed-300x300-1.jpg","type":"image\/jpeg"}],"twitter_card":"summary_large_image","twitter_misc":{"Ber\u00e4knad l\u00e4stid":"1 minut"},"schema":{"@context":"https:\/\/schema.org","@graph":[{"@type":"WebPage","@id":"https:\/\/aktivtuteliv.se\/uppsala\/produkt\/madshus-race-speed-intelligrip\/","url":"https:\/\/aktivtuteliv.se\/uppsala\/produkt\/madshus-race-speed-intelligrip\/","name":"Madshus Race Speed Intelligrip - Uppsala","isPartOf":{"@id":"https:\/\/aktivtuteliv.se\/uppsala\/#website"},"primaryImageOfPage":{"@id":"https:\/\/aktivtuteliv.se\/uppsala\/produkt\/madshus-race-speed-intelligrip\/#primaryimage"},"image":{"@id":"https:\/\/aktivtuteliv.se\/uppsala\/produkt\/madshus-race-speed-intelligrip\/#primaryimage"},"thumbnailUrl":"https:\/\/e5gp8rwuod7.exactdn.com\/uppsala\/wp-content\/uploads\/sites\/3\/2021\/08\/Madshus_Race_Speed-300x300-1.jpg?strip=all&lossy=1&ssl=1","datePublished":"2021-08-26T14:56:47+00:00","dateModified":"2022-03-30T13:54:13+00:00","breadcrumb":{"@id":"https:\/\/aktivtuteliv.se\/uppsala\/produkt\/madshus-race-speed-intelligrip\/#breadcrumb"},"inLanguage":"sv-SE","potentialAction":[{"@type":"ReadAction","target":["https:\/\/aktivtuteliv.se\/uppsala\/produkt\/madshus-race-speed-intelligrip\/"]}]},{"@type":"ImageObject","inLanguage":"sv-SE","@id":"https:\/\/aktivtuteliv.se\/uppsala\/produkt\/madshus-race-speed-intelligrip\/#primaryimage","url":"https:\/\/e5gp8rwuod7.exactdn.com\/uppsala\/wp-content\/uploads\/sites\/3\/2021\/08\/Madshus_Race_Speed-300x300-1.jpg?strip=all&lossy=1&ssl=1","contentUrl":"https:\/\/e5gp8rwuod7.exactdn.com\/uppsala\/wp-content\/uploads\/sites\/3\/2021\/08\/Madshus_Race_Speed-300x300-1.jpg?strip=all&lossy=1&ssl=1","width":300,"height":300},{"@type":"BreadcrumbList","@id":"https:\/\/aktivtuteliv.se\/uppsala\/produkt\/madshus-race-speed-intelligrip\/#breadcrumb","itemListElement":[{"@type":"ListItem","position":1,"name":"Home","item":"https:\/\/aktivtuteliv.se\/uppsala\/startsida-vinter\/"},{"@type":"ListItem","position":2,"name":"Webbutik","item":"https:\/\/aktivtuteliv.se\/uppsala\/butik\/"},{"@type":"ListItem","position":3,"name":"Madshus Race Speed Intelligrip"}]},{"@type":"WebSite","@id":"https:\/\/aktivtuteliv.se\/uppsala\/#website","url":"https:\/\/aktivtuteliv.se\/uppsala\/","name":"Uppsala","description":"Hyr sport- &amp; friluftsutrustning","publisher":{"@id":"https:\/\/aktivtuteliv.se\/uppsala\/#organization"},"potentialAction":[{"@type":"SearchAction","target":{"@type":"EntryPoint","urlTemplate":"https:\/\/aktivtuteliv.se\/uppsala\/?s={search_term_string}"},"query-input":"required name=search_term_string"}],"inLanguage":"sv-SE"},{"@type":"Organization","@id":"https:\/\/aktivtuteliv.se\/uppsala\/#organization","name":"Uppsala","url":"https:\/\/aktivtuteliv.se\/uppsala\/","logo":{"@type":"ImageObject","inLanguage":"sv-SE","@id":"https:\/\/aktivtuteliv.se\/uppsala\/#\/schema\/logo\/image\/","url":"https:\/\/e5gp8rwuod7.exactdn.com\/uppsala\/wp-content\/uploads\/sites\/3\/2021\/07\/image-1-2.png?strip=all&lossy=1&ssl=1","contentUrl":"https:\/\/e5gp8rwuod7.exactdn.com\/uppsala\/wp-content\/uploads\/sites\/3\/2021\/07\/image-1-2.png?strip=all&lossy=1&ssl=1","width":200,"height":98,"caption":"Uppsala"},"image":{"@id":"https:\/\/aktivtuteliv.se\/uppsala\/#\/schema\/logo\/image\/"}}]}},"_links":{"self":[{"href":"https:\/\/aktivtuteliv.se\/uppsala\/wp-json\/wp\/v2\/product\/61763","targetHints":{"allow":["GET"]}}],"collection":[{"href":"https:\/\/aktivtuteliv.se\/uppsala\/wp-json\/wp\/v2\/product"}],"about":[{"href":"https:\/\/aktivtuteliv.se\/uppsala\/wp-json\/wp\/v2\/types\/product"}],"wp:featuredmedia":[{"embeddable":true,"href":"https:\/\/aktivtuteliv.se\/uppsala\/wp-json\/wp\/v2\/media\/61764"}],"wp:attachment":[{"href":"https:\/\/aktivtuteliv.se\/uppsala\/wp-json\/wp\/v2\/media?parent=61763"}],"wp:term":[{"taxonomy":"product_cat","embeddable":true,"href":"https:\/\/aktivtuteliv.se\/uppsala\/wp-json\/wp\/v2\/product_cat?post=61763"},{"taxonomy":"product_tag","embeddable":true,"href":"https:\/\/aktivtuteliv.se\/uppsala\/wp-json\/wp\/v2\/product_tag?post=61763"}],"curies":[{"name":"wp","href":"https:\/\/api.w.org\/{rel}","templated":true}]}}