


{"id":61780,"date":"2021-08-27T12:41:49","date_gmt":"2021-08-27T12:41:49","guid":{"rendered":"https:\/\/aktivtuteliv.se\/uppsala\/?post_type=product&#038;p=61780"},"modified":"2021-10-07T11:18:28","modified_gmt":"2021-10-07T11:18:28","slug":"tahe-marine-reval-mini-pe","status":"publish","type":"product","link":"https:\/\/aktivtuteliv.se\/uppsala\/produkt\/tahe-marine-reval-mini-pe\/","title":{"rendered":"Tahe Marine Reval Mini PE"},"content":{"rendered":"<p>Tahe Marine Reval Mini \u00e4r havskajak av brittisk typ gjord f\u00f6r sm\u00e5 paddlare. Kajaken har en hel del rocker med uppsv\u00e4ngd f\u00f6r och akter vilket g\u00f6r att den g\u00e5r bra i v\u00e5gor och h\u00f6g sj\u00f6. Samtidigt \u00e4r den tillr\u00e4ckligt l\u00e5ng f\u00f6r att bli kursstabil och l\u00e4ttdriven. Den stora sittbrunnen g\u00f6r den l\u00e4tt att kliva i och ur. Reval Mini \u00e4r en allroundkajak f\u00f6r dig som vill ha en kajak att utvecklas med.<\/p>\n<p>&nbsp;<\/p>\n<p>Tillverkad av strykt\u00e5lig trelagersplast som inte kr\u00e4ver n\u00e5got underh\u00e5ll och t\u00e5l utomhusf\u00f6rvaring i varierande v\u00e4derlek. Utrustad med sk\u00e4dda och roder.<\/p>\n<p>&nbsp;<\/p>\n<p>Tahe Marine \u00e4r Europas st\u00f6rsta kajaktillverkare med l\u00e5ng erfarenhet av att bygga kvalitetskajaker i olika material. Deras genomg\u00e5ende byggkvalit\u00e9 och innovativa l\u00f6sningar hittar du p\u00e5 samtliga av deras modeller, \u00e4ven deras billigare kajaker.<\/p>\n<p>&nbsp;<\/p>\n<p><strong>TAHE MARINE REVAL MINI<br \/>\n<\/strong>Maxkapacitet: 120 kg<br \/>\nL\u00e4ngd: 490 cm<br \/>\nBredd: 54 cm<br \/>\nVikt: 26-29 kg<br \/>\nMaterial: polyethylene (PE)<br \/>\nSittbrunn: 88 x 51 cm<br \/>\nF\u00e4rg: gul, r\u00f6d, orange, gr\u00f6n eller bl\u00e5<\/p>\n","protected":false},"excerpt":{"rendered":"<p>Tahe Marine Reval Mini \u00e4r havskajak av brittisk typ gjord f\u00f6r sm\u00e5 paddlare. Kajaken har en hel del rocker med uppsv\u00e4ngd f\u00f6r och akter vilket g\u00f6r att den g\u00e5r bra [&hellip;]<\/p>\n","protected":false},"featured_media":61781,"template":"","meta":{"_acf_changed":false},"product_cat":[104,354,378],"product_tag":[],"class_list":{"0":"post-61780","1":"product","2":"type-product","3":"status-publish","4":"has-post-thumbnail","6":"product_cat-paddling","7":"product_cat-forsaljning-kanot","8":"product_cat-forsaljning-kajak","10":"first","11":"outofstock","12":"shipping-taxable","13":"purchasable","14":"product-type-simple"},"acf":[],"yoast_head":"<!-- This site is optimized with the Yoast SEO plugin v23.0 - https:\/\/yoast.com\/wordpress\/plugins\/seo\/ -->\n<title>Tahe Marine Reval Mini PE - Uppsala<\/title>\n<meta name=\"robots\" content=\"index, follow, max-snippet:-1, max-image-preview:large, max-video-preview:-1\" \/>\n<link rel=\"canonical\" href=\"https:\/\/aktivtuteliv.se\/uppsala\/produkt\/tahe-marine-reval-mini-pe\/\" \/>\n<meta property=\"og:locale\" content=\"sv_SE\" \/>\n<meta property=\"og:type\" content=\"article\" \/>\n<meta property=\"og:title\" content=\"Tahe Marine Reval Mini PE - Uppsala\" \/>\n<meta property=\"og:description\" content=\"Tahe Marine Reval Mini \u00e4r havskajak av brittisk typ gjord f\u00f6r sm\u00e5 paddlare. Kajaken har en hel del rocker med uppsv\u00e4ngd f\u00f6r och akter vilket g\u00f6r att den g\u00e5r bra [&hellip;]\" \/>\n<meta property=\"og:url\" content=\"https:\/\/aktivtuteliv.se\/uppsala\/produkt\/tahe-marine-reval-mini-pe\/\" \/>\n<meta property=\"og:site_name\" content=\"Uppsala\" \/>\n<meta property=\"article:modified_time\" content=\"2021-10-07T11:18:28+00:00\" \/>\n<meta property=\"og:image\" content=\"https:\/\/aktivtuteliv.se\/uppsala\/wp-content\/uploads\/sites\/3\/2021\/08\/Tahe_Marine_Reval_Mini-300x300-1.jpg\" \/>\n\t<meta property=\"og:image:width\" content=\"300\" \/>\n\t<meta property=\"og:image:height\" content=\"300\" \/>\n\t<meta property=\"og:image:type\" content=\"image\/jpeg\" \/>\n<meta name=\"twitter:card\" content=\"summary_large_image\" \/>\n<meta name=\"twitter:label1\" content=\"Ber\u00e4knad l\u00e4stid\" \/>\n\t<meta name=\"twitter:data1\" content=\"1 minut\" \/>\n<script type=\"application\/ld+json\" class=\"yoast-schema-graph\">{\"@context\":\"https:\/\/schema.org\",\"@graph\":[{\"@type\":\"WebPage\",\"@id\":\"https:\/\/aktivtuteliv.se\/uppsala\/produkt\/tahe-marine-reval-mini-pe\/\",\"url\":\"https:\/\/aktivtuteliv.se\/uppsala\/produkt\/tahe-marine-reval-mini-pe\/\",\"name\":\"Tahe Marine Reval Mini PE - Uppsala\",\"isPartOf\":{\"@id\":\"https:\/\/aktivtuteliv.se\/uppsala\/#website\"},\"primaryImageOfPage\":{\"@id\":\"https:\/\/aktivtuteliv.se\/uppsala\/produkt\/tahe-marine-reval-mini-pe\/#primaryimage\"},\"image\":{\"@id\":\"https:\/\/aktivtuteliv.se\/uppsala\/produkt\/tahe-marine-reval-mini-pe\/#primaryimage\"},\"thumbnailUrl\":\"https:\/\/e5gp8rwuod7.exactdn.com\/uppsala\/wp-content\/uploads\/sites\/3\/2021\/08\/Tahe_Marine_Reval_Mini-300x300-1.jpg?strip=all&lossy=1&ssl=1\",\"datePublished\":\"2021-08-27T12:41:49+00:00\",\"dateModified\":\"2021-10-07T11:18:28+00:00\",\"breadcrumb\":{\"@id\":\"https:\/\/aktivtuteliv.se\/uppsala\/produkt\/tahe-marine-reval-mini-pe\/#breadcrumb\"},\"inLanguage\":\"sv-SE\",\"potentialAction\":[{\"@type\":\"ReadAction\",\"target\":[\"https:\/\/aktivtuteliv.se\/uppsala\/produkt\/tahe-marine-reval-mini-pe\/\"]}]},{\"@type\":\"ImageObject\",\"inLanguage\":\"sv-SE\",\"@id\":\"https:\/\/aktivtuteliv.se\/uppsala\/produkt\/tahe-marine-reval-mini-pe\/#primaryimage\",\"url\":\"https:\/\/e5gp8rwuod7.exactdn.com\/uppsala\/wp-content\/uploads\/sites\/3\/2021\/08\/Tahe_Marine_Reval_Mini-300x300-1.jpg?strip=all&lossy=1&ssl=1\",\"contentUrl\":\"https:\/\/e5gp8rwuod7.exactdn.com\/uppsala\/wp-content\/uploads\/sites\/3\/2021\/08\/Tahe_Marine_Reval_Mini-300x300-1.jpg?strip=all&lossy=1&ssl=1\",\"width\":300,\"height\":300},{\"@type\":\"BreadcrumbList\",\"@id\":\"https:\/\/aktivtuteliv.se\/uppsala\/produkt\/tahe-marine-reval-mini-pe\/#breadcrumb\",\"itemListElement\":[{\"@type\":\"ListItem\",\"position\":1,\"name\":\"Home\",\"item\":\"https:\/\/aktivtuteliv.se\/uppsala\/startsida-vinter\/\"},{\"@type\":\"ListItem\",\"position\":2,\"name\":\"Webbutik\",\"item\":\"https:\/\/aktivtuteliv.se\/uppsala\/butik\/\"},{\"@type\":\"ListItem\",\"position\":3,\"name\":\"Tahe Marine Reval Mini PE\"}]},{\"@type\":\"WebSite\",\"@id\":\"https:\/\/aktivtuteliv.se\/uppsala\/#website\",\"url\":\"https:\/\/aktivtuteliv.se\/uppsala\/\",\"name\":\"Uppsala\",\"description\":\"Hyr sport- &amp; friluftsutrustning\",\"publisher\":{\"@id\":\"https:\/\/aktivtuteliv.se\/uppsala\/#organization\"},\"potentialAction\":[{\"@type\":\"SearchAction\",\"target\":{\"@type\":\"EntryPoint\",\"urlTemplate\":\"https:\/\/aktivtuteliv.se\/uppsala\/?s={search_term_string}\"},\"query-input\":\"required name=search_term_string\"}],\"inLanguage\":\"sv-SE\"},{\"@type\":\"Organization\",\"@id\":\"https:\/\/aktivtuteliv.se\/uppsala\/#organization\",\"name\":\"Uppsala\",\"url\":\"https:\/\/aktivtuteliv.se\/uppsala\/\",\"logo\":{\"@type\":\"ImageObject\",\"inLanguage\":\"sv-SE\",\"@id\":\"https:\/\/aktivtuteliv.se\/uppsala\/#\/schema\/logo\/image\/\",\"url\":\"https:\/\/e5gp8rwuod7.exactdn.com\/uppsala\/wp-content\/uploads\/sites\/3\/2021\/07\/image-1-2.png?strip=all&lossy=1&ssl=1\",\"contentUrl\":\"https:\/\/e5gp8rwuod7.exactdn.com\/uppsala\/wp-content\/uploads\/sites\/3\/2021\/07\/image-1-2.png?strip=all&lossy=1&ssl=1\",\"width\":200,\"height\":98,\"caption\":\"Uppsala\"},\"image\":{\"@id\":\"https:\/\/aktivtuteliv.se\/uppsala\/#\/schema\/logo\/image\/\"}}]}<\/script>\n<!-- \/ Yoast SEO plugin. -->","yoast_head_json":{"title":"Tahe Marine Reval Mini PE - Uppsala","robots":{"index":"index","follow":"follow","max-snippet":"max-snippet:-1","max-image-preview":"max-image-preview:large","max-video-preview":"max-video-preview:-1"},"canonical":"https:\/\/aktivtuteliv.se\/uppsala\/produkt\/tahe-marine-reval-mini-pe\/","og_locale":"sv_SE","og_type":"article","og_title":"Tahe Marine Reval Mini PE - Uppsala","og_description":"Tahe Marine Reval Mini \u00e4r havskajak av brittisk typ gjord f\u00f6r sm\u00e5 paddlare. Kajaken har en hel del rocker med uppsv\u00e4ngd f\u00f6r och akter vilket g\u00f6r att den g\u00e5r bra [&hellip;]","og_url":"https:\/\/aktivtuteliv.se\/uppsala\/produkt\/tahe-marine-reval-mini-pe\/","og_site_name":"Uppsala","article_modified_time":"2021-10-07T11:18:28+00:00","og_image":[{"width":300,"height":300,"url":"https:\/\/aktivtuteliv.se\/uppsala\/wp-content\/uploads\/sites\/3\/2021\/08\/Tahe_Marine_Reval_Mini-300x300-1.jpg","type":"image\/jpeg"}],"twitter_card":"summary_large_image","twitter_misc":{"Ber\u00e4knad l\u00e4stid":"1 minut"},"schema":{"@context":"https:\/\/schema.org","@graph":[{"@type":"WebPage","@id":"https:\/\/aktivtuteliv.se\/uppsala\/produkt\/tahe-marine-reval-mini-pe\/","url":"https:\/\/aktivtuteliv.se\/uppsala\/produkt\/tahe-marine-reval-mini-pe\/","name":"Tahe Marine Reval Mini PE - Uppsala","isPartOf":{"@id":"https:\/\/aktivtuteliv.se\/uppsala\/#website"},"primaryImageOfPage":{"@id":"https:\/\/aktivtuteliv.se\/uppsala\/produkt\/tahe-marine-reval-mini-pe\/#primaryimage"},"image":{"@id":"https:\/\/aktivtuteliv.se\/uppsala\/produkt\/tahe-marine-reval-mini-pe\/#primaryimage"},"thumbnailUrl":"https:\/\/e5gp8rwuod7.exactdn.com\/uppsala\/wp-content\/uploads\/sites\/3\/2021\/08\/Tahe_Marine_Reval_Mini-300x300-1.jpg?strip=all&lossy=1&ssl=1","datePublished":"2021-08-27T12:41:49+00:00","dateModified":"2021-10-07T11:18:28+00:00","breadcrumb":{"@id":"https:\/\/aktivtuteliv.se\/uppsala\/produkt\/tahe-marine-reval-mini-pe\/#breadcrumb"},"inLanguage":"sv-SE","potentialAction":[{"@type":"ReadAction","target":["https:\/\/aktivtuteliv.se\/uppsala\/produkt\/tahe-marine-reval-mini-pe\/"]}]},{"@type":"ImageObject","inLanguage":"sv-SE","@id":"https:\/\/aktivtuteliv.se\/uppsala\/produkt\/tahe-marine-reval-mini-pe\/#primaryimage","url":"https:\/\/e5gp8rwuod7.exactdn.com\/uppsala\/wp-content\/uploads\/sites\/3\/2021\/08\/Tahe_Marine_Reval_Mini-300x300-1.jpg?strip=all&lossy=1&ssl=1","contentUrl":"https:\/\/e5gp8rwuod7.exactdn.com\/uppsala\/wp-content\/uploads\/sites\/3\/2021\/08\/Tahe_Marine_Reval_Mini-300x300-1.jpg?strip=all&lossy=1&ssl=1","width":300,"height":300},{"@type":"BreadcrumbList","@id":"https:\/\/aktivtuteliv.se\/uppsala\/produkt\/tahe-marine-reval-mini-pe\/#breadcrumb","itemListElement":[{"@type":"ListItem","position":1,"name":"Home","item":"https:\/\/aktivtuteliv.se\/uppsala\/startsida-vinter\/"},{"@type":"ListItem","position":2,"name":"Webbutik","item":"https:\/\/aktivtuteliv.se\/uppsala\/butik\/"},{"@type":"ListItem","position":3,"name":"Tahe Marine Reval Mini PE"}]},{"@type":"WebSite","@id":"https:\/\/aktivtuteliv.se\/uppsala\/#website","url":"https:\/\/aktivtuteliv.se\/uppsala\/","name":"Uppsala","description":"Hyr sport- &amp; friluftsutrustning","publisher":{"@id":"https:\/\/aktivtuteliv.se\/uppsala\/#organization"},"potentialAction":[{"@type":"SearchAction","target":{"@type":"EntryPoint","urlTemplate":"https:\/\/aktivtuteliv.se\/uppsala\/?s={search_term_string}"},"query-input":"required name=search_term_string"}],"inLanguage":"sv-SE"},{"@type":"Organization","@id":"https:\/\/aktivtuteliv.se\/uppsala\/#organization","name":"Uppsala","url":"https:\/\/aktivtuteliv.se\/uppsala\/","logo":{"@type":"ImageObject","inLanguage":"sv-SE","@id":"https:\/\/aktivtuteliv.se\/uppsala\/#\/schema\/logo\/image\/","url":"https:\/\/e5gp8rwuod7.exactdn.com\/uppsala\/wp-content\/uploads\/sites\/3\/2021\/07\/image-1-2.png?strip=all&lossy=1&ssl=1","contentUrl":"https:\/\/e5gp8rwuod7.exactdn.com\/uppsala\/wp-content\/uploads\/sites\/3\/2021\/07\/image-1-2.png?strip=all&lossy=1&ssl=1","width":200,"height":98,"caption":"Uppsala"},"image":{"@id":"https:\/\/aktivtuteliv.se\/uppsala\/#\/schema\/logo\/image\/"}}]}},"_links":{"self":[{"href":"https:\/\/aktivtuteliv.se\/uppsala\/wp-json\/wp\/v2\/product\/61780","targetHints":{"allow":["GET"]}}],"collection":[{"href":"https:\/\/aktivtuteliv.se\/uppsala\/wp-json\/wp\/v2\/product"}],"about":[{"href":"https:\/\/aktivtuteliv.se\/uppsala\/wp-json\/wp\/v2\/types\/product"}],"wp:featuredmedia":[{"embeddable":true,"href":"https:\/\/aktivtuteliv.se\/uppsala\/wp-json\/wp\/v2\/media\/61781"}],"wp:attachment":[{"href":"https:\/\/aktivtuteliv.se\/uppsala\/wp-json\/wp\/v2\/media?parent=61780"}],"wp:term":[{"taxonomy":"product_cat","embeddable":true,"href":"https:\/\/aktivtuteliv.se\/uppsala\/wp-json\/wp\/v2\/product_cat?post=61780"},{"taxonomy":"product_tag","embeddable":true,"href":"https:\/\/aktivtuteliv.se\/uppsala\/wp-json\/wp\/v2\/product_tag?post=61780"}],"curies":[{"name":"wp","href":"https:\/\/api.w.org\/{rel}","templated":true}]}}