


{"id":61797,"date":"2021-08-27T13:35:32","date_gmt":"2021-08-27T13:35:32","guid":{"rendered":"https:\/\/aktivtuteliv.se\/uppsala\/?post_type=product&#038;p=61797"},"modified":"2021-10-07T11:18:29","modified_gmt":"2021-10-07T11:18:29","slug":"tnp-wolferine-carbon-light-kajakpaddel","status":"publish","type":"product","link":"https:\/\/aktivtuteliv.se\/uppsala\/produkt\/tnp-wolferine-carbon-light-kajakpaddel\/","title":{"rendered":"TNP Wolferine Carbon Light, kajakpaddel"},"content":{"rendered":"<p>TNP Wolferine Carbon Light \u00e4r en l\u00e4tt och strykt\u00e5lig paddel med ovalt skaft. TNP har utvecklat en helt ny plastteknik f\u00f6r att tillverka paddlar. Genom att byta ut glasfiber i bladen mot kolfiber har man f\u00e5tt en mycket styvare konstruktion som svarar bra p\u00e5 paddeldragen. Taggen p\u00e5 nedsidan av bladet g\u00f6r att allt vatten rinner av. Paddeln \u00e4r delbar, men har fast l\u00e4ngd och vinkeln 60 grader.<\/p>\n<p>&nbsp;<\/p>\n<p><strong>Specifikation<\/strong><\/p>\n<ul>\n<li>L\u00e4ngd: 210 cm, 215 cm, 220 cm<\/li>\n<li>Bladyta: 655 cm<sup>2<\/sup><\/li>\n<li>Vikt: 940 g<\/li>\n<li>Diameter skaft: 28 mm<\/li>\n<li>Material i skaft: glasfiber<\/li>\n<li>Material i blad: PAC \u2013 Carbon reinforced polyamide<\/li>\n<\/ul>\n","protected":false},"excerpt":{"rendered":"<p>TNP Wolferine Carbon Light \u00e4r en l\u00e4tt och strykt\u00e5lig paddel med ovalt skaft. TNP har utvecklat en helt ny plastteknik f\u00f6r att tillverka paddlar. Genom att byta ut glasfiber i [&hellip;]<\/p>\n","protected":false},"featured_media":61798,"template":"","meta":{"_acf_changed":false},"product_cat":[104,354,390],"product_tag":[],"class_list":{"0":"post-61797","1":"product","2":"type-product","3":"status-publish","4":"has-post-thumbnail","6":"product_cat-paddling","7":"product_cat-forsaljning-kanot","8":"product_cat-kajak-tillbehor-forsaljning","10":"first","11":"outofstock","12":"shipping-taxable","13":"purchasable","14":"product-type-simple"},"acf":[],"yoast_head":"<!-- This site is optimized with the Yoast SEO plugin v23.0 - https:\/\/yoast.com\/wordpress\/plugins\/seo\/ -->\n<title>TNP Wolferine Carbon Light, kajakpaddel - Uppsala<\/title>\n<meta name=\"robots\" content=\"index, follow, max-snippet:-1, max-image-preview:large, max-video-preview:-1\" \/>\n<link rel=\"canonical\" href=\"https:\/\/aktivtuteliv.se\/uppsala\/produkt\/tnp-wolferine-carbon-light-kajakpaddel\/\" \/>\n<meta property=\"og:locale\" content=\"sv_SE\" \/>\n<meta property=\"og:type\" content=\"article\" \/>\n<meta property=\"og:title\" content=\"TNP Wolferine Carbon Light, kajakpaddel - Uppsala\" \/>\n<meta property=\"og:description\" content=\"TNP Wolferine Carbon Light \u00e4r en l\u00e4tt och strykt\u00e5lig paddel med ovalt skaft. TNP har utvecklat en helt ny plastteknik f\u00f6r att tillverka paddlar. Genom att byta ut glasfiber i [&hellip;]\" \/>\n<meta property=\"og:url\" content=\"https:\/\/aktivtuteliv.se\/uppsala\/produkt\/tnp-wolferine-carbon-light-kajakpaddel\/\" \/>\n<meta property=\"og:site_name\" content=\"Uppsala\" \/>\n<meta property=\"article:modified_time\" content=\"2021-10-07T11:18:29+00:00\" \/>\n<meta property=\"og:image\" content=\"https:\/\/aktivtuteliv.se\/uppsala\/wp-content\/uploads\/sites\/3\/2021\/08\/TNP-Wolferine-Carbon-Light-2-300x300-1.jpg\" \/>\n\t<meta property=\"og:image:width\" content=\"300\" \/>\n\t<meta property=\"og:image:height\" content=\"300\" \/>\n\t<meta property=\"og:image:type\" content=\"image\/jpeg\" \/>\n<meta name=\"twitter:card\" content=\"summary_large_image\" \/>\n<meta name=\"twitter:label1\" content=\"Ber\u00e4knad l\u00e4stid\" \/>\n\t<meta name=\"twitter:data1\" content=\"1 minut\" \/>\n<script type=\"application\/ld+json\" class=\"yoast-schema-graph\">{\"@context\":\"https:\/\/schema.org\",\"@graph\":[{\"@type\":\"WebPage\",\"@id\":\"https:\/\/aktivtuteliv.se\/uppsala\/produkt\/tnp-wolferine-carbon-light-kajakpaddel\/\",\"url\":\"https:\/\/aktivtuteliv.se\/uppsala\/produkt\/tnp-wolferine-carbon-light-kajakpaddel\/\",\"name\":\"TNP Wolferine Carbon Light, kajakpaddel - Uppsala\",\"isPartOf\":{\"@id\":\"https:\/\/aktivtuteliv.se\/uppsala\/#website\"},\"primaryImageOfPage\":{\"@id\":\"https:\/\/aktivtuteliv.se\/uppsala\/produkt\/tnp-wolferine-carbon-light-kajakpaddel\/#primaryimage\"},\"image\":{\"@id\":\"https:\/\/aktivtuteliv.se\/uppsala\/produkt\/tnp-wolferine-carbon-light-kajakpaddel\/#primaryimage\"},\"thumbnailUrl\":\"https:\/\/e5gp8rwuod7.exactdn.com\/uppsala\/wp-content\/uploads\/sites\/3\/2021\/08\/TNP-Wolferine-Carbon-Light-2-300x300-1.jpg?strip=all&lossy=1&ssl=1\",\"datePublished\":\"2021-08-27T13:35:32+00:00\",\"dateModified\":\"2021-10-07T11:18:29+00:00\",\"breadcrumb\":{\"@id\":\"https:\/\/aktivtuteliv.se\/uppsala\/produkt\/tnp-wolferine-carbon-light-kajakpaddel\/#breadcrumb\"},\"inLanguage\":\"sv-SE\",\"potentialAction\":[{\"@type\":\"ReadAction\",\"target\":[\"https:\/\/aktivtuteliv.se\/uppsala\/produkt\/tnp-wolferine-carbon-light-kajakpaddel\/\"]}]},{\"@type\":\"ImageObject\",\"inLanguage\":\"sv-SE\",\"@id\":\"https:\/\/aktivtuteliv.se\/uppsala\/produkt\/tnp-wolferine-carbon-light-kajakpaddel\/#primaryimage\",\"url\":\"https:\/\/e5gp8rwuod7.exactdn.com\/uppsala\/wp-content\/uploads\/sites\/3\/2021\/08\/TNP-Wolferine-Carbon-Light-2-300x300-1.jpg?strip=all&lossy=1&ssl=1\",\"contentUrl\":\"https:\/\/e5gp8rwuod7.exactdn.com\/uppsala\/wp-content\/uploads\/sites\/3\/2021\/08\/TNP-Wolferine-Carbon-Light-2-300x300-1.jpg?strip=all&lossy=1&ssl=1\",\"width\":300,\"height\":300},{\"@type\":\"BreadcrumbList\",\"@id\":\"https:\/\/aktivtuteliv.se\/uppsala\/produkt\/tnp-wolferine-carbon-light-kajakpaddel\/#breadcrumb\",\"itemListElement\":[{\"@type\":\"ListItem\",\"position\":1,\"name\":\"Home\",\"item\":\"https:\/\/aktivtuteliv.se\/uppsala\/startsida-vinter\/\"},{\"@type\":\"ListItem\",\"position\":2,\"name\":\"Webbutik\",\"item\":\"https:\/\/aktivtuteliv.se\/uppsala\/butik\/\"},{\"@type\":\"ListItem\",\"position\":3,\"name\":\"TNP Wolferine Carbon Light, kajakpaddel\"}]},{\"@type\":\"WebSite\",\"@id\":\"https:\/\/aktivtuteliv.se\/uppsala\/#website\",\"url\":\"https:\/\/aktivtuteliv.se\/uppsala\/\",\"name\":\"Uppsala\",\"description\":\"Hyr sport- &amp; friluftsutrustning\",\"publisher\":{\"@id\":\"https:\/\/aktivtuteliv.se\/uppsala\/#organization\"},\"potentialAction\":[{\"@type\":\"SearchAction\",\"target\":{\"@type\":\"EntryPoint\",\"urlTemplate\":\"https:\/\/aktivtuteliv.se\/uppsala\/?s={search_term_string}\"},\"query-input\":\"required name=search_term_string\"}],\"inLanguage\":\"sv-SE\"},{\"@type\":\"Organization\",\"@id\":\"https:\/\/aktivtuteliv.se\/uppsala\/#organization\",\"name\":\"Uppsala\",\"url\":\"https:\/\/aktivtuteliv.se\/uppsala\/\",\"logo\":{\"@type\":\"ImageObject\",\"inLanguage\":\"sv-SE\",\"@id\":\"https:\/\/aktivtuteliv.se\/uppsala\/#\/schema\/logo\/image\/\",\"url\":\"https:\/\/e5gp8rwuod7.exactdn.com\/uppsala\/wp-content\/uploads\/sites\/3\/2021\/07\/image-1-2.png?strip=all&lossy=1&ssl=1\",\"contentUrl\":\"https:\/\/e5gp8rwuod7.exactdn.com\/uppsala\/wp-content\/uploads\/sites\/3\/2021\/07\/image-1-2.png?strip=all&lossy=1&ssl=1\",\"width\":200,\"height\":98,\"caption\":\"Uppsala\"},\"image\":{\"@id\":\"https:\/\/aktivtuteliv.se\/uppsala\/#\/schema\/logo\/image\/\"}}]}<\/script>\n<!-- \/ Yoast SEO plugin. -->","yoast_head_json":{"title":"TNP Wolferine Carbon Light, kajakpaddel - Uppsala","robots":{"index":"index","follow":"follow","max-snippet":"max-snippet:-1","max-image-preview":"max-image-preview:large","max-video-preview":"max-video-preview:-1"},"canonical":"https:\/\/aktivtuteliv.se\/uppsala\/produkt\/tnp-wolferine-carbon-light-kajakpaddel\/","og_locale":"sv_SE","og_type":"article","og_title":"TNP Wolferine Carbon Light, kajakpaddel - Uppsala","og_description":"TNP Wolferine Carbon Light \u00e4r en l\u00e4tt och strykt\u00e5lig paddel med ovalt skaft. TNP har utvecklat en helt ny plastteknik f\u00f6r att tillverka paddlar. Genom att byta ut glasfiber i [&hellip;]","og_url":"https:\/\/aktivtuteliv.se\/uppsala\/produkt\/tnp-wolferine-carbon-light-kajakpaddel\/","og_site_name":"Uppsala","article_modified_time":"2021-10-07T11:18:29+00:00","og_image":[{"width":300,"height":300,"url":"https:\/\/aktivtuteliv.se\/uppsala\/wp-content\/uploads\/sites\/3\/2021\/08\/TNP-Wolferine-Carbon-Light-2-300x300-1.jpg","type":"image\/jpeg"}],"twitter_card":"summary_large_image","twitter_misc":{"Ber\u00e4knad l\u00e4stid":"1 minut"},"schema":{"@context":"https:\/\/schema.org","@graph":[{"@type":"WebPage","@id":"https:\/\/aktivtuteliv.se\/uppsala\/produkt\/tnp-wolferine-carbon-light-kajakpaddel\/","url":"https:\/\/aktivtuteliv.se\/uppsala\/produkt\/tnp-wolferine-carbon-light-kajakpaddel\/","name":"TNP Wolferine Carbon Light, kajakpaddel - Uppsala","isPartOf":{"@id":"https:\/\/aktivtuteliv.se\/uppsala\/#website"},"primaryImageOfPage":{"@id":"https:\/\/aktivtuteliv.se\/uppsala\/produkt\/tnp-wolferine-carbon-light-kajakpaddel\/#primaryimage"},"image":{"@id":"https:\/\/aktivtuteliv.se\/uppsala\/produkt\/tnp-wolferine-carbon-light-kajakpaddel\/#primaryimage"},"thumbnailUrl":"https:\/\/e5gp8rwuod7.exactdn.com\/uppsala\/wp-content\/uploads\/sites\/3\/2021\/08\/TNP-Wolferine-Carbon-Light-2-300x300-1.jpg?strip=all&lossy=1&ssl=1","datePublished":"2021-08-27T13:35:32+00:00","dateModified":"2021-10-07T11:18:29+00:00","breadcrumb":{"@id":"https:\/\/aktivtuteliv.se\/uppsala\/produkt\/tnp-wolferine-carbon-light-kajakpaddel\/#breadcrumb"},"inLanguage":"sv-SE","potentialAction":[{"@type":"ReadAction","target":["https:\/\/aktivtuteliv.se\/uppsala\/produkt\/tnp-wolferine-carbon-light-kajakpaddel\/"]}]},{"@type":"ImageObject","inLanguage":"sv-SE","@id":"https:\/\/aktivtuteliv.se\/uppsala\/produkt\/tnp-wolferine-carbon-light-kajakpaddel\/#primaryimage","url":"https:\/\/e5gp8rwuod7.exactdn.com\/uppsala\/wp-content\/uploads\/sites\/3\/2021\/08\/TNP-Wolferine-Carbon-Light-2-300x300-1.jpg?strip=all&lossy=1&ssl=1","contentUrl":"https:\/\/e5gp8rwuod7.exactdn.com\/uppsala\/wp-content\/uploads\/sites\/3\/2021\/08\/TNP-Wolferine-Carbon-Light-2-300x300-1.jpg?strip=all&lossy=1&ssl=1","width":300,"height":300},{"@type":"BreadcrumbList","@id":"https:\/\/aktivtuteliv.se\/uppsala\/produkt\/tnp-wolferine-carbon-light-kajakpaddel\/#breadcrumb","itemListElement":[{"@type":"ListItem","position":1,"name":"Home","item":"https:\/\/aktivtuteliv.se\/uppsala\/startsida-vinter\/"},{"@type":"ListItem","position":2,"name":"Webbutik","item":"https:\/\/aktivtuteliv.se\/uppsala\/butik\/"},{"@type":"ListItem","position":3,"name":"TNP Wolferine Carbon Light, kajakpaddel"}]},{"@type":"WebSite","@id":"https:\/\/aktivtuteliv.se\/uppsala\/#website","url":"https:\/\/aktivtuteliv.se\/uppsala\/","name":"Uppsala","description":"Hyr sport- &amp; friluftsutrustning","publisher":{"@id":"https:\/\/aktivtuteliv.se\/uppsala\/#organization"},"potentialAction":[{"@type":"SearchAction","target":{"@type":"EntryPoint","urlTemplate":"https:\/\/aktivtuteliv.se\/uppsala\/?s={search_term_string}"},"query-input":"required name=search_term_string"}],"inLanguage":"sv-SE"},{"@type":"Organization","@id":"https:\/\/aktivtuteliv.se\/uppsala\/#organization","name":"Uppsala","url":"https:\/\/aktivtuteliv.se\/uppsala\/","logo":{"@type":"ImageObject","inLanguage":"sv-SE","@id":"https:\/\/aktivtuteliv.se\/uppsala\/#\/schema\/logo\/image\/","url":"https:\/\/e5gp8rwuod7.exactdn.com\/uppsala\/wp-content\/uploads\/sites\/3\/2021\/07\/image-1-2.png?strip=all&lossy=1&ssl=1","contentUrl":"https:\/\/e5gp8rwuod7.exactdn.com\/uppsala\/wp-content\/uploads\/sites\/3\/2021\/07\/image-1-2.png?strip=all&lossy=1&ssl=1","width":200,"height":98,"caption":"Uppsala"},"image":{"@id":"https:\/\/aktivtuteliv.se\/uppsala\/#\/schema\/logo\/image\/"}}]}},"_links":{"self":[{"href":"https:\/\/aktivtuteliv.se\/uppsala\/wp-json\/wp\/v2\/product\/61797","targetHints":{"allow":["GET"]}}],"collection":[{"href":"https:\/\/aktivtuteliv.se\/uppsala\/wp-json\/wp\/v2\/product"}],"about":[{"href":"https:\/\/aktivtuteliv.se\/uppsala\/wp-json\/wp\/v2\/types\/product"}],"wp:featuredmedia":[{"embeddable":true,"href":"https:\/\/aktivtuteliv.se\/uppsala\/wp-json\/wp\/v2\/media\/61798"}],"wp:attachment":[{"href":"https:\/\/aktivtuteliv.se\/uppsala\/wp-json\/wp\/v2\/media?parent=61797"}],"wp:term":[{"taxonomy":"product_cat","embeddable":true,"href":"https:\/\/aktivtuteliv.se\/uppsala\/wp-json\/wp\/v2\/product_cat?post=61797"},{"taxonomy":"product_tag","embeddable":true,"href":"https:\/\/aktivtuteliv.se\/uppsala\/wp-json\/wp\/v2\/product_tag?post=61797"}],"curies":[{"name":"wp","href":"https:\/\/api.w.org\/{rel}","templated":true}]}}