


{"id":61810,"date":"2021-08-28T08:52:03","date_gmt":"2021-08-28T08:52:03","guid":{"rendered":"https:\/\/aktivtuteliv.se\/uppsala\/?post_type=product&#038;p=61810"},"modified":"2022-03-30T13:53:21","modified_gmt":"2022-03-30T13:53:21","slug":"kona-lake-3-delad-paddel","status":"publish","type":"product","link":"https:\/\/aktivtuteliv.se\/uppsala\/produkt\/kona-lake-3-delad-paddel\/","title":{"rendered":"Kona Lake, 3-delad paddel"},"content":{"rendered":"<p>Lake-paddeln m\u00f6ter nyb\u00f6rjarens behov till ett attraktivt pris. Denna baspaddel har ett glasfiberskaft och plastblad vilket g\u00f6r den mycket h\u00e5llbar och passar en nyb\u00f6rjare som testar sig fram. Bladet har en gummilist som skyddar paddeln vid st\u00f6tar som \u00e4r oundvikliga n\u00e4r man ska l\u00e4ra sig att paddla.<\/p>\n<p>&nbsp;<\/p>\n<p>Att paddeln \u00e4r tredelad g\u00f6r att den g\u00e5r att ta is\u00e4r och packa ned i ryggs\u00e4cken tillsammans med SUP:en utan att ta n\u00e5gon extra plats. Paddeln g\u00e5r enkelt att f\u00f6rl\u00e4nga eller f\u00f6rkorta med ett enkelt handgrepp.<\/p>\n<p>&nbsp;<\/p>\n<p><strong>3-PIECE:<\/strong> weight 0,89 kg \u2013 length 170-210 cm<br \/>\n<strong>MATERIAL SHAFT:<\/strong> fiberglass 100 %<br \/>\n<strong>MATERIAL BLADE:<\/strong> plastic with rubber edge rail blade protection<br \/>\n<strong>MATERIAL HANDLE:<\/strong> plastic<\/p>\n","protected":false},"excerpt":{"rendered":"<p>Lake-paddeln m\u00f6ter nyb\u00f6rjarens behov till ett attraktivt pris. Denna baspaddel har ett glasfiberskaft och plastblad vilket g\u00f6r den mycket h\u00e5llbar och passar en nyb\u00f6rjare som testar sig fram. Bladet har [&hellip;]<\/p>\n","protected":false},"featured_media":61811,"template":"","meta":{"_acf_changed":false},"product_cat":[104,354,391],"product_tag":[],"class_list":{"0":"post-61810","1":"product","2":"type-product","3":"status-publish","4":"has-post-thumbnail","6":"product_cat-paddling","7":"product_cat-forsaljning-kanot","8":"product_cat-sup-tillbehor-forsaljning","10":"first","11":"instock","12":"shipping-taxable","13":"purchasable","14":"product-type-simple"},"acf":[],"yoast_head":"<!-- This site is optimized with the Yoast SEO plugin v23.0 - https:\/\/yoast.com\/wordpress\/plugins\/seo\/ -->\n<title>Kona Lake, 3-delad paddel - Uppsala<\/title>\n<meta name=\"robots\" content=\"index, follow, max-snippet:-1, max-image-preview:large, max-video-preview:-1\" \/>\n<link rel=\"canonical\" href=\"https:\/\/aktivtuteliv.se\/uppsala\/produkt\/kona-lake-3-delad-paddel\/\" \/>\n<meta property=\"og:locale\" content=\"sv_SE\" \/>\n<meta property=\"og:type\" content=\"article\" \/>\n<meta property=\"og:title\" content=\"Kona Lake, 3-delad paddel - Uppsala\" \/>\n<meta property=\"og:description\" content=\"Lake-paddeln m\u00f6ter nyb\u00f6rjarens behov till ett attraktivt pris. Denna baspaddel har ett glasfiberskaft och plastblad vilket g\u00f6r den mycket h\u00e5llbar och passar en nyb\u00f6rjare som testar sig fram. Bladet har [&hellip;]\" \/>\n<meta property=\"og:url\" content=\"https:\/\/aktivtuteliv.se\/uppsala\/produkt\/kona-lake-3-delad-paddel\/\" \/>\n<meta property=\"og:site_name\" content=\"Uppsala\" \/>\n<meta property=\"article:modified_time\" content=\"2022-03-30T13:53:21+00:00\" \/>\n<meta property=\"og:image\" content=\"https:\/\/aktivtuteliv.se\/uppsala\/wp-content\/uploads\/sites\/3\/2021\/08\/Kona_Lake_3piece-300x300-1.jpg\" \/>\n\t<meta property=\"og:image:width\" content=\"300\" \/>\n\t<meta property=\"og:image:height\" content=\"300\" \/>\n\t<meta property=\"og:image:type\" content=\"image\/jpeg\" \/>\n<meta name=\"twitter:card\" content=\"summary_large_image\" \/>\n<meta name=\"twitter:label1\" content=\"Ber\u00e4knad l\u00e4stid\" \/>\n\t<meta name=\"twitter:data1\" content=\"1 minut\" \/>\n<script type=\"application\/ld+json\" class=\"yoast-schema-graph\">{\"@context\":\"https:\/\/schema.org\",\"@graph\":[{\"@type\":\"WebPage\",\"@id\":\"https:\/\/aktivtuteliv.se\/uppsala\/produkt\/kona-lake-3-delad-paddel\/\",\"url\":\"https:\/\/aktivtuteliv.se\/uppsala\/produkt\/kona-lake-3-delad-paddel\/\",\"name\":\"Kona Lake, 3-delad paddel - Uppsala\",\"isPartOf\":{\"@id\":\"https:\/\/aktivtuteliv.se\/uppsala\/#website\"},\"primaryImageOfPage\":{\"@id\":\"https:\/\/aktivtuteliv.se\/uppsala\/produkt\/kona-lake-3-delad-paddel\/#primaryimage\"},\"image\":{\"@id\":\"https:\/\/aktivtuteliv.se\/uppsala\/produkt\/kona-lake-3-delad-paddel\/#primaryimage\"},\"thumbnailUrl\":\"https:\/\/e5gp8rwuod7.exactdn.com\/uppsala\/wp-content\/uploads\/sites\/3\/2021\/08\/Kona_Lake_3piece-300x300-1.jpg?strip=all&lossy=1&ssl=1\",\"datePublished\":\"2021-08-28T08:52:03+00:00\",\"dateModified\":\"2022-03-30T13:53:21+00:00\",\"breadcrumb\":{\"@id\":\"https:\/\/aktivtuteliv.se\/uppsala\/produkt\/kona-lake-3-delad-paddel\/#breadcrumb\"},\"inLanguage\":\"sv-SE\",\"potentialAction\":[{\"@type\":\"ReadAction\",\"target\":[\"https:\/\/aktivtuteliv.se\/uppsala\/produkt\/kona-lake-3-delad-paddel\/\"]}]},{\"@type\":\"ImageObject\",\"inLanguage\":\"sv-SE\",\"@id\":\"https:\/\/aktivtuteliv.se\/uppsala\/produkt\/kona-lake-3-delad-paddel\/#primaryimage\",\"url\":\"https:\/\/e5gp8rwuod7.exactdn.com\/uppsala\/wp-content\/uploads\/sites\/3\/2021\/08\/Kona_Lake_3piece-300x300-1.jpg?strip=all&lossy=1&ssl=1\",\"contentUrl\":\"https:\/\/e5gp8rwuod7.exactdn.com\/uppsala\/wp-content\/uploads\/sites\/3\/2021\/08\/Kona_Lake_3piece-300x300-1.jpg?strip=all&lossy=1&ssl=1\",\"width\":300,\"height\":300},{\"@type\":\"BreadcrumbList\",\"@id\":\"https:\/\/aktivtuteliv.se\/uppsala\/produkt\/kona-lake-3-delad-paddel\/#breadcrumb\",\"itemListElement\":[{\"@type\":\"ListItem\",\"position\":1,\"name\":\"Home\",\"item\":\"https:\/\/aktivtuteliv.se\/uppsala\/startsida-vinter\/\"},{\"@type\":\"ListItem\",\"position\":2,\"name\":\"Webbutik\",\"item\":\"https:\/\/aktivtuteliv.se\/uppsala\/butik\/\"},{\"@type\":\"ListItem\",\"position\":3,\"name\":\"Kona Lake, 3-delad paddel\"}]},{\"@type\":\"WebSite\",\"@id\":\"https:\/\/aktivtuteliv.se\/uppsala\/#website\",\"url\":\"https:\/\/aktivtuteliv.se\/uppsala\/\",\"name\":\"Uppsala\",\"description\":\"Hyr sport- &amp; friluftsutrustning\",\"publisher\":{\"@id\":\"https:\/\/aktivtuteliv.se\/uppsala\/#organization\"},\"potentialAction\":[{\"@type\":\"SearchAction\",\"target\":{\"@type\":\"EntryPoint\",\"urlTemplate\":\"https:\/\/aktivtuteliv.se\/uppsala\/?s={search_term_string}\"},\"query-input\":\"required name=search_term_string\"}],\"inLanguage\":\"sv-SE\"},{\"@type\":\"Organization\",\"@id\":\"https:\/\/aktivtuteliv.se\/uppsala\/#organization\",\"name\":\"Uppsala\",\"url\":\"https:\/\/aktivtuteliv.se\/uppsala\/\",\"logo\":{\"@type\":\"ImageObject\",\"inLanguage\":\"sv-SE\",\"@id\":\"https:\/\/aktivtuteliv.se\/uppsala\/#\/schema\/logo\/image\/\",\"url\":\"https:\/\/e5gp8rwuod7.exactdn.com\/uppsala\/wp-content\/uploads\/sites\/3\/2021\/07\/image-1-2.png?strip=all&lossy=1&ssl=1\",\"contentUrl\":\"https:\/\/e5gp8rwuod7.exactdn.com\/uppsala\/wp-content\/uploads\/sites\/3\/2021\/07\/image-1-2.png?strip=all&lossy=1&ssl=1\",\"width\":200,\"height\":98,\"caption\":\"Uppsala\"},\"image\":{\"@id\":\"https:\/\/aktivtuteliv.se\/uppsala\/#\/schema\/logo\/image\/\"}}]}<\/script>\n<!-- \/ Yoast SEO plugin. -->","yoast_head_json":{"title":"Kona Lake, 3-delad paddel - Uppsala","robots":{"index":"index","follow":"follow","max-snippet":"max-snippet:-1","max-image-preview":"max-image-preview:large","max-video-preview":"max-video-preview:-1"},"canonical":"https:\/\/aktivtuteliv.se\/uppsala\/produkt\/kona-lake-3-delad-paddel\/","og_locale":"sv_SE","og_type":"article","og_title":"Kona Lake, 3-delad paddel - Uppsala","og_description":"Lake-paddeln m\u00f6ter nyb\u00f6rjarens behov till ett attraktivt pris. Denna baspaddel har ett glasfiberskaft och plastblad vilket g\u00f6r den mycket h\u00e5llbar och passar en nyb\u00f6rjare som testar sig fram. Bladet har [&hellip;]","og_url":"https:\/\/aktivtuteliv.se\/uppsala\/produkt\/kona-lake-3-delad-paddel\/","og_site_name":"Uppsala","article_modified_time":"2022-03-30T13:53:21+00:00","og_image":[{"width":300,"height":300,"url":"https:\/\/aktivtuteliv.se\/uppsala\/wp-content\/uploads\/sites\/3\/2021\/08\/Kona_Lake_3piece-300x300-1.jpg","type":"image\/jpeg"}],"twitter_card":"summary_large_image","twitter_misc":{"Ber\u00e4knad l\u00e4stid":"1 minut"},"schema":{"@context":"https:\/\/schema.org","@graph":[{"@type":"WebPage","@id":"https:\/\/aktivtuteliv.se\/uppsala\/produkt\/kona-lake-3-delad-paddel\/","url":"https:\/\/aktivtuteliv.se\/uppsala\/produkt\/kona-lake-3-delad-paddel\/","name":"Kona Lake, 3-delad paddel - Uppsala","isPartOf":{"@id":"https:\/\/aktivtuteliv.se\/uppsala\/#website"},"primaryImageOfPage":{"@id":"https:\/\/aktivtuteliv.se\/uppsala\/produkt\/kona-lake-3-delad-paddel\/#primaryimage"},"image":{"@id":"https:\/\/aktivtuteliv.se\/uppsala\/produkt\/kona-lake-3-delad-paddel\/#primaryimage"},"thumbnailUrl":"https:\/\/e5gp8rwuod7.exactdn.com\/uppsala\/wp-content\/uploads\/sites\/3\/2021\/08\/Kona_Lake_3piece-300x300-1.jpg?strip=all&lossy=1&ssl=1","datePublished":"2021-08-28T08:52:03+00:00","dateModified":"2022-03-30T13:53:21+00:00","breadcrumb":{"@id":"https:\/\/aktivtuteliv.se\/uppsala\/produkt\/kona-lake-3-delad-paddel\/#breadcrumb"},"inLanguage":"sv-SE","potentialAction":[{"@type":"ReadAction","target":["https:\/\/aktivtuteliv.se\/uppsala\/produkt\/kona-lake-3-delad-paddel\/"]}]},{"@type":"ImageObject","inLanguage":"sv-SE","@id":"https:\/\/aktivtuteliv.se\/uppsala\/produkt\/kona-lake-3-delad-paddel\/#primaryimage","url":"https:\/\/e5gp8rwuod7.exactdn.com\/uppsala\/wp-content\/uploads\/sites\/3\/2021\/08\/Kona_Lake_3piece-300x300-1.jpg?strip=all&lossy=1&ssl=1","contentUrl":"https:\/\/e5gp8rwuod7.exactdn.com\/uppsala\/wp-content\/uploads\/sites\/3\/2021\/08\/Kona_Lake_3piece-300x300-1.jpg?strip=all&lossy=1&ssl=1","width":300,"height":300},{"@type":"BreadcrumbList","@id":"https:\/\/aktivtuteliv.se\/uppsala\/produkt\/kona-lake-3-delad-paddel\/#breadcrumb","itemListElement":[{"@type":"ListItem","position":1,"name":"Home","item":"https:\/\/aktivtuteliv.se\/uppsala\/startsida-vinter\/"},{"@type":"ListItem","position":2,"name":"Webbutik","item":"https:\/\/aktivtuteliv.se\/uppsala\/butik\/"},{"@type":"ListItem","position":3,"name":"Kona Lake, 3-delad paddel"}]},{"@type":"WebSite","@id":"https:\/\/aktivtuteliv.se\/uppsala\/#website","url":"https:\/\/aktivtuteliv.se\/uppsala\/","name":"Uppsala","description":"Hyr sport- &amp; friluftsutrustning","publisher":{"@id":"https:\/\/aktivtuteliv.se\/uppsala\/#organization"},"potentialAction":[{"@type":"SearchAction","target":{"@type":"EntryPoint","urlTemplate":"https:\/\/aktivtuteliv.se\/uppsala\/?s={search_term_string}"},"query-input":"required name=search_term_string"}],"inLanguage":"sv-SE"},{"@type":"Organization","@id":"https:\/\/aktivtuteliv.se\/uppsala\/#organization","name":"Uppsala","url":"https:\/\/aktivtuteliv.se\/uppsala\/","logo":{"@type":"ImageObject","inLanguage":"sv-SE","@id":"https:\/\/aktivtuteliv.se\/uppsala\/#\/schema\/logo\/image\/","url":"https:\/\/e5gp8rwuod7.exactdn.com\/uppsala\/wp-content\/uploads\/sites\/3\/2021\/07\/image-1-2.png?strip=all&lossy=1&ssl=1","contentUrl":"https:\/\/e5gp8rwuod7.exactdn.com\/uppsala\/wp-content\/uploads\/sites\/3\/2021\/07\/image-1-2.png?strip=all&lossy=1&ssl=1","width":200,"height":98,"caption":"Uppsala"},"image":{"@id":"https:\/\/aktivtuteliv.se\/uppsala\/#\/schema\/logo\/image\/"}}]}},"_links":{"self":[{"href":"https:\/\/aktivtuteliv.se\/uppsala\/wp-json\/wp\/v2\/product\/61810","targetHints":{"allow":["GET"]}}],"collection":[{"href":"https:\/\/aktivtuteliv.se\/uppsala\/wp-json\/wp\/v2\/product"}],"about":[{"href":"https:\/\/aktivtuteliv.se\/uppsala\/wp-json\/wp\/v2\/types\/product"}],"wp:featuredmedia":[{"embeddable":true,"href":"https:\/\/aktivtuteliv.se\/uppsala\/wp-json\/wp\/v2\/media\/61811"}],"wp:attachment":[{"href":"https:\/\/aktivtuteliv.se\/uppsala\/wp-json\/wp\/v2\/media?parent=61810"}],"wp:term":[{"taxonomy":"product_cat","embeddable":true,"href":"https:\/\/aktivtuteliv.se\/uppsala\/wp-json\/wp\/v2\/product_cat?post=61810"},{"taxonomy":"product_tag","embeddable":true,"href":"https:\/\/aktivtuteliv.se\/uppsala\/wp-json\/wp\/v2\/product_tag?post=61810"}],"curies":[{"name":"wp","href":"https:\/\/api.w.org\/{rel}","templated":true}]}}