


{"id":61830,"date":"2021-08-28T09:34:31","date_gmt":"2021-08-28T09:34:31","guid":{"rendered":"https:\/\/aktivtuteliv.se\/uppsala\/?post_type=product&#038;p=61830"},"modified":"2022-03-30T13:56:11","modified_gmt":"2022-03-30T13:56:11","slug":"nrs-basic-touring-safety-kit","status":"publish","type":"product","link":"https:\/\/aktivtuteliv.se\/uppsala\/produkt\/nrs-basic-touring-safety-kit\/","title":{"rendered":"NRS Basic Touring Safety Kit"},"content":{"rendered":"<p>NRS Basic Touring Safety Kit \u00e4r ett s\u00e4kerhetskit f\u00f6r kajakpaddling. Det best\u00e5r av en uppbl\u00e5sbar paddelflott\u00f6r f\u00f6r sj\u00e4lvr\u00e4ddning, en handpump s\u00e5 att du kan t\u00f6mma kajaken, visselpipa och svamp. Allt du beh\u00f6ver f\u00f6r att paddla tryggt och s\u00e4kert p\u00e5 egen hand om du l\u00e4r dig att anv\u00e4nda utrustningen p\u00e5 r\u00e4tt s\u00e4tt.<\/p>\n","protected":false},"excerpt":{"rendered":"<p>NRS Basic Touring Safety Kit \u00e4r ett s\u00e4kerhetskit f\u00f6r kajakpaddling. Det best\u00e5r av en uppbl\u00e5sbar paddelflott\u00f6r f\u00f6r sj\u00e4lvr\u00e4ddning, en handpump s\u00e5 att du kan t\u00f6mma kajaken, visselpipa och svamp. Allt [&hellip;]<\/p>\n","protected":false},"featured_media":61831,"template":"","meta":{"_acf_changed":false},"product_cat":[104,354,390],"product_tag":[],"class_list":{"0":"post-61830","1":"product","2":"type-product","3":"status-publish","4":"has-post-thumbnail","6":"product_cat-paddling","7":"product_cat-forsaljning-kanot","8":"product_cat-kajak-tillbehor-forsaljning","10":"first","11":"instock","12":"shipping-taxable","13":"purchasable","14":"product-type-simple"},"acf":[],"yoast_head":"<!-- This site is optimized with the Yoast SEO plugin v23.0 - https:\/\/yoast.com\/wordpress\/plugins\/seo\/ -->\n<title>NRS Basic Touring Safety Kit - Uppsala<\/title>\n<meta name=\"robots\" content=\"index, follow, max-snippet:-1, max-image-preview:large, max-video-preview:-1\" \/>\n<link rel=\"canonical\" href=\"https:\/\/aktivtuteliv.se\/uppsala\/produkt\/nrs-basic-touring-safety-kit\/\" \/>\n<meta property=\"og:locale\" content=\"sv_SE\" \/>\n<meta property=\"og:type\" content=\"article\" \/>\n<meta property=\"og:title\" content=\"NRS Basic Touring Safety Kit - Uppsala\" \/>\n<meta property=\"og:description\" content=\"NRS Basic Touring Safety Kit \u00e4r ett s\u00e4kerhetskit f\u00f6r kajakpaddling. Det best\u00e5r av en uppbl\u00e5sbar paddelflott\u00f6r f\u00f6r sj\u00e4lvr\u00e4ddning, en handpump s\u00e5 att du kan t\u00f6mma kajaken, visselpipa och svamp. Allt [&hellip;]\" \/>\n<meta property=\"og:url\" content=\"https:\/\/aktivtuteliv.se\/uppsala\/produkt\/nrs-basic-touring-safety-kit\/\" \/>\n<meta property=\"og:site_name\" content=\"Uppsala\" \/>\n<meta property=\"article:modified_time\" content=\"2022-03-30T13:56:11+00:00\" \/>\n<meta property=\"og:image\" content=\"https:\/\/aktivtuteliv.se\/uppsala\/wp-content\/uploads\/sites\/3\/2021\/08\/nrs_basic_touring_safety_kit_1-300x300-1.jpg\" \/>\n\t<meta property=\"og:image:width\" content=\"300\" \/>\n\t<meta property=\"og:image:height\" content=\"300\" \/>\n\t<meta property=\"og:image:type\" content=\"image\/jpeg\" \/>\n<meta name=\"twitter:card\" content=\"summary_large_image\" \/>\n<meta name=\"twitter:label1\" content=\"Ber\u00e4knad l\u00e4stid\" \/>\n\t<meta name=\"twitter:data1\" content=\"1 minut\" \/>\n<script type=\"application\/ld+json\" class=\"yoast-schema-graph\">{\"@context\":\"https:\/\/schema.org\",\"@graph\":[{\"@type\":\"WebPage\",\"@id\":\"https:\/\/aktivtuteliv.se\/uppsala\/produkt\/nrs-basic-touring-safety-kit\/\",\"url\":\"https:\/\/aktivtuteliv.se\/uppsala\/produkt\/nrs-basic-touring-safety-kit\/\",\"name\":\"NRS Basic Touring Safety Kit - Uppsala\",\"isPartOf\":{\"@id\":\"https:\/\/aktivtuteliv.se\/uppsala\/#website\"},\"primaryImageOfPage\":{\"@id\":\"https:\/\/aktivtuteliv.se\/uppsala\/produkt\/nrs-basic-touring-safety-kit\/#primaryimage\"},\"image\":{\"@id\":\"https:\/\/aktivtuteliv.se\/uppsala\/produkt\/nrs-basic-touring-safety-kit\/#primaryimage\"},\"thumbnailUrl\":\"https:\/\/e5gp8rwuod7.exactdn.com\/uppsala\/wp-content\/uploads\/sites\/3\/2021\/08\/nrs_basic_touring_safety_kit_1-300x300-1.jpg?strip=all&lossy=1&ssl=1\",\"datePublished\":\"2021-08-28T09:34:31+00:00\",\"dateModified\":\"2022-03-30T13:56:11+00:00\",\"breadcrumb\":{\"@id\":\"https:\/\/aktivtuteliv.se\/uppsala\/produkt\/nrs-basic-touring-safety-kit\/#breadcrumb\"},\"inLanguage\":\"sv-SE\",\"potentialAction\":[{\"@type\":\"ReadAction\",\"target\":[\"https:\/\/aktivtuteliv.se\/uppsala\/produkt\/nrs-basic-touring-safety-kit\/\"]}]},{\"@type\":\"ImageObject\",\"inLanguage\":\"sv-SE\",\"@id\":\"https:\/\/aktivtuteliv.se\/uppsala\/produkt\/nrs-basic-touring-safety-kit\/#primaryimage\",\"url\":\"https:\/\/e5gp8rwuod7.exactdn.com\/uppsala\/wp-content\/uploads\/sites\/3\/2021\/08\/nrs_basic_touring_safety_kit_1-300x300-1.jpg?strip=all&lossy=1&ssl=1\",\"contentUrl\":\"https:\/\/e5gp8rwuod7.exactdn.com\/uppsala\/wp-content\/uploads\/sites\/3\/2021\/08\/nrs_basic_touring_safety_kit_1-300x300-1.jpg?strip=all&lossy=1&ssl=1\",\"width\":300,\"height\":300},{\"@type\":\"BreadcrumbList\",\"@id\":\"https:\/\/aktivtuteliv.se\/uppsala\/produkt\/nrs-basic-touring-safety-kit\/#breadcrumb\",\"itemListElement\":[{\"@type\":\"ListItem\",\"position\":1,\"name\":\"Home\",\"item\":\"https:\/\/aktivtuteliv.se\/uppsala\/startsida-vinter\/\"},{\"@type\":\"ListItem\",\"position\":2,\"name\":\"Webbutik\",\"item\":\"https:\/\/aktivtuteliv.se\/uppsala\/butik\/\"},{\"@type\":\"ListItem\",\"position\":3,\"name\":\"NRS Basic Touring Safety Kit\"}]},{\"@type\":\"WebSite\",\"@id\":\"https:\/\/aktivtuteliv.se\/uppsala\/#website\",\"url\":\"https:\/\/aktivtuteliv.se\/uppsala\/\",\"name\":\"Uppsala\",\"description\":\"Hyr sport- &amp; friluftsutrustning\",\"publisher\":{\"@id\":\"https:\/\/aktivtuteliv.se\/uppsala\/#organization\"},\"potentialAction\":[{\"@type\":\"SearchAction\",\"target\":{\"@type\":\"EntryPoint\",\"urlTemplate\":\"https:\/\/aktivtuteliv.se\/uppsala\/?s={search_term_string}\"},\"query-input\":\"required name=search_term_string\"}],\"inLanguage\":\"sv-SE\"},{\"@type\":\"Organization\",\"@id\":\"https:\/\/aktivtuteliv.se\/uppsala\/#organization\",\"name\":\"Uppsala\",\"url\":\"https:\/\/aktivtuteliv.se\/uppsala\/\",\"logo\":{\"@type\":\"ImageObject\",\"inLanguage\":\"sv-SE\",\"@id\":\"https:\/\/aktivtuteliv.se\/uppsala\/#\/schema\/logo\/image\/\",\"url\":\"https:\/\/e5gp8rwuod7.exactdn.com\/uppsala\/wp-content\/uploads\/sites\/3\/2021\/07\/image-1-2.png?strip=all&lossy=1&ssl=1\",\"contentUrl\":\"https:\/\/e5gp8rwuod7.exactdn.com\/uppsala\/wp-content\/uploads\/sites\/3\/2021\/07\/image-1-2.png?strip=all&lossy=1&ssl=1\",\"width\":200,\"height\":98,\"caption\":\"Uppsala\"},\"image\":{\"@id\":\"https:\/\/aktivtuteliv.se\/uppsala\/#\/schema\/logo\/image\/\"}}]}<\/script>\n<!-- \/ Yoast SEO plugin. -->","yoast_head_json":{"title":"NRS Basic Touring Safety Kit - Uppsala","robots":{"index":"index","follow":"follow","max-snippet":"max-snippet:-1","max-image-preview":"max-image-preview:large","max-video-preview":"max-video-preview:-1"},"canonical":"https:\/\/aktivtuteliv.se\/uppsala\/produkt\/nrs-basic-touring-safety-kit\/","og_locale":"sv_SE","og_type":"article","og_title":"NRS Basic Touring Safety Kit - Uppsala","og_description":"NRS Basic Touring Safety Kit \u00e4r ett s\u00e4kerhetskit f\u00f6r kajakpaddling. Det best\u00e5r av en uppbl\u00e5sbar paddelflott\u00f6r f\u00f6r sj\u00e4lvr\u00e4ddning, en handpump s\u00e5 att du kan t\u00f6mma kajaken, visselpipa och svamp. Allt [&hellip;]","og_url":"https:\/\/aktivtuteliv.se\/uppsala\/produkt\/nrs-basic-touring-safety-kit\/","og_site_name":"Uppsala","article_modified_time":"2022-03-30T13:56:11+00:00","og_image":[{"width":300,"height":300,"url":"https:\/\/aktivtuteliv.se\/uppsala\/wp-content\/uploads\/sites\/3\/2021\/08\/nrs_basic_touring_safety_kit_1-300x300-1.jpg","type":"image\/jpeg"}],"twitter_card":"summary_large_image","twitter_misc":{"Ber\u00e4knad l\u00e4stid":"1 minut"},"schema":{"@context":"https:\/\/schema.org","@graph":[{"@type":"WebPage","@id":"https:\/\/aktivtuteliv.se\/uppsala\/produkt\/nrs-basic-touring-safety-kit\/","url":"https:\/\/aktivtuteliv.se\/uppsala\/produkt\/nrs-basic-touring-safety-kit\/","name":"NRS Basic Touring Safety Kit - Uppsala","isPartOf":{"@id":"https:\/\/aktivtuteliv.se\/uppsala\/#website"},"primaryImageOfPage":{"@id":"https:\/\/aktivtuteliv.se\/uppsala\/produkt\/nrs-basic-touring-safety-kit\/#primaryimage"},"image":{"@id":"https:\/\/aktivtuteliv.se\/uppsala\/produkt\/nrs-basic-touring-safety-kit\/#primaryimage"},"thumbnailUrl":"https:\/\/e5gp8rwuod7.exactdn.com\/uppsala\/wp-content\/uploads\/sites\/3\/2021\/08\/nrs_basic_touring_safety_kit_1-300x300-1.jpg?strip=all&lossy=1&ssl=1","datePublished":"2021-08-28T09:34:31+00:00","dateModified":"2022-03-30T13:56:11+00:00","breadcrumb":{"@id":"https:\/\/aktivtuteliv.se\/uppsala\/produkt\/nrs-basic-touring-safety-kit\/#breadcrumb"},"inLanguage":"sv-SE","potentialAction":[{"@type":"ReadAction","target":["https:\/\/aktivtuteliv.se\/uppsala\/produkt\/nrs-basic-touring-safety-kit\/"]}]},{"@type":"ImageObject","inLanguage":"sv-SE","@id":"https:\/\/aktivtuteliv.se\/uppsala\/produkt\/nrs-basic-touring-safety-kit\/#primaryimage","url":"https:\/\/e5gp8rwuod7.exactdn.com\/uppsala\/wp-content\/uploads\/sites\/3\/2021\/08\/nrs_basic_touring_safety_kit_1-300x300-1.jpg?strip=all&lossy=1&ssl=1","contentUrl":"https:\/\/e5gp8rwuod7.exactdn.com\/uppsala\/wp-content\/uploads\/sites\/3\/2021\/08\/nrs_basic_touring_safety_kit_1-300x300-1.jpg?strip=all&lossy=1&ssl=1","width":300,"height":300},{"@type":"BreadcrumbList","@id":"https:\/\/aktivtuteliv.se\/uppsala\/produkt\/nrs-basic-touring-safety-kit\/#breadcrumb","itemListElement":[{"@type":"ListItem","position":1,"name":"Home","item":"https:\/\/aktivtuteliv.se\/uppsala\/startsida-vinter\/"},{"@type":"ListItem","position":2,"name":"Webbutik","item":"https:\/\/aktivtuteliv.se\/uppsala\/butik\/"},{"@type":"ListItem","position":3,"name":"NRS Basic Touring Safety Kit"}]},{"@type":"WebSite","@id":"https:\/\/aktivtuteliv.se\/uppsala\/#website","url":"https:\/\/aktivtuteliv.se\/uppsala\/","name":"Uppsala","description":"Hyr sport- &amp; friluftsutrustning","publisher":{"@id":"https:\/\/aktivtuteliv.se\/uppsala\/#organization"},"potentialAction":[{"@type":"SearchAction","target":{"@type":"EntryPoint","urlTemplate":"https:\/\/aktivtuteliv.se\/uppsala\/?s={search_term_string}"},"query-input":"required name=search_term_string"}],"inLanguage":"sv-SE"},{"@type":"Organization","@id":"https:\/\/aktivtuteliv.se\/uppsala\/#organization","name":"Uppsala","url":"https:\/\/aktivtuteliv.se\/uppsala\/","logo":{"@type":"ImageObject","inLanguage":"sv-SE","@id":"https:\/\/aktivtuteliv.se\/uppsala\/#\/schema\/logo\/image\/","url":"https:\/\/e5gp8rwuod7.exactdn.com\/uppsala\/wp-content\/uploads\/sites\/3\/2021\/07\/image-1-2.png?strip=all&lossy=1&ssl=1","contentUrl":"https:\/\/e5gp8rwuod7.exactdn.com\/uppsala\/wp-content\/uploads\/sites\/3\/2021\/07\/image-1-2.png?strip=all&lossy=1&ssl=1","width":200,"height":98,"caption":"Uppsala"},"image":{"@id":"https:\/\/aktivtuteliv.se\/uppsala\/#\/schema\/logo\/image\/"}}]}},"_links":{"self":[{"href":"https:\/\/aktivtuteliv.se\/uppsala\/wp-json\/wp\/v2\/product\/61830","targetHints":{"allow":["GET"]}}],"collection":[{"href":"https:\/\/aktivtuteliv.se\/uppsala\/wp-json\/wp\/v2\/product"}],"about":[{"href":"https:\/\/aktivtuteliv.se\/uppsala\/wp-json\/wp\/v2\/types\/product"}],"wp:featuredmedia":[{"embeddable":true,"href":"https:\/\/aktivtuteliv.se\/uppsala\/wp-json\/wp\/v2\/media\/61831"}],"wp:attachment":[{"href":"https:\/\/aktivtuteliv.se\/uppsala\/wp-json\/wp\/v2\/media?parent=61830"}],"wp:term":[{"taxonomy":"product_cat","embeddable":true,"href":"https:\/\/aktivtuteliv.se\/uppsala\/wp-json\/wp\/v2\/product_cat?post=61830"},{"taxonomy":"product_tag","embeddable":true,"href":"https:\/\/aktivtuteliv.se\/uppsala\/wp-json\/wp\/v2\/product_tag?post=61830"}],"curies":[{"name":"wp","href":"https:\/\/api.w.org\/{rel}","templated":true}]}}