


{"id":61834,"date":"2021-08-28T09:39:30","date_gmt":"2021-08-28T09:39:30","guid":{"rendered":"https:\/\/aktivtuteliv.se\/uppsala\/?post_type=product&#038;p=61834"},"modified":"2022-03-30T13:56:44","modified_gmt":"2022-03-30T13:56:44","slug":"nrs-guide-gloves","status":"publish","type":"product","link":"https:\/\/aktivtuteliv.se\/uppsala\/produkt\/nrs-guide-gloves\/","title":{"rendered":"NRS Guide Gloves"},"content":{"rendered":"<p>NRS Guide Gloves \u00e4r 1,5 mm neoprenhandskar som du anv\u00e4nder f\u00f6r att skydda h\u00e4nderna mot bl\u00e5sor och om du \u00e4r frusen under sommaren. Tack vare neoprenets isolerande f\u00f6rm\u00e5ga v\u00e4rmer de h\u00e4nderna \u00e4ven n\u00e4r handskarna \u00e4r bl\u00f6ta. Handskarna \u00e4r gummerade i handflatan f\u00f6r att du ska f\u00e5 bra grepp runt paddeln. Perfekta f\u00f6r l\u00e5nga dagar i kajaken.<\/p>\n","protected":false},"excerpt":{"rendered":"<p>NRS Guide Gloves \u00e4r 1,5 mm neoprenhandskar som du anv\u00e4nder f\u00f6r att skydda h\u00e4nderna mot bl\u00e5sor och om du \u00e4r frusen under sommaren. Tack vare neoprenets isolerande f\u00f6rm\u00e5ga v\u00e4rmer de [&hellip;]<\/p>\n","protected":false},"featured_media":61835,"template":"","meta":{"_acf_changed":false},"product_cat":[104,354,390],"product_tag":[],"class_list":{"0":"post-61834","1":"product","2":"type-product","3":"status-publish","4":"has-post-thumbnail","6":"product_cat-paddling","7":"product_cat-forsaljning-kanot","8":"product_cat-kajak-tillbehor-forsaljning","10":"first","11":"instock","12":"shipping-taxable","13":"purchasable","14":"product-type-simple"},"acf":[],"yoast_head":"<!-- This site is optimized with the Yoast SEO plugin v23.0 - https:\/\/yoast.com\/wordpress\/plugins\/seo\/ -->\n<title>NRS Guide Gloves - Uppsala<\/title>\n<meta name=\"robots\" content=\"index, follow, max-snippet:-1, max-image-preview:large, max-video-preview:-1\" \/>\n<link rel=\"canonical\" href=\"https:\/\/aktivtuteliv.se\/uppsala\/produkt\/nrs-guide-gloves\/\" \/>\n<meta property=\"og:locale\" content=\"sv_SE\" \/>\n<meta property=\"og:type\" content=\"article\" \/>\n<meta property=\"og:title\" content=\"NRS Guide Gloves - Uppsala\" \/>\n<meta property=\"og:description\" content=\"NRS Guide Gloves \u00e4r 1,5 mm neoprenhandskar som du anv\u00e4nder f\u00f6r att skydda h\u00e4nderna mot bl\u00e5sor och om du \u00e4r frusen under sommaren. Tack vare neoprenets isolerande f\u00f6rm\u00e5ga v\u00e4rmer de [&hellip;]\" \/>\n<meta property=\"og:url\" content=\"https:\/\/aktivtuteliv.se\/uppsala\/produkt\/nrs-guide-gloves\/\" \/>\n<meta property=\"og:site_name\" content=\"Uppsala\" \/>\n<meta property=\"article:modified_time\" content=\"2022-03-30T13:56:44+00:00\" \/>\n<meta property=\"og:image\" content=\"https:\/\/aktivtuteliv.se\/uppsala\/wp-content\/uploads\/sites\/3\/2021\/08\/nrs_guide_gloves_1-300x300-1.jpg\" \/>\n\t<meta property=\"og:image:width\" content=\"300\" \/>\n\t<meta property=\"og:image:height\" content=\"300\" \/>\n\t<meta property=\"og:image:type\" content=\"image\/jpeg\" \/>\n<meta name=\"twitter:card\" content=\"summary_large_image\" \/>\n<meta name=\"twitter:label1\" content=\"Ber\u00e4knad l\u00e4stid\" \/>\n\t<meta name=\"twitter:data1\" content=\"1 minut\" \/>\n<script type=\"application\/ld+json\" class=\"yoast-schema-graph\">{\"@context\":\"https:\/\/schema.org\",\"@graph\":[{\"@type\":\"WebPage\",\"@id\":\"https:\/\/aktivtuteliv.se\/uppsala\/produkt\/nrs-guide-gloves\/\",\"url\":\"https:\/\/aktivtuteliv.se\/uppsala\/produkt\/nrs-guide-gloves\/\",\"name\":\"NRS Guide Gloves - Uppsala\",\"isPartOf\":{\"@id\":\"https:\/\/aktivtuteliv.se\/uppsala\/#website\"},\"primaryImageOfPage\":{\"@id\":\"https:\/\/aktivtuteliv.se\/uppsala\/produkt\/nrs-guide-gloves\/#primaryimage\"},\"image\":{\"@id\":\"https:\/\/aktivtuteliv.se\/uppsala\/produkt\/nrs-guide-gloves\/#primaryimage\"},\"thumbnailUrl\":\"https:\/\/e5gp8rwuod7.exactdn.com\/uppsala\/wp-content\/uploads\/sites\/3\/2021\/08\/nrs_guide_gloves_1-300x300-1.jpg?strip=all&lossy=1&ssl=1\",\"datePublished\":\"2021-08-28T09:39:30+00:00\",\"dateModified\":\"2022-03-30T13:56:44+00:00\",\"breadcrumb\":{\"@id\":\"https:\/\/aktivtuteliv.se\/uppsala\/produkt\/nrs-guide-gloves\/#breadcrumb\"},\"inLanguage\":\"sv-SE\",\"potentialAction\":[{\"@type\":\"ReadAction\",\"target\":[\"https:\/\/aktivtuteliv.se\/uppsala\/produkt\/nrs-guide-gloves\/\"]}]},{\"@type\":\"ImageObject\",\"inLanguage\":\"sv-SE\",\"@id\":\"https:\/\/aktivtuteliv.se\/uppsala\/produkt\/nrs-guide-gloves\/#primaryimage\",\"url\":\"https:\/\/e5gp8rwuod7.exactdn.com\/uppsala\/wp-content\/uploads\/sites\/3\/2021\/08\/nrs_guide_gloves_1-300x300-1.jpg?strip=all&lossy=1&ssl=1\",\"contentUrl\":\"https:\/\/e5gp8rwuod7.exactdn.com\/uppsala\/wp-content\/uploads\/sites\/3\/2021\/08\/nrs_guide_gloves_1-300x300-1.jpg?strip=all&lossy=1&ssl=1\",\"width\":300,\"height\":300},{\"@type\":\"BreadcrumbList\",\"@id\":\"https:\/\/aktivtuteliv.se\/uppsala\/produkt\/nrs-guide-gloves\/#breadcrumb\",\"itemListElement\":[{\"@type\":\"ListItem\",\"position\":1,\"name\":\"Home\",\"item\":\"https:\/\/aktivtuteliv.se\/uppsala\/startsida-vinter\/\"},{\"@type\":\"ListItem\",\"position\":2,\"name\":\"Webbutik\",\"item\":\"https:\/\/aktivtuteliv.se\/uppsala\/butik\/\"},{\"@type\":\"ListItem\",\"position\":3,\"name\":\"NRS Guide Gloves\"}]},{\"@type\":\"WebSite\",\"@id\":\"https:\/\/aktivtuteliv.se\/uppsala\/#website\",\"url\":\"https:\/\/aktivtuteliv.se\/uppsala\/\",\"name\":\"Uppsala\",\"description\":\"Hyr sport- &amp; friluftsutrustning\",\"publisher\":{\"@id\":\"https:\/\/aktivtuteliv.se\/uppsala\/#organization\"},\"potentialAction\":[{\"@type\":\"SearchAction\",\"target\":{\"@type\":\"EntryPoint\",\"urlTemplate\":\"https:\/\/aktivtuteliv.se\/uppsala\/?s={search_term_string}\"},\"query-input\":\"required name=search_term_string\"}],\"inLanguage\":\"sv-SE\"},{\"@type\":\"Organization\",\"@id\":\"https:\/\/aktivtuteliv.se\/uppsala\/#organization\",\"name\":\"Uppsala\",\"url\":\"https:\/\/aktivtuteliv.se\/uppsala\/\",\"logo\":{\"@type\":\"ImageObject\",\"inLanguage\":\"sv-SE\",\"@id\":\"https:\/\/aktivtuteliv.se\/uppsala\/#\/schema\/logo\/image\/\",\"url\":\"https:\/\/e5gp8rwuod7.exactdn.com\/uppsala\/wp-content\/uploads\/sites\/3\/2021\/07\/image-1-2.png?strip=all&lossy=1&ssl=1\",\"contentUrl\":\"https:\/\/e5gp8rwuod7.exactdn.com\/uppsala\/wp-content\/uploads\/sites\/3\/2021\/07\/image-1-2.png?strip=all&lossy=1&ssl=1\",\"width\":200,\"height\":98,\"caption\":\"Uppsala\"},\"image\":{\"@id\":\"https:\/\/aktivtuteliv.se\/uppsala\/#\/schema\/logo\/image\/\"}}]}<\/script>\n<!-- \/ Yoast SEO plugin. -->","yoast_head_json":{"title":"NRS Guide Gloves - Uppsala","robots":{"index":"index","follow":"follow","max-snippet":"max-snippet:-1","max-image-preview":"max-image-preview:large","max-video-preview":"max-video-preview:-1"},"canonical":"https:\/\/aktivtuteliv.se\/uppsala\/produkt\/nrs-guide-gloves\/","og_locale":"sv_SE","og_type":"article","og_title":"NRS Guide Gloves - Uppsala","og_description":"NRS Guide Gloves \u00e4r 1,5 mm neoprenhandskar som du anv\u00e4nder f\u00f6r att skydda h\u00e4nderna mot bl\u00e5sor och om du \u00e4r frusen under sommaren. Tack vare neoprenets isolerande f\u00f6rm\u00e5ga v\u00e4rmer de [&hellip;]","og_url":"https:\/\/aktivtuteliv.se\/uppsala\/produkt\/nrs-guide-gloves\/","og_site_name":"Uppsala","article_modified_time":"2022-03-30T13:56:44+00:00","og_image":[{"width":300,"height":300,"url":"https:\/\/aktivtuteliv.se\/uppsala\/wp-content\/uploads\/sites\/3\/2021\/08\/nrs_guide_gloves_1-300x300-1.jpg","type":"image\/jpeg"}],"twitter_card":"summary_large_image","twitter_misc":{"Ber\u00e4knad l\u00e4stid":"1 minut"},"schema":{"@context":"https:\/\/schema.org","@graph":[{"@type":"WebPage","@id":"https:\/\/aktivtuteliv.se\/uppsala\/produkt\/nrs-guide-gloves\/","url":"https:\/\/aktivtuteliv.se\/uppsala\/produkt\/nrs-guide-gloves\/","name":"NRS Guide Gloves - Uppsala","isPartOf":{"@id":"https:\/\/aktivtuteliv.se\/uppsala\/#website"},"primaryImageOfPage":{"@id":"https:\/\/aktivtuteliv.se\/uppsala\/produkt\/nrs-guide-gloves\/#primaryimage"},"image":{"@id":"https:\/\/aktivtuteliv.se\/uppsala\/produkt\/nrs-guide-gloves\/#primaryimage"},"thumbnailUrl":"https:\/\/e5gp8rwuod7.exactdn.com\/uppsala\/wp-content\/uploads\/sites\/3\/2021\/08\/nrs_guide_gloves_1-300x300-1.jpg?strip=all&lossy=1&ssl=1","datePublished":"2021-08-28T09:39:30+00:00","dateModified":"2022-03-30T13:56:44+00:00","breadcrumb":{"@id":"https:\/\/aktivtuteliv.se\/uppsala\/produkt\/nrs-guide-gloves\/#breadcrumb"},"inLanguage":"sv-SE","potentialAction":[{"@type":"ReadAction","target":["https:\/\/aktivtuteliv.se\/uppsala\/produkt\/nrs-guide-gloves\/"]}]},{"@type":"ImageObject","inLanguage":"sv-SE","@id":"https:\/\/aktivtuteliv.se\/uppsala\/produkt\/nrs-guide-gloves\/#primaryimage","url":"https:\/\/e5gp8rwuod7.exactdn.com\/uppsala\/wp-content\/uploads\/sites\/3\/2021\/08\/nrs_guide_gloves_1-300x300-1.jpg?strip=all&lossy=1&ssl=1","contentUrl":"https:\/\/e5gp8rwuod7.exactdn.com\/uppsala\/wp-content\/uploads\/sites\/3\/2021\/08\/nrs_guide_gloves_1-300x300-1.jpg?strip=all&lossy=1&ssl=1","width":300,"height":300},{"@type":"BreadcrumbList","@id":"https:\/\/aktivtuteliv.se\/uppsala\/produkt\/nrs-guide-gloves\/#breadcrumb","itemListElement":[{"@type":"ListItem","position":1,"name":"Home","item":"https:\/\/aktivtuteliv.se\/uppsala\/startsida-vinter\/"},{"@type":"ListItem","position":2,"name":"Webbutik","item":"https:\/\/aktivtuteliv.se\/uppsala\/butik\/"},{"@type":"ListItem","position":3,"name":"NRS Guide Gloves"}]},{"@type":"WebSite","@id":"https:\/\/aktivtuteliv.se\/uppsala\/#website","url":"https:\/\/aktivtuteliv.se\/uppsala\/","name":"Uppsala","description":"Hyr sport- &amp; friluftsutrustning","publisher":{"@id":"https:\/\/aktivtuteliv.se\/uppsala\/#organization"},"potentialAction":[{"@type":"SearchAction","target":{"@type":"EntryPoint","urlTemplate":"https:\/\/aktivtuteliv.se\/uppsala\/?s={search_term_string}"},"query-input":"required name=search_term_string"}],"inLanguage":"sv-SE"},{"@type":"Organization","@id":"https:\/\/aktivtuteliv.se\/uppsala\/#organization","name":"Uppsala","url":"https:\/\/aktivtuteliv.se\/uppsala\/","logo":{"@type":"ImageObject","inLanguage":"sv-SE","@id":"https:\/\/aktivtuteliv.se\/uppsala\/#\/schema\/logo\/image\/","url":"https:\/\/e5gp8rwuod7.exactdn.com\/uppsala\/wp-content\/uploads\/sites\/3\/2021\/07\/image-1-2.png?strip=all&lossy=1&ssl=1","contentUrl":"https:\/\/e5gp8rwuod7.exactdn.com\/uppsala\/wp-content\/uploads\/sites\/3\/2021\/07\/image-1-2.png?strip=all&lossy=1&ssl=1","width":200,"height":98,"caption":"Uppsala"},"image":{"@id":"https:\/\/aktivtuteliv.se\/uppsala\/#\/schema\/logo\/image\/"}}]}},"_links":{"self":[{"href":"https:\/\/aktivtuteliv.se\/uppsala\/wp-json\/wp\/v2\/product\/61834","targetHints":{"allow":["GET"]}}],"collection":[{"href":"https:\/\/aktivtuteliv.se\/uppsala\/wp-json\/wp\/v2\/product"}],"about":[{"href":"https:\/\/aktivtuteliv.se\/uppsala\/wp-json\/wp\/v2\/types\/product"}],"wp:featuredmedia":[{"embeddable":true,"href":"https:\/\/aktivtuteliv.se\/uppsala\/wp-json\/wp\/v2\/media\/61835"}],"wp:attachment":[{"href":"https:\/\/aktivtuteliv.se\/uppsala\/wp-json\/wp\/v2\/media?parent=61834"}],"wp:term":[{"taxonomy":"product_cat","embeddable":true,"href":"https:\/\/aktivtuteliv.se\/uppsala\/wp-json\/wp\/v2\/product_cat?post=61834"},{"taxonomy":"product_tag","embeddable":true,"href":"https:\/\/aktivtuteliv.se\/uppsala\/wp-json\/wp\/v2\/product_tag?post=61834"}],"curies":[{"name":"wp","href":"https:\/\/api.w.org\/{rel}","templated":true}]}}