


{"id":61921,"date":"2021-08-28T14:15:57","date_gmt":"2021-08-28T14:15:57","guid":{"rendered":"https:\/\/aktivtuteliv.se\/uppsala\/?post_type=product&#038;p=61921"},"modified":"2022-03-30T13:47:08","modified_gmt":"2022-03-30T13:47:08","slug":"toko-nordic-gripwax-gul","status":"publish","type":"product","link":"https:\/\/aktivtuteliv.se\/uppsala\/produkt\/toko-nordic-gripwax-gul\/","title":{"rendered":"Toko Nordic GripWax Gul"},"content":{"rendered":"<p>Toko Nordic GripWax Gul\u00a0\u00e4r en f\u00e4stvalla f\u00f6r fuktiga eller skitiga sp\u00e5r och \u00e4ven l\u00f6s gammal sn\u00f6. Anv\u00e4nds \u00e4ven vid \u00f6verg\u00e5ng fr\u00e5n torra till v\u00e5ta sp\u00e5r, strax innan anv\u00e4ndning av klister. Praktisk f\u00f6rpackning som kan vridas ut som ett l\u00e4ppstift. Vikt 25 g.<\/p>\n<p>&nbsp;<\/p>\n<p>Toko har ett l\u00e4ttanv\u00e4nt och slimmat vallasortiment som det \u00e4r l\u00e4tt att g\u00f6ra r\u00e4tt med eftersom det inte finns s\u00e5 m\u00e5nga alternativ att v\u00e4lja mellan. Vi anv\u00e4nder sj\u00e4lva Tokos produkter i skidverkstan och f\u00e5r mycket positiv feedback \u00e4ven fr\u00e5n kr\u00e4sna Vasalopps\u00e5kare.<\/p>\n<p>&nbsp;<\/p>\n<p><strong>Temperatur:<\/strong><\/p>\n<ul>\n<li class=\"environment-property snow-temp\"><span class=\"celsius\">Sn\u00f6: 0 \u00b0C \/ -2 \u00b0C<\/span><\/li>\n<li class=\"environment-property snow-temp\"><span class=\"celsius\">Luft: 3 \u00b0C \/ -3 \u00b0C<\/span><\/li>\n<\/ul>\n","protected":false},"excerpt":{"rendered":"<p>Toko Nordic GripWax Gul\u00a0\u00e4r en f\u00e4stvalla f\u00f6r fuktiga eller skitiga sp\u00e5r och \u00e4ven l\u00f6s gammal sn\u00f6. Anv\u00e4nds \u00e4ven vid \u00f6verg\u00e5ng fr\u00e5n torra till v\u00e5ta sp\u00e5r, strax innan anv\u00e4ndning av klister. [&hellip;]<\/p>\n","protected":false},"featured_media":61922,"template":"","meta":{"_acf_changed":false},"product_cat":[380,400,22],"product_tag":[],"class_list":{"0":"post-61921","1":"product","2":"type-product","3":"status-publish","4":"has-post-thumbnail","6":"product_cat-forsaljning-langd","7":"product_cat-langd-tillbehor-forsaljning","8":"product_cat-langd-uthyrning","10":"first","11":"instock","12":"shipping-taxable","13":"purchasable","14":"product-type-simple"},"acf":[],"yoast_head":"<!-- This site is optimized with the Yoast SEO plugin v23.0 - https:\/\/yoast.com\/wordpress\/plugins\/seo\/ -->\n<title>Toko Nordic GripWax Gul - Uppsala<\/title>\n<meta name=\"robots\" content=\"index, follow, max-snippet:-1, max-image-preview:large, max-video-preview:-1\" \/>\n<link rel=\"canonical\" href=\"https:\/\/aktivtuteliv.se\/uppsala\/produkt\/toko-nordic-gripwax-gul\/\" \/>\n<meta property=\"og:locale\" content=\"sv_SE\" \/>\n<meta property=\"og:type\" content=\"article\" \/>\n<meta property=\"og:title\" content=\"Toko Nordic GripWax Gul - Uppsala\" \/>\n<meta property=\"og:description\" content=\"Toko Nordic GripWax Gul\u00a0\u00e4r en f\u00e4stvalla f\u00f6r fuktiga eller skitiga sp\u00e5r och \u00e4ven l\u00f6s gammal sn\u00f6. Anv\u00e4nds \u00e4ven vid \u00f6verg\u00e5ng fr\u00e5n torra till v\u00e5ta sp\u00e5r, strax innan anv\u00e4ndning av klister. [&hellip;]\" \/>\n<meta property=\"og:url\" content=\"https:\/\/aktivtuteliv.se\/uppsala\/produkt\/toko-nordic-gripwax-gul\/\" \/>\n<meta property=\"og:site_name\" content=\"Uppsala\" \/>\n<meta property=\"article:modified_time\" content=\"2022-03-30T13:47:08+00:00\" \/>\n<meta property=\"og:image\" content=\"https:\/\/aktivtuteliv.se\/uppsala\/wp-content\/uploads\/sites\/3\/2021\/08\/Toko_Nordic_Gripwax_Yellow-300x300-1.jpg\" \/>\n\t<meta property=\"og:image:width\" content=\"300\" \/>\n\t<meta property=\"og:image:height\" content=\"300\" \/>\n\t<meta property=\"og:image:type\" content=\"image\/jpeg\" \/>\n<meta name=\"twitter:card\" content=\"summary_large_image\" \/>\n<meta name=\"twitter:label1\" content=\"Ber\u00e4knad l\u00e4stid\" \/>\n\t<meta name=\"twitter:data1\" content=\"1 minut\" \/>\n<script type=\"application\/ld+json\" class=\"yoast-schema-graph\">{\"@context\":\"https:\/\/schema.org\",\"@graph\":[{\"@type\":\"WebPage\",\"@id\":\"https:\/\/aktivtuteliv.se\/uppsala\/produkt\/toko-nordic-gripwax-gul\/\",\"url\":\"https:\/\/aktivtuteliv.se\/uppsala\/produkt\/toko-nordic-gripwax-gul\/\",\"name\":\"Toko Nordic GripWax Gul - Uppsala\",\"isPartOf\":{\"@id\":\"https:\/\/aktivtuteliv.se\/uppsala\/#website\"},\"primaryImageOfPage\":{\"@id\":\"https:\/\/aktivtuteliv.se\/uppsala\/produkt\/toko-nordic-gripwax-gul\/#primaryimage\"},\"image\":{\"@id\":\"https:\/\/aktivtuteliv.se\/uppsala\/produkt\/toko-nordic-gripwax-gul\/#primaryimage\"},\"thumbnailUrl\":\"https:\/\/e5gp8rwuod7.exactdn.com\/uppsala\/wp-content\/uploads\/sites\/3\/2021\/08\/Toko_Nordic_Gripwax_Yellow-300x300-1.jpg?strip=all&lossy=1&ssl=1\",\"datePublished\":\"2021-08-28T14:15:57+00:00\",\"dateModified\":\"2022-03-30T13:47:08+00:00\",\"breadcrumb\":{\"@id\":\"https:\/\/aktivtuteliv.se\/uppsala\/produkt\/toko-nordic-gripwax-gul\/#breadcrumb\"},\"inLanguage\":\"sv-SE\",\"potentialAction\":[{\"@type\":\"ReadAction\",\"target\":[\"https:\/\/aktivtuteliv.se\/uppsala\/produkt\/toko-nordic-gripwax-gul\/\"]}]},{\"@type\":\"ImageObject\",\"inLanguage\":\"sv-SE\",\"@id\":\"https:\/\/aktivtuteliv.se\/uppsala\/produkt\/toko-nordic-gripwax-gul\/#primaryimage\",\"url\":\"https:\/\/e5gp8rwuod7.exactdn.com\/uppsala\/wp-content\/uploads\/sites\/3\/2021\/08\/Toko_Nordic_Gripwax_Yellow-300x300-1.jpg?strip=all&lossy=1&ssl=1\",\"contentUrl\":\"https:\/\/e5gp8rwuod7.exactdn.com\/uppsala\/wp-content\/uploads\/sites\/3\/2021\/08\/Toko_Nordic_Gripwax_Yellow-300x300-1.jpg?strip=all&lossy=1&ssl=1\",\"width\":300,\"height\":300},{\"@type\":\"BreadcrumbList\",\"@id\":\"https:\/\/aktivtuteliv.se\/uppsala\/produkt\/toko-nordic-gripwax-gul\/#breadcrumb\",\"itemListElement\":[{\"@type\":\"ListItem\",\"position\":1,\"name\":\"Home\",\"item\":\"https:\/\/aktivtuteliv.se\/uppsala\/startsida-vinter\/\"},{\"@type\":\"ListItem\",\"position\":2,\"name\":\"Webbutik\",\"item\":\"https:\/\/aktivtuteliv.se\/uppsala\/butik\/\"},{\"@type\":\"ListItem\",\"position\":3,\"name\":\"Toko Nordic GripWax Gul\"}]},{\"@type\":\"WebSite\",\"@id\":\"https:\/\/aktivtuteliv.se\/uppsala\/#website\",\"url\":\"https:\/\/aktivtuteliv.se\/uppsala\/\",\"name\":\"Uppsala\",\"description\":\"Hyr sport- &amp; friluftsutrustning\",\"publisher\":{\"@id\":\"https:\/\/aktivtuteliv.se\/uppsala\/#organization\"},\"potentialAction\":[{\"@type\":\"SearchAction\",\"target\":{\"@type\":\"EntryPoint\",\"urlTemplate\":\"https:\/\/aktivtuteliv.se\/uppsala\/?s={search_term_string}\"},\"query-input\":\"required name=search_term_string\"}],\"inLanguage\":\"sv-SE\"},{\"@type\":\"Organization\",\"@id\":\"https:\/\/aktivtuteliv.se\/uppsala\/#organization\",\"name\":\"Uppsala\",\"url\":\"https:\/\/aktivtuteliv.se\/uppsala\/\",\"logo\":{\"@type\":\"ImageObject\",\"inLanguage\":\"sv-SE\",\"@id\":\"https:\/\/aktivtuteliv.se\/uppsala\/#\/schema\/logo\/image\/\",\"url\":\"https:\/\/e5gp8rwuod7.exactdn.com\/uppsala\/wp-content\/uploads\/sites\/3\/2021\/07\/image-1-2.png?strip=all&lossy=1&ssl=1\",\"contentUrl\":\"https:\/\/e5gp8rwuod7.exactdn.com\/uppsala\/wp-content\/uploads\/sites\/3\/2021\/07\/image-1-2.png?strip=all&lossy=1&ssl=1\",\"width\":200,\"height\":98,\"caption\":\"Uppsala\"},\"image\":{\"@id\":\"https:\/\/aktivtuteliv.se\/uppsala\/#\/schema\/logo\/image\/\"}}]}<\/script>\n<!-- \/ Yoast SEO plugin. -->","yoast_head_json":{"title":"Toko Nordic GripWax Gul - Uppsala","robots":{"index":"index","follow":"follow","max-snippet":"max-snippet:-1","max-image-preview":"max-image-preview:large","max-video-preview":"max-video-preview:-1"},"canonical":"https:\/\/aktivtuteliv.se\/uppsala\/produkt\/toko-nordic-gripwax-gul\/","og_locale":"sv_SE","og_type":"article","og_title":"Toko Nordic GripWax Gul - Uppsala","og_description":"Toko Nordic GripWax Gul\u00a0\u00e4r en f\u00e4stvalla f\u00f6r fuktiga eller skitiga sp\u00e5r och \u00e4ven l\u00f6s gammal sn\u00f6. Anv\u00e4nds \u00e4ven vid \u00f6verg\u00e5ng fr\u00e5n torra till v\u00e5ta sp\u00e5r, strax innan anv\u00e4ndning av klister. [&hellip;]","og_url":"https:\/\/aktivtuteliv.se\/uppsala\/produkt\/toko-nordic-gripwax-gul\/","og_site_name":"Uppsala","article_modified_time":"2022-03-30T13:47:08+00:00","og_image":[{"width":300,"height":300,"url":"https:\/\/aktivtuteliv.se\/uppsala\/wp-content\/uploads\/sites\/3\/2021\/08\/Toko_Nordic_Gripwax_Yellow-300x300-1.jpg","type":"image\/jpeg"}],"twitter_card":"summary_large_image","twitter_misc":{"Ber\u00e4knad l\u00e4stid":"1 minut"},"schema":{"@context":"https:\/\/schema.org","@graph":[{"@type":"WebPage","@id":"https:\/\/aktivtuteliv.se\/uppsala\/produkt\/toko-nordic-gripwax-gul\/","url":"https:\/\/aktivtuteliv.se\/uppsala\/produkt\/toko-nordic-gripwax-gul\/","name":"Toko Nordic GripWax Gul - Uppsala","isPartOf":{"@id":"https:\/\/aktivtuteliv.se\/uppsala\/#website"},"primaryImageOfPage":{"@id":"https:\/\/aktivtuteliv.se\/uppsala\/produkt\/toko-nordic-gripwax-gul\/#primaryimage"},"image":{"@id":"https:\/\/aktivtuteliv.se\/uppsala\/produkt\/toko-nordic-gripwax-gul\/#primaryimage"},"thumbnailUrl":"https:\/\/e5gp8rwuod7.exactdn.com\/uppsala\/wp-content\/uploads\/sites\/3\/2021\/08\/Toko_Nordic_Gripwax_Yellow-300x300-1.jpg?strip=all&lossy=1&ssl=1","datePublished":"2021-08-28T14:15:57+00:00","dateModified":"2022-03-30T13:47:08+00:00","breadcrumb":{"@id":"https:\/\/aktivtuteliv.se\/uppsala\/produkt\/toko-nordic-gripwax-gul\/#breadcrumb"},"inLanguage":"sv-SE","potentialAction":[{"@type":"ReadAction","target":["https:\/\/aktivtuteliv.se\/uppsala\/produkt\/toko-nordic-gripwax-gul\/"]}]},{"@type":"ImageObject","inLanguage":"sv-SE","@id":"https:\/\/aktivtuteliv.se\/uppsala\/produkt\/toko-nordic-gripwax-gul\/#primaryimage","url":"https:\/\/e5gp8rwuod7.exactdn.com\/uppsala\/wp-content\/uploads\/sites\/3\/2021\/08\/Toko_Nordic_Gripwax_Yellow-300x300-1.jpg?strip=all&lossy=1&ssl=1","contentUrl":"https:\/\/e5gp8rwuod7.exactdn.com\/uppsala\/wp-content\/uploads\/sites\/3\/2021\/08\/Toko_Nordic_Gripwax_Yellow-300x300-1.jpg?strip=all&lossy=1&ssl=1","width":300,"height":300},{"@type":"BreadcrumbList","@id":"https:\/\/aktivtuteliv.se\/uppsala\/produkt\/toko-nordic-gripwax-gul\/#breadcrumb","itemListElement":[{"@type":"ListItem","position":1,"name":"Home","item":"https:\/\/aktivtuteliv.se\/uppsala\/startsida-vinter\/"},{"@type":"ListItem","position":2,"name":"Webbutik","item":"https:\/\/aktivtuteliv.se\/uppsala\/butik\/"},{"@type":"ListItem","position":3,"name":"Toko Nordic GripWax Gul"}]},{"@type":"WebSite","@id":"https:\/\/aktivtuteliv.se\/uppsala\/#website","url":"https:\/\/aktivtuteliv.se\/uppsala\/","name":"Uppsala","description":"Hyr sport- &amp; friluftsutrustning","publisher":{"@id":"https:\/\/aktivtuteliv.se\/uppsala\/#organization"},"potentialAction":[{"@type":"SearchAction","target":{"@type":"EntryPoint","urlTemplate":"https:\/\/aktivtuteliv.se\/uppsala\/?s={search_term_string}"},"query-input":"required name=search_term_string"}],"inLanguage":"sv-SE"},{"@type":"Organization","@id":"https:\/\/aktivtuteliv.se\/uppsala\/#organization","name":"Uppsala","url":"https:\/\/aktivtuteliv.se\/uppsala\/","logo":{"@type":"ImageObject","inLanguage":"sv-SE","@id":"https:\/\/aktivtuteliv.se\/uppsala\/#\/schema\/logo\/image\/","url":"https:\/\/e5gp8rwuod7.exactdn.com\/uppsala\/wp-content\/uploads\/sites\/3\/2021\/07\/image-1-2.png?strip=all&lossy=1&ssl=1","contentUrl":"https:\/\/e5gp8rwuod7.exactdn.com\/uppsala\/wp-content\/uploads\/sites\/3\/2021\/07\/image-1-2.png?strip=all&lossy=1&ssl=1","width":200,"height":98,"caption":"Uppsala"},"image":{"@id":"https:\/\/aktivtuteliv.se\/uppsala\/#\/schema\/logo\/image\/"}}]}},"_links":{"self":[{"href":"https:\/\/aktivtuteliv.se\/uppsala\/wp-json\/wp\/v2\/product\/61921","targetHints":{"allow":["GET"]}}],"collection":[{"href":"https:\/\/aktivtuteliv.se\/uppsala\/wp-json\/wp\/v2\/product"}],"about":[{"href":"https:\/\/aktivtuteliv.se\/uppsala\/wp-json\/wp\/v2\/types\/product"}],"wp:featuredmedia":[{"embeddable":true,"href":"https:\/\/aktivtuteliv.se\/uppsala\/wp-json\/wp\/v2\/media\/61922"}],"wp:attachment":[{"href":"https:\/\/aktivtuteliv.se\/uppsala\/wp-json\/wp\/v2\/media?parent=61921"}],"wp:term":[{"taxonomy":"product_cat","embeddable":true,"href":"https:\/\/aktivtuteliv.se\/uppsala\/wp-json\/wp\/v2\/product_cat?post=61921"},{"taxonomy":"product_tag","embeddable":true,"href":"https:\/\/aktivtuteliv.se\/uppsala\/wp-json\/wp\/v2\/product_tag?post=61921"}],"curies":[{"name":"wp","href":"https:\/\/api.w.org\/{rel}","templated":true}]}}