


{"id":61963,"date":"2021-08-29T12:39:20","date_gmt":"2021-08-29T12:39:20","guid":{"rendered":"https:\/\/aktivtuteliv.se\/uppsala\/?post_type=product&#038;p=61963"},"modified":"2022-03-30T13:41:33","modified_gmt":"2022-03-30T13:41:33","slug":"zandstra-dubbel-ispik","status":"publish","type":"product","link":"https:\/\/aktivtuteliv.se\/uppsala\/produkt\/zandstra-dubbel-ispik\/","title":{"rendered":"Zandstra dubbel ispik"},"content":{"rendered":"<p>Zandstra Dubbelpik\u00a0har spetsar i rostfritt st\u00e5l f\u00f6r att du ska kunna k\u00e4nna p\u00e5 isen n\u00e4r du \u00e4r ute och \u00e5ker skridskor. Det \u00e4r en l\u00e4tt dubbelpik av aluminium med skumhandtag som \u00e4r bekv\u00e4ma att h\u00e5lla i och som ger ett bra grepp b\u00e5de under bl\u00f6ta och torra f\u00f6rh\u00e5llanden. Dessutom g\u00f6r skumhandtagen att piken flyter om du skulle hamna i vattnet.<\/p>\n<p>&nbsp;<\/p>\n<p>Stavarna \u00e4r framf\u00f6rallt framtagna f\u00f6r att du ska kunna kolla isens h\u00e5llbarhet n\u00e4r du \u00e4r ute och \u00e5ker skridskor, men de kan \u00e4ven anv\u00e4ndas som skatingstavar eller som extra st\u00f6d vid skrovlig is eller sn\u00f6t\u00e4ckta partier. De kan \u00e4ven kopplas ihop enkelt, med hj\u00e4lp av ett par sn\u00e4ppkopplingar, till en ispik. Handremmarna \u00e4r justerbara.<\/p>\n<p>&nbsp;<\/p>\n<p>Finns i flera olika l\u00e4ngder: 130, 135, 140, 145, 150, 155, 160 och 165 cm.<\/p>\n","protected":false},"excerpt":{"rendered":"<p>Zandstra Dubbelpik\u00a0har spetsar i rostfritt st\u00e5l f\u00f6r att du ska kunna k\u00e4nna p\u00e5 isen n\u00e4r du \u00e4r ute och \u00e5ker skridskor. Det \u00e4r en l\u00e4tt dubbelpik av aluminium med skumhandtag [&hellip;]<\/p>\n","protected":false},"featured_media":61964,"template":"","meta":{"_acf_changed":false},"product_cat":[26,364,399],"product_tag":[],"class_list":{"0":"post-61963","1":"product","2":"type-product","3":"status-publish","4":"has-post-thumbnail","6":"product_cat-skridskor","7":"product_cat-forsaljning-skridskor","8":"product_cat-langfard-tillbehor-forsaljning","10":"first","11":"instock","12":"shipping-taxable","13":"purchasable","14":"product-type-simple"},"acf":[],"yoast_head":"<!-- This site is optimized with the Yoast SEO plugin v23.0 - https:\/\/yoast.com\/wordpress\/plugins\/seo\/ -->\n<title>Zandstra dubbel ispik - Uppsala<\/title>\n<meta name=\"robots\" content=\"index, follow, max-snippet:-1, max-image-preview:large, max-video-preview:-1\" \/>\n<link rel=\"canonical\" href=\"https:\/\/aktivtuteliv.se\/uppsala\/produkt\/zandstra-dubbel-ispik\/\" \/>\n<meta property=\"og:locale\" content=\"sv_SE\" \/>\n<meta property=\"og:type\" content=\"article\" \/>\n<meta property=\"og:title\" content=\"Zandstra dubbel ispik - Uppsala\" \/>\n<meta property=\"og:description\" content=\"Zandstra Dubbelpik\u00a0har spetsar i rostfritt st\u00e5l f\u00f6r att du ska kunna k\u00e4nna p\u00e5 isen n\u00e4r du \u00e4r ute och \u00e5ker skridskor. Det \u00e4r en l\u00e4tt dubbelpik av aluminium med skumhandtag [&hellip;]\" \/>\n<meta property=\"og:url\" content=\"https:\/\/aktivtuteliv.se\/uppsala\/produkt\/zandstra-dubbel-ispik\/\" \/>\n<meta property=\"og:site_name\" content=\"Uppsala\" \/>\n<meta property=\"article:modified_time\" content=\"2022-03-30T13:41:33+00:00\" \/>\n<meta property=\"og:image\" content=\"https:\/\/aktivtuteliv.se\/uppsala\/wp-content\/uploads\/sites\/3\/2021\/08\/Zandstra-Dubbelpik-300x300-1.jpg\" \/>\n\t<meta property=\"og:image:width\" content=\"300\" \/>\n\t<meta property=\"og:image:height\" content=\"300\" \/>\n\t<meta property=\"og:image:type\" content=\"image\/jpeg\" \/>\n<meta name=\"twitter:card\" content=\"summary_large_image\" \/>\n<meta name=\"twitter:label1\" content=\"Ber\u00e4knad l\u00e4stid\" \/>\n\t<meta name=\"twitter:data1\" content=\"1 minut\" \/>\n<script type=\"application\/ld+json\" class=\"yoast-schema-graph\">{\"@context\":\"https:\/\/schema.org\",\"@graph\":[{\"@type\":\"WebPage\",\"@id\":\"https:\/\/aktivtuteliv.se\/uppsala\/produkt\/zandstra-dubbel-ispik\/\",\"url\":\"https:\/\/aktivtuteliv.se\/uppsala\/produkt\/zandstra-dubbel-ispik\/\",\"name\":\"Zandstra dubbel ispik - Uppsala\",\"isPartOf\":{\"@id\":\"https:\/\/aktivtuteliv.se\/uppsala\/#website\"},\"primaryImageOfPage\":{\"@id\":\"https:\/\/aktivtuteliv.se\/uppsala\/produkt\/zandstra-dubbel-ispik\/#primaryimage\"},\"image\":{\"@id\":\"https:\/\/aktivtuteliv.se\/uppsala\/produkt\/zandstra-dubbel-ispik\/#primaryimage\"},\"thumbnailUrl\":\"https:\/\/e5gp8rwuod7.exactdn.com\/uppsala\/wp-content\/uploads\/sites\/3\/2021\/08\/Zandstra-Dubbelpik-300x300-1.jpg?strip=all&lossy=1&ssl=1\",\"datePublished\":\"2021-08-29T12:39:20+00:00\",\"dateModified\":\"2022-03-30T13:41:33+00:00\",\"breadcrumb\":{\"@id\":\"https:\/\/aktivtuteliv.se\/uppsala\/produkt\/zandstra-dubbel-ispik\/#breadcrumb\"},\"inLanguage\":\"sv-SE\",\"potentialAction\":[{\"@type\":\"ReadAction\",\"target\":[\"https:\/\/aktivtuteliv.se\/uppsala\/produkt\/zandstra-dubbel-ispik\/\"]}]},{\"@type\":\"ImageObject\",\"inLanguage\":\"sv-SE\",\"@id\":\"https:\/\/aktivtuteliv.se\/uppsala\/produkt\/zandstra-dubbel-ispik\/#primaryimage\",\"url\":\"https:\/\/e5gp8rwuod7.exactdn.com\/uppsala\/wp-content\/uploads\/sites\/3\/2021\/08\/Zandstra-Dubbelpik-300x300-1.jpg?strip=all&lossy=1&ssl=1\",\"contentUrl\":\"https:\/\/e5gp8rwuod7.exactdn.com\/uppsala\/wp-content\/uploads\/sites\/3\/2021\/08\/Zandstra-Dubbelpik-300x300-1.jpg?strip=all&lossy=1&ssl=1\",\"width\":300,\"height\":300},{\"@type\":\"BreadcrumbList\",\"@id\":\"https:\/\/aktivtuteliv.se\/uppsala\/produkt\/zandstra-dubbel-ispik\/#breadcrumb\",\"itemListElement\":[{\"@type\":\"ListItem\",\"position\":1,\"name\":\"Home\",\"item\":\"https:\/\/aktivtuteliv.se\/uppsala\/startsida-vinter\/\"},{\"@type\":\"ListItem\",\"position\":2,\"name\":\"Webbutik\",\"item\":\"https:\/\/aktivtuteliv.se\/uppsala\/butik\/\"},{\"@type\":\"ListItem\",\"position\":3,\"name\":\"Zandstra dubbel ispik\"}]},{\"@type\":\"WebSite\",\"@id\":\"https:\/\/aktivtuteliv.se\/uppsala\/#website\",\"url\":\"https:\/\/aktivtuteliv.se\/uppsala\/\",\"name\":\"Uppsala\",\"description\":\"Hyr sport- &amp; friluftsutrustning\",\"publisher\":{\"@id\":\"https:\/\/aktivtuteliv.se\/uppsala\/#organization\"},\"potentialAction\":[{\"@type\":\"SearchAction\",\"target\":{\"@type\":\"EntryPoint\",\"urlTemplate\":\"https:\/\/aktivtuteliv.se\/uppsala\/?s={search_term_string}\"},\"query-input\":\"required name=search_term_string\"}],\"inLanguage\":\"sv-SE\"},{\"@type\":\"Organization\",\"@id\":\"https:\/\/aktivtuteliv.se\/uppsala\/#organization\",\"name\":\"Uppsala\",\"url\":\"https:\/\/aktivtuteliv.se\/uppsala\/\",\"logo\":{\"@type\":\"ImageObject\",\"inLanguage\":\"sv-SE\",\"@id\":\"https:\/\/aktivtuteliv.se\/uppsala\/#\/schema\/logo\/image\/\",\"url\":\"https:\/\/e5gp8rwuod7.exactdn.com\/uppsala\/wp-content\/uploads\/sites\/3\/2021\/07\/image-1-2.png?strip=all&lossy=1&ssl=1\",\"contentUrl\":\"https:\/\/e5gp8rwuod7.exactdn.com\/uppsala\/wp-content\/uploads\/sites\/3\/2021\/07\/image-1-2.png?strip=all&lossy=1&ssl=1\",\"width\":200,\"height\":98,\"caption\":\"Uppsala\"},\"image\":{\"@id\":\"https:\/\/aktivtuteliv.se\/uppsala\/#\/schema\/logo\/image\/\"}}]}<\/script>\n<!-- \/ Yoast SEO plugin. -->","yoast_head_json":{"title":"Zandstra dubbel ispik - Uppsala","robots":{"index":"index","follow":"follow","max-snippet":"max-snippet:-1","max-image-preview":"max-image-preview:large","max-video-preview":"max-video-preview:-1"},"canonical":"https:\/\/aktivtuteliv.se\/uppsala\/produkt\/zandstra-dubbel-ispik\/","og_locale":"sv_SE","og_type":"article","og_title":"Zandstra dubbel ispik - Uppsala","og_description":"Zandstra Dubbelpik\u00a0har spetsar i rostfritt st\u00e5l f\u00f6r att du ska kunna k\u00e4nna p\u00e5 isen n\u00e4r du \u00e4r ute och \u00e5ker skridskor. Det \u00e4r en l\u00e4tt dubbelpik av aluminium med skumhandtag [&hellip;]","og_url":"https:\/\/aktivtuteliv.se\/uppsala\/produkt\/zandstra-dubbel-ispik\/","og_site_name":"Uppsala","article_modified_time":"2022-03-30T13:41:33+00:00","og_image":[{"width":300,"height":300,"url":"https:\/\/aktivtuteliv.se\/uppsala\/wp-content\/uploads\/sites\/3\/2021\/08\/Zandstra-Dubbelpik-300x300-1.jpg","type":"image\/jpeg"}],"twitter_card":"summary_large_image","twitter_misc":{"Ber\u00e4knad l\u00e4stid":"1 minut"},"schema":{"@context":"https:\/\/schema.org","@graph":[{"@type":"WebPage","@id":"https:\/\/aktivtuteliv.se\/uppsala\/produkt\/zandstra-dubbel-ispik\/","url":"https:\/\/aktivtuteliv.se\/uppsala\/produkt\/zandstra-dubbel-ispik\/","name":"Zandstra dubbel ispik - Uppsala","isPartOf":{"@id":"https:\/\/aktivtuteliv.se\/uppsala\/#website"},"primaryImageOfPage":{"@id":"https:\/\/aktivtuteliv.se\/uppsala\/produkt\/zandstra-dubbel-ispik\/#primaryimage"},"image":{"@id":"https:\/\/aktivtuteliv.se\/uppsala\/produkt\/zandstra-dubbel-ispik\/#primaryimage"},"thumbnailUrl":"https:\/\/e5gp8rwuod7.exactdn.com\/uppsala\/wp-content\/uploads\/sites\/3\/2021\/08\/Zandstra-Dubbelpik-300x300-1.jpg?strip=all&lossy=1&ssl=1","datePublished":"2021-08-29T12:39:20+00:00","dateModified":"2022-03-30T13:41:33+00:00","breadcrumb":{"@id":"https:\/\/aktivtuteliv.se\/uppsala\/produkt\/zandstra-dubbel-ispik\/#breadcrumb"},"inLanguage":"sv-SE","potentialAction":[{"@type":"ReadAction","target":["https:\/\/aktivtuteliv.se\/uppsala\/produkt\/zandstra-dubbel-ispik\/"]}]},{"@type":"ImageObject","inLanguage":"sv-SE","@id":"https:\/\/aktivtuteliv.se\/uppsala\/produkt\/zandstra-dubbel-ispik\/#primaryimage","url":"https:\/\/e5gp8rwuod7.exactdn.com\/uppsala\/wp-content\/uploads\/sites\/3\/2021\/08\/Zandstra-Dubbelpik-300x300-1.jpg?strip=all&lossy=1&ssl=1","contentUrl":"https:\/\/e5gp8rwuod7.exactdn.com\/uppsala\/wp-content\/uploads\/sites\/3\/2021\/08\/Zandstra-Dubbelpik-300x300-1.jpg?strip=all&lossy=1&ssl=1","width":300,"height":300},{"@type":"BreadcrumbList","@id":"https:\/\/aktivtuteliv.se\/uppsala\/produkt\/zandstra-dubbel-ispik\/#breadcrumb","itemListElement":[{"@type":"ListItem","position":1,"name":"Home","item":"https:\/\/aktivtuteliv.se\/uppsala\/startsida-vinter\/"},{"@type":"ListItem","position":2,"name":"Webbutik","item":"https:\/\/aktivtuteliv.se\/uppsala\/butik\/"},{"@type":"ListItem","position":3,"name":"Zandstra dubbel ispik"}]},{"@type":"WebSite","@id":"https:\/\/aktivtuteliv.se\/uppsala\/#website","url":"https:\/\/aktivtuteliv.se\/uppsala\/","name":"Uppsala","description":"Hyr sport- &amp; friluftsutrustning","publisher":{"@id":"https:\/\/aktivtuteliv.se\/uppsala\/#organization"},"potentialAction":[{"@type":"SearchAction","target":{"@type":"EntryPoint","urlTemplate":"https:\/\/aktivtuteliv.se\/uppsala\/?s={search_term_string}"},"query-input":"required name=search_term_string"}],"inLanguage":"sv-SE"},{"@type":"Organization","@id":"https:\/\/aktivtuteliv.se\/uppsala\/#organization","name":"Uppsala","url":"https:\/\/aktivtuteliv.se\/uppsala\/","logo":{"@type":"ImageObject","inLanguage":"sv-SE","@id":"https:\/\/aktivtuteliv.se\/uppsala\/#\/schema\/logo\/image\/","url":"https:\/\/e5gp8rwuod7.exactdn.com\/uppsala\/wp-content\/uploads\/sites\/3\/2021\/07\/image-1-2.png?strip=all&lossy=1&ssl=1","contentUrl":"https:\/\/e5gp8rwuod7.exactdn.com\/uppsala\/wp-content\/uploads\/sites\/3\/2021\/07\/image-1-2.png?strip=all&lossy=1&ssl=1","width":200,"height":98,"caption":"Uppsala"},"image":{"@id":"https:\/\/aktivtuteliv.se\/uppsala\/#\/schema\/logo\/image\/"}}]}},"_links":{"self":[{"href":"https:\/\/aktivtuteliv.se\/uppsala\/wp-json\/wp\/v2\/product\/61963","targetHints":{"allow":["GET"]}}],"collection":[{"href":"https:\/\/aktivtuteliv.se\/uppsala\/wp-json\/wp\/v2\/product"}],"about":[{"href":"https:\/\/aktivtuteliv.se\/uppsala\/wp-json\/wp\/v2\/types\/product"}],"wp:featuredmedia":[{"embeddable":true,"href":"https:\/\/aktivtuteliv.se\/uppsala\/wp-json\/wp\/v2\/media\/61964"}],"wp:attachment":[{"href":"https:\/\/aktivtuteliv.se\/uppsala\/wp-json\/wp\/v2\/media?parent=61963"}],"wp:term":[{"taxonomy":"product_cat","embeddable":true,"href":"https:\/\/aktivtuteliv.se\/uppsala\/wp-json\/wp\/v2\/product_cat?post=61963"},{"taxonomy":"product_tag","embeddable":true,"href":"https:\/\/aktivtuteliv.se\/uppsala\/wp-json\/wp\/v2\/product_tag?post=61963"}],"curies":[{"name":"wp","href":"https:\/\/api.w.org\/{rel}","templated":true}]}}