


{"id":62029,"date":"2021-09-02T12:09:46","date_gmt":"2021-09-02T12:09:46","guid":{"rendered":"https:\/\/aktivtuteliv.se\/uppsala\/?post_type=product&#038;p=62029"},"modified":"2022-03-30T13:38:54","modified_gmt":"2022-03-30T13:38:54","slug":"alpina-bc-1600-2","status":"publish","type":"product","link":"https:\/\/aktivtuteliv.se\/uppsala\/produkt\/alpina-bc-1600-2\/","title":{"rendered":"Alpina BC 1600"},"content":{"rendered":"<p>Alpina BC 1600 \u00e4r en v\u00e4lgjord skinnpj\u00e4xa som passar lika bra f\u00f6r turskid\u00e5kning som l\u00e5ngf\u00e4rdsskridsko\u00e5kning och som \u00e4r uppskattad f\u00f6r sin goda passform och komfort. Pj\u00e4xan \u00e4r f\u00f6rsedd med Alpitexmembran f\u00f6r skydd mot sn\u00f6 och v\u00e4ta och isolerad med Thinsulate f\u00f6r h\u00f6g komfort oavsett v\u00e4der.<\/p>\n<p>&nbsp;<\/p>\n<p>Pj\u00e4xan finns i v\u00e5rt hyrsortiment vilket g\u00f6r att du kan hyra och testa den innan du k\u00f6per den.<\/p>\n<p>&nbsp;<\/p>\n<p>Kom g\u00e4rna in och testa utrustningen i v\u00e5rt hyrsortiment. I butik kan du \u00e4ven f\u00e5 hj\u00e4lp med alla de fr\u00e5gor du har kring produkten.<\/p>\n","protected":false},"excerpt":{"rendered":"<p>Alpina BC 1600 \u00e4r en v\u00e4lgjord skinnpj\u00e4xa som passar lika bra f\u00f6r turskid\u00e5kning som l\u00e5ngf\u00e4rdsskridsko\u00e5kning och som \u00e4r uppskattad f\u00f6r sin goda passform och komfort. Pj\u00e4xan \u00e4r f\u00f6rsedd med Alpitexmembran [&hellip;]<\/p>\n","protected":false},"featured_media":62030,"template":"","meta":{"_acf_changed":false},"product_cat":[452,381,380,460,387,409,404,26,364,398],"product_tag":[],"class_list":{"0":"post-62029","1":"product","2":"type-product","3":"status-publish","4":"has-post-thumbnail","6":"product_cat-skidor","7":"product_cat-forsaljning-skidor","8":"product_cat-forsaljning-langd","9":"product_cat-fjalltur-forsaljning-langd","10":"product_cat-langdpjaxor-forsaljning","11":"product_cat-vinter-butik","12":"product_cat-forsaljning","13":"product_cat-skridskor","14":"product_cat-forsaljning-skridskor","15":"product_cat-langfard-forsaljning","17":"first","18":"instock","19":"shipping-taxable","20":"purchasable","21":"product-type-simple"},"acf":[],"yoast_head":"<!-- This site is optimized with the Yoast SEO plugin v23.0 - https:\/\/yoast.com\/wordpress\/plugins\/seo\/ -->\n<title>Alpina BC 1600 - Uppsala<\/title>\n<meta name=\"robots\" content=\"index, follow, max-snippet:-1, max-image-preview:large, max-video-preview:-1\" \/>\n<link rel=\"canonical\" href=\"https:\/\/aktivtuteliv.se\/uppsala\/produkt\/alpina-bc-1600-2\/\" \/>\n<meta property=\"og:locale\" content=\"sv_SE\" \/>\n<meta property=\"og:type\" content=\"article\" \/>\n<meta property=\"og:title\" content=\"Alpina BC 1600 - Uppsala\" \/>\n<meta property=\"og:description\" content=\"Alpina BC 1600 \u00e4r en v\u00e4lgjord skinnpj\u00e4xa som passar lika bra f\u00f6r turskid\u00e5kning som l\u00e5ngf\u00e4rdsskridsko\u00e5kning och som \u00e4r uppskattad f\u00f6r sin goda passform och komfort. Pj\u00e4xan \u00e4r f\u00f6rsedd med Alpitexmembran [&hellip;]\" \/>\n<meta property=\"og:url\" content=\"https:\/\/aktivtuteliv.se\/uppsala\/produkt\/alpina-bc-1600-2\/\" \/>\n<meta property=\"og:site_name\" content=\"Uppsala\" \/>\n<meta property=\"article:modified_time\" content=\"2022-03-30T13:38:54+00:00\" \/>\n<meta property=\"og:image\" content=\"https:\/\/aktivtuteliv.se\/uppsala\/wp-content\/uploads\/sites\/3\/2021\/09\/5183-1-bc-1600.jpg\" \/>\n\t<meta property=\"og:image:width\" content=\"1200\" \/>\n\t<meta property=\"og:image:height\" content=\"1200\" \/>\n\t<meta property=\"og:image:type\" content=\"image\/jpeg\" \/>\n<meta name=\"twitter:card\" content=\"summary_large_image\" \/>\n<meta name=\"twitter:label1\" content=\"Ber\u00e4knad l\u00e4stid\" \/>\n\t<meta name=\"twitter:data1\" content=\"1 minut\" \/>\n<script type=\"application\/ld+json\" class=\"yoast-schema-graph\">{\"@context\":\"https:\/\/schema.org\",\"@graph\":[{\"@type\":\"WebPage\",\"@id\":\"https:\/\/aktivtuteliv.se\/uppsala\/produkt\/alpina-bc-1600-2\/\",\"url\":\"https:\/\/aktivtuteliv.se\/uppsala\/produkt\/alpina-bc-1600-2\/\",\"name\":\"Alpina BC 1600 - Uppsala\",\"isPartOf\":{\"@id\":\"https:\/\/aktivtuteliv.se\/uppsala\/#website\"},\"primaryImageOfPage\":{\"@id\":\"https:\/\/aktivtuteliv.se\/uppsala\/produkt\/alpina-bc-1600-2\/#primaryimage\"},\"image\":{\"@id\":\"https:\/\/aktivtuteliv.se\/uppsala\/produkt\/alpina-bc-1600-2\/#primaryimage\"},\"thumbnailUrl\":\"https:\/\/e5gp8rwuod7.exactdn.com\/uppsala\/wp-content\/uploads\/sites\/3\/2021\/09\/5183-1-bc-1600.jpg?strip=all&lossy=1&ssl=1\",\"datePublished\":\"2021-09-02T12:09:46+00:00\",\"dateModified\":\"2022-03-30T13:38:54+00:00\",\"breadcrumb\":{\"@id\":\"https:\/\/aktivtuteliv.se\/uppsala\/produkt\/alpina-bc-1600-2\/#breadcrumb\"},\"inLanguage\":\"sv-SE\",\"potentialAction\":[{\"@type\":\"ReadAction\",\"target\":[\"https:\/\/aktivtuteliv.se\/uppsala\/produkt\/alpina-bc-1600-2\/\"]}]},{\"@type\":\"ImageObject\",\"inLanguage\":\"sv-SE\",\"@id\":\"https:\/\/aktivtuteliv.se\/uppsala\/produkt\/alpina-bc-1600-2\/#primaryimage\",\"url\":\"https:\/\/e5gp8rwuod7.exactdn.com\/uppsala\/wp-content\/uploads\/sites\/3\/2021\/09\/5183-1-bc-1600.jpg?strip=all&lossy=1&ssl=1\",\"contentUrl\":\"https:\/\/e5gp8rwuod7.exactdn.com\/uppsala\/wp-content\/uploads\/sites\/3\/2021\/09\/5183-1-bc-1600.jpg?strip=all&lossy=1&ssl=1\",\"width\":1200,\"height\":1200},{\"@type\":\"BreadcrumbList\",\"@id\":\"https:\/\/aktivtuteliv.se\/uppsala\/produkt\/alpina-bc-1600-2\/#breadcrumb\",\"itemListElement\":[{\"@type\":\"ListItem\",\"position\":1,\"name\":\"Home\",\"item\":\"https:\/\/aktivtuteliv.se\/uppsala\/startsida-vinter\/\"},{\"@type\":\"ListItem\",\"position\":2,\"name\":\"Webbutik\",\"item\":\"https:\/\/aktivtuteliv.se\/uppsala\/butik\/\"},{\"@type\":\"ListItem\",\"position\":3,\"name\":\"Alpina BC 1600\"}]},{\"@type\":\"WebSite\",\"@id\":\"https:\/\/aktivtuteliv.se\/uppsala\/#website\",\"url\":\"https:\/\/aktivtuteliv.se\/uppsala\/\",\"name\":\"Uppsala\",\"description\":\"Hyr sport- &amp; friluftsutrustning\",\"publisher\":{\"@id\":\"https:\/\/aktivtuteliv.se\/uppsala\/#organization\"},\"potentialAction\":[{\"@type\":\"SearchAction\",\"target\":{\"@type\":\"EntryPoint\",\"urlTemplate\":\"https:\/\/aktivtuteliv.se\/uppsala\/?s={search_term_string}\"},\"query-input\":\"required name=search_term_string\"}],\"inLanguage\":\"sv-SE\"},{\"@type\":\"Organization\",\"@id\":\"https:\/\/aktivtuteliv.se\/uppsala\/#organization\",\"name\":\"Uppsala\",\"url\":\"https:\/\/aktivtuteliv.se\/uppsala\/\",\"logo\":{\"@type\":\"ImageObject\",\"inLanguage\":\"sv-SE\",\"@id\":\"https:\/\/aktivtuteliv.se\/uppsala\/#\/schema\/logo\/image\/\",\"url\":\"https:\/\/e5gp8rwuod7.exactdn.com\/uppsala\/wp-content\/uploads\/sites\/3\/2021\/07\/image-1-2.png?strip=all&lossy=1&ssl=1\",\"contentUrl\":\"https:\/\/e5gp8rwuod7.exactdn.com\/uppsala\/wp-content\/uploads\/sites\/3\/2021\/07\/image-1-2.png?strip=all&lossy=1&ssl=1\",\"width\":200,\"height\":98,\"caption\":\"Uppsala\"},\"image\":{\"@id\":\"https:\/\/aktivtuteliv.se\/uppsala\/#\/schema\/logo\/image\/\"}}]}<\/script>\n<!-- \/ Yoast SEO plugin. -->","yoast_head_json":{"title":"Alpina BC 1600 - Uppsala","robots":{"index":"index","follow":"follow","max-snippet":"max-snippet:-1","max-image-preview":"max-image-preview:large","max-video-preview":"max-video-preview:-1"},"canonical":"https:\/\/aktivtuteliv.se\/uppsala\/produkt\/alpina-bc-1600-2\/","og_locale":"sv_SE","og_type":"article","og_title":"Alpina BC 1600 - Uppsala","og_description":"Alpina BC 1600 \u00e4r en v\u00e4lgjord skinnpj\u00e4xa som passar lika bra f\u00f6r turskid\u00e5kning som l\u00e5ngf\u00e4rdsskridsko\u00e5kning och som \u00e4r uppskattad f\u00f6r sin goda passform och komfort. Pj\u00e4xan \u00e4r f\u00f6rsedd med Alpitexmembran [&hellip;]","og_url":"https:\/\/aktivtuteliv.se\/uppsala\/produkt\/alpina-bc-1600-2\/","og_site_name":"Uppsala","article_modified_time":"2022-03-30T13:38:54+00:00","og_image":[{"width":1200,"height":1200,"url":"https:\/\/aktivtuteliv.se\/uppsala\/wp-content\/uploads\/sites\/3\/2021\/09\/5183-1-bc-1600.jpg","type":"image\/jpeg"}],"twitter_card":"summary_large_image","twitter_misc":{"Ber\u00e4knad l\u00e4stid":"1 minut"},"schema":{"@context":"https:\/\/schema.org","@graph":[{"@type":"WebPage","@id":"https:\/\/aktivtuteliv.se\/uppsala\/produkt\/alpina-bc-1600-2\/","url":"https:\/\/aktivtuteliv.se\/uppsala\/produkt\/alpina-bc-1600-2\/","name":"Alpina BC 1600 - Uppsala","isPartOf":{"@id":"https:\/\/aktivtuteliv.se\/uppsala\/#website"},"primaryImageOfPage":{"@id":"https:\/\/aktivtuteliv.se\/uppsala\/produkt\/alpina-bc-1600-2\/#primaryimage"},"image":{"@id":"https:\/\/aktivtuteliv.se\/uppsala\/produkt\/alpina-bc-1600-2\/#primaryimage"},"thumbnailUrl":"https:\/\/e5gp8rwuod7.exactdn.com\/uppsala\/wp-content\/uploads\/sites\/3\/2021\/09\/5183-1-bc-1600.jpg?strip=all&lossy=1&ssl=1","datePublished":"2021-09-02T12:09:46+00:00","dateModified":"2022-03-30T13:38:54+00:00","breadcrumb":{"@id":"https:\/\/aktivtuteliv.se\/uppsala\/produkt\/alpina-bc-1600-2\/#breadcrumb"},"inLanguage":"sv-SE","potentialAction":[{"@type":"ReadAction","target":["https:\/\/aktivtuteliv.se\/uppsala\/produkt\/alpina-bc-1600-2\/"]}]},{"@type":"ImageObject","inLanguage":"sv-SE","@id":"https:\/\/aktivtuteliv.se\/uppsala\/produkt\/alpina-bc-1600-2\/#primaryimage","url":"https:\/\/e5gp8rwuod7.exactdn.com\/uppsala\/wp-content\/uploads\/sites\/3\/2021\/09\/5183-1-bc-1600.jpg?strip=all&lossy=1&ssl=1","contentUrl":"https:\/\/e5gp8rwuod7.exactdn.com\/uppsala\/wp-content\/uploads\/sites\/3\/2021\/09\/5183-1-bc-1600.jpg?strip=all&lossy=1&ssl=1","width":1200,"height":1200},{"@type":"BreadcrumbList","@id":"https:\/\/aktivtuteliv.se\/uppsala\/produkt\/alpina-bc-1600-2\/#breadcrumb","itemListElement":[{"@type":"ListItem","position":1,"name":"Home","item":"https:\/\/aktivtuteliv.se\/uppsala\/startsida-vinter\/"},{"@type":"ListItem","position":2,"name":"Webbutik","item":"https:\/\/aktivtuteliv.se\/uppsala\/butik\/"},{"@type":"ListItem","position":3,"name":"Alpina BC 1600"}]},{"@type":"WebSite","@id":"https:\/\/aktivtuteliv.se\/uppsala\/#website","url":"https:\/\/aktivtuteliv.se\/uppsala\/","name":"Uppsala","description":"Hyr sport- &amp; friluftsutrustning","publisher":{"@id":"https:\/\/aktivtuteliv.se\/uppsala\/#organization"},"potentialAction":[{"@type":"SearchAction","target":{"@type":"EntryPoint","urlTemplate":"https:\/\/aktivtuteliv.se\/uppsala\/?s={search_term_string}"},"query-input":"required name=search_term_string"}],"inLanguage":"sv-SE"},{"@type":"Organization","@id":"https:\/\/aktivtuteliv.se\/uppsala\/#organization","name":"Uppsala","url":"https:\/\/aktivtuteliv.se\/uppsala\/","logo":{"@type":"ImageObject","inLanguage":"sv-SE","@id":"https:\/\/aktivtuteliv.se\/uppsala\/#\/schema\/logo\/image\/","url":"https:\/\/e5gp8rwuod7.exactdn.com\/uppsala\/wp-content\/uploads\/sites\/3\/2021\/07\/image-1-2.png?strip=all&lossy=1&ssl=1","contentUrl":"https:\/\/e5gp8rwuod7.exactdn.com\/uppsala\/wp-content\/uploads\/sites\/3\/2021\/07\/image-1-2.png?strip=all&lossy=1&ssl=1","width":200,"height":98,"caption":"Uppsala"},"image":{"@id":"https:\/\/aktivtuteliv.se\/uppsala\/#\/schema\/logo\/image\/"}}]}},"_links":{"self":[{"href":"https:\/\/aktivtuteliv.se\/uppsala\/wp-json\/wp\/v2\/product\/62029","targetHints":{"allow":["GET"]}}],"collection":[{"href":"https:\/\/aktivtuteliv.se\/uppsala\/wp-json\/wp\/v2\/product"}],"about":[{"href":"https:\/\/aktivtuteliv.se\/uppsala\/wp-json\/wp\/v2\/types\/product"}],"wp:featuredmedia":[{"embeddable":true,"href":"https:\/\/aktivtuteliv.se\/uppsala\/wp-json\/wp\/v2\/media\/62030"}],"wp:attachment":[{"href":"https:\/\/aktivtuteliv.se\/uppsala\/wp-json\/wp\/v2\/media?parent=62029"}],"wp:term":[{"taxonomy":"product_cat","embeddable":true,"href":"https:\/\/aktivtuteliv.se\/uppsala\/wp-json\/wp\/v2\/product_cat?post=62029"},{"taxonomy":"product_tag","embeddable":true,"href":"https:\/\/aktivtuteliv.se\/uppsala\/wp-json\/wp\/v2\/product_tag?post=62029"}],"curies":[{"name":"wp","href":"https:\/\/api.w.org\/{rel}","templated":true}]}}