


{"id":62033,"date":"2021-09-02T12:20:48","date_gmt":"2021-09-02T12:20:48","guid":{"rendered":"https:\/\/aktivtuteliv.se\/uppsala\/?post_type=product&#038;p=62033"},"modified":"2022-03-30T13:39:16","modified_gmt":"2022-03-30T13:39:16","slug":"melker-rodloga-inkl-roder","status":"publish","type":"product","link":"https:\/\/aktivtuteliv.se\/uppsala\/produkt\/melker-rodloga-inkl-roder\/","title":{"rendered":"Melker R\u00f6dl\u00f6ga (inkl. roder)"},"content":{"rendered":"<p>Melker R\u00f6dl\u00f6ga \u00e4r en helt nyutvecklad kajakmodell fr\u00e5n Melker designad av Magnus de Brito.<\/p>\n<p>Paddelm\u00e4ssigt s\u00e5 \u00e4r det en lekfull och l\u00e4ttman\u00f6vrerad kajak f\u00f6r tuffa f\u00f6rh\u00e5llanden. Kajaken har en tydlig rockerprofil och skarpa slag vilket g\u00f6r att den v\u00e4nder p\u00e5 en fem\u00f6ring och svarar bra p\u00e5 kantning.<\/p>\n<p>&nbsp;<\/p>\n<p>R\u00f6dl\u00f6ga \u00e4r utrustad med hela fyra packluckor i olika storlekar, varav tv\u00e5 \u00e4r \u00e5tkomliga fr\u00e5n sittbrunnen, det g\u00f6r den l\u00e4ttpackad och l\u00e4mplig f\u00f6r l\u00e5nga \u00f6vernattningsturer. R\u00f6dl\u00f6ga \u00e4r utrustad med sk\u00e4dda och roder som standard vilket \u00e4r inkluderat i priset.<\/p>\n<p>&nbsp;<\/p>\n<p>Kajaken har en surfinspirerad design och \u00e4r delvis tillverkad i FSC-certifierat lin i kombination med honeycomb, vilket ger en vridstyvare, l\u00e4ttare och mer milj\u00f6v\u00e4nlig kajak, d\u00e5 lin \u00e4r ett naturligt snabbv\u00e4xande gr\u00e4s och helt f\u00f6rnyelsebart.<\/p>\n<p>&nbsp;<\/p>\n<p><strong>MELKER R\u00d6DL\u00d6GA LV<\/strong><br \/>\nOptimal vikt: 45-80 kg<br \/>\nL\u00e4ngd: 480 cm<br \/>\nBredd: 52 cm<br \/>\nVikt: 22-23 kg<br \/>\nMaterial: Glasfiber honeycomb och lin<br \/>\nPackvolym: 18 L + 65 L + 110 L<br \/>\nF\u00e4rg: vit eller turkos<\/p>\n<p>&nbsp;<\/p>\n<p><strong>MELKER R\u00d6DL\u00d6GA HV<\/strong><br \/>\nOptimal vikt: 75-110 kg<br \/>\nL\u00e4ngd: 505 cm<br \/>\nBredd: 54 cm<br \/>\nVikt: 23-24 kg<br \/>\nMaterial: Glasfiber honeycomb och lin<br \/>\nPackvolym: 20 L + 65 L + 115 L<br \/>\nF\u00e4rg: vit eller turkos<\/p>\n<p>&nbsp;<\/p>\n","protected":false},"excerpt":{"rendered":"<p>Melker R\u00f6dl\u00f6ga \u00e4r en helt nyutvecklad kajakmodell fr\u00e5n Melker designad av Magnus de Brito. Paddelm\u00e4ssigt s\u00e5 \u00e4r det en lekfull och l\u00e4ttman\u00f6vrerad kajak f\u00f6r tuffa f\u00f6rh\u00e5llanden. Kajaken har en tydlig [&hellip;]<\/p>\n","protected":false},"featured_media":62034,"template":"","meta":{"_acf_changed":false},"product_cat":[104,354,378],"product_tag":[],"class_list":{"0":"post-62033","1":"product","2":"type-product","3":"status-publish","4":"has-post-thumbnail","6":"product_cat-paddling","7":"product_cat-forsaljning-kanot","8":"product_cat-forsaljning-kajak","10":"first","11":"instock","12":"shipping-taxable","13":"purchasable","14":"product-type-simple"},"acf":[],"yoast_head":"<!-- This site is optimized with the Yoast SEO plugin v23.0 - https:\/\/yoast.com\/wordpress\/plugins\/seo\/ -->\n<title>Melker R\u00f6dl\u00f6ga (inkl. roder) - Uppsala<\/title>\n<meta name=\"robots\" content=\"index, follow, max-snippet:-1, max-image-preview:large, max-video-preview:-1\" \/>\n<link rel=\"canonical\" href=\"https:\/\/aktivtuteliv.se\/uppsala\/produkt\/melker-rodloga-inkl-roder\/\" \/>\n<meta property=\"og:locale\" content=\"sv_SE\" \/>\n<meta property=\"og:type\" content=\"article\" \/>\n<meta property=\"og:title\" content=\"Melker R\u00f6dl\u00f6ga (inkl. roder) - Uppsala\" \/>\n<meta property=\"og:description\" content=\"Melker R\u00f6dl\u00f6ga \u00e4r en helt nyutvecklad kajakmodell fr\u00e5n Melker designad av Magnus de Brito. Paddelm\u00e4ssigt s\u00e5 \u00e4r det en lekfull och l\u00e4ttman\u00f6vrerad kajak f\u00f6r tuffa f\u00f6rh\u00e5llanden. Kajaken har en tydlig [&hellip;]\" \/>\n<meta property=\"og:url\" content=\"https:\/\/aktivtuteliv.se\/uppsala\/produkt\/melker-rodloga-inkl-roder\/\" \/>\n<meta property=\"og:site_name\" content=\"Uppsala\" \/>\n<meta property=\"article:modified_time\" content=\"2022-03-30T13:39:16+00:00\" \/>\n<meta property=\"og:image\" content=\"https:\/\/aktivtuteliv.se\/uppsala\/wp-content\/uploads\/sites\/3\/2021\/09\/Melker-Rodloga-turkos-1.jpg\" \/>\n\t<meta property=\"og:image:width\" content=\"1080\" \/>\n\t<meta property=\"og:image:height\" content=\"1080\" \/>\n\t<meta property=\"og:image:type\" content=\"image\/jpeg\" \/>\n<meta name=\"twitter:card\" content=\"summary_large_image\" \/>\n<meta name=\"twitter:label1\" content=\"Ber\u00e4knad l\u00e4stid\" \/>\n\t<meta name=\"twitter:data1\" content=\"1 minut\" \/>\n<script type=\"application\/ld+json\" class=\"yoast-schema-graph\">{\"@context\":\"https:\/\/schema.org\",\"@graph\":[{\"@type\":\"WebPage\",\"@id\":\"https:\/\/aktivtuteliv.se\/uppsala\/produkt\/melker-rodloga-inkl-roder\/\",\"url\":\"https:\/\/aktivtuteliv.se\/uppsala\/produkt\/melker-rodloga-inkl-roder\/\",\"name\":\"Melker R\u00f6dl\u00f6ga (inkl. roder) - Uppsala\",\"isPartOf\":{\"@id\":\"https:\/\/aktivtuteliv.se\/uppsala\/#website\"},\"primaryImageOfPage\":{\"@id\":\"https:\/\/aktivtuteliv.se\/uppsala\/produkt\/melker-rodloga-inkl-roder\/#primaryimage\"},\"image\":{\"@id\":\"https:\/\/aktivtuteliv.se\/uppsala\/produkt\/melker-rodloga-inkl-roder\/#primaryimage\"},\"thumbnailUrl\":\"https:\/\/e5gp8rwuod7.exactdn.com\/uppsala\/wp-content\/uploads\/sites\/3\/2021\/09\/Melker-Rodloga-turkos-1.jpg?strip=all&lossy=1&ssl=1\",\"datePublished\":\"2021-09-02T12:20:48+00:00\",\"dateModified\":\"2022-03-30T13:39:16+00:00\",\"breadcrumb\":{\"@id\":\"https:\/\/aktivtuteliv.se\/uppsala\/produkt\/melker-rodloga-inkl-roder\/#breadcrumb\"},\"inLanguage\":\"sv-SE\",\"potentialAction\":[{\"@type\":\"ReadAction\",\"target\":[\"https:\/\/aktivtuteliv.se\/uppsala\/produkt\/melker-rodloga-inkl-roder\/\"]}]},{\"@type\":\"ImageObject\",\"inLanguage\":\"sv-SE\",\"@id\":\"https:\/\/aktivtuteliv.se\/uppsala\/produkt\/melker-rodloga-inkl-roder\/#primaryimage\",\"url\":\"https:\/\/e5gp8rwuod7.exactdn.com\/uppsala\/wp-content\/uploads\/sites\/3\/2021\/09\/Melker-Rodloga-turkos-1.jpg?strip=all&lossy=1&ssl=1\",\"contentUrl\":\"https:\/\/e5gp8rwuod7.exactdn.com\/uppsala\/wp-content\/uploads\/sites\/3\/2021\/09\/Melker-Rodloga-turkos-1.jpg?strip=all&lossy=1&ssl=1\",\"width\":1080,\"height\":1080},{\"@type\":\"BreadcrumbList\",\"@id\":\"https:\/\/aktivtuteliv.se\/uppsala\/produkt\/melker-rodloga-inkl-roder\/#breadcrumb\",\"itemListElement\":[{\"@type\":\"ListItem\",\"position\":1,\"name\":\"Home\",\"item\":\"https:\/\/aktivtuteliv.se\/uppsala\/startsida-vinter\/\"},{\"@type\":\"ListItem\",\"position\":2,\"name\":\"Webbutik\",\"item\":\"https:\/\/aktivtuteliv.se\/uppsala\/butik\/\"},{\"@type\":\"ListItem\",\"position\":3,\"name\":\"Melker R\u00f6dl\u00f6ga (inkl. roder)\"}]},{\"@type\":\"WebSite\",\"@id\":\"https:\/\/aktivtuteliv.se\/uppsala\/#website\",\"url\":\"https:\/\/aktivtuteliv.se\/uppsala\/\",\"name\":\"Uppsala\",\"description\":\"Hyr sport- &amp; friluftsutrustning\",\"publisher\":{\"@id\":\"https:\/\/aktivtuteliv.se\/uppsala\/#organization\"},\"potentialAction\":[{\"@type\":\"SearchAction\",\"target\":{\"@type\":\"EntryPoint\",\"urlTemplate\":\"https:\/\/aktivtuteliv.se\/uppsala\/?s={search_term_string}\"},\"query-input\":\"required name=search_term_string\"}],\"inLanguage\":\"sv-SE\"},{\"@type\":\"Organization\",\"@id\":\"https:\/\/aktivtuteliv.se\/uppsala\/#organization\",\"name\":\"Uppsala\",\"url\":\"https:\/\/aktivtuteliv.se\/uppsala\/\",\"logo\":{\"@type\":\"ImageObject\",\"inLanguage\":\"sv-SE\",\"@id\":\"https:\/\/aktivtuteliv.se\/uppsala\/#\/schema\/logo\/image\/\",\"url\":\"https:\/\/e5gp8rwuod7.exactdn.com\/uppsala\/wp-content\/uploads\/sites\/3\/2021\/07\/image-1-2.png?strip=all&lossy=1&ssl=1\",\"contentUrl\":\"https:\/\/e5gp8rwuod7.exactdn.com\/uppsala\/wp-content\/uploads\/sites\/3\/2021\/07\/image-1-2.png?strip=all&lossy=1&ssl=1\",\"width\":200,\"height\":98,\"caption\":\"Uppsala\"},\"image\":{\"@id\":\"https:\/\/aktivtuteliv.se\/uppsala\/#\/schema\/logo\/image\/\"}}]}<\/script>\n<!-- \/ Yoast SEO plugin. -->","yoast_head_json":{"title":"Melker R\u00f6dl\u00f6ga (inkl. roder) - Uppsala","robots":{"index":"index","follow":"follow","max-snippet":"max-snippet:-1","max-image-preview":"max-image-preview:large","max-video-preview":"max-video-preview:-1"},"canonical":"https:\/\/aktivtuteliv.se\/uppsala\/produkt\/melker-rodloga-inkl-roder\/","og_locale":"sv_SE","og_type":"article","og_title":"Melker R\u00f6dl\u00f6ga (inkl. roder) - Uppsala","og_description":"Melker R\u00f6dl\u00f6ga \u00e4r en helt nyutvecklad kajakmodell fr\u00e5n Melker designad av Magnus de Brito. Paddelm\u00e4ssigt s\u00e5 \u00e4r det en lekfull och l\u00e4ttman\u00f6vrerad kajak f\u00f6r tuffa f\u00f6rh\u00e5llanden. Kajaken har en tydlig [&hellip;]","og_url":"https:\/\/aktivtuteliv.se\/uppsala\/produkt\/melker-rodloga-inkl-roder\/","og_site_name":"Uppsala","article_modified_time":"2022-03-30T13:39:16+00:00","og_image":[{"width":1080,"height":1080,"url":"https:\/\/aktivtuteliv.se\/uppsala\/wp-content\/uploads\/sites\/3\/2021\/09\/Melker-Rodloga-turkos-1.jpg","type":"image\/jpeg"}],"twitter_card":"summary_large_image","twitter_misc":{"Ber\u00e4knad l\u00e4stid":"1 minut"},"schema":{"@context":"https:\/\/schema.org","@graph":[{"@type":"WebPage","@id":"https:\/\/aktivtuteliv.se\/uppsala\/produkt\/melker-rodloga-inkl-roder\/","url":"https:\/\/aktivtuteliv.se\/uppsala\/produkt\/melker-rodloga-inkl-roder\/","name":"Melker R\u00f6dl\u00f6ga (inkl. roder) - Uppsala","isPartOf":{"@id":"https:\/\/aktivtuteliv.se\/uppsala\/#website"},"primaryImageOfPage":{"@id":"https:\/\/aktivtuteliv.se\/uppsala\/produkt\/melker-rodloga-inkl-roder\/#primaryimage"},"image":{"@id":"https:\/\/aktivtuteliv.se\/uppsala\/produkt\/melker-rodloga-inkl-roder\/#primaryimage"},"thumbnailUrl":"https:\/\/e5gp8rwuod7.exactdn.com\/uppsala\/wp-content\/uploads\/sites\/3\/2021\/09\/Melker-Rodloga-turkos-1.jpg?strip=all&lossy=1&ssl=1","datePublished":"2021-09-02T12:20:48+00:00","dateModified":"2022-03-30T13:39:16+00:00","breadcrumb":{"@id":"https:\/\/aktivtuteliv.se\/uppsala\/produkt\/melker-rodloga-inkl-roder\/#breadcrumb"},"inLanguage":"sv-SE","potentialAction":[{"@type":"ReadAction","target":["https:\/\/aktivtuteliv.se\/uppsala\/produkt\/melker-rodloga-inkl-roder\/"]}]},{"@type":"ImageObject","inLanguage":"sv-SE","@id":"https:\/\/aktivtuteliv.se\/uppsala\/produkt\/melker-rodloga-inkl-roder\/#primaryimage","url":"https:\/\/e5gp8rwuod7.exactdn.com\/uppsala\/wp-content\/uploads\/sites\/3\/2021\/09\/Melker-Rodloga-turkos-1.jpg?strip=all&lossy=1&ssl=1","contentUrl":"https:\/\/e5gp8rwuod7.exactdn.com\/uppsala\/wp-content\/uploads\/sites\/3\/2021\/09\/Melker-Rodloga-turkos-1.jpg?strip=all&lossy=1&ssl=1","width":1080,"height":1080},{"@type":"BreadcrumbList","@id":"https:\/\/aktivtuteliv.se\/uppsala\/produkt\/melker-rodloga-inkl-roder\/#breadcrumb","itemListElement":[{"@type":"ListItem","position":1,"name":"Home","item":"https:\/\/aktivtuteliv.se\/uppsala\/startsida-vinter\/"},{"@type":"ListItem","position":2,"name":"Webbutik","item":"https:\/\/aktivtuteliv.se\/uppsala\/butik\/"},{"@type":"ListItem","position":3,"name":"Melker R\u00f6dl\u00f6ga (inkl. roder)"}]},{"@type":"WebSite","@id":"https:\/\/aktivtuteliv.se\/uppsala\/#website","url":"https:\/\/aktivtuteliv.se\/uppsala\/","name":"Uppsala","description":"Hyr sport- &amp; friluftsutrustning","publisher":{"@id":"https:\/\/aktivtuteliv.se\/uppsala\/#organization"},"potentialAction":[{"@type":"SearchAction","target":{"@type":"EntryPoint","urlTemplate":"https:\/\/aktivtuteliv.se\/uppsala\/?s={search_term_string}"},"query-input":"required name=search_term_string"}],"inLanguage":"sv-SE"},{"@type":"Organization","@id":"https:\/\/aktivtuteliv.se\/uppsala\/#organization","name":"Uppsala","url":"https:\/\/aktivtuteliv.se\/uppsala\/","logo":{"@type":"ImageObject","inLanguage":"sv-SE","@id":"https:\/\/aktivtuteliv.se\/uppsala\/#\/schema\/logo\/image\/","url":"https:\/\/e5gp8rwuod7.exactdn.com\/uppsala\/wp-content\/uploads\/sites\/3\/2021\/07\/image-1-2.png?strip=all&lossy=1&ssl=1","contentUrl":"https:\/\/e5gp8rwuod7.exactdn.com\/uppsala\/wp-content\/uploads\/sites\/3\/2021\/07\/image-1-2.png?strip=all&lossy=1&ssl=1","width":200,"height":98,"caption":"Uppsala"},"image":{"@id":"https:\/\/aktivtuteliv.se\/uppsala\/#\/schema\/logo\/image\/"}}]}},"_links":{"self":[{"href":"https:\/\/aktivtuteliv.se\/uppsala\/wp-json\/wp\/v2\/product\/62033","targetHints":{"allow":["GET"]}}],"collection":[{"href":"https:\/\/aktivtuteliv.se\/uppsala\/wp-json\/wp\/v2\/product"}],"about":[{"href":"https:\/\/aktivtuteliv.se\/uppsala\/wp-json\/wp\/v2\/types\/product"}],"wp:featuredmedia":[{"embeddable":true,"href":"https:\/\/aktivtuteliv.se\/uppsala\/wp-json\/wp\/v2\/media\/62034"}],"wp:attachment":[{"href":"https:\/\/aktivtuteliv.se\/uppsala\/wp-json\/wp\/v2\/media?parent=62033"}],"wp:term":[{"taxonomy":"product_cat","embeddable":true,"href":"https:\/\/aktivtuteliv.se\/uppsala\/wp-json\/wp\/v2\/product_cat?post=62033"},{"taxonomy":"product_tag","embeddable":true,"href":"https:\/\/aktivtuteliv.se\/uppsala\/wp-json\/wp\/v2\/product_tag?post=62033"}],"curies":[{"name":"wp","href":"https:\/\/api.w.org\/{rel}","templated":true}]}}