


{"id":62035,"date":"2021-09-02T12:26:06","date_gmt":"2021-09-02T12:26:06","guid":{"rendered":"https:\/\/aktivtuteliv.se\/uppsala\/?post_type=product&#038;p=62035"},"modified":"2022-08-09T15:47:30","modified_gmt":"2022-08-09T15:47:30","slug":"crispi_summit_gtx","status":"publish","type":"product","link":"https:\/\/aktivtuteliv.se\/uppsala\/produkt\/crispi_summit_gtx\/","title":{"rendered":"Crispi Summit GTX"},"content":{"rendered":"<p>Crispi Summit GTX\u00a0 \u00e4r en stabil och bekv\u00e4m k\u00e4nga som passar lika till vandring som till jakt. K\u00e4ngan g\u00f6r sig bra i olika sorters terr\u00e4ng, \u00e4ven p\u00e5 h\u00f6gre h\u00f6jder. K\u00e4ngan har ett n\u00e5got h\u00f6gre skaft som ger bra skydd och st\u00f6d. K\u00e4ngan \u00e4r kl\u00e4dd i vattenavvisande mocka och har ett Gore-Tex membran. Detta g\u00f6r att du kan b\u00e4ra k\u00e4ngan utan problem \u00e4ven fast det regnar eller \u00e4r lite fuktigt ute. K\u00e4ngan har ett t\u00e5ligt material och \u00e4r extra f\u00f6rst\u00e4rkt med gummi. Gore-Text membranet bidrar till en behaglig milj\u00f6 i skon. K\u00e4ngan har en Vibram-yttersula med en st\u00f6td\u00e4mpande mellansula. K\u00e4ngan har dessutom en uttagbar fotb\u00e4dd som andas, transporterar fukt och bek\u00e4mpar od\u00f6rer. Detta g\u00f6r att du alltid h\u00e5ller dina f\u00f6tter torra \u00e4ven om du skulle svettas. Det \u00e4r Crispis 3D-konstruktion som transporterar bort fukt.<\/p>\n<ul>\n<li>Bekv\u00e4m k\u00e4nga som ger maximal komfort, stabilitet och st\u00f6d<\/li>\n<li>M\u00e5ngsidig &#8211; L\u00e4mpar sig bra i varierande terr\u00e4ng<\/li>\n<li>Passar b\u00e5de f\u00f6r vandring och jakt<\/li>\n<li>Gore-Tex membran<\/li>\n<li>Vattenavvisande mocka<\/li>\n<li>Extra f\u00f6rst\u00e4rkt med gummi<\/li>\n<li>L\u00e4ngre skafth\u00f6jd &#8211; ger extra st\u00f6d och skydd<\/li>\n<li>Urtagbar Crispi Air Mesh fotb\u00e4dd &#8211; h\u00e5ller dina f\u00f6tter torra<\/li>\n<li>Vibram-yttersula med st\u00f6td\u00e4mpande mellansula exklusivt designad f\u00f6r Crispi<\/li>\n<li>Unisex modell &#8211; passar b\u00e5de dam och herr<\/li>\n<\/ul>\n","protected":false},"excerpt":{"rendered":"<p>Crispi Summit GTX\u00a0 \u00e4r en stabil och bekv\u00e4m k\u00e4nga som passar lika till vandring som till jakt. K\u00e4ngan g\u00f6r sig bra i olika sorters terr\u00e4ng, \u00e4ven p\u00e5 h\u00f6gre h\u00f6jder. K\u00e4ngan [&hellip;]<\/p>\n","protected":false},"featured_media":64653,"template":"","meta":{"_acf_changed":false},"product_cat":[408,411,343,119],"product_tag":[],"class_list":{"0":"post-62035","1":"product","2":"type-product","3":"status-publish","4":"has-post-thumbnail","6":"product_cat-sommar-butik","7":"product_cat-forsaljning-sommar","8":"product_cat-friluftsutrustning","9":"product_cat-forsaljning-friluftsutrustning","11":"first","12":"instock","13":"shipping-taxable","14":"purchasable","15":"product-type-simple"},"acf":[],"yoast_head":"<!-- This site is optimized with the Yoast SEO plugin v23.0 - https:\/\/yoast.com\/wordpress\/plugins\/seo\/ -->\n<title>Crispi Summit GTX - Uppsala<\/title>\n<meta name=\"robots\" content=\"index, follow, max-snippet:-1, max-image-preview:large, max-video-preview:-1\" \/>\n<link rel=\"canonical\" href=\"https:\/\/aktivtuteliv.se\/uppsala\/produkt\/crispi_summit_gtx\/\" \/>\n<meta property=\"og:locale\" content=\"sv_SE\" \/>\n<meta property=\"og:type\" content=\"article\" \/>\n<meta property=\"og:title\" content=\"Crispi Summit GTX - Uppsala\" \/>\n<meta property=\"og:description\" content=\"Crispi Summit GTX\u00a0 \u00e4r en stabil och bekv\u00e4m k\u00e4nga som passar lika till vandring som till jakt. K\u00e4ngan g\u00f6r sig bra i olika sorters terr\u00e4ng, \u00e4ven p\u00e5 h\u00f6gre h\u00f6jder. K\u00e4ngan [&hellip;]\" \/>\n<meta property=\"og:url\" content=\"https:\/\/aktivtuteliv.se\/uppsala\/produkt\/crispi_summit_gtx\/\" \/>\n<meta property=\"og:site_name\" content=\"Uppsala\" \/>\n<meta property=\"article:modified_time\" content=\"2022-08-09T15:47:30+00:00\" \/>\n<meta property=\"og:image\" content=\"https:\/\/aktivtuteliv.se\/uppsala\/wp-content\/uploads\/sites\/3\/2021\/07\/crispi-summit-gtx-blackgrey-2.jpeg\" \/>\n\t<meta property=\"og:image:width\" content=\"753\" \/>\n\t<meta property=\"og:image:height\" content=\"700\" \/>\n\t<meta property=\"og:image:type\" content=\"image\/jpeg\" \/>\n<meta name=\"twitter:card\" content=\"summary_large_image\" \/>\n<meta name=\"twitter:label1\" content=\"Ber\u00e4knad l\u00e4stid\" \/>\n\t<meta name=\"twitter:data1\" content=\"1 minut\" \/>\n<script type=\"application\/ld+json\" class=\"yoast-schema-graph\">{\"@context\":\"https:\/\/schema.org\",\"@graph\":[{\"@type\":\"WebPage\",\"@id\":\"https:\/\/aktivtuteliv.se\/uppsala\/produkt\/crispi_summit_gtx\/\",\"url\":\"https:\/\/aktivtuteliv.se\/uppsala\/produkt\/crispi_summit_gtx\/\",\"name\":\"Crispi Summit GTX - Uppsala\",\"isPartOf\":{\"@id\":\"https:\/\/aktivtuteliv.se\/uppsala\/#website\"},\"primaryImageOfPage\":{\"@id\":\"https:\/\/aktivtuteliv.se\/uppsala\/produkt\/crispi_summit_gtx\/#primaryimage\"},\"image\":{\"@id\":\"https:\/\/aktivtuteliv.se\/uppsala\/produkt\/crispi_summit_gtx\/#primaryimage\"},\"thumbnailUrl\":\"https:\/\/e5gp8rwuod7.exactdn.com\/uppsala\/wp-content\/uploads\/sites\/3\/2021\/07\/crispi-summit-gtx-blackgrey-2.jpeg?strip=all&lossy=1&ssl=1\",\"datePublished\":\"2021-09-02T12:26:06+00:00\",\"dateModified\":\"2022-08-09T15:47:30+00:00\",\"breadcrumb\":{\"@id\":\"https:\/\/aktivtuteliv.se\/uppsala\/produkt\/crispi_summit_gtx\/#breadcrumb\"},\"inLanguage\":\"sv-SE\",\"potentialAction\":[{\"@type\":\"ReadAction\",\"target\":[\"https:\/\/aktivtuteliv.se\/uppsala\/produkt\/crispi_summit_gtx\/\"]}]},{\"@type\":\"ImageObject\",\"inLanguage\":\"sv-SE\",\"@id\":\"https:\/\/aktivtuteliv.se\/uppsala\/produkt\/crispi_summit_gtx\/#primaryimage\",\"url\":\"https:\/\/e5gp8rwuod7.exactdn.com\/uppsala\/wp-content\/uploads\/sites\/3\/2021\/07\/crispi-summit-gtx-blackgrey-2.jpeg?strip=all&lossy=1&ssl=1\",\"contentUrl\":\"https:\/\/e5gp8rwuod7.exactdn.com\/uppsala\/wp-content\/uploads\/sites\/3\/2021\/07\/crispi-summit-gtx-blackgrey-2.jpeg?strip=all&lossy=1&ssl=1\",\"width\":753,\"height\":700},{\"@type\":\"BreadcrumbList\",\"@id\":\"https:\/\/aktivtuteliv.se\/uppsala\/produkt\/crispi_summit_gtx\/#breadcrumb\",\"itemListElement\":[{\"@type\":\"ListItem\",\"position\":1,\"name\":\"Home\",\"item\":\"https:\/\/aktivtuteliv.se\/uppsala\/startsida-vinter\/\"},{\"@type\":\"ListItem\",\"position\":2,\"name\":\"Webbutik\",\"item\":\"https:\/\/aktivtuteliv.se\/uppsala\/butik\/\"},{\"@type\":\"ListItem\",\"position\":3,\"name\":\"Crispi Summit GTX\"}]},{\"@type\":\"WebSite\",\"@id\":\"https:\/\/aktivtuteliv.se\/uppsala\/#website\",\"url\":\"https:\/\/aktivtuteliv.se\/uppsala\/\",\"name\":\"Uppsala\",\"description\":\"Hyr sport- &amp; friluftsutrustning\",\"publisher\":{\"@id\":\"https:\/\/aktivtuteliv.se\/uppsala\/#organization\"},\"potentialAction\":[{\"@type\":\"SearchAction\",\"target\":{\"@type\":\"EntryPoint\",\"urlTemplate\":\"https:\/\/aktivtuteliv.se\/uppsala\/?s={search_term_string}\"},\"query-input\":\"required name=search_term_string\"}],\"inLanguage\":\"sv-SE\"},{\"@type\":\"Organization\",\"@id\":\"https:\/\/aktivtuteliv.se\/uppsala\/#organization\",\"name\":\"Uppsala\",\"url\":\"https:\/\/aktivtuteliv.se\/uppsala\/\",\"logo\":{\"@type\":\"ImageObject\",\"inLanguage\":\"sv-SE\",\"@id\":\"https:\/\/aktivtuteliv.se\/uppsala\/#\/schema\/logo\/image\/\",\"url\":\"https:\/\/e5gp8rwuod7.exactdn.com\/uppsala\/wp-content\/uploads\/sites\/3\/2021\/07\/image-1-2.png?strip=all&lossy=1&ssl=1\",\"contentUrl\":\"https:\/\/e5gp8rwuod7.exactdn.com\/uppsala\/wp-content\/uploads\/sites\/3\/2021\/07\/image-1-2.png?strip=all&lossy=1&ssl=1\",\"width\":200,\"height\":98,\"caption\":\"Uppsala\"},\"image\":{\"@id\":\"https:\/\/aktivtuteliv.se\/uppsala\/#\/schema\/logo\/image\/\"}}]}<\/script>\n<!-- \/ Yoast SEO plugin. -->","yoast_head_json":{"title":"Crispi Summit GTX - Uppsala","robots":{"index":"index","follow":"follow","max-snippet":"max-snippet:-1","max-image-preview":"max-image-preview:large","max-video-preview":"max-video-preview:-1"},"canonical":"https:\/\/aktivtuteliv.se\/uppsala\/produkt\/crispi_summit_gtx\/","og_locale":"sv_SE","og_type":"article","og_title":"Crispi Summit GTX - Uppsala","og_description":"Crispi Summit GTX\u00a0 \u00e4r en stabil och bekv\u00e4m k\u00e4nga som passar lika till vandring som till jakt. K\u00e4ngan g\u00f6r sig bra i olika sorters terr\u00e4ng, \u00e4ven p\u00e5 h\u00f6gre h\u00f6jder. K\u00e4ngan [&hellip;]","og_url":"https:\/\/aktivtuteliv.se\/uppsala\/produkt\/crispi_summit_gtx\/","og_site_name":"Uppsala","article_modified_time":"2022-08-09T15:47:30+00:00","og_image":[{"width":753,"height":700,"url":"https:\/\/aktivtuteliv.se\/uppsala\/wp-content\/uploads\/sites\/3\/2021\/07\/crispi-summit-gtx-blackgrey-2.jpeg","type":"image\/jpeg"}],"twitter_card":"summary_large_image","twitter_misc":{"Ber\u00e4knad l\u00e4stid":"1 minut"},"schema":{"@context":"https:\/\/schema.org","@graph":[{"@type":"WebPage","@id":"https:\/\/aktivtuteliv.se\/uppsala\/produkt\/crispi_summit_gtx\/","url":"https:\/\/aktivtuteliv.se\/uppsala\/produkt\/crispi_summit_gtx\/","name":"Crispi Summit GTX - Uppsala","isPartOf":{"@id":"https:\/\/aktivtuteliv.se\/uppsala\/#website"},"primaryImageOfPage":{"@id":"https:\/\/aktivtuteliv.se\/uppsala\/produkt\/crispi_summit_gtx\/#primaryimage"},"image":{"@id":"https:\/\/aktivtuteliv.se\/uppsala\/produkt\/crispi_summit_gtx\/#primaryimage"},"thumbnailUrl":"https:\/\/e5gp8rwuod7.exactdn.com\/uppsala\/wp-content\/uploads\/sites\/3\/2021\/07\/crispi-summit-gtx-blackgrey-2.jpeg?strip=all&lossy=1&ssl=1","datePublished":"2021-09-02T12:26:06+00:00","dateModified":"2022-08-09T15:47:30+00:00","breadcrumb":{"@id":"https:\/\/aktivtuteliv.se\/uppsala\/produkt\/crispi_summit_gtx\/#breadcrumb"},"inLanguage":"sv-SE","potentialAction":[{"@type":"ReadAction","target":["https:\/\/aktivtuteliv.se\/uppsala\/produkt\/crispi_summit_gtx\/"]}]},{"@type":"ImageObject","inLanguage":"sv-SE","@id":"https:\/\/aktivtuteliv.se\/uppsala\/produkt\/crispi_summit_gtx\/#primaryimage","url":"https:\/\/e5gp8rwuod7.exactdn.com\/uppsala\/wp-content\/uploads\/sites\/3\/2021\/07\/crispi-summit-gtx-blackgrey-2.jpeg?strip=all&lossy=1&ssl=1","contentUrl":"https:\/\/e5gp8rwuod7.exactdn.com\/uppsala\/wp-content\/uploads\/sites\/3\/2021\/07\/crispi-summit-gtx-blackgrey-2.jpeg?strip=all&lossy=1&ssl=1","width":753,"height":700},{"@type":"BreadcrumbList","@id":"https:\/\/aktivtuteliv.se\/uppsala\/produkt\/crispi_summit_gtx\/#breadcrumb","itemListElement":[{"@type":"ListItem","position":1,"name":"Home","item":"https:\/\/aktivtuteliv.se\/uppsala\/startsida-vinter\/"},{"@type":"ListItem","position":2,"name":"Webbutik","item":"https:\/\/aktivtuteliv.se\/uppsala\/butik\/"},{"@type":"ListItem","position":3,"name":"Crispi Summit GTX"}]},{"@type":"WebSite","@id":"https:\/\/aktivtuteliv.se\/uppsala\/#website","url":"https:\/\/aktivtuteliv.se\/uppsala\/","name":"Uppsala","description":"Hyr sport- &amp; friluftsutrustning","publisher":{"@id":"https:\/\/aktivtuteliv.se\/uppsala\/#organization"},"potentialAction":[{"@type":"SearchAction","target":{"@type":"EntryPoint","urlTemplate":"https:\/\/aktivtuteliv.se\/uppsala\/?s={search_term_string}"},"query-input":"required name=search_term_string"}],"inLanguage":"sv-SE"},{"@type":"Organization","@id":"https:\/\/aktivtuteliv.se\/uppsala\/#organization","name":"Uppsala","url":"https:\/\/aktivtuteliv.se\/uppsala\/","logo":{"@type":"ImageObject","inLanguage":"sv-SE","@id":"https:\/\/aktivtuteliv.se\/uppsala\/#\/schema\/logo\/image\/","url":"https:\/\/e5gp8rwuod7.exactdn.com\/uppsala\/wp-content\/uploads\/sites\/3\/2021\/07\/image-1-2.png?strip=all&lossy=1&ssl=1","contentUrl":"https:\/\/e5gp8rwuod7.exactdn.com\/uppsala\/wp-content\/uploads\/sites\/3\/2021\/07\/image-1-2.png?strip=all&lossy=1&ssl=1","width":200,"height":98,"caption":"Uppsala"},"image":{"@id":"https:\/\/aktivtuteliv.se\/uppsala\/#\/schema\/logo\/image\/"}}]}},"_links":{"self":[{"href":"https:\/\/aktivtuteliv.se\/uppsala\/wp-json\/wp\/v2\/product\/62035","targetHints":{"allow":["GET"]}}],"collection":[{"href":"https:\/\/aktivtuteliv.se\/uppsala\/wp-json\/wp\/v2\/product"}],"about":[{"href":"https:\/\/aktivtuteliv.se\/uppsala\/wp-json\/wp\/v2\/types\/product"}],"wp:featuredmedia":[{"embeddable":true,"href":"https:\/\/aktivtuteliv.se\/uppsala\/wp-json\/wp\/v2\/media\/64653"}],"wp:attachment":[{"href":"https:\/\/aktivtuteliv.se\/uppsala\/wp-json\/wp\/v2\/media?parent=62035"}],"wp:term":[{"taxonomy":"product_cat","embeddable":true,"href":"https:\/\/aktivtuteliv.se\/uppsala\/wp-json\/wp\/v2\/product_cat?post=62035"},{"taxonomy":"product_tag","embeddable":true,"href":"https:\/\/aktivtuteliv.se\/uppsala\/wp-json\/wp\/v2\/product_tag?post=62035"}],"curies":[{"name":"wp","href":"https:\/\/api.w.org\/{rel}","templated":true}]}}