


{"id":62286,"date":"2021-09-24T10:50:10","date_gmt":"2021-09-24T10:50:10","guid":{"rendered":"https:\/\/aktivtuteliv.se\/uppsala\/?post_type=product&#038;p=62286"},"modified":"2022-03-30T13:39:57","modified_gmt":"2022-03-30T13:39:57","slug":"bergans-trollhetta-3-p","status":"publish","type":"product","link":"https:\/\/aktivtuteliv.se\/uppsala\/produkt\/bergans-trollhetta-3-p\/","title":{"rendered":"Bergans Trollhetta 3-p"},"content":{"rendered":"<p>Bergans Trollhetta \u00e4r en rymlig och stabil l\u00e4ttviktare f\u00f6r 3 personer. Superl\u00e4tt och stabilt vandringst\u00e4lt f\u00f6r den kr\u00e4sna. Duken i silikonbelagd ripstop nylon skyddar v\u00e4l mot v\u00e4der och vind, samtidigt som den \u00e4r extremt l\u00e4tt och kan packas mer kompakt \u00e4n motsvarande t\u00e4ltdukar.<\/p>\n<p>L\u00e5g vikt, h\u00f6g stabilitet och mycket snabbt att sl\u00e5 upp.<\/p>\n<p>&nbsp;<\/p>\n<p>F\u00f6rt\u00e4lt med dragkedja i sidan. Tv\u00e5 utrustningsfickor och f\u00e4ste f\u00f6r torklina. Stor ventilationslucka i b\u00e5da \u00e4ndarna. L\u00e4tta och robusta DAC Pressfit\u2122 aluminiumst\u00e4nger som t\u00e5l h\u00e5rd vind. F\u00e4sten f\u00f6r stormlinor, f\u00e4sten f\u00f6r t\u00e4ltpinnar f\u00f6r stabil montering. Kompressions\u00f6verdrag i superl\u00e4tt duk. Yttert\u00e4lt i superl\u00e4tt, silikonbelagd ripstop nylonduk. T\u00e4ltpinnar: 19 st &#8211; Vikt: 310 g\/300 g (med\/utan p\u00e5se). Packp\u00e5se: 70 g<\/p>\n<p>&nbsp;<\/p>\n<p><strong>6007 Trollhetta 3-Person Tent<\/strong><\/p>\n<p><strong>M\u00e5tt yttert\u00e4lt B x L x H:<\/strong> 1900 x 4350 x 1100 mm<\/p>\n<p><strong>M\u00e5tt innert\u00e4lt B x L x H:<\/strong> 1700 x 2300 x 1000 mm<\/p>\n<p><strong>Total yta:<\/strong> 8,3 m\u00b2<\/p>\n<p><strong>Sovyta:<\/strong> 3,7 m\u00b2<\/p>\n<p><strong>Vattenpelare ytterduk:<\/strong> 3000 mm<\/p>\n<p><strong>Vattenpelare golvv\u00e4v:<\/strong> 5000 mm<\/p>\n<p><strong>Vikt:<\/strong> 3275 g<\/p>\n<p><strong>M\u00e5tt packad (H x B x D):<\/strong> 50 x 21 cm<\/p>\n","protected":false},"excerpt":{"rendered":"<p>Bergans Trollhetta \u00e4r en rymlig och stabil l\u00e4ttviktare f\u00f6r 3 personer. Superl\u00e4tt och stabilt vandringst\u00e4lt f\u00f6r den kr\u00e4sna. Duken i silikonbelagd ripstop nylon skyddar v\u00e4l mot v\u00e4der och vind, samtidigt [&hellip;]<\/p>\n","protected":false},"featured_media":62287,"template":"","meta":{"_acf_changed":false},"product_cat":[343,119,110],"product_tag":[],"class_list":{"0":"post-62286","1":"product","2":"type-product","3":"status-publish","4":"has-post-thumbnail","6":"product_cat-friluftsutrustning","7":"product_cat-forsaljning-friluftsutrustning","8":"product_cat-uthyrning-talt","10":"first","11":"instock","12":"shipping-taxable","13":"purchasable","14":"product-type-simple"},"acf":[],"yoast_head":"<!-- This site is optimized with the Yoast SEO plugin v23.0 - https:\/\/yoast.com\/wordpress\/plugins\/seo\/ -->\n<title>Bergans Trollhetta 3-p - Uppsala<\/title>\n<meta name=\"robots\" content=\"index, follow, max-snippet:-1, max-image-preview:large, max-video-preview:-1\" \/>\n<link rel=\"canonical\" href=\"https:\/\/aktivtuteliv.se\/uppsala\/produkt\/bergans-trollhetta-3-p\/\" \/>\n<meta property=\"og:locale\" content=\"sv_SE\" \/>\n<meta property=\"og:type\" content=\"article\" \/>\n<meta property=\"og:title\" content=\"Bergans Trollhetta 3-p - Uppsala\" \/>\n<meta property=\"og:description\" content=\"Bergans Trollhetta \u00e4r en rymlig och stabil l\u00e4ttviktare f\u00f6r 3 personer. Superl\u00e4tt och stabilt vandringst\u00e4lt f\u00f6r den kr\u00e4sna. Duken i silikonbelagd ripstop nylon skyddar v\u00e4l mot v\u00e4der och vind, samtidigt [&hellip;]\" \/>\n<meta property=\"og:url\" content=\"https:\/\/aktivtuteliv.se\/uppsala\/produkt\/bergans-trollhetta-3-p\/\" \/>\n<meta property=\"og:site_name\" content=\"Uppsala\" \/>\n<meta property=\"article:modified_time\" content=\"2022-03-30T13:39:57+00:00\" \/>\n<meta property=\"og:image\" content=\"https:\/\/aktivtuteliv.se\/uppsala\/wp-content\/uploads\/sites\/3\/2021\/09\/trollhetta3pweb-300x300-1-1.png\" \/>\n\t<meta property=\"og:image:width\" content=\"300\" \/>\n\t<meta property=\"og:image:height\" content=\"300\" \/>\n\t<meta property=\"og:image:type\" content=\"image\/png\" \/>\n<meta name=\"twitter:card\" content=\"summary_large_image\" \/>\n<meta name=\"twitter:label1\" content=\"Ber\u00e4knad l\u00e4stid\" \/>\n\t<meta name=\"twitter:data1\" content=\"1 minut\" \/>\n<script type=\"application\/ld+json\" class=\"yoast-schema-graph\">{\"@context\":\"https:\/\/schema.org\",\"@graph\":[{\"@type\":\"WebPage\",\"@id\":\"https:\/\/aktivtuteliv.se\/uppsala\/produkt\/bergans-trollhetta-3-p\/\",\"url\":\"https:\/\/aktivtuteliv.se\/uppsala\/produkt\/bergans-trollhetta-3-p\/\",\"name\":\"Bergans Trollhetta 3-p - Uppsala\",\"isPartOf\":{\"@id\":\"https:\/\/aktivtuteliv.se\/uppsala\/#website\"},\"primaryImageOfPage\":{\"@id\":\"https:\/\/aktivtuteliv.se\/uppsala\/produkt\/bergans-trollhetta-3-p\/#primaryimage\"},\"image\":{\"@id\":\"https:\/\/aktivtuteliv.se\/uppsala\/produkt\/bergans-trollhetta-3-p\/#primaryimage\"},\"thumbnailUrl\":\"https:\/\/e5gp8rwuod7.exactdn.com\/uppsala\/wp-content\/uploads\/sites\/3\/2021\/09\/trollhetta3pweb-300x300-1-1.png?strip=all&lossy=1&ssl=1\",\"datePublished\":\"2021-09-24T10:50:10+00:00\",\"dateModified\":\"2022-03-30T13:39:57+00:00\",\"breadcrumb\":{\"@id\":\"https:\/\/aktivtuteliv.se\/uppsala\/produkt\/bergans-trollhetta-3-p\/#breadcrumb\"},\"inLanguage\":\"sv-SE\",\"potentialAction\":[{\"@type\":\"ReadAction\",\"target\":[\"https:\/\/aktivtuteliv.se\/uppsala\/produkt\/bergans-trollhetta-3-p\/\"]}]},{\"@type\":\"ImageObject\",\"inLanguage\":\"sv-SE\",\"@id\":\"https:\/\/aktivtuteliv.se\/uppsala\/produkt\/bergans-trollhetta-3-p\/#primaryimage\",\"url\":\"https:\/\/e5gp8rwuod7.exactdn.com\/uppsala\/wp-content\/uploads\/sites\/3\/2021\/09\/trollhetta3pweb-300x300-1-1.png?strip=all&lossy=1&ssl=1\",\"contentUrl\":\"https:\/\/e5gp8rwuod7.exactdn.com\/uppsala\/wp-content\/uploads\/sites\/3\/2021\/09\/trollhetta3pweb-300x300-1-1.png?strip=all&lossy=1&ssl=1\",\"width\":300,\"height\":300},{\"@type\":\"BreadcrumbList\",\"@id\":\"https:\/\/aktivtuteliv.se\/uppsala\/produkt\/bergans-trollhetta-3-p\/#breadcrumb\",\"itemListElement\":[{\"@type\":\"ListItem\",\"position\":1,\"name\":\"Home\",\"item\":\"https:\/\/aktivtuteliv.se\/uppsala\/startsida-vinter\/\"},{\"@type\":\"ListItem\",\"position\":2,\"name\":\"Webbutik\",\"item\":\"https:\/\/aktivtuteliv.se\/uppsala\/butik\/\"},{\"@type\":\"ListItem\",\"position\":3,\"name\":\"Bergans Trollhetta 3-p\"}]},{\"@type\":\"WebSite\",\"@id\":\"https:\/\/aktivtuteliv.se\/uppsala\/#website\",\"url\":\"https:\/\/aktivtuteliv.se\/uppsala\/\",\"name\":\"Uppsala\",\"description\":\"Hyr sport- &amp; friluftsutrustning\",\"publisher\":{\"@id\":\"https:\/\/aktivtuteliv.se\/uppsala\/#organization\"},\"potentialAction\":[{\"@type\":\"SearchAction\",\"target\":{\"@type\":\"EntryPoint\",\"urlTemplate\":\"https:\/\/aktivtuteliv.se\/uppsala\/?s={search_term_string}\"},\"query-input\":\"required name=search_term_string\"}],\"inLanguage\":\"sv-SE\"},{\"@type\":\"Organization\",\"@id\":\"https:\/\/aktivtuteliv.se\/uppsala\/#organization\",\"name\":\"Uppsala\",\"url\":\"https:\/\/aktivtuteliv.se\/uppsala\/\",\"logo\":{\"@type\":\"ImageObject\",\"inLanguage\":\"sv-SE\",\"@id\":\"https:\/\/aktivtuteliv.se\/uppsala\/#\/schema\/logo\/image\/\",\"url\":\"https:\/\/e5gp8rwuod7.exactdn.com\/uppsala\/wp-content\/uploads\/sites\/3\/2021\/07\/image-1-2.png?strip=all&lossy=1&ssl=1\",\"contentUrl\":\"https:\/\/e5gp8rwuod7.exactdn.com\/uppsala\/wp-content\/uploads\/sites\/3\/2021\/07\/image-1-2.png?strip=all&lossy=1&ssl=1\",\"width\":200,\"height\":98,\"caption\":\"Uppsala\"},\"image\":{\"@id\":\"https:\/\/aktivtuteliv.se\/uppsala\/#\/schema\/logo\/image\/\"}}]}<\/script>\n<!-- \/ Yoast SEO plugin. -->","yoast_head_json":{"title":"Bergans Trollhetta 3-p - Uppsala","robots":{"index":"index","follow":"follow","max-snippet":"max-snippet:-1","max-image-preview":"max-image-preview:large","max-video-preview":"max-video-preview:-1"},"canonical":"https:\/\/aktivtuteliv.se\/uppsala\/produkt\/bergans-trollhetta-3-p\/","og_locale":"sv_SE","og_type":"article","og_title":"Bergans Trollhetta 3-p - Uppsala","og_description":"Bergans Trollhetta \u00e4r en rymlig och stabil l\u00e4ttviktare f\u00f6r 3 personer. Superl\u00e4tt och stabilt vandringst\u00e4lt f\u00f6r den kr\u00e4sna. Duken i silikonbelagd ripstop nylon skyddar v\u00e4l mot v\u00e4der och vind, samtidigt [&hellip;]","og_url":"https:\/\/aktivtuteliv.se\/uppsala\/produkt\/bergans-trollhetta-3-p\/","og_site_name":"Uppsala","article_modified_time":"2022-03-30T13:39:57+00:00","og_image":[{"width":300,"height":300,"url":"https:\/\/aktivtuteliv.se\/uppsala\/wp-content\/uploads\/sites\/3\/2021\/09\/trollhetta3pweb-300x300-1-1.png","type":"image\/png"}],"twitter_card":"summary_large_image","twitter_misc":{"Ber\u00e4knad l\u00e4stid":"1 minut"},"schema":{"@context":"https:\/\/schema.org","@graph":[{"@type":"WebPage","@id":"https:\/\/aktivtuteliv.se\/uppsala\/produkt\/bergans-trollhetta-3-p\/","url":"https:\/\/aktivtuteliv.se\/uppsala\/produkt\/bergans-trollhetta-3-p\/","name":"Bergans Trollhetta 3-p - Uppsala","isPartOf":{"@id":"https:\/\/aktivtuteliv.se\/uppsala\/#website"},"primaryImageOfPage":{"@id":"https:\/\/aktivtuteliv.se\/uppsala\/produkt\/bergans-trollhetta-3-p\/#primaryimage"},"image":{"@id":"https:\/\/aktivtuteliv.se\/uppsala\/produkt\/bergans-trollhetta-3-p\/#primaryimage"},"thumbnailUrl":"https:\/\/e5gp8rwuod7.exactdn.com\/uppsala\/wp-content\/uploads\/sites\/3\/2021\/09\/trollhetta3pweb-300x300-1-1.png?strip=all&lossy=1&ssl=1","datePublished":"2021-09-24T10:50:10+00:00","dateModified":"2022-03-30T13:39:57+00:00","breadcrumb":{"@id":"https:\/\/aktivtuteliv.se\/uppsala\/produkt\/bergans-trollhetta-3-p\/#breadcrumb"},"inLanguage":"sv-SE","potentialAction":[{"@type":"ReadAction","target":["https:\/\/aktivtuteliv.se\/uppsala\/produkt\/bergans-trollhetta-3-p\/"]}]},{"@type":"ImageObject","inLanguage":"sv-SE","@id":"https:\/\/aktivtuteliv.se\/uppsala\/produkt\/bergans-trollhetta-3-p\/#primaryimage","url":"https:\/\/e5gp8rwuod7.exactdn.com\/uppsala\/wp-content\/uploads\/sites\/3\/2021\/09\/trollhetta3pweb-300x300-1-1.png?strip=all&lossy=1&ssl=1","contentUrl":"https:\/\/e5gp8rwuod7.exactdn.com\/uppsala\/wp-content\/uploads\/sites\/3\/2021\/09\/trollhetta3pweb-300x300-1-1.png?strip=all&lossy=1&ssl=1","width":300,"height":300},{"@type":"BreadcrumbList","@id":"https:\/\/aktivtuteliv.se\/uppsala\/produkt\/bergans-trollhetta-3-p\/#breadcrumb","itemListElement":[{"@type":"ListItem","position":1,"name":"Home","item":"https:\/\/aktivtuteliv.se\/uppsala\/startsida-vinter\/"},{"@type":"ListItem","position":2,"name":"Webbutik","item":"https:\/\/aktivtuteliv.se\/uppsala\/butik\/"},{"@type":"ListItem","position":3,"name":"Bergans Trollhetta 3-p"}]},{"@type":"WebSite","@id":"https:\/\/aktivtuteliv.se\/uppsala\/#website","url":"https:\/\/aktivtuteliv.se\/uppsala\/","name":"Uppsala","description":"Hyr sport- &amp; friluftsutrustning","publisher":{"@id":"https:\/\/aktivtuteliv.se\/uppsala\/#organization"},"potentialAction":[{"@type":"SearchAction","target":{"@type":"EntryPoint","urlTemplate":"https:\/\/aktivtuteliv.se\/uppsala\/?s={search_term_string}"},"query-input":"required name=search_term_string"}],"inLanguage":"sv-SE"},{"@type":"Organization","@id":"https:\/\/aktivtuteliv.se\/uppsala\/#organization","name":"Uppsala","url":"https:\/\/aktivtuteliv.se\/uppsala\/","logo":{"@type":"ImageObject","inLanguage":"sv-SE","@id":"https:\/\/aktivtuteliv.se\/uppsala\/#\/schema\/logo\/image\/","url":"https:\/\/e5gp8rwuod7.exactdn.com\/uppsala\/wp-content\/uploads\/sites\/3\/2021\/07\/image-1-2.png?strip=all&lossy=1&ssl=1","contentUrl":"https:\/\/e5gp8rwuod7.exactdn.com\/uppsala\/wp-content\/uploads\/sites\/3\/2021\/07\/image-1-2.png?strip=all&lossy=1&ssl=1","width":200,"height":98,"caption":"Uppsala"},"image":{"@id":"https:\/\/aktivtuteliv.se\/uppsala\/#\/schema\/logo\/image\/"}}]}},"_links":{"self":[{"href":"https:\/\/aktivtuteliv.se\/uppsala\/wp-json\/wp\/v2\/product\/62286","targetHints":{"allow":["GET"]}}],"collection":[{"href":"https:\/\/aktivtuteliv.se\/uppsala\/wp-json\/wp\/v2\/product"}],"about":[{"href":"https:\/\/aktivtuteliv.se\/uppsala\/wp-json\/wp\/v2\/types\/product"}],"wp:featuredmedia":[{"embeddable":true,"href":"https:\/\/aktivtuteliv.se\/uppsala\/wp-json\/wp\/v2\/media\/62287"}],"wp:attachment":[{"href":"https:\/\/aktivtuteliv.se\/uppsala\/wp-json\/wp\/v2\/media?parent=62286"}],"wp:term":[{"taxonomy":"product_cat","embeddable":true,"href":"https:\/\/aktivtuteliv.se\/uppsala\/wp-json\/wp\/v2\/product_cat?post=62286"},{"taxonomy":"product_tag","embeddable":true,"href":"https:\/\/aktivtuteliv.se\/uppsala\/wp-json\/wp\/v2\/product_tag?post=62286"}],"curies":[{"name":"wp","href":"https:\/\/api.w.org\/{rel}","templated":true}]}}