


{"id":64654,"date":"2022-05-04T14:28:44","date_gmt":"2022-05-04T14:28:44","guid":{"rendered":"https:\/\/aktivtuteliv.se\/uppsala\/?post_type=product&#038;p=64654"},"modified":"2022-05-04T14:32:00","modified_gmt":"2022-05-04T14:32:00","slug":"fischer-twin-skin-race","status":"publish","type":"product","link":"https:\/\/aktivtuteliv.se\/uppsala\/produkt\/fischer-twin-skin-race\/","title":{"rendered":"Fischer Twin Skin Race"},"content":{"rendered":"<p>En vallningsfri l\u00e4ngdskida av den nya, revolutionerande typen med mohair d\u00e4r du varken beh\u00f6ver kompromissa med f\u00e4ste eller glid. Perfekt f\u00f6r alla som vill l\u00e4gga mer tid i skidp\u00e5ret \u00e4n i vallaboden.\u00a0Twin Skin Race \u00e4r skidan f\u00f6r dig som inte vill kompromissa med kvalit\u00e9n utan vill ha en skida som presterar \u00e4ven p\u00e5 till exempel ett Vasalopp.<\/p>\n<p>Twin Skin Race har tv\u00e5 stighudsremsor i n\u00e5got f\u00f6rskjutna positioner, och med fritt styrsp\u00e5r f\u00f6r b\u00e4ttre kontroll och fuktavvisning, vilket g\u00f6r \u00f6verg\u00e5ngarna i \u00e5kningen mjuka och huggfria. Stighudarna best\u00e5r av 100% mohair och \u00e4r teflonbehandlade f\u00f6r minskad risk f\u00f6r ifrysning. Bindingsplattan \u00e4r Fischers egen Turnamic som \u00e4ven \u00e4r kompatibel med pj\u00e4xor med Prolink- och Rottefellasula.<\/p>\n<p>I priset ing\u00e5r Turnamic Control Step In-bindning f\u00f6r 599 kr.<\/p>\n<p>Modellen du ser online och \u00e4ven hittar i butiken \u00e4r alltid den senaste, vi har aldrig kvar restlager fr\u00e5n tidigare s\u00e4songer med \u00e4ldre \u00e5rsmodeller.<\/p>\n","protected":false},"excerpt":{"rendered":"<p>En vallningsfri l\u00e4ngdskida av den nya, revolutionerande typen med mohair d\u00e4r du varken beh\u00f6ver kompromissa med f\u00e4ste eller glid. Perfekt f\u00f6r alla som vill l\u00e4gga mer tid i skidp\u00e5ret \u00e4n [&hellip;]<\/p>\n","protected":false},"featured_media":61877,"template":"","meta":{"_acf_changed":false},"product_cat":[452,381,380,388],"product_tag":[],"class_list":{"0":"post-64654","1":"product","2":"type-product","3":"status-publish","4":"has-post-thumbnail","6":"product_cat-skidor","7":"product_cat-forsaljning-skidor","8":"product_cat-forsaljning-langd","9":"product_cat-langdskidor-forsaljning","11":"first","12":"instock","13":"shipping-taxable","14":"purchasable","15":"product-type-simple"},"acf":[],"yoast_head":"<!-- This site is optimized with the Yoast SEO plugin v23.0 - https:\/\/yoast.com\/wordpress\/plugins\/seo\/ -->\n<title>Fischer Twin Skin Race - Uppsala<\/title>\n<meta name=\"robots\" content=\"index, follow, max-snippet:-1, max-image-preview:large, max-video-preview:-1\" \/>\n<link rel=\"canonical\" href=\"https:\/\/aktivtuteliv.se\/uppsala\/produkt\/fischer-twin-skin-race\/\" \/>\n<meta property=\"og:locale\" content=\"sv_SE\" \/>\n<meta property=\"og:type\" content=\"article\" \/>\n<meta property=\"og:title\" content=\"Fischer Twin Skin Race - Uppsala\" \/>\n<meta property=\"og:description\" content=\"En vallningsfri l\u00e4ngdskida av den nya, revolutionerande typen med mohair d\u00e4r du varken beh\u00f6ver kompromissa med f\u00e4ste eller glid. Perfekt f\u00f6r alla som vill l\u00e4gga mer tid i skidp\u00e5ret \u00e4n [&hellip;]\" \/>\n<meta property=\"og:url\" content=\"https:\/\/aktivtuteliv.se\/uppsala\/produkt\/fischer-twin-skin-race\/\" \/>\n<meta property=\"og:site_name\" content=\"Uppsala\" \/>\n<meta property=\"article:modified_time\" content=\"2022-05-04T14:32:00+00:00\" \/>\n<meta property=\"og:image\" content=\"https:\/\/aktivtuteliv.se\/uppsala\/wp-content\/uploads\/sites\/3\/2021\/08\/Fischer_TW_Pro-300x300-1.jpg\" \/>\n\t<meta property=\"og:image:width\" content=\"300\" \/>\n\t<meta property=\"og:image:height\" content=\"300\" \/>\n\t<meta property=\"og:image:type\" content=\"image\/jpeg\" \/>\n<meta name=\"twitter:card\" content=\"summary_large_image\" \/>\n<meta name=\"twitter:label1\" content=\"Ber\u00e4knad l\u00e4stid\" \/>\n\t<meta name=\"twitter:data1\" content=\"1 minut\" \/>\n<script type=\"application\/ld+json\" class=\"yoast-schema-graph\">{\"@context\":\"https:\/\/schema.org\",\"@graph\":[{\"@type\":\"WebPage\",\"@id\":\"https:\/\/aktivtuteliv.se\/uppsala\/produkt\/fischer-twin-skin-race\/\",\"url\":\"https:\/\/aktivtuteliv.se\/uppsala\/produkt\/fischer-twin-skin-race\/\",\"name\":\"Fischer Twin Skin Race - Uppsala\",\"isPartOf\":{\"@id\":\"https:\/\/aktivtuteliv.se\/uppsala\/#website\"},\"primaryImageOfPage\":{\"@id\":\"https:\/\/aktivtuteliv.se\/uppsala\/produkt\/fischer-twin-skin-race\/#primaryimage\"},\"image\":{\"@id\":\"https:\/\/aktivtuteliv.se\/uppsala\/produkt\/fischer-twin-skin-race\/#primaryimage\"},\"thumbnailUrl\":\"https:\/\/e5gp8rwuod7.exactdn.com\/uppsala\/wp-content\/uploads\/sites\/3\/2021\/08\/Fischer_TW_Pro-300x300-1.jpg?strip=all&lossy=1&ssl=1\",\"datePublished\":\"2022-05-04T14:28:44+00:00\",\"dateModified\":\"2022-05-04T14:32:00+00:00\",\"breadcrumb\":{\"@id\":\"https:\/\/aktivtuteliv.se\/uppsala\/produkt\/fischer-twin-skin-race\/#breadcrumb\"},\"inLanguage\":\"sv-SE\",\"potentialAction\":[{\"@type\":\"ReadAction\",\"target\":[\"https:\/\/aktivtuteliv.se\/uppsala\/produkt\/fischer-twin-skin-race\/\"]}]},{\"@type\":\"ImageObject\",\"inLanguage\":\"sv-SE\",\"@id\":\"https:\/\/aktivtuteliv.se\/uppsala\/produkt\/fischer-twin-skin-race\/#primaryimage\",\"url\":\"https:\/\/e5gp8rwuod7.exactdn.com\/uppsala\/wp-content\/uploads\/sites\/3\/2021\/08\/Fischer_TW_Pro-300x300-1.jpg?strip=all&lossy=1&ssl=1\",\"contentUrl\":\"https:\/\/e5gp8rwuod7.exactdn.com\/uppsala\/wp-content\/uploads\/sites\/3\/2021\/08\/Fischer_TW_Pro-300x300-1.jpg?strip=all&lossy=1&ssl=1\",\"width\":300,\"height\":300},{\"@type\":\"BreadcrumbList\",\"@id\":\"https:\/\/aktivtuteliv.se\/uppsala\/produkt\/fischer-twin-skin-race\/#breadcrumb\",\"itemListElement\":[{\"@type\":\"ListItem\",\"position\":1,\"name\":\"Home\",\"item\":\"https:\/\/aktivtuteliv.se\/uppsala\/startsida-vinter\/\"},{\"@type\":\"ListItem\",\"position\":2,\"name\":\"Webbutik\",\"item\":\"https:\/\/aktivtuteliv.se\/uppsala\/butik\/\"},{\"@type\":\"ListItem\",\"position\":3,\"name\":\"Fischer Twin Skin Race\"}]},{\"@type\":\"WebSite\",\"@id\":\"https:\/\/aktivtuteliv.se\/uppsala\/#website\",\"url\":\"https:\/\/aktivtuteliv.se\/uppsala\/\",\"name\":\"Uppsala\",\"description\":\"Hyr sport- &amp; friluftsutrustning\",\"publisher\":{\"@id\":\"https:\/\/aktivtuteliv.se\/uppsala\/#organization\"},\"potentialAction\":[{\"@type\":\"SearchAction\",\"target\":{\"@type\":\"EntryPoint\",\"urlTemplate\":\"https:\/\/aktivtuteliv.se\/uppsala\/?s={search_term_string}\"},\"query-input\":\"required name=search_term_string\"}],\"inLanguage\":\"sv-SE\"},{\"@type\":\"Organization\",\"@id\":\"https:\/\/aktivtuteliv.se\/uppsala\/#organization\",\"name\":\"Uppsala\",\"url\":\"https:\/\/aktivtuteliv.se\/uppsala\/\",\"logo\":{\"@type\":\"ImageObject\",\"inLanguage\":\"sv-SE\",\"@id\":\"https:\/\/aktivtuteliv.se\/uppsala\/#\/schema\/logo\/image\/\",\"url\":\"https:\/\/e5gp8rwuod7.exactdn.com\/uppsala\/wp-content\/uploads\/sites\/3\/2021\/07\/image-1-2.png?strip=all&lossy=1&ssl=1\",\"contentUrl\":\"https:\/\/e5gp8rwuod7.exactdn.com\/uppsala\/wp-content\/uploads\/sites\/3\/2021\/07\/image-1-2.png?strip=all&lossy=1&ssl=1\",\"width\":200,\"height\":98,\"caption\":\"Uppsala\"},\"image\":{\"@id\":\"https:\/\/aktivtuteliv.se\/uppsala\/#\/schema\/logo\/image\/\"}}]}<\/script>\n<!-- \/ Yoast SEO plugin. -->","yoast_head_json":{"title":"Fischer Twin Skin Race - Uppsala","robots":{"index":"index","follow":"follow","max-snippet":"max-snippet:-1","max-image-preview":"max-image-preview:large","max-video-preview":"max-video-preview:-1"},"canonical":"https:\/\/aktivtuteliv.se\/uppsala\/produkt\/fischer-twin-skin-race\/","og_locale":"sv_SE","og_type":"article","og_title":"Fischer Twin Skin Race - Uppsala","og_description":"En vallningsfri l\u00e4ngdskida av den nya, revolutionerande typen med mohair d\u00e4r du varken beh\u00f6ver kompromissa med f\u00e4ste eller glid. Perfekt f\u00f6r alla som vill l\u00e4gga mer tid i skidp\u00e5ret \u00e4n [&hellip;]","og_url":"https:\/\/aktivtuteliv.se\/uppsala\/produkt\/fischer-twin-skin-race\/","og_site_name":"Uppsala","article_modified_time":"2022-05-04T14:32:00+00:00","og_image":[{"width":300,"height":300,"url":"https:\/\/aktivtuteliv.se\/uppsala\/wp-content\/uploads\/sites\/3\/2021\/08\/Fischer_TW_Pro-300x300-1.jpg","type":"image\/jpeg"}],"twitter_card":"summary_large_image","twitter_misc":{"Ber\u00e4knad l\u00e4stid":"1 minut"},"schema":{"@context":"https:\/\/schema.org","@graph":[{"@type":"WebPage","@id":"https:\/\/aktivtuteliv.se\/uppsala\/produkt\/fischer-twin-skin-race\/","url":"https:\/\/aktivtuteliv.se\/uppsala\/produkt\/fischer-twin-skin-race\/","name":"Fischer Twin Skin Race - Uppsala","isPartOf":{"@id":"https:\/\/aktivtuteliv.se\/uppsala\/#website"},"primaryImageOfPage":{"@id":"https:\/\/aktivtuteliv.se\/uppsala\/produkt\/fischer-twin-skin-race\/#primaryimage"},"image":{"@id":"https:\/\/aktivtuteliv.se\/uppsala\/produkt\/fischer-twin-skin-race\/#primaryimage"},"thumbnailUrl":"https:\/\/e5gp8rwuod7.exactdn.com\/uppsala\/wp-content\/uploads\/sites\/3\/2021\/08\/Fischer_TW_Pro-300x300-1.jpg?strip=all&lossy=1&ssl=1","datePublished":"2022-05-04T14:28:44+00:00","dateModified":"2022-05-04T14:32:00+00:00","breadcrumb":{"@id":"https:\/\/aktivtuteliv.se\/uppsala\/produkt\/fischer-twin-skin-race\/#breadcrumb"},"inLanguage":"sv-SE","potentialAction":[{"@type":"ReadAction","target":["https:\/\/aktivtuteliv.se\/uppsala\/produkt\/fischer-twin-skin-race\/"]}]},{"@type":"ImageObject","inLanguage":"sv-SE","@id":"https:\/\/aktivtuteliv.se\/uppsala\/produkt\/fischer-twin-skin-race\/#primaryimage","url":"https:\/\/e5gp8rwuod7.exactdn.com\/uppsala\/wp-content\/uploads\/sites\/3\/2021\/08\/Fischer_TW_Pro-300x300-1.jpg?strip=all&lossy=1&ssl=1","contentUrl":"https:\/\/e5gp8rwuod7.exactdn.com\/uppsala\/wp-content\/uploads\/sites\/3\/2021\/08\/Fischer_TW_Pro-300x300-1.jpg?strip=all&lossy=1&ssl=1","width":300,"height":300},{"@type":"BreadcrumbList","@id":"https:\/\/aktivtuteliv.se\/uppsala\/produkt\/fischer-twin-skin-race\/#breadcrumb","itemListElement":[{"@type":"ListItem","position":1,"name":"Home","item":"https:\/\/aktivtuteliv.se\/uppsala\/startsida-vinter\/"},{"@type":"ListItem","position":2,"name":"Webbutik","item":"https:\/\/aktivtuteliv.se\/uppsala\/butik\/"},{"@type":"ListItem","position":3,"name":"Fischer Twin Skin Race"}]},{"@type":"WebSite","@id":"https:\/\/aktivtuteliv.se\/uppsala\/#website","url":"https:\/\/aktivtuteliv.se\/uppsala\/","name":"Uppsala","description":"Hyr sport- &amp; friluftsutrustning","publisher":{"@id":"https:\/\/aktivtuteliv.se\/uppsala\/#organization"},"potentialAction":[{"@type":"SearchAction","target":{"@type":"EntryPoint","urlTemplate":"https:\/\/aktivtuteliv.se\/uppsala\/?s={search_term_string}"},"query-input":"required name=search_term_string"}],"inLanguage":"sv-SE"},{"@type":"Organization","@id":"https:\/\/aktivtuteliv.se\/uppsala\/#organization","name":"Uppsala","url":"https:\/\/aktivtuteliv.se\/uppsala\/","logo":{"@type":"ImageObject","inLanguage":"sv-SE","@id":"https:\/\/aktivtuteliv.se\/uppsala\/#\/schema\/logo\/image\/","url":"https:\/\/e5gp8rwuod7.exactdn.com\/uppsala\/wp-content\/uploads\/sites\/3\/2021\/07\/image-1-2.png?strip=all&lossy=1&ssl=1","contentUrl":"https:\/\/e5gp8rwuod7.exactdn.com\/uppsala\/wp-content\/uploads\/sites\/3\/2021\/07\/image-1-2.png?strip=all&lossy=1&ssl=1","width":200,"height":98,"caption":"Uppsala"},"image":{"@id":"https:\/\/aktivtuteliv.se\/uppsala\/#\/schema\/logo\/image\/"}}]}},"_links":{"self":[{"href":"https:\/\/aktivtuteliv.se\/uppsala\/wp-json\/wp\/v2\/product\/64654","targetHints":{"allow":["GET"]}}],"collection":[{"href":"https:\/\/aktivtuteliv.se\/uppsala\/wp-json\/wp\/v2\/product"}],"about":[{"href":"https:\/\/aktivtuteliv.se\/uppsala\/wp-json\/wp\/v2\/types\/product"}],"wp:featuredmedia":[{"embeddable":true,"href":"https:\/\/aktivtuteliv.se\/uppsala\/wp-json\/wp\/v2\/media\/61877"}],"wp:attachment":[{"href":"https:\/\/aktivtuteliv.se\/uppsala\/wp-json\/wp\/v2\/media?parent=64654"}],"wp:term":[{"taxonomy":"product_cat","embeddable":true,"href":"https:\/\/aktivtuteliv.se\/uppsala\/wp-json\/wp\/v2\/product_cat?post=64654"},{"taxonomy":"product_tag","embeddable":true,"href":"https:\/\/aktivtuteliv.se\/uppsala\/wp-json\/wp\/v2\/product_tag?post=64654"}],"curies":[{"name":"wp","href":"https:\/\/api.w.org\/{rel}","templated":true}]}}