{"id":62500,"date":"2021-09-30T13:40:57","date_gmt":"2021-09-30T13:40:57","guid":{"rendered":"https:\/\/aktivtuteliv.se\/vasteras\/?page_id=62500"},"modified":"2026-01-08T13:05:54","modified_gmt":"2026-01-08T12:05:54","slug":"allmanna-villkor","status":"publish","type":"page","link":"https:\/\/aktivtuteliv.se\/vasteras\/allmanna-villkor\/","title":{"rendered":"Allm\u00e4nna villkor"},"content":{"rendered":"\n<p><strong>AKTIVT UTELIV BJ\u00d6RN\u00d6G\u00c5RDEN AB, ALLM\u00c4NNA BOKNINGS- OCH HYRESVILLKOR 2025-2026<\/strong><\/p>\n\n\n\n<div style=\"height:15px\" aria-hidden=\"true\" class=\"wp-block-spacer\"><\/div>\n\n\n\n<p><strong>VAD G\u00c4LLER N\u00c4R DU BOKAR?<br><\/strong>Dessa allm\u00e4nna villkor g\u00e4ller mellan Aktivt Uteliv (AU) och den som sj\u00e4lv, eller genom annan, tr\u00e4ffar avtal med oss enligt vad som angetts i bekr\u00e4ftelsen. Avtalet kan g\u00e4lla hyra av utrustning, bokning av aktivitet, k\u00f6p av produkter och tj\u00e4nster eller en kombination av dessa.<\/p>\n\n\n\n<div style=\"height:15px\" aria-hidden=\"true\" class=\"wp-block-spacer\"><\/div>\n\n\n\n<p><strong>VEM \u00c4R ANSVARIG?<br><\/strong>Ansvarig \u00e4r Aktivt Uteliv Bj\u00f6rn\u00f6g\u00e5rden AB, org.nr 556786-0910, Bj\u00f6rn\u00f6v\u00e4gen, 723 48 V\u00e4ster\u00e5s. Telefon, 021-262 00. E-post, vasteras@aktivuteliv.nu.<\/p>\n\n\n\n<div style=\"height:15px\" aria-hidden=\"true\" class=\"wp-block-spacer\"><\/div>\n\n\n\n<p><strong>AVTALET<\/strong><br>Som leverant\u00f6r ansvarar AU gentemot g\u00e4sten f\u00f6r vad denne har att fordra till f\u00f6ljd av avtalet. Uppgifter p\u00e5 hemsida och i utskick \u00e4r bindande f\u00f6r AU, men f\u00e5r \u00e4ndras innan avtal tr\u00e4ffas om tydligt f\u00f6rbeh\u00e5ll gjorts d\u00e4rom och g\u00e4sten tydligt informeras om \u00e4ndringen. AU reserverar sig f\u00f6r eventuella tryck- eller korrekturfel.<\/p>\n\n\n\n<div style=\"height:15px\" aria-hidden=\"true\" class=\"wp-block-spacer\"><\/div>\n\n\n\n<p>AU ansvarar inte f\u00f6r l\u00f6ften som tredjepart kan ha gjort direkt till g\u00e4sten utan AU:s vetskap och som AU inte k\u00e4nt till eller borde k\u00e4nna till.<\/p>\n\n\n\n<div style=\"height:15px\" aria-hidden=\"true\" class=\"wp-block-spacer\"><\/div>\n\n\n\n<p><strong>V\u00c5RA SKYLDIGHETER<br><\/strong>AU \u00e4r skyldiga att se till att g\u00e4sten f\u00e5r en skriftlig bekr\u00e4ftelse p\u00e5 sin bokning via e-post. Dessutom \u00e4r AU skyldiga att bokning eller k\u00f6p st\u00e4mmer \u00f6verens med beskrivningen p\u00e5 bekr\u00e4ftelsen och vidare att g\u00e4sten informeras om alla v\u00e4sentliga f\u00f6r\u00e4ndringar som r\u00f6r g\u00e4stens bokning.<\/p>\n\n\n\n<div style=\"height:15px\" aria-hidden=\"true\" class=\"wp-block-spacer\"><\/div>\n\n\n\n<p><strong>DINA SKYLDIGHETER<br><\/strong>F\u00f6r att ing\u00e5 avtal med AU g\u00e4llande uthyrning, eller deltagande i aktivitet, m\u00e5ste g\u00e4sten vara 18 \u00e5r (med legitimation, annars m\u00e5lsman vid uth\u00e4mtning). Om g\u00e4sten vid uth\u00e4mtning av bokning inte uppfyller \u00e5ldersgr\u00e4nsen g\u00e4ller regler f\u00f6r avbokning. F\u00f6r organiserade grupper, reses\u00e4llskap med ledare och familjer kan undantag fr\u00e5n ovann\u00e4mnda regler ske efter \u00f6verenskommelse med oss. G\u00e4sten ansvarar sj\u00e4lv f\u00f6r att hyresregler uppr\u00e4ttade av AU f\u00f6ljs och efterlevs utan undantag.<\/p>\n\n\n\n<div style=\"height:15px\" aria-hidden=\"true\" class=\"wp-block-spacer\"><\/div>\n\n\n\n<p>Vid deltagande av aktiviteter arrangerade av AU g\u00e4ller nykterhet. AU har r\u00e4tt att neka tilltr\u00e4de till aktiviteten om vi anser att s\u00e4kerheten ej kan garanteras. Ingen \u00e5terbetalning kommer att erbjudas under s\u00e5dana omst\u00e4ndigheter.<\/p>\n\n\n\n<div style=\"height:15px\" aria-hidden=\"true\" class=\"wp-block-spacer\"><\/div>\n\n\n\n<p><strong>DINA R\u00c4TTIGHETER<br><\/strong>G\u00e4sten har r\u00e4tt att s\u00e4tta n\u00e5gon annan i sitt st\u00e4lle och AU skall godta denna person om inte s\u00e4rskilda sk\u00e4l f\u00f6religger. Du skall d\u00e5 meddela AU om detta f\u00f6re f\u00f6rsta giltighetsdag.<\/p>\n\n\n\n<div style=\"height:15px\" aria-hidden=\"true\" class=\"wp-block-spacer\"><\/div>\n\n\n\n<p>AU f\u00e5r \u00e4ndra villkoren f\u00f6r bokningen i den m\u00e5n g\u00e4sten kan erbjudas andra likv\u00e4rdiga produkter. Om bokningen inte kan tillhandah\u00e5llas enligt bekr\u00e4ftelsen och dess villkor och AU inte kan erbjuda andra likv\u00e4rdiga produkter har g\u00e4sten r\u00e4tt att fr\u00e5ntr\u00e4da avtalet.<\/p>\n\n\n\n<div style=\"height:15px\" aria-hidden=\"true\" class=\"wp-block-spacer\"><\/div>\n\n\n\n<p>G\u00e4sten har ocks\u00e5 r\u00e4tt att fr\u00e5ntr\u00e4da avtalet om villkoren \u00e4ndras v\u00e4sentligt till dennes nackdel. F\u00f6r att du ska bli ber\u00e4ttigad att fr\u00e5ntr\u00e4da avtalet skall du meddela oss snarast m\u00f6jligt.<\/p>\n\n\n\n<div style=\"height:15px\" aria-hidden=\"true\" class=\"wp-block-spacer\"><\/div>\n\n\n\n<p><strong>N\u00c4R BLIR BOKNINGEN BINDANDE?<br><\/strong>B\u00e5de g\u00e4sten och AU \u00e4r bundna till avtalet s\u00e5 snart g\u00e4sten betalt g\u00e4llande produkter\/tj\u00e4nster och AU bekr\u00e4ftat bokningen. Det \u00e4r g\u00e4stens ansvar att kontrollera bekr\u00e4ftelsen och se till att till exempel ankomst och avresedatum och andra n\u00f6dv\u00e4ndiga uppgifter \u00e4r riktiga.<\/p>\n\n\n\n<div style=\"height:15px\" aria-hidden=\"true\" class=\"wp-block-spacer\"><\/div>\n\n\n\n<p><strong>N\u00c4R SKA JAG BETALA?<br><\/strong>G\u00e4sten skall betala n\u00e4r utrustningen\/produkten\/tj\u00e4nsten\/lokalen h\u00e4mtas ut, endast kortbetalning eller Swish accepteras. F\u00f6r skolor, f\u00f6retag, f\u00f6reningar och andra gruppbokningar kan betalning g\u00f6ras mot faktura om detta \u00e4r avtalat innan.<\/p>\n\n\n\n<div style=\"height:15px\" aria-hidden=\"true\" class=\"wp-block-spacer\"><\/div>\n\n\n\n<div style=\"height:15px\" aria-hidden=\"true\" class=\"wp-block-spacer\"><\/div>\n\n\n\n<p><strong>AVBOKNING<br><\/strong>All avbokning sker skriftligen till info@aktivtuteliv.nu. Du svarar sj\u00e4lv f\u00f6r att avbokningen n\u00e5r oss. N\u00e4r vi f\u00e5tt din avbokning skickar vi en bekr\u00e4ftelse p\u00e5 denna till dig. Vi accepterar endast avbokningar som du som g\u00e4st sj\u00e4lv har gjort. Vid avbokning ska namn, bokningsnummer och bokad ankomstdag alltid uppges.<\/p>\n\n\n\n<div style=\"height:15px\" aria-hidden=\"true\" class=\"wp-block-spacer\"><\/div>\n\n\n\n<ul class=\"wp-block-list\">\n<li>Vid avbokning fram till tre dagar (72 timmar) f\u00f6re f\u00f6rsta giltighetsdag sker full \u00e5terbetalning, men AU har r\u00e4tt att ta ut en administrativ avgift p\u00e5 200 kr per bokning.<\/li>\n\n\n\n<li>Vid avbokning senare \u00e4n tre dagar innan fram till en dag innan (72-24 timmar) f\u00f6rsta giltighetsdatum betalar AU tillbaka inbetalt belopp minus 50 procent av det totalt inbetalda beloppet. AU ska \u00e5terbetala beloppet senast 30 dagar efter avbokning.<\/li>\n\n\n\n<li>Vid avbokning mindre \u00e4n en dag (24 timmar) f\u00f6re f\u00f6rsta giltighetsdag, eller ej utnyttjad bokning, sker ingen \u00e5terbetalning.<br><\/li>\n<\/ul>\n\n\n\n<div style=\"height:15px\" aria-hidden=\"true\" class=\"wp-block-spacer\"><\/div>\n\n\n\n<p>Full \u00e5terbetalning f\u00f6r den tid produkten\/tj\u00e4nsten inte kunnat nyttjas sker vid avbokning innan f\u00f6rsta giltighetsdag p\u00e5 grund av: d\u00f6dsfall, sjukdom eller olycksfall som drabbat dig sj\u00e4lv, maka\/make, sambo, familj eller medresen\u00e4r, mot l\u00e4karintyg. Inkallelse till krigsmakt eller civilf\u00f6rsvar, mot kopia av myndighetsbeslut. Allvarlig h\u00e4ndelse utanf\u00f6r din kontroll, som inte kunnat f\u00f6rutses vid bokningstillf\u00e4llet och som medf\u00f6r att det inte \u00e4r rimligt att beg\u00e4ra att du ska st\u00e5 fast vid din bokning, t.ex. omfattande eldsv\u00e5da, \u00f6versv\u00e4mning i din bostad, skilsm\u00e4ssa eller upps\u00e4gning fr\u00e5n ditt arbete (ej varsel), mot intyg.<\/p>\n\n\n\n<div style=\"height:15px\" aria-hidden=\"true\" class=\"wp-block-spacer\"><\/div>\n\n\n\n<p>Det g\u00e5r \u00e4ven bra att utan avgift boka om till ett annat tillf\u00e4lle under innevarande s\u00e4song.<\/p>\n\n\n\n<div style=\"height:15px\" aria-hidden=\"true\" class=\"wp-block-spacer\"><\/div>\n\n\n\n<div style=\"height:15px\" aria-hidden=\"true\" class=\"wp-block-spacer\"><\/div>\n\n\n\n<p><strong>AVBOKNING VID P\u00c5B\u00d6RJAD AKTIVITET<\/strong><br>Vid avbrytande av aktiviteten\/vistelsen \u00e5terk\u00f6ps uth\u00e4mtad utrustning endast mot l\u00e4karintyg och endast \u00e5terst\u00e5ende hyrtid ers\u00e4tts. Ers\u00e4ttning sker fr\u00e5n den dagen intyg fr\u00e5n l\u00e4kare skrivits ut och utrustningen \u00e5terl\u00e4mnats. L\u00e4karintyg och utrustning l\u00e4mnas in till n\u00e4rmaste uthyrningsst\u00e4lle. Utrustning som bokats f\u00f6r paketresor kan endast avbokas i enlighet med de avbokningsregler som g\u00e4ller f\u00f6r boende enligt ovan.<\/p>\n\n\n\n<div style=\"height:15px\" aria-hidden=\"true\" class=\"wp-block-spacer\"><\/div>\n\n\n\n<p><strong>HYRESREGLER<\/strong><\/p>\n\n\n\n<ul class=\"wp-block-list\">\n<li>Legitimation \u00e4r obligatorisk vid all uthyrning (ej grupp och konferens).<\/li>\n\n\n\n<li>All betalning sker i f\u00f6rskott, om inget annat avtalats.<\/li>\n\n\n\n<li>\u00c5terbetalning av hyresbeloppet g\u00f6rs endast vid sjukdom mot uppvisande av l\u00e4karintyg.<\/li>\n\n\n\n<li>Skulle hyresf\u00f6rem\u00e5let \u00e5terl\u00e4mnas efter hyrestidens utg\u00e5ng debiteras hyra till den dag det \u00e5terl\u00e4mnas.<\/li>\n\n\n\n<li>Hyrestagaren \u00e4r ers\u00e4ttningsskyldig om hyrutrustning f\u00f6rekommer eller skadas och ers\u00e4ttning eller reparationskostnad bekostas av hyrestagaren (se nedan under VID SKADOR\/ST\u00d6LD P\u00c5 HYRD UTRUSTNING).<\/li>\n\n\n\n<li>Det \u00e5ligger hyrestagaren att anv\u00e4nda, sk\u00f6ta och ansvara f\u00f6r hyrutrustning p\u00e5 b\u00e4sta s\u00e4tt.<\/li>\n\n\n\n<li>Det \u00e5ligger hyrestagaren att besikta hyrutrustning vid utl\u00e4mningstillf\u00e4llet.<\/li>\n\n\n\n<li>Utrustningen skall vara rengjord vid \u00e5terl\u00e4mnandet, annars debiteras l\u00e5ntagaren f\u00f6r reng\u00f6ring.<\/li>\n\n\n\n<li>Hyresf\u00f6rem\u00e5let f\u00e5r icke \u00f6verl\u00e5tas, uthyras eller s\u00e4ljas av hyrestagaren.<br><\/li>\n<\/ul>\n\n\n\n<div style=\"height:15px\" aria-hidden=\"true\" class=\"wp-block-spacer\"><\/div>\n\n\n\n<p><strong>VID SKADOR\/ST\u00d6LD P\u00c5 HYRD UTRUSTNING.<\/strong><br>AU tillhandh\u00e5ller ingen f\u00f6rs\u00e4kring eller sj\u00e4lvriskeliminering f\u00f6r hyrd utrustning utan hyrestagaren \u00e4r fullt ers\u00e4ttningsskyldig vid st\u00f6ld eller totalskada som g\u00f6r att utrustningen inte l\u00e4ngre kan anv\u00e4ndas. St\u00f6ld eller totalskada av hyrutrustning innefattas av hyrestagarens hemf\u00f6rs\u00e4kring och AU kan p\u00e5 beg\u00e4ran tillhandah\u00e5lla den dokumentation som kr\u00e4vs f\u00f6r hyrestagaren ska f\u00e5 ers\u00e4ttning av sitt f\u00f6rs\u00e4kringsbolag.<\/p>\n\n\n\n<div style=\"height:15px\" aria-hidden=\"true\" class=\"wp-block-spacer\"><\/div>\n\n\n\n<p>AU f\u00f6rbeh\u00e5ller sig r\u00e4tten att med hj\u00e4lp av bokningssystemets v\u00e4rderingsmodell best\u00e4mma v\u00e4rdet p\u00e5 den hyrutrustning som m\u00e5ste ers\u00e4ttas vid st\u00f6ld eller totalskada.<\/p>\n\n\n\n<div style=\"height:15px\" aria-hidden=\"true\" class=\"wp-block-spacer\"><\/div>\n\n\n\n<p>Vid onormalt slitage som inneb\u00e4r att hyrutrustningen m\u00e5ste repareras f\u00f6r att \u00e5terst\u00e4llas i brukbart skick debiteras hyrestagaren enligt aktuell verkstadsprislista och\/eller f\u00f6r ink\u00f6p av ers\u00e4ttningsdelar.<\/p>\n\n\n\n<div style=\"height:15px\" aria-hidden=\"true\" class=\"wp-block-spacer\"><\/div>\n\n\n\n<p><strong>UTL\u00c4MNING OCH \u00c5TERL\u00c4MNING<\/strong><br>Utl\u00e4mning av bokad alpin-, l\u00e4ngd, och turskidsutrustning som bokats med resdagar kan tidigast ske fr\u00e5n kl. 16.00 dagen f\u00f6re f\u00f6rsta giltighetsdatum. F\u00f6r \u00f6vrig hyrutrustning sker utl\u00e4mning den dag och\/eller tid som utrustningen ska anv\u00e4ndas enligt giltighetsdatumet i bokningen.<\/p>\n\n\n\n<div style=\"height:15px\" aria-hidden=\"true\" class=\"wp-block-spacer\"><\/div>\n\n\n\n<p>\u00c5terl\u00e4mning av bokad alpin-, l\u00e4ngd, och turskidsutrustning som bokats med resdagar ska ske senast kl. 13.00 dagen efter sista giltighetsdatum. F\u00f6r \u00f6vrig hyrutrustning sker \u00e5terl\u00e4mning den dag och\/eller tid som utrustningen har anv\u00e4nts enligt giltighetsdatumet i bokningen.<\/p>\n\n\n\n<div style=\"height:15px\" aria-hidden=\"true\" class=\"wp-block-spacer\"><\/div>\n\n\n\n<p>F\u00f6r skolor, f\u00f6retag, f\u00f6reningar och andra gruppbokningar g\u00e4ller det som har avtalats i bokningen.<\/p>\n\n\n\n<div style=\"height:15px\" aria-hidden=\"true\" class=\"wp-block-spacer\"><\/div>\n\n\n\n<p><strong>OM VI INTE KOMMER \u00d6VERENS<\/strong><br>Har du som g\u00e4st klagom\u00e5l b\u00f6r dessa framf\u00f6ras till AU s\u00e5 snart som m\u00f6jligt s\u00e5 att vi har en chans att r\u00e4tta till dessa. T\u00e4nk p\u00e5 att era m\u00f6jligheter att f\u00e5 r\u00e4ttelse kan minska om ni dr\u00f6jer med att framf\u00f6r era synpunkter.<\/p>\n\n\n\n<div style=\"height:15px\" aria-hidden=\"true\" class=\"wp-block-spacer\"><\/div>\n\n\n\n<p>Om vi inte kommer \u00f6verens kan du v\u00e4nda dig till Allm\u00e4nna Reklamationsn\u00e4mnden eller allm\u00e4n domstol.<\/p>\n\n\n\n<div style=\"height:15px\" aria-hidden=\"true\" class=\"wp-block-spacer\"><\/div>\n\n\n\n<p><strong>FORCE MAJEURE<\/strong><br>B\u00e5da Parter har r\u00e4tt att fr\u00e5ntr\u00e4da avtalet om bokning\/k\u00f6pet inte kan tillhandah\u00e5llas p\u00e5 grund av strejk, naturkatastrof, arbetsmarknadskonflikt, l\u00e4ngre avbrott i vatten och energitillf\u00f6rseln, eldsv\u00e5da eller annan liknande st\u00f6rre h\u00e4ndelse som varken du eller vi kunnat f\u00f6rutse eller p\u00e5verka.<\/p>\n\n\n\n<div style=\"height:15px\" aria-hidden=\"true\" class=\"wp-block-spacer\"><\/div>\n\n\n\n<p><strong>PERSONUPPGIFTSLAGEN<\/strong><br>Vid en bokning uppger du personuppgifter s\u00e5som namn, personnummer, adress och telefonnummer. I samband med registrering och bokning godk\u00e4nner du att vi lagrar och anv\u00e4nder dina uppgifter i verksamheten f\u00f6r att fullf\u00f6lja v\u00e5ra \u00e5taganden gentemot dig. AU l\u00e4mnar inte ut personuppgifter till tredje part. Enligt GDPR har du r\u00e4tt att f\u00e5 den information som vi har registrerat om dig.<\/p>\n\n\n\n<div style=\"height:15px\" aria-hidden=\"true\" class=\"wp-block-spacer\"><\/div>\n\n\n\n<p>I v\u00e5r dataskyddspolicy beskriver vi bland annat vilka typer av personuppgifter vi behandlar och hur l\u00e4nge vi sparar dem. <a href=\"https:\/\/aktivtuteliv.se\/vasteras\/gdpr\/\">L\u00e4s g\u00e4rna den h\u00e4r!<\/a><\/p>\n\n\n\n<div style=\"height:15px\" aria-hidden=\"true\" class=\"wp-block-spacer\"><\/div>\n\n\n\n<p><strong>MOMS<br><\/strong>I alla priser ing\u00e5r lagstadgad merv\u00e4rdesskatt med 25 procent, f\u00f6rutom guidade turer och kurser d\u00e4r merv\u00e4rdesskatten \u00e4r sex procent.<\/p>\n","protected":false},"excerpt":{"rendered":"<p>AKTIVT UTELIV BJ\u00d6RN\u00d6G\u00c5RDEN AB, ALLM\u00c4NNA BOKNINGS- OCH HYRESVILLKOR 2025-2026 VAD G\u00c4LLER N\u00c4R DU BOKAR?Dessa allm\u00e4nna villkor g\u00e4ller mellan Aktivt Uteliv (AU) och den som sj\u00e4lv, eller genom annan, tr\u00e4ffar avtal [&hellip;]<\/p>\n","protected":false},"author":7,"featured_media":0,"parent":0,"menu_order":0,"comment_status":"closed","ping_status":"closed","template":"","meta":{"_acf_changed":false,"footnotes":""},"class_list":["post-62500","page","type-page","status-publish","hentry"],"acf":[],"yoast_head":"<!-- This site is optimized with the Yoast SEO plugin v23.0 - https:\/\/yoast.com\/wordpress\/plugins\/seo\/ -->\n<title>Allm\u00e4nna villkor - V\u00e4ster\u00e5s<\/title>\n<meta name=\"robots\" content=\"index, follow, max-snippet:-1, max-image-preview:large, max-video-preview:-1\" \/>\n<link rel=\"canonical\" href=\"https:\/\/aktivtuteliv.se\/vasteras\/allmanna-villkor\/\" \/>\n<meta property=\"og:locale\" content=\"sv_SE\" \/>\n<meta property=\"og:type\" content=\"article\" \/>\n<meta property=\"og:title\" content=\"Allm\u00e4nna villkor - V\u00e4ster\u00e5s\" \/>\n<meta property=\"og:description\" content=\"AKTIVT UTELIV BJ\u00d6RN\u00d6G\u00c5RDEN AB, ALLM\u00c4NNA BOKNINGS- OCH HYRESVILLKOR 2025-2026 VAD G\u00c4LLER N\u00c4R DU BOKAR?Dessa allm\u00e4nna villkor g\u00e4ller mellan Aktivt Uteliv (AU) och den som sj\u00e4lv, eller genom annan, tr\u00e4ffar avtal [&hellip;]\" \/>\n<meta property=\"og:url\" content=\"https:\/\/aktivtuteliv.se\/vasteras\/allmanna-villkor\/\" \/>\n<meta property=\"og:site_name\" content=\"V\u00e4ster\u00e5s\" \/>\n<meta property=\"article:publisher\" content=\"https:\/\/www.facebook.com\/aktivtutelivbjornogarden\" \/>\n<meta property=\"article:modified_time\" content=\"2026-01-08T12:05:54+00:00\" \/>\n<meta name=\"twitter:card\" content=\"summary_large_image\" \/>\n<meta name=\"twitter:site\" content=\"@aktivtuteliv\" \/>\n<meta name=\"twitter:label1\" content=\"Ber\u00e4knad l\u00e4stid\" \/>\n\t<meta name=\"twitter:data1\" content=\"7 minuter\" \/>\n<script type=\"application\/ld+json\" class=\"yoast-schema-graph\">{\"@context\":\"https:\/\/schema.org\",\"@graph\":[{\"@type\":\"WebPage\",\"@id\":\"https:\/\/aktivtuteliv.se\/vasteras\/allmanna-villkor\/\",\"url\":\"https:\/\/aktivtuteliv.se\/vasteras\/allmanna-villkor\/\",\"name\":\"Allm\u00e4nna villkor - V\u00e4ster\u00e5s\",\"isPartOf\":{\"@id\":\"https:\/\/aktivtuteliv.se\/vasteras\/#website\"},\"datePublished\":\"2021-09-30T13:40:57+00:00\",\"dateModified\":\"2026-01-08T12:05:54+00:00\",\"breadcrumb\":{\"@id\":\"https:\/\/aktivtuteliv.se\/vasteras\/allmanna-villkor\/#breadcrumb\"},\"inLanguage\":\"sv-SE\",\"potentialAction\":[{\"@type\":\"ReadAction\",\"target\":[\"https:\/\/aktivtuteliv.se\/vasteras\/allmanna-villkor\/\"]}]},{\"@type\":\"BreadcrumbList\",\"@id\":\"https:\/\/aktivtuteliv.se\/vasteras\/allmanna-villkor\/#breadcrumb\",\"itemListElement\":[{\"@type\":\"ListItem\",\"position\":1,\"name\":\"Home\",\"item\":\"https:\/\/aktivtuteliv.se\/vasteras\/\"},{\"@type\":\"ListItem\",\"position\":2,\"name\":\"Allm\u00e4nna villkor\"}]},{\"@type\":\"WebSite\",\"@id\":\"https:\/\/aktivtuteliv.se\/vasteras\/#website\",\"url\":\"https:\/\/aktivtuteliv.se\/vasteras\/\",\"name\":\"Aktivt Uteliv Bj\u00f6rn\u00f6g\u00e5rden\",\"description\":\"Ett friluftscenter i V\u00e4ster\u00e5s\",\"publisher\":{\"@id\":\"https:\/\/aktivtuteliv.se\/vasteras\/#organization\"},\"potentialAction\":[{\"@type\":\"SearchAction\",\"target\":{\"@type\":\"EntryPoint\",\"urlTemplate\":\"https:\/\/aktivtuteliv.se\/vasteras\/?s={search_term_string}\"},\"query-input\":\"required name=search_term_string\"}],\"inLanguage\":\"sv-SE\"},{\"@type\":\"Organization\",\"@id\":\"https:\/\/aktivtuteliv.se\/vasteras\/#organization\",\"name\":\"Aktivt Uteliv Bj\u00f6rn\u00f6g\u00e5rden\",\"url\":\"https:\/\/aktivtuteliv.se\/vasteras\/\",\"logo\":{\"@type\":\"ImageObject\",\"inLanguage\":\"sv-SE\",\"@id\":\"https:\/\/aktivtuteliv.se\/vasteras\/#\/schema\/logo\/image\/\",\"url\":\"https:\/\/e5gp8rwuod7.exactdn.com\/vasteras\/wp-content\/uploads\/sites\/4\/2025\/01\/AUB-pms.png?strip=all&lossy=1&ssl=1\",\"contentUrl\":\"https:\/\/e5gp8rwuod7.exactdn.com\/vasteras\/wp-content\/uploads\/sites\/4\/2025\/01\/AUB-pms.png?strip=all&lossy=1&ssl=1\",\"width\":1894,\"height\":1165,\"caption\":\"Aktivt Uteliv Bj\u00f6rn\u00f6g\u00e5rden\"},\"image\":{\"@id\":\"https:\/\/aktivtuteliv.se\/vasteras\/#\/schema\/logo\/image\/\"},\"sameAs\":[\"https:\/\/www.facebook.com\/aktivtutelivbjornogarden\",\"https:\/\/x.com\/aktivtuteliv\",\"https:\/\/www.instagram.com\/aktivtuteliv_bjornogarden\"]}]}<\/script>\n<!-- \/ Yoast SEO plugin. -->","yoast_head_json":{"title":"Allm\u00e4nna villkor - V\u00e4ster\u00e5s","robots":{"index":"index","follow":"follow","max-snippet":"max-snippet:-1","max-image-preview":"max-image-preview:large","max-video-preview":"max-video-preview:-1"},"canonical":"https:\/\/aktivtuteliv.se\/vasteras\/allmanna-villkor\/","og_locale":"sv_SE","og_type":"article","og_title":"Allm\u00e4nna villkor - V\u00e4ster\u00e5s","og_description":"AKTIVT UTELIV BJ\u00d6RN\u00d6G\u00c5RDEN AB, ALLM\u00c4NNA BOKNINGS- OCH HYRESVILLKOR 2025-2026 VAD G\u00c4LLER N\u00c4R DU BOKAR?Dessa allm\u00e4nna villkor g\u00e4ller mellan Aktivt Uteliv (AU) och den som sj\u00e4lv, eller genom annan, tr\u00e4ffar avtal [&hellip;]","og_url":"https:\/\/aktivtuteliv.se\/vasteras\/allmanna-villkor\/","og_site_name":"V\u00e4ster\u00e5s","article_publisher":"https:\/\/www.facebook.com\/aktivtutelivbjornogarden","article_modified_time":"2026-01-08T12:05:54+00:00","twitter_card":"summary_large_image","twitter_site":"@aktivtuteliv","twitter_misc":{"Ber\u00e4knad l\u00e4stid":"7 minuter"},"schema":{"@context":"https:\/\/schema.org","@graph":[{"@type":"WebPage","@id":"https:\/\/aktivtuteliv.se\/vasteras\/allmanna-villkor\/","url":"https:\/\/aktivtuteliv.se\/vasteras\/allmanna-villkor\/","name":"Allm\u00e4nna villkor - V\u00e4ster\u00e5s","isPartOf":{"@id":"https:\/\/aktivtuteliv.se\/vasteras\/#website"},"datePublished":"2021-09-30T13:40:57+00:00","dateModified":"2026-01-08T12:05:54+00:00","breadcrumb":{"@id":"https:\/\/aktivtuteliv.se\/vasteras\/allmanna-villkor\/#breadcrumb"},"inLanguage":"sv-SE","potentialAction":[{"@type":"ReadAction","target":["https:\/\/aktivtuteliv.se\/vasteras\/allmanna-villkor\/"]}]},{"@type":"BreadcrumbList","@id":"https:\/\/aktivtuteliv.se\/vasteras\/allmanna-villkor\/#breadcrumb","itemListElement":[{"@type":"ListItem","position":1,"name":"Home","item":"https:\/\/aktivtuteliv.se\/vasteras\/"},{"@type":"ListItem","position":2,"name":"Allm\u00e4nna villkor"}]},{"@type":"WebSite","@id":"https:\/\/aktivtuteliv.se\/vasteras\/#website","url":"https:\/\/aktivtuteliv.se\/vasteras\/","name":"Aktivt Uteliv Bj\u00f6rn\u00f6g\u00e5rden","description":"Ett friluftscenter i V\u00e4ster\u00e5s","publisher":{"@id":"https:\/\/aktivtuteliv.se\/vasteras\/#organization"},"potentialAction":[{"@type":"SearchAction","target":{"@type":"EntryPoint","urlTemplate":"https:\/\/aktivtuteliv.se\/vasteras\/?s={search_term_string}"},"query-input":"required name=search_term_string"}],"inLanguage":"sv-SE"},{"@type":"Organization","@id":"https:\/\/aktivtuteliv.se\/vasteras\/#organization","name":"Aktivt Uteliv Bj\u00f6rn\u00f6g\u00e5rden","url":"https:\/\/aktivtuteliv.se\/vasteras\/","logo":{"@type":"ImageObject","inLanguage":"sv-SE","@id":"https:\/\/aktivtuteliv.se\/vasteras\/#\/schema\/logo\/image\/","url":"https:\/\/e5gp8rwuod7.exactdn.com\/vasteras\/wp-content\/uploads\/sites\/4\/2025\/01\/AUB-pms.png?strip=all&lossy=1&ssl=1","contentUrl":"https:\/\/e5gp8rwuod7.exactdn.com\/vasteras\/wp-content\/uploads\/sites\/4\/2025\/01\/AUB-pms.png?strip=all&lossy=1&ssl=1","width":1894,"height":1165,"caption":"Aktivt Uteliv Bj\u00f6rn\u00f6g\u00e5rden"},"image":{"@id":"https:\/\/aktivtuteliv.se\/vasteras\/#\/schema\/logo\/image\/"},"sameAs":["https:\/\/www.facebook.com\/aktivtutelivbjornogarden","https:\/\/x.com\/aktivtuteliv","https:\/\/www.instagram.com\/aktivtuteliv_bjornogarden"]}]}},"_links":{"self":[{"href":"https:\/\/aktivtuteliv.se\/vasteras\/wp-json\/wp\/v2\/pages\/62500","targetHints":{"allow":["GET"]}}],"collection":[{"href":"https:\/\/aktivtuteliv.se\/vasteras\/wp-json\/wp\/v2\/pages"}],"about":[{"href":"https:\/\/aktivtuteliv.se\/vasteras\/wp-json\/wp\/v2\/types\/page"}],"author":[{"embeddable":true,"href":"https:\/\/aktivtuteliv.se\/vasteras\/wp-json\/wp\/v2\/users\/7"}],"replies":[{"embeddable":true,"href":"https:\/\/aktivtuteliv.se\/vasteras\/wp-json\/wp\/v2\/comments?post=62500"}],"version-history":[{"count":0,"href":"https:\/\/aktivtuteliv.se\/vasteras\/wp-json\/wp\/v2\/pages\/62500\/revisions"}],"wp:attachment":[{"href":"https:\/\/aktivtuteliv.se\/vasteras\/wp-json\/wp\/v2\/media?parent=62500"}],"curies":[{"name":"wp","href":"https:\/\/api.w.org\/{rel}","templated":true}]}}