{"id":62509,"date":"2021-10-01T14:32:43","date_gmt":"2021-10-01T14:32:43","guid":{"rendered":"https:\/\/aktivtuteliv.se\/vasteras\/?page_id=62509"},"modified":"2025-11-11T13:33:52","modified_gmt":"2025-11-11T12:33:52","slug":"hallbarhetspolicy","status":"publish","type":"page","link":"https:\/\/aktivtuteliv.se\/vasteras\/hallbarhetspolicy\/","title":{"rendered":"H\u00e5llbarhetspolicy"},"content":{"rendered":"\n<div style=\"height:15px\" aria-hidden=\"true\" class=\"wp-block-spacer\"><\/div>\n\n\n\n<h2 class=\"wp-block-heading\"><strong>H\u00e5llbarhetspolicy<\/strong><\/h2>\n\n\n\n<h3 class=\"wp-block-heading\"><strong>V\u00e5r vision<\/strong><\/h3>\n\n\n\n<p>Vi vill skapa meningsfulla naturupplevelser som inspirerar till en aktiv livsstil i samklang med naturen.<br>Eftersom vi verkar i ett naturreservat med h\u00f6ga naturv\u00e4rden \u00e4r h\u00e5llbarhet inte bara en del av v\u00e5r verksamhet \u2013 det \u00e4r en f\u00f6ruts\u00e4ttning f\u00f6r att vi ska kunna forts\u00e4tta g\u00f6ra det vi \u00e4lskar, idag och i framtiden.<\/p>\n\n\n\n<h3 class=\"wp-block-heading\"><strong>V\u00e5rt ansvar<\/strong><\/h3>\n\n\n\n<p>Vi ser det som v\u00e5rt ansvar att:<\/p>\n\n\n\n<ul class=\"wp-block-list\">\n<li>bedriva verksamheten med s\u00e5 liten klimatp\u00e5verkan som m\u00f6jligt,<\/li>\n\n\n\n<li>skydda de ekosystem vi verkar i,<\/li>\n\n\n\n<li>och bidra till att fler m\u00e4nniskor f\u00e5r uppleva naturen p\u00e5 ett respektfullt och tillg\u00e4ngligt s\u00e4tt.<\/li>\n<\/ul>\n\n\n\n<h3 class=\"wp-block-heading\"><strong>V\u00e5ra \u00e5taganden<\/strong><\/h3>\n\n\n\n<ul class=\"wp-block-list\">\n<li>Vi respekterar naturreservatets regler och uppmuntrar v\u00e5ra g\u00e4ster att g\u00f6ra detsamma.<\/li>\n\n\n\n<li>Vi v\u00e4ljer i f\u00f6rsta hand milj\u00f6- och kravm\u00e4rkta produkter och samarbetar med lokala leverant\u00f6rer som delar v\u00e5rt h\u00e5llbarhetsengagemang.<\/li>\n\n\n\n<li>Vi bidrar till en cirkul\u00e4r ekonomi genom att erbjuda uthyrning, service och \u00e5terbruk av utrustning.<\/li>\n\n\n\n<li>Vi arbetar kontinuerligt med att tillg\u00e4nglighetsanpassa v\u00e5ra aktiviteter d\u00e4r det \u00e4r m\u00f6jligt.<\/li>\n\n\n\n<li>Vi k\u00e4llsorterar och \u00e5tervinner allt v\u00e5rt avfall.<\/li>\n\n\n\n<li>Vi informerar och uppmuntrar v\u00e5ra g\u00e4ster att v\u00e4lja h\u00e5llbara reses\u00e4tt, s\u00e5som kollektivtrafik.<\/li>\n<\/ul>\n\n\n\n<figure class=\"wp-block-image size-large\"><img loading=\"lazy\" decoding=\"async\" width=\"1024\" height=\"716\" src=\"https:\/\/e5gp8rwuod7.exactdn.com\/vasteras\/wp-content\/uploads\/sites\/4\/2025\/06\/2025-06-02-11.03.44-1-web-1024x716.jpg?strip=all&lossy=1&ssl=1\" alt=\"plocka skr\u00e4p och paddla kajak\" class=\"wp-image-79139\" srcset=\"https:\/\/e5gp8rwuod7.exactdn.com\/vasteras\/wp-content\/uploads\/sites\/4\/2025\/06\/2025-06-02-11.03.44-1-web-1024x716.jpg?strip=all&amp;lossy=1&amp;ssl=1 1024w, https:\/\/e5gp8rwuod7.exactdn.com\/vasteras\/wp-content\/uploads\/sites\/4\/2025\/06\/2025-06-02-11.03.44-1-web-300x210.jpg?strip=all&amp;lossy=1&amp;ssl=1 300w, https:\/\/e5gp8rwuod7.exactdn.com\/vasteras\/wp-content\/uploads\/sites\/4\/2025\/06\/2025-06-02-11.03.44-1-web-768x537.jpg?strip=all&amp;lossy=1&amp;ssl=1 768w, https:\/\/e5gp8rwuod7.exactdn.com\/vasteras\/wp-content\/uploads\/sites\/4\/2025\/06\/2025-06-02-11.03.44-1-web-1536x1074.jpg?strip=all&amp;lossy=1&amp;ssl=1 1536w, https:\/\/e5gp8rwuod7.exactdn.com\/vasteras\/wp-content\/uploads\/sites\/4\/2025\/06\/2025-06-02-11.03.44-1-web-2048x1432.jpg?strip=all&amp;lossy=1&amp;ssl=1 2048w, https:\/\/e5gp8rwuod7.exactdn.com\/vasteras\/wp-content\/uploads\/sites\/4\/2025\/06\/2025-06-02-11.03.44-1-web-503x352.jpg?strip=all&amp;lossy=1&amp;ssl=1 503w, https:\/\/e5gp8rwuod7.exactdn.com\/vasteras\/wp-content\/uploads\/sites\/4\/2025\/06\/2025-06-02-11.03.44-1-web-343x240.jpg?strip=all&amp;lossy=1&amp;ssl=1 343w, https:\/\/e5gp8rwuod7.exactdn.com\/vasteras\/wp-content\/uploads\/sites\/4\/2025\/06\/2025-06-02-11.03.44-1-web-1920x1343.jpg?strip=all&amp;lossy=1&amp;ssl=1 1920w, https:\/\/e5gp8rwuod7.exactdn.com\/vasteras\/wp-content\/uploads\/sites\/4\/2025\/06\/2025-06-02-11.03.44-1-web-600x420.jpg?strip=all&amp;lossy=1&amp;ssl=1 600w, https:\/\/e5gp8rwuod7.exactdn.com\/vasteras\/wp-content\/uploads\/sites\/4\/2025\/06\/2025-06-02-11.03.44-1-web.jpg?strip=all&amp;lossy=1&amp;w=1152&amp;ssl=1 1152w\" sizes=\"auto, (max-width: 1024px) 100vw, 1024px\" \/><\/figure>\n\n\n\n<h3 class=\"wp-block-heading\"><strong>V\u00e5ra initiativ<\/strong><\/h3>\n\n\n\n<p>F\u00f6r oss handlar h\u00e5llbarhet ocks\u00e5 om att ta konkreta steg och inspirera andra att g\u00f6ra detsamma. N\u00e5gra exempel p\u00e5 v\u00e5rt arbete:<\/p>\n\n\n\n<ul class=\"wp-block-list\">\n<li><strong>H\u00e5ll M\u00e4laren ren<\/strong> \u2013 <a href=\"https:\/\/aktivtuteliv.se\/vasteras\/skrapplockarkampanj-hall-malaren-ren\/\">v\u00e5r egen skr\u00e4pkampanj<\/a> d\u00e4r vi uppmuntrar kunder som hyr kajak eller kanot att plocka skr\u00e4p under turen.<\/li>\n\n\n\n<li><strong>Nationella skr\u00e4pplockardagen<\/strong> \u2013 vi arrangerar varje \u00e5r ett \u00f6ppet skr\u00e4pplockarevent p\u00e5 Bj\u00f6rn\u00f6n n\u00e4r H\u00e5ll Sverige rent:s nationella skr\u00e4pplockardag infaller.<\/li>\n\n\n\n<li><strong>Lokal dryck med egen etikett<\/strong> \u2013 vi har valt bort de stora dryckesj\u00e4ttarna och samarbetar ist\u00e4llet med <em>Hantverksbryggeriet<\/em>, bara tv\u00e5 kilometer bort.<\/li>\n\n\n\n<li><strong>Social h\u00e5llbarhet<\/strong> \u2013 vi samarbetar med flera akt\u00f6rer f\u00f6r att erbjuda praktik och arbetstr\u00e4ning till personer med fysiska och\/eller psykiska funktionsneds\u00e4ttningar.<\/li>\n\n\n\n<li><strong>R\u00f6relsegl\u00e4dje f\u00f6r alla<\/strong> \u2013 vi arrangerar motionslopp och kostnadsfria lovaktiviteter f\u00f6r att fler ska f\u00e5 uppleva gemenskap och r\u00f6relse i naturen.<\/li>\n<\/ul>\n\n\n\n<h3 class=\"wp-block-heading\"><strong>Samarbete och utveckling<\/strong><\/h3>\n\n\n\n<p>Vi \u00e4r medlemmar i Visita och Naturturismf\u00f6retagen och arbetar enligt modellen <strong>Swedish Welcome<\/strong> f\u00f6r att fr\u00e4mja h\u00e5llbar utveckling inom svensk bes\u00f6ksn\u00e4ring.<br>Vi utvecklar v\u00e5rt h\u00e5llbarhetsarbete genom utbildningar, n\u00e4tverk och samarbeten \u2013 bland annat med <strong>Almi M\u00e4lardalen<\/strong> via <strong>Framtidsdialogen<\/strong>, d\u00e4r vi identifierat de 13 h\u00e5llbarhetsomr\u00e5den som \u00e4r mest relevanta f\u00f6r v\u00e5r verksamhet, fr\u00e4mst inom <em>arbetsmilj\u00f6<\/em> samt <em>kund och konsument<\/em>.<\/p>\n\n\n\n<p>H\u00e5llbarhet \u00e4r inget projekt med slutdatum \u2013 det \u00e4r en p\u00e5g\u00e5ende dialog och ett gemensamt ansvar.<br>Vi vill vara en f\u00f6rebild i hur man kan driva naturturism med omtanke om b\u00e5de m\u00e4nniskor och milj\u00f6.<\/p>\n\n\n\n<figure class=\"wp-block-image size-large\"><img loading=\"lazy\" decoding=\"async\" width=\"1024\" height=\"741\" src=\"https:\/\/e5gp8rwuod7.exactdn.com\/vasteras\/wp-content\/uploads\/sites\/4\/2023\/01\/hallbarhetsomraden-1024x741.jpg?strip=all&lossy=1&ssl=1\" alt=\"\" class=\"wp-image-67232\" srcset=\"https:\/\/e5gp8rwuod7.exactdn.com\/vasteras\/wp-content\/uploads\/sites\/4\/2023\/01\/hallbarhetsomraden-1024x741.jpg?strip=all&amp;lossy=1&amp;ssl=1 1024w, https:\/\/e5gp8rwuod7.exactdn.com\/vasteras\/wp-content\/uploads\/sites\/4\/2023\/01\/hallbarhetsomraden-300x217.jpg?strip=all&amp;lossy=1&amp;ssl=1 300w, https:\/\/e5gp8rwuod7.exactdn.com\/vasteras\/wp-content\/uploads\/sites\/4\/2023\/01\/hallbarhetsomraden-768x556.jpg?strip=all&amp;lossy=1&amp;ssl=1 768w, https:\/\/e5gp8rwuod7.exactdn.com\/vasteras\/wp-content\/uploads\/sites\/4\/2023\/01\/hallbarhetsomraden-487x352.jpg?strip=all&amp;lossy=1&amp;ssl=1 487w, https:\/\/e5gp8rwuod7.exactdn.com\/vasteras\/wp-content\/uploads\/sites\/4\/2023\/01\/hallbarhetsomraden-332x240.jpg?strip=all&amp;lossy=1&amp;ssl=1 332w, https:\/\/e5gp8rwuod7.exactdn.com\/vasteras\/wp-content\/uploads\/sites\/4\/2023\/01\/hallbarhetsomraden-600x434.jpg?strip=all&amp;lossy=1&amp;ssl=1 600w, https:\/\/e5gp8rwuod7.exactdn.com\/vasteras\/wp-content\/uploads\/sites\/4\/2023\/01\/hallbarhetsomraden.jpg?strip=all&amp;lossy=1&amp;ssl=1 1251w, https:\/\/e5gp8rwuod7.exactdn.com\/vasteras\/wp-content\/uploads\/sites\/4\/2023\/01\/hallbarhetsomraden.jpg?strip=all&amp;lossy=1&amp;w=384&amp;ssl=1 384w, https:\/\/e5gp8rwuod7.exactdn.com\/vasteras\/wp-content\/uploads\/sites\/4\/2023\/01\/hallbarhetsomraden.jpg?strip=all&amp;lossy=1&amp;w=1152&amp;ssl=1 1152w\" sizes=\"auto, (max-width: 1024px) 100vw, 1024px\" \/><\/figure>\n","protected":false},"excerpt":{"rendered":"<p>H\u00e5llbarhetspolicy V\u00e5r vision Vi vill skapa meningsfulla naturupplevelser som inspirerar till en aktiv livsstil i samklang med naturen.Eftersom vi verkar i ett naturreservat med h\u00f6ga naturv\u00e4rden \u00e4r h\u00e5llbarhet inte bara [&hellip;]<\/p>\n","protected":false},"author":7,"featured_media":65898,"parent":0,"menu_order":0,"comment_status":"closed","ping_status":"closed","template":"","meta":{"_acf_changed":false,"footnotes":""},"class_list":["post-62509","page","type-page","status-publish","has-post-thumbnail","hentry"],"acf":[],"yoast_head":"<!-- This site is optimized with the Yoast SEO plugin v23.0 - https:\/\/yoast.com\/wordpress\/plugins\/seo\/ -->\n<title>H\u00e5llbarhetspolicy - V\u00e4ster\u00e5s<\/title>\n<meta name=\"robots\" content=\"index, follow, max-snippet:-1, max-image-preview:large, max-video-preview:-1\" \/>\n<link rel=\"canonical\" href=\"https:\/\/aktivtuteliv.se\/vasteras\/hallbarhetspolicy\/\" \/>\n<meta property=\"og:locale\" content=\"sv_SE\" \/>\n<meta property=\"og:type\" content=\"article\" \/>\n<meta property=\"og:title\" content=\"H\u00e5llbarhetspolicy - V\u00e4ster\u00e5s\" \/>\n<meta property=\"og:description\" content=\"H\u00e5llbarhetspolicy V\u00e5r vision Vi vill skapa meningsfulla naturupplevelser som inspirerar till en aktiv livsstil i samklang med naturen.Eftersom vi verkar i ett naturreservat med h\u00f6ga naturv\u00e4rden \u00e4r h\u00e5llbarhet inte bara [&hellip;]\" \/>\n<meta property=\"og:url\" content=\"https:\/\/aktivtuteliv.se\/vasteras\/hallbarhetspolicy\/\" \/>\n<meta property=\"og:site_name\" content=\"V\u00e4ster\u00e5s\" \/>\n<meta property=\"article:publisher\" content=\"https:\/\/www.facebook.com\/aktivtutelivbjornogarden\" \/>\n<meta property=\"article:modified_time\" content=\"2025-11-11T12:33:52+00:00\" \/>\n<meta property=\"og:image\" content=\"https:\/\/aktivtuteliv.se\/vasteras\/wp-content\/uploads\/sites\/4\/2022\/05\/sommarlager_2.jpg\" \/>\n\t<meta property=\"og:image:width\" content=\"2560\" \/>\n\t<meta property=\"og:image:height\" content=\"1709\" \/>\n\t<meta property=\"og:image:type\" content=\"image\/jpeg\" \/>\n<meta name=\"twitter:card\" content=\"summary_large_image\" \/>\n<meta name=\"twitter:site\" content=\"@aktivtuteliv\" \/>\n<meta name=\"twitter:label1\" content=\"Ber\u00e4knad l\u00e4stid\" \/>\n\t<meta name=\"twitter:data1\" content=\"3 minuter\" \/>\n<script type=\"application\/ld+json\" class=\"yoast-schema-graph\">{\"@context\":\"https:\/\/schema.org\",\"@graph\":[{\"@type\":\"WebPage\",\"@id\":\"https:\/\/aktivtuteliv.se\/vasteras\/hallbarhetspolicy\/\",\"url\":\"https:\/\/aktivtuteliv.se\/vasteras\/hallbarhetspolicy\/\",\"name\":\"H\u00e5llbarhetspolicy - V\u00e4ster\u00e5s\",\"isPartOf\":{\"@id\":\"https:\/\/aktivtuteliv.se\/vasteras\/#website\"},\"primaryImageOfPage\":{\"@id\":\"https:\/\/aktivtuteliv.se\/vasteras\/hallbarhetspolicy\/#primaryimage\"},\"image\":{\"@id\":\"https:\/\/aktivtuteliv.se\/vasteras\/hallbarhetspolicy\/#primaryimage\"},\"thumbnailUrl\":\"https:\/\/e5gp8rwuod7.exactdn.com\/vasteras\/wp-content\/uploads\/sites\/4\/2022\/05\/sommarlager_2.jpg?strip=all&lossy=1&ssl=1\",\"datePublished\":\"2021-10-01T14:32:43+00:00\",\"dateModified\":\"2025-11-11T12:33:52+00:00\",\"breadcrumb\":{\"@id\":\"https:\/\/aktivtuteliv.se\/vasteras\/hallbarhetspolicy\/#breadcrumb\"},\"inLanguage\":\"sv-SE\",\"potentialAction\":[{\"@type\":\"ReadAction\",\"target\":[\"https:\/\/aktivtuteliv.se\/vasteras\/hallbarhetspolicy\/\"]}]},{\"@type\":\"ImageObject\",\"inLanguage\":\"sv-SE\",\"@id\":\"https:\/\/aktivtuteliv.se\/vasteras\/hallbarhetspolicy\/#primaryimage\",\"url\":\"https:\/\/e5gp8rwuod7.exactdn.com\/vasteras\/wp-content\/uploads\/sites\/4\/2022\/05\/sommarlager_2.jpg?strip=all&lossy=1&ssl=1\",\"contentUrl\":\"https:\/\/e5gp8rwuod7.exactdn.com\/vasteras\/wp-content\/uploads\/sites\/4\/2022\/05\/sommarlager_2.jpg?strip=all&lossy=1&ssl=1\",\"width\":2560,\"height\":1709,\"caption\":\"Aktivt Uteliv Bj\u00f6rn\u00f6g\u00e5rden\"},{\"@type\":\"BreadcrumbList\",\"@id\":\"https:\/\/aktivtuteliv.se\/vasteras\/hallbarhetspolicy\/#breadcrumb\",\"itemListElement\":[{\"@type\":\"ListItem\",\"position\":1,\"name\":\"Home\",\"item\":\"https:\/\/aktivtuteliv.se\/vasteras\/\"},{\"@type\":\"ListItem\",\"position\":2,\"name\":\"H\u00e5llbarhetspolicy\"}]},{\"@type\":\"WebSite\",\"@id\":\"https:\/\/aktivtuteliv.se\/vasteras\/#website\",\"url\":\"https:\/\/aktivtuteliv.se\/vasteras\/\",\"name\":\"Aktivt Uteliv Bj\u00f6rn\u00f6g\u00e5rden\",\"description\":\"Ett friluftscenter i V\u00e4ster\u00e5s\",\"publisher\":{\"@id\":\"https:\/\/aktivtuteliv.se\/vasteras\/#organization\"},\"potentialAction\":[{\"@type\":\"SearchAction\",\"target\":{\"@type\":\"EntryPoint\",\"urlTemplate\":\"https:\/\/aktivtuteliv.se\/vasteras\/?s={search_term_string}\"},\"query-input\":\"required name=search_term_string\"}],\"inLanguage\":\"sv-SE\"},{\"@type\":\"Organization\",\"@id\":\"https:\/\/aktivtuteliv.se\/vasteras\/#organization\",\"name\":\"Aktivt Uteliv Bj\u00f6rn\u00f6g\u00e5rden\",\"url\":\"https:\/\/aktivtuteliv.se\/vasteras\/\",\"logo\":{\"@type\":\"ImageObject\",\"inLanguage\":\"sv-SE\",\"@id\":\"https:\/\/aktivtuteliv.se\/vasteras\/#\/schema\/logo\/image\/\",\"url\":\"https:\/\/e5gp8rwuod7.exactdn.com\/vasteras\/wp-content\/uploads\/sites\/4\/2025\/01\/AUB-pms.png?strip=all&lossy=1&ssl=1\",\"contentUrl\":\"https:\/\/e5gp8rwuod7.exactdn.com\/vasteras\/wp-content\/uploads\/sites\/4\/2025\/01\/AUB-pms.png?strip=all&lossy=1&ssl=1\",\"width\":1894,\"height\":1165,\"caption\":\"Aktivt Uteliv Bj\u00f6rn\u00f6g\u00e5rden\"},\"image\":{\"@id\":\"https:\/\/aktivtuteliv.se\/vasteras\/#\/schema\/logo\/image\/\"},\"sameAs\":[\"https:\/\/www.facebook.com\/aktivtutelivbjornogarden\",\"https:\/\/x.com\/aktivtuteliv\",\"https:\/\/www.instagram.com\/aktivtuteliv_bjornogarden\"]}]}<\/script>\n<!-- \/ Yoast SEO plugin. -->","yoast_head_json":{"title":"H\u00e5llbarhetspolicy - V\u00e4ster\u00e5s","robots":{"index":"index","follow":"follow","max-snippet":"max-snippet:-1","max-image-preview":"max-image-preview:large","max-video-preview":"max-video-preview:-1"},"canonical":"https:\/\/aktivtuteliv.se\/vasteras\/hallbarhetspolicy\/","og_locale":"sv_SE","og_type":"article","og_title":"H\u00e5llbarhetspolicy - V\u00e4ster\u00e5s","og_description":"H\u00e5llbarhetspolicy V\u00e5r vision Vi vill skapa meningsfulla naturupplevelser som inspirerar till en aktiv livsstil i samklang med naturen.Eftersom vi verkar i ett naturreservat med h\u00f6ga naturv\u00e4rden \u00e4r h\u00e5llbarhet inte bara [&hellip;]","og_url":"https:\/\/aktivtuteliv.se\/vasteras\/hallbarhetspolicy\/","og_site_name":"V\u00e4ster\u00e5s","article_publisher":"https:\/\/www.facebook.com\/aktivtutelivbjornogarden","article_modified_time":"2025-11-11T12:33:52+00:00","og_image":[{"width":2560,"height":1709,"url":"https:\/\/aktivtuteliv.se\/vasteras\/wp-content\/uploads\/sites\/4\/2022\/05\/sommarlager_2.jpg","type":"image\/jpeg"}],"twitter_card":"summary_large_image","twitter_site":"@aktivtuteliv","twitter_misc":{"Ber\u00e4knad l\u00e4stid":"3 minuter"},"schema":{"@context":"https:\/\/schema.org","@graph":[{"@type":"WebPage","@id":"https:\/\/aktivtuteliv.se\/vasteras\/hallbarhetspolicy\/","url":"https:\/\/aktivtuteliv.se\/vasteras\/hallbarhetspolicy\/","name":"H\u00e5llbarhetspolicy - V\u00e4ster\u00e5s","isPartOf":{"@id":"https:\/\/aktivtuteliv.se\/vasteras\/#website"},"primaryImageOfPage":{"@id":"https:\/\/aktivtuteliv.se\/vasteras\/hallbarhetspolicy\/#primaryimage"},"image":{"@id":"https:\/\/aktivtuteliv.se\/vasteras\/hallbarhetspolicy\/#primaryimage"},"thumbnailUrl":"https:\/\/e5gp8rwuod7.exactdn.com\/vasteras\/wp-content\/uploads\/sites\/4\/2022\/05\/sommarlager_2.jpg?strip=all&lossy=1&ssl=1","datePublished":"2021-10-01T14:32:43+00:00","dateModified":"2025-11-11T12:33:52+00:00","breadcrumb":{"@id":"https:\/\/aktivtuteliv.se\/vasteras\/hallbarhetspolicy\/#breadcrumb"},"inLanguage":"sv-SE","potentialAction":[{"@type":"ReadAction","target":["https:\/\/aktivtuteliv.se\/vasteras\/hallbarhetspolicy\/"]}]},{"@type":"ImageObject","inLanguage":"sv-SE","@id":"https:\/\/aktivtuteliv.se\/vasteras\/hallbarhetspolicy\/#primaryimage","url":"https:\/\/e5gp8rwuod7.exactdn.com\/vasteras\/wp-content\/uploads\/sites\/4\/2022\/05\/sommarlager_2.jpg?strip=all&lossy=1&ssl=1","contentUrl":"https:\/\/e5gp8rwuod7.exactdn.com\/vasteras\/wp-content\/uploads\/sites\/4\/2022\/05\/sommarlager_2.jpg?strip=all&lossy=1&ssl=1","width":2560,"height":1709,"caption":"Aktivt Uteliv Bj\u00f6rn\u00f6g\u00e5rden"},{"@type":"BreadcrumbList","@id":"https:\/\/aktivtuteliv.se\/vasteras\/hallbarhetspolicy\/#breadcrumb","itemListElement":[{"@type":"ListItem","position":1,"name":"Home","item":"https:\/\/aktivtuteliv.se\/vasteras\/"},{"@type":"ListItem","position":2,"name":"H\u00e5llbarhetspolicy"}]},{"@type":"WebSite","@id":"https:\/\/aktivtuteliv.se\/vasteras\/#website","url":"https:\/\/aktivtuteliv.se\/vasteras\/","name":"Aktivt Uteliv Bj\u00f6rn\u00f6g\u00e5rden","description":"Ett friluftscenter i V\u00e4ster\u00e5s","publisher":{"@id":"https:\/\/aktivtuteliv.se\/vasteras\/#organization"},"potentialAction":[{"@type":"SearchAction","target":{"@type":"EntryPoint","urlTemplate":"https:\/\/aktivtuteliv.se\/vasteras\/?s={search_term_string}"},"query-input":"required name=search_term_string"}],"inLanguage":"sv-SE"},{"@type":"Organization","@id":"https:\/\/aktivtuteliv.se\/vasteras\/#organization","name":"Aktivt Uteliv Bj\u00f6rn\u00f6g\u00e5rden","url":"https:\/\/aktivtuteliv.se\/vasteras\/","logo":{"@type":"ImageObject","inLanguage":"sv-SE","@id":"https:\/\/aktivtuteliv.se\/vasteras\/#\/schema\/logo\/image\/","url":"https:\/\/e5gp8rwuod7.exactdn.com\/vasteras\/wp-content\/uploads\/sites\/4\/2025\/01\/AUB-pms.png?strip=all&lossy=1&ssl=1","contentUrl":"https:\/\/e5gp8rwuod7.exactdn.com\/vasteras\/wp-content\/uploads\/sites\/4\/2025\/01\/AUB-pms.png?strip=all&lossy=1&ssl=1","width":1894,"height":1165,"caption":"Aktivt Uteliv Bj\u00f6rn\u00f6g\u00e5rden"},"image":{"@id":"https:\/\/aktivtuteliv.se\/vasteras\/#\/schema\/logo\/image\/"},"sameAs":["https:\/\/www.facebook.com\/aktivtutelivbjornogarden","https:\/\/x.com\/aktivtuteliv","https:\/\/www.instagram.com\/aktivtuteliv_bjornogarden"]}]}},"_links":{"self":[{"href":"https:\/\/aktivtuteliv.se\/vasteras\/wp-json\/wp\/v2\/pages\/62509","targetHints":{"allow":["GET"]}}],"collection":[{"href":"https:\/\/aktivtuteliv.se\/vasteras\/wp-json\/wp\/v2\/pages"}],"about":[{"href":"https:\/\/aktivtuteliv.se\/vasteras\/wp-json\/wp\/v2\/types\/page"}],"author":[{"embeddable":true,"href":"https:\/\/aktivtuteliv.se\/vasteras\/wp-json\/wp\/v2\/users\/7"}],"replies":[{"embeddable":true,"href":"https:\/\/aktivtuteliv.se\/vasteras\/wp-json\/wp\/v2\/comments?post=62509"}],"version-history":[{"count":0,"href":"https:\/\/aktivtuteliv.se\/vasteras\/wp-json\/wp\/v2\/pages\/62509\/revisions"}],"wp:featuredmedia":[{"embeddable":true,"href":"https:\/\/aktivtuteliv.se\/vasteras\/wp-json\/wp\/v2\/media\/65898"}],"wp:attachment":[{"href":"https:\/\/aktivtuteliv.se\/vasteras\/wp-json\/wp\/v2\/media?parent=62509"}],"curies":[{"name":"wp","href":"https:\/\/api.w.org\/{rel}","templated":true}]}}