{"id":68351,"date":"2023-09-01T10:34:52","date_gmt":"2023-09-01T10:34:52","guid":{"rendered":"https:\/\/aktivtuteliv.se\/vasteras\/?page_id=68351"},"modified":"2026-02-16T08:17:15","modified_gmt":"2026-02-16T07:17:15","slug":"jobba-hos-oss","status":"publish","type":"page","link":"https:\/\/aktivtuteliv.se\/vasteras\/jobba-hos-oss\/","title":{"rendered":"Jobba hos oss"},"content":{"rendered":"\n<h2 class=\"wp-block-heading\">Jobbm\u00f6jligheter<\/h2>\n\n\n\n<p><strong>Vill du ha ett roligt och utvecklande extrajobb?<\/strong><br><strong>Du kan g\u00f6ra en intresseanm\u00e4lan f\u00f6r f\u00f6ljande tj\u00e4nster:<\/strong><\/p>\n\n\n\n<ul class=\"wp-block-list\">\n<li><s>Caf\u00e9: sommarjobb juni-augusti.<\/s> Ans\u00f6kningsperioden \u00e4r st\u00e4ngd!<\/li>\n\n\n\n<li>Sport- och friluftsbutiken: extrajobb var tredje helg samt efter behov. Tilltr\u00e4de: l\u00f6pande.<\/li>\n\n\n\n<li>Kursinstrukt\u00f6rer i kajak, mountainbike och l\u00e4ngdskidor. Tilltr\u00e4de: l\u00f6pande.<\/li>\n<\/ul>\n\n\n\n<h2 class=\"wp-block-heading\"><s>Caf\u00e9 \u2013 sommarjobb<\/s><\/h2>\n\n\n\n<p><strong>Vill du sommarjobba i v\u00e5rt caf\u00e9?<br><\/strong>Vi s\u00f6ker dig som har ett genuint intresse f\u00f6r fika, mat, service och m\u00e4nniskor. Du \u00e4r glad och social och sprider positiv energi. Du gillar att arbeta med service och g\u00f6r g\u00e4rna det d\u00e4r lilla extra f\u00f6r att leverera h\u00f6g kvalitet.<\/p>\n\n\n\n<p><strong>Vilka \u00e4r vi?<br><\/strong>Aktivt Uteliv Bj\u00f6rn\u00f6g\u00e5rden AB \u00e4r ett friluftscenter p\u00e5 den natursk\u00f6na \u00f6n Bj\u00f6rn\u00f6 i utkanten av V\u00e4ster\u00e5s, mitt i naturen men n\u00e4ra staden. I verksamheten ing\u00e5r v\u00e5r sport- och friluftsbutik med uthyrning, f\u00f6rs\u00e4ljning och kursverksamhet, konferensanl\u00e4ggning, ett v\u00e4lbes\u00f6kt caf\u00e9 med lunchm\u00f6jligheter, stuguthyrning och v\u00e5r h\u00f6gh\u00f6jdsbana. Vi har bes\u00f6kare \u00e5ret runt fr\u00e5n hela M\u00e4lardalen och vi erbjuder aktiviteter f\u00f6r privatpersoner, skolor, idrottsf\u00f6reningar och f\u00f6retag. Vi paketerar aktiviteter med mat och boende f\u00f6r att passa de olika m\u00e5lgrupperna och utvecklar st\u00e4ndigt konceptet f\u00f6r att bli ett attraktivt bes\u00f6ksm\u00e5l.<\/p>\n\n\n\n<p><strong>Vad ska du g\u00f6ra?<br><\/strong>V\u00e5r caf\u00e9verksamhet \u00e4r relativt liten med f\u00e5 anst\u00e4llda. D\u00e4rf\u00f6r kommer du som caf\u00e9anst\u00e4lld att ha m\u00e5nga olika roller och uppgifter. Du kommer att st\u00e5 i kassan och serva g\u00e4ster, plocka fram och f\u00f6rbereda fikabr\u00f6d, sm\u00f6rg\u00e5sar, kaffe m.m. Jobba i diskrummet med att plocka, fylla och t\u00f6mma diskmaskinen. St\u00e4da och torka bord i caf\u00e9et samt st\u00e4da toaletter.<\/p>\n\n\n\n<p><strong>Vem \u00e4r du?<br><\/strong>Som anst\u00e4lld hos oss \u00e4r du ansiktet ut\u00e5t, du \u00e4r serviceinriktad, social och gillar att tr\u00e4ffa m\u00e4nniskor.&nbsp;Det \u00e4r mycket meriterande om du har tidigare erfarenhet av caf\u00e9arbete eller har en gymnasieutbildning inom hotell och restaurang eller annan likv\u00e4rdig utbildning<\/p>\n\n\n\n<p>Du ska gilla att jobba i h\u00f6gt tempo och snabbt h\u00e4nga med i tv\u00e4ra sv\u00e4ngar och d\u00e5 kan egenskaper som att vara strukturerad och flexibel beh\u00f6vas.<\/p>\n\n\n\n<p><strong>N\u00f6dv\u00e4ndiga kunskaper:<br><\/strong>Svenska och engelska spr\u00e5kkunskaper.<\/p>\n\n\n\n<p>Anv\u00e4nd kontaktformul\u00e4ret l\u00e4ngst ner p\u00e5 sidan f\u00f6r att anm\u00e4la ditt intresse!<\/p>\n\n\n\n<h2 class=\"wp-block-heading\">Sport- och friluftsbutiken<\/h2>\n\n\n\n<p><strong>Vill du jobba med ett aktivt uteliv?<br><\/strong>Vi s\u00f6ker dig som har ett stort intresse av sport- och friluftsliv. Du \u00e4r social och sprider positiv energi. Du gillar att arbeta med service och g\u00f6r g\u00e4rna det d\u00e4r lilla extra f\u00f6r att leverera h\u00f6g kvalitet.<\/p>\n\n\n\n<p><strong>Vilka \u00e4r vi?<br><\/strong>Vi \u00e4r ett friluftscenter och aktivitetsarrang\u00f6r med sport- och friluftsbutik, konferensanl\u00e4ggning och stugby. D\u00e5 vi v\u00e4xer snabbt och har stora ambitioner har vi h\u00f6gt i tak f\u00f6r att hitta p\u00e5 och verkst\u00e4lla nya id\u00e9er d\u00e4r alla \u00e4r med i skapandeprocessen. Vi jobbar i ett litet team d\u00e4r det \u00e4r viktigt med gl\u00e4dje och en positiv anda.<\/p>\n\n\n\n<p><strong>Aktivitetsomr\u00e5den:&nbsp;<br><\/strong>Vinter \u2013 Alpint (skidor och snowboard), l\u00e4ngdskidor och l\u00e5ngf\u00e4rdsskridskor.<br>Sommar \u2013 H\u00f6gh\u00f6jdsbana, kajak, SUP, mountainbike, rullskidor och friluftsliv.<\/p>\n\n\n\n<p>Vi arrangerar \u00e4ven aktiviteter f\u00f6r privatgrupper, f\u00f6retag, skolor och f\u00f6reningar, arrangerar kurser och guidade turer samt tr\u00e4ningsl\u00e4ger och klassresor.<\/p>\n\n\n\n<p><strong>Vad ska du g\u00f6ra?<br><\/strong>Jobbar du hos oss kommer du tr\u00e4ffa m\u00e4nniskor som vill ut\u00f6va olika sport- och friluftsaktiviteter. Det \u00e4r din uppgift att hj\u00e4lpa dem ig\u00e5ng genom att f\u00f6rse dem med r\u00e4tt utrustning, instruera dem i hur aktiviteten ut\u00f6vas och tipsa om var den b\u00e4st ut\u00f6vas. \u00d6vriga uppgifter innefattar f\u00f6rs\u00e4ljning och kassahantering, utprovning av utrustning, leda grupper i h\u00f6gh\u00f6jdsbanan, aktivt deltagande vid evenemang och viss materialv\u00e5rd.<\/p>\n\n\n\n<p><strong>Vem \u00e4r du?<br><\/strong>Som anst\u00e4lld hos oss \u00e4r du ansiktet ut\u00e5t, du \u00e4r serviceinriktad, social och drivs av att leva ett aktivt uteliv.&nbsp;Vi ser mycket positivt p\u00e5 dig som redan har ett genuint intresse av friluftsliv. Kanske \u00e4r du fj\u00e4llguide eller har jobbat som kursledare eller \u00e4r intresserad av att h\u00e5lla i kurser. En del av jobbet inneb\u00e4r att leda grupper.<\/p>\n\n\n\n<p>Det \u00e4r mycket meriterande om du \u00e4r utbildad kajakinstrukt\u00f6r, eller har motsvarande kunskaper, alternativt \u00e4r duktig p\u00e5 mountainbike (cykla och meka).<\/p>\n\n\n\n<p>Du ska gilla att jobba i h\u00f6gt tempo och snabbt h\u00e4nga med i tv\u00e4ra sv\u00e4ngar och d\u00e5 kan egenskaper som att vara strukturerad och flexibel beh\u00f6vas.<\/p>\n\n\n\n<p><strong>N\u00f6dv\u00e4ndiga kunskaper:<br><\/strong>B-k\u00f6rkort, svenska och engelska spr\u00e5kkunskaper.<\/p>\n\n\n\n<p>Anv\u00e4nd kontaktformul\u00e4ret l\u00e4ngst ner p\u00e5 sidan f\u00f6r att anm\u00e4la ditt intresse!<\/p>\n\n\n\n<h2 class=\"wp-block-heading\">Prao, praktik eller APL<\/h2>\n\n\n\n<p>Vi har ett n\u00e4ra samarbete med b\u00e5de grund-, gymnasie- och folkh\u00f6gskolor och tar regelbundet emot elever som \u00e4r intresserade av att l\u00e4ra sig mer om friluftsliv och bes\u00f6ksn\u00e4ring.<\/p>\n\n\n\n<p>Vi v\u00e4lkomnar dig som har ett genuint intresse av sport- och friluftsliv, som \u00e4r glad, social och inte \u00e4r r\u00e4dd f\u00f6r att tr\u00e4ffa nya m\u00e4nniskor och som inte \u00e4r r\u00e4dd f\u00f6r att hugga i och smutsa ner dig eller spendera dagarna utomhus.<\/p>\n\n\n\n<p>F\u00f6rutom ren prao, praktik eller APL erbjuder vi \u00e4ven m\u00f6jligheten att genomf\u00f6ra projektarbeten hos oss. Vi har flera exempel p\u00e5 lyckade projekt d\u00e4r elever f\u00e5tt en id\u00e9 fr\u00e5n oss och drivit den hela v\u00e4gen fr\u00e5n f\u00f6rstudie och planering till genomf\u00f6rande.<\/p>\n\n\n\n<p>Anv\u00e4nd kontaktformul\u00e4ret l\u00e4ngst ner p\u00e5 sidan f\u00f6r att anm\u00e4la ditt intresse!<\/p>\n\n\n\n<h2 class=\"wp-block-heading\">Arbetstr\u00e4ning<\/h2>\n\n\n\n<p>Vi tar regelbundet emot personer som ska ut och arbetstr\u00e4na f\u00f6r att hitta tillbaka till arbetsmarknaden och som \u00e4r i behov av en trygg och utvecklande arbetsplats. H\u00e4r f\u00e5r du vara mycket utomhus och jobba med ett litet personalg\u00e4ng.<\/p>\n\n\n\n<p>Vi kan erbjuda allt fr\u00e5n enkla okvalificerade arbetsuppgifter till mer kr\u00e4vande utmaningar. Hos oss finns det inga krav eller f\u00f6rv\u00e4ntningar, utan h\u00e4r f\u00e5r var och en arbeta utifr\u00e5n sin egen f\u00f6rm\u00e5ga.<\/p>\n\n\n\n<p>Anv\u00e4nd kontaktformul\u00e4ret l\u00e4ngst ner p\u00e5 sidan f\u00f6r att anm\u00e4la ditt intresse!<\/p>\n\n\n\n<p><\/p>\n","protected":false},"excerpt":{"rendered":"<p>Jobbm\u00f6jligheter Vill du ha ett roligt och utvecklande extrajobb?Du kan g\u00f6ra en intresseanm\u00e4lan f\u00f6r f\u00f6ljande tj\u00e4nster: Caf\u00e9 \u2013 sommarjobb Vill du sommarjobba i v\u00e5rt caf\u00e9?Vi s\u00f6ker dig som har ett [&hellip;]<\/p>\n","protected":false},"author":83,"featured_media":68362,"parent":0,"menu_order":0,"comment_status":"closed","ping_status":"closed","template":"","meta":{"_acf_changed":false,"footnotes":""},"class_list":["post-68351","page","type-page","status-publish","has-post-thumbnail","hentry"],"acf":[],"yoast_head":"<!-- This site is optimized with the Yoast SEO plugin v23.0 - https:\/\/yoast.com\/wordpress\/plugins\/seo\/ -->\n<title>Jobba hos oss - V\u00e4ster\u00e5s<\/title>\n<meta name=\"robots\" content=\"index, follow, max-snippet:-1, max-image-preview:large, max-video-preview:-1\" \/>\n<link rel=\"canonical\" href=\"https:\/\/aktivtuteliv.se\/vasteras\/jobba-hos-oss\/\" \/>\n<meta property=\"og:locale\" content=\"sv_SE\" \/>\n<meta property=\"og:type\" content=\"article\" \/>\n<meta property=\"og:title\" content=\"Jobba hos oss - V\u00e4ster\u00e5s\" \/>\n<meta property=\"og:description\" content=\"Jobbm\u00f6jligheter Vill du ha ett roligt och utvecklande extrajobb?Du kan g\u00f6ra en intresseanm\u00e4lan f\u00f6r f\u00f6ljande tj\u00e4nster: Caf\u00e9 \u2013 sommarjobb Vill du sommarjobba i v\u00e5rt caf\u00e9?Vi s\u00f6ker dig som har ett [&hellip;]\" \/>\n<meta property=\"og:url\" content=\"https:\/\/aktivtuteliv.se\/vasteras\/jobba-hos-oss\/\" \/>\n<meta property=\"og:site_name\" content=\"V\u00e4ster\u00e5s\" \/>\n<meta property=\"article:publisher\" content=\"https:\/\/www.facebook.com\/aktivtutelivbjornogarden\" \/>\n<meta property=\"article:modified_time\" content=\"2026-02-16T07:17:15+00:00\" \/>\n<meta property=\"og:image\" content=\"https:\/\/aktivtuteliv.se\/vasteras\/wp-content\/uploads\/sites\/4\/2023\/09\/personal.jpg\" \/>\n\t<meta property=\"og:image:width\" content=\"2560\" \/>\n\t<meta property=\"og:image:height\" content=\"1707\" \/>\n\t<meta property=\"og:image:type\" content=\"image\/jpeg\" \/>\n<meta name=\"twitter:card\" content=\"summary_large_image\" \/>\n<meta name=\"twitter:site\" content=\"@aktivtuteliv\" \/>\n<meta name=\"twitter:label1\" content=\"Ber\u00e4knad l\u00e4stid\" \/>\n\t<meta name=\"twitter:data1\" content=\"5 minuter\" \/>\n<script type=\"application\/ld+json\" class=\"yoast-schema-graph\">{\"@context\":\"https:\/\/schema.org\",\"@graph\":[{\"@type\":\"WebPage\",\"@id\":\"https:\/\/aktivtuteliv.se\/vasteras\/jobba-hos-oss\/\",\"url\":\"https:\/\/aktivtuteliv.se\/vasteras\/jobba-hos-oss\/\",\"name\":\"Jobba hos oss - V\u00e4ster\u00e5s\",\"isPartOf\":{\"@id\":\"https:\/\/aktivtuteliv.se\/vasteras\/#website\"},\"primaryImageOfPage\":{\"@id\":\"https:\/\/aktivtuteliv.se\/vasteras\/jobba-hos-oss\/#primaryimage\"},\"image\":{\"@id\":\"https:\/\/aktivtuteliv.se\/vasteras\/jobba-hos-oss\/#primaryimage\"},\"thumbnailUrl\":\"https:\/\/e5gp8rwuod7.exactdn.com\/vasteras\/wp-content\/uploads\/sites\/4\/2023\/09\/personal.jpg?strip=all&lossy=1&ssl=1\",\"datePublished\":\"2023-09-01T10:34:52+00:00\",\"dateModified\":\"2026-02-16T07:17:15+00:00\",\"breadcrumb\":{\"@id\":\"https:\/\/aktivtuteliv.se\/vasteras\/jobba-hos-oss\/#breadcrumb\"},\"inLanguage\":\"sv-SE\",\"potentialAction\":[{\"@type\":\"ReadAction\",\"target\":[\"https:\/\/aktivtuteliv.se\/vasteras\/jobba-hos-oss\/\"]}]},{\"@type\":\"ImageObject\",\"inLanguage\":\"sv-SE\",\"@id\":\"https:\/\/aktivtuteliv.se\/vasteras\/jobba-hos-oss\/#primaryimage\",\"url\":\"https:\/\/e5gp8rwuod7.exactdn.com\/vasteras\/wp-content\/uploads\/sites\/4\/2023\/09\/personal.jpg?strip=all&lossy=1&ssl=1\",\"contentUrl\":\"https:\/\/e5gp8rwuod7.exactdn.com\/vasteras\/wp-content\/uploads\/sites\/4\/2023\/09\/personal.jpg?strip=all&lossy=1&ssl=1\",\"width\":2560,\"height\":1707,\"caption\":\"jobba hos oss\"},{\"@type\":\"BreadcrumbList\",\"@id\":\"https:\/\/aktivtuteliv.se\/vasteras\/jobba-hos-oss\/#breadcrumb\",\"itemListElement\":[{\"@type\":\"ListItem\",\"position\":1,\"name\":\"Home\",\"item\":\"https:\/\/aktivtuteliv.se\/vasteras\/\"},{\"@type\":\"ListItem\",\"position\":2,\"name\":\"Jobba hos oss\"}]},{\"@type\":\"WebSite\",\"@id\":\"https:\/\/aktivtuteliv.se\/vasteras\/#website\",\"url\":\"https:\/\/aktivtuteliv.se\/vasteras\/\",\"name\":\"Aktivt Uteliv Bj\u00f6rn\u00f6g\u00e5rden\",\"description\":\"Ett friluftscenter i V\u00e4ster\u00e5s\",\"publisher\":{\"@id\":\"https:\/\/aktivtuteliv.se\/vasteras\/#organization\"},\"potentialAction\":[{\"@type\":\"SearchAction\",\"target\":{\"@type\":\"EntryPoint\",\"urlTemplate\":\"https:\/\/aktivtuteliv.se\/vasteras\/?s={search_term_string}\"},\"query-input\":\"required name=search_term_string\"}],\"inLanguage\":\"sv-SE\"},{\"@type\":\"Organization\",\"@id\":\"https:\/\/aktivtuteliv.se\/vasteras\/#organization\",\"name\":\"Aktivt Uteliv Bj\u00f6rn\u00f6g\u00e5rden\",\"url\":\"https:\/\/aktivtuteliv.se\/vasteras\/\",\"logo\":{\"@type\":\"ImageObject\",\"inLanguage\":\"sv-SE\",\"@id\":\"https:\/\/aktivtuteliv.se\/vasteras\/#\/schema\/logo\/image\/\",\"url\":\"https:\/\/e5gp8rwuod7.exactdn.com\/vasteras\/wp-content\/uploads\/sites\/4\/2025\/01\/AUB-pms.png?strip=all&lossy=1&ssl=1\",\"contentUrl\":\"https:\/\/e5gp8rwuod7.exactdn.com\/vasteras\/wp-content\/uploads\/sites\/4\/2025\/01\/AUB-pms.png?strip=all&lossy=1&ssl=1\",\"width\":1894,\"height\":1165,\"caption\":\"Aktivt Uteliv Bj\u00f6rn\u00f6g\u00e5rden\"},\"image\":{\"@id\":\"https:\/\/aktivtuteliv.se\/vasteras\/#\/schema\/logo\/image\/\"},\"sameAs\":[\"https:\/\/www.facebook.com\/aktivtutelivbjornogarden\",\"https:\/\/x.com\/aktivtuteliv\",\"https:\/\/www.instagram.com\/aktivtuteliv_bjornogarden\"]}]}<\/script>\n<!-- \/ Yoast SEO plugin. -->","yoast_head_json":{"title":"Jobba hos oss - V\u00e4ster\u00e5s","robots":{"index":"index","follow":"follow","max-snippet":"max-snippet:-1","max-image-preview":"max-image-preview:large","max-video-preview":"max-video-preview:-1"},"canonical":"https:\/\/aktivtuteliv.se\/vasteras\/jobba-hos-oss\/","og_locale":"sv_SE","og_type":"article","og_title":"Jobba hos oss - V\u00e4ster\u00e5s","og_description":"Jobbm\u00f6jligheter Vill du ha ett roligt och utvecklande extrajobb?Du kan g\u00f6ra en intresseanm\u00e4lan f\u00f6r f\u00f6ljande tj\u00e4nster: Caf\u00e9 \u2013 sommarjobb Vill du sommarjobba i v\u00e5rt caf\u00e9?Vi s\u00f6ker dig som har ett [&hellip;]","og_url":"https:\/\/aktivtuteliv.se\/vasteras\/jobba-hos-oss\/","og_site_name":"V\u00e4ster\u00e5s","article_publisher":"https:\/\/www.facebook.com\/aktivtutelivbjornogarden","article_modified_time":"2026-02-16T07:17:15+00:00","og_image":[{"width":2560,"height":1707,"url":"https:\/\/aktivtuteliv.se\/vasteras\/wp-content\/uploads\/sites\/4\/2023\/09\/personal.jpg","type":"image\/jpeg"}],"twitter_card":"summary_large_image","twitter_site":"@aktivtuteliv","twitter_misc":{"Ber\u00e4knad l\u00e4stid":"5 minuter"},"schema":{"@context":"https:\/\/schema.org","@graph":[{"@type":"WebPage","@id":"https:\/\/aktivtuteliv.se\/vasteras\/jobba-hos-oss\/","url":"https:\/\/aktivtuteliv.se\/vasteras\/jobba-hos-oss\/","name":"Jobba hos oss - V\u00e4ster\u00e5s","isPartOf":{"@id":"https:\/\/aktivtuteliv.se\/vasteras\/#website"},"primaryImageOfPage":{"@id":"https:\/\/aktivtuteliv.se\/vasteras\/jobba-hos-oss\/#primaryimage"},"image":{"@id":"https:\/\/aktivtuteliv.se\/vasteras\/jobba-hos-oss\/#primaryimage"},"thumbnailUrl":"https:\/\/e5gp8rwuod7.exactdn.com\/vasteras\/wp-content\/uploads\/sites\/4\/2023\/09\/personal.jpg?strip=all&lossy=1&ssl=1","datePublished":"2023-09-01T10:34:52+00:00","dateModified":"2026-02-16T07:17:15+00:00","breadcrumb":{"@id":"https:\/\/aktivtuteliv.se\/vasteras\/jobba-hos-oss\/#breadcrumb"},"inLanguage":"sv-SE","potentialAction":[{"@type":"ReadAction","target":["https:\/\/aktivtuteliv.se\/vasteras\/jobba-hos-oss\/"]}]},{"@type":"ImageObject","inLanguage":"sv-SE","@id":"https:\/\/aktivtuteliv.se\/vasteras\/jobba-hos-oss\/#primaryimage","url":"https:\/\/e5gp8rwuod7.exactdn.com\/vasteras\/wp-content\/uploads\/sites\/4\/2023\/09\/personal.jpg?strip=all&lossy=1&ssl=1","contentUrl":"https:\/\/e5gp8rwuod7.exactdn.com\/vasteras\/wp-content\/uploads\/sites\/4\/2023\/09\/personal.jpg?strip=all&lossy=1&ssl=1","width":2560,"height":1707,"caption":"jobba hos oss"},{"@type":"BreadcrumbList","@id":"https:\/\/aktivtuteliv.se\/vasteras\/jobba-hos-oss\/#breadcrumb","itemListElement":[{"@type":"ListItem","position":1,"name":"Home","item":"https:\/\/aktivtuteliv.se\/vasteras\/"},{"@type":"ListItem","position":2,"name":"Jobba hos oss"}]},{"@type":"WebSite","@id":"https:\/\/aktivtuteliv.se\/vasteras\/#website","url":"https:\/\/aktivtuteliv.se\/vasteras\/","name":"Aktivt Uteliv Bj\u00f6rn\u00f6g\u00e5rden","description":"Ett friluftscenter i V\u00e4ster\u00e5s","publisher":{"@id":"https:\/\/aktivtuteliv.se\/vasteras\/#organization"},"potentialAction":[{"@type":"SearchAction","target":{"@type":"EntryPoint","urlTemplate":"https:\/\/aktivtuteliv.se\/vasteras\/?s={search_term_string}"},"query-input":"required name=search_term_string"}],"inLanguage":"sv-SE"},{"@type":"Organization","@id":"https:\/\/aktivtuteliv.se\/vasteras\/#organization","name":"Aktivt Uteliv Bj\u00f6rn\u00f6g\u00e5rden","url":"https:\/\/aktivtuteliv.se\/vasteras\/","logo":{"@type":"ImageObject","inLanguage":"sv-SE","@id":"https:\/\/aktivtuteliv.se\/vasteras\/#\/schema\/logo\/image\/","url":"https:\/\/e5gp8rwuod7.exactdn.com\/vasteras\/wp-content\/uploads\/sites\/4\/2025\/01\/AUB-pms.png?strip=all&lossy=1&ssl=1","contentUrl":"https:\/\/e5gp8rwuod7.exactdn.com\/vasteras\/wp-content\/uploads\/sites\/4\/2025\/01\/AUB-pms.png?strip=all&lossy=1&ssl=1","width":1894,"height":1165,"caption":"Aktivt Uteliv Bj\u00f6rn\u00f6g\u00e5rden"},"image":{"@id":"https:\/\/aktivtuteliv.se\/vasteras\/#\/schema\/logo\/image\/"},"sameAs":["https:\/\/www.facebook.com\/aktivtutelivbjornogarden","https:\/\/x.com\/aktivtuteliv","https:\/\/www.instagram.com\/aktivtuteliv_bjornogarden"]}]}},"_links":{"self":[{"href":"https:\/\/aktivtuteliv.se\/vasteras\/wp-json\/wp\/v2\/pages\/68351","targetHints":{"allow":["GET"]}}],"collection":[{"href":"https:\/\/aktivtuteliv.se\/vasteras\/wp-json\/wp\/v2\/pages"}],"about":[{"href":"https:\/\/aktivtuteliv.se\/vasteras\/wp-json\/wp\/v2\/types\/page"}],"author":[{"embeddable":true,"href":"https:\/\/aktivtuteliv.se\/vasteras\/wp-json\/wp\/v2\/users\/83"}],"replies":[{"embeddable":true,"href":"https:\/\/aktivtuteliv.se\/vasteras\/wp-json\/wp\/v2\/comments?post=68351"}],"version-history":[{"count":0,"href":"https:\/\/aktivtuteliv.se\/vasteras\/wp-json\/wp\/v2\/pages\/68351\/revisions"}],"wp:featuredmedia":[{"embeddable":true,"href":"https:\/\/aktivtuteliv.se\/vasteras\/wp-json\/wp\/v2\/media\/68362"}],"wp:attachment":[{"href":"https:\/\/aktivtuteliv.se\/vasteras\/wp-json\/wp\/v2\/media?parent=68351"}],"curies":[{"name":"wp","href":"https:\/\/api.w.org\/{rel}","templated":true}]}}