{"id":71028,"date":"2024-10-03T14:23:54","date_gmt":"2024-10-03T14:23:54","guid":{"rendered":"https:\/\/aktivtuteliv.se\/vasteras\/?page_id=71028"},"modified":"2024-10-03T14:23:54","modified_gmt":"2024-10-03T14:23:54","slug":"lagaktivitet-i-vasteras","status":"publish","type":"page","link":"https:\/\/aktivtuteliv.se\/vasteras\/lagaktivitet-i-vasteras\/","title":{"rendered":"Aktiviteter f\u00f6r lag och f\u00f6reningar"},"content":{"rendered":"\n<h2 class=\"wp-block-heading\">Aktiviteter f\u00f6r lag och f\u00f6reningar<\/h2>\n\n\n\n<p>Lagaktivitet i V\u00e4ster\u00e5s. Hos oss kan ni bygga gemenskap och laganda genom att boka n\u00e5gon av de aktiviteter vi erbjuder. De passar perfekt som en rolig kick off i b\u00f6rjan p\u00e5 er s\u00e4song eller som avslutning p\u00e5 den. Vi har aktiviteter som passar allt fr\u00e5n knattelag till seniorelit.<\/p>\n\n\n\n<p>Om ni vill g\u00f6ra n\u00e5got mer \u00e4n bara en enskild aktivitet g\u00e5r det utm\u00e4rkt att kombinera aktiviteten med att hyra en\u00a0<a href=\"https:\/\/aktivtuteliv.se\/vasteras\/moten\/\">m\u00f6teslokal<\/a>\u00a0eller att \u00e4ta n\u00e5got hos oss. Vi erbjuder \u00e4ven f\u00e4rdigpaketerade koncept f\u00f6r <a href=\"https:\/\/aktivtuteliv.se\/vasteras\/traningslager-i-vasteras\/\">tr\u00e4ningsl\u00e4ger<\/a>.<\/p>\n","protected":false},"excerpt":{"rendered":"<p>Aktiviteter f\u00f6r lag och f\u00f6reningar Lagaktivitet i V\u00e4ster\u00e5s. Hos oss kan ni bygga gemenskap och laganda genom att boka n\u00e5gon av de aktiviteter vi erbjuder. De passar perfekt som en [&hellip;]<\/p>\n","protected":false},"author":83,"featured_media":73476,"parent":0,"menu_order":0,"comment_status":"closed","ping_status":"closed","template":"","meta":{"_acf_changed":true,"footnotes":""},"class_list":["post-71028","page","type-page","status-publish","has-post-thumbnail","hentry"],"acf":[],"yoast_head":"<!-- This site is optimized with the Yoast SEO plugin v23.0 - https:\/\/yoast.com\/wordpress\/plugins\/seo\/ -->\n<title>Lagaktivitet i V\u00e4ster\u00e5s - aktiviteter f\u00f6r lag och f\u00f6reningar p\u00e5 Bj\u00f6rn\u00f6n<\/title>\n<meta name=\"description\" content=\"Lagaktivitet i V\u00e4ster\u00e5s. Hos oss kan ni bygga gemenskap och laganda genom v\u00e5ra roliga aktivitetspaket f\u00f6r idrottslag och f\u00f6reningar.\" \/>\n<meta name=\"robots\" content=\"index, follow, max-snippet:-1, max-image-preview:large, max-video-preview:-1\" \/>\n<link rel=\"canonical\" href=\"https:\/\/aktivtuteliv.se\/vasteras\/lagaktivitet-i-vasteras\/\" \/>\n<meta property=\"og:locale\" content=\"sv_SE\" \/>\n<meta property=\"og:type\" content=\"article\" \/>\n<meta property=\"og:title\" content=\"Lagaktivitet i V\u00e4ster\u00e5s - aktiviteter f\u00f6r lag och f\u00f6reningar p\u00e5 Bj\u00f6rn\u00f6n\" \/>\n<meta property=\"og:description\" content=\"Lagaktivitet i V\u00e4ster\u00e5s. Hos oss kan ni bygga gemenskap och laganda genom v\u00e5ra roliga aktivitetspaket f\u00f6r idrottslag och f\u00f6reningar.\" \/>\n<meta property=\"og:url\" content=\"https:\/\/aktivtuteliv.se\/vasteras\/lagaktivitet-i-vasteras\/\" \/>\n<meta property=\"og:site_name\" content=\"V\u00e4ster\u00e5s\" \/>\n<meta property=\"article:publisher\" content=\"https:\/\/www.facebook.com\/aktivtutelivbjornogarden\" \/>\n<meta property=\"og:image\" content=\"https:\/\/aktivtuteliv.se\/vasteras\/wp-content\/uploads\/sites\/4\/2024\/10\/060_2024_Bootcamp_Foto_Henrik_Mill_WEBB.jpg\" \/>\n\t<meta property=\"og:image:width\" content=\"2000\" \/>\n\t<meta property=\"og:image:height\" content=\"1334\" \/>\n\t<meta property=\"og:image:type\" content=\"image\/jpeg\" \/>\n<meta name=\"twitter:card\" content=\"summary_large_image\" \/>\n<meta name=\"twitter:site\" content=\"@aktivtuteliv\" \/>\n<meta name=\"twitter:label1\" content=\"Ber\u00e4knad l\u00e4stid\" \/>\n\t<meta name=\"twitter:data1\" content=\"1 minut\" \/>\n<script type=\"application\/ld+json\" class=\"yoast-schema-graph\">{\"@context\":\"https:\/\/schema.org\",\"@graph\":[{\"@type\":\"WebPage\",\"@id\":\"https:\/\/aktivtuteliv.se\/vasteras\/lagaktivitet-i-vasteras\/\",\"url\":\"https:\/\/aktivtuteliv.se\/vasteras\/lagaktivitet-i-vasteras\/\",\"name\":\"Lagaktivitet i V\u00e4ster\u00e5s - aktiviteter f\u00f6r lag och f\u00f6reningar p\u00e5 Bj\u00f6rn\u00f6n\",\"isPartOf\":{\"@id\":\"https:\/\/aktivtuteliv.se\/vasteras\/#website\"},\"primaryImageOfPage\":{\"@id\":\"https:\/\/aktivtuteliv.se\/vasteras\/lagaktivitet-i-vasteras\/#primaryimage\"},\"image\":{\"@id\":\"https:\/\/aktivtuteliv.se\/vasteras\/lagaktivitet-i-vasteras\/#primaryimage\"},\"thumbnailUrl\":\"https:\/\/e5gp8rwuod7.exactdn.com\/vasteras\/wp-content\/uploads\/sites\/4\/2024\/10\/060_2024_Bootcamp_Foto_Henrik_Mill_WEBB.jpg?strip=all&lossy=1&ssl=1\",\"datePublished\":\"2024-10-03T14:23:54+00:00\",\"dateModified\":\"2024-10-03T14:23:54+00:00\",\"description\":\"Lagaktivitet i V\u00e4ster\u00e5s. Hos oss kan ni bygga gemenskap och laganda genom v\u00e5ra roliga aktivitetspaket f\u00f6r idrottslag och f\u00f6reningar.\",\"breadcrumb\":{\"@id\":\"https:\/\/aktivtuteliv.se\/vasteras\/lagaktivitet-i-vasteras\/#breadcrumb\"},\"inLanguage\":\"sv-SE\",\"potentialAction\":[{\"@type\":\"ReadAction\",\"target\":[\"https:\/\/aktivtuteliv.se\/vasteras\/lagaktivitet-i-vasteras\/\"]}]},{\"@type\":\"ImageObject\",\"inLanguage\":\"sv-SE\",\"@id\":\"https:\/\/aktivtuteliv.se\/vasteras\/lagaktivitet-i-vasteras\/#primaryimage\",\"url\":\"https:\/\/e5gp8rwuod7.exactdn.com\/vasteras\/wp-content\/uploads\/sites\/4\/2024\/10\/060_2024_Bootcamp_Foto_Henrik_Mill_WEBB.jpg?strip=all&lossy=1&ssl=1\",\"contentUrl\":\"https:\/\/e5gp8rwuod7.exactdn.com\/vasteras\/wp-content\/uploads\/sites\/4\/2024\/10\/060_2024_Bootcamp_Foto_Henrik_Mill_WEBB.jpg?strip=all&lossy=1&ssl=1\",\"width\":2000,\"height\":1334,\"caption\":\"Lagaktivitet i V\u00e4ster\u00e5s\"},{\"@type\":\"BreadcrumbList\",\"@id\":\"https:\/\/aktivtuteliv.se\/vasteras\/lagaktivitet-i-vasteras\/#breadcrumb\",\"itemListElement\":[{\"@type\":\"ListItem\",\"position\":1,\"name\":\"Home\",\"item\":\"https:\/\/aktivtuteliv.se\/vasteras\/\"},{\"@type\":\"ListItem\",\"position\":2,\"name\":\"Aktiviteter f\u00f6r lag och f\u00f6reningar\"}]},{\"@type\":\"WebSite\",\"@id\":\"https:\/\/aktivtuteliv.se\/vasteras\/#website\",\"url\":\"https:\/\/aktivtuteliv.se\/vasteras\/\",\"name\":\"Aktivt Uteliv Bj\u00f6rn\u00f6g\u00e5rden\",\"description\":\"Ett friluftscenter i V\u00e4ster\u00e5s\",\"publisher\":{\"@id\":\"https:\/\/aktivtuteliv.se\/vasteras\/#organization\"},\"potentialAction\":[{\"@type\":\"SearchAction\",\"target\":{\"@type\":\"EntryPoint\",\"urlTemplate\":\"https:\/\/aktivtuteliv.se\/vasteras\/?s={search_term_string}\"},\"query-input\":\"required name=search_term_string\"}],\"inLanguage\":\"sv-SE\"},{\"@type\":\"Organization\",\"@id\":\"https:\/\/aktivtuteliv.se\/vasteras\/#organization\",\"name\":\"Aktivt Uteliv Bj\u00f6rn\u00f6g\u00e5rden\",\"url\":\"https:\/\/aktivtuteliv.se\/vasteras\/\",\"logo\":{\"@type\":\"ImageObject\",\"inLanguage\":\"sv-SE\",\"@id\":\"https:\/\/aktivtuteliv.se\/vasteras\/#\/schema\/logo\/image\/\",\"url\":\"https:\/\/e5gp8rwuod7.exactdn.com\/vasteras\/wp-content\/uploads\/sites\/4\/2025\/01\/AUB-pms.png?strip=all&lossy=1&ssl=1\",\"contentUrl\":\"https:\/\/e5gp8rwuod7.exactdn.com\/vasteras\/wp-content\/uploads\/sites\/4\/2025\/01\/AUB-pms.png?strip=all&lossy=1&ssl=1\",\"width\":1894,\"height\":1165,\"caption\":\"Aktivt Uteliv Bj\u00f6rn\u00f6g\u00e5rden\"},\"image\":{\"@id\":\"https:\/\/aktivtuteliv.se\/vasteras\/#\/schema\/logo\/image\/\"},\"sameAs\":[\"https:\/\/www.facebook.com\/aktivtutelivbjornogarden\",\"https:\/\/x.com\/aktivtuteliv\",\"https:\/\/www.instagram.com\/aktivtuteliv_bjornogarden\"]}]}<\/script>\n<!-- \/ Yoast SEO plugin. -->","yoast_head_json":{"title":"Lagaktivitet i V\u00e4ster\u00e5s - aktiviteter f\u00f6r lag och f\u00f6reningar p\u00e5 Bj\u00f6rn\u00f6n","description":"Lagaktivitet i V\u00e4ster\u00e5s. Hos oss kan ni bygga gemenskap och laganda genom v\u00e5ra roliga aktivitetspaket f\u00f6r idrottslag och f\u00f6reningar.","robots":{"index":"index","follow":"follow","max-snippet":"max-snippet:-1","max-image-preview":"max-image-preview:large","max-video-preview":"max-video-preview:-1"},"canonical":"https:\/\/aktivtuteliv.se\/vasteras\/lagaktivitet-i-vasteras\/","og_locale":"sv_SE","og_type":"article","og_title":"Lagaktivitet i V\u00e4ster\u00e5s - aktiviteter f\u00f6r lag och f\u00f6reningar p\u00e5 Bj\u00f6rn\u00f6n","og_description":"Lagaktivitet i V\u00e4ster\u00e5s. Hos oss kan ni bygga gemenskap och laganda genom v\u00e5ra roliga aktivitetspaket f\u00f6r idrottslag och f\u00f6reningar.","og_url":"https:\/\/aktivtuteliv.se\/vasteras\/lagaktivitet-i-vasteras\/","og_site_name":"V\u00e4ster\u00e5s","article_publisher":"https:\/\/www.facebook.com\/aktivtutelivbjornogarden","og_image":[{"width":2000,"height":1334,"url":"https:\/\/aktivtuteliv.se\/vasteras\/wp-content\/uploads\/sites\/4\/2024\/10\/060_2024_Bootcamp_Foto_Henrik_Mill_WEBB.jpg","type":"image\/jpeg"}],"twitter_card":"summary_large_image","twitter_site":"@aktivtuteliv","twitter_misc":{"Ber\u00e4knad l\u00e4stid":"1 minut"},"schema":{"@context":"https:\/\/schema.org","@graph":[{"@type":"WebPage","@id":"https:\/\/aktivtuteliv.se\/vasteras\/lagaktivitet-i-vasteras\/","url":"https:\/\/aktivtuteliv.se\/vasteras\/lagaktivitet-i-vasteras\/","name":"Lagaktivitet i V\u00e4ster\u00e5s - aktiviteter f\u00f6r lag och f\u00f6reningar p\u00e5 Bj\u00f6rn\u00f6n","isPartOf":{"@id":"https:\/\/aktivtuteliv.se\/vasteras\/#website"},"primaryImageOfPage":{"@id":"https:\/\/aktivtuteliv.se\/vasteras\/lagaktivitet-i-vasteras\/#primaryimage"},"image":{"@id":"https:\/\/aktivtuteliv.se\/vasteras\/lagaktivitet-i-vasteras\/#primaryimage"},"thumbnailUrl":"https:\/\/e5gp8rwuod7.exactdn.com\/vasteras\/wp-content\/uploads\/sites\/4\/2024\/10\/060_2024_Bootcamp_Foto_Henrik_Mill_WEBB.jpg?strip=all&lossy=1&ssl=1","datePublished":"2024-10-03T14:23:54+00:00","dateModified":"2024-10-03T14:23:54+00:00","description":"Lagaktivitet i V\u00e4ster\u00e5s. Hos oss kan ni bygga gemenskap och laganda genom v\u00e5ra roliga aktivitetspaket f\u00f6r idrottslag och f\u00f6reningar.","breadcrumb":{"@id":"https:\/\/aktivtuteliv.se\/vasteras\/lagaktivitet-i-vasteras\/#breadcrumb"},"inLanguage":"sv-SE","potentialAction":[{"@type":"ReadAction","target":["https:\/\/aktivtuteliv.se\/vasteras\/lagaktivitet-i-vasteras\/"]}]},{"@type":"ImageObject","inLanguage":"sv-SE","@id":"https:\/\/aktivtuteliv.se\/vasteras\/lagaktivitet-i-vasteras\/#primaryimage","url":"https:\/\/e5gp8rwuod7.exactdn.com\/vasteras\/wp-content\/uploads\/sites\/4\/2024\/10\/060_2024_Bootcamp_Foto_Henrik_Mill_WEBB.jpg?strip=all&lossy=1&ssl=1","contentUrl":"https:\/\/e5gp8rwuod7.exactdn.com\/vasteras\/wp-content\/uploads\/sites\/4\/2024\/10\/060_2024_Bootcamp_Foto_Henrik_Mill_WEBB.jpg?strip=all&lossy=1&ssl=1","width":2000,"height":1334,"caption":"Lagaktivitet i V\u00e4ster\u00e5s"},{"@type":"BreadcrumbList","@id":"https:\/\/aktivtuteliv.se\/vasteras\/lagaktivitet-i-vasteras\/#breadcrumb","itemListElement":[{"@type":"ListItem","position":1,"name":"Home","item":"https:\/\/aktivtuteliv.se\/vasteras\/"},{"@type":"ListItem","position":2,"name":"Aktiviteter f\u00f6r lag och f\u00f6reningar"}]},{"@type":"WebSite","@id":"https:\/\/aktivtuteliv.se\/vasteras\/#website","url":"https:\/\/aktivtuteliv.se\/vasteras\/","name":"Aktivt Uteliv Bj\u00f6rn\u00f6g\u00e5rden","description":"Ett friluftscenter i V\u00e4ster\u00e5s","publisher":{"@id":"https:\/\/aktivtuteliv.se\/vasteras\/#organization"},"potentialAction":[{"@type":"SearchAction","target":{"@type":"EntryPoint","urlTemplate":"https:\/\/aktivtuteliv.se\/vasteras\/?s={search_term_string}"},"query-input":"required name=search_term_string"}],"inLanguage":"sv-SE"},{"@type":"Organization","@id":"https:\/\/aktivtuteliv.se\/vasteras\/#organization","name":"Aktivt Uteliv Bj\u00f6rn\u00f6g\u00e5rden","url":"https:\/\/aktivtuteliv.se\/vasteras\/","logo":{"@type":"ImageObject","inLanguage":"sv-SE","@id":"https:\/\/aktivtuteliv.se\/vasteras\/#\/schema\/logo\/image\/","url":"https:\/\/e5gp8rwuod7.exactdn.com\/vasteras\/wp-content\/uploads\/sites\/4\/2025\/01\/AUB-pms.png?strip=all&lossy=1&ssl=1","contentUrl":"https:\/\/e5gp8rwuod7.exactdn.com\/vasteras\/wp-content\/uploads\/sites\/4\/2025\/01\/AUB-pms.png?strip=all&lossy=1&ssl=1","width":1894,"height":1165,"caption":"Aktivt Uteliv Bj\u00f6rn\u00f6g\u00e5rden"},"image":{"@id":"https:\/\/aktivtuteliv.se\/vasteras\/#\/schema\/logo\/image\/"},"sameAs":["https:\/\/www.facebook.com\/aktivtutelivbjornogarden","https:\/\/x.com\/aktivtuteliv","https:\/\/www.instagram.com\/aktivtuteliv_bjornogarden"]}]}},"_links":{"self":[{"href":"https:\/\/aktivtuteliv.se\/vasteras\/wp-json\/wp\/v2\/pages\/71028","targetHints":{"allow":["GET"]}}],"collection":[{"href":"https:\/\/aktivtuteliv.se\/vasteras\/wp-json\/wp\/v2\/pages"}],"about":[{"href":"https:\/\/aktivtuteliv.se\/vasteras\/wp-json\/wp\/v2\/types\/page"}],"author":[{"embeddable":true,"href":"https:\/\/aktivtuteliv.se\/vasteras\/wp-json\/wp\/v2\/users\/83"}],"replies":[{"embeddable":true,"href":"https:\/\/aktivtuteliv.se\/vasteras\/wp-json\/wp\/v2\/comments?post=71028"}],"version-history":[{"count":0,"href":"https:\/\/aktivtuteliv.se\/vasteras\/wp-json\/wp\/v2\/pages\/71028\/revisions"}],"wp:featuredmedia":[{"embeddable":true,"href":"https:\/\/aktivtuteliv.se\/vasteras\/wp-json\/wp\/v2\/media\/73476"}],"wp:attachment":[{"href":"https:\/\/aktivtuteliv.se\/vasteras\/wp-json\/wp\/v2\/media?parent=71028"}],"curies":[{"name":"wp","href":"https:\/\/api.w.org\/{rel}","templated":true}]}}