{"id":77129,"date":"2025-02-07T12:11:05","date_gmt":"2025-02-07T11:11:05","guid":{"rendered":"https:\/\/aktivtuteliv.se\/vasteras\/?page_id=77129"},"modified":"2026-03-06T08:39:21","modified_gmt":"2026-03-06T07:39:21","slug":"kopvillkor","status":"publish","type":"page","link":"https:\/\/aktivtuteliv.se\/vasteras\/kopvillkor\/","title":{"rendered":"K\u00f6pvillkor"},"content":{"rendered":"\n<p><strong>AKTIVT UTELIV BJ\u00d6RN\u00d6G\u00c5RDEN AB, K\u00d6PVILKOR<\/strong><\/p>\n\n\n\n<div style=\"height:15px\" aria-hidden=\"true\" class=\"wp-block-spacer\"><\/div>\n\n\n\n<p><strong>PRISER<br><\/strong>Alla priser \u00e4r inklusive merv\u00e4rdesoms\u00e4ttningsskatt (moms). Vi reserverar oss f\u00f6r eventuella prish\u00f6jningar, momsjustering, valutaf\u00f6r\u00e4ndringar etc. Dessa eventuella \u00e4ndringar meddelar vi vid best\u00e4llning. Samtliga priser \u00e4r angivna i Svenska Kronor (SEK).<\/p>\n\n\n\n<div style=\"height:15px\" aria-hidden=\"true\" class=\"wp-block-spacer\"><\/div>\n\n\n\n<p><strong>\u00c5LDERSGR\u00c4NS<br><\/strong>Vi ing\u00e5r inte avtal med minder\u00e5riga dvs personer under 18\u00e5r.<\/p>\n\n\n\n<div style=\"height:15px\" aria-hidden=\"true\" class=\"wp-block-spacer\"><\/div>\n\n\n\n<p><strong>BETALNING<\/strong><br>Vi anv\u00e4nder oss av Qliro som betall\u00f6sning d\u00e4r du enkelt kan genomf\u00f6ra dina k\u00f6p med hj\u00e4lp av bank- eller kreditkort, v\u00e4lja fakturabetalning, delbetalning eller direktbetalning genom Qliro. Qliro \u00e4r Aktivt Utelivs betalleverant\u00f6r och hanterar betaltransaktioner i kassan. N\u00e4r du v\u00e4ljer Swish ser du d\u00e4rf\u00f6r att betalmottagaren \u00e4r &#8221;Q*AktivtUteliv&#8221; vilket betyder att det \u00e4r Qliro som \u00e4r mottagare av pengarna f\u00f6r k\u00f6pet och hanterar betalningen \u00e5t Aktivt Uteliv.<\/p>\n\n\n\n<div style=\"height:15px\" aria-hidden=\"true\" class=\"wp-block-spacer\"><\/div>\n\n\n\n<p><strong>FRAKTKOSTNAD<\/strong><br><br>Vanliga paket: 99 SEK <br>Paket l\u00e4ngre \u00e4n 120cm: 299 SEK <br>Kajaker och takt\u00e4lt: 1699 SEK<\/p>\n\n\n\n<div style=\"height:15px\" aria-hidden=\"true\" class=\"wp-block-spacer\"><\/div>\n\n\n\n<p><strong>LEVERANSER<br><\/strong>Alla v\u00e5ra leveranser sker med DHL. Normalt har ni era varor inom 1\u20133 arbetsdagar f\u00f6rutsatt att varan finns p\u00e5 lager. Om vi inte har varan p\u00e5 lager \u00e4r leveranstiden 4\u201314 arbetsdagar beroende p\u00e5 produkt. F\u00f6r leverans av kajaker \u00e4r leveranstiden 2-5 arbetsdagar.<\/p>\n\n\n\n<div style=\"height:15px\" aria-hidden=\"true\" class=\"wp-block-spacer\"><\/div>\n\n\n\n<div style=\"height:15px\" aria-hidden=\"true\" class=\"wp-block-spacer\"><\/div>\n\n\n\n<p><strong>EJ UTL\u00d6STA PAKET<br><\/strong>F\u00f6r alla outl\u00f6sta paket f\u00f6rbeh\u00e5ller vi oss r\u00e4tten att debitera kunden kostnaderna f\u00f6r returfrakt, expeditionsavgift och hanteringskostnad (f.n. 300 SEK).<\/p>\n\n\n\n<div style=\"height:15px\" aria-hidden=\"true\" class=\"wp-block-spacer\"><\/div>\n\n\n\n<div style=\"height:15px\" aria-hidden=\"true\" class=\"wp-block-spacer\"><\/div>\n\n\n\n<p><strong>BYTE \/ RETUR<br><\/strong>Ni har full bytesr\u00e4tt\/returr\u00e4tt inom 30 dagar, vid oanv\u00e4nd produkt. Vid retur tillkommer returfrakt samt en returavgift p\u00e5 39 SEK. \u00d6nskar ni byta produkt s\u00e5 ska ni returnera varan och l\u00e4gga en ny best\u00e4llning p\u00e5 den produkt som ni \u00f6nskar byta till. N\u00e4r vi mottagit varan \u00e5terbetalas pengarna via Qliro.<\/p>\n\n\n\n<div style=\"height:15px\" aria-hidden=\"true\" class=\"wp-block-spacer\"><\/div>\n\n\n\n<p>Skidor som \u00e4r monterade g\u00e5r ej att returnera.<\/p>\n\n\n\n<p>Returen skickas till v\u00e5rt lager som finns p\u00e5 f\u00f6ljande adress:<\/p>\n\n\n\n<p>Aktivtuteliv Bj\u00f6rn\u00f6g\u00e5rden AB<br>Bj\u00f6rn\u00f6g\u00e5rden 1<br>72348 V\u00e4ster\u00e5s<br>Sverige<\/p>\n\n\n\n<p><strong>REKLAMATION<br><\/strong>Vid en eventuell reklamation, v\u00e4nligen maila till&nbsp;vasteras@aktivtuteliv.se. Ange vilken order som \u00e4rendet g\u00e4ller (ordernummer) samt information om \u00e4rendet. Ni f\u00e5r ett utl\u00e5tande samt adressen dit varan skall skickas. Erh\u00e5llande av returadress \u00e4r ej att likst\u00e4lla med godk\u00e4nd reklamation. Vid retur av reklamation st\u00e5r ni f\u00f6r frakten tills dess att reklamationen \u00e4r godk\u00e4nd. Faktura\/kvitto och returnummer skall medf\u00f6lja returvaran. \u00c4r frakten ej betald eller om n\u00e5gon handling saknas \u00e5ters\u00e4nds varan till er. Vid godk\u00e4nd reklamation \u00e5terbetalar vi frakten ni erlagt och skickar er en ny vara fraktfritt. Om vi ist\u00e4llet skall ers\u00e4tta er genom \u00e5terbetalning, g\u00f6rs detta genom ins\u00e4ttning p\u00e5 ert bankkonto. Har ni d\u00e4remot betalat med Qliro, \u00e5terbetalar vi er genom Qliro. Var noga med att ge oss alla n\u00f6dv\u00e4ndiga detaljer f\u00f6r att kunna g\u00f6ra \u00f6verf\u00f6ringen, detta inkluderar bankens namn, clearingnummer samt kontonummer.<\/p>\n\n\n\n<div style=\"height:15px\" aria-hidden=\"true\" class=\"wp-block-spacer\"><\/div>\n\n\n\n<div style=\"height:15px\" aria-hidden=\"true\" class=\"wp-block-spacer\"><\/div>\n\n\n\n<p><strong>GARANTIER<br><\/strong>Hos oss g\u00e4ller de garantier som respektive varum\u00e4rke har satt.<\/p>\n\n\n\n<div style=\"height:15px\" aria-hidden=\"true\" class=\"wp-block-spacer\"><\/div>\n\n\n\n<p><strong>\u00d6VRIGT<\/strong><\/p>\n\n\n\n<ul class=\"wp-block-list\">\n<li>Vi reserverar oss f\u00f6r ev. slutf\u00f6rs\u00e4ljning.<\/li>\n\n\n\n<li>Vi f\u00f6rbeh\u00e5ller oss r\u00e4tt till pris\u00e4ndring utan f\u00f6reg\u00e5ende avisering.<\/li>\n\n\n\n<li>F\u00e4rgavvikelser p\u00e5 produkter kan f\u00f6rekomma p.g.a. variation av f\u00e4rg\u00e5tergivning p\u00e5 olika bildsk\u00e4rmar.<\/li>\n\n\n\n<li>Vi reserverar oss f\u00f6r eventuella fel i skrift p\u00e5 v\u00e5r webbplats<\/li>\n\n\n\n<li>Priserna i webshopen kan variera fr\u00e5n v\u00e5r fysiska butik i V\u00e4ster\u00e5s.<\/li>\n\n\n\n<li>Vi polisanm\u00e4ler alla falska best\u00e4llningar och bedr\u00e4gerif\u00f6rs\u00f6k.<br><\/li>\n<\/ul>\n\n\n\n<div style=\"height:15px\" aria-hidden=\"true\" class=\"wp-block-spacer\"><\/div>\n\n\n\n<p><strong>AKTIVT UTELIV BJ\u00d6RN\u00d6G\u00c5RDE<\/strong>N<\/p>\n\n\n\n<p>Aktivt Uteliv Bj\u00f6rn\u00f6g\u00e5rden AB<br>Bj\u00f6rn\u00f6g\u00e5rden 1<br>723 48 V\u00e4ster\u00e5s<br>Sverige<\/p>\n\n\n\n<p>Org- nummer: 556786-0910<\/p>\n\n\n\n<p>Mejladress:&nbsp;vasteras@aktivtuteliv.se<\/p>\n\n\n\n<div style=\"height:15px\" aria-hidden=\"true\" class=\"wp-block-spacer\"><\/div>\n\n\n\n<p><\/p>\n\n\n\n<div style=\"height:15px\" aria-hidden=\"true\" class=\"wp-block-spacer\"><\/div>\n\n\n\n<div style=\"height:15px\" aria-hidden=\"true\" class=\"wp-block-spacer\"><\/div>\n\n\n\n<p><\/p>\n","protected":false},"excerpt":{"rendered":"<p>AKTIVT UTELIV BJ\u00d6RN\u00d6G\u00c5RDEN AB, K\u00d6PVILKOR PRISERAlla priser \u00e4r inklusive merv\u00e4rdesoms\u00e4ttningsskatt (moms). Vi reserverar oss f\u00f6r eventuella prish\u00f6jningar, momsjustering, valutaf\u00f6r\u00e4ndringar etc. Dessa eventuella \u00e4ndringar meddelar vi vid best\u00e4llning. Samtliga priser \u00e4r [&hellip;]<\/p>\n","protected":false},"author":83,"featured_media":0,"parent":0,"menu_order":0,"comment_status":"closed","ping_status":"closed","template":"","meta":{"_acf_changed":false,"footnotes":""},"class_list":["post-77129","page","type-page","status-publish","hentry"],"acf":[],"yoast_head":"<!-- This site is optimized with the Yoast SEO plugin v23.0 - https:\/\/yoast.com\/wordpress\/plugins\/seo\/ -->\n<title>K\u00f6pvillkor - V\u00e4ster\u00e5s<\/title>\n<meta name=\"robots\" content=\"index, follow, max-snippet:-1, max-image-preview:large, max-video-preview:-1\" \/>\n<link rel=\"canonical\" href=\"https:\/\/aktivtuteliv.se\/vasteras\/kopvillkor\/\" \/>\n<meta property=\"og:locale\" content=\"sv_SE\" \/>\n<meta property=\"og:type\" content=\"article\" \/>\n<meta property=\"og:title\" content=\"K\u00f6pvillkor - V\u00e4ster\u00e5s\" \/>\n<meta property=\"og:description\" content=\"AKTIVT UTELIV BJ\u00d6RN\u00d6G\u00c5RDEN AB, K\u00d6PVILKOR PRISERAlla priser \u00e4r inklusive merv\u00e4rdesoms\u00e4ttningsskatt (moms). Vi reserverar oss f\u00f6r eventuella prish\u00f6jningar, momsjustering, valutaf\u00f6r\u00e4ndringar etc. Dessa eventuella \u00e4ndringar meddelar vi vid best\u00e4llning. Samtliga priser \u00e4r [&hellip;]\" \/>\n<meta property=\"og:url\" content=\"https:\/\/aktivtuteliv.se\/vasteras\/kopvillkor\/\" \/>\n<meta property=\"og:site_name\" content=\"V\u00e4ster\u00e5s\" \/>\n<meta property=\"article:publisher\" content=\"https:\/\/www.facebook.com\/aktivtutelivbjornogarden\" \/>\n<meta property=\"article:modified_time\" content=\"2026-03-06T07:39:21+00:00\" \/>\n<meta name=\"twitter:card\" content=\"summary_large_image\" \/>\n<meta name=\"twitter:site\" content=\"@aktivtuteliv\" \/>\n<meta name=\"twitter:label1\" content=\"Ber\u00e4knad l\u00e4stid\" \/>\n\t<meta name=\"twitter:data1\" content=\"3 minuter\" \/>\n<script type=\"application\/ld+json\" class=\"yoast-schema-graph\">{\"@context\":\"https:\/\/schema.org\",\"@graph\":[{\"@type\":\"WebPage\",\"@id\":\"https:\/\/aktivtuteliv.se\/vasteras\/kopvillkor\/\",\"url\":\"https:\/\/aktivtuteliv.se\/vasteras\/kopvillkor\/\",\"name\":\"K\u00f6pvillkor - V\u00e4ster\u00e5s\",\"isPartOf\":{\"@id\":\"https:\/\/aktivtuteliv.se\/vasteras\/#website\"},\"datePublished\":\"2025-02-07T11:11:05+00:00\",\"dateModified\":\"2026-03-06T07:39:21+00:00\",\"breadcrumb\":{\"@id\":\"https:\/\/aktivtuteliv.se\/vasteras\/kopvillkor\/#breadcrumb\"},\"inLanguage\":\"sv-SE\",\"potentialAction\":[{\"@type\":\"ReadAction\",\"target\":[\"https:\/\/aktivtuteliv.se\/vasteras\/kopvillkor\/\"]}]},{\"@type\":\"BreadcrumbList\",\"@id\":\"https:\/\/aktivtuteliv.se\/vasteras\/kopvillkor\/#breadcrumb\",\"itemListElement\":[{\"@type\":\"ListItem\",\"position\":1,\"name\":\"Home\",\"item\":\"https:\/\/aktivtuteliv.se\/vasteras\/\"},{\"@type\":\"ListItem\",\"position\":2,\"name\":\"K\u00f6pvillkor\"}]},{\"@type\":\"WebSite\",\"@id\":\"https:\/\/aktivtuteliv.se\/vasteras\/#website\",\"url\":\"https:\/\/aktivtuteliv.se\/vasteras\/\",\"name\":\"Aktivt Uteliv Bj\u00f6rn\u00f6g\u00e5rden\",\"description\":\"Ett friluftscenter i V\u00e4ster\u00e5s\",\"publisher\":{\"@id\":\"https:\/\/aktivtuteliv.se\/vasteras\/#organization\"},\"potentialAction\":[{\"@type\":\"SearchAction\",\"target\":{\"@type\":\"EntryPoint\",\"urlTemplate\":\"https:\/\/aktivtuteliv.se\/vasteras\/?s={search_term_string}\"},\"query-input\":\"required name=search_term_string\"}],\"inLanguage\":\"sv-SE\"},{\"@type\":\"Organization\",\"@id\":\"https:\/\/aktivtuteliv.se\/vasteras\/#organization\",\"name\":\"Aktivt Uteliv Bj\u00f6rn\u00f6g\u00e5rden\",\"url\":\"https:\/\/aktivtuteliv.se\/vasteras\/\",\"logo\":{\"@type\":\"ImageObject\",\"inLanguage\":\"sv-SE\",\"@id\":\"https:\/\/aktivtuteliv.se\/vasteras\/#\/schema\/logo\/image\/\",\"url\":\"https:\/\/e5gp8rwuod7.exactdn.com\/vasteras\/wp-content\/uploads\/sites\/4\/2025\/01\/AUB-pms.png?strip=all&lossy=1&ssl=1\",\"contentUrl\":\"https:\/\/e5gp8rwuod7.exactdn.com\/vasteras\/wp-content\/uploads\/sites\/4\/2025\/01\/AUB-pms.png?strip=all&lossy=1&ssl=1\",\"width\":1894,\"height\":1165,\"caption\":\"Aktivt Uteliv Bj\u00f6rn\u00f6g\u00e5rden\"},\"image\":{\"@id\":\"https:\/\/aktivtuteliv.se\/vasteras\/#\/schema\/logo\/image\/\"},\"sameAs\":[\"https:\/\/www.facebook.com\/aktivtutelivbjornogarden\",\"https:\/\/x.com\/aktivtuteliv\",\"https:\/\/www.instagram.com\/aktivtuteliv_bjornogarden\"]}]}<\/script>\n<!-- \/ Yoast SEO plugin. -->","yoast_head_json":{"title":"K\u00f6pvillkor - V\u00e4ster\u00e5s","robots":{"index":"index","follow":"follow","max-snippet":"max-snippet:-1","max-image-preview":"max-image-preview:large","max-video-preview":"max-video-preview:-1"},"canonical":"https:\/\/aktivtuteliv.se\/vasteras\/kopvillkor\/","og_locale":"sv_SE","og_type":"article","og_title":"K\u00f6pvillkor - V\u00e4ster\u00e5s","og_description":"AKTIVT UTELIV BJ\u00d6RN\u00d6G\u00c5RDEN AB, K\u00d6PVILKOR PRISERAlla priser \u00e4r inklusive merv\u00e4rdesoms\u00e4ttningsskatt (moms). Vi reserverar oss f\u00f6r eventuella prish\u00f6jningar, momsjustering, valutaf\u00f6r\u00e4ndringar etc. Dessa eventuella \u00e4ndringar meddelar vi vid best\u00e4llning. Samtliga priser \u00e4r [&hellip;]","og_url":"https:\/\/aktivtuteliv.se\/vasteras\/kopvillkor\/","og_site_name":"V\u00e4ster\u00e5s","article_publisher":"https:\/\/www.facebook.com\/aktivtutelivbjornogarden","article_modified_time":"2026-03-06T07:39:21+00:00","twitter_card":"summary_large_image","twitter_site":"@aktivtuteliv","twitter_misc":{"Ber\u00e4knad l\u00e4stid":"3 minuter"},"schema":{"@context":"https:\/\/schema.org","@graph":[{"@type":"WebPage","@id":"https:\/\/aktivtuteliv.se\/vasteras\/kopvillkor\/","url":"https:\/\/aktivtuteliv.se\/vasteras\/kopvillkor\/","name":"K\u00f6pvillkor - V\u00e4ster\u00e5s","isPartOf":{"@id":"https:\/\/aktivtuteliv.se\/vasteras\/#website"},"datePublished":"2025-02-07T11:11:05+00:00","dateModified":"2026-03-06T07:39:21+00:00","breadcrumb":{"@id":"https:\/\/aktivtuteliv.se\/vasteras\/kopvillkor\/#breadcrumb"},"inLanguage":"sv-SE","potentialAction":[{"@type":"ReadAction","target":["https:\/\/aktivtuteliv.se\/vasteras\/kopvillkor\/"]}]},{"@type":"BreadcrumbList","@id":"https:\/\/aktivtuteliv.se\/vasteras\/kopvillkor\/#breadcrumb","itemListElement":[{"@type":"ListItem","position":1,"name":"Home","item":"https:\/\/aktivtuteliv.se\/vasteras\/"},{"@type":"ListItem","position":2,"name":"K\u00f6pvillkor"}]},{"@type":"WebSite","@id":"https:\/\/aktivtuteliv.se\/vasteras\/#website","url":"https:\/\/aktivtuteliv.se\/vasteras\/","name":"Aktivt Uteliv Bj\u00f6rn\u00f6g\u00e5rden","description":"Ett friluftscenter i V\u00e4ster\u00e5s","publisher":{"@id":"https:\/\/aktivtuteliv.se\/vasteras\/#organization"},"potentialAction":[{"@type":"SearchAction","target":{"@type":"EntryPoint","urlTemplate":"https:\/\/aktivtuteliv.se\/vasteras\/?s={search_term_string}"},"query-input":"required name=search_term_string"}],"inLanguage":"sv-SE"},{"@type":"Organization","@id":"https:\/\/aktivtuteliv.se\/vasteras\/#organization","name":"Aktivt Uteliv Bj\u00f6rn\u00f6g\u00e5rden","url":"https:\/\/aktivtuteliv.se\/vasteras\/","logo":{"@type":"ImageObject","inLanguage":"sv-SE","@id":"https:\/\/aktivtuteliv.se\/vasteras\/#\/schema\/logo\/image\/","url":"https:\/\/e5gp8rwuod7.exactdn.com\/vasteras\/wp-content\/uploads\/sites\/4\/2025\/01\/AUB-pms.png?strip=all&lossy=1&ssl=1","contentUrl":"https:\/\/e5gp8rwuod7.exactdn.com\/vasteras\/wp-content\/uploads\/sites\/4\/2025\/01\/AUB-pms.png?strip=all&lossy=1&ssl=1","width":1894,"height":1165,"caption":"Aktivt Uteliv Bj\u00f6rn\u00f6g\u00e5rden"},"image":{"@id":"https:\/\/aktivtuteliv.se\/vasteras\/#\/schema\/logo\/image\/"},"sameAs":["https:\/\/www.facebook.com\/aktivtutelivbjornogarden","https:\/\/x.com\/aktivtuteliv","https:\/\/www.instagram.com\/aktivtuteliv_bjornogarden"]}]}},"_links":{"self":[{"href":"https:\/\/aktivtuteliv.se\/vasteras\/wp-json\/wp\/v2\/pages\/77129","targetHints":{"allow":["GET"]}}],"collection":[{"href":"https:\/\/aktivtuteliv.se\/vasteras\/wp-json\/wp\/v2\/pages"}],"about":[{"href":"https:\/\/aktivtuteliv.se\/vasteras\/wp-json\/wp\/v2\/types\/page"}],"author":[{"embeddable":true,"href":"https:\/\/aktivtuteliv.se\/vasteras\/wp-json\/wp\/v2\/users\/83"}],"replies":[{"embeddable":true,"href":"https:\/\/aktivtuteliv.se\/vasteras\/wp-json\/wp\/v2\/comments?post=77129"}],"version-history":[{"count":0,"href":"https:\/\/aktivtuteliv.se\/vasteras\/wp-json\/wp\/v2\/pages\/77129\/revisions"}],"wp:attachment":[{"href":"https:\/\/aktivtuteliv.se\/vasteras\/wp-json\/wp\/v2\/media?parent=77129"}],"curies":[{"name":"wp","href":"https:\/\/api.w.org\/{rel}","templated":true}]}}