{"id":95689,"date":"2026-01-28T16:15:14","date_gmt":"2026-01-28T15:15:14","guid":{"rendered":"https:\/\/aktivtuteliv.se\/vasteras\/?page_id=95689"},"modified":"2026-02-13T13:39:27","modified_gmt":"2026-02-13T12:39:27","slug":"kallbad-drop-in","status":"publish","type":"page","link":"https:\/\/aktivtuteliv.se\/vasteras\/kallbad-drop-in\/","title":{"rendered":"Kallbad, drop in"},"content":{"rendered":"\n<h2 class=\"wp-block-heading\"><strong>Kallbad, drop in<\/strong><\/h2>\n\n\n\n<p>Att bada kallbad har blivit en popul\u00e4r aktivitet i V\u00e4ster\u00e5s och det \u00e4r m\u00e5nga som \u00e4r nyfikna p\u00e5 att prova det. Men att beh\u00f6va byta om utomhus f\u00f6re och efter badet f\u00e5r m\u00e5nga att tveka. D\u00e4rf\u00f6r provar vi nu att arrangera kallbad d\u00e4r v\u00e5r bastubyggnad finns tillg\u00e4nglig f\u00f6r dusch, ombyte och avslappning i rofylld milj\u00f6.<\/p>\n\n\n\n<p>Att bada utomhus under perioden sen h\u00f6st till tidig v\u00e5r har blivit en utbredd aktivitet som m\u00e5nga njuter av. De som badar regelbundet vittnar om de ger dem ett \u00f6kat v\u00e4lbefinnande, b\u00e5de psykiskt och fysiskt, med minskad stress, b\u00e4ttre motst\u00e5ndskraft mot f\u00f6rkylningar och pigghet som de starkaste upplevda effekterna. Men att s\u00e4nka sig ner i en isvak, eller i vatten med motsvarande temperatur, handlar \u00e4ven om att \u00f6vervinna ett hinder och att g\u00e5 utanf\u00f6r sin komfortzon.<\/p>\n\n\n\n<p>Den sista delen kan vara sv\u00e5r att \u00f6vervinna f\u00f6r dig som aldrig badat kallbad tidigare n\u00e4r alternativet \u00e4r att st\u00e5 utomhus och byta om f\u00f6re och efter badet. D\u00e4rf\u00f6r erbjuder vi nu m\u00f6jligheten att bada kallbad d\u00e4r du har tillg\u00e5ng till v\u00e5r bastubyggnad, med relax, omkl\u00e4dningsrum och dusch (\u00f6vriga tider&nbsp;<a href=\"https:\/\/aktivtuteliv.se\/vasteras\/hyra-bastu\/\">hyr vi ut hela bastun under specifika pass<\/a>&nbsp;till slutna s\u00e4llskap). Givetvis kommer bastun att var t\u00e4nd och uppv\u00e4rmd ocks\u00e5, \u00e4ven om inbitna kallbadare menar att ett varmt bastubad f\u00f6rtar effekten av kallbadet. &nbsp;<\/p>\n\n\n\n<h3 class=\"wp-block-heading\"><strong>Hur det g\u00e5r till<\/strong><\/h3>\n\n\n\n<p>V\u00e4lkommen att bada drop in under \u00f6ppettiderna, betalar g\u00f6r du p\u00e5 plats med Swish. V\u00e4nligen respektera att vi har olika tider f\u00f6r damer och mixade s\u00e4llskap (mix betyder att b\u00e5de damer och herrar \u00e4r v\u00e4lkomna). Vissa pass kan bli v\u00e4ldigt v\u00e4lbes\u00f6kta, v\u00e4nligen visa h\u00e4nsyn till varandra och hj\u00e4lps \u00e5t f\u00f6r att alla ska trivas. Vi vill helst slippa reglera antalet bes\u00f6kare, styra hur l\u00e4nge man f\u00e5r stanna eller p\u00e5 annat s\u00e4tt detaljstyra uppl\u00e4gget.<\/p>\n\n\n\n<h3 class=\"wp-block-heading\"><strong>Vad som ing\u00e5r<\/strong><\/h3>\n\n\n\n<p>En \u00f6ppen isvak vid bryggan vid Granbo, nedanf\u00f6r stugbyn och bastun p\u00e5 norra Bj\u00f6rn\u00f6. Tillg\u00e5ng till bastubyggnaden, som ligger vid vattnet, med ett relaxrum med bord och stolar, \u00f6ppet omkl\u00e4dningsrum, tv\u00e5 duschar och en rymlig bastu (upp till 16 personer f\u00e5r plats i den). &nbsp; H\u00e4r kan du se hur bastubyggnaden ser ut inv\u00e4ndigt:&nbsp;<a href=\"https:\/\/momento360.com\/e\/u\/e2f5fbf80dc14382bb2f593cb3b1d421?utm_campaign=embed&amp;utm_source=other&amp;heading=0&amp;pitch=0&amp;field-of-view=75&amp;size=medium\" target=\"_blank\" rel=\"noreferrer noopener\">Klicka h\u00e4r f\u00f6r en rundtur i bastun<\/a>&nbsp;<a href=\"https:\/\/momento360.com\/e\/u\/0c2b299aed5640eabe29f6df7fed1fd4?utm_campaign=embed&amp;utm_source=other&amp;heading=410.2&amp;pitch=0.21&amp;field-of-view=75&amp;size=medium\" target=\"_blank\" rel=\"noreferrer noopener\">Klicka h\u00e4r f\u00f6r en rundtur i relaxen<\/a>&nbsp;&nbsp;<\/p>\n\n\n\n<h3 class=\"wp-block-heading\"><strong>Pris<\/strong><\/h3>\n\n\n\n<p>120 kr\/person per tillf\u00e4lle. 1200 kr f\u00f6r s\u00e4songskort 2025-2026, bada s\u00e5 mycket du vill. &nbsp;<\/p>\n\n\n\n<h3 class=\"wp-block-heading\"><strong>Friskv\u00e5rd<\/strong><\/h3>\n\n\n\n<p>Detta \u00e4r en godk\u00e4nd friskv\u00e5rdsaktivitet enligt Skatteverkets regler och intr\u00e4det kan betalas med ditt friskv\u00e5rdsbidrag. F\u00f6r att f\u00e5 ett kvitto p\u00e5 aktiviteten f\u00f6r att kunna dra av det fr\u00e5n ditt friskv\u00e5rdsbidrag m\u00e5ste du f\u00f6rbetala det i v\u00e5r sport- och friluftsbutik p\u00e5 Bj\u00f6rn\u00f6g\u00e5rden, du kan ej f\u00e5 kvitto f\u00f6r kallbadet i efterhand.. Du som hanterar ditt friskv\u00e5rdsbidrag sj\u00e4lv i f\u00f6rm\u00e5nsportalen&nbsp;<a href=\"https:\/\/www.epassi.se\/sv\/\">Epassi<\/a>&nbsp;kan betala intr\u00e4det digitalt, antingen genom deras hemsida eller genom appen. &nbsp;<\/p>\n\n\n\n<h3 class=\"wp-block-heading\"><strong>Hitta hit<\/strong><\/h3>\n\n\n\n<p>Bastun ligger nedanf\u00f6r v\u00e5r stugby Granbo som ligger ovanf\u00f6r gr\u00e4splanerna direkt efter Bj\u00f6rn\u00f6bron, vi har en skylt vid infarten. Det \u00e4r fri parkering p\u00e5 stugbyns parkering om du kommer med bil. Annars g\u00e5r busslinje tv\u00e5, den gr\u00f6na linjen, \u00e4nda ut till Bj\u00f6rn\u00f6g\u00e5rden \u00e4ven p\u00e5 kv\u00e4llar och helger.<\/p>\n\n\n\n<p><a href=\"https:\/\/maps.app.goo.gl\/n2yScZZEjLYjJfTZ9\">Google kartl\u00e4nk till bastun.<\/a><\/p>\n\n\n\n<h3 class=\"wp-block-heading\"><strong>Datum vintern 2025-2026<\/strong><\/h3>\n\n\n\n<p>S\u00f6ndag 25\/1&nbsp; &nbsp; &nbsp;10:00-13:00 mix, 13:00-16:00 dam<br>S\u00f6ndag 1\/2&nbsp; &nbsp; &nbsp; &nbsp;10:00-13:00 dam, 13:00-16:00 mix<br>S\u00f6ndag 8\/2&nbsp; &nbsp; &nbsp; 10:00-13:00 mix, 13:00-16:00 dam<br>S\u00f6ndag 15\/2&nbsp; &nbsp; &nbsp;10:00-13:00 dam, 13:00-16:00 mix<br>S\u00f6ndag 22\/2&nbsp; &nbsp; 10:00-13:00 mix, 13:00-16:00 dam<br>S\u00f6ndag 1\/3&nbsp; &nbsp; &nbsp; &nbsp;10:00-13:00 dam, 13:00-16:00 mix<br>S\u00f6ndag 8\/3&nbsp; &nbsp; &nbsp; &nbsp;10:00-13:00 mix, 13:00-16:00 dam<br>S\u00f6ndag 15\/3&nbsp; &nbsp; &nbsp;10:00-13:00 dam, 13:00-16:00 mix<br>S\u00f6ndag 22\/3&nbsp; &nbsp; 10:00-13:00 mix, 13:00-16:00 dam<br>S\u00f6ndag 29\/3&nbsp; &nbsp; 10:00-13:00 dam, 13:00-16:00 mix<\/p>\n\n\n\n<p><strong>Fr\u00e5n och med 1\/4 hyrs bastun ut p\u00e5 s\u00f6ndagar enligt ordinarie tider:<\/strong><\/p>\n\n\n\n<figure class=\"wp-block-table\"><table class=\"has-fixed-layout\"><tbody><tr><td><strong>Pass<\/strong><\/td><td>Kl. 10.00-16.00<\/td><td>Kl. 16.00-22.00<\/td><\/tr><tr><td><strong>S\u00f6ndagar<\/strong><\/td><td>1 000:-<\/td><td>1 500:-<\/td><\/tr><\/tbody><\/table><\/figure>\n\n\n\n<h3 class=\"wp-block-heading\"><strong>Anm\u00e4lan<\/strong><\/h3>\n\n\n\n<p>V\u00e4lkommen att bada drop in under \u00f6ppettiderna, ingen f\u00f6ranm\u00e4lan beh\u00f6vs. Vissa pass kan bli v\u00e4ldigt v\u00e4lbes\u00f6kta, v\u00e4nligen visa h\u00e4nsyn till varandra och hj\u00e4lps \u00e5t f\u00f6r att alla ska trivas. Vi vill helst slippa reglera antalet bes\u00f6kare, styra hur l\u00e4nge man f\u00e5r stanna eller p\u00e5 annat s\u00e4tt detaljstyra uppl\u00e4gget.<\/p>\n","protected":false},"excerpt":{"rendered":"<p>Kallbad, drop in Att bada kallbad har blivit en popul\u00e4r aktivitet i V\u00e4ster\u00e5s och det \u00e4r m\u00e5nga som \u00e4r nyfikna p\u00e5 att prova det. Men att beh\u00f6va byta om utomhus [&hellip;]<\/p>\n","protected":false},"author":83,"featured_media":73084,"parent":0,"menu_order":0,"comment_status":"closed","ping_status":"closed","template":"","meta":{"_acf_changed":false,"footnotes":""},"class_list":["post-95689","page","type-page","status-publish","has-post-thumbnail","hentry"],"acf":[],"yoast_head":"<!-- This site is optimized with the Yoast SEO plugin v23.0 - https:\/\/yoast.com\/wordpress\/plugins\/seo\/ -->\n<title>Kallbad, drop in - V\u00e4ster\u00e5s<\/title>\n<meta name=\"robots\" content=\"index, follow, max-snippet:-1, max-image-preview:large, max-video-preview:-1\" \/>\n<link rel=\"canonical\" href=\"https:\/\/aktivtuteliv.se\/vasteras\/kallbad-drop-in\/\" \/>\n<meta property=\"og:locale\" content=\"sv_SE\" \/>\n<meta property=\"og:type\" content=\"article\" \/>\n<meta property=\"og:title\" content=\"Kallbad, drop in - V\u00e4ster\u00e5s\" \/>\n<meta property=\"og:description\" content=\"Kallbad, drop in Att bada kallbad har blivit en popul\u00e4r aktivitet i V\u00e4ster\u00e5s och det \u00e4r m\u00e5nga som \u00e4r nyfikna p\u00e5 att prova det. Men att beh\u00f6va byta om utomhus [&hellip;]\" \/>\n<meta property=\"og:url\" content=\"https:\/\/aktivtuteliv.se\/vasteras\/kallbad-drop-in\/\" \/>\n<meta property=\"og:site_name\" content=\"V\u00e4ster\u00e5s\" \/>\n<meta property=\"article:publisher\" content=\"https:\/\/www.facebook.com\/aktivtutelivbjornogarden\" \/>\n<meta property=\"article:modified_time\" content=\"2026-02-13T12:39:27+00:00\" \/>\n<meta property=\"og:image\" content=\"https:\/\/aktivtuteliv.se\/vasteras\/wp-content\/uploads\/sites\/4\/2024\/08\/ice-dipping.jpg\" \/>\n\t<meta property=\"og:image:width\" content=\"2460\" \/>\n\t<meta property=\"og:image:height\" content=\"1811\" \/>\n\t<meta property=\"og:image:type\" content=\"image\/jpeg\" \/>\n<meta name=\"twitter:card\" content=\"summary_large_image\" \/>\n<meta name=\"twitter:site\" content=\"@aktivtuteliv\" \/>\n<meta name=\"twitter:label1\" content=\"Ber\u00e4knad l\u00e4stid\" \/>\n\t<meta name=\"twitter:data1\" content=\"4 minuter\" \/>\n<script type=\"application\/ld+json\" class=\"yoast-schema-graph\">{\"@context\":\"https:\/\/schema.org\",\"@graph\":[{\"@type\":\"WebPage\",\"@id\":\"https:\/\/aktivtuteliv.se\/vasteras\/kallbad-drop-in\/\",\"url\":\"https:\/\/aktivtuteliv.se\/vasteras\/kallbad-drop-in\/\",\"name\":\"Kallbad, drop in - V\u00e4ster\u00e5s\",\"isPartOf\":{\"@id\":\"https:\/\/aktivtuteliv.se\/vasteras\/#website\"},\"primaryImageOfPage\":{\"@id\":\"https:\/\/aktivtuteliv.se\/vasteras\/kallbad-drop-in\/#primaryimage\"},\"image\":{\"@id\":\"https:\/\/aktivtuteliv.se\/vasteras\/kallbad-drop-in\/#primaryimage\"},\"thumbnailUrl\":\"https:\/\/e5gp8rwuod7.exactdn.com\/vasteras\/wp-content\/uploads\/sites\/4\/2024\/08\/ice-dipping.jpg?strip=all&lossy=1&ssl=1\",\"datePublished\":\"2026-01-28T15:15:14+00:00\",\"dateModified\":\"2026-02-13T12:39:27+00:00\",\"breadcrumb\":{\"@id\":\"https:\/\/aktivtuteliv.se\/vasteras\/kallbad-drop-in\/#breadcrumb\"},\"inLanguage\":\"sv-SE\",\"potentialAction\":[{\"@type\":\"ReadAction\",\"target\":[\"https:\/\/aktivtuteliv.se\/vasteras\/kallbad-drop-in\/\"]}]},{\"@type\":\"ImageObject\",\"inLanguage\":\"sv-SE\",\"@id\":\"https:\/\/aktivtuteliv.se\/vasteras\/kallbad-drop-in\/#primaryimage\",\"url\":\"https:\/\/e5gp8rwuod7.exactdn.com\/vasteras\/wp-content\/uploads\/sites\/4\/2024\/08\/ice-dipping.jpg?strip=all&lossy=1&ssl=1\",\"contentUrl\":\"https:\/\/e5gp8rwuod7.exactdn.com\/vasteras\/wp-content\/uploads\/sites\/4\/2024\/08\/ice-dipping.jpg?strip=all&lossy=1&ssl=1\",\"width\":2460,\"height\":1811,\"caption\":\"ice dipping\"},{\"@type\":\"BreadcrumbList\",\"@id\":\"https:\/\/aktivtuteliv.se\/vasteras\/kallbad-drop-in\/#breadcrumb\",\"itemListElement\":[{\"@type\":\"ListItem\",\"position\":1,\"name\":\"Home\",\"item\":\"https:\/\/aktivtuteliv.se\/vasteras\/\"},{\"@type\":\"ListItem\",\"position\":2,\"name\":\"Kallbad, drop in\"}]},{\"@type\":\"WebSite\",\"@id\":\"https:\/\/aktivtuteliv.se\/vasteras\/#website\",\"url\":\"https:\/\/aktivtuteliv.se\/vasteras\/\",\"name\":\"Aktivt Uteliv Bj\u00f6rn\u00f6g\u00e5rden\",\"description\":\"Ett friluftscenter i V\u00e4ster\u00e5s\",\"publisher\":{\"@id\":\"https:\/\/aktivtuteliv.se\/vasteras\/#organization\"},\"potentialAction\":[{\"@type\":\"SearchAction\",\"target\":{\"@type\":\"EntryPoint\",\"urlTemplate\":\"https:\/\/aktivtuteliv.se\/vasteras\/?s={search_term_string}\"},\"query-input\":\"required name=search_term_string\"}],\"inLanguage\":\"sv-SE\"},{\"@type\":\"Organization\",\"@id\":\"https:\/\/aktivtuteliv.se\/vasteras\/#organization\",\"name\":\"Aktivt Uteliv Bj\u00f6rn\u00f6g\u00e5rden\",\"url\":\"https:\/\/aktivtuteliv.se\/vasteras\/\",\"logo\":{\"@type\":\"ImageObject\",\"inLanguage\":\"sv-SE\",\"@id\":\"https:\/\/aktivtuteliv.se\/vasteras\/#\/schema\/logo\/image\/\",\"url\":\"https:\/\/e5gp8rwuod7.exactdn.com\/vasteras\/wp-content\/uploads\/sites\/4\/2025\/01\/AUB-pms.png?strip=all&lossy=1&ssl=1\",\"contentUrl\":\"https:\/\/e5gp8rwuod7.exactdn.com\/vasteras\/wp-content\/uploads\/sites\/4\/2025\/01\/AUB-pms.png?strip=all&lossy=1&ssl=1\",\"width\":1894,\"height\":1165,\"caption\":\"Aktivt Uteliv Bj\u00f6rn\u00f6g\u00e5rden\"},\"image\":{\"@id\":\"https:\/\/aktivtuteliv.se\/vasteras\/#\/schema\/logo\/image\/\"},\"sameAs\":[\"https:\/\/www.facebook.com\/aktivtutelivbjornogarden\",\"https:\/\/x.com\/aktivtuteliv\",\"https:\/\/www.instagram.com\/aktivtuteliv_bjornogarden\"]}]}<\/script>\n<!-- \/ Yoast SEO plugin. -->","yoast_head_json":{"title":"Kallbad, drop in - V\u00e4ster\u00e5s","robots":{"index":"index","follow":"follow","max-snippet":"max-snippet:-1","max-image-preview":"max-image-preview:large","max-video-preview":"max-video-preview:-1"},"canonical":"https:\/\/aktivtuteliv.se\/vasteras\/kallbad-drop-in\/","og_locale":"sv_SE","og_type":"article","og_title":"Kallbad, drop in - V\u00e4ster\u00e5s","og_description":"Kallbad, drop in Att bada kallbad har blivit en popul\u00e4r aktivitet i V\u00e4ster\u00e5s och det \u00e4r m\u00e5nga som \u00e4r nyfikna p\u00e5 att prova det. Men att beh\u00f6va byta om utomhus [&hellip;]","og_url":"https:\/\/aktivtuteliv.se\/vasteras\/kallbad-drop-in\/","og_site_name":"V\u00e4ster\u00e5s","article_publisher":"https:\/\/www.facebook.com\/aktivtutelivbjornogarden","article_modified_time":"2026-02-13T12:39:27+00:00","og_image":[{"width":2460,"height":1811,"url":"https:\/\/aktivtuteliv.se\/vasteras\/wp-content\/uploads\/sites\/4\/2024\/08\/ice-dipping.jpg","type":"image\/jpeg"}],"twitter_card":"summary_large_image","twitter_site":"@aktivtuteliv","twitter_misc":{"Ber\u00e4knad l\u00e4stid":"4 minuter"},"schema":{"@context":"https:\/\/schema.org","@graph":[{"@type":"WebPage","@id":"https:\/\/aktivtuteliv.se\/vasteras\/kallbad-drop-in\/","url":"https:\/\/aktivtuteliv.se\/vasteras\/kallbad-drop-in\/","name":"Kallbad, drop in - V\u00e4ster\u00e5s","isPartOf":{"@id":"https:\/\/aktivtuteliv.se\/vasteras\/#website"},"primaryImageOfPage":{"@id":"https:\/\/aktivtuteliv.se\/vasteras\/kallbad-drop-in\/#primaryimage"},"image":{"@id":"https:\/\/aktivtuteliv.se\/vasteras\/kallbad-drop-in\/#primaryimage"},"thumbnailUrl":"https:\/\/e5gp8rwuod7.exactdn.com\/vasteras\/wp-content\/uploads\/sites\/4\/2024\/08\/ice-dipping.jpg?strip=all&lossy=1&ssl=1","datePublished":"2026-01-28T15:15:14+00:00","dateModified":"2026-02-13T12:39:27+00:00","breadcrumb":{"@id":"https:\/\/aktivtuteliv.se\/vasteras\/kallbad-drop-in\/#breadcrumb"},"inLanguage":"sv-SE","potentialAction":[{"@type":"ReadAction","target":["https:\/\/aktivtuteliv.se\/vasteras\/kallbad-drop-in\/"]}]},{"@type":"ImageObject","inLanguage":"sv-SE","@id":"https:\/\/aktivtuteliv.se\/vasteras\/kallbad-drop-in\/#primaryimage","url":"https:\/\/e5gp8rwuod7.exactdn.com\/vasteras\/wp-content\/uploads\/sites\/4\/2024\/08\/ice-dipping.jpg?strip=all&lossy=1&ssl=1","contentUrl":"https:\/\/e5gp8rwuod7.exactdn.com\/vasteras\/wp-content\/uploads\/sites\/4\/2024\/08\/ice-dipping.jpg?strip=all&lossy=1&ssl=1","width":2460,"height":1811,"caption":"ice dipping"},{"@type":"BreadcrumbList","@id":"https:\/\/aktivtuteliv.se\/vasteras\/kallbad-drop-in\/#breadcrumb","itemListElement":[{"@type":"ListItem","position":1,"name":"Home","item":"https:\/\/aktivtuteliv.se\/vasteras\/"},{"@type":"ListItem","position":2,"name":"Kallbad, drop in"}]},{"@type":"WebSite","@id":"https:\/\/aktivtuteliv.se\/vasteras\/#website","url":"https:\/\/aktivtuteliv.se\/vasteras\/","name":"Aktivt Uteliv Bj\u00f6rn\u00f6g\u00e5rden","description":"Ett friluftscenter i V\u00e4ster\u00e5s","publisher":{"@id":"https:\/\/aktivtuteliv.se\/vasteras\/#organization"},"potentialAction":[{"@type":"SearchAction","target":{"@type":"EntryPoint","urlTemplate":"https:\/\/aktivtuteliv.se\/vasteras\/?s={search_term_string}"},"query-input":"required name=search_term_string"}],"inLanguage":"sv-SE"},{"@type":"Organization","@id":"https:\/\/aktivtuteliv.se\/vasteras\/#organization","name":"Aktivt Uteliv Bj\u00f6rn\u00f6g\u00e5rden","url":"https:\/\/aktivtuteliv.se\/vasteras\/","logo":{"@type":"ImageObject","inLanguage":"sv-SE","@id":"https:\/\/aktivtuteliv.se\/vasteras\/#\/schema\/logo\/image\/","url":"https:\/\/e5gp8rwuod7.exactdn.com\/vasteras\/wp-content\/uploads\/sites\/4\/2025\/01\/AUB-pms.png?strip=all&lossy=1&ssl=1","contentUrl":"https:\/\/e5gp8rwuod7.exactdn.com\/vasteras\/wp-content\/uploads\/sites\/4\/2025\/01\/AUB-pms.png?strip=all&lossy=1&ssl=1","width":1894,"height":1165,"caption":"Aktivt Uteliv Bj\u00f6rn\u00f6g\u00e5rden"},"image":{"@id":"https:\/\/aktivtuteliv.se\/vasteras\/#\/schema\/logo\/image\/"},"sameAs":["https:\/\/www.facebook.com\/aktivtutelivbjornogarden","https:\/\/x.com\/aktivtuteliv","https:\/\/www.instagram.com\/aktivtuteliv_bjornogarden"]}]}},"_links":{"self":[{"href":"https:\/\/aktivtuteliv.se\/vasteras\/wp-json\/wp\/v2\/pages\/95689","targetHints":{"allow":["GET"]}}],"collection":[{"href":"https:\/\/aktivtuteliv.se\/vasteras\/wp-json\/wp\/v2\/pages"}],"about":[{"href":"https:\/\/aktivtuteliv.se\/vasteras\/wp-json\/wp\/v2\/types\/page"}],"author":[{"embeddable":true,"href":"https:\/\/aktivtuteliv.se\/vasteras\/wp-json\/wp\/v2\/users\/83"}],"replies":[{"embeddable":true,"href":"https:\/\/aktivtuteliv.se\/vasteras\/wp-json\/wp\/v2\/comments?post=95689"}],"version-history":[{"count":0,"href":"https:\/\/aktivtuteliv.se\/vasteras\/wp-json\/wp\/v2\/pages\/95689\/revisions"}],"wp:featuredmedia":[{"embeddable":true,"href":"https:\/\/aktivtuteliv.se\/vasteras\/wp-json\/wp\/v2\/media\/73084"}],"wp:attachment":[{"href":"https:\/\/aktivtuteliv.se\/vasteras\/wp-json\/wp\/v2\/media?parent=95689"}],"curies":[{"name":"wp","href":"https:\/\/api.w.org\/{rel}","templated":true}]}}