{"id":96662,"date":"2026-04-16T14:32:36","date_gmt":"2026-04-16T12:32:36","guid":{"rendered":"https:\/\/aktivtuteliv.se\/vasteras\/?page_id=96662"},"modified":"2026-04-16T14:32:37","modified_gmt":"2026-04-16T12:32:37","slug":"kajaktest","status":"publish","type":"page","link":"https:\/\/aktivtuteliv.se\/vasteras\/kajaktest\/","title":{"rendered":"Kajaktest f\u00f6r dig som vill k\u00f6pa kajak"},"content":{"rendered":"\n<h2 class=\"wp-block-heading\"><strong>Testa kajaken innan du k\u00f6per den<\/strong><\/h2>\n\n\n\n<p>Att k\u00f6pa kajak \u00e4r en investering som p\u00e5verkar din paddelupplevelse i m\u00e5nga \u00e5r fram\u00f6ver. D\u00e4rf\u00f6r rekommenderar vi alltid att du testar och j\u00e4mf\u00f6r olika modeller innan du best\u00e4mmer dig. Skillnader i stabilitet, fart, sittkomfort och k\u00e4nsla \u00e4r stora \u2013 och det som passar n\u00e5gon annan \u00e4r inte alltid r\u00e4tt f\u00f6r dig.<\/p>\n\n\n\n<p>Hos oss p\u00e5 Bj\u00f6rn\u00f6g\u00e5rden har du m\u00f6jlighet att provpaddla kajaker under hela s\u00e4songen, s\u00e5 l\u00e4nge vi har \u00f6ppet vatten. Vi har \u00f6ppet alla dagar i veckan \u00e5ret runt och v\u00e4lkomnar dig som vill ta ett genomt\u00e4nkt beslut inf\u00f6r ditt k\u00f6p.<\/p>\n\n\n\n<div class=\"wp-block-buttons is-layout-flex wp-block-buttons-is-layout-flex\">\n<div class=\"wp-block-button\"><a class=\"wp-block-button__link wp-element-button\" href=\"#formular\">Boka kajaktest<\/a><\/div>\n<\/div>\n\n\n\n<div style=\"height:30px\" aria-hidden=\"true\" class=\"wp-block-spacer\"><\/div>\n\n\n\n<figure class=\"wp-block-gallery has-nested-images columns-default is-cropped wp-block-gallery-1 is-layout-flex wp-block-gallery-is-layout-flex\">\n<figure class=\"wp-block-image size-large\"><img loading=\"lazy\" decoding=\"async\" width=\"1024\" height=\"684\" data-id=\"96667\" src=\"https:\/\/e5gp8rwuod7.exactdn.com\/vasteras\/wp-content\/uploads\/sites\/4\/2026\/04\/bjornogarden_drone-1024x684.jpg?strip=all&lossy=1&ssl=1\" alt=\"\" class=\"wp-image-96667\" srcset=\"https:\/\/e5gp8rwuod7.exactdn.com\/vasteras\/wp-content\/uploads\/sites\/4\/2026\/04\/bjornogarden_drone-1024x684.jpg?strip=all&amp;lossy=1&amp;ssl=1 1024w, https:\/\/e5gp8rwuod7.exactdn.com\/vasteras\/wp-content\/uploads\/sites\/4\/2026\/04\/bjornogarden_drone-300x200.jpg?strip=all&amp;lossy=1&amp;ssl=1 300w, https:\/\/e5gp8rwuod7.exactdn.com\/vasteras\/wp-content\/uploads\/sites\/4\/2026\/04\/bjornogarden_drone-768x513.jpg?strip=all&amp;lossy=1&amp;ssl=1 768w, https:\/\/e5gp8rwuod7.exactdn.com\/vasteras\/wp-content\/uploads\/sites\/4\/2026\/04\/bjornogarden_drone-1536x1025.jpg?strip=all&amp;lossy=1&amp;ssl=1 1536w, https:\/\/e5gp8rwuod7.exactdn.com\/vasteras\/wp-content\/uploads\/sites\/4\/2026\/04\/bjornogarden_drone-2048x1367.jpg?strip=all&amp;lossy=1&amp;ssl=1 2048w, https:\/\/e5gp8rwuod7.exactdn.com\/vasteras\/wp-content\/uploads\/sites\/4\/2026\/04\/bjornogarden_drone-527x352.jpg?strip=all&amp;lossy=1&amp;ssl=1 527w, https:\/\/e5gp8rwuod7.exactdn.com\/vasteras\/wp-content\/uploads\/sites\/4\/2026\/04\/bjornogarden_drone-360x240.jpg?strip=all&amp;lossy=1&amp;ssl=1 360w, https:\/\/e5gp8rwuod7.exactdn.com\/vasteras\/wp-content\/uploads\/sites\/4\/2026\/04\/bjornogarden_drone-1920x1282.jpg?strip=all&amp;lossy=1&amp;ssl=1 1920w, https:\/\/e5gp8rwuod7.exactdn.com\/vasteras\/wp-content\/uploads\/sites\/4\/2026\/04\/bjornogarden_drone-600x401.jpg?strip=all&amp;lossy=1&amp;ssl=1 600w, https:\/\/e5gp8rwuod7.exactdn.com\/vasteras\/wp-content\/uploads\/sites\/4\/2026\/04\/bjornogarden_drone.jpg?strip=all&amp;lossy=1&amp;w=1152&amp;ssl=1 1152w\" sizes=\"auto, (max-width: 1024px) 100vw, 1024px\" \/><\/figure>\n\n\n\n<figure class=\"wp-block-image size-large\"><img loading=\"lazy\" decoding=\"async\" width=\"1024\" height=\"768\" data-id=\"96666\" src=\"https:\/\/e5gp8rwuod7.exactdn.com\/vasteras\/wp-content\/uploads\/sites\/4\/2026\/04\/2025-08-19-11.08.10-1024x768.jpg?strip=all&lossy=1&ssl=1\" alt=\"\" class=\"wp-image-96666\" srcset=\"https:\/\/e5gp8rwuod7.exactdn.com\/vasteras\/wp-content\/uploads\/sites\/4\/2026\/04\/2025-08-19-11.08.10-1024x768.jpg?strip=all&amp;lossy=1&amp;ssl=1 1024w, https:\/\/e5gp8rwuod7.exactdn.com\/vasteras\/wp-content\/uploads\/sites\/4\/2026\/04\/2025-08-19-11.08.10-300x225.jpg?strip=all&amp;lossy=1&amp;ssl=1 300w, https:\/\/e5gp8rwuod7.exactdn.com\/vasteras\/wp-content\/uploads\/sites\/4\/2026\/04\/2025-08-19-11.08.10-768x576.jpg?strip=all&amp;lossy=1&amp;ssl=1 768w, https:\/\/e5gp8rwuod7.exactdn.com\/vasteras\/wp-content\/uploads\/sites\/4\/2026\/04\/2025-08-19-11.08.10-1536x1152.jpg?strip=all&amp;lossy=1&amp;ssl=1 1536w, https:\/\/e5gp8rwuod7.exactdn.com\/vasteras\/wp-content\/uploads\/sites\/4\/2026\/04\/2025-08-19-11.08.10-2048x1536.jpg?strip=all&amp;lossy=1&amp;ssl=1 2048w, https:\/\/e5gp8rwuod7.exactdn.com\/vasteras\/wp-content\/uploads\/sites\/4\/2026\/04\/2025-08-19-11.08.10-469x352.jpg?strip=all&amp;lossy=1&amp;ssl=1 469w, https:\/\/e5gp8rwuod7.exactdn.com\/vasteras\/wp-content\/uploads\/sites\/4\/2026\/04\/2025-08-19-11.08.10-320x240.jpg?strip=all&amp;lossy=1&amp;ssl=1 320w, https:\/\/e5gp8rwuod7.exactdn.com\/vasteras\/wp-content\/uploads\/sites\/4\/2026\/04\/2025-08-19-11.08.10-1920x1440.jpg?strip=all&amp;lossy=1&amp;ssl=1 1920w, https:\/\/e5gp8rwuod7.exactdn.com\/vasteras\/wp-content\/uploads\/sites\/4\/2026\/04\/2025-08-19-11.08.10-600x450.jpg?strip=all&amp;lossy=1&amp;ssl=1 600w, https:\/\/e5gp8rwuod7.exactdn.com\/vasteras\/wp-content\/uploads\/sites\/4\/2026\/04\/2025-08-19-11.08.10.jpg?strip=all&amp;lossy=1&amp;w=384&amp;ssl=1 384w, https:\/\/e5gp8rwuod7.exactdn.com\/vasteras\/wp-content\/uploads\/sites\/4\/2026\/04\/2025-08-19-11.08.10.jpg?strip=all&amp;lossy=1&amp;w=1152&amp;ssl=1 1152w\" sizes=\"auto, (max-width: 1024px) 100vw, 1024px\" \/><\/figure>\n\n\n\n<figure class=\"wp-block-image size-large\"><img loading=\"lazy\" decoding=\"async\" width=\"1024\" height=\"768\" data-id=\"96665\" src=\"https:\/\/e5gp8rwuod7.exactdn.com\/vasteras\/wp-content\/uploads\/sites\/4\/2026\/04\/2023-05-27-10.41.19-1024x768.jpg?strip=all&lossy=1&ssl=1\" alt=\"\" class=\"wp-image-96665\" srcset=\"https:\/\/e5gp8rwuod7.exactdn.com\/vasteras\/wp-content\/uploads\/sites\/4\/2026\/04\/2023-05-27-10.41.19-1024x768.jpg?strip=all&amp;lossy=1&amp;ssl=1 1024w, https:\/\/e5gp8rwuod7.exactdn.com\/vasteras\/wp-content\/uploads\/sites\/4\/2026\/04\/2023-05-27-10.41.19-300x225.jpg?strip=all&amp;lossy=1&amp;ssl=1 300w, https:\/\/e5gp8rwuod7.exactdn.com\/vasteras\/wp-content\/uploads\/sites\/4\/2026\/04\/2023-05-27-10.41.19-768x576.jpg?strip=all&amp;lossy=1&amp;ssl=1 768w, https:\/\/e5gp8rwuod7.exactdn.com\/vasteras\/wp-content\/uploads\/sites\/4\/2026\/04\/2023-05-27-10.41.19-1536x1152.jpg?strip=all&amp;lossy=1&amp;ssl=1 1536w, https:\/\/e5gp8rwuod7.exactdn.com\/vasteras\/wp-content\/uploads\/sites\/4\/2026\/04\/2023-05-27-10.41.19-2048x1536.jpg?strip=all&amp;lossy=1&amp;ssl=1 2048w, https:\/\/e5gp8rwuod7.exactdn.com\/vasteras\/wp-content\/uploads\/sites\/4\/2026\/04\/2023-05-27-10.41.19-469x352.jpg?strip=all&amp;lossy=1&amp;ssl=1 469w, https:\/\/e5gp8rwuod7.exactdn.com\/vasteras\/wp-content\/uploads\/sites\/4\/2026\/04\/2023-05-27-10.41.19-320x240.jpg?strip=all&amp;lossy=1&amp;ssl=1 320w, https:\/\/e5gp8rwuod7.exactdn.com\/vasteras\/wp-content\/uploads\/sites\/4\/2026\/04\/2023-05-27-10.41.19-1920x1440.jpg?strip=all&amp;lossy=1&amp;ssl=1 1920w, https:\/\/e5gp8rwuod7.exactdn.com\/vasteras\/wp-content\/uploads\/sites\/4\/2026\/04\/2023-05-27-10.41.19-600x450.jpg?strip=all&amp;lossy=1&amp;ssl=1 600w, https:\/\/e5gp8rwuod7.exactdn.com\/vasteras\/wp-content\/uploads\/sites\/4\/2026\/04\/2023-05-27-10.41.19-scaled.jpg?strip=all&amp;lossy=1&amp;w=384&amp;ssl=1 384w, https:\/\/e5gp8rwuod7.exactdn.com\/vasteras\/wp-content\/uploads\/sites\/4\/2026\/04\/2023-05-27-10.41.19-scaled.jpg?strip=all&amp;lossy=1&amp;w=1152&amp;ssl=1 1152w\" sizes=\"auto, (max-width: 1024px) 100vw, 1024px\" \/><\/figure>\n\n\n\n<figure class=\"wp-block-image size-large\"><img loading=\"lazy\" decoding=\"async\" width=\"1024\" height=\"716\" data-id=\"96664\" src=\"https:\/\/e5gp8rwuod7.exactdn.com\/vasteras\/wp-content\/uploads\/sites\/4\/2026\/04\/unplugged_indept-1024x716.jpg?strip=all&lossy=1&ssl=1\" alt=\"\" class=\"wp-image-96664\" srcset=\"https:\/\/e5gp8rwuod7.exactdn.com\/vasteras\/wp-content\/uploads\/sites\/4\/2026\/04\/unplugged_indept-1024x716.jpg?strip=all&amp;lossy=1&amp;ssl=1 1024w, https:\/\/e5gp8rwuod7.exactdn.com\/vasteras\/wp-content\/uploads\/sites\/4\/2026\/04\/unplugged_indept-300x210.jpg?strip=all&amp;lossy=1&amp;ssl=1 300w, https:\/\/e5gp8rwuod7.exactdn.com\/vasteras\/wp-content\/uploads\/sites\/4\/2026\/04\/unplugged_indept-768x537.jpg?strip=all&amp;lossy=1&amp;ssl=1 768w, https:\/\/e5gp8rwuod7.exactdn.com\/vasteras\/wp-content\/uploads\/sites\/4\/2026\/04\/unplugged_indept-1536x1074.jpg?strip=all&amp;lossy=1&amp;ssl=1 1536w, https:\/\/e5gp8rwuod7.exactdn.com\/vasteras\/wp-content\/uploads\/sites\/4\/2026\/04\/unplugged_indept-2048x1432.jpg?strip=all&amp;lossy=1&amp;ssl=1 2048w, https:\/\/e5gp8rwuod7.exactdn.com\/vasteras\/wp-content\/uploads\/sites\/4\/2026\/04\/unplugged_indept-503x352.jpg?strip=all&amp;lossy=1&amp;ssl=1 503w, https:\/\/e5gp8rwuod7.exactdn.com\/vasteras\/wp-content\/uploads\/sites\/4\/2026\/04\/unplugged_indept-343x240.jpg?strip=all&amp;lossy=1&amp;ssl=1 343w, https:\/\/e5gp8rwuod7.exactdn.com\/vasteras\/wp-content\/uploads\/sites\/4\/2026\/04\/unplugged_indept-1920x1343.jpg?strip=all&amp;lossy=1&amp;ssl=1 1920w, https:\/\/e5gp8rwuod7.exactdn.com\/vasteras\/wp-content\/uploads\/sites\/4\/2026\/04\/unplugged_indept-600x420.jpg?strip=all&amp;lossy=1&amp;ssl=1 600w, https:\/\/e5gp8rwuod7.exactdn.com\/vasteras\/wp-content\/uploads\/sites\/4\/2026\/04\/unplugged_indept.jpg?strip=all&amp;lossy=1&amp;w=1152&amp;ssl=1 1152w\" sizes=\"auto, (max-width: 1024px) 100vw, 1024px\" \/><\/figure>\n<\/figure>\n\n\n\n<h3 class=\"wp-block-heading\"><strong>Boka din provpaddling \u2013 f\u00e5 hj\u00e4lp p\u00e5 riktigt<\/strong><\/h3>\n\n\n\n<p>Till skillnad fr\u00e5n v\u00e5ra tidigare \u00f6ppna kajaktester arbetar vi nu med bokade provpaddlingar. Det inneb\u00e4r att du i lugn och ro f\u00e5r testa utvalda modeller med hj\u00e4lp av en av v\u00e5ra kunniga instrukt\u00f6rer \u2013 lite som en personlig kajakr\u00e5dgivning.<\/p>\n\n\n\n<p>Vi rekommenderar att du skickar in en f\u00f6rfr\u00e5gan via formul\u00e4ret nedan och ber\u00e4ttar vilka kajaker du \u00e4r intresserad av och n\u00e4r du vill komma. D\u00e5 kan vi:<\/p>\n\n\n\n<ul class=\"wp-block-list\">\n<li>se till att vi har personal redo att hj\u00e4lpa dig under ditt bes\u00f6k<\/li>\n\n\n\n<li>s\u00e4kerst\u00e4lla att r\u00e4tt modeller finns tillg\u00e4ngliga<\/li>\n\n\n\n<li>f\u00f6rbereda utrustningen f\u00f6r att ge dig b\u00e4sta m\u00f6jliga service<\/li>\n<\/ul>\n\n\n\n<p>F\u00f6ranm\u00e4lan ger helt enkelt en b\u00e4ttre upplevelse och st\u00f6rre chans att du hittar r\u00e4tt kajak direkt.<\/p>\n\n\n\n<h3 class=\"wp-block-heading\"><strong>S\u00e5 g\u00e5r det till<\/strong><\/h3>\n\n\n\n<p>Du bokar en tid som passar dig, kommer hit till v\u00e5ra bryggor nedanf\u00f6r Bj\u00f6rn\u00f6g\u00e5rden och f\u00e5r hj\u00e4lp att prova ut kajakerna. Flytv\u00e4st, paddel och kapell finns att l\u00e5na p\u00e5 plats. Under provpaddlingen f\u00e5r du m\u00f6jlighet att j\u00e4mf\u00f6ra modeller och st\u00e4lla fr\u00e5gor till v\u00e5ra instrukt\u00f6rer.<\/p>\n\n\n\n<h3 class=\"wp-block-heading\"><strong>Kajaker<\/strong><\/h3>\n\n\n\n<p>De kajakmodeller som finnas tillg\u00e4ngliga att testa \u00e4r:<br><a href=\"https:\/\/aktivtuteliv.se\/vasteras\/produkt\/design-kayaks-unplugged\/\">DesignKayaks Unplugged<\/a> (Regular och Large)<br><a href=\"https:\/\/aktivtuteliv.se\/vasteras\/produkt\/design-kayaks-endless\/\">DesignKayaks Endless<\/a> (Regular och Large)<br><a href=\"https:\/\/aktivtuteliv.se\/vasteras\/produkt\/design-kayaks-awsome\/\">DesignKayaks Awesome<\/a><br><a href=\"https:\/\/aktivtuteliv.se\/vasteras\/produkt\/design-kayaks-x-carbonology-surfski\/\">DesignKayaks Breez PE Surfski<\/a><br><a href=\"https:\/\/aktivtuteliv.se\/vasteras\/produkt\/norse-freyja-2\/\">Norse Freyja<\/a><br>Norse Duva<br><a href=\"https:\/\/aktivtuteliv.se\/vasteras\/produkt\/wk-540-expedition\/\">WK540 Expedition<\/a><br>Prijon Touryak 500<br><a href=\"https:\/\/aktivtuteliv.se\/vasteras\/produkt\/prijon-grizzly\/\">Prijon Grizzly<\/a><br><a href=\"https:\/\/aktivtuteliv.se\/vasteras\/produkt\/prijon-seayak-500\/\">Prijon Seayak 500<\/a><br>Prijon Marlin LV<br>Prijon Marlin HV<\/p>\n\n\n\n<h3 class=\"wp-block-heading\"><strong>Allt f\u00f6r paddling \u2013 p\u00e5 ett st\u00e4lle<\/strong><\/h3>\n\n\n\n<p id=\"formular\">I v\u00e5r sport- och friluftsbutik hittar du ett brett sortiment av kajaker fr\u00e5n noggrant utvalda leverant\u00f6rer, tillsammans med paddlar, kl\u00e4der och tillbeh\u00f6r. H\u00e4r f\u00e5r du hj\u00e4lp av personal som sj\u00e4lva paddlar och vet vad de pratar om.<\/p>\n\n\n\n<h3>Kajaktest med \u00f6vernattning<\/h3>\n<p>M\u00e5nga av v\u00e5ra kajakkunder reser l\u00e5ngv\u00e4ga f\u00f6r att bes\u00f6ka oss. F\u00f6r att underl\u00e4tta f\u00f6r dig som har l\u00e5ngt att k\u00f6ra till oss rekommenderar vi att du stannar \u00f6ver natten och bor kvar i v\u00e5r stugby. D\u00e5 kan du testa kajaker i lugn och ro och sedan sova p\u00e5 saken.<\/p>\n\n<br>\n<details>\n<summary style=\"cursor: pointer;background-color: #f57c00;color: white;padding: 10px;border: none;border-radius: 5px;font-weight: bold;text-align: center;max-width: 150px;margin-bottom:1rem\">\n<b>L\u00e4s mer<\/b>\n<\/summary>\n<br>\n<p>M\u00e5nga av v\u00e5ra kajakkunder \u00e5ker l\u00e5ngv\u00e4ga, fr\u00e5n t.ex. G\u00f6teborg, J\u00f6nk\u00f6ping, Sunne, \u00d6stersund, f\u00f6r att ha m\u00f6jligheten att testa och k\u00f6pa kajaker hos oss. Ibland upplever vi att de kan k\u00e4nna en viss stress \u00f6ver att hinna med b\u00e5de att resa, ta sig tid att testa kajaker och fatta ett k\u00f6pbeslut p\u00e5 en dag. D\u00e4r i mellan ska det dessutom hinnas med att \u00e4ta lunch. Att k\u00f6pa kajak \u00e4r f\u00f6r de flesta en stor investering och d\u00e4rf\u00f6r \u00e4r viktigt att det f\u00e5r ta tid s\u00e5 att det blir r\u00e4tt.\n<br><br>\nF\u00f6r att underl\u00e4tta f\u00f6r dig som har l\u00e5ngt att k\u00f6ra till oss rekommenderar vi d\u00e4rf\u00f6r att du stannar \u00f6ver natten och bor kvar i v\u00e5r stugby. D\u00e5 kan du testa kajaker i lugn och ro och sedan sova p\u00e5 saken.\n<br><br>\nStughyran f\u00e5r du tillbaka om du k\u00f6per en ny kajak av oss. V\u00e5r stugby ligger 300 meter fr\u00e5n kajakbutiken p\u00e5 Bj\u00f6rn\u00f6g\u00e5rden och har sj\u00e4lvhush\u00e5llning. P\u00e5 Bj\u00f6rn\u00f6g\u00e5rden, sj\u00e4lva friluftscentret, finns det dessutom ett caf\u00e9 med lunchm\u00f6jligheter.\n<br><br>\nEn \u00f6vernattning ger dig dessutom tid att hyra den kajak du funderar p\u00e5 att k\u00f6pa f\u00f6r att ta den p\u00e5 en l\u00e4ngre tur (\u00e4ven kajakhyran f\u00e5r du tillbaka vid ett kajakk\u00f6p). Tryggare \u00e4n s\u00e5 kan inte ett kajakk\u00f6p bli!\n<br><br>\nSkriv i meddelandef\u00e4ltet i anm\u00e4lningsformul\u00e4ret h\u00e4r under om du \u00f6nskar hyra en stuga och hur m\u00e5nga s\u00e4ngplatser du beh\u00f6ver. V\u00e4lkommen!<\/p>\n\n\n\n\n<\/details>\n","protected":false},"excerpt":{"rendered":"<p>Testa kajaken innan du k\u00f6per den Att k\u00f6pa kajak \u00e4r en investering som p\u00e5verkar din paddelupplevelse i m\u00e5nga \u00e5r fram\u00f6ver. D\u00e4rf\u00f6r rekommenderar vi alltid att du testar och j\u00e4mf\u00f6r olika [&hellip;]<\/p>\n","protected":false},"author":83,"featured_media":96663,"parent":0,"menu_order":0,"comment_status":"closed","ping_status":"closed","template":"","meta":{"_acf_changed":true,"footnotes":""},"class_list":["post-96662","page","type-page","status-publish","has-post-thumbnail","hentry"],"acf":[],"yoast_head":"<!-- This site is optimized with the Yoast SEO plugin v23.0 - https:\/\/yoast.com\/wordpress\/plugins\/seo\/ -->\n<title>Kajaktest f\u00f6r dig som vill k\u00f6pa kajak - V\u00e4ster\u00e5s<\/title>\n<meta name=\"description\" content=\"Testa kajak innan du k\u00f6per. Hos oss p\u00e5 Bj\u00f6rn\u00f6g\u00e5rden kan du boka provpaddling och f\u00e5 personlig hj\u00e4lp att hitta r\u00e4tt havskajak.\" \/>\n<meta name=\"robots\" content=\"index, follow, max-snippet:-1, max-image-preview:large, max-video-preview:-1\" \/>\n<link rel=\"canonical\" href=\"https:\/\/aktivtuteliv.se\/vasteras\/kajaktest\/\" \/>\n<meta property=\"og:locale\" content=\"sv_SE\" \/>\n<meta property=\"og:type\" content=\"article\" \/>\n<meta property=\"og:title\" content=\"Kajaktest f\u00f6r dig som vill k\u00f6pa kajak - V\u00e4ster\u00e5s\" \/>\n<meta property=\"og:description\" content=\"Testa kajak innan du k\u00f6per. Hos oss p\u00e5 Bj\u00f6rn\u00f6g\u00e5rden kan du boka provpaddling och f\u00e5 personlig hj\u00e4lp att hitta r\u00e4tt havskajak.\" \/>\n<meta property=\"og:url\" content=\"https:\/\/aktivtuteliv.se\/vasteras\/kajaktest\/\" \/>\n<meta property=\"og:site_name\" content=\"V\u00e4ster\u00e5s\" \/>\n<meta property=\"article:publisher\" content=\"https:\/\/www.facebook.com\/aktivtutelivbjornogarden\" \/>\n<meta property=\"article:modified_time\" content=\"2026-04-16T12:32:37+00:00\" \/>\n<meta property=\"og:image\" content=\"https:\/\/aktivtuteliv.se\/vasteras\/wp-content\/uploads\/sites\/4\/2026\/04\/herobanner_kajaktest.jpg\" \/>\n\t<meta property=\"og:image:width\" content=\"1920\" \/>\n\t<meta property=\"og:image:height\" content=\"1080\" \/>\n\t<meta property=\"og:image:type\" content=\"image\/jpeg\" \/>\n<meta name=\"twitter:card\" content=\"summary_large_image\" \/>\n<meta name=\"twitter:site\" content=\"@aktivtuteliv\" \/>\n<meta name=\"twitter:label1\" content=\"Ber\u00e4knad l\u00e4stid\" \/>\n\t<meta name=\"twitter:data1\" content=\"5 minuter\" \/>\n<script type=\"application\/ld+json\" class=\"yoast-schema-graph\">{\"@context\":\"https:\/\/schema.org\",\"@graph\":[{\"@type\":\"WebPage\",\"@id\":\"https:\/\/aktivtuteliv.se\/vasteras\/kajaktest\/\",\"url\":\"https:\/\/aktivtuteliv.se\/vasteras\/kajaktest\/\",\"name\":\"Kajaktest f\u00f6r dig som vill k\u00f6pa kajak - V\u00e4ster\u00e5s\",\"isPartOf\":{\"@id\":\"https:\/\/aktivtuteliv.se\/vasteras\/#website\"},\"primaryImageOfPage\":{\"@id\":\"https:\/\/aktivtuteliv.se\/vasteras\/kajaktest\/#primaryimage\"},\"image\":{\"@id\":\"https:\/\/aktivtuteliv.se\/vasteras\/kajaktest\/#primaryimage\"},\"thumbnailUrl\":\"https:\/\/e5gp8rwuod7.exactdn.com\/vasteras\/wp-content\/uploads\/sites\/4\/2026\/04\/herobanner_kajaktest.jpg?strip=all&lossy=1&ssl=1\",\"datePublished\":\"2026-04-16T12:32:36+00:00\",\"dateModified\":\"2026-04-16T12:32:37+00:00\",\"description\":\"Testa kajak innan du k\u00f6per. Hos oss p\u00e5 Bj\u00f6rn\u00f6g\u00e5rden kan du boka provpaddling och f\u00e5 personlig hj\u00e4lp att hitta r\u00e4tt havskajak.\",\"breadcrumb\":{\"@id\":\"https:\/\/aktivtuteliv.se\/vasteras\/kajaktest\/#breadcrumb\"},\"inLanguage\":\"sv-SE\",\"potentialAction\":[{\"@type\":\"ReadAction\",\"target\":[\"https:\/\/aktivtuteliv.se\/vasteras\/kajaktest\/\"]}]},{\"@type\":\"ImageObject\",\"inLanguage\":\"sv-SE\",\"@id\":\"https:\/\/aktivtuteliv.se\/vasteras\/kajaktest\/#primaryimage\",\"url\":\"https:\/\/e5gp8rwuod7.exactdn.com\/vasteras\/wp-content\/uploads\/sites\/4\/2026\/04\/herobanner_kajaktest.jpg?strip=all&lossy=1&ssl=1\",\"contentUrl\":\"https:\/\/e5gp8rwuod7.exactdn.com\/vasteras\/wp-content\/uploads\/sites\/4\/2026\/04\/herobanner_kajaktest.jpg?strip=all&lossy=1&ssl=1\",\"width\":1920,\"height\":1080},{\"@type\":\"BreadcrumbList\",\"@id\":\"https:\/\/aktivtuteliv.se\/vasteras\/kajaktest\/#breadcrumb\",\"itemListElement\":[{\"@type\":\"ListItem\",\"position\":1,\"name\":\"Home\",\"item\":\"https:\/\/aktivtuteliv.se\/vasteras\/\"},{\"@type\":\"ListItem\",\"position\":2,\"name\":\"Kajaktest f\u00f6r dig som vill k\u00f6pa kajak\"}]},{\"@type\":\"WebSite\",\"@id\":\"https:\/\/aktivtuteliv.se\/vasteras\/#website\",\"url\":\"https:\/\/aktivtuteliv.se\/vasteras\/\",\"name\":\"Aktivt Uteliv Bj\u00f6rn\u00f6g\u00e5rden\",\"description\":\"Ett friluftscenter i V\u00e4ster\u00e5s\",\"publisher\":{\"@id\":\"https:\/\/aktivtuteliv.se\/vasteras\/#organization\"},\"potentialAction\":[{\"@type\":\"SearchAction\",\"target\":{\"@type\":\"EntryPoint\",\"urlTemplate\":\"https:\/\/aktivtuteliv.se\/vasteras\/?s={search_term_string}\"},\"query-input\":\"required name=search_term_string\"}],\"inLanguage\":\"sv-SE\"},{\"@type\":\"Organization\",\"@id\":\"https:\/\/aktivtuteliv.se\/vasteras\/#organization\",\"name\":\"Aktivt Uteliv Bj\u00f6rn\u00f6g\u00e5rden\",\"url\":\"https:\/\/aktivtuteliv.se\/vasteras\/\",\"logo\":{\"@type\":\"ImageObject\",\"inLanguage\":\"sv-SE\",\"@id\":\"https:\/\/aktivtuteliv.se\/vasteras\/#\/schema\/logo\/image\/\",\"url\":\"https:\/\/e5gp8rwuod7.exactdn.com\/vasteras\/wp-content\/uploads\/sites\/4\/2025\/01\/AUB-pms.png?strip=all&lossy=1&ssl=1\",\"contentUrl\":\"https:\/\/e5gp8rwuod7.exactdn.com\/vasteras\/wp-content\/uploads\/sites\/4\/2025\/01\/AUB-pms.png?strip=all&lossy=1&ssl=1\",\"width\":1894,\"height\":1165,\"caption\":\"Aktivt Uteliv Bj\u00f6rn\u00f6g\u00e5rden\"},\"image\":{\"@id\":\"https:\/\/aktivtuteliv.se\/vasteras\/#\/schema\/logo\/image\/\"},\"sameAs\":[\"https:\/\/www.facebook.com\/aktivtutelivbjornogarden\",\"https:\/\/x.com\/aktivtuteliv\",\"https:\/\/www.instagram.com\/aktivtuteliv_bjornogarden\"]}]}<\/script>\n<!-- \/ Yoast SEO plugin. -->","yoast_head_json":{"title":"Kajaktest f\u00f6r dig som vill k\u00f6pa kajak - V\u00e4ster\u00e5s","description":"Testa kajak innan du k\u00f6per. Hos oss p\u00e5 Bj\u00f6rn\u00f6g\u00e5rden kan du boka provpaddling och f\u00e5 personlig hj\u00e4lp att hitta r\u00e4tt havskajak.","robots":{"index":"index","follow":"follow","max-snippet":"max-snippet:-1","max-image-preview":"max-image-preview:large","max-video-preview":"max-video-preview:-1"},"canonical":"https:\/\/aktivtuteliv.se\/vasteras\/kajaktest\/","og_locale":"sv_SE","og_type":"article","og_title":"Kajaktest f\u00f6r dig som vill k\u00f6pa kajak - V\u00e4ster\u00e5s","og_description":"Testa kajak innan du k\u00f6per. Hos oss p\u00e5 Bj\u00f6rn\u00f6g\u00e5rden kan du boka provpaddling och f\u00e5 personlig hj\u00e4lp att hitta r\u00e4tt havskajak.","og_url":"https:\/\/aktivtuteliv.se\/vasteras\/kajaktest\/","og_site_name":"V\u00e4ster\u00e5s","article_publisher":"https:\/\/www.facebook.com\/aktivtutelivbjornogarden","article_modified_time":"2026-04-16T12:32:37+00:00","og_image":[{"width":1920,"height":1080,"url":"https:\/\/aktivtuteliv.se\/vasteras\/wp-content\/uploads\/sites\/4\/2026\/04\/herobanner_kajaktest.jpg","type":"image\/jpeg"}],"twitter_card":"summary_large_image","twitter_site":"@aktivtuteliv","twitter_misc":{"Ber\u00e4knad l\u00e4stid":"5 minuter"},"schema":{"@context":"https:\/\/schema.org","@graph":[{"@type":"WebPage","@id":"https:\/\/aktivtuteliv.se\/vasteras\/kajaktest\/","url":"https:\/\/aktivtuteliv.se\/vasteras\/kajaktest\/","name":"Kajaktest f\u00f6r dig som vill k\u00f6pa kajak - V\u00e4ster\u00e5s","isPartOf":{"@id":"https:\/\/aktivtuteliv.se\/vasteras\/#website"},"primaryImageOfPage":{"@id":"https:\/\/aktivtuteliv.se\/vasteras\/kajaktest\/#primaryimage"},"image":{"@id":"https:\/\/aktivtuteliv.se\/vasteras\/kajaktest\/#primaryimage"},"thumbnailUrl":"https:\/\/e5gp8rwuod7.exactdn.com\/vasteras\/wp-content\/uploads\/sites\/4\/2026\/04\/herobanner_kajaktest.jpg?strip=all&lossy=1&ssl=1","datePublished":"2026-04-16T12:32:36+00:00","dateModified":"2026-04-16T12:32:37+00:00","description":"Testa kajak innan du k\u00f6per. Hos oss p\u00e5 Bj\u00f6rn\u00f6g\u00e5rden kan du boka provpaddling och f\u00e5 personlig hj\u00e4lp att hitta r\u00e4tt havskajak.","breadcrumb":{"@id":"https:\/\/aktivtuteliv.se\/vasteras\/kajaktest\/#breadcrumb"},"inLanguage":"sv-SE","potentialAction":[{"@type":"ReadAction","target":["https:\/\/aktivtuteliv.se\/vasteras\/kajaktest\/"]}]},{"@type":"ImageObject","inLanguage":"sv-SE","@id":"https:\/\/aktivtuteliv.se\/vasteras\/kajaktest\/#primaryimage","url":"https:\/\/e5gp8rwuod7.exactdn.com\/vasteras\/wp-content\/uploads\/sites\/4\/2026\/04\/herobanner_kajaktest.jpg?strip=all&lossy=1&ssl=1","contentUrl":"https:\/\/e5gp8rwuod7.exactdn.com\/vasteras\/wp-content\/uploads\/sites\/4\/2026\/04\/herobanner_kajaktest.jpg?strip=all&lossy=1&ssl=1","width":1920,"height":1080},{"@type":"BreadcrumbList","@id":"https:\/\/aktivtuteliv.se\/vasteras\/kajaktest\/#breadcrumb","itemListElement":[{"@type":"ListItem","position":1,"name":"Home","item":"https:\/\/aktivtuteliv.se\/vasteras\/"},{"@type":"ListItem","position":2,"name":"Kajaktest f\u00f6r dig som vill k\u00f6pa kajak"}]},{"@type":"WebSite","@id":"https:\/\/aktivtuteliv.se\/vasteras\/#website","url":"https:\/\/aktivtuteliv.se\/vasteras\/","name":"Aktivt Uteliv Bj\u00f6rn\u00f6g\u00e5rden","description":"Ett friluftscenter i V\u00e4ster\u00e5s","publisher":{"@id":"https:\/\/aktivtuteliv.se\/vasteras\/#organization"},"potentialAction":[{"@type":"SearchAction","target":{"@type":"EntryPoint","urlTemplate":"https:\/\/aktivtuteliv.se\/vasteras\/?s={search_term_string}"},"query-input":"required name=search_term_string"}],"inLanguage":"sv-SE"},{"@type":"Organization","@id":"https:\/\/aktivtuteliv.se\/vasteras\/#organization","name":"Aktivt Uteliv Bj\u00f6rn\u00f6g\u00e5rden","url":"https:\/\/aktivtuteliv.se\/vasteras\/","logo":{"@type":"ImageObject","inLanguage":"sv-SE","@id":"https:\/\/aktivtuteliv.se\/vasteras\/#\/schema\/logo\/image\/","url":"https:\/\/e5gp8rwuod7.exactdn.com\/vasteras\/wp-content\/uploads\/sites\/4\/2025\/01\/AUB-pms.png?strip=all&lossy=1&ssl=1","contentUrl":"https:\/\/e5gp8rwuod7.exactdn.com\/vasteras\/wp-content\/uploads\/sites\/4\/2025\/01\/AUB-pms.png?strip=all&lossy=1&ssl=1","width":1894,"height":1165,"caption":"Aktivt Uteliv Bj\u00f6rn\u00f6g\u00e5rden"},"image":{"@id":"https:\/\/aktivtuteliv.se\/vasteras\/#\/schema\/logo\/image\/"},"sameAs":["https:\/\/www.facebook.com\/aktivtutelivbjornogarden","https:\/\/x.com\/aktivtuteliv","https:\/\/www.instagram.com\/aktivtuteliv_bjornogarden"]}]}},"_links":{"self":[{"href":"https:\/\/aktivtuteliv.se\/vasteras\/wp-json\/wp\/v2\/pages\/96662","targetHints":{"allow":["GET"]}}],"collection":[{"href":"https:\/\/aktivtuteliv.se\/vasteras\/wp-json\/wp\/v2\/pages"}],"about":[{"href":"https:\/\/aktivtuteliv.se\/vasteras\/wp-json\/wp\/v2\/types\/page"}],"author":[{"embeddable":true,"href":"https:\/\/aktivtuteliv.se\/vasteras\/wp-json\/wp\/v2\/users\/83"}],"replies":[{"embeddable":true,"href":"https:\/\/aktivtuteliv.se\/vasteras\/wp-json\/wp\/v2\/comments?post=96662"}],"version-history":[{"count":0,"href":"https:\/\/aktivtuteliv.se\/vasteras\/wp-json\/wp\/v2\/pages\/96662\/revisions"}],"wp:featuredmedia":[{"embeddable":true,"href":"https:\/\/aktivtuteliv.se\/vasteras\/wp-json\/wp\/v2\/media\/96663"}],"wp:attachment":[{"href":"https:\/\/aktivtuteliv.se\/vasteras\/wp-json\/wp\/v2\/media?parent=96662"}],"curies":[{"name":"wp","href":"https:\/\/api.w.org\/{rel}","templated":true}]}}