{"id":73888,"date":"2024-11-05T12:53:37","date_gmt":"2024-11-05T11:53:37","guid":{"rendered":"https:\/\/aktivtuteliv.se\/vasteras\/?post_type=product&#038;p=73888"},"modified":"2026-02-17T17:57:50","modified_gmt":"2026-02-17T16:57:50","slug":"rossignol-delta-course-r-skin","status":"publish","type":"product","link":"https:\/\/aktivtuteliv.se\/vasteras\/produkt\/rossignol-delta-course-r-skin\/","title":{"rendered":"Rossignol Delta Course R-Skin 22\/23"},"content":{"rendered":"<p>Rossignol Delta Course R-Skin \u00e4r en mycket omtyckt skinskida f\u00f6r s\u00e5v\u00e4l tr\u00e4ning som t\u00e4vling. Det h\u00f6ga spannet minskar risken f\u00f6r hugg samtidigt som flexet \u00e4r tillr\u00e4ckligt mjukt f\u00f6r att man ska kunna trycka ner f\u00e4stet vid tyngd\u00f6verf\u00f6ringen. Skinhudarna \u00e4r tillverkade i 100% mohair med n\u00e5got l\u00e4ngre str\u00e5n f\u00f6r att ni ska f\u00e5 optimalt f\u00e4ste.<\/p>\n<p>&nbsp;<\/p>\n<p>Pris exklusive bindningar.<\/p>\n<p>&nbsp;<\/p>\n<p><strong>Egenskaper:<\/strong><\/p>\n<p><strong>Vikt:<\/strong> 570gr\/skida (196cm)<\/p>\n<p><strong>M\u00e5tt p\u00e5 skidan (mm):<\/strong> 41\/44\/44<\/p>\n<p><strong>Skidans k\u00e4rna:<\/strong> Nomex Honeycomb<\/p>\n","protected":false},"excerpt":{"rendered":"<p><strong>20 % rabatt p\u00e5 stavar och pj\u00e4xor &#8211; n\u00e4r du k\u00f6per skidor!<\/strong><\/p>\n<p>&nbsp;<\/p>\n<p>Hos oss f\u00e5r du 20 % rabatt p\u00e5 stavar och pj\u00e4xor i samband med att du k\u00f6per skidor, d\u00e5 kan du kombinera alternativen som du vill men \u00e4nd\u00e5 f\u00e5 ett konkurrenskraftigt och prisv\u00e4rt skidpaket.<\/p>\n<p>&nbsp;<\/p>\n<p>Dessutom erbjuder vi dig alltid att <strong>hyra och testa skidor innan k\u00f6pet<\/strong> f\u00f6r att du ska veta att de passar dina behov. Det \u00e4r ett tryggt och s\u00e4kert s\u00e4tt att k\u00f6pa skidor p\u00e5, hyran f\u00e5r du tillbaka vid k\u00f6ptillf\u00e4llet.<\/p>\n","protected":false},"featured_media":67110,"template":"","meta":{"_acf_changed":false},"product_cat":[758,767],"product_tag":[],"er_categories":[],"er_brands":[],"er_seasons":[],"class_list":{"0":"post-73888","1":"product","2":"type-product","3":"status-publish","4":"has-post-thumbnail","6":"product_cat-langdskidor","7":"product_cat-skidor-langdskidor","8":"product_shipping_class-langa-produkter","9":"pa_langd-805","10":"pa_langd-806","11":"pa_langd-807","12":"pa_langd-808","13":"pa_langd-809","14":"pa_marke-rossignol","15":"pa_sasong-797","16":"pa_spann-medium","17":"pa_spann-stiff","19":"first","20":"instock","21":"sale","22":"taxable","23":"shipping-taxable","24":"purchasable","25":"product-type-variable"},"acf":[],"yoast_head":"<!-- This site is optimized with the Yoast SEO plugin v23.0 - https:\/\/yoast.com\/wordpress\/plugins\/seo\/ -->\n<title>Rossignol Delta Course R-Skin 22\/23 - V\u00e4ster\u00e5s<\/title>\n<meta name=\"robots\" content=\"index, follow, max-snippet:-1, max-image-preview:large, max-video-preview:-1\" \/>\n<link rel=\"canonical\" href=\"https:\/\/aktivtuteliv.se\/vasteras\/produkt\/rossignol-delta-course-r-skin\/\" \/>\n<meta property=\"og:locale\" content=\"sv_SE\" \/>\n<meta property=\"og:type\" content=\"article\" \/>\n<meta property=\"og:title\" content=\"Rossignol Delta Course R-Skin 22\/23 - V\u00e4ster\u00e5s\" \/>\n<meta property=\"og:description\" content=\"20 % rabatt p\u00e5 stavar och pj\u00e4xor - n\u00e4r du k\u00f6per skidor!  &nbsp;  Hos oss f\u00e5r du 20 % rabatt p\u00e5 stavar och pj\u00e4xor i samband med att du k\u00f6per skidor, d\u00e5 kan du kombinera alternativen som du vill men \u00e4nd\u00e5 f\u00e5 ett konkurrenskraftigt och prisv\u00e4rt skidpaket.  &nbsp;  Dessutom erbjuder vi dig alltid att hyra och testa skidor innan k\u00f6pet f\u00f6r att du ska veta att de passar dina behov. Det \u00e4r ett tryggt och s\u00e4kert s\u00e4tt att k\u00f6pa skidor p\u00e5, hyran f\u00e5r du tillbaka vid k\u00f6ptillf\u00e4llet.\" \/>\n<meta property=\"og:url\" content=\"https:\/\/aktivtuteliv.se\/vasteras\/produkt\/rossignol-delta-course-r-skin\/\" \/>\n<meta property=\"og:site_name\" content=\"V\u00e4ster\u00e5s\" \/>\n<meta property=\"article:publisher\" content=\"https:\/\/www.facebook.com\/aktivtutelivbjornogarden\" \/>\n<meta property=\"article:modified_time\" content=\"2026-02-17T16:57:50+00:00\" \/>\n<meta property=\"og:image\" content=\"https:\/\/aktivtuteliv.se\/vasteras\/wp-content\/uploads\/sites\/4\/2022\/09\/Rossignol-delta-course.jpg\" \/>\n\t<meta property=\"og:image:width\" content=\"1080\" \/>\n\t<meta property=\"og:image:height\" content=\"1080\" \/>\n\t<meta property=\"og:image:type\" content=\"image\/jpeg\" \/>\n<meta name=\"twitter:card\" content=\"summary_large_image\" \/>\n<meta name=\"twitter:site\" content=\"@aktivtuteliv\" \/>\n<script type=\"application\/ld+json\" class=\"yoast-schema-graph\">{\"@context\":\"https:\/\/schema.org\",\"@graph\":[{\"@type\":\"WebPage\",\"@id\":\"https:\/\/aktivtuteliv.se\/vasteras\/produkt\/rossignol-delta-course-r-skin\/\",\"url\":\"https:\/\/aktivtuteliv.se\/vasteras\/produkt\/rossignol-delta-course-r-skin\/\",\"name\":\"Rossignol Delta Course R-Skin 22\/23 - V\u00e4ster\u00e5s\",\"isPartOf\":{\"@id\":\"https:\/\/aktivtuteliv.se\/vasteras\/#website\"},\"primaryImageOfPage\":{\"@id\":\"https:\/\/aktivtuteliv.se\/vasteras\/produkt\/rossignol-delta-course-r-skin\/#primaryimage\"},\"image\":{\"@id\":\"https:\/\/aktivtuteliv.se\/vasteras\/produkt\/rossignol-delta-course-r-skin\/#primaryimage\"},\"thumbnailUrl\":\"https:\/\/e5gp8rwuod7.exactdn.com\/vasteras\/wp-content\/uploads\/sites\/4\/2022\/09\/Rossignol-delta-course.jpg?strip=all&lossy=1&ssl=1\",\"datePublished\":\"2024-11-05T11:53:37+00:00\",\"dateModified\":\"2026-02-17T16:57:50+00:00\",\"breadcrumb\":{\"@id\":\"https:\/\/aktivtuteliv.se\/vasteras\/produkt\/rossignol-delta-course-r-skin\/#breadcrumb\"},\"inLanguage\":\"sv-SE\",\"potentialAction\":[{\"@type\":\"ReadAction\",\"target\":[\"https:\/\/aktivtuteliv.se\/vasteras\/produkt\/rossignol-delta-course-r-skin\/\"]}]},{\"@type\":\"ImageObject\",\"inLanguage\":\"sv-SE\",\"@id\":\"https:\/\/aktivtuteliv.se\/vasteras\/produkt\/rossignol-delta-course-r-skin\/#primaryimage\",\"url\":\"https:\/\/e5gp8rwuod7.exactdn.com\/vasteras\/wp-content\/uploads\/sites\/4\/2022\/09\/Rossignol-delta-course.jpg?strip=all&lossy=1&ssl=1\",\"contentUrl\":\"https:\/\/e5gp8rwuod7.exactdn.com\/vasteras\/wp-content\/uploads\/sites\/4\/2022\/09\/Rossignol-delta-course.jpg?strip=all&lossy=1&ssl=1\",\"width\":1080,\"height\":1080,\"caption\":\"Rossignol Delta Course\"},{\"@type\":\"BreadcrumbList\",\"@id\":\"https:\/\/aktivtuteliv.se\/vasteras\/produkt\/rossignol-delta-course-r-skin\/#breadcrumb\",\"itemListElement\":[{\"@type\":\"ListItem\",\"position\":1,\"name\":\"Home\",\"item\":\"https:\/\/aktivtuteliv.se\/vasteras\/\"},{\"@type\":\"ListItem\",\"position\":2,\"name\":\"Webbutik\",\"item\":\"https:\/\/aktivtuteliv.se\/vasteras\/butik\/\"},{\"@type\":\"ListItem\",\"position\":3,\"name\":\"Rossignol Delta Course R-Skin 22\/23\"}]},{\"@type\":\"WebSite\",\"@id\":\"https:\/\/aktivtuteliv.se\/vasteras\/#website\",\"url\":\"https:\/\/aktivtuteliv.se\/vasteras\/\",\"name\":\"Aktivt Uteliv Bj\u00f6rn\u00f6g\u00e5rden\",\"description\":\"Ett friluftscenter i V\u00e4ster\u00e5s\",\"publisher\":{\"@id\":\"https:\/\/aktivtuteliv.se\/vasteras\/#organization\"},\"potentialAction\":[{\"@type\":\"SearchAction\",\"target\":{\"@type\":\"EntryPoint\",\"urlTemplate\":\"https:\/\/aktivtuteliv.se\/vasteras\/?s={search_term_string}\"},\"query-input\":\"required name=search_term_string\"}],\"inLanguage\":\"sv-SE\"},{\"@type\":\"Organization\",\"@id\":\"https:\/\/aktivtuteliv.se\/vasteras\/#organization\",\"name\":\"Aktivt Uteliv Bj\u00f6rn\u00f6g\u00e5rden\",\"url\":\"https:\/\/aktivtuteliv.se\/vasteras\/\",\"logo\":{\"@type\":\"ImageObject\",\"inLanguage\":\"sv-SE\",\"@id\":\"https:\/\/aktivtuteliv.se\/vasteras\/#\/schema\/logo\/image\/\",\"url\":\"https:\/\/e5gp8rwuod7.exactdn.com\/vasteras\/wp-content\/uploads\/sites\/4\/2025\/01\/AUB-pms.png?strip=all&lossy=1&ssl=1\",\"contentUrl\":\"https:\/\/e5gp8rwuod7.exactdn.com\/vasteras\/wp-content\/uploads\/sites\/4\/2025\/01\/AUB-pms.png?strip=all&lossy=1&ssl=1\",\"width\":1894,\"height\":1165,\"caption\":\"Aktivt Uteliv Bj\u00f6rn\u00f6g\u00e5rden\"},\"image\":{\"@id\":\"https:\/\/aktivtuteliv.se\/vasteras\/#\/schema\/logo\/image\/\"},\"sameAs\":[\"https:\/\/www.facebook.com\/aktivtutelivbjornogarden\",\"https:\/\/x.com\/aktivtuteliv\",\"https:\/\/www.instagram.com\/aktivtuteliv_bjornogarden\"]}]}<\/script>\n<!-- \/ Yoast SEO plugin. -->","yoast_head_json":{"title":"Rossignol Delta Course R-Skin 22\/23 - V\u00e4ster\u00e5s","robots":{"index":"index","follow":"follow","max-snippet":"max-snippet:-1","max-image-preview":"max-image-preview:large","max-video-preview":"max-video-preview:-1"},"canonical":"https:\/\/aktivtuteliv.se\/vasteras\/produkt\/rossignol-delta-course-r-skin\/","og_locale":"sv_SE","og_type":"article","og_title":"Rossignol Delta Course R-Skin 22\/23 - V\u00e4ster\u00e5s","og_description":"20 % rabatt p\u00e5 stavar och pj\u00e4xor - n\u00e4r du k\u00f6per skidor!  &nbsp;  Hos oss f\u00e5r du 20 % rabatt p\u00e5 stavar och pj\u00e4xor i samband med att du k\u00f6per skidor, d\u00e5 kan du kombinera alternativen som du vill men \u00e4nd\u00e5 f\u00e5 ett konkurrenskraftigt och prisv\u00e4rt skidpaket.  &nbsp;  Dessutom erbjuder vi dig alltid att hyra och testa skidor innan k\u00f6pet f\u00f6r att du ska veta att de passar dina behov. Det \u00e4r ett tryggt och s\u00e4kert s\u00e4tt att k\u00f6pa skidor p\u00e5, hyran f\u00e5r du tillbaka vid k\u00f6ptillf\u00e4llet.","og_url":"https:\/\/aktivtuteliv.se\/vasteras\/produkt\/rossignol-delta-course-r-skin\/","og_site_name":"V\u00e4ster\u00e5s","article_publisher":"https:\/\/www.facebook.com\/aktivtutelivbjornogarden","article_modified_time":"2026-02-17T16:57:50+00:00","og_image":[{"width":1080,"height":1080,"url":"https:\/\/aktivtuteliv.se\/vasteras\/wp-content\/uploads\/sites\/4\/2022\/09\/Rossignol-delta-course.jpg","type":"image\/jpeg"}],"twitter_card":"summary_large_image","twitter_site":"@aktivtuteliv","schema":{"@context":"https:\/\/schema.org","@graph":[{"@type":"WebPage","@id":"https:\/\/aktivtuteliv.se\/vasteras\/produkt\/rossignol-delta-course-r-skin\/","url":"https:\/\/aktivtuteliv.se\/vasteras\/produkt\/rossignol-delta-course-r-skin\/","name":"Rossignol Delta Course R-Skin 22\/23 - V\u00e4ster\u00e5s","isPartOf":{"@id":"https:\/\/aktivtuteliv.se\/vasteras\/#website"},"primaryImageOfPage":{"@id":"https:\/\/aktivtuteliv.se\/vasteras\/produkt\/rossignol-delta-course-r-skin\/#primaryimage"},"image":{"@id":"https:\/\/aktivtuteliv.se\/vasteras\/produkt\/rossignol-delta-course-r-skin\/#primaryimage"},"thumbnailUrl":"https:\/\/e5gp8rwuod7.exactdn.com\/vasteras\/wp-content\/uploads\/sites\/4\/2022\/09\/Rossignol-delta-course.jpg?strip=all&lossy=1&ssl=1","datePublished":"2024-11-05T11:53:37+00:00","dateModified":"2026-02-17T16:57:50+00:00","breadcrumb":{"@id":"https:\/\/aktivtuteliv.se\/vasteras\/produkt\/rossignol-delta-course-r-skin\/#breadcrumb"},"inLanguage":"sv-SE","potentialAction":[{"@type":"ReadAction","target":["https:\/\/aktivtuteliv.se\/vasteras\/produkt\/rossignol-delta-course-r-skin\/"]}]},{"@type":"ImageObject","inLanguage":"sv-SE","@id":"https:\/\/aktivtuteliv.se\/vasteras\/produkt\/rossignol-delta-course-r-skin\/#primaryimage","url":"https:\/\/e5gp8rwuod7.exactdn.com\/vasteras\/wp-content\/uploads\/sites\/4\/2022\/09\/Rossignol-delta-course.jpg?strip=all&lossy=1&ssl=1","contentUrl":"https:\/\/e5gp8rwuod7.exactdn.com\/vasteras\/wp-content\/uploads\/sites\/4\/2022\/09\/Rossignol-delta-course.jpg?strip=all&lossy=1&ssl=1","width":1080,"height":1080,"caption":"Rossignol Delta Course"},{"@type":"BreadcrumbList","@id":"https:\/\/aktivtuteliv.se\/vasteras\/produkt\/rossignol-delta-course-r-skin\/#breadcrumb","itemListElement":[{"@type":"ListItem","position":1,"name":"Home","item":"https:\/\/aktivtuteliv.se\/vasteras\/"},{"@type":"ListItem","position":2,"name":"Webbutik","item":"https:\/\/aktivtuteliv.se\/vasteras\/butik\/"},{"@type":"ListItem","position":3,"name":"Rossignol Delta Course R-Skin 22\/23"}]},{"@type":"WebSite","@id":"https:\/\/aktivtuteliv.se\/vasteras\/#website","url":"https:\/\/aktivtuteliv.se\/vasteras\/","name":"Aktivt Uteliv Bj\u00f6rn\u00f6g\u00e5rden","description":"Ett friluftscenter i V\u00e4ster\u00e5s","publisher":{"@id":"https:\/\/aktivtuteliv.se\/vasteras\/#organization"},"potentialAction":[{"@type":"SearchAction","target":{"@type":"EntryPoint","urlTemplate":"https:\/\/aktivtuteliv.se\/vasteras\/?s={search_term_string}"},"query-input":"required name=search_term_string"}],"inLanguage":"sv-SE"},{"@type":"Organization","@id":"https:\/\/aktivtuteliv.se\/vasteras\/#organization","name":"Aktivt Uteliv Bj\u00f6rn\u00f6g\u00e5rden","url":"https:\/\/aktivtuteliv.se\/vasteras\/","logo":{"@type":"ImageObject","inLanguage":"sv-SE","@id":"https:\/\/aktivtuteliv.se\/vasteras\/#\/schema\/logo\/image\/","url":"https:\/\/e5gp8rwuod7.exactdn.com\/vasteras\/wp-content\/uploads\/sites\/4\/2025\/01\/AUB-pms.png?strip=all&lossy=1&ssl=1","contentUrl":"https:\/\/e5gp8rwuod7.exactdn.com\/vasteras\/wp-content\/uploads\/sites\/4\/2025\/01\/AUB-pms.png?strip=all&lossy=1&ssl=1","width":1894,"height":1165,"caption":"Aktivt Uteliv Bj\u00f6rn\u00f6g\u00e5rden"},"image":{"@id":"https:\/\/aktivtuteliv.se\/vasteras\/#\/schema\/logo\/image\/"},"sameAs":["https:\/\/www.facebook.com\/aktivtutelivbjornogarden","https:\/\/x.com\/aktivtuteliv","https:\/\/www.instagram.com\/aktivtuteliv_bjornogarden"]}]}},"_links":{"self":[{"href":"https:\/\/aktivtuteliv.se\/vasteras\/wp-json\/wp\/v2\/product\/73888","targetHints":{"allow":["GET"]}}],"collection":[{"href":"https:\/\/aktivtuteliv.se\/vasteras\/wp-json\/wp\/v2\/product"}],"about":[{"href":"https:\/\/aktivtuteliv.se\/vasteras\/wp-json\/wp\/v2\/types\/product"}],"wp:featuredmedia":[{"embeddable":true,"href":"https:\/\/aktivtuteliv.se\/vasteras\/wp-json\/wp\/v2\/media\/67110"}],"wp:attachment":[{"href":"https:\/\/aktivtuteliv.se\/vasteras\/wp-json\/wp\/v2\/media?parent=73888"}],"wp:term":[{"taxonomy":"product_cat","embeddable":true,"href":"https:\/\/aktivtuteliv.se\/vasteras\/wp-json\/wp\/v2\/product_cat?post=73888"},{"taxonomy":"product_tag","embeddable":true,"href":"https:\/\/aktivtuteliv.se\/vasteras\/wp-json\/wp\/v2\/product_tag?post=73888"},{"taxonomy":"er_categories","embeddable":true,"href":"https:\/\/aktivtuteliv.se\/vasteras\/wp-json\/wp\/v2\/er_categories?post=73888"},{"taxonomy":"er_brands","embeddable":true,"href":"https:\/\/aktivtuteliv.se\/vasteras\/wp-json\/wp\/v2\/er_brands?post=73888"},{"taxonomy":"er_seasons","embeddable":true,"href":"https:\/\/aktivtuteliv.se\/vasteras\/wp-json\/wp\/v2\/er_seasons?post=73888"}],"curies":[{"name":"wp","href":"https:\/\/api.w.org\/{rel}","templated":true}]}}