{"id":74075,"date":"2024-11-05T11:54:37","date_gmt":"2024-11-05T11:54:37","guid":{"rendered":"https:\/\/aktivtuteliv.se\/vasteras\/?post_type=product&#038;p=74075"},"modified":"2026-03-17T11:44:52","modified_gmt":"2026-03-17T10:44:52","slug":"nrs-toaster-mitts-2","status":"publish","type":"product","link":"https:\/\/aktivtuteliv.se\/vasteras\/produkt\/nrs-toaster-mitts-2\/","title":{"rendered":"NRS Toaster Mitts"},"content":{"rendered":"<p>NRS Toaster Mitts \u00e4r 3,5 mm tjocka neoprenhandskar f\u00f6r paddling i riktigt kalla f\u00f6rh\u00e5llanden. Tack vare neoprenets isolerande f\u00f6rm\u00e5ga v\u00e4rmer de h\u00e4nderna \u00e4ven n\u00e4r handskarna \u00e4r bl\u00f6ta. Handskarna \u00e4r gummerade i handflatan f\u00f6r att du ska f\u00e5 bra grepp runt paddeln och har f\u00f6rb\u00f6jda fingrar.<\/p>\n<p>&nbsp;<\/p>\n<p>The mitten-style design of the NRS Toaster Mitts increases warmth while the raw neoprene palm and pre-curved shape enhance grip and dexterity in this best-selling paddling &#8221;glove.&#8221;<\/p>\n<p>&nbsp;<\/p>\n<ul>\n<li>3.5 mm raw neoprene exterior with titanium laminate adhesive sheds water, eliminating evaporative cooling and enhancing insulation.<\/li>\n<li>RawHide\u2122 palm delivers unbeatable grip.<\/li>\n<li>Fast-drying VaporLoft\u2122 interior lining increases warmth and feels great against the skin.<\/li>\n<li>Simple, two-panel construction for a superior fit.<\/li>\n<li>Stitching between the index and middle fingers helps with dexterity.<\/li>\n<li>Pre-curved finger design prevents hand fatigue.<\/li>\n<li>Liquid-sealed seams help keep water out.<\/li>\n<li>Pairing snaps on the wrists help keep the gloves together.<\/li>\n<\/ul>\n","protected":false},"excerpt":{"rendered":"<p>NRS Toaster Mitts \u00e4r 3,5 mm tjocka neoprenhandskar f\u00f6r paddling i riktigt kalla f\u00f6rh\u00e5llanden. Tack vare neoprenets isolerande f\u00f6rm\u00e5ga v\u00e4rmer de h\u00e4nderna \u00e4ven n\u00e4r handskarna \u00e4r bl\u00f6ta. Handskarna \u00e4r gummerade [&hellip;]<\/p>\n","protected":false},"featured_media":61731,"template":"","meta":{"_acf_changed":false},"product_cat":[754,1319],"product_tag":[],"er_categories":[],"er_brands":[],"er_seasons":[],"class_list":{"0":"post-74075","1":"product","2":"type-product","3":"status-publish","4":"has-post-thumbnail","6":"product_cat-kajak","7":"product_cat-skor-handskar-kajak","8":"product_shipping_class-normal","9":"pa_marke-nrs","10":"pa_sasong-870","12":"first","13":"instock","14":"taxable","15":"shipping-taxable","16":"purchasable","17":"product-type-variable","18":"has-default-attributes"},"acf":[],"yoast_head":"<!-- This site is optimized with the Yoast SEO plugin v23.0 - https:\/\/yoast.com\/wordpress\/plugins\/seo\/ -->\n<title>NRS Toaster Mitts - V\u00e4ster\u00e5s<\/title>\n<meta name=\"robots\" content=\"index, follow, max-snippet:-1, max-image-preview:large, max-video-preview:-1\" \/>\n<link rel=\"canonical\" href=\"https:\/\/aktivtuteliv.se\/vasteras\/produkt\/nrs-toaster-mitts-2\/\" \/>\n<meta property=\"og:locale\" content=\"sv_SE\" \/>\n<meta property=\"og:type\" content=\"article\" \/>\n<meta property=\"og:title\" content=\"NRS Toaster Mitts - V\u00e4ster\u00e5s\" \/>\n<meta property=\"og:description\" content=\"NRS Toaster Mitts \u00e4r 3,5 mm tjocka neoprenhandskar f\u00f6r paddling i riktigt kalla f\u00f6rh\u00e5llanden. Tack vare neoprenets isolerande f\u00f6rm\u00e5ga v\u00e4rmer de h\u00e4nderna \u00e4ven n\u00e4r handskarna \u00e4r bl\u00f6ta. Handskarna \u00e4r gummerade [&hellip;]\" \/>\n<meta property=\"og:url\" content=\"https:\/\/aktivtuteliv.se\/vasteras\/produkt\/nrs-toaster-mitts-2\/\" \/>\n<meta property=\"og:site_name\" content=\"V\u00e4ster\u00e5s\" \/>\n<meta property=\"article:publisher\" content=\"https:\/\/www.facebook.com\/aktivtutelivbjornogarden\" \/>\n<meta property=\"article:modified_time\" content=\"2026-03-17T10:44:52+00:00\" \/>\n<meta property=\"og:image\" content=\"https:\/\/aktivtuteliv.se\/vasteras\/wp-content\/uploads\/sites\/4\/2021\/08\/NRS_Toaster_Mitts-300x300-1.jpg\" \/>\n\t<meta property=\"og:image:width\" content=\"300\" \/>\n\t<meta property=\"og:image:height\" content=\"300\" \/>\n\t<meta property=\"og:image:type\" content=\"image\/jpeg\" \/>\n<meta name=\"twitter:card\" content=\"summary_large_image\" \/>\n<meta name=\"twitter:site\" content=\"@aktivtuteliv\" \/>\n<meta name=\"twitter:label1\" content=\"Ber\u00e4knad l\u00e4stid\" \/>\n\t<meta name=\"twitter:data1\" content=\"1 minut\" \/>\n<script type=\"application\/ld+json\" class=\"yoast-schema-graph\">{\"@context\":\"https:\/\/schema.org\",\"@graph\":[{\"@type\":\"WebPage\",\"@id\":\"https:\/\/aktivtuteliv.se\/vasteras\/produkt\/nrs-toaster-mitts-2\/\",\"url\":\"https:\/\/aktivtuteliv.se\/vasteras\/produkt\/nrs-toaster-mitts-2\/\",\"name\":\"NRS Toaster Mitts - V\u00e4ster\u00e5s\",\"isPartOf\":{\"@id\":\"https:\/\/aktivtuteliv.se\/vasteras\/#website\"},\"primaryImageOfPage\":{\"@id\":\"https:\/\/aktivtuteliv.se\/vasteras\/produkt\/nrs-toaster-mitts-2\/#primaryimage\"},\"image\":{\"@id\":\"https:\/\/aktivtuteliv.se\/vasteras\/produkt\/nrs-toaster-mitts-2\/#primaryimage\"},\"thumbnailUrl\":\"https:\/\/e5gp8rwuod7.exactdn.com\/vasteras\/wp-content\/uploads\/sites\/4\/2021\/08\/NRS_Toaster_Mitts-300x300-1.jpg?strip=all&lossy=1&ssl=1\",\"datePublished\":\"2024-11-05T11:54:37+00:00\",\"dateModified\":\"2026-03-17T10:44:52+00:00\",\"breadcrumb\":{\"@id\":\"https:\/\/aktivtuteliv.se\/vasteras\/produkt\/nrs-toaster-mitts-2\/#breadcrumb\"},\"inLanguage\":\"sv-SE\",\"potentialAction\":[{\"@type\":\"ReadAction\",\"target\":[\"https:\/\/aktivtuteliv.se\/vasteras\/produkt\/nrs-toaster-mitts-2\/\"]}]},{\"@type\":\"ImageObject\",\"inLanguage\":\"sv-SE\",\"@id\":\"https:\/\/aktivtuteliv.se\/vasteras\/produkt\/nrs-toaster-mitts-2\/#primaryimage\",\"url\":\"https:\/\/e5gp8rwuod7.exactdn.com\/vasteras\/wp-content\/uploads\/sites\/4\/2021\/08\/NRS_Toaster_Mitts-300x300-1.jpg?strip=all&lossy=1&ssl=1\",\"contentUrl\":\"https:\/\/e5gp8rwuod7.exactdn.com\/vasteras\/wp-content\/uploads\/sites\/4\/2021\/08\/NRS_Toaster_Mitts-300x300-1.jpg?strip=all&lossy=1&ssl=1\",\"width\":300,\"height\":300},{\"@type\":\"BreadcrumbList\",\"@id\":\"https:\/\/aktivtuteliv.se\/vasteras\/produkt\/nrs-toaster-mitts-2\/#breadcrumb\",\"itemListElement\":[{\"@type\":\"ListItem\",\"position\":1,\"name\":\"Home\",\"item\":\"https:\/\/aktivtuteliv.se\/vasteras\/\"},{\"@type\":\"ListItem\",\"position\":2,\"name\":\"Webbutik\",\"item\":\"https:\/\/aktivtuteliv.se\/vasteras\/butik\/\"},{\"@type\":\"ListItem\",\"position\":3,\"name\":\"NRS Toaster Mitts\"}]},{\"@type\":\"WebSite\",\"@id\":\"https:\/\/aktivtuteliv.se\/vasteras\/#website\",\"url\":\"https:\/\/aktivtuteliv.se\/vasteras\/\",\"name\":\"Aktivt Uteliv Bj\u00f6rn\u00f6g\u00e5rden\",\"description\":\"Ett friluftscenter i V\u00e4ster\u00e5s\",\"publisher\":{\"@id\":\"https:\/\/aktivtuteliv.se\/vasteras\/#organization\"},\"potentialAction\":[{\"@type\":\"SearchAction\",\"target\":{\"@type\":\"EntryPoint\",\"urlTemplate\":\"https:\/\/aktivtuteliv.se\/vasteras\/?s={search_term_string}\"},\"query-input\":\"required name=search_term_string\"}],\"inLanguage\":\"sv-SE\"},{\"@type\":\"Organization\",\"@id\":\"https:\/\/aktivtuteliv.se\/vasteras\/#organization\",\"name\":\"Aktivt Uteliv Bj\u00f6rn\u00f6g\u00e5rden\",\"url\":\"https:\/\/aktivtuteliv.se\/vasteras\/\",\"logo\":{\"@type\":\"ImageObject\",\"inLanguage\":\"sv-SE\",\"@id\":\"https:\/\/aktivtuteliv.se\/vasteras\/#\/schema\/logo\/image\/\",\"url\":\"https:\/\/e5gp8rwuod7.exactdn.com\/vasteras\/wp-content\/uploads\/sites\/4\/2025\/01\/AUB-pms.png?strip=all&lossy=1&ssl=1\",\"contentUrl\":\"https:\/\/e5gp8rwuod7.exactdn.com\/vasteras\/wp-content\/uploads\/sites\/4\/2025\/01\/AUB-pms.png?strip=all&lossy=1&ssl=1\",\"width\":1894,\"height\":1165,\"caption\":\"Aktivt Uteliv Bj\u00f6rn\u00f6g\u00e5rden\"},\"image\":{\"@id\":\"https:\/\/aktivtuteliv.se\/vasteras\/#\/schema\/logo\/image\/\"},\"sameAs\":[\"https:\/\/www.facebook.com\/aktivtutelivbjornogarden\",\"https:\/\/x.com\/aktivtuteliv\",\"https:\/\/www.instagram.com\/aktivtuteliv_bjornogarden\"]}]}<\/script>\n<!-- \/ Yoast SEO plugin. -->","yoast_head_json":{"title":"NRS Toaster Mitts - V\u00e4ster\u00e5s","robots":{"index":"index","follow":"follow","max-snippet":"max-snippet:-1","max-image-preview":"max-image-preview:large","max-video-preview":"max-video-preview:-1"},"canonical":"https:\/\/aktivtuteliv.se\/vasteras\/produkt\/nrs-toaster-mitts-2\/","og_locale":"sv_SE","og_type":"article","og_title":"NRS Toaster Mitts - V\u00e4ster\u00e5s","og_description":"NRS Toaster Mitts \u00e4r 3,5 mm tjocka neoprenhandskar f\u00f6r paddling i riktigt kalla f\u00f6rh\u00e5llanden. Tack vare neoprenets isolerande f\u00f6rm\u00e5ga v\u00e4rmer de h\u00e4nderna \u00e4ven n\u00e4r handskarna \u00e4r bl\u00f6ta. Handskarna \u00e4r gummerade [&hellip;]","og_url":"https:\/\/aktivtuteliv.se\/vasteras\/produkt\/nrs-toaster-mitts-2\/","og_site_name":"V\u00e4ster\u00e5s","article_publisher":"https:\/\/www.facebook.com\/aktivtutelivbjornogarden","article_modified_time":"2026-03-17T10:44:52+00:00","og_image":[{"width":300,"height":300,"url":"https:\/\/aktivtuteliv.se\/vasteras\/wp-content\/uploads\/sites\/4\/2021\/08\/NRS_Toaster_Mitts-300x300-1.jpg","type":"image\/jpeg"}],"twitter_card":"summary_large_image","twitter_site":"@aktivtuteliv","twitter_misc":{"Ber\u00e4knad l\u00e4stid":"1 minut"},"schema":{"@context":"https:\/\/schema.org","@graph":[{"@type":"WebPage","@id":"https:\/\/aktivtuteliv.se\/vasteras\/produkt\/nrs-toaster-mitts-2\/","url":"https:\/\/aktivtuteliv.se\/vasteras\/produkt\/nrs-toaster-mitts-2\/","name":"NRS Toaster Mitts - V\u00e4ster\u00e5s","isPartOf":{"@id":"https:\/\/aktivtuteliv.se\/vasteras\/#website"},"primaryImageOfPage":{"@id":"https:\/\/aktivtuteliv.se\/vasteras\/produkt\/nrs-toaster-mitts-2\/#primaryimage"},"image":{"@id":"https:\/\/aktivtuteliv.se\/vasteras\/produkt\/nrs-toaster-mitts-2\/#primaryimage"},"thumbnailUrl":"https:\/\/e5gp8rwuod7.exactdn.com\/vasteras\/wp-content\/uploads\/sites\/4\/2021\/08\/NRS_Toaster_Mitts-300x300-1.jpg?strip=all&lossy=1&ssl=1","datePublished":"2024-11-05T11:54:37+00:00","dateModified":"2026-03-17T10:44:52+00:00","breadcrumb":{"@id":"https:\/\/aktivtuteliv.se\/vasteras\/produkt\/nrs-toaster-mitts-2\/#breadcrumb"},"inLanguage":"sv-SE","potentialAction":[{"@type":"ReadAction","target":["https:\/\/aktivtuteliv.se\/vasteras\/produkt\/nrs-toaster-mitts-2\/"]}]},{"@type":"ImageObject","inLanguage":"sv-SE","@id":"https:\/\/aktivtuteliv.se\/vasteras\/produkt\/nrs-toaster-mitts-2\/#primaryimage","url":"https:\/\/e5gp8rwuod7.exactdn.com\/vasteras\/wp-content\/uploads\/sites\/4\/2021\/08\/NRS_Toaster_Mitts-300x300-1.jpg?strip=all&lossy=1&ssl=1","contentUrl":"https:\/\/e5gp8rwuod7.exactdn.com\/vasteras\/wp-content\/uploads\/sites\/4\/2021\/08\/NRS_Toaster_Mitts-300x300-1.jpg?strip=all&lossy=1&ssl=1","width":300,"height":300},{"@type":"BreadcrumbList","@id":"https:\/\/aktivtuteliv.se\/vasteras\/produkt\/nrs-toaster-mitts-2\/#breadcrumb","itemListElement":[{"@type":"ListItem","position":1,"name":"Home","item":"https:\/\/aktivtuteliv.se\/vasteras\/"},{"@type":"ListItem","position":2,"name":"Webbutik","item":"https:\/\/aktivtuteliv.se\/vasteras\/butik\/"},{"@type":"ListItem","position":3,"name":"NRS Toaster Mitts"}]},{"@type":"WebSite","@id":"https:\/\/aktivtuteliv.se\/vasteras\/#website","url":"https:\/\/aktivtuteliv.se\/vasteras\/","name":"Aktivt Uteliv Bj\u00f6rn\u00f6g\u00e5rden","description":"Ett friluftscenter i V\u00e4ster\u00e5s","publisher":{"@id":"https:\/\/aktivtuteliv.se\/vasteras\/#organization"},"potentialAction":[{"@type":"SearchAction","target":{"@type":"EntryPoint","urlTemplate":"https:\/\/aktivtuteliv.se\/vasteras\/?s={search_term_string}"},"query-input":"required name=search_term_string"}],"inLanguage":"sv-SE"},{"@type":"Organization","@id":"https:\/\/aktivtuteliv.se\/vasteras\/#organization","name":"Aktivt Uteliv Bj\u00f6rn\u00f6g\u00e5rden","url":"https:\/\/aktivtuteliv.se\/vasteras\/","logo":{"@type":"ImageObject","inLanguage":"sv-SE","@id":"https:\/\/aktivtuteliv.se\/vasteras\/#\/schema\/logo\/image\/","url":"https:\/\/e5gp8rwuod7.exactdn.com\/vasteras\/wp-content\/uploads\/sites\/4\/2025\/01\/AUB-pms.png?strip=all&lossy=1&ssl=1","contentUrl":"https:\/\/e5gp8rwuod7.exactdn.com\/vasteras\/wp-content\/uploads\/sites\/4\/2025\/01\/AUB-pms.png?strip=all&lossy=1&ssl=1","width":1894,"height":1165,"caption":"Aktivt Uteliv Bj\u00f6rn\u00f6g\u00e5rden"},"image":{"@id":"https:\/\/aktivtuteliv.se\/vasteras\/#\/schema\/logo\/image\/"},"sameAs":["https:\/\/www.facebook.com\/aktivtutelivbjornogarden","https:\/\/x.com\/aktivtuteliv","https:\/\/www.instagram.com\/aktivtuteliv_bjornogarden"]}]}},"_links":{"self":[{"href":"https:\/\/aktivtuteliv.se\/vasteras\/wp-json\/wp\/v2\/product\/74075","targetHints":{"allow":["GET"]}}],"collection":[{"href":"https:\/\/aktivtuteliv.se\/vasteras\/wp-json\/wp\/v2\/product"}],"about":[{"href":"https:\/\/aktivtuteliv.se\/vasteras\/wp-json\/wp\/v2\/types\/product"}],"wp:featuredmedia":[{"embeddable":true,"href":"https:\/\/aktivtuteliv.se\/vasteras\/wp-json\/wp\/v2\/media\/61731"}],"wp:attachment":[{"href":"https:\/\/aktivtuteliv.se\/vasteras\/wp-json\/wp\/v2\/media?parent=74075"}],"wp:term":[{"taxonomy":"product_cat","embeddable":true,"href":"https:\/\/aktivtuteliv.se\/vasteras\/wp-json\/wp\/v2\/product_cat?post=74075"},{"taxonomy":"product_tag","embeddable":true,"href":"https:\/\/aktivtuteliv.se\/vasteras\/wp-json\/wp\/v2\/product_tag?post=74075"},{"taxonomy":"er_categories","embeddable":true,"href":"https:\/\/aktivtuteliv.se\/vasteras\/wp-json\/wp\/v2\/er_categories?post=74075"},{"taxonomy":"er_brands","embeddable":true,"href":"https:\/\/aktivtuteliv.se\/vasteras\/wp-json\/wp\/v2\/er_brands?post=74075"},{"taxonomy":"er_seasons","embeddable":true,"href":"https:\/\/aktivtuteliv.se\/vasteras\/wp-json\/wp\/v2\/er_seasons?post=74075"}],"curies":[{"name":"wp","href":"https:\/\/api.w.org\/{rel}","templated":true}]}}