{"id":74093,"date":"2024-11-05T11:54:42","date_gmt":"2024-11-05T11:54:42","guid":{"rendered":"https:\/\/aktivtuteliv.se\/vasteras\/?post_type=product&#038;p=74093"},"modified":"2025-10-18T06:43:07","modified_gmt":"2025-10-18T04:43:07","slug":"nrs-ms-helium-jacket","status":"publish","type":"product","link":"https:\/\/aktivtuteliv.se\/vasteras\/produkt\/nrs-ms-helium-jacket\/","title":{"rendered":"NRS M&#8217;s Helium Jacket"},"content":{"rendered":"<p>NRS Men&#8217;s Helium Jacket \u00e4r en perfekt instegs-jacka f\u00f6r dig som vill ta din paddling till n\u00e4sta niv\u00e5! Tillverkad av vattent\u00e4tt men \u00e4nd\u00e5 andningsbart tyg s\u00e5 h\u00e5ller den dig torr och varm. Tack vare midjekjolen, som s\u00e4tts under kapellet med en \u00e5tsittande mudd runt, h\u00e5ller sig vattnet utanf\u00f6r sittbrunnen. Handlederna och halsen f\u00f6rsluts med kardborre mot vattnet.<\/p>\n<p>&nbsp;<\/p>\n<ul>\n<li>&#8211; Det vattent\u00e4ta materialet heter HyproTex som sl\u00e4pper ut on\u00f6dig v\u00e4rme och fukt<\/li>\n<li>&#8211; Bekv\u00e4m halst\u00e4tning<\/li>\n<li>&#8211; Tejpade s\u00f6mmar<\/li>\n<li>&#8211; Midjemudden \u00e4r justerbar<\/li>\n<li>&#8211; Har en mindre ficka p\u00e5 br\u00f6stet som man kommer \u00e5t \u00e4ven med flytv\u00e4st p\u00e5<\/li>\n<\/ul>\n<p>&nbsp;<\/p>\n<p id=\"availableSizes\">Available in the following sizes:\u00a0<span class=\"opt1\" data-size=\"S\">S<\/span>,\u00a0<span class=\"opt1\" data-size=\"M\">M<\/span>,\u00a0<span class=\"opt1\" data-size=\"L\">L<\/span>,\u00a0<span class=\"opt1\" data-size=\"XL\">XL<\/span>,\u00a0<span class=\"opt1\" data-size=\"XXL\">XXL<\/span><\/p>\n<table class=\"sizingTable hideNonAvailable\">\n<thead>\n<tr>\n<th>Size<\/th>\n<th>Height (cm)<\/th>\n<th>Weight (kg)<\/th>\n<th>Chest (cm)<\/th>\n<th>Waist (cm)<\/th>\n<\/tr>\n<\/thead>\n<tbody>\n<tr class=\"disableSizingRow\" data-size=\"XXS\">\n<td>XXS<\/td>\n<td>145-155<\/td>\n<td>36-45<\/td>\n<td>69-71<\/td>\n<td>58-66<\/td>\n<\/tr>\n<tr class=\"disableSizingRow\" data-size=\"XS\">\n<td>XS<\/td>\n<td>150-160<\/td>\n<td>41-57<\/td>\n<td>71-81<\/td>\n<td>66-74<\/td>\n<\/tr>\n<tr data-size=\"S\">\n<td>S<\/td>\n<td>157-167<\/td>\n<td>52-64<\/td>\n<td>81-91<\/td>\n<td>71-79<\/td>\n<\/tr>\n<tr data-size=\"M\">\n<td>M<\/td>\n<td>165-173<\/td>\n<td>59-75<\/td>\n<td>91-102<\/td>\n<td>76-84<\/td>\n<\/tr>\n<tr data-size=\"L\">\n<td>L<\/td>\n<td>170-183<\/td>\n<td>68-88<\/td>\n<td>99-109<\/td>\n<td>81-89<\/td>\n<\/tr>\n<tr data-size=\"XL\">\n<td>XL<\/td>\n<td>178-188<\/td>\n<td>84-102<\/td>\n<td>107-117<\/td>\n<td>86-94<\/td>\n<\/tr>\n<tr data-size=\"XXL\">\n<td>XXL<\/td>\n<td>185-193<\/td>\n<td>98-111<\/td>\n<td>117-127<\/td>\n<td>91-107<\/td>\n<\/tr>\n<tr class=\"disableSizingRow\" data-size=\"3XL\">\n<td>3XL<\/td>\n<td>191-196<\/td>\n<td>104-116<\/td>\n<td>124-132<\/td>\n<td>91-112<\/td>\n<\/tr>\n<tr class=\"disableSizingRow\" data-size=\"4XL\">\n<td>4XL<\/td>\n<td>193-198<\/td>\n<td>111+<\/td>\n<td>130-135<\/td>\n<td>109-117<\/td>\n<\/tr>\n<\/tbody>\n<\/table>\n<p>&nbsp;<\/p>\n","protected":false},"excerpt":{"rendered":"<p>NRS Men&#8217;s Helium Jacket \u00e4r en perfekt instegs-jacka f\u00f6r dig som vill ta din paddling till n\u00e4sta niv\u00e5! Tillverkad av vattent\u00e4tt men \u00e4nd\u00e5 andningsbart tyg s\u00e5 h\u00e5ller den dig torr [&hellip;]<\/p>\n","protected":false},"featured_media":66254,"template":"","meta":{"_acf_changed":false},"product_cat":[754,855],"product_tag":[],"er_categories":[],"er_brands":[],"er_seasons":[],"class_list":{"0":"post-74093","1":"product","2":"type-product","3":"status-publish","4":"has-post-thumbnail","6":"product_cat-kajak","7":"product_cat-klader-kajak","8":"product_shipping_class-normal","9":"pa_marke-nrs","11":"first","12":"instock","13":"taxable","14":"shipping-taxable","15":"purchasable","16":"product-type-variable","17":"has-default-attributes"},"acf":[],"yoast_head":"<!-- This site is optimized with the Yoast SEO plugin v23.0 - https:\/\/yoast.com\/wordpress\/plugins\/seo\/ -->\n<title>NRS M&#039;s Helium Jacket - V\u00e4ster\u00e5s<\/title>\n<meta name=\"robots\" content=\"index, follow, max-snippet:-1, max-image-preview:large, max-video-preview:-1\" \/>\n<link rel=\"canonical\" href=\"https:\/\/aktivtuteliv.se\/vasteras\/produkt\/nrs-ms-helium-jacket\/\" \/>\n<meta property=\"og:locale\" content=\"sv_SE\" \/>\n<meta property=\"og:type\" content=\"article\" \/>\n<meta property=\"og:title\" content=\"NRS M&#039;s Helium Jacket - V\u00e4ster\u00e5s\" \/>\n<meta property=\"og:description\" content=\"NRS Men&#8217;s Helium Jacket \u00e4r en perfekt instegs-jacka f\u00f6r dig som vill ta din paddling till n\u00e4sta niv\u00e5! Tillverkad av vattent\u00e4tt men \u00e4nd\u00e5 andningsbart tyg s\u00e5 h\u00e5ller den dig torr [&hellip;]\" \/>\n<meta property=\"og:url\" content=\"https:\/\/aktivtuteliv.se\/vasteras\/produkt\/nrs-ms-helium-jacket\/\" \/>\n<meta property=\"og:site_name\" content=\"V\u00e4ster\u00e5s\" \/>\n<meta property=\"article:publisher\" content=\"https:\/\/www.facebook.com\/aktivtutelivbjornogarden\" \/>\n<meta property=\"article:modified_time\" content=\"2025-10-18T04:43:07+00:00\" \/>\n<meta property=\"og:image\" content=\"https:\/\/aktivtuteliv.se\/vasteras\/wp-content\/uploads\/sites\/4\/2022\/05\/NRS-Helium-Jacket-M.jpg\" \/>\n\t<meta property=\"og:image:width\" content=\"1080\" \/>\n\t<meta property=\"og:image:height\" content=\"1080\" \/>\n\t<meta property=\"og:image:type\" content=\"image\/jpeg\" \/>\n<meta name=\"twitter:card\" content=\"summary_large_image\" \/>\n<meta name=\"twitter:site\" content=\"@aktivtuteliv\" \/>\n<meta name=\"twitter:label1\" content=\"Ber\u00e4knad l\u00e4stid\" \/>\n\t<meta name=\"twitter:data1\" content=\"1 minut\" \/>\n<script type=\"application\/ld+json\" class=\"yoast-schema-graph\">{\"@context\":\"https:\/\/schema.org\",\"@graph\":[{\"@type\":\"WebPage\",\"@id\":\"https:\/\/aktivtuteliv.se\/vasteras\/produkt\/nrs-ms-helium-jacket\/\",\"url\":\"https:\/\/aktivtuteliv.se\/vasteras\/produkt\/nrs-ms-helium-jacket\/\",\"name\":\"NRS M's Helium Jacket - V\u00e4ster\u00e5s\",\"isPartOf\":{\"@id\":\"https:\/\/aktivtuteliv.se\/vasteras\/#website\"},\"primaryImageOfPage\":{\"@id\":\"https:\/\/aktivtuteliv.se\/vasteras\/produkt\/nrs-ms-helium-jacket\/#primaryimage\"},\"image\":{\"@id\":\"https:\/\/aktivtuteliv.se\/vasteras\/produkt\/nrs-ms-helium-jacket\/#primaryimage\"},\"thumbnailUrl\":\"https:\/\/e5gp8rwuod7.exactdn.com\/vasteras\/wp-content\/uploads\/sites\/4\/2022\/05\/NRS-Helium-Jacket-M.jpg?strip=all&lossy=1&ssl=1\",\"datePublished\":\"2024-11-05T11:54:42+00:00\",\"dateModified\":\"2025-10-18T04:43:07+00:00\",\"breadcrumb\":{\"@id\":\"https:\/\/aktivtuteliv.se\/vasteras\/produkt\/nrs-ms-helium-jacket\/#breadcrumb\"},\"inLanguage\":\"sv-SE\",\"potentialAction\":[{\"@type\":\"ReadAction\",\"target\":[\"https:\/\/aktivtuteliv.se\/vasteras\/produkt\/nrs-ms-helium-jacket\/\"]}]},{\"@type\":\"ImageObject\",\"inLanguage\":\"sv-SE\",\"@id\":\"https:\/\/aktivtuteliv.se\/vasteras\/produkt\/nrs-ms-helium-jacket\/#primaryimage\",\"url\":\"https:\/\/e5gp8rwuod7.exactdn.com\/vasteras\/wp-content\/uploads\/sites\/4\/2022\/05\/NRS-Helium-Jacket-M.jpg?strip=all&lossy=1&ssl=1\",\"contentUrl\":\"https:\/\/e5gp8rwuod7.exactdn.com\/vasteras\/wp-content\/uploads\/sites\/4\/2022\/05\/NRS-Helium-Jacket-M.jpg?strip=all&lossy=1&ssl=1\",\"width\":1080,\"height\":1080,\"caption\":\"NRS Men's Helium Splash Jacket\"},{\"@type\":\"BreadcrumbList\",\"@id\":\"https:\/\/aktivtuteliv.se\/vasteras\/produkt\/nrs-ms-helium-jacket\/#breadcrumb\",\"itemListElement\":[{\"@type\":\"ListItem\",\"position\":1,\"name\":\"Home\",\"item\":\"https:\/\/aktivtuteliv.se\/vasteras\/\"},{\"@type\":\"ListItem\",\"position\":2,\"name\":\"Webbutik\",\"item\":\"https:\/\/aktivtuteliv.se\/vasteras\/butik\/\"},{\"@type\":\"ListItem\",\"position\":3,\"name\":\"NRS M&#8217;s Helium Jacket\"}]},{\"@type\":\"WebSite\",\"@id\":\"https:\/\/aktivtuteliv.se\/vasteras\/#website\",\"url\":\"https:\/\/aktivtuteliv.se\/vasteras\/\",\"name\":\"Aktivt Uteliv Bj\u00f6rn\u00f6g\u00e5rden\",\"description\":\"Ett friluftscenter i V\u00e4ster\u00e5s\",\"publisher\":{\"@id\":\"https:\/\/aktivtuteliv.se\/vasteras\/#organization\"},\"potentialAction\":[{\"@type\":\"SearchAction\",\"target\":{\"@type\":\"EntryPoint\",\"urlTemplate\":\"https:\/\/aktivtuteliv.se\/vasteras\/?s={search_term_string}\"},\"query-input\":\"required name=search_term_string\"}],\"inLanguage\":\"sv-SE\"},{\"@type\":\"Organization\",\"@id\":\"https:\/\/aktivtuteliv.se\/vasteras\/#organization\",\"name\":\"Aktivt Uteliv Bj\u00f6rn\u00f6g\u00e5rden\",\"url\":\"https:\/\/aktivtuteliv.se\/vasteras\/\",\"logo\":{\"@type\":\"ImageObject\",\"inLanguage\":\"sv-SE\",\"@id\":\"https:\/\/aktivtuteliv.se\/vasteras\/#\/schema\/logo\/image\/\",\"url\":\"https:\/\/e5gp8rwuod7.exactdn.com\/vasteras\/wp-content\/uploads\/sites\/4\/2025\/01\/AUB-pms.png?strip=all&lossy=1&ssl=1\",\"contentUrl\":\"https:\/\/e5gp8rwuod7.exactdn.com\/vasteras\/wp-content\/uploads\/sites\/4\/2025\/01\/AUB-pms.png?strip=all&lossy=1&ssl=1\",\"width\":1894,\"height\":1165,\"caption\":\"Aktivt Uteliv Bj\u00f6rn\u00f6g\u00e5rden\"},\"image\":{\"@id\":\"https:\/\/aktivtuteliv.se\/vasteras\/#\/schema\/logo\/image\/\"},\"sameAs\":[\"https:\/\/www.facebook.com\/aktivtutelivbjornogarden\",\"https:\/\/x.com\/aktivtuteliv\",\"https:\/\/www.instagram.com\/aktivtuteliv_bjornogarden\"]}]}<\/script>\n<!-- \/ Yoast SEO plugin. -->","yoast_head_json":{"title":"NRS M's Helium Jacket - V\u00e4ster\u00e5s","robots":{"index":"index","follow":"follow","max-snippet":"max-snippet:-1","max-image-preview":"max-image-preview:large","max-video-preview":"max-video-preview:-1"},"canonical":"https:\/\/aktivtuteliv.se\/vasteras\/produkt\/nrs-ms-helium-jacket\/","og_locale":"sv_SE","og_type":"article","og_title":"NRS M's Helium Jacket - V\u00e4ster\u00e5s","og_description":"NRS Men&#8217;s Helium Jacket \u00e4r en perfekt instegs-jacka f\u00f6r dig som vill ta din paddling till n\u00e4sta niv\u00e5! Tillverkad av vattent\u00e4tt men \u00e4nd\u00e5 andningsbart tyg s\u00e5 h\u00e5ller den dig torr [&hellip;]","og_url":"https:\/\/aktivtuteliv.se\/vasteras\/produkt\/nrs-ms-helium-jacket\/","og_site_name":"V\u00e4ster\u00e5s","article_publisher":"https:\/\/www.facebook.com\/aktivtutelivbjornogarden","article_modified_time":"2025-10-18T04:43:07+00:00","og_image":[{"width":1080,"height":1080,"url":"https:\/\/aktivtuteliv.se\/vasteras\/wp-content\/uploads\/sites\/4\/2022\/05\/NRS-Helium-Jacket-M.jpg","type":"image\/jpeg"}],"twitter_card":"summary_large_image","twitter_site":"@aktivtuteliv","twitter_misc":{"Ber\u00e4knad l\u00e4stid":"1 minut"},"schema":{"@context":"https:\/\/schema.org","@graph":[{"@type":"WebPage","@id":"https:\/\/aktivtuteliv.se\/vasteras\/produkt\/nrs-ms-helium-jacket\/","url":"https:\/\/aktivtuteliv.se\/vasteras\/produkt\/nrs-ms-helium-jacket\/","name":"NRS M's Helium Jacket - V\u00e4ster\u00e5s","isPartOf":{"@id":"https:\/\/aktivtuteliv.se\/vasteras\/#website"},"primaryImageOfPage":{"@id":"https:\/\/aktivtuteliv.se\/vasteras\/produkt\/nrs-ms-helium-jacket\/#primaryimage"},"image":{"@id":"https:\/\/aktivtuteliv.se\/vasteras\/produkt\/nrs-ms-helium-jacket\/#primaryimage"},"thumbnailUrl":"https:\/\/e5gp8rwuod7.exactdn.com\/vasteras\/wp-content\/uploads\/sites\/4\/2022\/05\/NRS-Helium-Jacket-M.jpg?strip=all&lossy=1&ssl=1","datePublished":"2024-11-05T11:54:42+00:00","dateModified":"2025-10-18T04:43:07+00:00","breadcrumb":{"@id":"https:\/\/aktivtuteliv.se\/vasteras\/produkt\/nrs-ms-helium-jacket\/#breadcrumb"},"inLanguage":"sv-SE","potentialAction":[{"@type":"ReadAction","target":["https:\/\/aktivtuteliv.se\/vasteras\/produkt\/nrs-ms-helium-jacket\/"]}]},{"@type":"ImageObject","inLanguage":"sv-SE","@id":"https:\/\/aktivtuteliv.se\/vasteras\/produkt\/nrs-ms-helium-jacket\/#primaryimage","url":"https:\/\/e5gp8rwuod7.exactdn.com\/vasteras\/wp-content\/uploads\/sites\/4\/2022\/05\/NRS-Helium-Jacket-M.jpg?strip=all&lossy=1&ssl=1","contentUrl":"https:\/\/e5gp8rwuod7.exactdn.com\/vasteras\/wp-content\/uploads\/sites\/4\/2022\/05\/NRS-Helium-Jacket-M.jpg?strip=all&lossy=1&ssl=1","width":1080,"height":1080,"caption":"NRS Men's Helium Splash Jacket"},{"@type":"BreadcrumbList","@id":"https:\/\/aktivtuteliv.se\/vasteras\/produkt\/nrs-ms-helium-jacket\/#breadcrumb","itemListElement":[{"@type":"ListItem","position":1,"name":"Home","item":"https:\/\/aktivtuteliv.se\/vasteras\/"},{"@type":"ListItem","position":2,"name":"Webbutik","item":"https:\/\/aktivtuteliv.se\/vasteras\/butik\/"},{"@type":"ListItem","position":3,"name":"NRS M&#8217;s Helium Jacket"}]},{"@type":"WebSite","@id":"https:\/\/aktivtuteliv.se\/vasteras\/#website","url":"https:\/\/aktivtuteliv.se\/vasteras\/","name":"Aktivt Uteliv Bj\u00f6rn\u00f6g\u00e5rden","description":"Ett friluftscenter i V\u00e4ster\u00e5s","publisher":{"@id":"https:\/\/aktivtuteliv.se\/vasteras\/#organization"},"potentialAction":[{"@type":"SearchAction","target":{"@type":"EntryPoint","urlTemplate":"https:\/\/aktivtuteliv.se\/vasteras\/?s={search_term_string}"},"query-input":"required name=search_term_string"}],"inLanguage":"sv-SE"},{"@type":"Organization","@id":"https:\/\/aktivtuteliv.se\/vasteras\/#organization","name":"Aktivt Uteliv Bj\u00f6rn\u00f6g\u00e5rden","url":"https:\/\/aktivtuteliv.se\/vasteras\/","logo":{"@type":"ImageObject","inLanguage":"sv-SE","@id":"https:\/\/aktivtuteliv.se\/vasteras\/#\/schema\/logo\/image\/","url":"https:\/\/e5gp8rwuod7.exactdn.com\/vasteras\/wp-content\/uploads\/sites\/4\/2025\/01\/AUB-pms.png?strip=all&lossy=1&ssl=1","contentUrl":"https:\/\/e5gp8rwuod7.exactdn.com\/vasteras\/wp-content\/uploads\/sites\/4\/2025\/01\/AUB-pms.png?strip=all&lossy=1&ssl=1","width":1894,"height":1165,"caption":"Aktivt Uteliv Bj\u00f6rn\u00f6g\u00e5rden"},"image":{"@id":"https:\/\/aktivtuteliv.se\/vasteras\/#\/schema\/logo\/image\/"},"sameAs":["https:\/\/www.facebook.com\/aktivtutelivbjornogarden","https:\/\/x.com\/aktivtuteliv","https:\/\/www.instagram.com\/aktivtuteliv_bjornogarden"]}]}},"_links":{"self":[{"href":"https:\/\/aktivtuteliv.se\/vasteras\/wp-json\/wp\/v2\/product\/74093","targetHints":{"allow":["GET"]}}],"collection":[{"href":"https:\/\/aktivtuteliv.se\/vasteras\/wp-json\/wp\/v2\/product"}],"about":[{"href":"https:\/\/aktivtuteliv.se\/vasteras\/wp-json\/wp\/v2\/types\/product"}],"wp:featuredmedia":[{"embeddable":true,"href":"https:\/\/aktivtuteliv.se\/vasteras\/wp-json\/wp\/v2\/media\/66254"}],"wp:attachment":[{"href":"https:\/\/aktivtuteliv.se\/vasteras\/wp-json\/wp\/v2\/media?parent=74093"}],"wp:term":[{"taxonomy":"product_cat","embeddable":true,"href":"https:\/\/aktivtuteliv.se\/vasteras\/wp-json\/wp\/v2\/product_cat?post=74093"},{"taxonomy":"product_tag","embeddable":true,"href":"https:\/\/aktivtuteliv.se\/vasteras\/wp-json\/wp\/v2\/product_tag?post=74093"},{"taxonomy":"er_categories","embeddable":true,"href":"https:\/\/aktivtuteliv.se\/vasteras\/wp-json\/wp\/v2\/er_categories?post=74093"},{"taxonomy":"er_brands","embeddable":true,"href":"https:\/\/aktivtuteliv.se\/vasteras\/wp-json\/wp\/v2\/er_brands?post=74093"},{"taxonomy":"er_seasons","embeddable":true,"href":"https:\/\/aktivtuteliv.se\/vasteras\/wp-json\/wp\/v2\/er_seasons?post=74093"}],"curies":[{"name":"wp","href":"https:\/\/api.w.org\/{rel}","templated":true}]}}