{"id":74141,"date":"2024-11-05T11:54:57","date_gmt":"2024-11-05T11:54:57","guid":{"rendered":"https:\/\/aktivtuteliv.se\/vasteras\/?post_type=product&#038;p=74141"},"modified":"2025-10-18T06:43:06","modified_gmt":"2025-10-18T04:43:06","slug":"nrs-ws-hydroskin-05-jacket","status":"publish","type":"product","link":"https:\/\/aktivtuteliv.se\/vasteras\/produkt\/nrs-ws-hydroskin-05-jacket\/","title":{"rendered":"NRS W&#8217;s HydroSkin 0,5 Jacket"},"content":{"rendered":"<p>NRS Women&#8217;s HydroSkin 0.5 Jacket \u00e4r en m\u00e5ngsidig paddeljacka som du kan anv\u00e4nda \u00e5ret runt. Den stretchiga passformen g\u00f6r att den sitter n\u00e4ra kroppen utan att hindra paddelr\u00f6relsen. Jackan \u00e4r mjuk och sk\u00f6n p\u00e5 insidan, men har ett 0,5 mm tjockt neoprenlager f\u00f6r att h\u00e5lla v\u00e4rmen \u00e4ven n\u00e4r den blir bl\u00f6t. Anv\u00e4nd den som den \u00e4r direkt mot kroppen och reglera temperaturen med dragkedjan under sommarhalv\u00e5ret eller anv\u00e4nd den ihop med t.ex. en Long John eller torrdr\u00e4kt om du ska paddla n\u00e4r det \u00e4r riktigt kallt.<\/p>\n<p>&nbsp;<\/p>\n<p id=\"availableSizes\">Available in the following sizes:\u00a0<span class=\"opt1\" data-size=\"S\">S<\/span>,\u00a0<span class=\"opt1\" data-size=\"M\">M<\/span>,\u00a0<span class=\"opt1\" data-size=\"L\">L<\/span>,\u00a0<span class=\"opt1\" data-size=\"XL\">XL<\/span><\/p>\n<table class=\"sizingTable hideNonAvailable\">\n<thead>\n<tr>\n<th>Size<\/th>\n<th>Height (cm)<\/th>\n<th>Weight (kg)<\/th>\n<th>Bust (cm)<\/th>\n<th>Waist (cm)<\/th>\n<th>Hips (cm)<\/th>\n<th>Numeric Size<\/th>\n<\/tr>\n<\/thead>\n<tbody>\n<tr class=\"disableSizingRow\" data-size=\"XS\">\n<td>XS<\/td>\n<td>142-157<\/td>\n<td>41-52<\/td>\n<td>76-84<\/td>\n<td>61-69<\/td>\n<td>86-94<\/td>\n<td>4<\/td>\n<\/tr>\n<tr data-size=\"S\">\n<td>S<\/td>\n<td>155-168<\/td>\n<td>50-61<\/td>\n<td>81-86<\/td>\n<td>66-76<\/td>\n<td>91-99<\/td>\n<td>6<\/td>\n<\/tr>\n<tr data-size=\"M\">\n<td>M<\/td>\n<td>165-173<\/td>\n<td>59-70<\/td>\n<td>84-94<\/td>\n<td>74-84<\/td>\n<td>97-107<\/td>\n<td>8<\/td>\n<\/tr>\n<tr data-size=\"L\">\n<td>L<\/td>\n<td>170-178<\/td>\n<td>68-82<\/td>\n<td>89-99<\/td>\n<td>81-91<\/td>\n<td>102-112<\/td>\n<td>10<\/td>\n<\/tr>\n<tr data-size=\"XL\">\n<td>XL<\/td>\n<td>175-183<\/td>\n<td>79-95<\/td>\n<td>97-107<\/td>\n<td>89-99<\/td>\n<td>107-117<\/td>\n<td>12 &#8211; 14<\/td>\n<\/tr>\n<tr class=\"disableSizingRow\" data-size=\"XXL\">\n<td>XXL<\/td>\n<td>180-188<\/td>\n<td>91-100<\/td>\n<td>104-109<\/td>\n<td>97-104<\/td>\n<td>112-122<\/td>\n<td>16 &#8211; 18<\/td>\n<\/tr>\n<\/tbody>\n<\/table>\n<p>&nbsp;<\/p>\n<p>&nbsp;<\/p>\n<p>&nbsp;<\/p>\n","protected":false},"excerpt":{"rendered":"<p>NRS Women&#8217;s HydroSkin 0.5 Jacket \u00e4r en m\u00e5ngsidig paddeljacka som du kan anv\u00e4nda \u00e5ret runt. Den stretchiga passformen g\u00f6r att den sitter n\u00e4ra kroppen utan att hindra paddelr\u00f6relsen. Jackan \u00e4r [&hellip;]<\/p>\n","protected":false},"featured_media":66235,"template":"","meta":{"_acf_changed":false},"product_cat":[754,855],"product_tag":[],"er_categories":[],"er_brands":[],"er_seasons":[],"class_list":{"0":"post-74141","1":"product","2":"type-product","3":"status-publish","4":"has-post-thumbnail","6":"product_cat-kajak","7":"product_cat-klader-kajak","8":"product_shipping_class-normal","9":"pa_marke-nrs","10":"pa_sasong-766","12":"first","13":"instock","14":"taxable","15":"shipping-taxable","16":"purchasable","17":"product-type-variable","18":"has-default-attributes"},"acf":[],"yoast_head":"<!-- This site is optimized with the Yoast SEO plugin v23.0 - https:\/\/yoast.com\/wordpress\/plugins\/seo\/ -->\n<title>NRS W&#039;s HydroSkin 0,5 Jacket - V\u00e4ster\u00e5s<\/title>\n<meta name=\"robots\" content=\"index, follow, max-snippet:-1, max-image-preview:large, max-video-preview:-1\" \/>\n<link rel=\"canonical\" href=\"https:\/\/aktivtuteliv.se\/vasteras\/produkt\/nrs-ws-hydroskin-05-jacket\/\" \/>\n<meta property=\"og:locale\" content=\"sv_SE\" \/>\n<meta property=\"og:type\" content=\"article\" \/>\n<meta property=\"og:title\" content=\"NRS W&#039;s HydroSkin 0,5 Jacket - V\u00e4ster\u00e5s\" \/>\n<meta property=\"og:description\" content=\"NRS Women&#8217;s HydroSkin 0.5 Jacket \u00e4r en m\u00e5ngsidig paddeljacka som du kan anv\u00e4nda \u00e5ret runt. Den stretchiga passformen g\u00f6r att den sitter n\u00e4ra kroppen utan att hindra paddelr\u00f6relsen. Jackan \u00e4r [&hellip;]\" \/>\n<meta property=\"og:url\" content=\"https:\/\/aktivtuteliv.se\/vasteras\/produkt\/nrs-ws-hydroskin-05-jacket\/\" \/>\n<meta property=\"og:site_name\" content=\"V\u00e4ster\u00e5s\" \/>\n<meta property=\"article:publisher\" content=\"https:\/\/www.facebook.com\/aktivtutelivbjornogarden\" \/>\n<meta property=\"article:modified_time\" content=\"2025-10-18T04:43:06+00:00\" \/>\n<meta property=\"og:image\" content=\"https:\/\/aktivtuteliv.se\/vasteras\/wp-content\/uploads\/sites\/4\/2022\/05\/NRS-Hydroskin-Jacket-W.jpg\" \/>\n\t<meta property=\"og:image:width\" content=\"1080\" \/>\n\t<meta property=\"og:image:height\" content=\"1080\" \/>\n\t<meta property=\"og:image:type\" content=\"image\/jpeg\" \/>\n<meta name=\"twitter:card\" content=\"summary_large_image\" \/>\n<meta name=\"twitter:site\" content=\"@aktivtuteliv\" \/>\n<meta name=\"twitter:label1\" content=\"Ber\u00e4knad l\u00e4stid\" \/>\n\t<meta name=\"twitter:data1\" content=\"1 minut\" \/>\n<script type=\"application\/ld+json\" class=\"yoast-schema-graph\">{\"@context\":\"https:\/\/schema.org\",\"@graph\":[{\"@type\":\"WebPage\",\"@id\":\"https:\/\/aktivtuteliv.se\/vasteras\/produkt\/nrs-ws-hydroskin-05-jacket\/\",\"url\":\"https:\/\/aktivtuteliv.se\/vasteras\/produkt\/nrs-ws-hydroskin-05-jacket\/\",\"name\":\"NRS W's HydroSkin 0,5 Jacket - V\u00e4ster\u00e5s\",\"isPartOf\":{\"@id\":\"https:\/\/aktivtuteliv.se\/vasteras\/#website\"},\"primaryImageOfPage\":{\"@id\":\"https:\/\/aktivtuteliv.se\/vasteras\/produkt\/nrs-ws-hydroskin-05-jacket\/#primaryimage\"},\"image\":{\"@id\":\"https:\/\/aktivtuteliv.se\/vasteras\/produkt\/nrs-ws-hydroskin-05-jacket\/#primaryimage\"},\"thumbnailUrl\":\"https:\/\/e5gp8rwuod7.exactdn.com\/vasteras\/wp-content\/uploads\/sites\/4\/2022\/05\/NRS-Hydroskin-Jacket-W.jpg?strip=all&lossy=1&ssl=1\",\"datePublished\":\"2024-11-05T11:54:57+00:00\",\"dateModified\":\"2025-10-18T04:43:06+00:00\",\"breadcrumb\":{\"@id\":\"https:\/\/aktivtuteliv.se\/vasteras\/produkt\/nrs-ws-hydroskin-05-jacket\/#breadcrumb\"},\"inLanguage\":\"sv-SE\",\"potentialAction\":[{\"@type\":\"ReadAction\",\"target\":[\"https:\/\/aktivtuteliv.se\/vasteras\/produkt\/nrs-ws-hydroskin-05-jacket\/\"]}]},{\"@type\":\"ImageObject\",\"inLanguage\":\"sv-SE\",\"@id\":\"https:\/\/aktivtuteliv.se\/vasteras\/produkt\/nrs-ws-hydroskin-05-jacket\/#primaryimage\",\"url\":\"https:\/\/e5gp8rwuod7.exactdn.com\/vasteras\/wp-content\/uploads\/sites\/4\/2022\/05\/NRS-Hydroskin-Jacket-W.jpg?strip=all&lossy=1&ssl=1\",\"contentUrl\":\"https:\/\/e5gp8rwuod7.exactdn.com\/vasteras\/wp-content\/uploads\/sites\/4\/2022\/05\/NRS-Hydroskin-Jacket-W.jpg?strip=all&lossy=1&ssl=1\",\"width\":1080,\"height\":1080,\"caption\":\"NRS Hydroskin Jacket W\"},{\"@type\":\"BreadcrumbList\",\"@id\":\"https:\/\/aktivtuteliv.se\/vasteras\/produkt\/nrs-ws-hydroskin-05-jacket\/#breadcrumb\",\"itemListElement\":[{\"@type\":\"ListItem\",\"position\":1,\"name\":\"Home\",\"item\":\"https:\/\/aktivtuteliv.se\/vasteras\/\"},{\"@type\":\"ListItem\",\"position\":2,\"name\":\"Webbutik\",\"item\":\"https:\/\/aktivtuteliv.se\/vasteras\/butik\/\"},{\"@type\":\"ListItem\",\"position\":3,\"name\":\"NRS W&#8217;s HydroSkin 0,5 Jacket\"}]},{\"@type\":\"WebSite\",\"@id\":\"https:\/\/aktivtuteliv.se\/vasteras\/#website\",\"url\":\"https:\/\/aktivtuteliv.se\/vasteras\/\",\"name\":\"Aktivt Uteliv Bj\u00f6rn\u00f6g\u00e5rden\",\"description\":\"Ett friluftscenter i V\u00e4ster\u00e5s\",\"publisher\":{\"@id\":\"https:\/\/aktivtuteliv.se\/vasteras\/#organization\"},\"potentialAction\":[{\"@type\":\"SearchAction\",\"target\":{\"@type\":\"EntryPoint\",\"urlTemplate\":\"https:\/\/aktivtuteliv.se\/vasteras\/?s={search_term_string}\"},\"query-input\":\"required name=search_term_string\"}],\"inLanguage\":\"sv-SE\"},{\"@type\":\"Organization\",\"@id\":\"https:\/\/aktivtuteliv.se\/vasteras\/#organization\",\"name\":\"Aktivt Uteliv Bj\u00f6rn\u00f6g\u00e5rden\",\"url\":\"https:\/\/aktivtuteliv.se\/vasteras\/\",\"logo\":{\"@type\":\"ImageObject\",\"inLanguage\":\"sv-SE\",\"@id\":\"https:\/\/aktivtuteliv.se\/vasteras\/#\/schema\/logo\/image\/\",\"url\":\"https:\/\/e5gp8rwuod7.exactdn.com\/vasteras\/wp-content\/uploads\/sites\/4\/2025\/01\/AUB-pms.png?strip=all&lossy=1&ssl=1\",\"contentUrl\":\"https:\/\/e5gp8rwuod7.exactdn.com\/vasteras\/wp-content\/uploads\/sites\/4\/2025\/01\/AUB-pms.png?strip=all&lossy=1&ssl=1\",\"width\":1894,\"height\":1165,\"caption\":\"Aktivt Uteliv Bj\u00f6rn\u00f6g\u00e5rden\"},\"image\":{\"@id\":\"https:\/\/aktivtuteliv.se\/vasteras\/#\/schema\/logo\/image\/\"},\"sameAs\":[\"https:\/\/www.facebook.com\/aktivtutelivbjornogarden\",\"https:\/\/x.com\/aktivtuteliv\",\"https:\/\/www.instagram.com\/aktivtuteliv_bjornogarden\"]}]}<\/script>\n<!-- \/ Yoast SEO plugin. -->","yoast_head_json":{"title":"NRS W's HydroSkin 0,5 Jacket - V\u00e4ster\u00e5s","robots":{"index":"index","follow":"follow","max-snippet":"max-snippet:-1","max-image-preview":"max-image-preview:large","max-video-preview":"max-video-preview:-1"},"canonical":"https:\/\/aktivtuteliv.se\/vasteras\/produkt\/nrs-ws-hydroskin-05-jacket\/","og_locale":"sv_SE","og_type":"article","og_title":"NRS W's HydroSkin 0,5 Jacket - V\u00e4ster\u00e5s","og_description":"NRS Women&#8217;s HydroSkin 0.5 Jacket \u00e4r en m\u00e5ngsidig paddeljacka som du kan anv\u00e4nda \u00e5ret runt. Den stretchiga passformen g\u00f6r att den sitter n\u00e4ra kroppen utan att hindra paddelr\u00f6relsen. Jackan \u00e4r [&hellip;]","og_url":"https:\/\/aktivtuteliv.se\/vasteras\/produkt\/nrs-ws-hydroskin-05-jacket\/","og_site_name":"V\u00e4ster\u00e5s","article_publisher":"https:\/\/www.facebook.com\/aktivtutelivbjornogarden","article_modified_time":"2025-10-18T04:43:06+00:00","og_image":[{"width":1080,"height":1080,"url":"https:\/\/aktivtuteliv.se\/vasteras\/wp-content\/uploads\/sites\/4\/2022\/05\/NRS-Hydroskin-Jacket-W.jpg","type":"image\/jpeg"}],"twitter_card":"summary_large_image","twitter_site":"@aktivtuteliv","twitter_misc":{"Ber\u00e4knad l\u00e4stid":"1 minut"},"schema":{"@context":"https:\/\/schema.org","@graph":[{"@type":"WebPage","@id":"https:\/\/aktivtuteliv.se\/vasteras\/produkt\/nrs-ws-hydroskin-05-jacket\/","url":"https:\/\/aktivtuteliv.se\/vasteras\/produkt\/nrs-ws-hydroskin-05-jacket\/","name":"NRS W's HydroSkin 0,5 Jacket - V\u00e4ster\u00e5s","isPartOf":{"@id":"https:\/\/aktivtuteliv.se\/vasteras\/#website"},"primaryImageOfPage":{"@id":"https:\/\/aktivtuteliv.se\/vasteras\/produkt\/nrs-ws-hydroskin-05-jacket\/#primaryimage"},"image":{"@id":"https:\/\/aktivtuteliv.se\/vasteras\/produkt\/nrs-ws-hydroskin-05-jacket\/#primaryimage"},"thumbnailUrl":"https:\/\/e5gp8rwuod7.exactdn.com\/vasteras\/wp-content\/uploads\/sites\/4\/2022\/05\/NRS-Hydroskin-Jacket-W.jpg?strip=all&lossy=1&ssl=1","datePublished":"2024-11-05T11:54:57+00:00","dateModified":"2025-10-18T04:43:06+00:00","breadcrumb":{"@id":"https:\/\/aktivtuteliv.se\/vasteras\/produkt\/nrs-ws-hydroskin-05-jacket\/#breadcrumb"},"inLanguage":"sv-SE","potentialAction":[{"@type":"ReadAction","target":["https:\/\/aktivtuteliv.se\/vasteras\/produkt\/nrs-ws-hydroskin-05-jacket\/"]}]},{"@type":"ImageObject","inLanguage":"sv-SE","@id":"https:\/\/aktivtuteliv.se\/vasteras\/produkt\/nrs-ws-hydroskin-05-jacket\/#primaryimage","url":"https:\/\/e5gp8rwuod7.exactdn.com\/vasteras\/wp-content\/uploads\/sites\/4\/2022\/05\/NRS-Hydroskin-Jacket-W.jpg?strip=all&lossy=1&ssl=1","contentUrl":"https:\/\/e5gp8rwuod7.exactdn.com\/vasteras\/wp-content\/uploads\/sites\/4\/2022\/05\/NRS-Hydroskin-Jacket-W.jpg?strip=all&lossy=1&ssl=1","width":1080,"height":1080,"caption":"NRS Hydroskin Jacket W"},{"@type":"BreadcrumbList","@id":"https:\/\/aktivtuteliv.se\/vasteras\/produkt\/nrs-ws-hydroskin-05-jacket\/#breadcrumb","itemListElement":[{"@type":"ListItem","position":1,"name":"Home","item":"https:\/\/aktivtuteliv.se\/vasteras\/"},{"@type":"ListItem","position":2,"name":"Webbutik","item":"https:\/\/aktivtuteliv.se\/vasteras\/butik\/"},{"@type":"ListItem","position":3,"name":"NRS W&#8217;s HydroSkin 0,5 Jacket"}]},{"@type":"WebSite","@id":"https:\/\/aktivtuteliv.se\/vasteras\/#website","url":"https:\/\/aktivtuteliv.se\/vasteras\/","name":"Aktivt Uteliv Bj\u00f6rn\u00f6g\u00e5rden","description":"Ett friluftscenter i V\u00e4ster\u00e5s","publisher":{"@id":"https:\/\/aktivtuteliv.se\/vasteras\/#organization"},"potentialAction":[{"@type":"SearchAction","target":{"@type":"EntryPoint","urlTemplate":"https:\/\/aktivtuteliv.se\/vasteras\/?s={search_term_string}"},"query-input":"required name=search_term_string"}],"inLanguage":"sv-SE"},{"@type":"Organization","@id":"https:\/\/aktivtuteliv.se\/vasteras\/#organization","name":"Aktivt Uteliv Bj\u00f6rn\u00f6g\u00e5rden","url":"https:\/\/aktivtuteliv.se\/vasteras\/","logo":{"@type":"ImageObject","inLanguage":"sv-SE","@id":"https:\/\/aktivtuteliv.se\/vasteras\/#\/schema\/logo\/image\/","url":"https:\/\/e5gp8rwuod7.exactdn.com\/vasteras\/wp-content\/uploads\/sites\/4\/2025\/01\/AUB-pms.png?strip=all&lossy=1&ssl=1","contentUrl":"https:\/\/e5gp8rwuod7.exactdn.com\/vasteras\/wp-content\/uploads\/sites\/4\/2025\/01\/AUB-pms.png?strip=all&lossy=1&ssl=1","width":1894,"height":1165,"caption":"Aktivt Uteliv Bj\u00f6rn\u00f6g\u00e5rden"},"image":{"@id":"https:\/\/aktivtuteliv.se\/vasteras\/#\/schema\/logo\/image\/"},"sameAs":["https:\/\/www.facebook.com\/aktivtutelivbjornogarden","https:\/\/x.com\/aktivtuteliv","https:\/\/www.instagram.com\/aktivtuteliv_bjornogarden"]}]}},"_links":{"self":[{"href":"https:\/\/aktivtuteliv.se\/vasteras\/wp-json\/wp\/v2\/product\/74141","targetHints":{"allow":["GET"]}}],"collection":[{"href":"https:\/\/aktivtuteliv.se\/vasteras\/wp-json\/wp\/v2\/product"}],"about":[{"href":"https:\/\/aktivtuteliv.se\/vasteras\/wp-json\/wp\/v2\/types\/product"}],"wp:featuredmedia":[{"embeddable":true,"href":"https:\/\/aktivtuteliv.se\/vasteras\/wp-json\/wp\/v2\/media\/66235"}],"wp:attachment":[{"href":"https:\/\/aktivtuteliv.se\/vasteras\/wp-json\/wp\/v2\/media?parent=74141"}],"wp:term":[{"taxonomy":"product_cat","embeddable":true,"href":"https:\/\/aktivtuteliv.se\/vasteras\/wp-json\/wp\/v2\/product_cat?post=74141"},{"taxonomy":"product_tag","embeddable":true,"href":"https:\/\/aktivtuteliv.se\/vasteras\/wp-json\/wp\/v2\/product_tag?post=74141"},{"taxonomy":"er_categories","embeddable":true,"href":"https:\/\/aktivtuteliv.se\/vasteras\/wp-json\/wp\/v2\/er_categories?post=74141"},{"taxonomy":"er_brands","embeddable":true,"href":"https:\/\/aktivtuteliv.se\/vasteras\/wp-json\/wp\/v2\/er_brands?post=74141"},{"taxonomy":"er_seasons","embeddable":true,"href":"https:\/\/aktivtuteliv.se\/vasteras\/wp-json\/wp\/v2\/er_seasons?post=74141"}],"curies":[{"name":"wp","href":"https:\/\/api.w.org\/{rel}","templated":true}]}}