{"id":74370,"date":"2024-11-05T11:56:23","date_gmt":"2024-11-05T11:56:23","guid":{"rendered":"https:\/\/aktivtuteliv.se\/vasteras\/?post_type=product&#038;p=74370"},"modified":"2026-01-31T15:35:33","modified_gmt":"2026-01-31T14:35:33","slug":"spektrum-g006-jr","status":"publish","type":"product","link":"https:\/\/aktivtuteliv.se\/vasteras\/produkt\/spektrum-g006-jr\/","title":{"rendered":"Spektrum G006 JR"},"content":{"rendered":"<p>Spektrum G006 Junior \u00e4r designade f\u00f6r yngre \u00e5kare eller personer med mindre ansikten. Med modern design, trippellager-skum f\u00f6r b\u00e4sta passform och dubbellins med avancerad anti-fog-behandling, ger dessa goggles b\u00e5de komfort och prestanda i backen. En sj\u00e4lvklar f\u00f6ljeslagare under alla vinter\u00e4ventyr!<\/p>\n<p>&nbsp;<\/p>\n<h4 data-start=\"512\" data-end=\"532\"><strong data-start=\"517\" data-end=\"532\">Egenskaper:<\/strong><\/h4>\n<ul data-start=\"533\" data-end=\"1242\">\n<li data-start=\"533\" data-end=\"624\">\n<p data-start=\"535\" data-end=\"624\"><strong data-start=\"535\" data-end=\"581\">Polykarbonatlins med 100% UV-skydd (UV400)<\/strong> \u2013 skyddar \u00f6gonen i alla ljusf\u00f6rh\u00e5llanden<\/p>\n<\/li>\n<li data-start=\"625\" data-end=\"703\">\n<p data-start=\"627\" data-end=\"703\"><strong data-start=\"627\" data-end=\"662\">Dubbellins med spegelbehandling<\/strong> \u2013 f\u00f6rb\u00e4ttrad kontrast och snygg finish<\/p>\n<\/li>\n<li data-start=\"704\" data-end=\"781\">\n<p data-start=\"706\" data-end=\"781\"><strong data-start=\"706\" data-end=\"739\">Avancerad anti-fog-behandling<\/strong> \u2013 minimerar imma och h\u00e5ller sikten klar<\/p>\n<\/li>\n<li data-start=\"782\" data-end=\"859\">\n<p data-start=\"784\" data-end=\"859\"><strong data-start=\"784\" data-end=\"815\">Air-flow ventilationssystem<\/strong> \u2013 \u00f6kad luftcirkulation f\u00f6r b\u00e4ttre komfort<\/p>\n<\/li>\n<li data-start=\"860\" data-end=\"939\">\n<p data-start=\"862\" data-end=\"939\"><strong data-start=\"862\" data-end=\"887\">Tri-density face foam<\/strong> \u2013 tre lager skum f\u00f6r optimal passform och komfort<\/p>\n<\/li>\n<li data-start=\"940\" data-end=\"991\">\n<p data-start=\"942\" data-end=\"991\"><strong data-start=\"942\" data-end=\"961\">F\u00f6ljsam TPU-ram<\/strong> \u2013 sitter mjukt mot ansiktet<\/p>\n<\/li>\n<li data-start=\"992\" data-end=\"1052\">\n<p data-start=\"994\" data-end=\"1052\"><strong data-start=\"994\" data-end=\"1036\">Matt finish och Spektrum-logo p\u00e5 ramen<\/strong> \u2013 modern look<\/p>\n<\/li>\n<li data-start=\"1053\" data-end=\"1135\">\n<p data-start=\"1055\" data-end=\"1135\"><strong data-start=\"1055\" data-end=\"1097\">Anti-slip silikon p\u00e5 insidan av bandet<\/strong> \u2013 h\u00e5ller glas\u00f6gonen s\u00e4kert p\u00e5 plats<\/p>\n<\/li>\n<li data-start=\"1136\" data-end=\"1176\">\n<p data-start=\"1138\" data-end=\"1176\"><strong data-start=\"1138\" data-end=\"1174\">Kompatibel med de flesta hj\u00e4lmar<\/strong><\/p>\n<\/li>\n<li data-start=\"1177\" data-end=\"1242\">\n<p data-start=\"1179\" data-end=\"1242\"><strong data-start=\"1179\" data-end=\"1210\">F\u00f6rvaringsp\u00e5se i mikrofiber<\/strong> \u2013 ing\u00e5r f\u00f6r skydd och reng\u00f6ring<\/p>\n<\/li>\n<\/ul>\n","protected":false},"excerpt":{"rendered":"<p>Spektrum G006 Junior \u00e4r designade f\u00f6r yngre \u00e5kare eller personer med mindre ansikten. Med modern design, trippellager-skum f\u00f6r b\u00e4sta passform och dubbellins med avancerad anti-fog-behandling, ger dessa goggles b\u00e5de komfort [&hellip;]<\/p>\n","protected":false},"featured_media":79082,"template":"","meta":{"_acf_changed":false},"product_cat":[813,938],"product_tag":[],"er_categories":[],"er_brands":[],"er_seasons":[],"class_list":{"0":"post-74370","1":"product","2":"type-product","3":"status-publish","4":"has-post-thumbnail","6":"product_cat-alpint","7":"product_cat-goggles","8":"product_shipping_class-normal","9":"pa_marke-spektrum","10":"pa_sasong-870","12":"first","13":"instock","14":"sale","15":"taxable","16":"shipping-taxable","17":"purchasable","18":"product-type-variable"},"acf":[],"yoast_head":"<!-- This site is optimized with the Yoast SEO plugin v23.0 - https:\/\/yoast.com\/wordpress\/plugins\/seo\/ -->\n<title>Spektrum G006 JR - V\u00e4ster\u00e5s<\/title>\n<meta name=\"robots\" content=\"index, follow, max-snippet:-1, max-image-preview:large, max-video-preview:-1\" \/>\n<link rel=\"canonical\" href=\"https:\/\/aktivtuteliv.se\/vasteras\/produkt\/spektrum-g006-jr\/\" \/>\n<meta property=\"og:locale\" content=\"sv_SE\" \/>\n<meta property=\"og:type\" content=\"article\" \/>\n<meta property=\"og:title\" content=\"Spektrum G006 JR - V\u00e4ster\u00e5s\" \/>\n<meta property=\"og:description\" content=\"Spektrum G006 Junior \u00e4r designade f\u00f6r yngre \u00e5kare eller personer med mindre ansikten. Med modern design, trippellager-skum f\u00f6r b\u00e4sta passform och dubbellins med avancerad anti-fog-behandling, ger dessa goggles b\u00e5de komfort [&hellip;]\" \/>\n<meta property=\"og:url\" content=\"https:\/\/aktivtuteliv.se\/vasteras\/produkt\/spektrum-g006-jr\/\" \/>\n<meta property=\"og:site_name\" content=\"V\u00e4ster\u00e5s\" \/>\n<meta property=\"article:publisher\" content=\"https:\/\/www.facebook.com\/aktivtutelivbjornogarden\" \/>\n<meta property=\"article:modified_time\" content=\"2026-01-31T14:35:33+00:00\" \/>\n<meta property=\"og:image\" content=\"https:\/\/aktivtuteliv.se\/vasteras\/wp-content\/uploads\/sites\/4\/2024\/11\/Spektrum-G006-Black.png\" \/>\n\t<meta property=\"og:image:width\" content=\"1600\" \/>\n\t<meta property=\"og:image:height\" content=\"1600\" \/>\n\t<meta property=\"og:image:type\" content=\"image\/png\" \/>\n<meta name=\"twitter:card\" content=\"summary_large_image\" \/>\n<meta name=\"twitter:site\" content=\"@aktivtuteliv\" \/>\n<meta name=\"twitter:label1\" content=\"Ber\u00e4knad l\u00e4stid\" \/>\n\t<meta name=\"twitter:data1\" content=\"1 minut\" \/>\n<script type=\"application\/ld+json\" class=\"yoast-schema-graph\">{\"@context\":\"https:\/\/schema.org\",\"@graph\":[{\"@type\":\"WebPage\",\"@id\":\"https:\/\/aktivtuteliv.se\/vasteras\/produkt\/spektrum-g006-jr\/\",\"url\":\"https:\/\/aktivtuteliv.se\/vasteras\/produkt\/spektrum-g006-jr\/\",\"name\":\"Spektrum G006 JR - V\u00e4ster\u00e5s\",\"isPartOf\":{\"@id\":\"https:\/\/aktivtuteliv.se\/vasteras\/#website\"},\"primaryImageOfPage\":{\"@id\":\"https:\/\/aktivtuteliv.se\/vasteras\/produkt\/spektrum-g006-jr\/#primaryimage\"},\"image\":{\"@id\":\"https:\/\/aktivtuteliv.se\/vasteras\/produkt\/spektrum-g006-jr\/#primaryimage\"},\"thumbnailUrl\":\"https:\/\/e5gp8rwuod7.exactdn.com\/vasteras\/wp-content\/uploads\/sites\/4\/2024\/11\/Spektrum-G006-Black.png?strip=all&lossy=1&ssl=1\",\"datePublished\":\"2024-11-05T11:56:23+00:00\",\"dateModified\":\"2026-01-31T14:35:33+00:00\",\"breadcrumb\":{\"@id\":\"https:\/\/aktivtuteliv.se\/vasteras\/produkt\/spektrum-g006-jr\/#breadcrumb\"},\"inLanguage\":\"sv-SE\",\"potentialAction\":[{\"@type\":\"ReadAction\",\"target\":[\"https:\/\/aktivtuteliv.se\/vasteras\/produkt\/spektrum-g006-jr\/\"]}]},{\"@type\":\"ImageObject\",\"inLanguage\":\"sv-SE\",\"@id\":\"https:\/\/aktivtuteliv.se\/vasteras\/produkt\/spektrum-g006-jr\/#primaryimage\",\"url\":\"https:\/\/e5gp8rwuod7.exactdn.com\/vasteras\/wp-content\/uploads\/sites\/4\/2024\/11\/Spektrum-G006-Black.png?strip=all&lossy=1&ssl=1\",\"contentUrl\":\"https:\/\/e5gp8rwuod7.exactdn.com\/vasteras\/wp-content\/uploads\/sites\/4\/2024\/11\/Spektrum-G006-Black.png?strip=all&lossy=1&ssl=1\",\"width\":1600,\"height\":1600},{\"@type\":\"BreadcrumbList\",\"@id\":\"https:\/\/aktivtuteliv.se\/vasteras\/produkt\/spektrum-g006-jr\/#breadcrumb\",\"itemListElement\":[{\"@type\":\"ListItem\",\"position\":1,\"name\":\"Home\",\"item\":\"https:\/\/aktivtuteliv.se\/vasteras\/\"},{\"@type\":\"ListItem\",\"position\":2,\"name\":\"Webbutik\",\"item\":\"https:\/\/aktivtuteliv.se\/vasteras\/butik\/\"},{\"@type\":\"ListItem\",\"position\":3,\"name\":\"Spektrum G006 JR\"}]},{\"@type\":\"WebSite\",\"@id\":\"https:\/\/aktivtuteliv.se\/vasteras\/#website\",\"url\":\"https:\/\/aktivtuteliv.se\/vasteras\/\",\"name\":\"Aktivt Uteliv Bj\u00f6rn\u00f6g\u00e5rden\",\"description\":\"Ett friluftscenter i V\u00e4ster\u00e5s\",\"publisher\":{\"@id\":\"https:\/\/aktivtuteliv.se\/vasteras\/#organization\"},\"potentialAction\":[{\"@type\":\"SearchAction\",\"target\":{\"@type\":\"EntryPoint\",\"urlTemplate\":\"https:\/\/aktivtuteliv.se\/vasteras\/?s={search_term_string}\"},\"query-input\":\"required name=search_term_string\"}],\"inLanguage\":\"sv-SE\"},{\"@type\":\"Organization\",\"@id\":\"https:\/\/aktivtuteliv.se\/vasteras\/#organization\",\"name\":\"Aktivt Uteliv Bj\u00f6rn\u00f6g\u00e5rden\",\"url\":\"https:\/\/aktivtuteliv.se\/vasteras\/\",\"logo\":{\"@type\":\"ImageObject\",\"inLanguage\":\"sv-SE\",\"@id\":\"https:\/\/aktivtuteliv.se\/vasteras\/#\/schema\/logo\/image\/\",\"url\":\"https:\/\/e5gp8rwuod7.exactdn.com\/vasteras\/wp-content\/uploads\/sites\/4\/2025\/01\/AUB-pms.png?strip=all&lossy=1&ssl=1\",\"contentUrl\":\"https:\/\/e5gp8rwuod7.exactdn.com\/vasteras\/wp-content\/uploads\/sites\/4\/2025\/01\/AUB-pms.png?strip=all&lossy=1&ssl=1\",\"width\":1894,\"height\":1165,\"caption\":\"Aktivt Uteliv Bj\u00f6rn\u00f6g\u00e5rden\"},\"image\":{\"@id\":\"https:\/\/aktivtuteliv.se\/vasteras\/#\/schema\/logo\/image\/\"},\"sameAs\":[\"https:\/\/www.facebook.com\/aktivtutelivbjornogarden\",\"https:\/\/x.com\/aktivtuteliv\",\"https:\/\/www.instagram.com\/aktivtuteliv_bjornogarden\"]}]}<\/script>\n<!-- \/ Yoast SEO plugin. -->","yoast_head_json":{"title":"Spektrum G006 JR - V\u00e4ster\u00e5s","robots":{"index":"index","follow":"follow","max-snippet":"max-snippet:-1","max-image-preview":"max-image-preview:large","max-video-preview":"max-video-preview:-1"},"canonical":"https:\/\/aktivtuteliv.se\/vasteras\/produkt\/spektrum-g006-jr\/","og_locale":"sv_SE","og_type":"article","og_title":"Spektrum G006 JR - V\u00e4ster\u00e5s","og_description":"Spektrum G006 Junior \u00e4r designade f\u00f6r yngre \u00e5kare eller personer med mindre ansikten. Med modern design, trippellager-skum f\u00f6r b\u00e4sta passform och dubbellins med avancerad anti-fog-behandling, ger dessa goggles b\u00e5de komfort [&hellip;]","og_url":"https:\/\/aktivtuteliv.se\/vasteras\/produkt\/spektrum-g006-jr\/","og_site_name":"V\u00e4ster\u00e5s","article_publisher":"https:\/\/www.facebook.com\/aktivtutelivbjornogarden","article_modified_time":"2026-01-31T14:35:33+00:00","og_image":[{"width":1600,"height":1600,"url":"https:\/\/aktivtuteliv.se\/vasteras\/wp-content\/uploads\/sites\/4\/2024\/11\/Spektrum-G006-Black.png","type":"image\/png"}],"twitter_card":"summary_large_image","twitter_site":"@aktivtuteliv","twitter_misc":{"Ber\u00e4knad l\u00e4stid":"1 minut"},"schema":{"@context":"https:\/\/schema.org","@graph":[{"@type":"WebPage","@id":"https:\/\/aktivtuteliv.se\/vasteras\/produkt\/spektrum-g006-jr\/","url":"https:\/\/aktivtuteliv.se\/vasteras\/produkt\/spektrum-g006-jr\/","name":"Spektrum G006 JR - V\u00e4ster\u00e5s","isPartOf":{"@id":"https:\/\/aktivtuteliv.se\/vasteras\/#website"},"primaryImageOfPage":{"@id":"https:\/\/aktivtuteliv.se\/vasteras\/produkt\/spektrum-g006-jr\/#primaryimage"},"image":{"@id":"https:\/\/aktivtuteliv.se\/vasteras\/produkt\/spektrum-g006-jr\/#primaryimage"},"thumbnailUrl":"https:\/\/e5gp8rwuod7.exactdn.com\/vasteras\/wp-content\/uploads\/sites\/4\/2024\/11\/Spektrum-G006-Black.png?strip=all&lossy=1&ssl=1","datePublished":"2024-11-05T11:56:23+00:00","dateModified":"2026-01-31T14:35:33+00:00","breadcrumb":{"@id":"https:\/\/aktivtuteliv.se\/vasteras\/produkt\/spektrum-g006-jr\/#breadcrumb"},"inLanguage":"sv-SE","potentialAction":[{"@type":"ReadAction","target":["https:\/\/aktivtuteliv.se\/vasteras\/produkt\/spektrum-g006-jr\/"]}]},{"@type":"ImageObject","inLanguage":"sv-SE","@id":"https:\/\/aktivtuteliv.se\/vasteras\/produkt\/spektrum-g006-jr\/#primaryimage","url":"https:\/\/e5gp8rwuod7.exactdn.com\/vasteras\/wp-content\/uploads\/sites\/4\/2024\/11\/Spektrum-G006-Black.png?strip=all&lossy=1&ssl=1","contentUrl":"https:\/\/e5gp8rwuod7.exactdn.com\/vasteras\/wp-content\/uploads\/sites\/4\/2024\/11\/Spektrum-G006-Black.png?strip=all&lossy=1&ssl=1","width":1600,"height":1600},{"@type":"BreadcrumbList","@id":"https:\/\/aktivtuteliv.se\/vasteras\/produkt\/spektrum-g006-jr\/#breadcrumb","itemListElement":[{"@type":"ListItem","position":1,"name":"Home","item":"https:\/\/aktivtuteliv.se\/vasteras\/"},{"@type":"ListItem","position":2,"name":"Webbutik","item":"https:\/\/aktivtuteliv.se\/vasteras\/butik\/"},{"@type":"ListItem","position":3,"name":"Spektrum G006 JR"}]},{"@type":"WebSite","@id":"https:\/\/aktivtuteliv.se\/vasteras\/#website","url":"https:\/\/aktivtuteliv.se\/vasteras\/","name":"Aktivt Uteliv Bj\u00f6rn\u00f6g\u00e5rden","description":"Ett friluftscenter i V\u00e4ster\u00e5s","publisher":{"@id":"https:\/\/aktivtuteliv.se\/vasteras\/#organization"},"potentialAction":[{"@type":"SearchAction","target":{"@type":"EntryPoint","urlTemplate":"https:\/\/aktivtuteliv.se\/vasteras\/?s={search_term_string}"},"query-input":"required name=search_term_string"}],"inLanguage":"sv-SE"},{"@type":"Organization","@id":"https:\/\/aktivtuteliv.se\/vasteras\/#organization","name":"Aktivt Uteliv Bj\u00f6rn\u00f6g\u00e5rden","url":"https:\/\/aktivtuteliv.se\/vasteras\/","logo":{"@type":"ImageObject","inLanguage":"sv-SE","@id":"https:\/\/aktivtuteliv.se\/vasteras\/#\/schema\/logo\/image\/","url":"https:\/\/e5gp8rwuod7.exactdn.com\/vasteras\/wp-content\/uploads\/sites\/4\/2025\/01\/AUB-pms.png?strip=all&lossy=1&ssl=1","contentUrl":"https:\/\/e5gp8rwuod7.exactdn.com\/vasteras\/wp-content\/uploads\/sites\/4\/2025\/01\/AUB-pms.png?strip=all&lossy=1&ssl=1","width":1894,"height":1165,"caption":"Aktivt Uteliv Bj\u00f6rn\u00f6g\u00e5rden"},"image":{"@id":"https:\/\/aktivtuteliv.se\/vasteras\/#\/schema\/logo\/image\/"},"sameAs":["https:\/\/www.facebook.com\/aktivtutelivbjornogarden","https:\/\/x.com\/aktivtuteliv","https:\/\/www.instagram.com\/aktivtuteliv_bjornogarden"]}]}},"_links":{"self":[{"href":"https:\/\/aktivtuteliv.se\/vasteras\/wp-json\/wp\/v2\/product\/74370","targetHints":{"allow":["GET"]}}],"collection":[{"href":"https:\/\/aktivtuteliv.se\/vasteras\/wp-json\/wp\/v2\/product"}],"about":[{"href":"https:\/\/aktivtuteliv.se\/vasteras\/wp-json\/wp\/v2\/types\/product"}],"wp:featuredmedia":[{"embeddable":true,"href":"https:\/\/aktivtuteliv.se\/vasteras\/wp-json\/wp\/v2\/media\/79082"}],"wp:attachment":[{"href":"https:\/\/aktivtuteliv.se\/vasteras\/wp-json\/wp\/v2\/media?parent=74370"}],"wp:term":[{"taxonomy":"product_cat","embeddable":true,"href":"https:\/\/aktivtuteliv.se\/vasteras\/wp-json\/wp\/v2\/product_cat?post=74370"},{"taxonomy":"product_tag","embeddable":true,"href":"https:\/\/aktivtuteliv.se\/vasteras\/wp-json\/wp\/v2\/product_tag?post=74370"},{"taxonomy":"er_categories","embeddable":true,"href":"https:\/\/aktivtuteliv.se\/vasteras\/wp-json\/wp\/v2\/er_categories?post=74370"},{"taxonomy":"er_brands","embeddable":true,"href":"https:\/\/aktivtuteliv.se\/vasteras\/wp-json\/wp\/v2\/er_brands?post=74370"},{"taxonomy":"er_seasons","embeddable":true,"href":"https:\/\/aktivtuteliv.se\/vasteras\/wp-json\/wp\/v2\/er_seasons?post=74370"}],"curies":[{"name":"wp","href":"https:\/\/api.w.org\/{rel}","templated":true}]}}