{"id":74501,"date":"2024-11-05T11:57:13","date_gmt":"2024-11-05T11:57:13","guid":{"rendered":"https:\/\/aktivtuteliv.se\/vasteras\/?post_type=product&#038;p=74501"},"modified":"2026-04-04T12:07:40","modified_gmt":"2026-04-04T10:07:40","slug":"kv-tempesta-blue-qcd","status":"publish","type":"product","link":"https:\/\/aktivtuteliv.se\/vasteras\/produkt\/kv-tempesta-blue-qcd\/","title":{"rendered":"Kv+ Tempesta Blue QCD"},"content":{"rendered":"<p><span class=\"short_intro\">Riktigt bra stav i mellanprisniv\u00e5n. Enligt oss den b\u00e4sta staven om du inte vill satsa p\u00e5 \u201dt\u00e4vlingsstavar\u201d. 90% kolfiber i r\u00f6ret ger en l\u00e4tt och styv stav med fin pendel och bra k\u00e4nsla. Utrustade med KV+ nya skruvtruga vilket g\u00f6r att du med ett enkelt handgrepp kan byta storlek p\u00e5 trugorna eller byta till rullskidsspetsar.\u00a0<\/span><span class=\"short_intro\">Greppv\u00e4nligt korkhandtag med Evolution Clip-vristrem som sitter s\u00e4kert under hela t\u00e4vlingen eller tr\u00e4ningen.\u00a0<\/span>Vi tycker att KV+ g\u00f6r de b\u00e4sta stavarna p\u00e5 marknaden, inte minst p\u00e5 grund av de avtagbara handremmarna som dels sitter v\u00e4ldigt bra p\u00e5 handen, men ocks\u00e5 ger dig friheten att snabbt kunna anv\u00e4nda h\u00e4nderna obehindrat.<\/p>\n<p>&nbsp;<\/p>\n<p>K\u00e4nda \u00e5kare som anv\u00e4nder KV+ \u00e4r bland annat Calle Halvarsson, Dario Cologna och Martin Jonsrud Sundby.<\/p>\n<p>&nbsp;<\/p>\n<div><strong>Egenskaper:<\/strong><\/div>\n<div>\n<ul>\n<li><strong>Material:<\/strong> 90% carbon<\/li>\n<li><strong>Vikt:<\/strong> 76 g\/m<\/li>\n<li><strong>Handtag:<\/strong> 3P100.17 Elite Clip \u2205 16,5 mm<\/li>\n<li><strong>Handrem:<\/strong> 5P202 Evolution Clip<\/li>\n<li><strong>Truga:<\/strong> 4P301.OR Forza \u2205 10 mm<\/li>\n<li><strong>L\u00e4ngdintervall:<\/strong> 2,5 cm<\/li>\n<\/ul>\n<\/div>\n","protected":false},"excerpt":{"rendered":"<p><strong>20 % rabatt p\u00e5 stavar och pj\u00e4xor &#8211; n\u00e4r du k\u00f6per skidor!<\/strong><\/p>\n<p>&nbsp;<\/p>\n<p>Hos oss f\u00e5r du 20 % rabatt p\u00e5 stavar och pj\u00e4xor i samband med att du k\u00f6per skidor, d\u00e5 kan du kombinera alternativen som du vill men \u00e4nd\u00e5 f\u00e5 ett konkurrenskraftigt och prisv\u00e4rt skidpaket.<\/p>\n<p>&nbsp;<\/p>\n<p>Dessutom erbjuder vi dig alltid att <strong>hyra och testa skidor innan k\u00f6pet<\/strong> f\u00f6r att du ska veta att de passar dina behov. Det \u00e4r ett tryggt och s\u00e4kert s\u00e4tt att k\u00f6pa skidor p\u00e5, hyran f\u00e5r du tillbaka vid k\u00f6ptillf\u00e4llet.<\/p>\n","protected":false},"featured_media":61943,"template":"","meta":{"_acf_changed":false},"product_cat":[758,994],"product_tag":[],"er_categories":[],"er_brands":[],"er_seasons":[],"class_list":{"0":"post-74501","1":"product","2":"type-product","3":"status-publish","4":"has-post-thumbnail","6":"product_cat-langdskidor","7":"product_cat-stavar","8":"product_shipping_class-langa-produkter","9":"pa_marke-kv","10":"pa_sasong-1279","12":"first","13":"instock","14":"sale","15":"taxable","16":"shipping-taxable","17":"purchasable","18":"product-type-variable","19":"has-default-attributes"},"acf":[],"yoast_head":"<!-- This site is optimized with the Yoast SEO plugin v23.0 - https:\/\/yoast.com\/wordpress\/plugins\/seo\/ -->\n<title>Kv+ Tempesta Blue QCD - V\u00e4ster\u00e5s<\/title>\n<meta name=\"robots\" content=\"index, follow, max-snippet:-1, max-image-preview:large, max-video-preview:-1\" \/>\n<link rel=\"canonical\" href=\"https:\/\/aktivtuteliv.se\/vasteras\/produkt\/kv-tempesta-blue-qcd\/\" \/>\n<meta property=\"og:locale\" content=\"sv_SE\" \/>\n<meta property=\"og:type\" content=\"article\" \/>\n<meta property=\"og:title\" content=\"Kv+ Tempesta Blue QCD - V\u00e4ster\u00e5s\" \/>\n<meta property=\"og:description\" content=\"20 % rabatt p\u00e5 stavar och pj\u00e4xor - n\u00e4r du k\u00f6per skidor!  &nbsp;  Hos oss f\u00e5r du 20 % rabatt p\u00e5 stavar och pj\u00e4xor i samband med att du k\u00f6per skidor, d\u00e5 kan du kombinera alternativen som du vill men \u00e4nd\u00e5 f\u00e5 ett konkurrenskraftigt och prisv\u00e4rt skidpaket.  &nbsp;  Dessutom erbjuder vi dig alltid att hyra och testa skidor innan k\u00f6pet f\u00f6r att du ska veta att de passar dina behov. Det \u00e4r ett tryggt och s\u00e4kert s\u00e4tt att k\u00f6pa skidor p\u00e5, hyran f\u00e5r du tillbaka vid k\u00f6ptillf\u00e4llet.\" \/>\n<meta property=\"og:url\" content=\"https:\/\/aktivtuteliv.se\/vasteras\/produkt\/kv-tempesta-blue-qcd\/\" \/>\n<meta property=\"og:site_name\" content=\"V\u00e4ster\u00e5s\" \/>\n<meta property=\"article:publisher\" content=\"https:\/\/www.facebook.com\/aktivtutelivbjornogarden\" \/>\n<meta property=\"article:modified_time\" content=\"2026-04-04T10:07:40+00:00\" \/>\n<meta property=\"og:image\" content=\"https:\/\/aktivtuteliv.se\/vasteras\/wp-content\/uploads\/sites\/4\/2021\/08\/kv_tempesta-300x300-1.jpg\" \/>\n\t<meta property=\"og:image:width\" content=\"300\" \/>\n\t<meta property=\"og:image:height\" content=\"300\" \/>\n\t<meta property=\"og:image:type\" content=\"image\/jpeg\" \/>\n<meta name=\"twitter:card\" content=\"summary_large_image\" \/>\n<meta name=\"twitter:site\" content=\"@aktivtuteliv\" \/>\n<meta name=\"twitter:label1\" content=\"Ber\u00e4knad l\u00e4stid\" \/>\n\t<meta name=\"twitter:data1\" content=\"1 minut\" \/>\n<script type=\"application\/ld+json\" class=\"yoast-schema-graph\">{\"@context\":\"https:\/\/schema.org\",\"@graph\":[{\"@type\":\"WebPage\",\"@id\":\"https:\/\/aktivtuteliv.se\/vasteras\/produkt\/kv-tempesta-blue-qcd\/\",\"url\":\"https:\/\/aktivtuteliv.se\/vasteras\/produkt\/kv-tempesta-blue-qcd\/\",\"name\":\"Kv+ Tempesta Blue QCD - V\u00e4ster\u00e5s\",\"isPartOf\":{\"@id\":\"https:\/\/aktivtuteliv.se\/vasteras\/#website\"},\"primaryImageOfPage\":{\"@id\":\"https:\/\/aktivtuteliv.se\/vasteras\/produkt\/kv-tempesta-blue-qcd\/#primaryimage\"},\"image\":{\"@id\":\"https:\/\/aktivtuteliv.se\/vasteras\/produkt\/kv-tempesta-blue-qcd\/#primaryimage\"},\"thumbnailUrl\":\"https:\/\/e5gp8rwuod7.exactdn.com\/vasteras\/wp-content\/uploads\/sites\/4\/2021\/08\/kv_tempesta-300x300-1.jpg?strip=all&lossy=1&ssl=1\",\"datePublished\":\"2024-11-05T11:57:13+00:00\",\"dateModified\":\"2026-04-04T10:07:40+00:00\",\"breadcrumb\":{\"@id\":\"https:\/\/aktivtuteliv.se\/vasteras\/produkt\/kv-tempesta-blue-qcd\/#breadcrumb\"},\"inLanguage\":\"sv-SE\",\"potentialAction\":[{\"@type\":\"ReadAction\",\"target\":[\"https:\/\/aktivtuteliv.se\/vasteras\/produkt\/kv-tempesta-blue-qcd\/\"]}]},{\"@type\":\"ImageObject\",\"inLanguage\":\"sv-SE\",\"@id\":\"https:\/\/aktivtuteliv.se\/vasteras\/produkt\/kv-tempesta-blue-qcd\/#primaryimage\",\"url\":\"https:\/\/e5gp8rwuod7.exactdn.com\/vasteras\/wp-content\/uploads\/sites\/4\/2021\/08\/kv_tempesta-300x300-1.jpg?strip=all&lossy=1&ssl=1\",\"contentUrl\":\"https:\/\/e5gp8rwuod7.exactdn.com\/vasteras\/wp-content\/uploads\/sites\/4\/2021\/08\/kv_tempesta-300x300-1.jpg?strip=all&lossy=1&ssl=1\",\"width\":300,\"height\":300},{\"@type\":\"BreadcrumbList\",\"@id\":\"https:\/\/aktivtuteliv.se\/vasteras\/produkt\/kv-tempesta-blue-qcd\/#breadcrumb\",\"itemListElement\":[{\"@type\":\"ListItem\",\"position\":1,\"name\":\"Home\",\"item\":\"https:\/\/aktivtuteliv.se\/vasteras\/\"},{\"@type\":\"ListItem\",\"position\":2,\"name\":\"Webbutik\",\"item\":\"https:\/\/aktivtuteliv.se\/vasteras\/butik\/\"},{\"@type\":\"ListItem\",\"position\":3,\"name\":\"Kv+ Tempesta Blue QCD\"}]},{\"@type\":\"WebSite\",\"@id\":\"https:\/\/aktivtuteliv.se\/vasteras\/#website\",\"url\":\"https:\/\/aktivtuteliv.se\/vasteras\/\",\"name\":\"Aktivt Uteliv Bj\u00f6rn\u00f6g\u00e5rden\",\"description\":\"Ett friluftscenter i V\u00e4ster\u00e5s\",\"publisher\":{\"@id\":\"https:\/\/aktivtuteliv.se\/vasteras\/#organization\"},\"potentialAction\":[{\"@type\":\"SearchAction\",\"target\":{\"@type\":\"EntryPoint\",\"urlTemplate\":\"https:\/\/aktivtuteliv.se\/vasteras\/?s={search_term_string}\"},\"query-input\":\"required name=search_term_string\"}],\"inLanguage\":\"sv-SE\"},{\"@type\":\"Organization\",\"@id\":\"https:\/\/aktivtuteliv.se\/vasteras\/#organization\",\"name\":\"Aktivt Uteliv Bj\u00f6rn\u00f6g\u00e5rden\",\"url\":\"https:\/\/aktivtuteliv.se\/vasteras\/\",\"logo\":{\"@type\":\"ImageObject\",\"inLanguage\":\"sv-SE\",\"@id\":\"https:\/\/aktivtuteliv.se\/vasteras\/#\/schema\/logo\/image\/\",\"url\":\"https:\/\/e5gp8rwuod7.exactdn.com\/vasteras\/wp-content\/uploads\/sites\/4\/2025\/01\/AUB-pms.png?strip=all&lossy=1&ssl=1\",\"contentUrl\":\"https:\/\/e5gp8rwuod7.exactdn.com\/vasteras\/wp-content\/uploads\/sites\/4\/2025\/01\/AUB-pms.png?strip=all&lossy=1&ssl=1\",\"width\":1894,\"height\":1165,\"caption\":\"Aktivt Uteliv Bj\u00f6rn\u00f6g\u00e5rden\"},\"image\":{\"@id\":\"https:\/\/aktivtuteliv.se\/vasteras\/#\/schema\/logo\/image\/\"},\"sameAs\":[\"https:\/\/www.facebook.com\/aktivtutelivbjornogarden\",\"https:\/\/x.com\/aktivtuteliv\",\"https:\/\/www.instagram.com\/aktivtuteliv_bjornogarden\"]}]}<\/script>\n<!-- \/ Yoast SEO plugin. -->","yoast_head_json":{"title":"Kv+ Tempesta Blue QCD - V\u00e4ster\u00e5s","robots":{"index":"index","follow":"follow","max-snippet":"max-snippet:-1","max-image-preview":"max-image-preview:large","max-video-preview":"max-video-preview:-1"},"canonical":"https:\/\/aktivtuteliv.se\/vasteras\/produkt\/kv-tempesta-blue-qcd\/","og_locale":"sv_SE","og_type":"article","og_title":"Kv+ Tempesta Blue QCD - V\u00e4ster\u00e5s","og_description":"20 % rabatt p\u00e5 stavar och pj\u00e4xor - n\u00e4r du k\u00f6per skidor!  &nbsp;  Hos oss f\u00e5r du 20 % rabatt p\u00e5 stavar och pj\u00e4xor i samband med att du k\u00f6per skidor, d\u00e5 kan du kombinera alternativen som du vill men \u00e4nd\u00e5 f\u00e5 ett konkurrenskraftigt och prisv\u00e4rt skidpaket.  &nbsp;  Dessutom erbjuder vi dig alltid att hyra och testa skidor innan k\u00f6pet f\u00f6r att du ska veta att de passar dina behov. Det \u00e4r ett tryggt och s\u00e4kert s\u00e4tt att k\u00f6pa skidor p\u00e5, hyran f\u00e5r du tillbaka vid k\u00f6ptillf\u00e4llet.","og_url":"https:\/\/aktivtuteliv.se\/vasteras\/produkt\/kv-tempesta-blue-qcd\/","og_site_name":"V\u00e4ster\u00e5s","article_publisher":"https:\/\/www.facebook.com\/aktivtutelivbjornogarden","article_modified_time":"2026-04-04T10:07:40+00:00","og_image":[{"width":300,"height":300,"url":"https:\/\/aktivtuteliv.se\/vasteras\/wp-content\/uploads\/sites\/4\/2021\/08\/kv_tempesta-300x300-1.jpg","type":"image\/jpeg"}],"twitter_card":"summary_large_image","twitter_site":"@aktivtuteliv","twitter_misc":{"Ber\u00e4knad l\u00e4stid":"1 minut"},"schema":{"@context":"https:\/\/schema.org","@graph":[{"@type":"WebPage","@id":"https:\/\/aktivtuteliv.se\/vasteras\/produkt\/kv-tempesta-blue-qcd\/","url":"https:\/\/aktivtuteliv.se\/vasteras\/produkt\/kv-tempesta-blue-qcd\/","name":"Kv+ Tempesta Blue QCD - V\u00e4ster\u00e5s","isPartOf":{"@id":"https:\/\/aktivtuteliv.se\/vasteras\/#website"},"primaryImageOfPage":{"@id":"https:\/\/aktivtuteliv.se\/vasteras\/produkt\/kv-tempesta-blue-qcd\/#primaryimage"},"image":{"@id":"https:\/\/aktivtuteliv.se\/vasteras\/produkt\/kv-tempesta-blue-qcd\/#primaryimage"},"thumbnailUrl":"https:\/\/e5gp8rwuod7.exactdn.com\/vasteras\/wp-content\/uploads\/sites\/4\/2021\/08\/kv_tempesta-300x300-1.jpg?strip=all&lossy=1&ssl=1","datePublished":"2024-11-05T11:57:13+00:00","dateModified":"2026-04-04T10:07:40+00:00","breadcrumb":{"@id":"https:\/\/aktivtuteliv.se\/vasteras\/produkt\/kv-tempesta-blue-qcd\/#breadcrumb"},"inLanguage":"sv-SE","potentialAction":[{"@type":"ReadAction","target":["https:\/\/aktivtuteliv.se\/vasteras\/produkt\/kv-tempesta-blue-qcd\/"]}]},{"@type":"ImageObject","inLanguage":"sv-SE","@id":"https:\/\/aktivtuteliv.se\/vasteras\/produkt\/kv-tempesta-blue-qcd\/#primaryimage","url":"https:\/\/e5gp8rwuod7.exactdn.com\/vasteras\/wp-content\/uploads\/sites\/4\/2021\/08\/kv_tempesta-300x300-1.jpg?strip=all&lossy=1&ssl=1","contentUrl":"https:\/\/e5gp8rwuod7.exactdn.com\/vasteras\/wp-content\/uploads\/sites\/4\/2021\/08\/kv_tempesta-300x300-1.jpg?strip=all&lossy=1&ssl=1","width":300,"height":300},{"@type":"BreadcrumbList","@id":"https:\/\/aktivtuteliv.se\/vasteras\/produkt\/kv-tempesta-blue-qcd\/#breadcrumb","itemListElement":[{"@type":"ListItem","position":1,"name":"Home","item":"https:\/\/aktivtuteliv.se\/vasteras\/"},{"@type":"ListItem","position":2,"name":"Webbutik","item":"https:\/\/aktivtuteliv.se\/vasteras\/butik\/"},{"@type":"ListItem","position":3,"name":"Kv+ Tempesta Blue QCD"}]},{"@type":"WebSite","@id":"https:\/\/aktivtuteliv.se\/vasteras\/#website","url":"https:\/\/aktivtuteliv.se\/vasteras\/","name":"Aktivt Uteliv Bj\u00f6rn\u00f6g\u00e5rden","description":"Ett friluftscenter i V\u00e4ster\u00e5s","publisher":{"@id":"https:\/\/aktivtuteliv.se\/vasteras\/#organization"},"potentialAction":[{"@type":"SearchAction","target":{"@type":"EntryPoint","urlTemplate":"https:\/\/aktivtuteliv.se\/vasteras\/?s={search_term_string}"},"query-input":"required name=search_term_string"}],"inLanguage":"sv-SE"},{"@type":"Organization","@id":"https:\/\/aktivtuteliv.se\/vasteras\/#organization","name":"Aktivt Uteliv Bj\u00f6rn\u00f6g\u00e5rden","url":"https:\/\/aktivtuteliv.se\/vasteras\/","logo":{"@type":"ImageObject","inLanguage":"sv-SE","@id":"https:\/\/aktivtuteliv.se\/vasteras\/#\/schema\/logo\/image\/","url":"https:\/\/e5gp8rwuod7.exactdn.com\/vasteras\/wp-content\/uploads\/sites\/4\/2025\/01\/AUB-pms.png?strip=all&lossy=1&ssl=1","contentUrl":"https:\/\/e5gp8rwuod7.exactdn.com\/vasteras\/wp-content\/uploads\/sites\/4\/2025\/01\/AUB-pms.png?strip=all&lossy=1&ssl=1","width":1894,"height":1165,"caption":"Aktivt Uteliv Bj\u00f6rn\u00f6g\u00e5rden"},"image":{"@id":"https:\/\/aktivtuteliv.se\/vasteras\/#\/schema\/logo\/image\/"},"sameAs":["https:\/\/www.facebook.com\/aktivtutelivbjornogarden","https:\/\/x.com\/aktivtuteliv","https:\/\/www.instagram.com\/aktivtuteliv_bjornogarden"]}]}},"_links":{"self":[{"href":"https:\/\/aktivtuteliv.se\/vasteras\/wp-json\/wp\/v2\/product\/74501","targetHints":{"allow":["GET"]}}],"collection":[{"href":"https:\/\/aktivtuteliv.se\/vasteras\/wp-json\/wp\/v2\/product"}],"about":[{"href":"https:\/\/aktivtuteliv.se\/vasteras\/wp-json\/wp\/v2\/types\/product"}],"wp:featuredmedia":[{"embeddable":true,"href":"https:\/\/aktivtuteliv.se\/vasteras\/wp-json\/wp\/v2\/media\/61943"}],"wp:attachment":[{"href":"https:\/\/aktivtuteliv.se\/vasteras\/wp-json\/wp\/v2\/media?parent=74501"}],"wp:term":[{"taxonomy":"product_cat","embeddable":true,"href":"https:\/\/aktivtuteliv.se\/vasteras\/wp-json\/wp\/v2\/product_cat?post=74501"},{"taxonomy":"product_tag","embeddable":true,"href":"https:\/\/aktivtuteliv.se\/vasteras\/wp-json\/wp\/v2\/product_tag?post=74501"},{"taxonomy":"er_categories","embeddable":true,"href":"https:\/\/aktivtuteliv.se\/vasteras\/wp-json\/wp\/v2\/er_categories?post=74501"},{"taxonomy":"er_brands","embeddable":true,"href":"https:\/\/aktivtuteliv.se\/vasteras\/wp-json\/wp\/v2\/er_brands?post=74501"},{"taxonomy":"er_seasons","embeddable":true,"href":"https:\/\/aktivtuteliv.se\/vasteras\/wp-json\/wp\/v2\/er_seasons?post=74501"}],"curies":[{"name":"wp","href":"https:\/\/api.w.org\/{rel}","templated":true}]}}