{"id":74739,"date":"2024-11-05T12:58:25","date_gmt":"2024-11-05T11:58:25","guid":{"rendered":"https:\/\/aktivtuteliv.se\/vasteras\/?post_type=product&#038;p=74739"},"modified":"2026-02-23T16:30:22","modified_gmt":"2026-02-23T15:30:22","slug":"fischer-twin-skin-race-23-24-2","status":"publish","type":"product","link":"https:\/\/aktivtuteliv.se\/vasteras\/produkt\/fischer-twin-skin-race-23-24-2\/","title":{"rendered":"Fischer Twin Skin Race 24\/25"},"content":{"rendered":"<p>Fischer Twin Skin Race \u00e4r en perfekt skida f\u00f6r s\u00e5v\u00e4l motion\u00e4rer som Vasalopps\u00e5kare. Skidan har en s\u00e5 kallad Air core vilket ger skidan b\u00e5de en l\u00e5g vikt och en stabil k\u00e4nsla i h\u00f6gre hastigheter. Effektivt grepp p\u00e5 extremt h\u00e5rd sn\u00f6 men \u00e4ven p\u00e5 glatta, varma sp\u00e5r.<\/p>\n<p>&nbsp;<\/p>\n<p>Det \u00e4r en vallningsfri l\u00e4ngdskida av den nya, revolutionerande typen med mohair d\u00e4r du varken beh\u00f6ver kompromissa med f\u00e4ste eller glid. Perfekt f\u00f6r alla som vill l\u00e4gga mer tid i skidp\u00e5ret \u00e4n i vallaboden.<\/p>\n<p>&nbsp;<\/p>\n<p>Twin Skin Race har tv\u00e5 stighudsremsor i n\u00e5got f\u00f6rskjutna positioner, och med fritt styrsp\u00e5r f\u00f6r b\u00e4ttre kontroll och fuktavvisning, vilket g\u00f6r \u00f6verg\u00e5ngarna i \u00e5kningen mjuka och huggfria. Nytt fr\u00e5n 22\/23 \u00e4r att stighudarna \u00e4r n\u00e5got kortare och bredare \u00e4n tidigare vilket \u00e4r f\u00f6r att optimera b\u00e5de f\u00e4stet och glidet \u00e4nnu mer. Perfekt \u00e4ven f\u00f6r h\u00e5rda och isiga f\u00f6ren. Stighudarna best\u00e5r av 100% mohair och \u00e4r teflonbehandlade f\u00f6r minskad risk f\u00f6r ifrysning av sn\u00f6 i l\u00f6sare f\u00f6ren. Bindingsplattan \u00e4r Fischers egen Turnamic som \u00e4ven \u00e4r kompatibel med pj\u00e4xor med Prolink- och Rottefellasula.<\/p>\n<p>&nbsp;<\/p>\n<p>Pris exkl. bindning.<\/p>\n","protected":false},"excerpt":{"rendered":"<p><strong>20 % rabatt p\u00e5 stavar och pj\u00e4xor &#8211; n\u00e4r du k\u00f6per skidor!<\/strong><\/p>\n<p>&nbsp;<\/p>\n<p>Hos oss f\u00e5r du 20 % rabatt p\u00e5 stavar och pj\u00e4xor i samband med att du k\u00f6per skidor, d\u00e5 kan du kombinera alternativen som du vill men \u00e4nd\u00e5 f\u00e5 ett konkurrenskraftigt och prisv\u00e4rt skidpaket.<\/p>\n<p>&nbsp;<\/p>\n<p>Dessutom erbjuder vi dig alltid att <strong>hyra och testa skidor innan k\u00f6pet<\/strong> f\u00f6r att du ska veta att de passar dina behov. Det \u00e4r ett tryggt och s\u00e4kert s\u00e4tt att k\u00f6pa skidor p\u00e5, hyran f\u00e5r du tillbaka vid k\u00f6ptillf\u00e4llet.<\/p>\n","protected":false},"featured_media":70097,"template":"","meta":{"_acf_changed":false},"product_cat":[758,767],"product_tag":[],"er_categories":[],"er_brands":[],"er_seasons":[],"class_list":{"0":"post-74739","1":"product","2":"type-product","3":"status-publish","4":"has-post-thumbnail","6":"product_cat-langdskidor","7":"product_cat-skidor-langdskidor","8":"product_shipping_class-langa-produkter","9":"pa_langd-924","10":"pa_langd-768","11":"pa_langd-1050","12":"pa_langd-1051","13":"pa_langd-1052","14":"pa_marke-fischer","15":"pa_sasong-870","16":"pa_spann-medium","17":"pa_spann-stiff","19":"first","20":"instock","21":"sale","22":"taxable","23":"shipping-taxable","24":"purchasable","25":"product-type-variable"},"acf":[],"yoast_head":"<!-- This site is optimized with the Yoast SEO plugin v23.0 - https:\/\/yoast.com\/wordpress\/plugins\/seo\/ -->\n<title>Fischer Twin Skin Race 24\/25 - V\u00e4ster\u00e5s<\/title>\n<meta name=\"robots\" content=\"index, follow, max-snippet:-1, max-image-preview:large, max-video-preview:-1\" \/>\n<link rel=\"canonical\" href=\"https:\/\/aktivtuteliv.se\/vasteras\/produkt\/fischer-twin-skin-race-23-24-2\/\" \/>\n<meta property=\"og:locale\" content=\"sv_SE\" \/>\n<meta property=\"og:type\" content=\"article\" \/>\n<meta property=\"og:title\" content=\"Fischer Twin Skin Race 24\/25 - V\u00e4ster\u00e5s\" \/>\n<meta property=\"og:description\" content=\"20 % rabatt p\u00e5 stavar och pj\u00e4xor - n\u00e4r du k\u00f6per skidor!  &nbsp;  Hos oss f\u00e5r du 20 % rabatt p\u00e5 stavar och pj\u00e4xor i samband med att du k\u00f6per skidor, d\u00e5 kan du kombinera alternativen som du vill men \u00e4nd\u00e5 f\u00e5 ett konkurrenskraftigt och prisv\u00e4rt skidpaket.  &nbsp;  Dessutom erbjuder vi dig alltid att hyra och testa skidor innan k\u00f6pet f\u00f6r att du ska veta att de passar dina behov. Det \u00e4r ett tryggt och s\u00e4kert s\u00e4tt att k\u00f6pa skidor p\u00e5, hyran f\u00e5r du tillbaka vid k\u00f6ptillf\u00e4llet.\" \/>\n<meta property=\"og:url\" content=\"https:\/\/aktivtuteliv.se\/vasteras\/produkt\/fischer-twin-skin-race-23-24-2\/\" \/>\n<meta property=\"og:site_name\" content=\"V\u00e4ster\u00e5s\" \/>\n<meta property=\"article:publisher\" content=\"https:\/\/www.facebook.com\/aktivtutelivbjornogarden\" \/>\n<meta property=\"article:modified_time\" content=\"2026-02-23T15:30:22+00:00\" \/>\n<meta property=\"og:image\" content=\"https:\/\/aktivtuteliv.se\/vasteras\/wp-content\/uploads\/sites\/4\/2023\/11\/fischer_Twinskin_Race_2324.jpg\" \/>\n\t<meta property=\"og:image:width\" content=\"1080\" \/>\n\t<meta property=\"og:image:height\" content=\"1080\" \/>\n\t<meta property=\"og:image:type\" content=\"image\/jpeg\" \/>\n<meta name=\"twitter:card\" content=\"summary_large_image\" \/>\n<meta name=\"twitter:site\" content=\"@aktivtuteliv\" \/>\n<meta name=\"twitter:label1\" content=\"Ber\u00e4knad l\u00e4stid\" \/>\n\t<meta name=\"twitter:data1\" content=\"1 minut\" \/>\n<script type=\"application\/ld+json\" class=\"yoast-schema-graph\">{\"@context\":\"https:\/\/schema.org\",\"@graph\":[{\"@type\":\"WebPage\",\"@id\":\"https:\/\/aktivtuteliv.se\/vasteras\/produkt\/fischer-twin-skin-race-23-24-2\/\",\"url\":\"https:\/\/aktivtuteliv.se\/vasteras\/produkt\/fischer-twin-skin-race-23-24-2\/\",\"name\":\"Fischer Twin Skin Race 24\/25 - V\u00e4ster\u00e5s\",\"isPartOf\":{\"@id\":\"https:\/\/aktivtuteliv.se\/vasteras\/#website\"},\"primaryImageOfPage\":{\"@id\":\"https:\/\/aktivtuteliv.se\/vasteras\/produkt\/fischer-twin-skin-race-23-24-2\/#primaryimage\"},\"image\":{\"@id\":\"https:\/\/aktivtuteliv.se\/vasteras\/produkt\/fischer-twin-skin-race-23-24-2\/#primaryimage\"},\"thumbnailUrl\":\"https:\/\/e5gp8rwuod7.exactdn.com\/vasteras\/wp-content\/uploads\/sites\/4\/2023\/11\/fischer_Twinskin_Race_2324.jpg?strip=all&lossy=1&ssl=1\",\"datePublished\":\"2024-11-05T11:58:25+00:00\",\"dateModified\":\"2026-02-23T15:30:22+00:00\",\"breadcrumb\":{\"@id\":\"https:\/\/aktivtuteliv.se\/vasteras\/produkt\/fischer-twin-skin-race-23-24-2\/#breadcrumb\"},\"inLanguage\":\"sv-SE\",\"potentialAction\":[{\"@type\":\"ReadAction\",\"target\":[\"https:\/\/aktivtuteliv.se\/vasteras\/produkt\/fischer-twin-skin-race-23-24-2\/\"]}]},{\"@type\":\"ImageObject\",\"inLanguage\":\"sv-SE\",\"@id\":\"https:\/\/aktivtuteliv.se\/vasteras\/produkt\/fischer-twin-skin-race-23-24-2\/#primaryimage\",\"url\":\"https:\/\/e5gp8rwuod7.exactdn.com\/vasteras\/wp-content\/uploads\/sites\/4\/2023\/11\/fischer_Twinskin_Race_2324.jpg?strip=all&lossy=1&ssl=1\",\"contentUrl\":\"https:\/\/e5gp8rwuod7.exactdn.com\/vasteras\/wp-content\/uploads\/sites\/4\/2023\/11\/fischer_Twinskin_Race_2324.jpg?strip=all&lossy=1&ssl=1\",\"width\":1080,\"height\":1080},{\"@type\":\"BreadcrumbList\",\"@id\":\"https:\/\/aktivtuteliv.se\/vasteras\/produkt\/fischer-twin-skin-race-23-24-2\/#breadcrumb\",\"itemListElement\":[{\"@type\":\"ListItem\",\"position\":1,\"name\":\"Home\",\"item\":\"https:\/\/aktivtuteliv.se\/vasteras\/\"},{\"@type\":\"ListItem\",\"position\":2,\"name\":\"Webbutik\",\"item\":\"https:\/\/aktivtuteliv.se\/vasteras\/butik\/\"},{\"@type\":\"ListItem\",\"position\":3,\"name\":\"Fischer Twin Skin Race 24\/25\"}]},{\"@type\":\"WebSite\",\"@id\":\"https:\/\/aktivtuteliv.se\/vasteras\/#website\",\"url\":\"https:\/\/aktivtuteliv.se\/vasteras\/\",\"name\":\"Aktivt Uteliv Bj\u00f6rn\u00f6g\u00e5rden\",\"description\":\"Ett friluftscenter i V\u00e4ster\u00e5s\",\"publisher\":{\"@id\":\"https:\/\/aktivtuteliv.se\/vasteras\/#organization\"},\"potentialAction\":[{\"@type\":\"SearchAction\",\"target\":{\"@type\":\"EntryPoint\",\"urlTemplate\":\"https:\/\/aktivtuteliv.se\/vasteras\/?s={search_term_string}\"},\"query-input\":\"required name=search_term_string\"}],\"inLanguage\":\"sv-SE\"},{\"@type\":\"Organization\",\"@id\":\"https:\/\/aktivtuteliv.se\/vasteras\/#organization\",\"name\":\"Aktivt Uteliv Bj\u00f6rn\u00f6g\u00e5rden\",\"url\":\"https:\/\/aktivtuteliv.se\/vasteras\/\",\"logo\":{\"@type\":\"ImageObject\",\"inLanguage\":\"sv-SE\",\"@id\":\"https:\/\/aktivtuteliv.se\/vasteras\/#\/schema\/logo\/image\/\",\"url\":\"https:\/\/e5gp8rwuod7.exactdn.com\/vasteras\/wp-content\/uploads\/sites\/4\/2025\/01\/AUB-pms.png?strip=all&lossy=1&ssl=1\",\"contentUrl\":\"https:\/\/e5gp8rwuod7.exactdn.com\/vasteras\/wp-content\/uploads\/sites\/4\/2025\/01\/AUB-pms.png?strip=all&lossy=1&ssl=1\",\"width\":1894,\"height\":1165,\"caption\":\"Aktivt Uteliv Bj\u00f6rn\u00f6g\u00e5rden\"},\"image\":{\"@id\":\"https:\/\/aktivtuteliv.se\/vasteras\/#\/schema\/logo\/image\/\"},\"sameAs\":[\"https:\/\/www.facebook.com\/aktivtutelivbjornogarden\",\"https:\/\/x.com\/aktivtuteliv\",\"https:\/\/www.instagram.com\/aktivtuteliv_bjornogarden\"]}]}<\/script>\n<!-- \/ Yoast SEO plugin. -->","yoast_head_json":{"title":"Fischer Twin Skin Race 24\/25 - V\u00e4ster\u00e5s","robots":{"index":"index","follow":"follow","max-snippet":"max-snippet:-1","max-image-preview":"max-image-preview:large","max-video-preview":"max-video-preview:-1"},"canonical":"https:\/\/aktivtuteliv.se\/vasteras\/produkt\/fischer-twin-skin-race-23-24-2\/","og_locale":"sv_SE","og_type":"article","og_title":"Fischer Twin Skin Race 24\/25 - V\u00e4ster\u00e5s","og_description":"20 % rabatt p\u00e5 stavar och pj\u00e4xor - n\u00e4r du k\u00f6per skidor!  &nbsp;  Hos oss f\u00e5r du 20 % rabatt p\u00e5 stavar och pj\u00e4xor i samband med att du k\u00f6per skidor, d\u00e5 kan du kombinera alternativen som du vill men \u00e4nd\u00e5 f\u00e5 ett konkurrenskraftigt och prisv\u00e4rt skidpaket.  &nbsp;  Dessutom erbjuder vi dig alltid att hyra och testa skidor innan k\u00f6pet f\u00f6r att du ska veta att de passar dina behov. Det \u00e4r ett tryggt och s\u00e4kert s\u00e4tt att k\u00f6pa skidor p\u00e5, hyran f\u00e5r du tillbaka vid k\u00f6ptillf\u00e4llet.","og_url":"https:\/\/aktivtuteliv.se\/vasteras\/produkt\/fischer-twin-skin-race-23-24-2\/","og_site_name":"V\u00e4ster\u00e5s","article_publisher":"https:\/\/www.facebook.com\/aktivtutelivbjornogarden","article_modified_time":"2026-02-23T15:30:22+00:00","og_image":[{"width":1080,"height":1080,"url":"https:\/\/aktivtuteliv.se\/vasteras\/wp-content\/uploads\/sites\/4\/2023\/11\/fischer_Twinskin_Race_2324.jpg","type":"image\/jpeg"}],"twitter_card":"summary_large_image","twitter_site":"@aktivtuteliv","twitter_misc":{"Ber\u00e4knad l\u00e4stid":"1 minut"},"schema":{"@context":"https:\/\/schema.org","@graph":[{"@type":"WebPage","@id":"https:\/\/aktivtuteliv.se\/vasteras\/produkt\/fischer-twin-skin-race-23-24-2\/","url":"https:\/\/aktivtuteliv.se\/vasteras\/produkt\/fischer-twin-skin-race-23-24-2\/","name":"Fischer Twin Skin Race 24\/25 - V\u00e4ster\u00e5s","isPartOf":{"@id":"https:\/\/aktivtuteliv.se\/vasteras\/#website"},"primaryImageOfPage":{"@id":"https:\/\/aktivtuteliv.se\/vasteras\/produkt\/fischer-twin-skin-race-23-24-2\/#primaryimage"},"image":{"@id":"https:\/\/aktivtuteliv.se\/vasteras\/produkt\/fischer-twin-skin-race-23-24-2\/#primaryimage"},"thumbnailUrl":"https:\/\/e5gp8rwuod7.exactdn.com\/vasteras\/wp-content\/uploads\/sites\/4\/2023\/11\/fischer_Twinskin_Race_2324.jpg?strip=all&lossy=1&ssl=1","datePublished":"2024-11-05T11:58:25+00:00","dateModified":"2026-02-23T15:30:22+00:00","breadcrumb":{"@id":"https:\/\/aktivtuteliv.se\/vasteras\/produkt\/fischer-twin-skin-race-23-24-2\/#breadcrumb"},"inLanguage":"sv-SE","potentialAction":[{"@type":"ReadAction","target":["https:\/\/aktivtuteliv.se\/vasteras\/produkt\/fischer-twin-skin-race-23-24-2\/"]}]},{"@type":"ImageObject","inLanguage":"sv-SE","@id":"https:\/\/aktivtuteliv.se\/vasteras\/produkt\/fischer-twin-skin-race-23-24-2\/#primaryimage","url":"https:\/\/e5gp8rwuod7.exactdn.com\/vasteras\/wp-content\/uploads\/sites\/4\/2023\/11\/fischer_Twinskin_Race_2324.jpg?strip=all&lossy=1&ssl=1","contentUrl":"https:\/\/e5gp8rwuod7.exactdn.com\/vasteras\/wp-content\/uploads\/sites\/4\/2023\/11\/fischer_Twinskin_Race_2324.jpg?strip=all&lossy=1&ssl=1","width":1080,"height":1080},{"@type":"BreadcrumbList","@id":"https:\/\/aktivtuteliv.se\/vasteras\/produkt\/fischer-twin-skin-race-23-24-2\/#breadcrumb","itemListElement":[{"@type":"ListItem","position":1,"name":"Home","item":"https:\/\/aktivtuteliv.se\/vasteras\/"},{"@type":"ListItem","position":2,"name":"Webbutik","item":"https:\/\/aktivtuteliv.se\/vasteras\/butik\/"},{"@type":"ListItem","position":3,"name":"Fischer Twin Skin Race 24\/25"}]},{"@type":"WebSite","@id":"https:\/\/aktivtuteliv.se\/vasteras\/#website","url":"https:\/\/aktivtuteliv.se\/vasteras\/","name":"Aktivt Uteliv Bj\u00f6rn\u00f6g\u00e5rden","description":"Ett friluftscenter i V\u00e4ster\u00e5s","publisher":{"@id":"https:\/\/aktivtuteliv.se\/vasteras\/#organization"},"potentialAction":[{"@type":"SearchAction","target":{"@type":"EntryPoint","urlTemplate":"https:\/\/aktivtuteliv.se\/vasteras\/?s={search_term_string}"},"query-input":"required name=search_term_string"}],"inLanguage":"sv-SE"},{"@type":"Organization","@id":"https:\/\/aktivtuteliv.se\/vasteras\/#organization","name":"Aktivt Uteliv Bj\u00f6rn\u00f6g\u00e5rden","url":"https:\/\/aktivtuteliv.se\/vasteras\/","logo":{"@type":"ImageObject","inLanguage":"sv-SE","@id":"https:\/\/aktivtuteliv.se\/vasteras\/#\/schema\/logo\/image\/","url":"https:\/\/e5gp8rwuod7.exactdn.com\/vasteras\/wp-content\/uploads\/sites\/4\/2025\/01\/AUB-pms.png?strip=all&lossy=1&ssl=1","contentUrl":"https:\/\/e5gp8rwuod7.exactdn.com\/vasteras\/wp-content\/uploads\/sites\/4\/2025\/01\/AUB-pms.png?strip=all&lossy=1&ssl=1","width":1894,"height":1165,"caption":"Aktivt Uteliv Bj\u00f6rn\u00f6g\u00e5rden"},"image":{"@id":"https:\/\/aktivtuteliv.se\/vasteras\/#\/schema\/logo\/image\/"},"sameAs":["https:\/\/www.facebook.com\/aktivtutelivbjornogarden","https:\/\/x.com\/aktivtuteliv","https:\/\/www.instagram.com\/aktivtuteliv_bjornogarden"]}]}},"_links":{"self":[{"href":"https:\/\/aktivtuteliv.se\/vasteras\/wp-json\/wp\/v2\/product\/74739","targetHints":{"allow":["GET"]}}],"collection":[{"href":"https:\/\/aktivtuteliv.se\/vasteras\/wp-json\/wp\/v2\/product"}],"about":[{"href":"https:\/\/aktivtuteliv.se\/vasteras\/wp-json\/wp\/v2\/types\/product"}],"wp:featuredmedia":[{"embeddable":true,"href":"https:\/\/aktivtuteliv.se\/vasteras\/wp-json\/wp\/v2\/media\/70097"}],"wp:attachment":[{"href":"https:\/\/aktivtuteliv.se\/vasteras\/wp-json\/wp\/v2\/media?parent=74739"}],"wp:term":[{"taxonomy":"product_cat","embeddable":true,"href":"https:\/\/aktivtuteliv.se\/vasteras\/wp-json\/wp\/v2\/product_cat?post=74739"},{"taxonomy":"product_tag","embeddable":true,"href":"https:\/\/aktivtuteliv.se\/vasteras\/wp-json\/wp\/v2\/product_tag?post=74739"},{"taxonomy":"er_categories","embeddable":true,"href":"https:\/\/aktivtuteliv.se\/vasteras\/wp-json\/wp\/v2\/er_categories?post=74739"},{"taxonomy":"er_brands","embeddable":true,"href":"https:\/\/aktivtuteliv.se\/vasteras\/wp-json\/wp\/v2\/er_brands?post=74739"},{"taxonomy":"er_seasons","embeddable":true,"href":"https:\/\/aktivtuteliv.se\/vasteras\/wp-json\/wp\/v2\/er_seasons?post=74739"}],"curies":[{"name":"wp","href":"https:\/\/api.w.org\/{rel}","templated":true}]}}