{"id":74784,"date":"2024-11-05T11:58:42","date_gmt":"2024-11-05T11:58:42","guid":{"rendered":"https:\/\/aktivtuteliv.se\/vasteras\/?post_type=product&#038;p=74784"},"modified":"2025-10-18T06:40:50","modified_gmt":"2025-10-18T04:40:50","slug":"fjallvandra-i-jamtland-2","status":"publish","type":"product","link":"https:\/\/aktivtuteliv.se\/vasteras\/produkt\/fjallvandra-i-jamtland-2\/","title":{"rendered":"Fj\u00e4llvandra i J\u00e4mtland"},"content":{"rendered":"<p>J\u00e4mtlandsfj\u00e4llen \u00e4r utan tvekan ett av v\u00e5ra allra mest folkk\u00e4ra fj\u00e4llomr\u00e5den. Namn som Storulv\u00e5n, Lunnd\u00f6rren, Pyramiderna och Bl\u00e5hammaren v\u00e4cker varma minnen hos erfarna fj\u00e4llvandrare och nyfikenhet hos noviserna.<\/p>\n<p>&nbsp;<\/p>\n<p>Fj\u00e4llvandra i J\u00e4mtland \u00e4r en komplett guide till ledsystemet i v\u00e4stra J\u00e4mtland, illustrerad med bilder, kartor och h\u00f6jdgrafer. Boken beskriver klassiska vandringar som Triangeln och Sylarna runt men tar \u00e4ven upp mindre k\u00e4nda f\u00e4rdv\u00e4gar. Du f\u00e5r veta n\u00e4r p\u00e5 s\u00e4songen det \u00e4r b\u00e4st att vandra och vilka platser som kan utg\u00f6ra bra start- och slutpunkter p\u00e5 din fj\u00e4lltur.<\/p>\n<p>&nbsp;<\/p>\n<p>F\u00f6rfattaren Johan Ranbrandt \u00e4r bosatt i \u00d6stersund och har jobbat med friluftsliv stora delar av sitt liv, bland annat som sportchef p\u00e5 STF Storulv\u00e5n. Han har tidigare skrivit den popul\u00e4ra boken Friluftsliv i J\u00e4mtland.<\/p>\n<p>&nbsp;<\/p>\n<p>Utgivnings\u00e5r: 2017<\/p>\n","protected":false},"excerpt":{"rendered":"<p>J\u00e4mtlandsfj\u00e4llen \u00e4r utan tvekan ett av v\u00e5ra allra mest folkk\u00e4ra fj\u00e4llomr\u00e5den. Namn som Storulv\u00e5n, Lunnd\u00f6rren, Pyramiderna och Bl\u00e5hammaren v\u00e4cker varma minnen hos erfarna fj\u00e4llvandrare och nyfikenhet hos noviserna. &nbsp; Fj\u00e4llvandra [&hellip;]<\/p>\n","protected":false},"featured_media":67556,"template":"","meta":{"_acf_changed":false},"product_cat":[762,991],"product_tag":[],"er_categories":[],"er_brands":[],"er_seasons":[],"class_list":{"0":"post-74784","1":"product","2":"type-product","3":"status-publish","4":"has-post-thumbnail","6":"product_cat-friluftsliv","7":"product_cat-kartor-bocker","8":"pa_marke-calazo","9":"pa_sasong-1279","11":"first","12":"instock","13":"taxable","14":"shipping-taxable","15":"purchasable","16":"product-type-simple"},"acf":[],"yoast_head":"<!-- This site is optimized with the Yoast SEO plugin v23.0 - https:\/\/yoast.com\/wordpress\/plugins\/seo\/ -->\n<title>Fj\u00e4llvandra i J\u00e4mtland - V\u00e4ster\u00e5s<\/title>\n<meta name=\"robots\" content=\"index, follow, max-snippet:-1, max-image-preview:large, max-video-preview:-1\" \/>\n<link rel=\"canonical\" href=\"https:\/\/aktivtuteliv.se\/vasteras\/produkt\/fjallvandra-i-jamtland-2\/\" \/>\n<meta property=\"og:locale\" content=\"sv_SE\" \/>\n<meta property=\"og:type\" content=\"article\" \/>\n<meta property=\"og:title\" content=\"Fj\u00e4llvandra i J\u00e4mtland - V\u00e4ster\u00e5s\" \/>\n<meta property=\"og:description\" content=\"J\u00e4mtlandsfj\u00e4llen \u00e4r utan tvekan ett av v\u00e5ra allra mest folkk\u00e4ra fj\u00e4llomr\u00e5den. Namn som Storulv\u00e5n, Lunnd\u00f6rren, Pyramiderna och Bl\u00e5hammaren v\u00e4cker varma minnen hos erfarna fj\u00e4llvandrare och nyfikenhet hos noviserna. &nbsp; Fj\u00e4llvandra [&hellip;]\" \/>\n<meta property=\"og:url\" content=\"https:\/\/aktivtuteliv.se\/vasteras\/produkt\/fjallvandra-i-jamtland-2\/\" \/>\n<meta property=\"og:site_name\" content=\"V\u00e4ster\u00e5s\" \/>\n<meta property=\"article:publisher\" content=\"https:\/\/www.facebook.com\/aktivtutelivbjornogarden\" \/>\n<meta property=\"article:modified_time\" content=\"2025-10-18T04:40:50+00:00\" \/>\n<meta property=\"og:image\" content=\"https:\/\/aktivtuteliv.se\/vasteras\/wp-content\/uploads\/sites\/4\/2023\/05\/Fjallvandra-i-Jamtland-1000x1000-1.jpg\" \/>\n\t<meta property=\"og:image:width\" content=\"1000\" \/>\n\t<meta property=\"og:image:height\" content=\"1000\" \/>\n\t<meta property=\"og:image:type\" content=\"image\/jpeg\" \/>\n<meta name=\"twitter:card\" content=\"summary_large_image\" \/>\n<meta name=\"twitter:site\" content=\"@aktivtuteliv\" \/>\n<meta name=\"twitter:label1\" content=\"Ber\u00e4knad l\u00e4stid\" \/>\n\t<meta name=\"twitter:data1\" content=\"1 minut\" \/>\n<script type=\"application\/ld+json\" class=\"yoast-schema-graph\">{\"@context\":\"https:\/\/schema.org\",\"@graph\":[{\"@type\":\"WebPage\",\"@id\":\"https:\/\/aktivtuteliv.se\/vasteras\/produkt\/fjallvandra-i-jamtland-2\/\",\"url\":\"https:\/\/aktivtuteliv.se\/vasteras\/produkt\/fjallvandra-i-jamtland-2\/\",\"name\":\"Fj\u00e4llvandra i J\u00e4mtland - V\u00e4ster\u00e5s\",\"isPartOf\":{\"@id\":\"https:\/\/aktivtuteliv.se\/vasteras\/#website\"},\"primaryImageOfPage\":{\"@id\":\"https:\/\/aktivtuteliv.se\/vasteras\/produkt\/fjallvandra-i-jamtland-2\/#primaryimage\"},\"image\":{\"@id\":\"https:\/\/aktivtuteliv.se\/vasteras\/produkt\/fjallvandra-i-jamtland-2\/#primaryimage\"},\"thumbnailUrl\":\"https:\/\/e5gp8rwuod7.exactdn.com\/vasteras\/wp-content\/uploads\/sites\/4\/2023\/05\/Fjallvandra-i-Jamtland-1000x1000-1.jpg?strip=all&lossy=1&ssl=1\",\"datePublished\":\"2024-11-05T11:58:42+00:00\",\"dateModified\":\"2025-10-18T04:40:50+00:00\",\"breadcrumb\":{\"@id\":\"https:\/\/aktivtuteliv.se\/vasteras\/produkt\/fjallvandra-i-jamtland-2\/#breadcrumb\"},\"inLanguage\":\"sv-SE\",\"potentialAction\":[{\"@type\":\"ReadAction\",\"target\":[\"https:\/\/aktivtuteliv.se\/vasteras\/produkt\/fjallvandra-i-jamtland-2\/\"]}]},{\"@type\":\"ImageObject\",\"inLanguage\":\"sv-SE\",\"@id\":\"https:\/\/aktivtuteliv.se\/vasteras\/produkt\/fjallvandra-i-jamtland-2\/#primaryimage\",\"url\":\"https:\/\/e5gp8rwuod7.exactdn.com\/vasteras\/wp-content\/uploads\/sites\/4\/2023\/05\/Fjallvandra-i-Jamtland-1000x1000-1.jpg?strip=all&lossy=1&ssl=1\",\"contentUrl\":\"https:\/\/e5gp8rwuod7.exactdn.com\/vasteras\/wp-content\/uploads\/sites\/4\/2023\/05\/Fjallvandra-i-Jamtland-1000x1000-1.jpg?strip=all&lossy=1&ssl=1\",\"width\":1000,\"height\":1000},{\"@type\":\"BreadcrumbList\",\"@id\":\"https:\/\/aktivtuteliv.se\/vasteras\/produkt\/fjallvandra-i-jamtland-2\/#breadcrumb\",\"itemListElement\":[{\"@type\":\"ListItem\",\"position\":1,\"name\":\"Home\",\"item\":\"https:\/\/aktivtuteliv.se\/vasteras\/\"},{\"@type\":\"ListItem\",\"position\":2,\"name\":\"Webbutik\",\"item\":\"https:\/\/aktivtuteliv.se\/vasteras\/butik\/\"},{\"@type\":\"ListItem\",\"position\":3,\"name\":\"Fj\u00e4llvandra i J\u00e4mtland\"}]},{\"@type\":\"WebSite\",\"@id\":\"https:\/\/aktivtuteliv.se\/vasteras\/#website\",\"url\":\"https:\/\/aktivtuteliv.se\/vasteras\/\",\"name\":\"Aktivt Uteliv Bj\u00f6rn\u00f6g\u00e5rden\",\"description\":\"Ett friluftscenter i V\u00e4ster\u00e5s\",\"publisher\":{\"@id\":\"https:\/\/aktivtuteliv.se\/vasteras\/#organization\"},\"potentialAction\":[{\"@type\":\"SearchAction\",\"target\":{\"@type\":\"EntryPoint\",\"urlTemplate\":\"https:\/\/aktivtuteliv.se\/vasteras\/?s={search_term_string}\"},\"query-input\":\"required name=search_term_string\"}],\"inLanguage\":\"sv-SE\"},{\"@type\":\"Organization\",\"@id\":\"https:\/\/aktivtuteliv.se\/vasteras\/#organization\",\"name\":\"Aktivt Uteliv Bj\u00f6rn\u00f6g\u00e5rden\",\"url\":\"https:\/\/aktivtuteliv.se\/vasteras\/\",\"logo\":{\"@type\":\"ImageObject\",\"inLanguage\":\"sv-SE\",\"@id\":\"https:\/\/aktivtuteliv.se\/vasteras\/#\/schema\/logo\/image\/\",\"url\":\"https:\/\/e5gp8rwuod7.exactdn.com\/vasteras\/wp-content\/uploads\/sites\/4\/2025\/01\/AUB-pms.png?strip=all&lossy=1&ssl=1\",\"contentUrl\":\"https:\/\/e5gp8rwuod7.exactdn.com\/vasteras\/wp-content\/uploads\/sites\/4\/2025\/01\/AUB-pms.png?strip=all&lossy=1&ssl=1\",\"width\":1894,\"height\":1165,\"caption\":\"Aktivt Uteliv Bj\u00f6rn\u00f6g\u00e5rden\"},\"image\":{\"@id\":\"https:\/\/aktivtuteliv.se\/vasteras\/#\/schema\/logo\/image\/\"},\"sameAs\":[\"https:\/\/www.facebook.com\/aktivtutelivbjornogarden\",\"https:\/\/x.com\/aktivtuteliv\",\"https:\/\/www.instagram.com\/aktivtuteliv_bjornogarden\"]}]}<\/script>\n<!-- \/ Yoast SEO plugin. -->","yoast_head_json":{"title":"Fj\u00e4llvandra i J\u00e4mtland - V\u00e4ster\u00e5s","robots":{"index":"index","follow":"follow","max-snippet":"max-snippet:-1","max-image-preview":"max-image-preview:large","max-video-preview":"max-video-preview:-1"},"canonical":"https:\/\/aktivtuteliv.se\/vasteras\/produkt\/fjallvandra-i-jamtland-2\/","og_locale":"sv_SE","og_type":"article","og_title":"Fj\u00e4llvandra i J\u00e4mtland - V\u00e4ster\u00e5s","og_description":"J\u00e4mtlandsfj\u00e4llen \u00e4r utan tvekan ett av v\u00e5ra allra mest folkk\u00e4ra fj\u00e4llomr\u00e5den. Namn som Storulv\u00e5n, Lunnd\u00f6rren, Pyramiderna och Bl\u00e5hammaren v\u00e4cker varma minnen hos erfarna fj\u00e4llvandrare och nyfikenhet hos noviserna. &nbsp; Fj\u00e4llvandra [&hellip;]","og_url":"https:\/\/aktivtuteliv.se\/vasteras\/produkt\/fjallvandra-i-jamtland-2\/","og_site_name":"V\u00e4ster\u00e5s","article_publisher":"https:\/\/www.facebook.com\/aktivtutelivbjornogarden","article_modified_time":"2025-10-18T04:40:50+00:00","og_image":[{"width":1000,"height":1000,"url":"https:\/\/aktivtuteliv.se\/vasteras\/wp-content\/uploads\/sites\/4\/2023\/05\/Fjallvandra-i-Jamtland-1000x1000-1.jpg","type":"image\/jpeg"}],"twitter_card":"summary_large_image","twitter_site":"@aktivtuteliv","twitter_misc":{"Ber\u00e4knad l\u00e4stid":"1 minut"},"schema":{"@context":"https:\/\/schema.org","@graph":[{"@type":"WebPage","@id":"https:\/\/aktivtuteliv.se\/vasteras\/produkt\/fjallvandra-i-jamtland-2\/","url":"https:\/\/aktivtuteliv.se\/vasteras\/produkt\/fjallvandra-i-jamtland-2\/","name":"Fj\u00e4llvandra i J\u00e4mtland - V\u00e4ster\u00e5s","isPartOf":{"@id":"https:\/\/aktivtuteliv.se\/vasteras\/#website"},"primaryImageOfPage":{"@id":"https:\/\/aktivtuteliv.se\/vasteras\/produkt\/fjallvandra-i-jamtland-2\/#primaryimage"},"image":{"@id":"https:\/\/aktivtuteliv.se\/vasteras\/produkt\/fjallvandra-i-jamtland-2\/#primaryimage"},"thumbnailUrl":"https:\/\/e5gp8rwuod7.exactdn.com\/vasteras\/wp-content\/uploads\/sites\/4\/2023\/05\/Fjallvandra-i-Jamtland-1000x1000-1.jpg?strip=all&lossy=1&ssl=1","datePublished":"2024-11-05T11:58:42+00:00","dateModified":"2025-10-18T04:40:50+00:00","breadcrumb":{"@id":"https:\/\/aktivtuteliv.se\/vasteras\/produkt\/fjallvandra-i-jamtland-2\/#breadcrumb"},"inLanguage":"sv-SE","potentialAction":[{"@type":"ReadAction","target":["https:\/\/aktivtuteliv.se\/vasteras\/produkt\/fjallvandra-i-jamtland-2\/"]}]},{"@type":"ImageObject","inLanguage":"sv-SE","@id":"https:\/\/aktivtuteliv.se\/vasteras\/produkt\/fjallvandra-i-jamtland-2\/#primaryimage","url":"https:\/\/e5gp8rwuod7.exactdn.com\/vasteras\/wp-content\/uploads\/sites\/4\/2023\/05\/Fjallvandra-i-Jamtland-1000x1000-1.jpg?strip=all&lossy=1&ssl=1","contentUrl":"https:\/\/e5gp8rwuod7.exactdn.com\/vasteras\/wp-content\/uploads\/sites\/4\/2023\/05\/Fjallvandra-i-Jamtland-1000x1000-1.jpg?strip=all&lossy=1&ssl=1","width":1000,"height":1000},{"@type":"BreadcrumbList","@id":"https:\/\/aktivtuteliv.se\/vasteras\/produkt\/fjallvandra-i-jamtland-2\/#breadcrumb","itemListElement":[{"@type":"ListItem","position":1,"name":"Home","item":"https:\/\/aktivtuteliv.se\/vasteras\/"},{"@type":"ListItem","position":2,"name":"Webbutik","item":"https:\/\/aktivtuteliv.se\/vasteras\/butik\/"},{"@type":"ListItem","position":3,"name":"Fj\u00e4llvandra i J\u00e4mtland"}]},{"@type":"WebSite","@id":"https:\/\/aktivtuteliv.se\/vasteras\/#website","url":"https:\/\/aktivtuteliv.se\/vasteras\/","name":"Aktivt Uteliv Bj\u00f6rn\u00f6g\u00e5rden","description":"Ett friluftscenter i V\u00e4ster\u00e5s","publisher":{"@id":"https:\/\/aktivtuteliv.se\/vasteras\/#organization"},"potentialAction":[{"@type":"SearchAction","target":{"@type":"EntryPoint","urlTemplate":"https:\/\/aktivtuteliv.se\/vasteras\/?s={search_term_string}"},"query-input":"required name=search_term_string"}],"inLanguage":"sv-SE"},{"@type":"Organization","@id":"https:\/\/aktivtuteliv.se\/vasteras\/#organization","name":"Aktivt Uteliv Bj\u00f6rn\u00f6g\u00e5rden","url":"https:\/\/aktivtuteliv.se\/vasteras\/","logo":{"@type":"ImageObject","inLanguage":"sv-SE","@id":"https:\/\/aktivtuteliv.se\/vasteras\/#\/schema\/logo\/image\/","url":"https:\/\/e5gp8rwuod7.exactdn.com\/vasteras\/wp-content\/uploads\/sites\/4\/2025\/01\/AUB-pms.png?strip=all&lossy=1&ssl=1","contentUrl":"https:\/\/e5gp8rwuod7.exactdn.com\/vasteras\/wp-content\/uploads\/sites\/4\/2025\/01\/AUB-pms.png?strip=all&lossy=1&ssl=1","width":1894,"height":1165,"caption":"Aktivt Uteliv Bj\u00f6rn\u00f6g\u00e5rden"},"image":{"@id":"https:\/\/aktivtuteliv.se\/vasteras\/#\/schema\/logo\/image\/"},"sameAs":["https:\/\/www.facebook.com\/aktivtutelivbjornogarden","https:\/\/x.com\/aktivtuteliv","https:\/\/www.instagram.com\/aktivtuteliv_bjornogarden"]}]}},"_links":{"self":[{"href":"https:\/\/aktivtuteliv.se\/vasteras\/wp-json\/wp\/v2\/product\/74784","targetHints":{"allow":["GET"]}}],"collection":[{"href":"https:\/\/aktivtuteliv.se\/vasteras\/wp-json\/wp\/v2\/product"}],"about":[{"href":"https:\/\/aktivtuteliv.se\/vasteras\/wp-json\/wp\/v2\/types\/product"}],"wp:featuredmedia":[{"embeddable":true,"href":"https:\/\/aktivtuteliv.se\/vasteras\/wp-json\/wp\/v2\/media\/67556"}],"wp:attachment":[{"href":"https:\/\/aktivtuteliv.se\/vasteras\/wp-json\/wp\/v2\/media?parent=74784"}],"wp:term":[{"taxonomy":"product_cat","embeddable":true,"href":"https:\/\/aktivtuteliv.se\/vasteras\/wp-json\/wp\/v2\/product_cat?post=74784"},{"taxonomy":"product_tag","embeddable":true,"href":"https:\/\/aktivtuteliv.se\/vasteras\/wp-json\/wp\/v2\/product_tag?post=74784"},{"taxonomy":"er_categories","embeddable":true,"href":"https:\/\/aktivtuteliv.se\/vasteras\/wp-json\/wp\/v2\/er_categories?post=74784"},{"taxonomy":"er_brands","embeddable":true,"href":"https:\/\/aktivtuteliv.se\/vasteras\/wp-json\/wp\/v2\/er_brands?post=74784"},{"taxonomy":"er_seasons","embeddable":true,"href":"https:\/\/aktivtuteliv.se\/vasteras\/wp-json\/wp\/v2\/er_seasons?post=74784"}],"curies":[{"name":"wp","href":"https:\/\/api.w.org\/{rel}","templated":true}]}}