{"id":74807,"date":"2024-11-05T11:58:53","date_gmt":"2024-11-05T11:58:53","guid":{"rendered":"https:\/\/aktivtuteliv.se\/vasteras\/?post_type=product&#038;p=74807"},"modified":"2025-11-17T13:18:19","modified_gmt":"2025-11-17T12:18:19","slug":"prijon-grizzly","status":"publish","type":"product","link":"https:\/\/aktivtuteliv.se\/vasteras\/produkt\/prijon-grizzly\/","title":{"rendered":"Prijon Grizzly"},"content":{"rendered":"<p><span class=\"VIiyi\" lang=\"sv\"><span class=\"JLqJ4b ChMk0b\" data-language-for-alternatives=\"sv\" data-language-to-translate-into=\"en\" data-phrase-index=\"0\">Prijon Grizzly har ersatt den ikoniska modellen<\/span><\/span> Kodiak och har, f\u00f6rutom det nya namnet, f\u00e5tt en ny modern design och f\u00f6rdelar som mer rocker f\u00f6r att l\u00e4ttare kunna v\u00e4nda och en ny h\u00e5rd lucka framf\u00f6r sittbrunnen. Denna kajak kommer att forts\u00e4tta vara Prijons flaggskepp f\u00f6r den som vill ha den tuffaste och mest p\u00e5litliga havskajaken f\u00f6r de l\u00e4ngsta turerna.<\/p>\n<p>&nbsp;<\/p>\n<p>N\u00e4r Prijon ins\u00e5g att deras gjutform till Kodiak var i slutet av sin livsl\u00e4ngd utnyttjade de m\u00f6jligheten att g\u00f6ra vissa f\u00f6rb\u00e4ttringar p\u00e5 en av v\u00e4rldens mest anv\u00e4nda expeditionskajaker till en mer modern expeditionskajak. Men man beh\u00f6ll de karakt\u00e4ristiska grunddragen hos den ursprungliga Kodiak som en relativt snabb, men stabil kajak med m\u00f6jlighet till stor m\u00e4ngd packning f\u00f6r l\u00e5nga distanser. Vilket har bevisats \u00f6ver hela v\u00e4rlden med expeditioner fr\u00e5n Madagaskar till polarregionerna som varat i m\u00e5nga m\u00e5nader.<\/p>\n<p>&nbsp;<\/p>\n<p>Som alla Prijons kajakmodeller \u00e4r sitsen vadderad och justerbar, liksom benst\u00f6den. Den g\u00e5r utan bekymmer att packa f\u00f6r en veckotur i sk\u00e4rg\u00e5rden och den st\u00e5r pall f\u00f6r tuffa utmaningar. Kajaken levereras med Prijons Luxus-roder som standard.<\/p>\n<p>&nbsp;<\/p>\n<p>Prijon \u00e4r tyska kajaker k\u00e4nda f\u00f6r sin h\u00e5llbarhet och komfort. Med tysk ingenj\u00f6rskonst och \u00f6ga f\u00f6r detaljer har de sedan starten f\u00f6r 50 \u00e5r sedan tillverkats i Rosenheim i s\u00f6dra Bayern.<\/p>\n<p>&nbsp;<\/p>\n<p>Hyr, testa, k\u00f6p inneb\u00e4r att du kan hyra produkten, testa det under valfri hyresperiod och sedan f\u00e5r du dra av hyran n\u00e4r du k\u00f6per ett ny, motsvarande produkt fr\u00e5n oss.<\/p>\n<p>&nbsp;<\/p>\n<p><strong>PRIJON GRIZZLY<\/strong><\/p>\n<p>Optimal f\u00f6r paddlare: 80-120 kg<\/p>\n<p>Kapacitet: max 160 kg<\/p>\n<p>L\u00e4ngd: 520 cm<\/p>\n<p>Bredd: 61 cm<\/p>\n<p>Vikt: ca 28 kg<\/p>\n<p>Sittbrunn: 92 x 53 kg<\/p>\n<p>Material: bl\u00e5smodulerad plast (HTP)<\/p>\n<p>Packvolym: 70 L + 130 L<\/p>\n<p>F\u00e4rg: lime, r\u00f6d eller gul<\/p>\n<p>&nbsp;<\/p>\n<p><strong>Fem anledningar till att du ska k\u00f6pa kajak hos oss:<\/strong><br \/>\n1. Vi erbjuder 20 % rabatt p\u00e5 alla kajaktillbeh\u00f6r som du k\u00f6per samtidigt med kajaken.<br \/>\n2. Med drygt 90 \u00e5rs erfarenhet av paddling i alla dess former kan vi hj\u00e4lpa dig att hitta r\u00e4tt kajak.<br \/>\n3. Vi har spetskompetens i form av 15 SM-medaljer i sprintpaddling och som redakt\u00f6r p\u00e5 tidsskriften Paddling.<br \/>\n4. Hos oss kan du alltid testa kajaken innan k\u00f6pet direkt utanf\u00f6r butiken, vi arrangerar \u00e4ven <em><strong><a href=\"https:\/\/aktivtuteliv.se\/vasteras\/event\/kajaktest\/\">Kajaktestardagar<\/a><\/strong><\/em>.<br \/>\n5. Vi jobbar endast med v\u00e4lrenommerade europeiska kvalitetsm\u00e4rken.<\/p>\n","protected":false},"excerpt":{"rendered":"<h3><strong>Hyr, testa och k\u00f6p!<\/strong><\/h3>\n<p>Den h\u00e4r modellen finns i v\u00e5r uthyrning vilket g\u00f6r att du kan hyra och testa kajaken innan du k\u00f6per den. Hyran f\u00e5r du sedan dra av n\u00e4r du k\u00f6per en ny, likadan kajak av oss.<\/p>\n<p>&nbsp;<\/p>\n<p>N\u00e4r du k\u00f6per en kajak fr\u00e5n oss f\u00e5r du en\u00a0<strong>grundkurs i havskajak\u00a0<\/strong>p\u00e5 k\u00f6pet,\u00a0<a href=\"https:\/\/aktivtuteliv.se\/vasteras\/event\/grundkurs-i-havskajak\/\">l\u00e4s mer om kursen h\u00e4r<\/a>!<\/p>\n","protected":false},"featured_media":66001,"template":"","meta":{"_acf_changed":false},"product_cat":[754,1074],"product_tag":[],"er_categories":[],"er_brands":[],"er_seasons":[],"class_list":{"0":"post-74807","1":"product","2":"type-product","3":"status-publish","4":"has-post-thumbnail","6":"product_cat-kajak","7":"product_cat-kajaker","8":"product_shipping_class-kajak","9":"pa_marke-prijon","10":"pa_sasong-753","12":"first","13":"instock","14":"sale","15":"taxable","16":"shipping-taxable","17":"purchasable","18":"product-type-variable","19":"has-default-attributes"},"acf":[],"yoast_head":"<!-- This site is optimized with the Yoast SEO plugin v23.0 - https:\/\/yoast.com\/wordpress\/plugins\/seo\/ -->\n<title>Prijon Grizzly - V\u00e4ster\u00e5s<\/title>\n<meta name=\"robots\" content=\"index, follow, max-snippet:-1, max-image-preview:large, max-video-preview:-1\" \/>\n<link rel=\"canonical\" href=\"https:\/\/aktivtuteliv.se\/vasteras\/produkt\/prijon-grizzly\/\" \/>\n<meta property=\"og:locale\" content=\"sv_SE\" \/>\n<meta property=\"og:type\" content=\"article\" \/>\n<meta property=\"og:title\" content=\"Prijon Grizzly - V\u00e4ster\u00e5s\" \/>\n<meta property=\"og:description\" content=\"Hyr, testa och k\u00f6p! Den h\u00e4r modellen finns i v\u00e5r uthyrning vilket g\u00f6r att du kan hyra och testa kajaken innan du k\u00f6per den. Hyran f\u00e5r du sedan dra av n\u00e4r du k\u00f6per en ny, likadan kajak av oss.  &nbsp;  N\u00e4r du k\u00f6per en kajak fr\u00e5n oss f\u00e5r du en\u00a0grundkurs i havskajak\u00a0p\u00e5 k\u00f6pet,\u00a0l\u00e4s mer om kursen h\u00e4r!\" \/>\n<meta property=\"og:url\" content=\"https:\/\/aktivtuteliv.se\/vasteras\/produkt\/prijon-grizzly\/\" \/>\n<meta property=\"og:site_name\" content=\"V\u00e4ster\u00e5s\" \/>\n<meta property=\"article:publisher\" content=\"https:\/\/www.facebook.com\/aktivtutelivbjornogarden\" \/>\n<meta property=\"article:modified_time\" content=\"2025-11-17T12:18:19+00:00\" \/>\n<meta property=\"og:image\" content=\"https:\/\/aktivtuteliv.se\/vasteras\/wp-content\/uploads\/sites\/4\/2022\/05\/Prijon-Grizzly-gul.jpg\" \/>\n\t<meta property=\"og:image:width\" content=\"1080\" \/>\n\t<meta property=\"og:image:height\" content=\"1080\" \/>\n\t<meta property=\"og:image:type\" content=\"image\/jpeg\" \/>\n<meta name=\"twitter:card\" content=\"summary_large_image\" \/>\n<meta name=\"twitter:site\" content=\"@aktivtuteliv\" \/>\n<meta name=\"twitter:label1\" content=\"Ber\u00e4knad l\u00e4stid\" \/>\n\t<meta name=\"twitter:data1\" content=\"2 minuter\" \/>\n<script type=\"application\/ld+json\" class=\"yoast-schema-graph\">{\"@context\":\"https:\/\/schema.org\",\"@graph\":[{\"@type\":\"WebPage\",\"@id\":\"https:\/\/aktivtuteliv.se\/vasteras\/produkt\/prijon-grizzly\/\",\"url\":\"https:\/\/aktivtuteliv.se\/vasteras\/produkt\/prijon-grizzly\/\",\"name\":\"Prijon Grizzly - V\u00e4ster\u00e5s\",\"isPartOf\":{\"@id\":\"https:\/\/aktivtuteliv.se\/vasteras\/#website\"},\"primaryImageOfPage\":{\"@id\":\"https:\/\/aktivtuteliv.se\/vasteras\/produkt\/prijon-grizzly\/#primaryimage\"},\"image\":{\"@id\":\"https:\/\/aktivtuteliv.se\/vasteras\/produkt\/prijon-grizzly\/#primaryimage\"},\"thumbnailUrl\":\"https:\/\/e5gp8rwuod7.exactdn.com\/vasteras\/wp-content\/uploads\/sites\/4\/2022\/05\/Prijon-Grizzly-gul.jpg?strip=all&lossy=1&ssl=1\",\"datePublished\":\"2024-11-05T11:58:53+00:00\",\"dateModified\":\"2025-11-17T12:18:19+00:00\",\"breadcrumb\":{\"@id\":\"https:\/\/aktivtuteliv.se\/vasteras\/produkt\/prijon-grizzly\/#breadcrumb\"},\"inLanguage\":\"sv-SE\",\"potentialAction\":[{\"@type\":\"ReadAction\",\"target\":[\"https:\/\/aktivtuteliv.se\/vasteras\/produkt\/prijon-grizzly\/\"]}]},{\"@type\":\"ImageObject\",\"inLanguage\":\"sv-SE\",\"@id\":\"https:\/\/aktivtuteliv.se\/vasteras\/produkt\/prijon-grizzly\/#primaryimage\",\"url\":\"https:\/\/e5gp8rwuod7.exactdn.com\/vasteras\/wp-content\/uploads\/sites\/4\/2022\/05\/Prijon-Grizzly-gul.jpg?strip=all&lossy=1&ssl=1\",\"contentUrl\":\"https:\/\/e5gp8rwuod7.exactdn.com\/vasteras\/wp-content\/uploads\/sites\/4\/2022\/05\/Prijon-Grizzly-gul.jpg?strip=all&lossy=1&ssl=1\",\"width\":1080,\"height\":1080,\"caption\":\"Prijon Grizzly\"},{\"@type\":\"BreadcrumbList\",\"@id\":\"https:\/\/aktivtuteliv.se\/vasteras\/produkt\/prijon-grizzly\/#breadcrumb\",\"itemListElement\":[{\"@type\":\"ListItem\",\"position\":1,\"name\":\"Home\",\"item\":\"https:\/\/aktivtuteliv.se\/vasteras\/\"},{\"@type\":\"ListItem\",\"position\":2,\"name\":\"Webbutik\",\"item\":\"https:\/\/aktivtuteliv.se\/vasteras\/butik\/\"},{\"@type\":\"ListItem\",\"position\":3,\"name\":\"Prijon Grizzly\"}]},{\"@type\":\"WebSite\",\"@id\":\"https:\/\/aktivtuteliv.se\/vasteras\/#website\",\"url\":\"https:\/\/aktivtuteliv.se\/vasteras\/\",\"name\":\"Aktivt Uteliv Bj\u00f6rn\u00f6g\u00e5rden\",\"description\":\"Ett friluftscenter i V\u00e4ster\u00e5s\",\"publisher\":{\"@id\":\"https:\/\/aktivtuteliv.se\/vasteras\/#organization\"},\"potentialAction\":[{\"@type\":\"SearchAction\",\"target\":{\"@type\":\"EntryPoint\",\"urlTemplate\":\"https:\/\/aktivtuteliv.se\/vasteras\/?s={search_term_string}\"},\"query-input\":\"required name=search_term_string\"}],\"inLanguage\":\"sv-SE\"},{\"@type\":\"Organization\",\"@id\":\"https:\/\/aktivtuteliv.se\/vasteras\/#organization\",\"name\":\"Aktivt Uteliv Bj\u00f6rn\u00f6g\u00e5rden\",\"url\":\"https:\/\/aktivtuteliv.se\/vasteras\/\",\"logo\":{\"@type\":\"ImageObject\",\"inLanguage\":\"sv-SE\",\"@id\":\"https:\/\/aktivtuteliv.se\/vasteras\/#\/schema\/logo\/image\/\",\"url\":\"https:\/\/e5gp8rwuod7.exactdn.com\/vasteras\/wp-content\/uploads\/sites\/4\/2025\/01\/AUB-pms.png?strip=all&lossy=1&ssl=1\",\"contentUrl\":\"https:\/\/e5gp8rwuod7.exactdn.com\/vasteras\/wp-content\/uploads\/sites\/4\/2025\/01\/AUB-pms.png?strip=all&lossy=1&ssl=1\",\"width\":1894,\"height\":1165,\"caption\":\"Aktivt Uteliv Bj\u00f6rn\u00f6g\u00e5rden\"},\"image\":{\"@id\":\"https:\/\/aktivtuteliv.se\/vasteras\/#\/schema\/logo\/image\/\"},\"sameAs\":[\"https:\/\/www.facebook.com\/aktivtutelivbjornogarden\",\"https:\/\/x.com\/aktivtuteliv\",\"https:\/\/www.instagram.com\/aktivtuteliv_bjornogarden\"]}]}<\/script>\n<!-- \/ Yoast SEO plugin. -->","yoast_head_json":{"title":"Prijon Grizzly - V\u00e4ster\u00e5s","robots":{"index":"index","follow":"follow","max-snippet":"max-snippet:-1","max-image-preview":"max-image-preview:large","max-video-preview":"max-video-preview:-1"},"canonical":"https:\/\/aktivtuteliv.se\/vasteras\/produkt\/prijon-grizzly\/","og_locale":"sv_SE","og_type":"article","og_title":"Prijon Grizzly - V\u00e4ster\u00e5s","og_description":"Hyr, testa och k\u00f6p! Den h\u00e4r modellen finns i v\u00e5r uthyrning vilket g\u00f6r att du kan hyra och testa kajaken innan du k\u00f6per den. Hyran f\u00e5r du sedan dra av n\u00e4r du k\u00f6per en ny, likadan kajak av oss.  &nbsp;  N\u00e4r du k\u00f6per en kajak fr\u00e5n oss f\u00e5r du en\u00a0grundkurs i havskajak\u00a0p\u00e5 k\u00f6pet,\u00a0l\u00e4s mer om kursen h\u00e4r!","og_url":"https:\/\/aktivtuteliv.se\/vasteras\/produkt\/prijon-grizzly\/","og_site_name":"V\u00e4ster\u00e5s","article_publisher":"https:\/\/www.facebook.com\/aktivtutelivbjornogarden","article_modified_time":"2025-11-17T12:18:19+00:00","og_image":[{"width":1080,"height":1080,"url":"https:\/\/aktivtuteliv.se\/vasteras\/wp-content\/uploads\/sites\/4\/2022\/05\/Prijon-Grizzly-gul.jpg","type":"image\/jpeg"}],"twitter_card":"summary_large_image","twitter_site":"@aktivtuteliv","twitter_misc":{"Ber\u00e4knad l\u00e4stid":"2 minuter"},"schema":{"@context":"https:\/\/schema.org","@graph":[{"@type":"WebPage","@id":"https:\/\/aktivtuteliv.se\/vasteras\/produkt\/prijon-grizzly\/","url":"https:\/\/aktivtuteliv.se\/vasteras\/produkt\/prijon-grizzly\/","name":"Prijon Grizzly - V\u00e4ster\u00e5s","isPartOf":{"@id":"https:\/\/aktivtuteliv.se\/vasteras\/#website"},"primaryImageOfPage":{"@id":"https:\/\/aktivtuteliv.se\/vasteras\/produkt\/prijon-grizzly\/#primaryimage"},"image":{"@id":"https:\/\/aktivtuteliv.se\/vasteras\/produkt\/prijon-grizzly\/#primaryimage"},"thumbnailUrl":"https:\/\/e5gp8rwuod7.exactdn.com\/vasteras\/wp-content\/uploads\/sites\/4\/2022\/05\/Prijon-Grizzly-gul.jpg?strip=all&lossy=1&ssl=1","datePublished":"2024-11-05T11:58:53+00:00","dateModified":"2025-11-17T12:18:19+00:00","breadcrumb":{"@id":"https:\/\/aktivtuteliv.se\/vasteras\/produkt\/prijon-grizzly\/#breadcrumb"},"inLanguage":"sv-SE","potentialAction":[{"@type":"ReadAction","target":["https:\/\/aktivtuteliv.se\/vasteras\/produkt\/prijon-grizzly\/"]}]},{"@type":"ImageObject","inLanguage":"sv-SE","@id":"https:\/\/aktivtuteliv.se\/vasteras\/produkt\/prijon-grizzly\/#primaryimage","url":"https:\/\/e5gp8rwuod7.exactdn.com\/vasteras\/wp-content\/uploads\/sites\/4\/2022\/05\/Prijon-Grizzly-gul.jpg?strip=all&lossy=1&ssl=1","contentUrl":"https:\/\/e5gp8rwuod7.exactdn.com\/vasteras\/wp-content\/uploads\/sites\/4\/2022\/05\/Prijon-Grizzly-gul.jpg?strip=all&lossy=1&ssl=1","width":1080,"height":1080,"caption":"Prijon Grizzly"},{"@type":"BreadcrumbList","@id":"https:\/\/aktivtuteliv.se\/vasteras\/produkt\/prijon-grizzly\/#breadcrumb","itemListElement":[{"@type":"ListItem","position":1,"name":"Home","item":"https:\/\/aktivtuteliv.se\/vasteras\/"},{"@type":"ListItem","position":2,"name":"Webbutik","item":"https:\/\/aktivtuteliv.se\/vasteras\/butik\/"},{"@type":"ListItem","position":3,"name":"Prijon Grizzly"}]},{"@type":"WebSite","@id":"https:\/\/aktivtuteliv.se\/vasteras\/#website","url":"https:\/\/aktivtuteliv.se\/vasteras\/","name":"Aktivt Uteliv Bj\u00f6rn\u00f6g\u00e5rden","description":"Ett friluftscenter i V\u00e4ster\u00e5s","publisher":{"@id":"https:\/\/aktivtuteliv.se\/vasteras\/#organization"},"potentialAction":[{"@type":"SearchAction","target":{"@type":"EntryPoint","urlTemplate":"https:\/\/aktivtuteliv.se\/vasteras\/?s={search_term_string}"},"query-input":"required name=search_term_string"}],"inLanguage":"sv-SE"},{"@type":"Organization","@id":"https:\/\/aktivtuteliv.se\/vasteras\/#organization","name":"Aktivt Uteliv Bj\u00f6rn\u00f6g\u00e5rden","url":"https:\/\/aktivtuteliv.se\/vasteras\/","logo":{"@type":"ImageObject","inLanguage":"sv-SE","@id":"https:\/\/aktivtuteliv.se\/vasteras\/#\/schema\/logo\/image\/","url":"https:\/\/e5gp8rwuod7.exactdn.com\/vasteras\/wp-content\/uploads\/sites\/4\/2025\/01\/AUB-pms.png?strip=all&lossy=1&ssl=1","contentUrl":"https:\/\/e5gp8rwuod7.exactdn.com\/vasteras\/wp-content\/uploads\/sites\/4\/2025\/01\/AUB-pms.png?strip=all&lossy=1&ssl=1","width":1894,"height":1165,"caption":"Aktivt Uteliv Bj\u00f6rn\u00f6g\u00e5rden"},"image":{"@id":"https:\/\/aktivtuteliv.se\/vasteras\/#\/schema\/logo\/image\/"},"sameAs":["https:\/\/www.facebook.com\/aktivtutelivbjornogarden","https:\/\/x.com\/aktivtuteliv","https:\/\/www.instagram.com\/aktivtuteliv_bjornogarden"]}]}},"_links":{"self":[{"href":"https:\/\/aktivtuteliv.se\/vasteras\/wp-json\/wp\/v2\/product\/74807","targetHints":{"allow":["GET"]}}],"collection":[{"href":"https:\/\/aktivtuteliv.se\/vasteras\/wp-json\/wp\/v2\/product"}],"about":[{"href":"https:\/\/aktivtuteliv.se\/vasteras\/wp-json\/wp\/v2\/types\/product"}],"wp:featuredmedia":[{"embeddable":true,"href":"https:\/\/aktivtuteliv.se\/vasteras\/wp-json\/wp\/v2\/media\/66001"}],"wp:attachment":[{"href":"https:\/\/aktivtuteliv.se\/vasteras\/wp-json\/wp\/v2\/media?parent=74807"}],"wp:term":[{"taxonomy":"product_cat","embeddable":true,"href":"https:\/\/aktivtuteliv.se\/vasteras\/wp-json\/wp\/v2\/product_cat?post=74807"},{"taxonomy":"product_tag","embeddable":true,"href":"https:\/\/aktivtuteliv.se\/vasteras\/wp-json\/wp\/v2\/product_tag?post=74807"},{"taxonomy":"er_categories","embeddable":true,"href":"https:\/\/aktivtuteliv.se\/vasteras\/wp-json\/wp\/v2\/er_categories?post=74807"},{"taxonomy":"er_brands","embeddable":true,"href":"https:\/\/aktivtuteliv.se\/vasteras\/wp-json\/wp\/v2\/er_brands?post=74807"},{"taxonomy":"er_seasons","embeddable":true,"href":"https:\/\/aktivtuteliv.se\/vasteras\/wp-json\/wp\/v2\/er_seasons?post=74807"}],"curies":[{"name":"wp","href":"https:\/\/api.w.org\/{rel}","templated":true}]}}