{"id":74818,"date":"2024-11-05T11:58:56","date_gmt":"2024-11-05T11:58:56","guid":{"rendered":"https:\/\/aktivtuteliv.se\/vasteras\/?post_type=product&#038;p=74818"},"modified":"2025-10-18T06:42:58","modified_gmt":"2025-10-18T04:42:58","slug":"camelbak-rogue-light","status":"publish","type":"product","link":"https:\/\/aktivtuteliv.se\/vasteras\/produkt\/camelbak-rogue-light\/","title":{"rendered":"Camelbak Rogue Light"},"content":{"rendered":"<p class=\"p1\"><span class=\"s1\">En minimalistisk\u00a0ryggs\u00e4ck med v\u00e4tskesystem.\u00a0Air Support\u2122, ryggpanel av mesh\u00a0f\u00f6r effektiv ventilation\u00a0och axelremmar som transporterar fukt. Ficka med dragkedja f\u00f6r s\u00e4ker f\u00f6rvaring av v\u00e4rdef\u00f6rem\u00e5l. En extern stretchficka f\u00f6r att packa t.ex regnkl\u00e4der. Reflexpaneler f\u00f6r\u00a0\u00f6kad\u00a0synlighet i skymning och m\u00f6rker.\u00a0<\/span><\/p>\n<p>&nbsp;<\/p>\n<p class=\"p1\"><span class=\"s1\"><strong>Specifikation<\/strong><br \/>\n&#8211; RePurpose\u00ae: en mer h\u00e5llbar produkt f\u00f6r planeten<br \/>\n&#8211; Air Support\u2122 ryggpanel med\u00a0effektiv ventilation<br \/>\n&#8211; V\u00e4tskebeh\u00e5llare med 2 liters kapacitet<br \/>\n&#8211; Justerbar rem \u00f6ver br\u00f6stet<br \/>\n&#8211; Ficka med dragkedja f\u00f6r v\u00e4rdesaker<br \/>\n&#8211; Externt fodral f\u00f6r verktyg<br \/>\n&#8211; Extern stretchficka f\u00f6r att packa t.ex regnkl\u00e4der<br \/>\n<\/span><span class=\"s1\">&#8211; Reflexdetaljer<br \/>\n&#8211;\u00a0<\/span>Br\u00f6stm\u00e5tt:\u00a038-53\u00a0cm<span class=\"s1\"><br \/>\n&#8211; Slangens l\u00e4ngd: 99 cm<\/span><span class=\"s1\"><br \/>\n&#8211; Packvolym: 5\u00a0liter<br \/>\n&#8211; Total volym: 7\u00a0liter<br \/>\n&#8211; M\u00e5tt:\u00a040 x 23\u00a0x 18 cm<br \/>\n<\/span><span class=\"s1\">&#8211; Vikt:\u00a0215\u00a0gram\u00a0<\/span><\/p>\n<p>&nbsp;<\/p>\n<p class=\"p1\"><strong>CRUX\u2122 Reservoir<\/strong><br \/>\nV\u00e4tskebeh\u00e5llare med 2 liters kapacitet. Quicklink\u2122 System med ergonomiskt on\/off -sj\u00e4lvf\u00f6rslutande munstycke med enkel hantering av slang under aktivitet. Hydroguard\u2122 teknologin f\u00f6rhindrar bakterier i slangen. Beh\u00e5llaren \u00e4r tillverkad av Polyurethane. Fri fr\u00e5n BPA\/BPS\/BPF.<\/p>\n<p>&nbsp;<\/p>\n<p class=\"p1\"><strong>RePurpose\u00ae<\/strong><\/p>\n<ul>\n<li class=\"p2\">Camelbaks RePurpose\u00ae-etikett har utvecklats f\u00f6r att kommunicera de nyckelegenskaper som bidrar till att skapa kvalitet, l\u00e5g effekt och l\u00e5ngvarig design. Produkter med Repurpose\u00ae-etiketter tillverkas med hj\u00e4lp av b\u00e4ttre material och tillverkningsprocesser f\u00f6r att minska eng\u00e5ngsartiklar. Systemet illustrerar hur Cemalbak har f\u00f6rb\u00e4ttrat produkter med planeten i \u00e5tanke inom alla kategorier. Att v\u00e4lja produkter med dessa etiketter hj\u00e4lper Camelbak att n\u00e5 m\u00e5l i str\u00e4van mot en mer h\u00e5llbar framtid f\u00f6r planeten.<\/li>\n<\/ul>\n","protected":false},"excerpt":{"rendered":"<p>En minimalistisk\u00a0ryggs\u00e4ck med v\u00e4tskesystem.\u00a0Air Support\u2122, ryggpanel av mesh\u00a0f\u00f6r effektiv ventilation\u00a0och axelremmar som transporterar fukt. Ficka med dragkedja f\u00f6r s\u00e4ker f\u00f6rvaring av v\u00e4rdef\u00f6rem\u00e5l. En extern stretchficka f\u00f6r att packa t.ex regnkl\u00e4der. [&hellip;]<\/p>\n","protected":false},"featured_media":67542,"template":"","meta":{"_acf_changed":false},"product_cat":[771,1317],"product_tag":[],"er_categories":[],"er_brands":[],"er_seasons":[],"class_list":{"0":"post-74818","1":"product","2":"type-product","3":"status-publish","4":"has-post-thumbnail","6":"product_cat-cykel","7":"product_cat-tillbehor-cykel","8":"product_shipping_class-normal","9":"pa_marke-camelbak","10":"pa_sasong-753","12":"first","13":"instock","14":"taxable","15":"shipping-taxable","16":"purchasable","17":"product-type-variable"},"acf":[],"yoast_head":"<!-- This site is optimized with the Yoast SEO plugin v23.0 - https:\/\/yoast.com\/wordpress\/plugins\/seo\/ -->\n<title>Camelbak Rogue Light - V\u00e4ster\u00e5s<\/title>\n<meta name=\"robots\" content=\"index, follow, max-snippet:-1, max-image-preview:large, max-video-preview:-1\" \/>\n<link rel=\"canonical\" href=\"https:\/\/aktivtuteliv.se\/vasteras\/produkt\/camelbak-rogue-light\/\" \/>\n<meta property=\"og:locale\" content=\"sv_SE\" \/>\n<meta property=\"og:type\" content=\"article\" \/>\n<meta property=\"og:title\" content=\"Camelbak Rogue Light - V\u00e4ster\u00e5s\" \/>\n<meta property=\"og:description\" content=\"En minimalistisk\u00a0ryggs\u00e4ck med v\u00e4tskesystem.\u00a0Air Support\u2122, ryggpanel av mesh\u00a0f\u00f6r effektiv ventilation\u00a0och axelremmar som transporterar fukt. Ficka med dragkedja f\u00f6r s\u00e4ker f\u00f6rvaring av v\u00e4rdef\u00f6rem\u00e5l. En extern stretchficka f\u00f6r att packa t.ex regnkl\u00e4der. [&hellip;]\" \/>\n<meta property=\"og:url\" content=\"https:\/\/aktivtuteliv.se\/vasteras\/produkt\/camelbak-rogue-light\/\" \/>\n<meta property=\"og:site_name\" content=\"V\u00e4ster\u00e5s\" \/>\n<meta property=\"article:publisher\" content=\"https:\/\/www.facebook.com\/aktivtutelivbjornogarden\" \/>\n<meta property=\"article:modified_time\" content=\"2025-10-18T04:42:58+00:00\" \/>\n<meta property=\"og:image\" content=\"https:\/\/aktivtuteliv.se\/vasteras\/wp-content\/uploads\/sites\/4\/2023\/04\/2403001000.jpg\" \/>\n\t<meta property=\"og:image:width\" content=\"1000\" \/>\n\t<meta property=\"og:image:height\" content=\"1000\" \/>\n\t<meta property=\"og:image:type\" content=\"image\/jpeg\" \/>\n<meta name=\"twitter:card\" content=\"summary_large_image\" \/>\n<meta name=\"twitter:site\" content=\"@aktivtuteliv\" \/>\n<meta name=\"twitter:label1\" content=\"Ber\u00e4knad l\u00e4stid\" \/>\n\t<meta name=\"twitter:data1\" content=\"1 minut\" \/>\n<script type=\"application\/ld+json\" class=\"yoast-schema-graph\">{\"@context\":\"https:\/\/schema.org\",\"@graph\":[{\"@type\":\"WebPage\",\"@id\":\"https:\/\/aktivtuteliv.se\/vasteras\/produkt\/camelbak-rogue-light\/\",\"url\":\"https:\/\/aktivtuteliv.se\/vasteras\/produkt\/camelbak-rogue-light\/\",\"name\":\"Camelbak Rogue Light - V\u00e4ster\u00e5s\",\"isPartOf\":{\"@id\":\"https:\/\/aktivtuteliv.se\/vasteras\/#website\"},\"primaryImageOfPage\":{\"@id\":\"https:\/\/aktivtuteliv.se\/vasteras\/produkt\/camelbak-rogue-light\/#primaryimage\"},\"image\":{\"@id\":\"https:\/\/aktivtuteliv.se\/vasteras\/produkt\/camelbak-rogue-light\/#primaryimage\"},\"thumbnailUrl\":\"https:\/\/e5gp8rwuod7.exactdn.com\/vasteras\/wp-content\/uploads\/sites\/4\/2023\/04\/2403001000.jpg?strip=all&lossy=1&ssl=1\",\"datePublished\":\"2024-11-05T11:58:56+00:00\",\"dateModified\":\"2025-10-18T04:42:58+00:00\",\"breadcrumb\":{\"@id\":\"https:\/\/aktivtuteliv.se\/vasteras\/produkt\/camelbak-rogue-light\/#breadcrumb\"},\"inLanguage\":\"sv-SE\",\"potentialAction\":[{\"@type\":\"ReadAction\",\"target\":[\"https:\/\/aktivtuteliv.se\/vasteras\/produkt\/camelbak-rogue-light\/\"]}]},{\"@type\":\"ImageObject\",\"inLanguage\":\"sv-SE\",\"@id\":\"https:\/\/aktivtuteliv.se\/vasteras\/produkt\/camelbak-rogue-light\/#primaryimage\",\"url\":\"https:\/\/e5gp8rwuod7.exactdn.com\/vasteras\/wp-content\/uploads\/sites\/4\/2023\/04\/2403001000.jpg?strip=all&lossy=1&ssl=1\",\"contentUrl\":\"https:\/\/e5gp8rwuod7.exactdn.com\/vasteras\/wp-content\/uploads\/sites\/4\/2023\/04\/2403001000.jpg?strip=all&lossy=1&ssl=1\",\"width\":1000,\"height\":1000},{\"@type\":\"BreadcrumbList\",\"@id\":\"https:\/\/aktivtuteliv.se\/vasteras\/produkt\/camelbak-rogue-light\/#breadcrumb\",\"itemListElement\":[{\"@type\":\"ListItem\",\"position\":1,\"name\":\"Home\",\"item\":\"https:\/\/aktivtuteliv.se\/vasteras\/\"},{\"@type\":\"ListItem\",\"position\":2,\"name\":\"Webbutik\",\"item\":\"https:\/\/aktivtuteliv.se\/vasteras\/butik\/\"},{\"@type\":\"ListItem\",\"position\":3,\"name\":\"Camelbak Rogue Light\"}]},{\"@type\":\"WebSite\",\"@id\":\"https:\/\/aktivtuteliv.se\/vasteras\/#website\",\"url\":\"https:\/\/aktivtuteliv.se\/vasteras\/\",\"name\":\"Aktivt Uteliv Bj\u00f6rn\u00f6g\u00e5rden\",\"description\":\"Ett friluftscenter i V\u00e4ster\u00e5s\",\"publisher\":{\"@id\":\"https:\/\/aktivtuteliv.se\/vasteras\/#organization\"},\"potentialAction\":[{\"@type\":\"SearchAction\",\"target\":{\"@type\":\"EntryPoint\",\"urlTemplate\":\"https:\/\/aktivtuteliv.se\/vasteras\/?s={search_term_string}\"},\"query-input\":\"required name=search_term_string\"}],\"inLanguage\":\"sv-SE\"},{\"@type\":\"Organization\",\"@id\":\"https:\/\/aktivtuteliv.se\/vasteras\/#organization\",\"name\":\"Aktivt Uteliv Bj\u00f6rn\u00f6g\u00e5rden\",\"url\":\"https:\/\/aktivtuteliv.se\/vasteras\/\",\"logo\":{\"@type\":\"ImageObject\",\"inLanguage\":\"sv-SE\",\"@id\":\"https:\/\/aktivtuteliv.se\/vasteras\/#\/schema\/logo\/image\/\",\"url\":\"https:\/\/e5gp8rwuod7.exactdn.com\/vasteras\/wp-content\/uploads\/sites\/4\/2025\/01\/AUB-pms.png?strip=all&lossy=1&ssl=1\",\"contentUrl\":\"https:\/\/e5gp8rwuod7.exactdn.com\/vasteras\/wp-content\/uploads\/sites\/4\/2025\/01\/AUB-pms.png?strip=all&lossy=1&ssl=1\",\"width\":1894,\"height\":1165,\"caption\":\"Aktivt Uteliv Bj\u00f6rn\u00f6g\u00e5rden\"},\"image\":{\"@id\":\"https:\/\/aktivtuteliv.se\/vasteras\/#\/schema\/logo\/image\/\"},\"sameAs\":[\"https:\/\/www.facebook.com\/aktivtutelivbjornogarden\",\"https:\/\/x.com\/aktivtuteliv\",\"https:\/\/www.instagram.com\/aktivtuteliv_bjornogarden\"]}]}<\/script>\n<!-- \/ Yoast SEO plugin. -->","yoast_head_json":{"title":"Camelbak Rogue Light - V\u00e4ster\u00e5s","robots":{"index":"index","follow":"follow","max-snippet":"max-snippet:-1","max-image-preview":"max-image-preview:large","max-video-preview":"max-video-preview:-1"},"canonical":"https:\/\/aktivtuteliv.se\/vasteras\/produkt\/camelbak-rogue-light\/","og_locale":"sv_SE","og_type":"article","og_title":"Camelbak Rogue Light - V\u00e4ster\u00e5s","og_description":"En minimalistisk\u00a0ryggs\u00e4ck med v\u00e4tskesystem.\u00a0Air Support\u2122, ryggpanel av mesh\u00a0f\u00f6r effektiv ventilation\u00a0och axelremmar som transporterar fukt. Ficka med dragkedja f\u00f6r s\u00e4ker f\u00f6rvaring av v\u00e4rdef\u00f6rem\u00e5l. En extern stretchficka f\u00f6r att packa t.ex regnkl\u00e4der. [&hellip;]","og_url":"https:\/\/aktivtuteliv.se\/vasteras\/produkt\/camelbak-rogue-light\/","og_site_name":"V\u00e4ster\u00e5s","article_publisher":"https:\/\/www.facebook.com\/aktivtutelivbjornogarden","article_modified_time":"2025-10-18T04:42:58+00:00","og_image":[{"width":1000,"height":1000,"url":"https:\/\/aktivtuteliv.se\/vasteras\/wp-content\/uploads\/sites\/4\/2023\/04\/2403001000.jpg","type":"image\/jpeg"}],"twitter_card":"summary_large_image","twitter_site":"@aktivtuteliv","twitter_misc":{"Ber\u00e4knad l\u00e4stid":"1 minut"},"schema":{"@context":"https:\/\/schema.org","@graph":[{"@type":"WebPage","@id":"https:\/\/aktivtuteliv.se\/vasteras\/produkt\/camelbak-rogue-light\/","url":"https:\/\/aktivtuteliv.se\/vasteras\/produkt\/camelbak-rogue-light\/","name":"Camelbak Rogue Light - V\u00e4ster\u00e5s","isPartOf":{"@id":"https:\/\/aktivtuteliv.se\/vasteras\/#website"},"primaryImageOfPage":{"@id":"https:\/\/aktivtuteliv.se\/vasteras\/produkt\/camelbak-rogue-light\/#primaryimage"},"image":{"@id":"https:\/\/aktivtuteliv.se\/vasteras\/produkt\/camelbak-rogue-light\/#primaryimage"},"thumbnailUrl":"https:\/\/e5gp8rwuod7.exactdn.com\/vasteras\/wp-content\/uploads\/sites\/4\/2023\/04\/2403001000.jpg?strip=all&lossy=1&ssl=1","datePublished":"2024-11-05T11:58:56+00:00","dateModified":"2025-10-18T04:42:58+00:00","breadcrumb":{"@id":"https:\/\/aktivtuteliv.se\/vasteras\/produkt\/camelbak-rogue-light\/#breadcrumb"},"inLanguage":"sv-SE","potentialAction":[{"@type":"ReadAction","target":["https:\/\/aktivtuteliv.se\/vasteras\/produkt\/camelbak-rogue-light\/"]}]},{"@type":"ImageObject","inLanguage":"sv-SE","@id":"https:\/\/aktivtuteliv.se\/vasteras\/produkt\/camelbak-rogue-light\/#primaryimage","url":"https:\/\/e5gp8rwuod7.exactdn.com\/vasteras\/wp-content\/uploads\/sites\/4\/2023\/04\/2403001000.jpg?strip=all&lossy=1&ssl=1","contentUrl":"https:\/\/e5gp8rwuod7.exactdn.com\/vasteras\/wp-content\/uploads\/sites\/4\/2023\/04\/2403001000.jpg?strip=all&lossy=1&ssl=1","width":1000,"height":1000},{"@type":"BreadcrumbList","@id":"https:\/\/aktivtuteliv.se\/vasteras\/produkt\/camelbak-rogue-light\/#breadcrumb","itemListElement":[{"@type":"ListItem","position":1,"name":"Home","item":"https:\/\/aktivtuteliv.se\/vasteras\/"},{"@type":"ListItem","position":2,"name":"Webbutik","item":"https:\/\/aktivtuteliv.se\/vasteras\/butik\/"},{"@type":"ListItem","position":3,"name":"Camelbak Rogue Light"}]},{"@type":"WebSite","@id":"https:\/\/aktivtuteliv.se\/vasteras\/#website","url":"https:\/\/aktivtuteliv.se\/vasteras\/","name":"Aktivt Uteliv Bj\u00f6rn\u00f6g\u00e5rden","description":"Ett friluftscenter i V\u00e4ster\u00e5s","publisher":{"@id":"https:\/\/aktivtuteliv.se\/vasteras\/#organization"},"potentialAction":[{"@type":"SearchAction","target":{"@type":"EntryPoint","urlTemplate":"https:\/\/aktivtuteliv.se\/vasteras\/?s={search_term_string}"},"query-input":"required name=search_term_string"}],"inLanguage":"sv-SE"},{"@type":"Organization","@id":"https:\/\/aktivtuteliv.se\/vasteras\/#organization","name":"Aktivt Uteliv Bj\u00f6rn\u00f6g\u00e5rden","url":"https:\/\/aktivtuteliv.se\/vasteras\/","logo":{"@type":"ImageObject","inLanguage":"sv-SE","@id":"https:\/\/aktivtuteliv.se\/vasteras\/#\/schema\/logo\/image\/","url":"https:\/\/e5gp8rwuod7.exactdn.com\/vasteras\/wp-content\/uploads\/sites\/4\/2025\/01\/AUB-pms.png?strip=all&lossy=1&ssl=1","contentUrl":"https:\/\/e5gp8rwuod7.exactdn.com\/vasteras\/wp-content\/uploads\/sites\/4\/2025\/01\/AUB-pms.png?strip=all&lossy=1&ssl=1","width":1894,"height":1165,"caption":"Aktivt Uteliv Bj\u00f6rn\u00f6g\u00e5rden"},"image":{"@id":"https:\/\/aktivtuteliv.se\/vasteras\/#\/schema\/logo\/image\/"},"sameAs":["https:\/\/www.facebook.com\/aktivtutelivbjornogarden","https:\/\/x.com\/aktivtuteliv","https:\/\/www.instagram.com\/aktivtuteliv_bjornogarden"]}]}},"_links":{"self":[{"href":"https:\/\/aktivtuteliv.se\/vasteras\/wp-json\/wp\/v2\/product\/74818","targetHints":{"allow":["GET"]}}],"collection":[{"href":"https:\/\/aktivtuteliv.se\/vasteras\/wp-json\/wp\/v2\/product"}],"about":[{"href":"https:\/\/aktivtuteliv.se\/vasteras\/wp-json\/wp\/v2\/types\/product"}],"wp:featuredmedia":[{"embeddable":true,"href":"https:\/\/aktivtuteliv.se\/vasteras\/wp-json\/wp\/v2\/media\/67542"}],"wp:attachment":[{"href":"https:\/\/aktivtuteliv.se\/vasteras\/wp-json\/wp\/v2\/media?parent=74818"}],"wp:term":[{"taxonomy":"product_cat","embeddable":true,"href":"https:\/\/aktivtuteliv.se\/vasteras\/wp-json\/wp\/v2\/product_cat?post=74818"},{"taxonomy":"product_tag","embeddable":true,"href":"https:\/\/aktivtuteliv.se\/vasteras\/wp-json\/wp\/v2\/product_tag?post=74818"},{"taxonomy":"er_categories","embeddable":true,"href":"https:\/\/aktivtuteliv.se\/vasteras\/wp-json\/wp\/v2\/er_categories?post=74818"},{"taxonomy":"er_brands","embeddable":true,"href":"https:\/\/aktivtuteliv.se\/vasteras\/wp-json\/wp\/v2\/er_brands?post=74818"},{"taxonomy":"er_seasons","embeddable":true,"href":"https:\/\/aktivtuteliv.se\/vasteras\/wp-json\/wp\/v2\/er_seasons?post=74818"}],"curies":[{"name":"wp","href":"https:\/\/api.w.org\/{rel}","templated":true}]}}