{"id":74885,"date":"2024-11-05T11:59:16","date_gmt":"2024-11-05T11:59:16","guid":{"rendered":"https:\/\/aktivtuteliv.se\/vasteras\/?post_type=product&#038;p=74885"},"modified":"2025-10-18T06:42:57","modified_gmt":"2025-10-18T04:42:57","slug":"bell-spark-2-mips","status":"publish","type":"product","link":"https:\/\/aktivtuteliv.se\/vasteras\/produkt\/bell-spark-2-mips\/","title":{"rendered":"Bell Spark 2 MIPS"},"content":{"rendered":"<p class=\"p1\"><span class=\"s1\">Spark 2 MIPS \u00e4r en tr\u00e4ningshj\u00e4lm f\u00f6r\u00a0terr\u00e4ngcykling med integrerad sk\u00e4rm\u00a0och\u00a013 kanalers ventilation. Hj\u00e4lmen \u00e4r konstruerad med skal av Fusion In-Mold Polycarbonate\u00a0och\u00a0integrerad MIPS\u00ae.<br \/>\n<\/span><\/p>\n<p class=\"p2\"><strong>Specifikation<br \/>\n<\/strong>&#8211;\u00a0Konstruktion: Fusion In-Mold Polycarbonate Shell<br \/>\n&#8211; No-Twist Tri-Glides\u2122: h\u00e5ller hakbandet p\u00e5 plats<br \/>\n&#8211; Sweat Guide\u2122: leder bort fukt och svett<br \/>\n&#8211; Justerbar sk\u00e4rm<strong><br \/>\n<\/strong>&#8211; Vikt:\u00a0370 gram (M)<\/p>\n<p class=\"p2\"><strong>Certifiering<\/strong><br \/>\n&#8211; CE EN1078<br \/>\n&#8211; CPSC Bicycle<\/p>\n<p class=\"p1\"><strong>Ergo Fit\u2122<br \/>\n<\/strong><span class=\"s1\">Passningssystemet \u00e4r integrerat med MIPS och h\u00e5ller banden p\u00e5 plats i r\u00e4tt position. Det justeras med\u00a0 enhandsjustering\u00a0fr\u00e5n\u00a0en\u00a0l\u00e4ttanv\u00e4nd tryckknapp.<br \/>\n<\/span><\/p>\n<p class=\"p1\"><span class=\"s1\"><strong>Sweat Guide PAD<\/strong><br \/>\nEtt d\u00e4mpmaterial som leder bort svett och fukt fr\u00e5n pannan som ist\u00e4llet leds till\u00a0ett\u00a0Drop stop d\u00e4r det f\u00f6rhindras att rinna ner i ansiktet.<\/span><\/p>\n<p class=\"p2\"><strong>MIPS\u00ae &#8211; Multi-directional Impact Protection System<br \/>\n<\/strong><span class=\"s1\">Hj\u00e4lmen har integrerat MIPS som skyddar hj\u00e4rnan mot den rotation som uppst\u00e5r vid en krasch. Rotationsv\u00e5ldet mot hj\u00e4rnan kan orsaka de mest allvarliga hj\u00e4rnskadorna. Med MIPS kan ytterdel och innerdel glida relativt mot varandra, reducera rotationen och motverka skador p\u00e5 huvudet och hj\u00e4rnan. Tester och studier visar att MIPS reducerar kraften avsev\u00e4rt och minskar risken f\u00f6r en allvarlig hj\u00e4rnskada.<\/span><\/p>\n<p class=\"p2\">Hj\u00e4lmen ska i regel bytas ut efter en yttre p\u00e5verkan, s\u00e5som en cykelolycka.<\/p>\n<p class=\"p2\">\n","protected":false},"excerpt":{"rendered":"<p>Spark 2 MIPS \u00e4r en tr\u00e4ningshj\u00e4lm f\u00f6r\u00a0terr\u00e4ngcykling med integrerad sk\u00e4rm\u00a0och\u00a013 kanalers ventilation. Hj\u00e4lmen \u00e4r konstruerad med skal av Fusion In-Mold Polycarbonate\u00a0och\u00a0integrerad MIPS\u00ae. Specifikation &#8211;\u00a0Konstruktion: Fusion In-Mold Polycarbonate Shell &#8211; No-Twist [&hellip;]<\/p>\n","protected":false},"featured_media":75563,"template":"","meta":{"_acf_changed":false},"product_cat":[771,1318],"product_tag":[],"er_categories":[],"er_brands":[],"er_seasons":[],"class_list":{"0":"post-74885","1":"product","2":"type-product","3":"status-publish","4":"has-post-thumbnail","6":"product_cat-cykel","7":"product_cat-hjalm-cykel","8":"product_shipping_class-normal","9":"pa_marke-bell","10":"pa_sasong-766","12":"first","13":"instock","14":"taxable","15":"shipping-taxable","16":"purchasable","17":"product-type-variable","18":"has-default-attributes"},"acf":[],"yoast_head":"<!-- This site is optimized with the Yoast SEO plugin v23.0 - https:\/\/yoast.com\/wordpress\/plugins\/seo\/ -->\n<title>Bell Spark 2 MIPS - V\u00e4ster\u00e5s<\/title>\n<meta name=\"robots\" content=\"index, follow, max-snippet:-1, max-image-preview:large, max-video-preview:-1\" \/>\n<link rel=\"canonical\" href=\"https:\/\/aktivtuteliv.se\/vasteras\/produkt\/bell-spark-2-mips\/\" \/>\n<meta property=\"og:locale\" content=\"sv_SE\" \/>\n<meta property=\"og:type\" content=\"article\" \/>\n<meta property=\"og:title\" content=\"Bell Spark 2 MIPS - V\u00e4ster\u00e5s\" \/>\n<meta property=\"og:description\" content=\"Spark 2 MIPS \u00e4r en tr\u00e4ningshj\u00e4lm f\u00f6r\u00a0terr\u00e4ngcykling med integrerad sk\u00e4rm\u00a0och\u00a013 kanalers ventilation. Hj\u00e4lmen \u00e4r konstruerad med skal av Fusion In-Mold Polycarbonate\u00a0och\u00a0integrerad MIPS\u00ae. Specifikation &#8211;\u00a0Konstruktion: Fusion In-Mold Polycarbonate Shell &#8211; No-Twist [&hellip;]\" \/>\n<meta property=\"og:url\" content=\"https:\/\/aktivtuteliv.se\/vasteras\/produkt\/bell-spark-2-mips\/\" \/>\n<meta property=\"og:site_name\" content=\"V\u00e4ster\u00e5s\" \/>\n<meta property=\"article:publisher\" content=\"https:\/\/www.facebook.com\/aktivtutelivbjornogarden\" \/>\n<meta property=\"article:modified_time\" content=\"2025-10-18T04:42:57+00:00\" \/>\n<meta property=\"og:image\" content=\"https:\/\/aktivtuteliv.se\/vasteras\/wp-content\/uploads\/sites\/4\/2024\/11\/361860_101_BELL_SPARK-2-MIPS.jpg\" \/>\n\t<meta property=\"og:image:width\" content=\"1000\" \/>\n\t<meta property=\"og:image:height\" content=\"1000\" \/>\n\t<meta property=\"og:image:type\" content=\"image\/jpeg\" \/>\n<meta name=\"twitter:card\" content=\"summary_large_image\" \/>\n<meta name=\"twitter:site\" content=\"@aktivtuteliv\" \/>\n<meta name=\"twitter:label1\" content=\"Ber\u00e4knad l\u00e4stid\" \/>\n\t<meta name=\"twitter:data1\" content=\"1 minut\" \/>\n<script type=\"application\/ld+json\" class=\"yoast-schema-graph\">{\"@context\":\"https:\/\/schema.org\",\"@graph\":[{\"@type\":\"WebPage\",\"@id\":\"https:\/\/aktivtuteliv.se\/vasteras\/produkt\/bell-spark-2-mips\/\",\"url\":\"https:\/\/aktivtuteliv.se\/vasteras\/produkt\/bell-spark-2-mips\/\",\"name\":\"Bell Spark 2 MIPS - V\u00e4ster\u00e5s\",\"isPartOf\":{\"@id\":\"https:\/\/aktivtuteliv.se\/vasteras\/#website\"},\"primaryImageOfPage\":{\"@id\":\"https:\/\/aktivtuteliv.se\/vasteras\/produkt\/bell-spark-2-mips\/#primaryimage\"},\"image\":{\"@id\":\"https:\/\/aktivtuteliv.se\/vasteras\/produkt\/bell-spark-2-mips\/#primaryimage\"},\"thumbnailUrl\":\"https:\/\/e5gp8rwuod7.exactdn.com\/vasteras\/wp-content\/uploads\/sites\/4\/2024\/11\/361860_101_BELL_SPARK-2-MIPS.jpg?strip=all&lossy=1&ssl=1\",\"datePublished\":\"2024-11-05T11:59:16+00:00\",\"dateModified\":\"2025-10-18T04:42:57+00:00\",\"breadcrumb\":{\"@id\":\"https:\/\/aktivtuteliv.se\/vasteras\/produkt\/bell-spark-2-mips\/#breadcrumb\"},\"inLanguage\":\"sv-SE\",\"potentialAction\":[{\"@type\":\"ReadAction\",\"target\":[\"https:\/\/aktivtuteliv.se\/vasteras\/produkt\/bell-spark-2-mips\/\"]}]},{\"@type\":\"ImageObject\",\"inLanguage\":\"sv-SE\",\"@id\":\"https:\/\/aktivtuteliv.se\/vasteras\/produkt\/bell-spark-2-mips\/#primaryimage\",\"url\":\"https:\/\/e5gp8rwuod7.exactdn.com\/vasteras\/wp-content\/uploads\/sites\/4\/2024\/11\/361860_101_BELL_SPARK-2-MIPS.jpg?strip=all&lossy=1&ssl=1\",\"contentUrl\":\"https:\/\/e5gp8rwuod7.exactdn.com\/vasteras\/wp-content\/uploads\/sites\/4\/2024\/11\/361860_101_BELL_SPARK-2-MIPS.jpg?strip=all&lossy=1&ssl=1\",\"width\":1000,\"height\":1000},{\"@type\":\"BreadcrumbList\",\"@id\":\"https:\/\/aktivtuteliv.se\/vasteras\/produkt\/bell-spark-2-mips\/#breadcrumb\",\"itemListElement\":[{\"@type\":\"ListItem\",\"position\":1,\"name\":\"Home\",\"item\":\"https:\/\/aktivtuteliv.se\/vasteras\/\"},{\"@type\":\"ListItem\",\"position\":2,\"name\":\"Webbutik\",\"item\":\"https:\/\/aktivtuteliv.se\/vasteras\/butik\/\"},{\"@type\":\"ListItem\",\"position\":3,\"name\":\"Bell Spark 2 MIPS\"}]},{\"@type\":\"WebSite\",\"@id\":\"https:\/\/aktivtuteliv.se\/vasteras\/#website\",\"url\":\"https:\/\/aktivtuteliv.se\/vasteras\/\",\"name\":\"Aktivt Uteliv Bj\u00f6rn\u00f6g\u00e5rden\",\"description\":\"Ett friluftscenter i V\u00e4ster\u00e5s\",\"publisher\":{\"@id\":\"https:\/\/aktivtuteliv.se\/vasteras\/#organization\"},\"potentialAction\":[{\"@type\":\"SearchAction\",\"target\":{\"@type\":\"EntryPoint\",\"urlTemplate\":\"https:\/\/aktivtuteliv.se\/vasteras\/?s={search_term_string}\"},\"query-input\":\"required name=search_term_string\"}],\"inLanguage\":\"sv-SE\"},{\"@type\":\"Organization\",\"@id\":\"https:\/\/aktivtuteliv.se\/vasteras\/#organization\",\"name\":\"Aktivt Uteliv Bj\u00f6rn\u00f6g\u00e5rden\",\"url\":\"https:\/\/aktivtuteliv.se\/vasteras\/\",\"logo\":{\"@type\":\"ImageObject\",\"inLanguage\":\"sv-SE\",\"@id\":\"https:\/\/aktivtuteliv.se\/vasteras\/#\/schema\/logo\/image\/\",\"url\":\"https:\/\/e5gp8rwuod7.exactdn.com\/vasteras\/wp-content\/uploads\/sites\/4\/2025\/01\/AUB-pms.png?strip=all&lossy=1&ssl=1\",\"contentUrl\":\"https:\/\/e5gp8rwuod7.exactdn.com\/vasteras\/wp-content\/uploads\/sites\/4\/2025\/01\/AUB-pms.png?strip=all&lossy=1&ssl=1\",\"width\":1894,\"height\":1165,\"caption\":\"Aktivt Uteliv Bj\u00f6rn\u00f6g\u00e5rden\"},\"image\":{\"@id\":\"https:\/\/aktivtuteliv.se\/vasteras\/#\/schema\/logo\/image\/\"},\"sameAs\":[\"https:\/\/www.facebook.com\/aktivtutelivbjornogarden\",\"https:\/\/x.com\/aktivtuteliv\",\"https:\/\/www.instagram.com\/aktivtuteliv_bjornogarden\"]}]}<\/script>\n<!-- \/ Yoast SEO plugin. -->","yoast_head_json":{"title":"Bell Spark 2 MIPS - V\u00e4ster\u00e5s","robots":{"index":"index","follow":"follow","max-snippet":"max-snippet:-1","max-image-preview":"max-image-preview:large","max-video-preview":"max-video-preview:-1"},"canonical":"https:\/\/aktivtuteliv.se\/vasteras\/produkt\/bell-spark-2-mips\/","og_locale":"sv_SE","og_type":"article","og_title":"Bell Spark 2 MIPS - V\u00e4ster\u00e5s","og_description":"Spark 2 MIPS \u00e4r en tr\u00e4ningshj\u00e4lm f\u00f6r\u00a0terr\u00e4ngcykling med integrerad sk\u00e4rm\u00a0och\u00a013 kanalers ventilation. Hj\u00e4lmen \u00e4r konstruerad med skal av Fusion In-Mold Polycarbonate\u00a0och\u00a0integrerad MIPS\u00ae. Specifikation &#8211;\u00a0Konstruktion: Fusion In-Mold Polycarbonate Shell &#8211; No-Twist [&hellip;]","og_url":"https:\/\/aktivtuteliv.se\/vasteras\/produkt\/bell-spark-2-mips\/","og_site_name":"V\u00e4ster\u00e5s","article_publisher":"https:\/\/www.facebook.com\/aktivtutelivbjornogarden","article_modified_time":"2025-10-18T04:42:57+00:00","og_image":[{"width":1000,"height":1000,"url":"https:\/\/aktivtuteliv.se\/vasteras\/wp-content\/uploads\/sites\/4\/2024\/11\/361860_101_BELL_SPARK-2-MIPS.jpg","type":"image\/jpeg"}],"twitter_card":"summary_large_image","twitter_site":"@aktivtuteliv","twitter_misc":{"Ber\u00e4knad l\u00e4stid":"1 minut"},"schema":{"@context":"https:\/\/schema.org","@graph":[{"@type":"WebPage","@id":"https:\/\/aktivtuteliv.se\/vasteras\/produkt\/bell-spark-2-mips\/","url":"https:\/\/aktivtuteliv.se\/vasteras\/produkt\/bell-spark-2-mips\/","name":"Bell Spark 2 MIPS - V\u00e4ster\u00e5s","isPartOf":{"@id":"https:\/\/aktivtuteliv.se\/vasteras\/#website"},"primaryImageOfPage":{"@id":"https:\/\/aktivtuteliv.se\/vasteras\/produkt\/bell-spark-2-mips\/#primaryimage"},"image":{"@id":"https:\/\/aktivtuteliv.se\/vasteras\/produkt\/bell-spark-2-mips\/#primaryimage"},"thumbnailUrl":"https:\/\/e5gp8rwuod7.exactdn.com\/vasteras\/wp-content\/uploads\/sites\/4\/2024\/11\/361860_101_BELL_SPARK-2-MIPS.jpg?strip=all&lossy=1&ssl=1","datePublished":"2024-11-05T11:59:16+00:00","dateModified":"2025-10-18T04:42:57+00:00","breadcrumb":{"@id":"https:\/\/aktivtuteliv.se\/vasteras\/produkt\/bell-spark-2-mips\/#breadcrumb"},"inLanguage":"sv-SE","potentialAction":[{"@type":"ReadAction","target":["https:\/\/aktivtuteliv.se\/vasteras\/produkt\/bell-spark-2-mips\/"]}]},{"@type":"ImageObject","inLanguage":"sv-SE","@id":"https:\/\/aktivtuteliv.se\/vasteras\/produkt\/bell-spark-2-mips\/#primaryimage","url":"https:\/\/e5gp8rwuod7.exactdn.com\/vasteras\/wp-content\/uploads\/sites\/4\/2024\/11\/361860_101_BELL_SPARK-2-MIPS.jpg?strip=all&lossy=1&ssl=1","contentUrl":"https:\/\/e5gp8rwuod7.exactdn.com\/vasteras\/wp-content\/uploads\/sites\/4\/2024\/11\/361860_101_BELL_SPARK-2-MIPS.jpg?strip=all&lossy=1&ssl=1","width":1000,"height":1000},{"@type":"BreadcrumbList","@id":"https:\/\/aktivtuteliv.se\/vasteras\/produkt\/bell-spark-2-mips\/#breadcrumb","itemListElement":[{"@type":"ListItem","position":1,"name":"Home","item":"https:\/\/aktivtuteliv.se\/vasteras\/"},{"@type":"ListItem","position":2,"name":"Webbutik","item":"https:\/\/aktivtuteliv.se\/vasteras\/butik\/"},{"@type":"ListItem","position":3,"name":"Bell Spark 2 MIPS"}]},{"@type":"WebSite","@id":"https:\/\/aktivtuteliv.se\/vasteras\/#website","url":"https:\/\/aktivtuteliv.se\/vasteras\/","name":"Aktivt Uteliv Bj\u00f6rn\u00f6g\u00e5rden","description":"Ett friluftscenter i V\u00e4ster\u00e5s","publisher":{"@id":"https:\/\/aktivtuteliv.se\/vasteras\/#organization"},"potentialAction":[{"@type":"SearchAction","target":{"@type":"EntryPoint","urlTemplate":"https:\/\/aktivtuteliv.se\/vasteras\/?s={search_term_string}"},"query-input":"required name=search_term_string"}],"inLanguage":"sv-SE"},{"@type":"Organization","@id":"https:\/\/aktivtuteliv.se\/vasteras\/#organization","name":"Aktivt Uteliv Bj\u00f6rn\u00f6g\u00e5rden","url":"https:\/\/aktivtuteliv.se\/vasteras\/","logo":{"@type":"ImageObject","inLanguage":"sv-SE","@id":"https:\/\/aktivtuteliv.se\/vasteras\/#\/schema\/logo\/image\/","url":"https:\/\/e5gp8rwuod7.exactdn.com\/vasteras\/wp-content\/uploads\/sites\/4\/2025\/01\/AUB-pms.png?strip=all&lossy=1&ssl=1","contentUrl":"https:\/\/e5gp8rwuod7.exactdn.com\/vasteras\/wp-content\/uploads\/sites\/4\/2025\/01\/AUB-pms.png?strip=all&lossy=1&ssl=1","width":1894,"height":1165,"caption":"Aktivt Uteliv Bj\u00f6rn\u00f6g\u00e5rden"},"image":{"@id":"https:\/\/aktivtuteliv.se\/vasteras\/#\/schema\/logo\/image\/"},"sameAs":["https:\/\/www.facebook.com\/aktivtutelivbjornogarden","https:\/\/x.com\/aktivtuteliv","https:\/\/www.instagram.com\/aktivtuteliv_bjornogarden"]}]}},"_links":{"self":[{"href":"https:\/\/aktivtuteliv.se\/vasteras\/wp-json\/wp\/v2\/product\/74885","targetHints":{"allow":["GET"]}}],"collection":[{"href":"https:\/\/aktivtuteliv.se\/vasteras\/wp-json\/wp\/v2\/product"}],"about":[{"href":"https:\/\/aktivtuteliv.se\/vasteras\/wp-json\/wp\/v2\/types\/product"}],"wp:featuredmedia":[{"embeddable":true,"href":"https:\/\/aktivtuteliv.se\/vasteras\/wp-json\/wp\/v2\/media\/75563"}],"wp:attachment":[{"href":"https:\/\/aktivtuteliv.se\/vasteras\/wp-json\/wp\/v2\/media?parent=74885"}],"wp:term":[{"taxonomy":"product_cat","embeddable":true,"href":"https:\/\/aktivtuteliv.se\/vasteras\/wp-json\/wp\/v2\/product_cat?post=74885"},{"taxonomy":"product_tag","embeddable":true,"href":"https:\/\/aktivtuteliv.se\/vasteras\/wp-json\/wp\/v2\/product_tag?post=74885"},{"taxonomy":"er_categories","embeddable":true,"href":"https:\/\/aktivtuteliv.se\/vasteras\/wp-json\/wp\/v2\/er_categories?post=74885"},{"taxonomy":"er_brands","embeddable":true,"href":"https:\/\/aktivtuteliv.se\/vasteras\/wp-json\/wp\/v2\/er_brands?post=74885"},{"taxonomy":"er_seasons","embeddable":true,"href":"https:\/\/aktivtuteliv.se\/vasteras\/wp-json\/wp\/v2\/er_seasons?post=74885"}],"curies":[{"name":"wp","href":"https:\/\/api.w.org\/{rel}","templated":true}]}}