{"id":75148,"date":"2024-11-05T12:00:37","date_gmt":"2024-11-05T12:00:37","guid":{"rendered":"https:\/\/aktivtuteliv.se\/vasteras\/?post_type=product&#038;p=75148"},"modified":"2026-01-31T14:26:24","modified_gmt":"2026-01-31T13:26:24","slug":"skridskokarta-malaren-150-000","status":"publish","type":"product","link":"https:\/\/aktivtuteliv.se\/vasteras\/produkt\/skridskokarta-malaren-150-000\/","title":{"rendered":"Skridskokarta M\u00e4laren 1:50.000"},"content":{"rendered":"<p>Skridskokartan \u00f6ver M\u00e4laren \u00e4r den mest avancerade kartan som n\u00e5gonsin gjorts d\u00e4r skridsko\u00e5karens behov \u00e4r i fokus. Kartan \u00e4r utvecklad i n\u00e4ra samarbete med M\u00e5rten Ajne, en av Sveriges mest erfarna och kunniga skridsko\u00e5kare som bland annat \u00e4r f\u00f6rfattare till referensverket Stora boken om l\u00e5ngf\u00e4rdsskridsko och Skrinnarens guide till M\u00e4laren. M\u00e5rten har bearbetat mer \u00e4n femtio \u00e5rs is- och v\u00e4derdata och kombinerat detta med den samlade erfarenheten inom skridskoklubbarna i M\u00e4lardalen.<\/p>\n<p>Resultatet presenteras h\u00e4r i form av tv\u00e5 kartor i skala 1:50.000 som t\u00e4cker hela M\u00e4laren. \u00d6ver 200 isl\u00e4ggningsomr\u00e5den visas med 11 olika f\u00e4rgade zoner, allt efter i vilket skede de fryser. Dessutom har stor noggrannhet lagts p\u00e5 sj\u00f6ns str\u00f6mst\u00e4llen och svaga omr\u00e5den, k\u00e4nda r\u00e5kar, fartygsr\u00e4nnor och utfl\u00f6den. Kartan inneh\u00e5ller \u00e4ven rekommenderade startplatser, parkeringar och l\u00e4mpliga landpassager.<\/p>\n<p>Vi har kommit fram till att det b\u00e4sta materialet f\u00f6r en karta \u00e4r Tyvek\u00ae. Det \u00e4r gjort av en syntetfiber som g\u00f6r kartan helt ok\u00e4nslig f\u00f6r vatten och mycket rivt\u00e5lig. En Tyvekkarta g\u00e5r inte s\u00f6nder i vecken eller tappar f\u00e4rgen n\u00e4r du anv\u00e4nder den.<\/p>\n","protected":false},"excerpt":{"rendered":"<p>Skridskokartan \u00f6ver M\u00e4laren \u00e4r den mest avancerade kartan som n\u00e5gonsin gjorts d\u00e4r skridsko\u00e5karens behov \u00e4r i fokus. Kartan \u00e4r utvecklad i n\u00e4ra samarbete med M\u00e5rten Ajne, en av Sveriges mest [&hellip;]<\/p>\n","protected":false},"featured_media":69484,"template":"","meta":{"_acf_changed":false},"product_cat":[762,991,750],"product_tag":[],"er_categories":[],"er_brands":[],"er_seasons":[],"class_list":{"0":"post-75148","1":"product","2":"type-product","3":"status-publish","4":"has-post-thumbnail","6":"product_cat-friluftsliv","7":"product_cat-kartor-bocker","8":"product_cat-tillbehor","9":"product_shipping_class-normal","10":"pa_marke-calazo","11":"pa_sasong-1279","13":"first","14":"instock","15":"taxable","16":"shipping-taxable","17":"purchasable","18":"product-type-simple"},"acf":[],"yoast_head":"<!-- This site is optimized with the Yoast SEO plugin v23.0 - https:\/\/yoast.com\/wordpress\/plugins\/seo\/ -->\n<title>Skridskokarta M\u00e4laren 1:50.000 - V\u00e4ster\u00e5s<\/title>\n<meta name=\"robots\" content=\"index, follow, max-snippet:-1, max-image-preview:large, max-video-preview:-1\" \/>\n<link rel=\"canonical\" href=\"https:\/\/aktivtuteliv.se\/vasteras\/produkt\/skridskokarta-malaren-150-000\/\" \/>\n<meta property=\"og:locale\" content=\"sv_SE\" \/>\n<meta property=\"og:type\" content=\"article\" \/>\n<meta property=\"og:title\" content=\"Skridskokarta M\u00e4laren 1:50.000 - V\u00e4ster\u00e5s\" \/>\n<meta property=\"og:description\" content=\"Skridskokartan \u00f6ver M\u00e4laren \u00e4r den mest avancerade kartan som n\u00e5gonsin gjorts d\u00e4r skridsko\u00e5karens behov \u00e4r i fokus. Kartan \u00e4r utvecklad i n\u00e4ra samarbete med M\u00e5rten Ajne, en av Sveriges mest [&hellip;]\" \/>\n<meta property=\"og:url\" content=\"https:\/\/aktivtuteliv.se\/vasteras\/produkt\/skridskokarta-malaren-150-000\/\" \/>\n<meta property=\"og:site_name\" content=\"V\u00e4ster\u00e5s\" \/>\n<meta property=\"article:publisher\" content=\"https:\/\/www.facebook.com\/aktivtutelivbjornogarden\" \/>\n<meta property=\"article:modified_time\" content=\"2026-01-31T13:26:24+00:00\" \/>\n<meta property=\"og:image\" content=\"https:\/\/aktivtuteliv.se\/vasteras\/wp-content\/uploads\/sites\/4\/2023\/11\/Karta-Malaren.jpg\" \/>\n\t<meta property=\"og:image:width\" content=\"1280\" \/>\n\t<meta property=\"og:image:height\" content=\"1280\" \/>\n\t<meta property=\"og:image:type\" content=\"image\/jpeg\" \/>\n<meta name=\"twitter:card\" content=\"summary_large_image\" \/>\n<meta name=\"twitter:site\" content=\"@aktivtuteliv\" \/>\n<meta name=\"twitter:label1\" content=\"Ber\u00e4knad l\u00e4stid\" \/>\n\t<meta name=\"twitter:data1\" content=\"1 minut\" \/>\n<script type=\"application\/ld+json\" class=\"yoast-schema-graph\">{\"@context\":\"https:\/\/schema.org\",\"@graph\":[{\"@type\":\"WebPage\",\"@id\":\"https:\/\/aktivtuteliv.se\/vasteras\/produkt\/skridskokarta-malaren-150-000\/\",\"url\":\"https:\/\/aktivtuteliv.se\/vasteras\/produkt\/skridskokarta-malaren-150-000\/\",\"name\":\"Skridskokarta M\u00e4laren 1:50.000 - V\u00e4ster\u00e5s\",\"isPartOf\":{\"@id\":\"https:\/\/aktivtuteliv.se\/vasteras\/#website\"},\"primaryImageOfPage\":{\"@id\":\"https:\/\/aktivtuteliv.se\/vasteras\/produkt\/skridskokarta-malaren-150-000\/#primaryimage\"},\"image\":{\"@id\":\"https:\/\/aktivtuteliv.se\/vasteras\/produkt\/skridskokarta-malaren-150-000\/#primaryimage\"},\"thumbnailUrl\":\"https:\/\/e5gp8rwuod7.exactdn.com\/vasteras\/wp-content\/uploads\/sites\/4\/2023\/11\/Karta-Malaren.jpg?strip=all&lossy=1&ssl=1\",\"datePublished\":\"2024-11-05T12:00:37+00:00\",\"dateModified\":\"2026-01-31T13:26:24+00:00\",\"breadcrumb\":{\"@id\":\"https:\/\/aktivtuteliv.se\/vasteras\/produkt\/skridskokarta-malaren-150-000\/#breadcrumb\"},\"inLanguage\":\"sv-SE\",\"potentialAction\":[{\"@type\":\"ReadAction\",\"target\":[\"https:\/\/aktivtuteliv.se\/vasteras\/produkt\/skridskokarta-malaren-150-000\/\"]}]},{\"@type\":\"ImageObject\",\"inLanguage\":\"sv-SE\",\"@id\":\"https:\/\/aktivtuteliv.se\/vasteras\/produkt\/skridskokarta-malaren-150-000\/#primaryimage\",\"url\":\"https:\/\/e5gp8rwuod7.exactdn.com\/vasteras\/wp-content\/uploads\/sites\/4\/2023\/11\/Karta-Malaren.jpg?strip=all&lossy=1&ssl=1\",\"contentUrl\":\"https:\/\/e5gp8rwuod7.exactdn.com\/vasteras\/wp-content\/uploads\/sites\/4\/2023\/11\/Karta-Malaren.jpg?strip=all&lossy=1&ssl=1\",\"width\":1280,\"height\":1280},{\"@type\":\"BreadcrumbList\",\"@id\":\"https:\/\/aktivtuteliv.se\/vasteras\/produkt\/skridskokarta-malaren-150-000\/#breadcrumb\",\"itemListElement\":[{\"@type\":\"ListItem\",\"position\":1,\"name\":\"Home\",\"item\":\"https:\/\/aktivtuteliv.se\/vasteras\/\"},{\"@type\":\"ListItem\",\"position\":2,\"name\":\"Webbutik\",\"item\":\"https:\/\/aktivtuteliv.se\/vasteras\/butik\/\"},{\"@type\":\"ListItem\",\"position\":3,\"name\":\"Skridskokarta M\u00e4laren 1:50.000\"}]},{\"@type\":\"WebSite\",\"@id\":\"https:\/\/aktivtuteliv.se\/vasteras\/#website\",\"url\":\"https:\/\/aktivtuteliv.se\/vasteras\/\",\"name\":\"Aktivt Uteliv Bj\u00f6rn\u00f6g\u00e5rden\",\"description\":\"Ett friluftscenter i V\u00e4ster\u00e5s\",\"publisher\":{\"@id\":\"https:\/\/aktivtuteliv.se\/vasteras\/#organization\"},\"potentialAction\":[{\"@type\":\"SearchAction\",\"target\":{\"@type\":\"EntryPoint\",\"urlTemplate\":\"https:\/\/aktivtuteliv.se\/vasteras\/?s={search_term_string}\"},\"query-input\":\"required name=search_term_string\"}],\"inLanguage\":\"sv-SE\"},{\"@type\":\"Organization\",\"@id\":\"https:\/\/aktivtuteliv.se\/vasteras\/#organization\",\"name\":\"Aktivt Uteliv Bj\u00f6rn\u00f6g\u00e5rden\",\"url\":\"https:\/\/aktivtuteliv.se\/vasteras\/\",\"logo\":{\"@type\":\"ImageObject\",\"inLanguage\":\"sv-SE\",\"@id\":\"https:\/\/aktivtuteliv.se\/vasteras\/#\/schema\/logo\/image\/\",\"url\":\"https:\/\/e5gp8rwuod7.exactdn.com\/vasteras\/wp-content\/uploads\/sites\/4\/2025\/01\/AUB-pms.png?strip=all&lossy=1&ssl=1\",\"contentUrl\":\"https:\/\/e5gp8rwuod7.exactdn.com\/vasteras\/wp-content\/uploads\/sites\/4\/2025\/01\/AUB-pms.png?strip=all&lossy=1&ssl=1\",\"width\":1894,\"height\":1165,\"caption\":\"Aktivt Uteliv Bj\u00f6rn\u00f6g\u00e5rden\"},\"image\":{\"@id\":\"https:\/\/aktivtuteliv.se\/vasteras\/#\/schema\/logo\/image\/\"},\"sameAs\":[\"https:\/\/www.facebook.com\/aktivtutelivbjornogarden\",\"https:\/\/x.com\/aktivtuteliv\",\"https:\/\/www.instagram.com\/aktivtuteliv_bjornogarden\"]}]}<\/script>\n<!-- \/ Yoast SEO plugin. -->","yoast_head_json":{"title":"Skridskokarta M\u00e4laren 1:50.000 - V\u00e4ster\u00e5s","robots":{"index":"index","follow":"follow","max-snippet":"max-snippet:-1","max-image-preview":"max-image-preview:large","max-video-preview":"max-video-preview:-1"},"canonical":"https:\/\/aktivtuteliv.se\/vasteras\/produkt\/skridskokarta-malaren-150-000\/","og_locale":"sv_SE","og_type":"article","og_title":"Skridskokarta M\u00e4laren 1:50.000 - V\u00e4ster\u00e5s","og_description":"Skridskokartan \u00f6ver M\u00e4laren \u00e4r den mest avancerade kartan som n\u00e5gonsin gjorts d\u00e4r skridsko\u00e5karens behov \u00e4r i fokus. Kartan \u00e4r utvecklad i n\u00e4ra samarbete med M\u00e5rten Ajne, en av Sveriges mest [&hellip;]","og_url":"https:\/\/aktivtuteliv.se\/vasteras\/produkt\/skridskokarta-malaren-150-000\/","og_site_name":"V\u00e4ster\u00e5s","article_publisher":"https:\/\/www.facebook.com\/aktivtutelivbjornogarden","article_modified_time":"2026-01-31T13:26:24+00:00","og_image":[{"width":1280,"height":1280,"url":"https:\/\/aktivtuteliv.se\/vasteras\/wp-content\/uploads\/sites\/4\/2023\/11\/Karta-Malaren.jpg","type":"image\/jpeg"}],"twitter_card":"summary_large_image","twitter_site":"@aktivtuteliv","twitter_misc":{"Ber\u00e4knad l\u00e4stid":"1 minut"},"schema":{"@context":"https:\/\/schema.org","@graph":[{"@type":"WebPage","@id":"https:\/\/aktivtuteliv.se\/vasteras\/produkt\/skridskokarta-malaren-150-000\/","url":"https:\/\/aktivtuteliv.se\/vasteras\/produkt\/skridskokarta-malaren-150-000\/","name":"Skridskokarta M\u00e4laren 1:50.000 - V\u00e4ster\u00e5s","isPartOf":{"@id":"https:\/\/aktivtuteliv.se\/vasteras\/#website"},"primaryImageOfPage":{"@id":"https:\/\/aktivtuteliv.se\/vasteras\/produkt\/skridskokarta-malaren-150-000\/#primaryimage"},"image":{"@id":"https:\/\/aktivtuteliv.se\/vasteras\/produkt\/skridskokarta-malaren-150-000\/#primaryimage"},"thumbnailUrl":"https:\/\/e5gp8rwuod7.exactdn.com\/vasteras\/wp-content\/uploads\/sites\/4\/2023\/11\/Karta-Malaren.jpg?strip=all&lossy=1&ssl=1","datePublished":"2024-11-05T12:00:37+00:00","dateModified":"2026-01-31T13:26:24+00:00","breadcrumb":{"@id":"https:\/\/aktivtuteliv.se\/vasteras\/produkt\/skridskokarta-malaren-150-000\/#breadcrumb"},"inLanguage":"sv-SE","potentialAction":[{"@type":"ReadAction","target":["https:\/\/aktivtuteliv.se\/vasteras\/produkt\/skridskokarta-malaren-150-000\/"]}]},{"@type":"ImageObject","inLanguage":"sv-SE","@id":"https:\/\/aktivtuteliv.se\/vasteras\/produkt\/skridskokarta-malaren-150-000\/#primaryimage","url":"https:\/\/e5gp8rwuod7.exactdn.com\/vasteras\/wp-content\/uploads\/sites\/4\/2023\/11\/Karta-Malaren.jpg?strip=all&lossy=1&ssl=1","contentUrl":"https:\/\/e5gp8rwuod7.exactdn.com\/vasteras\/wp-content\/uploads\/sites\/4\/2023\/11\/Karta-Malaren.jpg?strip=all&lossy=1&ssl=1","width":1280,"height":1280},{"@type":"BreadcrumbList","@id":"https:\/\/aktivtuteliv.se\/vasteras\/produkt\/skridskokarta-malaren-150-000\/#breadcrumb","itemListElement":[{"@type":"ListItem","position":1,"name":"Home","item":"https:\/\/aktivtuteliv.se\/vasteras\/"},{"@type":"ListItem","position":2,"name":"Webbutik","item":"https:\/\/aktivtuteliv.se\/vasteras\/butik\/"},{"@type":"ListItem","position":3,"name":"Skridskokarta M\u00e4laren 1:50.000"}]},{"@type":"WebSite","@id":"https:\/\/aktivtuteliv.se\/vasteras\/#website","url":"https:\/\/aktivtuteliv.se\/vasteras\/","name":"Aktivt Uteliv Bj\u00f6rn\u00f6g\u00e5rden","description":"Ett friluftscenter i V\u00e4ster\u00e5s","publisher":{"@id":"https:\/\/aktivtuteliv.se\/vasteras\/#organization"},"potentialAction":[{"@type":"SearchAction","target":{"@type":"EntryPoint","urlTemplate":"https:\/\/aktivtuteliv.se\/vasteras\/?s={search_term_string}"},"query-input":"required name=search_term_string"}],"inLanguage":"sv-SE"},{"@type":"Organization","@id":"https:\/\/aktivtuteliv.se\/vasteras\/#organization","name":"Aktivt Uteliv Bj\u00f6rn\u00f6g\u00e5rden","url":"https:\/\/aktivtuteliv.se\/vasteras\/","logo":{"@type":"ImageObject","inLanguage":"sv-SE","@id":"https:\/\/aktivtuteliv.se\/vasteras\/#\/schema\/logo\/image\/","url":"https:\/\/e5gp8rwuod7.exactdn.com\/vasteras\/wp-content\/uploads\/sites\/4\/2025\/01\/AUB-pms.png?strip=all&lossy=1&ssl=1","contentUrl":"https:\/\/e5gp8rwuod7.exactdn.com\/vasteras\/wp-content\/uploads\/sites\/4\/2025\/01\/AUB-pms.png?strip=all&lossy=1&ssl=1","width":1894,"height":1165,"caption":"Aktivt Uteliv Bj\u00f6rn\u00f6g\u00e5rden"},"image":{"@id":"https:\/\/aktivtuteliv.se\/vasteras\/#\/schema\/logo\/image\/"},"sameAs":["https:\/\/www.facebook.com\/aktivtutelivbjornogarden","https:\/\/x.com\/aktivtuteliv","https:\/\/www.instagram.com\/aktivtuteliv_bjornogarden"]}]}},"_links":{"self":[{"href":"https:\/\/aktivtuteliv.se\/vasteras\/wp-json\/wp\/v2\/product\/75148","targetHints":{"allow":["GET"]}}],"collection":[{"href":"https:\/\/aktivtuteliv.se\/vasteras\/wp-json\/wp\/v2\/product"}],"about":[{"href":"https:\/\/aktivtuteliv.se\/vasteras\/wp-json\/wp\/v2\/types\/product"}],"wp:featuredmedia":[{"embeddable":true,"href":"https:\/\/aktivtuteliv.se\/vasteras\/wp-json\/wp\/v2\/media\/69484"}],"wp:attachment":[{"href":"https:\/\/aktivtuteliv.se\/vasteras\/wp-json\/wp\/v2\/media?parent=75148"}],"wp:term":[{"taxonomy":"product_cat","embeddable":true,"href":"https:\/\/aktivtuteliv.se\/vasteras\/wp-json\/wp\/v2\/product_cat?post=75148"},{"taxonomy":"product_tag","embeddable":true,"href":"https:\/\/aktivtuteliv.se\/vasteras\/wp-json\/wp\/v2\/product_tag?post=75148"},{"taxonomy":"er_categories","embeddable":true,"href":"https:\/\/aktivtuteliv.se\/vasteras\/wp-json\/wp\/v2\/er_categories?post=75148"},{"taxonomy":"er_brands","embeddable":true,"href":"https:\/\/aktivtuteliv.se\/vasteras\/wp-json\/wp\/v2\/er_brands?post=75148"},{"taxonomy":"er_seasons","embeddable":true,"href":"https:\/\/aktivtuteliv.se\/vasteras\/wp-json\/wp\/v2\/er_seasons?post=75148"}],"curies":[{"name":"wp","href":"https:\/\/api.w.org\/{rel}","templated":true}]}}