{"id":75207,"date":"2024-11-05T12:00:59","date_gmt":"2024-11-05T12:00:59","guid":{"rendered":"https:\/\/aktivtuteliv.se\/vasteras\/?post_type=product&#038;p=75207"},"modified":"2026-02-14T11:47:32","modified_gmt":"2026-02-14T10:47:32","slug":"skyllermarks-orange-prolink-pro-skate-2","status":"publish","type":"product","link":"https:\/\/aktivtuteliv.se\/vasteras\/produkt\/skyllermarks-orange-prolink-pro-skate-2\/","title":{"rendered":"Skyllermarks Orange Prolink Pro Skate"},"content":{"rendered":"<p>Skyllermarks Orange kom 2021 och blev mycket uppskattad,\u00a0 Den \u00e4r Skyllermarks l\u00e4ttaste skridsko. Nu finns den i tre l\u00e4ngder; 39 &#8211; 42 &#8211; 45cm.<br \/>\nOrange \u00e4r f\u00f6rsedd med skatebindning och avsedd att \u00e5kas med skate-pj\u00e4xor f\u00f6r l\u00e4ngdskidor.<br \/>\nKurvan och uppslipningen fram \u00e4r likadan som p\u00e5 Skyllermarks r\u00f6d 42cm.<br \/>\nProlinkbindningen \u00e4r monterad rakt ovanf\u00f6r skenan utan sidojusteringsm\u00f6jlighet. Skridskon \u00e4r lika smal som bindningen f\u00f6r att spara vikt.<br \/>\nI l\u00e4ngdled finns tv\u00e5 l\u00e4gen f\u00f6r bindningsplacering. Orange 42cm passar b\u00e4st f\u00f6r skostorlek 39-44. Den fungerar \u00e4ven f\u00f6r mindre skor om man uppskattar en l\u00e5ng skridsko.<br \/>\nDetta \u00e4r skridskon f\u00f6r dig som vill g\u00f6ra de l\u00e4ngsta och snabbaste turerna med minimal anstr\u00e4ngning. Den \u00e4r ocks\u00e5 perfekt om du k\u00e4nner att vristerna \u00e4r lite sladdriga.<br \/>\nProva skatepj\u00e4xor och \u00e5k med Orange s\u00e5 blir det l\u00e4tt och stadigt!<\/p>\n<p>&nbsp;<\/p>\n<p>Vikt inkl bindning 440g per styck.<\/p>\n<p>&nbsp;<\/p>\n<p>S\u00e4ljs monterad med Salomon\/Atomic PROLINK-bindning.<\/p>\n<p>En istjockleksm\u00e4tare ing\u00e5r n\u00e4r du best\u00e4ller skridskor!<\/p>\n<p>&nbsp;<\/p>\n<p><strong>Rekommenderade skenl\u00e4ngder:<\/strong><\/p>\n<ul>\n<li>39 cm f\u00f6r pj\u00e4xor upp till storlek 40.<\/li>\n<li>42 cm f\u00f6r pj\u00e4xor mellan storlek 39-44<\/li>\n<li>45 cm f\u00f6r pj\u00e4xor mellan storlek 42-47.<\/li>\n<\/ul>\n<p>&nbsp;<\/p>\n","protected":false},"excerpt":{"rendered":"<p>Skyllermarks Orange kom 2021 och blev mycket uppskattad,\u00a0 Den \u00e4r Skyllermarks l\u00e4ttaste skridsko. Nu finns den i tre l\u00e4ngder; 39 &#8211; 42 &#8211; 45cm. Orange \u00e4r f\u00f6rsedd med skatebindning och [&hellip;]<\/p>\n","protected":false},"featured_media":75871,"template":"","meta":{"_acf_changed":false},"product_cat":[749,1193],"product_tag":[],"er_categories":[],"er_brands":[],"er_seasons":[],"class_list":{"0":"post-75207","1":"product","2":"type-product","3":"status-publish","4":"has-post-thumbnail","6":"product_cat-langfardsskridskor","7":"product_cat-skenor-langfardsskridskor","8":"product_shipping_class-normal","9":"pa_marke-skyllermarks","10":"pa_sasong-1279","12":"first","13":"instock","14":"taxable","15":"shipping-taxable","16":"purchasable","17":"product-type-variable"},"acf":[],"yoast_head":"<!-- This site is optimized with the Yoast SEO plugin v23.0 - https:\/\/yoast.com\/wordpress\/plugins\/seo\/ -->\n<title>Skyllermarks Orange Prolink Pro Skate - V\u00e4ster\u00e5s<\/title>\n<meta name=\"robots\" content=\"index, follow, max-snippet:-1, max-image-preview:large, max-video-preview:-1\" \/>\n<link rel=\"canonical\" href=\"https:\/\/aktivtuteliv.se\/vasteras\/produkt\/skyllermarks-orange-prolink-pro-skate-2\/\" \/>\n<meta property=\"og:locale\" content=\"sv_SE\" \/>\n<meta property=\"og:type\" content=\"article\" \/>\n<meta property=\"og:title\" content=\"Skyllermarks Orange Prolink Pro Skate - V\u00e4ster\u00e5s\" \/>\n<meta property=\"og:description\" content=\"Skyllermarks Orange kom 2021 och blev mycket uppskattad,\u00a0 Den \u00e4r Skyllermarks l\u00e4ttaste skridsko. Nu finns den i tre l\u00e4ngder; 39 &#8211; 42 &#8211; 45cm. Orange \u00e4r f\u00f6rsedd med skatebindning och [&hellip;]\" \/>\n<meta property=\"og:url\" content=\"https:\/\/aktivtuteliv.se\/vasteras\/produkt\/skyllermarks-orange-prolink-pro-skate-2\/\" \/>\n<meta property=\"og:site_name\" content=\"V\u00e4ster\u00e5s\" \/>\n<meta property=\"article:publisher\" content=\"https:\/\/www.facebook.com\/aktivtutelivbjornogarden\" \/>\n<meta property=\"article:modified_time\" content=\"2026-02-14T10:47:32+00:00\" \/>\n<meta property=\"og:image\" content=\"https:\/\/aktivtuteliv.se\/vasteras\/wp-content\/uploads\/sites\/4\/2024\/11\/Skyllermarks-Orange-Skate.jpg\" \/>\n\t<meta property=\"og:image:width\" content=\"2000\" \/>\n\t<meta property=\"og:image:height\" content=\"2000\" \/>\n\t<meta property=\"og:image:type\" content=\"image\/jpeg\" \/>\n<meta name=\"twitter:card\" content=\"summary_large_image\" \/>\n<meta name=\"twitter:site\" content=\"@aktivtuteliv\" \/>\n<meta name=\"twitter:label1\" content=\"Ber\u00e4knad l\u00e4stid\" \/>\n\t<meta name=\"twitter:data1\" content=\"2 minuter\" \/>\n<script type=\"application\/ld+json\" class=\"yoast-schema-graph\">{\"@context\":\"https:\/\/schema.org\",\"@graph\":[{\"@type\":\"WebPage\",\"@id\":\"https:\/\/aktivtuteliv.se\/vasteras\/produkt\/skyllermarks-orange-prolink-pro-skate-2\/\",\"url\":\"https:\/\/aktivtuteliv.se\/vasteras\/produkt\/skyllermarks-orange-prolink-pro-skate-2\/\",\"name\":\"Skyllermarks Orange Prolink Pro Skate - V\u00e4ster\u00e5s\",\"isPartOf\":{\"@id\":\"https:\/\/aktivtuteliv.se\/vasteras\/#website\"},\"primaryImageOfPage\":{\"@id\":\"https:\/\/aktivtuteliv.se\/vasteras\/produkt\/skyllermarks-orange-prolink-pro-skate-2\/#primaryimage\"},\"image\":{\"@id\":\"https:\/\/aktivtuteliv.se\/vasteras\/produkt\/skyllermarks-orange-prolink-pro-skate-2\/#primaryimage\"},\"thumbnailUrl\":\"https:\/\/e5gp8rwuod7.exactdn.com\/vasteras\/wp-content\/uploads\/sites\/4\/2024\/11\/Skyllermarks-Orange-Skate.jpg?strip=all&lossy=1&ssl=1\",\"datePublished\":\"2024-11-05T12:00:59+00:00\",\"dateModified\":\"2026-02-14T10:47:32+00:00\",\"breadcrumb\":{\"@id\":\"https:\/\/aktivtuteliv.se\/vasteras\/produkt\/skyllermarks-orange-prolink-pro-skate-2\/#breadcrumb\"},\"inLanguage\":\"sv-SE\",\"potentialAction\":[{\"@type\":\"ReadAction\",\"target\":[\"https:\/\/aktivtuteliv.se\/vasteras\/produkt\/skyllermarks-orange-prolink-pro-skate-2\/\"]}]},{\"@type\":\"ImageObject\",\"inLanguage\":\"sv-SE\",\"@id\":\"https:\/\/aktivtuteliv.se\/vasteras\/produkt\/skyllermarks-orange-prolink-pro-skate-2\/#primaryimage\",\"url\":\"https:\/\/e5gp8rwuod7.exactdn.com\/vasteras\/wp-content\/uploads\/sites\/4\/2024\/11\/Skyllermarks-Orange-Skate.jpg?strip=all&lossy=1&ssl=1\",\"contentUrl\":\"https:\/\/e5gp8rwuod7.exactdn.com\/vasteras\/wp-content\/uploads\/sites\/4\/2024\/11\/Skyllermarks-Orange-Skate.jpg?strip=all&lossy=1&ssl=1\",\"width\":2000,\"height\":2000},{\"@type\":\"BreadcrumbList\",\"@id\":\"https:\/\/aktivtuteliv.se\/vasteras\/produkt\/skyllermarks-orange-prolink-pro-skate-2\/#breadcrumb\",\"itemListElement\":[{\"@type\":\"ListItem\",\"position\":1,\"name\":\"Home\",\"item\":\"https:\/\/aktivtuteliv.se\/vasteras\/\"},{\"@type\":\"ListItem\",\"position\":2,\"name\":\"Webbutik\",\"item\":\"https:\/\/aktivtuteliv.se\/vasteras\/butik\/\"},{\"@type\":\"ListItem\",\"position\":3,\"name\":\"Skyllermarks Orange Prolink Pro Skate\"}]},{\"@type\":\"WebSite\",\"@id\":\"https:\/\/aktivtuteliv.se\/vasteras\/#website\",\"url\":\"https:\/\/aktivtuteliv.se\/vasteras\/\",\"name\":\"Aktivt Uteliv Bj\u00f6rn\u00f6g\u00e5rden\",\"description\":\"Ett friluftscenter i V\u00e4ster\u00e5s\",\"publisher\":{\"@id\":\"https:\/\/aktivtuteliv.se\/vasteras\/#organization\"},\"potentialAction\":[{\"@type\":\"SearchAction\",\"target\":{\"@type\":\"EntryPoint\",\"urlTemplate\":\"https:\/\/aktivtuteliv.se\/vasteras\/?s={search_term_string}\"},\"query-input\":\"required name=search_term_string\"}],\"inLanguage\":\"sv-SE\"},{\"@type\":\"Organization\",\"@id\":\"https:\/\/aktivtuteliv.se\/vasteras\/#organization\",\"name\":\"Aktivt Uteliv Bj\u00f6rn\u00f6g\u00e5rden\",\"url\":\"https:\/\/aktivtuteliv.se\/vasteras\/\",\"logo\":{\"@type\":\"ImageObject\",\"inLanguage\":\"sv-SE\",\"@id\":\"https:\/\/aktivtuteliv.se\/vasteras\/#\/schema\/logo\/image\/\",\"url\":\"https:\/\/e5gp8rwuod7.exactdn.com\/vasteras\/wp-content\/uploads\/sites\/4\/2025\/01\/AUB-pms.png?strip=all&lossy=1&ssl=1\",\"contentUrl\":\"https:\/\/e5gp8rwuod7.exactdn.com\/vasteras\/wp-content\/uploads\/sites\/4\/2025\/01\/AUB-pms.png?strip=all&lossy=1&ssl=1\",\"width\":1894,\"height\":1165,\"caption\":\"Aktivt Uteliv Bj\u00f6rn\u00f6g\u00e5rden\"},\"image\":{\"@id\":\"https:\/\/aktivtuteliv.se\/vasteras\/#\/schema\/logo\/image\/\"},\"sameAs\":[\"https:\/\/www.facebook.com\/aktivtutelivbjornogarden\",\"https:\/\/x.com\/aktivtuteliv\",\"https:\/\/www.instagram.com\/aktivtuteliv_bjornogarden\"]}]}<\/script>\n<!-- \/ Yoast SEO plugin. -->","yoast_head_json":{"title":"Skyllermarks Orange Prolink Pro Skate - V\u00e4ster\u00e5s","robots":{"index":"index","follow":"follow","max-snippet":"max-snippet:-1","max-image-preview":"max-image-preview:large","max-video-preview":"max-video-preview:-1"},"canonical":"https:\/\/aktivtuteliv.se\/vasteras\/produkt\/skyllermarks-orange-prolink-pro-skate-2\/","og_locale":"sv_SE","og_type":"article","og_title":"Skyllermarks Orange Prolink Pro Skate - V\u00e4ster\u00e5s","og_description":"Skyllermarks Orange kom 2021 och blev mycket uppskattad,\u00a0 Den \u00e4r Skyllermarks l\u00e4ttaste skridsko. Nu finns den i tre l\u00e4ngder; 39 &#8211; 42 &#8211; 45cm. Orange \u00e4r f\u00f6rsedd med skatebindning och [&hellip;]","og_url":"https:\/\/aktivtuteliv.se\/vasteras\/produkt\/skyllermarks-orange-prolink-pro-skate-2\/","og_site_name":"V\u00e4ster\u00e5s","article_publisher":"https:\/\/www.facebook.com\/aktivtutelivbjornogarden","article_modified_time":"2026-02-14T10:47:32+00:00","og_image":[{"width":2000,"height":2000,"url":"https:\/\/aktivtuteliv.se\/vasteras\/wp-content\/uploads\/sites\/4\/2024\/11\/Skyllermarks-Orange-Skate.jpg","type":"image\/jpeg"}],"twitter_card":"summary_large_image","twitter_site":"@aktivtuteliv","twitter_misc":{"Ber\u00e4knad l\u00e4stid":"2 minuter"},"schema":{"@context":"https:\/\/schema.org","@graph":[{"@type":"WebPage","@id":"https:\/\/aktivtuteliv.se\/vasteras\/produkt\/skyllermarks-orange-prolink-pro-skate-2\/","url":"https:\/\/aktivtuteliv.se\/vasteras\/produkt\/skyllermarks-orange-prolink-pro-skate-2\/","name":"Skyllermarks Orange Prolink Pro Skate - V\u00e4ster\u00e5s","isPartOf":{"@id":"https:\/\/aktivtuteliv.se\/vasteras\/#website"},"primaryImageOfPage":{"@id":"https:\/\/aktivtuteliv.se\/vasteras\/produkt\/skyllermarks-orange-prolink-pro-skate-2\/#primaryimage"},"image":{"@id":"https:\/\/aktivtuteliv.se\/vasteras\/produkt\/skyllermarks-orange-prolink-pro-skate-2\/#primaryimage"},"thumbnailUrl":"https:\/\/e5gp8rwuod7.exactdn.com\/vasteras\/wp-content\/uploads\/sites\/4\/2024\/11\/Skyllermarks-Orange-Skate.jpg?strip=all&lossy=1&ssl=1","datePublished":"2024-11-05T12:00:59+00:00","dateModified":"2026-02-14T10:47:32+00:00","breadcrumb":{"@id":"https:\/\/aktivtuteliv.se\/vasteras\/produkt\/skyllermarks-orange-prolink-pro-skate-2\/#breadcrumb"},"inLanguage":"sv-SE","potentialAction":[{"@type":"ReadAction","target":["https:\/\/aktivtuteliv.se\/vasteras\/produkt\/skyllermarks-orange-prolink-pro-skate-2\/"]}]},{"@type":"ImageObject","inLanguage":"sv-SE","@id":"https:\/\/aktivtuteliv.se\/vasteras\/produkt\/skyllermarks-orange-prolink-pro-skate-2\/#primaryimage","url":"https:\/\/e5gp8rwuod7.exactdn.com\/vasteras\/wp-content\/uploads\/sites\/4\/2024\/11\/Skyllermarks-Orange-Skate.jpg?strip=all&lossy=1&ssl=1","contentUrl":"https:\/\/e5gp8rwuod7.exactdn.com\/vasteras\/wp-content\/uploads\/sites\/4\/2024\/11\/Skyllermarks-Orange-Skate.jpg?strip=all&lossy=1&ssl=1","width":2000,"height":2000},{"@type":"BreadcrumbList","@id":"https:\/\/aktivtuteliv.se\/vasteras\/produkt\/skyllermarks-orange-prolink-pro-skate-2\/#breadcrumb","itemListElement":[{"@type":"ListItem","position":1,"name":"Home","item":"https:\/\/aktivtuteliv.se\/vasteras\/"},{"@type":"ListItem","position":2,"name":"Webbutik","item":"https:\/\/aktivtuteliv.se\/vasteras\/butik\/"},{"@type":"ListItem","position":3,"name":"Skyllermarks Orange Prolink Pro Skate"}]},{"@type":"WebSite","@id":"https:\/\/aktivtuteliv.se\/vasteras\/#website","url":"https:\/\/aktivtuteliv.se\/vasteras\/","name":"Aktivt Uteliv Bj\u00f6rn\u00f6g\u00e5rden","description":"Ett friluftscenter i V\u00e4ster\u00e5s","publisher":{"@id":"https:\/\/aktivtuteliv.se\/vasteras\/#organization"},"potentialAction":[{"@type":"SearchAction","target":{"@type":"EntryPoint","urlTemplate":"https:\/\/aktivtuteliv.se\/vasteras\/?s={search_term_string}"},"query-input":"required name=search_term_string"}],"inLanguage":"sv-SE"},{"@type":"Organization","@id":"https:\/\/aktivtuteliv.se\/vasteras\/#organization","name":"Aktivt Uteliv Bj\u00f6rn\u00f6g\u00e5rden","url":"https:\/\/aktivtuteliv.se\/vasteras\/","logo":{"@type":"ImageObject","inLanguage":"sv-SE","@id":"https:\/\/aktivtuteliv.se\/vasteras\/#\/schema\/logo\/image\/","url":"https:\/\/e5gp8rwuod7.exactdn.com\/vasteras\/wp-content\/uploads\/sites\/4\/2025\/01\/AUB-pms.png?strip=all&lossy=1&ssl=1","contentUrl":"https:\/\/e5gp8rwuod7.exactdn.com\/vasteras\/wp-content\/uploads\/sites\/4\/2025\/01\/AUB-pms.png?strip=all&lossy=1&ssl=1","width":1894,"height":1165,"caption":"Aktivt Uteliv Bj\u00f6rn\u00f6g\u00e5rden"},"image":{"@id":"https:\/\/aktivtuteliv.se\/vasteras\/#\/schema\/logo\/image\/"},"sameAs":["https:\/\/www.facebook.com\/aktivtutelivbjornogarden","https:\/\/x.com\/aktivtuteliv","https:\/\/www.instagram.com\/aktivtuteliv_bjornogarden"]}]}},"_links":{"self":[{"href":"https:\/\/aktivtuteliv.se\/vasteras\/wp-json\/wp\/v2\/product\/75207","targetHints":{"allow":["GET"]}}],"collection":[{"href":"https:\/\/aktivtuteliv.se\/vasteras\/wp-json\/wp\/v2\/product"}],"about":[{"href":"https:\/\/aktivtuteliv.se\/vasteras\/wp-json\/wp\/v2\/types\/product"}],"wp:featuredmedia":[{"embeddable":true,"href":"https:\/\/aktivtuteliv.se\/vasteras\/wp-json\/wp\/v2\/media\/75871"}],"wp:attachment":[{"href":"https:\/\/aktivtuteliv.se\/vasteras\/wp-json\/wp\/v2\/media?parent=75207"}],"wp:term":[{"taxonomy":"product_cat","embeddable":true,"href":"https:\/\/aktivtuteliv.se\/vasteras\/wp-json\/wp\/v2\/product_cat?post=75207"},{"taxonomy":"product_tag","embeddable":true,"href":"https:\/\/aktivtuteliv.se\/vasteras\/wp-json\/wp\/v2\/product_tag?post=75207"},{"taxonomy":"er_categories","embeddable":true,"href":"https:\/\/aktivtuteliv.se\/vasteras\/wp-json\/wp\/v2\/er_categories?post=75207"},{"taxonomy":"er_brands","embeddable":true,"href":"https:\/\/aktivtuteliv.se\/vasteras\/wp-json\/wp\/v2\/er_brands?post=75207"},{"taxonomy":"er_seasons","embeddable":true,"href":"https:\/\/aktivtuteliv.se\/vasteras\/wp-json\/wp\/v2\/er_seasons?post=75207"}],"curies":[{"name":"wp","href":"https:\/\/api.w.org\/{rel}","templated":true}]}}