{"id":75216,"date":"2024-11-05T13:01:02","date_gmt":"2024-11-05T12:01:02","guid":{"rendered":"https:\/\/aktivtuteliv.se\/vasteras\/?post_type=product&#038;p=75216"},"modified":"2026-04-19T12:00:18","modified_gmt":"2026-04-19T10:00:18","slug":"fischer-twin-skin-pro-23-24-2","status":"publish","type":"product","link":"https:\/\/aktivtuteliv.se\/vasteras\/produkt\/fischer-twin-skin-pro-23-24-2\/","title":{"rendered":"Fischer TWIN SKIN PRO 24\/25"},"content":{"rendered":"<p>Fischer Twin Skin Pro \u00e4r en perfekt skida f\u00f6r motion\u00e4rer som vill ha en prisv\u00e4rd skida som fungerar i alla f\u00f6ren. Det \u00e4r en vallningsfri l\u00e4ngdskida av den nya, revolutionerande typen med mohair d\u00e4r du varken beh\u00f6ver kompromissa med f\u00e4ste eller glid. Perfekt f\u00f6r alla som vill l\u00e4gga mer tid i skidp\u00e5ret \u00e4n i vallaboden.\u00a0Twin Skin Pro finns, till skillnad mot m\u00e5nga andra modeller, med extra h\u00e5rda spann vilket g\u00f6r att \u00e4ven riktigt korta och tunga personer kan hitta en passande skida av denna modell. Vi har Twin Skin Pro som testskida med spann som klarar upp till 130 kg.<\/p>\n<p>&nbsp;<\/p>\n<p>Twin Skin Pro har tv\u00e5 stighudsremsor i n\u00e5got f\u00f6rskjutna positioner, och med fritt styrsp\u00e5r f\u00f6r b\u00e4ttre kontroll och fuktavvisning, vilket g\u00f6r \u00f6verg\u00e5ngarna i \u00e5kningen mjuka och huggfria. Stighudarna best\u00e5r av 70% mohair och \u00e4r teflonbehandlade f\u00f6r minskad risk f\u00f6r ifrysning. Bindingsplattan \u00e4r Fischers egen Turnamic som \u00e4ven \u00e4r kompatibel med pj\u00e4xor med Prolink- och Rottefellasula.<\/p>\n<p>&nbsp;<\/p>\n<p>Pris exkl. bindning.<\/p>\n","protected":false},"excerpt":{"rendered":"<p>Fischer Twin Skin Pro \u00e4r en perfekt skida f\u00f6r motion\u00e4rer som vill ha en prisv\u00e4rd skida som fungerar i alla f\u00f6ren. Det \u00e4r en vallningsfri l\u00e4ngdskida av den nya, revolutionerande [&hellip;]<\/p>\n","protected":false},"featured_media":70096,"template":"","meta":{"_acf_changed":false},"product_cat":[758,767],"product_tag":[],"er_categories":[],"er_brands":[],"er_seasons":[],"class_list":{"0":"post-75216","1":"product","2":"type-product","3":"status-publish","4":"has-post-thumbnail","6":"product_cat-langdskidor","7":"product_cat-skidor-langdskidor","8":"product_shipping_class-langa-produkter","9":"pa_langd-1091","10":"pa_langd-924","11":"pa_langd-768","12":"pa_langd-1050","13":"pa_langd-1051","14":"pa_langd-1052","15":"pa_marke-fischer","16":"pa_sasong-753","17":"pa_spann-medium","18":"pa_spann-stiff","19":"pa_spann-x-stiff","21":"first","22":"instock","23":"sale","24":"taxable","25":"shipping-taxable","26":"purchasable","27":"product-type-variable"},"acf":[],"yoast_head":"<!-- This site is optimized with the Yoast SEO plugin v23.0 - https:\/\/yoast.com\/wordpress\/plugins\/seo\/ -->\n<title>Fischer TWIN SKIN PRO 24\/25 - V\u00e4ster\u00e5s<\/title>\n<meta name=\"robots\" content=\"index, follow, max-snippet:-1, max-image-preview:large, max-video-preview:-1\" \/>\n<link rel=\"canonical\" href=\"https:\/\/aktivtuteliv.se\/vasteras\/produkt\/fischer-twin-skin-pro-23-24-2\/\" \/>\n<meta property=\"og:locale\" content=\"sv_SE\" \/>\n<meta property=\"og:type\" content=\"article\" \/>\n<meta property=\"og:title\" content=\"Fischer TWIN SKIN PRO 24\/25 - V\u00e4ster\u00e5s\" \/>\n<meta property=\"og:description\" content=\"Fischer Twin Skin Pro \u00e4r en perfekt skida f\u00f6r motion\u00e4rer som vill ha en prisv\u00e4rd skida som fungerar i alla f\u00f6ren. Det \u00e4r en vallningsfri l\u00e4ngdskida av den nya, revolutionerande [&hellip;]\" \/>\n<meta property=\"og:url\" content=\"https:\/\/aktivtuteliv.se\/vasteras\/produkt\/fischer-twin-skin-pro-23-24-2\/\" \/>\n<meta property=\"og:site_name\" content=\"V\u00e4ster\u00e5s\" \/>\n<meta property=\"article:publisher\" content=\"https:\/\/www.facebook.com\/aktivtutelivbjornogarden\" \/>\n<meta property=\"article:modified_time\" content=\"2026-04-19T10:00:18+00:00\" \/>\n<meta property=\"og:image\" content=\"https:\/\/aktivtuteliv.se\/vasteras\/wp-content\/uploads\/sites\/4\/2023\/11\/fischer_Twinskin_Pro_2324.jpg\" \/>\n\t<meta property=\"og:image:width\" content=\"1080\" \/>\n\t<meta property=\"og:image:height\" content=\"1080\" \/>\n\t<meta property=\"og:image:type\" content=\"image\/jpeg\" \/>\n<meta name=\"twitter:card\" content=\"summary_large_image\" \/>\n<meta name=\"twitter:site\" content=\"@aktivtuteliv\" \/>\n<meta name=\"twitter:label1\" content=\"Ber\u00e4knad l\u00e4stid\" \/>\n\t<meta name=\"twitter:data1\" content=\"1 minut\" \/>\n<script type=\"application\/ld+json\" class=\"yoast-schema-graph\">{\"@context\":\"https:\/\/schema.org\",\"@graph\":[{\"@type\":\"WebPage\",\"@id\":\"https:\/\/aktivtuteliv.se\/vasteras\/produkt\/fischer-twin-skin-pro-23-24-2\/\",\"url\":\"https:\/\/aktivtuteliv.se\/vasteras\/produkt\/fischer-twin-skin-pro-23-24-2\/\",\"name\":\"Fischer TWIN SKIN PRO 24\/25 - V\u00e4ster\u00e5s\",\"isPartOf\":{\"@id\":\"https:\/\/aktivtuteliv.se\/vasteras\/#website\"},\"primaryImageOfPage\":{\"@id\":\"https:\/\/aktivtuteliv.se\/vasteras\/produkt\/fischer-twin-skin-pro-23-24-2\/#primaryimage\"},\"image\":{\"@id\":\"https:\/\/aktivtuteliv.se\/vasteras\/produkt\/fischer-twin-skin-pro-23-24-2\/#primaryimage\"},\"thumbnailUrl\":\"https:\/\/e5gp8rwuod7.exactdn.com\/vasteras\/wp-content\/uploads\/sites\/4\/2023\/11\/fischer_Twinskin_Pro_2324.jpg?strip=all&lossy=1&ssl=1\",\"datePublished\":\"2024-11-05T12:01:02+00:00\",\"dateModified\":\"2026-04-19T10:00:18+00:00\",\"breadcrumb\":{\"@id\":\"https:\/\/aktivtuteliv.se\/vasteras\/produkt\/fischer-twin-skin-pro-23-24-2\/#breadcrumb\"},\"inLanguage\":\"sv-SE\",\"potentialAction\":[{\"@type\":\"ReadAction\",\"target\":[\"https:\/\/aktivtuteliv.se\/vasteras\/produkt\/fischer-twin-skin-pro-23-24-2\/\"]}]},{\"@type\":\"ImageObject\",\"inLanguage\":\"sv-SE\",\"@id\":\"https:\/\/aktivtuteliv.se\/vasteras\/produkt\/fischer-twin-skin-pro-23-24-2\/#primaryimage\",\"url\":\"https:\/\/e5gp8rwuod7.exactdn.com\/vasteras\/wp-content\/uploads\/sites\/4\/2023\/11\/fischer_Twinskin_Pro_2324.jpg?strip=all&lossy=1&ssl=1\",\"contentUrl\":\"https:\/\/e5gp8rwuod7.exactdn.com\/vasteras\/wp-content\/uploads\/sites\/4\/2023\/11\/fischer_Twinskin_Pro_2324.jpg?strip=all&lossy=1&ssl=1\",\"width\":1080,\"height\":1080},{\"@type\":\"BreadcrumbList\",\"@id\":\"https:\/\/aktivtuteliv.se\/vasteras\/produkt\/fischer-twin-skin-pro-23-24-2\/#breadcrumb\",\"itemListElement\":[{\"@type\":\"ListItem\",\"position\":1,\"name\":\"Home\",\"item\":\"https:\/\/aktivtuteliv.se\/vasteras\/\"},{\"@type\":\"ListItem\",\"position\":2,\"name\":\"Webbutik\",\"item\":\"https:\/\/aktivtuteliv.se\/vasteras\/butik\/\"},{\"@type\":\"ListItem\",\"position\":3,\"name\":\"Fischer TWIN SKIN PRO 24\/25\"}]},{\"@type\":\"WebSite\",\"@id\":\"https:\/\/aktivtuteliv.se\/vasteras\/#website\",\"url\":\"https:\/\/aktivtuteliv.se\/vasteras\/\",\"name\":\"Aktivt Uteliv Bj\u00f6rn\u00f6g\u00e5rden\",\"description\":\"Ett friluftscenter i V\u00e4ster\u00e5s\",\"publisher\":{\"@id\":\"https:\/\/aktivtuteliv.se\/vasteras\/#organization\"},\"potentialAction\":[{\"@type\":\"SearchAction\",\"target\":{\"@type\":\"EntryPoint\",\"urlTemplate\":\"https:\/\/aktivtuteliv.se\/vasteras\/?s={search_term_string}\"},\"query-input\":\"required name=search_term_string\"}],\"inLanguage\":\"sv-SE\"},{\"@type\":\"Organization\",\"@id\":\"https:\/\/aktivtuteliv.se\/vasteras\/#organization\",\"name\":\"Aktivt Uteliv Bj\u00f6rn\u00f6g\u00e5rden\",\"url\":\"https:\/\/aktivtuteliv.se\/vasteras\/\",\"logo\":{\"@type\":\"ImageObject\",\"inLanguage\":\"sv-SE\",\"@id\":\"https:\/\/aktivtuteliv.se\/vasteras\/#\/schema\/logo\/image\/\",\"url\":\"https:\/\/e5gp8rwuod7.exactdn.com\/vasteras\/wp-content\/uploads\/sites\/4\/2025\/01\/AUB-pms.png?strip=all&lossy=1&ssl=1\",\"contentUrl\":\"https:\/\/e5gp8rwuod7.exactdn.com\/vasteras\/wp-content\/uploads\/sites\/4\/2025\/01\/AUB-pms.png?strip=all&lossy=1&ssl=1\",\"width\":1894,\"height\":1165,\"caption\":\"Aktivt Uteliv Bj\u00f6rn\u00f6g\u00e5rden\"},\"image\":{\"@id\":\"https:\/\/aktivtuteliv.se\/vasteras\/#\/schema\/logo\/image\/\"},\"sameAs\":[\"https:\/\/www.facebook.com\/aktivtutelivbjornogarden\",\"https:\/\/x.com\/aktivtuteliv\",\"https:\/\/www.instagram.com\/aktivtuteliv_bjornogarden\"]}]}<\/script>\n<!-- \/ Yoast SEO plugin. -->","yoast_head_json":{"title":"Fischer TWIN SKIN PRO 24\/25 - V\u00e4ster\u00e5s","robots":{"index":"index","follow":"follow","max-snippet":"max-snippet:-1","max-image-preview":"max-image-preview:large","max-video-preview":"max-video-preview:-1"},"canonical":"https:\/\/aktivtuteliv.se\/vasteras\/produkt\/fischer-twin-skin-pro-23-24-2\/","og_locale":"sv_SE","og_type":"article","og_title":"Fischer TWIN SKIN PRO 24\/25 - V\u00e4ster\u00e5s","og_description":"Fischer Twin Skin Pro \u00e4r en perfekt skida f\u00f6r motion\u00e4rer som vill ha en prisv\u00e4rd skida som fungerar i alla f\u00f6ren. Det \u00e4r en vallningsfri l\u00e4ngdskida av den nya, revolutionerande [&hellip;]","og_url":"https:\/\/aktivtuteliv.se\/vasteras\/produkt\/fischer-twin-skin-pro-23-24-2\/","og_site_name":"V\u00e4ster\u00e5s","article_publisher":"https:\/\/www.facebook.com\/aktivtutelivbjornogarden","article_modified_time":"2026-04-19T10:00:18+00:00","og_image":[{"width":1080,"height":1080,"url":"https:\/\/aktivtuteliv.se\/vasteras\/wp-content\/uploads\/sites\/4\/2023\/11\/fischer_Twinskin_Pro_2324.jpg","type":"image\/jpeg"}],"twitter_card":"summary_large_image","twitter_site":"@aktivtuteliv","twitter_misc":{"Ber\u00e4knad l\u00e4stid":"1 minut"},"schema":{"@context":"https:\/\/schema.org","@graph":[{"@type":"WebPage","@id":"https:\/\/aktivtuteliv.se\/vasteras\/produkt\/fischer-twin-skin-pro-23-24-2\/","url":"https:\/\/aktivtuteliv.se\/vasteras\/produkt\/fischer-twin-skin-pro-23-24-2\/","name":"Fischer TWIN SKIN PRO 24\/25 - V\u00e4ster\u00e5s","isPartOf":{"@id":"https:\/\/aktivtuteliv.se\/vasteras\/#website"},"primaryImageOfPage":{"@id":"https:\/\/aktivtuteliv.se\/vasteras\/produkt\/fischer-twin-skin-pro-23-24-2\/#primaryimage"},"image":{"@id":"https:\/\/aktivtuteliv.se\/vasteras\/produkt\/fischer-twin-skin-pro-23-24-2\/#primaryimage"},"thumbnailUrl":"https:\/\/e5gp8rwuod7.exactdn.com\/vasteras\/wp-content\/uploads\/sites\/4\/2023\/11\/fischer_Twinskin_Pro_2324.jpg?strip=all&lossy=1&ssl=1","datePublished":"2024-11-05T12:01:02+00:00","dateModified":"2026-04-19T10:00:18+00:00","breadcrumb":{"@id":"https:\/\/aktivtuteliv.se\/vasteras\/produkt\/fischer-twin-skin-pro-23-24-2\/#breadcrumb"},"inLanguage":"sv-SE","potentialAction":[{"@type":"ReadAction","target":["https:\/\/aktivtuteliv.se\/vasteras\/produkt\/fischer-twin-skin-pro-23-24-2\/"]}]},{"@type":"ImageObject","inLanguage":"sv-SE","@id":"https:\/\/aktivtuteliv.se\/vasteras\/produkt\/fischer-twin-skin-pro-23-24-2\/#primaryimage","url":"https:\/\/e5gp8rwuod7.exactdn.com\/vasteras\/wp-content\/uploads\/sites\/4\/2023\/11\/fischer_Twinskin_Pro_2324.jpg?strip=all&lossy=1&ssl=1","contentUrl":"https:\/\/e5gp8rwuod7.exactdn.com\/vasteras\/wp-content\/uploads\/sites\/4\/2023\/11\/fischer_Twinskin_Pro_2324.jpg?strip=all&lossy=1&ssl=1","width":1080,"height":1080},{"@type":"BreadcrumbList","@id":"https:\/\/aktivtuteliv.se\/vasteras\/produkt\/fischer-twin-skin-pro-23-24-2\/#breadcrumb","itemListElement":[{"@type":"ListItem","position":1,"name":"Home","item":"https:\/\/aktivtuteliv.se\/vasteras\/"},{"@type":"ListItem","position":2,"name":"Webbutik","item":"https:\/\/aktivtuteliv.se\/vasteras\/butik\/"},{"@type":"ListItem","position":3,"name":"Fischer TWIN SKIN PRO 24\/25"}]},{"@type":"WebSite","@id":"https:\/\/aktivtuteliv.se\/vasteras\/#website","url":"https:\/\/aktivtuteliv.se\/vasteras\/","name":"Aktivt Uteliv Bj\u00f6rn\u00f6g\u00e5rden","description":"Ett friluftscenter i V\u00e4ster\u00e5s","publisher":{"@id":"https:\/\/aktivtuteliv.se\/vasteras\/#organization"},"potentialAction":[{"@type":"SearchAction","target":{"@type":"EntryPoint","urlTemplate":"https:\/\/aktivtuteliv.se\/vasteras\/?s={search_term_string}"},"query-input":"required name=search_term_string"}],"inLanguage":"sv-SE"},{"@type":"Organization","@id":"https:\/\/aktivtuteliv.se\/vasteras\/#organization","name":"Aktivt Uteliv Bj\u00f6rn\u00f6g\u00e5rden","url":"https:\/\/aktivtuteliv.se\/vasteras\/","logo":{"@type":"ImageObject","inLanguage":"sv-SE","@id":"https:\/\/aktivtuteliv.se\/vasteras\/#\/schema\/logo\/image\/","url":"https:\/\/e5gp8rwuod7.exactdn.com\/vasteras\/wp-content\/uploads\/sites\/4\/2025\/01\/AUB-pms.png?strip=all&lossy=1&ssl=1","contentUrl":"https:\/\/e5gp8rwuod7.exactdn.com\/vasteras\/wp-content\/uploads\/sites\/4\/2025\/01\/AUB-pms.png?strip=all&lossy=1&ssl=1","width":1894,"height":1165,"caption":"Aktivt Uteliv Bj\u00f6rn\u00f6g\u00e5rden"},"image":{"@id":"https:\/\/aktivtuteliv.se\/vasteras\/#\/schema\/logo\/image\/"},"sameAs":["https:\/\/www.facebook.com\/aktivtutelivbjornogarden","https:\/\/x.com\/aktivtuteliv","https:\/\/www.instagram.com\/aktivtuteliv_bjornogarden"]}]}},"_links":{"self":[{"href":"https:\/\/aktivtuteliv.se\/vasteras\/wp-json\/wp\/v2\/product\/75216","targetHints":{"allow":["GET"]}}],"collection":[{"href":"https:\/\/aktivtuteliv.se\/vasteras\/wp-json\/wp\/v2\/product"}],"about":[{"href":"https:\/\/aktivtuteliv.se\/vasteras\/wp-json\/wp\/v2\/types\/product"}],"wp:featuredmedia":[{"embeddable":true,"href":"https:\/\/aktivtuteliv.se\/vasteras\/wp-json\/wp\/v2\/media\/70096"}],"wp:attachment":[{"href":"https:\/\/aktivtuteliv.se\/vasteras\/wp-json\/wp\/v2\/media?parent=75216"}],"wp:term":[{"taxonomy":"product_cat","embeddable":true,"href":"https:\/\/aktivtuteliv.se\/vasteras\/wp-json\/wp\/v2\/product_cat?post=75216"},{"taxonomy":"product_tag","embeddable":true,"href":"https:\/\/aktivtuteliv.se\/vasteras\/wp-json\/wp\/v2\/product_tag?post=75216"},{"taxonomy":"er_categories","embeddable":true,"href":"https:\/\/aktivtuteliv.se\/vasteras\/wp-json\/wp\/v2\/er_categories?post=75216"},{"taxonomy":"er_brands","embeddable":true,"href":"https:\/\/aktivtuteliv.se\/vasteras\/wp-json\/wp\/v2\/er_brands?post=75216"},{"taxonomy":"er_seasons","embeddable":true,"href":"https:\/\/aktivtuteliv.se\/vasteras\/wp-json\/wp\/v2\/er_seasons?post=75216"}],"curies":[{"name":"wp","href":"https:\/\/api.w.org\/{rel}","templated":true}]}}