{"id":75279,"date":"2024-11-05T13:01:30","date_gmt":"2024-11-05T12:01:30","guid":{"rendered":"https:\/\/aktivtuteliv.se\/vasteras\/?post_type=product&#038;p=75279"},"modified":"2026-04-01T16:30:01","modified_gmt":"2026-04-01T14:30:01","slug":"twistboxes-gen3","status":"publish","type":"product","link":"https:\/\/aktivtuteliv.se\/vasteras\/produkt\/twistboxes-gen3\/","title":{"rendered":"Twistboxes Takbox 520L Gen3"},"content":{"rendered":"<p>En helt ny revolutionerande modell av takbox fr\u00e5n Sverigef\u00f6retaget &#8211; Twistboxes. De har tagit fram en ny era av takboxar, gl\u00f6m bort de gamla tunga och klumpiga takboxarna som bara \u00e4r iv\u00e4gen. Takboxen har en l\u00e5g vikt vilket hj\u00e4lper mot br\u00e4nslekostnaderna samt slitaget p\u00e5 bilen, f\u00f6r maximal effekt av en takbox.<\/p>\n<p>&nbsp;<\/p>\n<p><strong>Kan b\u00e4ras \u00f6ver axeln<\/strong><br \/>\nEfter anv\u00e4ndning kan den enkelt monteras ned fr\u00e5n taket, sedan rullar man ihop hela takboxen till en liten rulle som blir endast 80&#215;35 cm. Detta spar dig plats och erbjuder \u00e4ven stora m\u00f6jligheter f\u00f6r dig som inte har ett extra f\u00f6rr\u00e5d eller utrymme till att f\u00f6rvara en traditionell takbox.<\/p>\n<p>&nbsp;<\/p>\n<p><strong>Smarta f\u00f6rdelar<\/strong><\/p>\n<ul>\n<li>H\u00e5rd &amp; stabil bottenplatta<\/li>\n<li>Vikbara sidor med mjuk insida<\/li>\n<li>Vattent\u00e4ta dragkedjor<\/li>\n<li>Vattent\u00e4t och UV-resistant material<\/li>\n<li>H\u00f6rnram av st\u00e5l f\u00f6r extra skydd<\/li>\n<li>Kan rullas ihop<\/li>\n<li>Har l\u00e5g vikt<\/li>\n<li>Tar liten plats f\u00f6rvarad<\/li>\n<li>Pattenterad l\u00f6sning<\/li>\n<\/ul>\n<p>&nbsp;<\/p>\n<p><strong>Vilka takr\u00e4cken passar det?<\/strong><br \/>\nDen passar alla marknadens takr\u00e4cken. Montera med &#8221;snabbmontering&#8221;, rekommenderas med 4 T-bultar och 4 Twistbox-f\u00e4sten. Alternativt kan du anv\u00e4nda 4 U-kl\u00e4mmor med 8 Twistbox-f\u00e4sten, beroende p\u00e5 ditt takr\u00e4ckes design. Maximal bredd f\u00f6r st\u00e4ll utan T-skena \u00e4r 7 cm eftersom den medf\u00f6ljande U-kl\u00e4mman \u00e4r 8 cm bred.<\/p>\n<p>&nbsp;<\/p>\n<p><strong>Vilka v\u00e4der t\u00e5l boxen?<\/strong><br \/>\nDen har testats i extrema v\u00e4derf\u00f6rh\u00e5llanden, tungt sn\u00f6fall och temperaturer ned till -35\u00b0C. Takboxen \u00e4r helt vattent\u00e4t och \u00e4ven resistant mot solens UV-str\u00e5lar. Den \u00e4r \u00e4ven m\u00f6gelrestistant. Men, om det regnar kraftigt och ni skall f\u00e4rdas l\u00e5ngt, l\u00e4gg \u00f6mt\u00e5liga saker i vattent\u00e4ta p\u00e5sar d\u00e5 kondens kan uppst\u00e5. V\u00e4nligen notera att takboxen \u00e4r i svart f\u00e4rg och kan med \u00e5rens g\u00e5ng f\u00f6rlora f\u00e4rgpigment och blekna. Det \u00e4r inget som p\u00e5verkar effekten p\u00e5 sj\u00e4lva takboxen eller materialet.<\/p>\n<p>&nbsp;<\/p>\n<p><strong>Sparar energi och bensin<\/strong><br \/>\nDen \u00e4r b\u00e5de l\u00e4gre och har mindre luftmotst\u00e5nd vid f\u00e4rd, j\u00e4mf\u00f6rt med takluckor i samma storlek. Den har ca 25% l\u00e4gre luftmotst\u00e5nd j\u00e4mf\u00f6rt med en vanligt takbox. V\u00e4ger ca 50% mindre \u00e4n en vanlig box. L\u00e4gg \u00e4ven till h\u00e4r att denna takbox kan packas ihop och l\u00e4ggas in i bilen, om inget skall fraktas, vilket d\u00e5 erbjuder minimalt med luftmotst\u00e5nd j\u00e4mf\u00f6rt med en traditionell box.<\/p>\n<p>&nbsp;<\/p>\n<p><strong>\u00c4r den s\u00e4ker?<\/strong><br \/>\nDen \u00e4r v\u00e4ldigt s\u00e4ker, hela botten \u00e4r ett st\u00e5l-skelett som \u00e4ven str\u00e4cker sig mot fronten av takboxen. F\u00f6r att f\u00f6rhindra att dina packade saker flyger fram ut genom takboxen vid en kraftig inbromsning. Du kan utan problem \u00e4ven k\u00f6ra med takboxen utan n\u00e5gra saker inlagda, den \u00e4r vobblingsfri med eller utan packning.<\/p>\n<p>&nbsp;<\/p>\n<div id=\"read-more-text\">\n<article><strong>Teknisk data<\/strong><br \/>\n<strong>Volym:<\/strong>\u00a0520 L<br \/>\n<strong>L\u00e4ngd:<\/strong>\u00a0200 cm<br \/>\n<strong>Bredd:<\/strong>\u00a080 cm<br \/>\n<strong>H\u00f6jd:<\/strong>\u00a035 cm<br \/>\n<strong>Vikt:<\/strong>\u00a022 kg<br \/>\n<strong>M\u00e5tt nedpackad:<\/strong>\u00a080 x 35 cm<br \/>\n<strong>Material:<\/strong>\u00a01680D Oxford, vattent\u00e4t, m\u00f6gelfri och uv-resistant. Med st\u00e5lbotten.<br \/>\n<strong>Tillverkas:<\/strong> I Sverige, designad i Sverige.<br \/>\n<strong>Leveransomfattning:<\/strong>\u00a0Takbox, installationsmaterial U-bult \/ T-bult &amp; manual.<\/article>\n<\/div>\n<p>&nbsp;<\/p>\n","protected":false},"excerpt":{"rendered":"<h3><strong>Hyr, testa och k\u00f6p!<\/strong><\/h3>\n<p>Det h\u00e4r takboxen kan du hyra, testa och k\u00f6pa. Det inneb\u00e4r att du kan testa det under valfri hyresperiod och om du best\u00e4mmer dig f\u00f6r att k\u00f6pa en ny takbox av samma modell fr\u00e5n oss f\u00e5r dra av hyran fr\u00e5n priset.<\/p>\n","protected":false},"featured_media":72898,"template":"","meta":{"_acf_changed":false},"product_cat":[762,763],"product_tag":[],"er_categories":[],"er_brands":[],"er_seasons":[],"class_list":{"0":"post-75279","1":"product","2":"type-product","3":"status-publish","4":"has-post-thumbnail","6":"product_cat-friluftsliv","7":"product_cat-utrustning","8":"product_shipping_class-langa-produkter","9":"pa_marke-twistboxes","10":"pa_sasong-766","12":"first","13":"outofstock","14":"taxable","15":"shipping-taxable","16":"purchasable","17":"product-type-simple"},"acf":[],"yoast_head":"<!-- This site is optimized with the Yoast SEO plugin v23.0 - https:\/\/yoast.com\/wordpress\/plugins\/seo\/ -->\n<title>Twistboxes Takbox 520L Gen3 - V\u00e4ster\u00e5s<\/title>\n<meta name=\"robots\" content=\"index, follow, max-snippet:-1, max-image-preview:large, max-video-preview:-1\" \/>\n<link rel=\"canonical\" href=\"https:\/\/aktivtuteliv.se\/vasteras\/produkt\/twistboxes-gen3\/\" \/>\n<meta property=\"og:locale\" content=\"sv_SE\" \/>\n<meta property=\"og:type\" content=\"article\" \/>\n<meta property=\"og:title\" content=\"Twistboxes Takbox 520L Gen3 - V\u00e4ster\u00e5s\" \/>\n<meta property=\"og:description\" content=\"Hyr, testa och k\u00f6p! Det h\u00e4r takboxen kan du hyra, testa och k\u00f6pa. Det inneb\u00e4r att du kan testa det under valfri hyresperiod och om du best\u00e4mmer dig f\u00f6r att k\u00f6pa en ny takbox av samma modell fr\u00e5n oss f\u00e5r dra av hyran fr\u00e5n priset.\" \/>\n<meta property=\"og:url\" content=\"https:\/\/aktivtuteliv.se\/vasteras\/produkt\/twistboxes-gen3\/\" \/>\n<meta property=\"og:site_name\" content=\"V\u00e4ster\u00e5s\" \/>\n<meta property=\"article:publisher\" content=\"https:\/\/www.facebook.com\/aktivtutelivbjornogarden\" \/>\n<meta property=\"article:modified_time\" content=\"2026-04-01T14:30:01+00:00\" \/>\n<meta property=\"og:image\" content=\"https:\/\/aktivtuteliv.se\/vasteras\/wp-content\/uploads\/sites\/4\/2024\/08\/Bild1.jpg\" \/>\n\t<meta property=\"og:image:width\" content=\"1400\" \/>\n\t<meta property=\"og:image:height\" content=\"1400\" \/>\n\t<meta property=\"og:image:type\" content=\"image\/jpeg\" \/>\n<meta name=\"twitter:card\" content=\"summary_large_image\" \/>\n<meta name=\"twitter:site\" content=\"@aktivtuteliv\" \/>\n<meta name=\"twitter:label1\" content=\"Ber\u00e4knad l\u00e4stid\" \/>\n\t<meta name=\"twitter:data1\" content=\"3 minuter\" \/>\n<script type=\"application\/ld+json\" class=\"yoast-schema-graph\">{\"@context\":\"https:\/\/schema.org\",\"@graph\":[{\"@type\":\"WebPage\",\"@id\":\"https:\/\/aktivtuteliv.se\/vasteras\/produkt\/twistboxes-gen3\/\",\"url\":\"https:\/\/aktivtuteliv.se\/vasteras\/produkt\/twistboxes-gen3\/\",\"name\":\"Twistboxes Takbox 520L Gen3 - V\u00e4ster\u00e5s\",\"isPartOf\":{\"@id\":\"https:\/\/aktivtuteliv.se\/vasteras\/#website\"},\"primaryImageOfPage\":{\"@id\":\"https:\/\/aktivtuteliv.se\/vasteras\/produkt\/twistboxes-gen3\/#primaryimage\"},\"image\":{\"@id\":\"https:\/\/aktivtuteliv.se\/vasteras\/produkt\/twistboxes-gen3\/#primaryimage\"},\"thumbnailUrl\":\"https:\/\/e5gp8rwuod7.exactdn.com\/vasteras\/wp-content\/uploads\/sites\/4\/2024\/08\/Bild1.jpg?strip=all&lossy=1&ssl=1\",\"datePublished\":\"2024-11-05T12:01:30+00:00\",\"dateModified\":\"2026-04-01T14:30:01+00:00\",\"breadcrumb\":{\"@id\":\"https:\/\/aktivtuteliv.se\/vasteras\/produkt\/twistboxes-gen3\/#breadcrumb\"},\"inLanguage\":\"sv-SE\",\"potentialAction\":[{\"@type\":\"ReadAction\",\"target\":[\"https:\/\/aktivtuteliv.se\/vasteras\/produkt\/twistboxes-gen3\/\"]}]},{\"@type\":\"ImageObject\",\"inLanguage\":\"sv-SE\",\"@id\":\"https:\/\/aktivtuteliv.se\/vasteras\/produkt\/twistboxes-gen3\/#primaryimage\",\"url\":\"https:\/\/e5gp8rwuod7.exactdn.com\/vasteras\/wp-content\/uploads\/sites\/4\/2024\/08\/Bild1.jpg?strip=all&lossy=1&ssl=1\",\"contentUrl\":\"https:\/\/e5gp8rwuod7.exactdn.com\/vasteras\/wp-content\/uploads\/sites\/4\/2024\/08\/Bild1.jpg?strip=all&lossy=1&ssl=1\",\"width\":1400,\"height\":1400},{\"@type\":\"BreadcrumbList\",\"@id\":\"https:\/\/aktivtuteliv.se\/vasteras\/produkt\/twistboxes-gen3\/#breadcrumb\",\"itemListElement\":[{\"@type\":\"ListItem\",\"position\":1,\"name\":\"Home\",\"item\":\"https:\/\/aktivtuteliv.se\/vasteras\/startsida-vinter\/\"},{\"@type\":\"ListItem\",\"position\":2,\"name\":\"Webbutik\",\"item\":\"https:\/\/aktivtuteliv.se\/vasteras\/butik\/\"},{\"@type\":\"ListItem\",\"position\":3,\"name\":\"Twistboxes Takbox 520L Gen3\"}]},{\"@type\":\"WebSite\",\"@id\":\"https:\/\/aktivtuteliv.se\/vasteras\/#website\",\"url\":\"https:\/\/aktivtuteliv.se\/vasteras\/\",\"name\":\"Aktivt Uteliv Bj\u00f6rn\u00f6g\u00e5rden\",\"description\":\"Ett friluftscenter i V\u00e4ster\u00e5s\",\"publisher\":{\"@id\":\"https:\/\/aktivtuteliv.se\/vasteras\/#organization\"},\"potentialAction\":[{\"@type\":\"SearchAction\",\"target\":{\"@type\":\"EntryPoint\",\"urlTemplate\":\"https:\/\/aktivtuteliv.se\/vasteras\/?s={search_term_string}\"},\"query-input\":\"required name=search_term_string\"}],\"inLanguage\":\"sv-SE\"},{\"@type\":\"Organization\",\"@id\":\"https:\/\/aktivtuteliv.se\/vasteras\/#organization\",\"name\":\"Aktivt Uteliv Bj\u00f6rn\u00f6g\u00e5rden\",\"url\":\"https:\/\/aktivtuteliv.se\/vasteras\/\",\"logo\":{\"@type\":\"ImageObject\",\"inLanguage\":\"sv-SE\",\"@id\":\"https:\/\/aktivtuteliv.se\/vasteras\/#\/schema\/logo\/image\/\",\"url\":\"https:\/\/e5gp8rwuod7.exactdn.com\/vasteras\/wp-content\/uploads\/sites\/4\/2025\/01\/AUB-pms.png?strip=all&lossy=1&ssl=1\",\"contentUrl\":\"https:\/\/e5gp8rwuod7.exactdn.com\/vasteras\/wp-content\/uploads\/sites\/4\/2025\/01\/AUB-pms.png?strip=all&lossy=1&ssl=1\",\"width\":1894,\"height\":1165,\"caption\":\"Aktivt Uteliv Bj\u00f6rn\u00f6g\u00e5rden\"},\"image\":{\"@id\":\"https:\/\/aktivtuteliv.se\/vasteras\/#\/schema\/logo\/image\/\"},\"sameAs\":[\"https:\/\/www.facebook.com\/aktivtutelivbjornogarden\",\"https:\/\/x.com\/aktivtuteliv\",\"https:\/\/www.instagram.com\/aktivtuteliv_bjornogarden\"]}]}<\/script>\n<!-- \/ Yoast SEO plugin. -->","yoast_head_json":{"title":"Twistboxes Takbox 520L Gen3 - V\u00e4ster\u00e5s","robots":{"index":"index","follow":"follow","max-snippet":"max-snippet:-1","max-image-preview":"max-image-preview:large","max-video-preview":"max-video-preview:-1"},"canonical":"https:\/\/aktivtuteliv.se\/vasteras\/produkt\/twistboxes-gen3\/","og_locale":"sv_SE","og_type":"article","og_title":"Twistboxes Takbox 520L Gen3 - V\u00e4ster\u00e5s","og_description":"Hyr, testa och k\u00f6p! Det h\u00e4r takboxen kan du hyra, testa och k\u00f6pa. Det inneb\u00e4r att du kan testa det under valfri hyresperiod och om du best\u00e4mmer dig f\u00f6r att k\u00f6pa en ny takbox av samma modell fr\u00e5n oss f\u00e5r dra av hyran fr\u00e5n priset.","og_url":"https:\/\/aktivtuteliv.se\/vasteras\/produkt\/twistboxes-gen3\/","og_site_name":"V\u00e4ster\u00e5s","article_publisher":"https:\/\/www.facebook.com\/aktivtutelivbjornogarden","article_modified_time":"2026-04-01T14:30:01+00:00","og_image":[{"width":1400,"height":1400,"url":"https:\/\/aktivtuteliv.se\/vasteras\/wp-content\/uploads\/sites\/4\/2024\/08\/Bild1.jpg","type":"image\/jpeg"}],"twitter_card":"summary_large_image","twitter_site":"@aktivtuteliv","twitter_misc":{"Ber\u00e4knad l\u00e4stid":"3 minuter"},"schema":{"@context":"https:\/\/schema.org","@graph":[{"@type":"WebPage","@id":"https:\/\/aktivtuteliv.se\/vasteras\/produkt\/twistboxes-gen3\/","url":"https:\/\/aktivtuteliv.se\/vasteras\/produkt\/twistboxes-gen3\/","name":"Twistboxes Takbox 520L Gen3 - V\u00e4ster\u00e5s","isPartOf":{"@id":"https:\/\/aktivtuteliv.se\/vasteras\/#website"},"primaryImageOfPage":{"@id":"https:\/\/aktivtuteliv.se\/vasteras\/produkt\/twistboxes-gen3\/#primaryimage"},"image":{"@id":"https:\/\/aktivtuteliv.se\/vasteras\/produkt\/twistboxes-gen3\/#primaryimage"},"thumbnailUrl":"https:\/\/e5gp8rwuod7.exactdn.com\/vasteras\/wp-content\/uploads\/sites\/4\/2024\/08\/Bild1.jpg?strip=all&lossy=1&ssl=1","datePublished":"2024-11-05T12:01:30+00:00","dateModified":"2026-04-01T14:30:01+00:00","breadcrumb":{"@id":"https:\/\/aktivtuteliv.se\/vasteras\/produkt\/twistboxes-gen3\/#breadcrumb"},"inLanguage":"sv-SE","potentialAction":[{"@type":"ReadAction","target":["https:\/\/aktivtuteliv.se\/vasteras\/produkt\/twistboxes-gen3\/"]}]},{"@type":"ImageObject","inLanguage":"sv-SE","@id":"https:\/\/aktivtuteliv.se\/vasteras\/produkt\/twistboxes-gen3\/#primaryimage","url":"https:\/\/e5gp8rwuod7.exactdn.com\/vasteras\/wp-content\/uploads\/sites\/4\/2024\/08\/Bild1.jpg?strip=all&lossy=1&ssl=1","contentUrl":"https:\/\/e5gp8rwuod7.exactdn.com\/vasteras\/wp-content\/uploads\/sites\/4\/2024\/08\/Bild1.jpg?strip=all&lossy=1&ssl=1","width":1400,"height":1400},{"@type":"BreadcrumbList","@id":"https:\/\/aktivtuteliv.se\/vasteras\/produkt\/twistboxes-gen3\/#breadcrumb","itemListElement":[{"@type":"ListItem","position":1,"name":"Home","item":"https:\/\/aktivtuteliv.se\/vasteras\/startsida-vinter\/"},{"@type":"ListItem","position":2,"name":"Webbutik","item":"https:\/\/aktivtuteliv.se\/vasteras\/butik\/"},{"@type":"ListItem","position":3,"name":"Twistboxes Takbox 520L Gen3"}]},{"@type":"WebSite","@id":"https:\/\/aktivtuteliv.se\/vasteras\/#website","url":"https:\/\/aktivtuteliv.se\/vasteras\/","name":"Aktivt Uteliv Bj\u00f6rn\u00f6g\u00e5rden","description":"Ett friluftscenter i V\u00e4ster\u00e5s","publisher":{"@id":"https:\/\/aktivtuteliv.se\/vasteras\/#organization"},"potentialAction":[{"@type":"SearchAction","target":{"@type":"EntryPoint","urlTemplate":"https:\/\/aktivtuteliv.se\/vasteras\/?s={search_term_string}"},"query-input":"required name=search_term_string"}],"inLanguage":"sv-SE"},{"@type":"Organization","@id":"https:\/\/aktivtuteliv.se\/vasteras\/#organization","name":"Aktivt Uteliv Bj\u00f6rn\u00f6g\u00e5rden","url":"https:\/\/aktivtuteliv.se\/vasteras\/","logo":{"@type":"ImageObject","inLanguage":"sv-SE","@id":"https:\/\/aktivtuteliv.se\/vasteras\/#\/schema\/logo\/image\/","url":"https:\/\/e5gp8rwuod7.exactdn.com\/vasteras\/wp-content\/uploads\/sites\/4\/2025\/01\/AUB-pms.png?strip=all&lossy=1&ssl=1","contentUrl":"https:\/\/e5gp8rwuod7.exactdn.com\/vasteras\/wp-content\/uploads\/sites\/4\/2025\/01\/AUB-pms.png?strip=all&lossy=1&ssl=1","width":1894,"height":1165,"caption":"Aktivt Uteliv Bj\u00f6rn\u00f6g\u00e5rden"},"image":{"@id":"https:\/\/aktivtuteliv.se\/vasteras\/#\/schema\/logo\/image\/"},"sameAs":["https:\/\/www.facebook.com\/aktivtutelivbjornogarden","https:\/\/x.com\/aktivtuteliv","https:\/\/www.instagram.com\/aktivtuteliv_bjornogarden"]}]}},"_links":{"self":[{"href":"https:\/\/aktivtuteliv.se\/vasteras\/wp-json\/wp\/v2\/product\/75279","targetHints":{"allow":["GET"]}}],"collection":[{"href":"https:\/\/aktivtuteliv.se\/vasteras\/wp-json\/wp\/v2\/product"}],"about":[{"href":"https:\/\/aktivtuteliv.se\/vasteras\/wp-json\/wp\/v2\/types\/product"}],"wp:featuredmedia":[{"embeddable":true,"href":"https:\/\/aktivtuteliv.se\/vasteras\/wp-json\/wp\/v2\/media\/72898"}],"wp:attachment":[{"href":"https:\/\/aktivtuteliv.se\/vasteras\/wp-json\/wp\/v2\/media?parent=75279"}],"wp:term":[{"taxonomy":"product_cat","embeddable":true,"href":"https:\/\/aktivtuteliv.se\/vasteras\/wp-json\/wp\/v2\/product_cat?post=75279"},{"taxonomy":"product_tag","embeddable":true,"href":"https:\/\/aktivtuteliv.se\/vasteras\/wp-json\/wp\/v2\/product_tag?post=75279"},{"taxonomy":"er_categories","embeddable":true,"href":"https:\/\/aktivtuteliv.se\/vasteras\/wp-json\/wp\/v2\/er_categories?post=75279"},{"taxonomy":"er_brands","embeddable":true,"href":"https:\/\/aktivtuteliv.se\/vasteras\/wp-json\/wp\/v2\/er_brands?post=75279"},{"taxonomy":"er_seasons","embeddable":true,"href":"https:\/\/aktivtuteliv.se\/vasteras\/wp-json\/wp\/v2\/er_seasons?post=75279"}],"curies":[{"name":"wp","href":"https:\/\/api.w.org\/{rel}","templated":true}]}}