{"id":78595,"date":"2025-05-08T15:30:54","date_gmt":"2025-05-08T13:30:54","guid":{"rendered":"https:\/\/aktivtuteliv.se\/vasteras\/?post_type=product&#038;p=78595"},"modified":"2025-10-18T06:42:48","modified_gmt":"2025-10-18T04:42:48","slug":"silva-strive-fly-vest","status":"publish","type":"product","link":"https:\/\/aktivtuteliv.se\/vasteras\/produkt\/silva-strive-fly-vest\/","title":{"rendered":"Silva Strive Fly Vest"},"content":{"rendered":"<p>Strive Fly \u00e4r Silvas senaste innovation inom l\u00f6parv\u00e4star, designad f\u00f6r att h\u00f6ja l\u00f6pupplevelsen.\u00a0V\u00e4sten har en avskalad design och en vikt p\u00e5 endast 113 gram i storlek XS, \u00e4r tillverkad av mjuk ripstop-nylon och tunn och stretchig mesh som andas, flera smarta fickor och f\u00e4stremmar f\u00f6r l\u00f6parstavar.<\/p>\n<p>Strive Fly rymmer allt\u00a0som beh\u00f6vs\u00a0f\u00f6r snabba tr\u00e4ningspass och lopp. P\u00e5 framsidan har v\u00e4sten tv\u00e5 fickor f\u00f6r flaskor med justerbara remmar som h\u00e5ller flaskor och sugr\u00f6r p\u00e5 plats. Sidfickorna har dubbla \u00f6ppningar (fram och i sidan) f\u00f6r snabb \u00e5tkomst till gel, bars\u00a0och handskar. Den l\u00e4ttillg\u00e4ngliga meshfickan bak \u00e4r rymlig och fickan med dragkedja \u00e4r perfekt\u00a0f\u00f6r\u00a0telefon. V\u00e4sten har \u00e4ven f\u00e4ste f\u00f6r l\u00f6parstavar och Strive Quiver, reflexdetaljer och en visselpipa f\u00f6r n\u00f6dsituationer.<\/p>\n<p>De fyra flyttbara och justerbara f\u00e4stremmarna h\u00e5ller stavarna p\u00e5 plats. Strive Fly \u00e4r kompatibel med stavfodralet Strive Quiver\u00a0f\u00f6r att packa\u00a0stavarna vertikalt, horisontellt eller korslagda.<\/p>\n<p><strong>Specifikation<\/strong><br \/>\n&#8211;\u00a0Superslimmad design med minimal vikt<br \/>\n&#8211; 2 fickor f\u00f6r flaskor<br \/>\n&#8211; 2 sidfickor med dubbla \u00f6ppningar f\u00f6r gels, bars eller handskar<br \/>\n&#8211; 1 stor l\u00e4ttillg\u00e4nglig ficka i meshtyg bak<br \/>\n&#8211; 1 stor ficka med dragkedja och nyckelkrok<br \/>\n&#8211; 2 flyttbara och justerbara remmar som h\u00e5ller flaskorna p\u00e5 plats<br \/>\n&#8211; Remmar som h\u00e5ller flaskornas sugr\u00f6r p\u00e5 plats<br \/>\n&#8211; 4 extra remmar, flyttbara och justerbara, f\u00f6r l\u00f6parstavar<br \/>\n&#8211; 2 justerbara br\u00f6stremmar<br \/>\n&#8211; F\u00e4ste f\u00f6r Silva Quiver<br \/>\n&#8211; Visselpipa f\u00f6r n\u00f6dsituationer medf\u00f6ljer<br \/>\n&#8211; Reflexytor f\u00f6r synlighet i m\u00f6rker<br \/>\n&#8211; Material: mjukt och l\u00e4tt ripstop-material och ventilerande mesh<br \/>\n&#8211; Tv\u00e4ttbar (handtv\u00e4tt)<br \/>\n&#8211; Vikt: XS 113 g, S 122 g, M 129 g, L 137 g<\/p>\n","protected":false},"excerpt":{"rendered":"<p>Slimmad, l\u00e4tt, svart l\u00f6parv\u00e4st med smarta fickor och f\u00e4ste f\u00f6r l\u00f6parstavar \u2013 optimal f\u00f6r snabba l\u00f6ppass och lopp.<\/p>\n","protected":false},"featured_media":78690,"template":"","meta":{"_acf_changed":false},"product_cat":[762,850],"product_tag":[],"er_categories":[],"er_brands":[],"er_seasons":[],"class_list":{"0":"post-78595","1":"product","2":"type-product","3":"status-publish","4":"has-post-thumbnail","6":"product_cat-friluftsliv","7":"product_cat-ovrigt","8":"product_shipping_class-normal","9":"pa_marke-silva","10":"pa_sasong-1279","12":"first","13":"instock","14":"taxable","15":"shipping-taxable","16":"purchasable","17":"product-type-variable","18":"has-default-attributes"},"acf":[],"yoast_head":"<!-- This site is optimized with the Yoast SEO plugin v23.0 - https:\/\/yoast.com\/wordpress\/plugins\/seo\/ -->\n<title>Silva Strive Fly Vest - V\u00e4ster\u00e5s<\/title>\n<meta name=\"robots\" content=\"index, follow, max-snippet:-1, max-image-preview:large, max-video-preview:-1\" \/>\n<link rel=\"canonical\" href=\"https:\/\/aktivtuteliv.se\/vasteras\/produkt\/silva-strive-fly-vest\/\" \/>\n<meta property=\"og:locale\" content=\"sv_SE\" \/>\n<meta property=\"og:type\" content=\"article\" \/>\n<meta property=\"og:title\" content=\"Silva Strive Fly Vest - V\u00e4ster\u00e5s\" \/>\n<meta property=\"og:description\" content=\"Slimmad, l\u00e4tt, svart l\u00f6parv\u00e4st med smarta fickor och f\u00e4ste f\u00f6r l\u00f6parstavar \u2013 optimal f\u00f6r snabba l\u00f6ppass och lopp.\" \/>\n<meta property=\"og:url\" content=\"https:\/\/aktivtuteliv.se\/vasteras\/produkt\/silva-strive-fly-vest\/\" \/>\n<meta property=\"og:site_name\" content=\"V\u00e4ster\u00e5s\" \/>\n<meta property=\"article:publisher\" content=\"https:\/\/www.facebook.com\/aktivtutelivbjornogarden\" \/>\n<meta property=\"article:modified_time\" content=\"2025-10-18T04:42:48+00:00\" \/>\n<meta property=\"og:image\" content=\"https:\/\/aktivtuteliv.se\/vasteras\/wp-content\/uploads\/sites\/4\/2025\/05\/SIV-38368-Strive-Fly-Vest-black.png\" \/>\n\t<meta property=\"og:image:width\" content=\"2400\" \/>\n\t<meta property=\"og:image:height\" content=\"2400\" \/>\n\t<meta property=\"og:image:type\" content=\"image\/png\" \/>\n<meta name=\"twitter:card\" content=\"summary_large_image\" \/>\n<meta name=\"twitter:site\" content=\"@aktivtuteliv\" \/>\n<meta name=\"twitter:label1\" content=\"Ber\u00e4knad l\u00e4stid\" \/>\n\t<meta name=\"twitter:data1\" content=\"2 minuter\" \/>\n<script type=\"application\/ld+json\" class=\"yoast-schema-graph\">{\"@context\":\"https:\/\/schema.org\",\"@graph\":[{\"@type\":\"WebPage\",\"@id\":\"https:\/\/aktivtuteliv.se\/vasteras\/produkt\/silva-strive-fly-vest\/\",\"url\":\"https:\/\/aktivtuteliv.se\/vasteras\/produkt\/silva-strive-fly-vest\/\",\"name\":\"Silva Strive Fly Vest - V\u00e4ster\u00e5s\",\"isPartOf\":{\"@id\":\"https:\/\/aktivtuteliv.se\/vasteras\/#website\"},\"primaryImageOfPage\":{\"@id\":\"https:\/\/aktivtuteliv.se\/vasteras\/produkt\/silva-strive-fly-vest\/#primaryimage\"},\"image\":{\"@id\":\"https:\/\/aktivtuteliv.se\/vasteras\/produkt\/silva-strive-fly-vest\/#primaryimage\"},\"thumbnailUrl\":\"https:\/\/e5gp8rwuod7.exactdn.com\/vasteras\/wp-content\/uploads\/sites\/4\/2025\/05\/SIV-38368-Strive-Fly-Vest-black.png?strip=all&lossy=1&ssl=1\",\"datePublished\":\"2025-05-08T13:30:54+00:00\",\"dateModified\":\"2025-10-18T04:42:48+00:00\",\"breadcrumb\":{\"@id\":\"https:\/\/aktivtuteliv.se\/vasteras\/produkt\/silva-strive-fly-vest\/#breadcrumb\"},\"inLanguage\":\"sv-SE\",\"potentialAction\":[{\"@type\":\"ReadAction\",\"target\":[\"https:\/\/aktivtuteliv.se\/vasteras\/produkt\/silva-strive-fly-vest\/\"]}]},{\"@type\":\"ImageObject\",\"inLanguage\":\"sv-SE\",\"@id\":\"https:\/\/aktivtuteliv.se\/vasteras\/produkt\/silva-strive-fly-vest\/#primaryimage\",\"url\":\"https:\/\/e5gp8rwuod7.exactdn.com\/vasteras\/wp-content\/uploads\/sites\/4\/2025\/05\/SIV-38368-Strive-Fly-Vest-black.png?strip=all&lossy=1&ssl=1\",\"contentUrl\":\"https:\/\/e5gp8rwuod7.exactdn.com\/vasteras\/wp-content\/uploads\/sites\/4\/2025\/05\/SIV-38368-Strive-Fly-Vest-black.png?strip=all&lossy=1&ssl=1\",\"width\":2400,\"height\":2400},{\"@type\":\"BreadcrumbList\",\"@id\":\"https:\/\/aktivtuteliv.se\/vasteras\/produkt\/silva-strive-fly-vest\/#breadcrumb\",\"itemListElement\":[{\"@type\":\"ListItem\",\"position\":1,\"name\":\"Home\",\"item\":\"https:\/\/aktivtuteliv.se\/vasteras\/\"},{\"@type\":\"ListItem\",\"position\":2,\"name\":\"Webbutik\",\"item\":\"https:\/\/aktivtuteliv.se\/vasteras\/butik\/\"},{\"@type\":\"ListItem\",\"position\":3,\"name\":\"Silva Strive Fly Vest\"}]},{\"@type\":\"WebSite\",\"@id\":\"https:\/\/aktivtuteliv.se\/vasteras\/#website\",\"url\":\"https:\/\/aktivtuteliv.se\/vasteras\/\",\"name\":\"Aktivt Uteliv Bj\u00f6rn\u00f6g\u00e5rden\",\"description\":\"Ett friluftscenter i V\u00e4ster\u00e5s\",\"publisher\":{\"@id\":\"https:\/\/aktivtuteliv.se\/vasteras\/#organization\"},\"potentialAction\":[{\"@type\":\"SearchAction\",\"target\":{\"@type\":\"EntryPoint\",\"urlTemplate\":\"https:\/\/aktivtuteliv.se\/vasteras\/?s={search_term_string}\"},\"query-input\":\"required name=search_term_string\"}],\"inLanguage\":\"sv-SE\"},{\"@type\":\"Organization\",\"@id\":\"https:\/\/aktivtuteliv.se\/vasteras\/#organization\",\"name\":\"Aktivt Uteliv Bj\u00f6rn\u00f6g\u00e5rden\",\"url\":\"https:\/\/aktivtuteliv.se\/vasteras\/\",\"logo\":{\"@type\":\"ImageObject\",\"inLanguage\":\"sv-SE\",\"@id\":\"https:\/\/aktivtuteliv.se\/vasteras\/#\/schema\/logo\/image\/\",\"url\":\"https:\/\/e5gp8rwuod7.exactdn.com\/vasteras\/wp-content\/uploads\/sites\/4\/2025\/01\/AUB-pms.png?strip=all&lossy=1&ssl=1\",\"contentUrl\":\"https:\/\/e5gp8rwuod7.exactdn.com\/vasteras\/wp-content\/uploads\/sites\/4\/2025\/01\/AUB-pms.png?strip=all&lossy=1&ssl=1\",\"width\":1894,\"height\":1165,\"caption\":\"Aktivt Uteliv Bj\u00f6rn\u00f6g\u00e5rden\"},\"image\":{\"@id\":\"https:\/\/aktivtuteliv.se\/vasteras\/#\/schema\/logo\/image\/\"},\"sameAs\":[\"https:\/\/www.facebook.com\/aktivtutelivbjornogarden\",\"https:\/\/x.com\/aktivtuteliv\",\"https:\/\/www.instagram.com\/aktivtuteliv_bjornogarden\"]}]}<\/script>\n<!-- \/ Yoast SEO plugin. -->","yoast_head_json":{"title":"Silva Strive Fly Vest - V\u00e4ster\u00e5s","robots":{"index":"index","follow":"follow","max-snippet":"max-snippet:-1","max-image-preview":"max-image-preview:large","max-video-preview":"max-video-preview:-1"},"canonical":"https:\/\/aktivtuteliv.se\/vasteras\/produkt\/silva-strive-fly-vest\/","og_locale":"sv_SE","og_type":"article","og_title":"Silva Strive Fly Vest - V\u00e4ster\u00e5s","og_description":"Slimmad, l\u00e4tt, svart l\u00f6parv\u00e4st med smarta fickor och f\u00e4ste f\u00f6r l\u00f6parstavar \u2013 optimal f\u00f6r snabba l\u00f6ppass och lopp.","og_url":"https:\/\/aktivtuteliv.se\/vasteras\/produkt\/silva-strive-fly-vest\/","og_site_name":"V\u00e4ster\u00e5s","article_publisher":"https:\/\/www.facebook.com\/aktivtutelivbjornogarden","article_modified_time":"2025-10-18T04:42:48+00:00","og_image":[{"width":2400,"height":2400,"url":"https:\/\/aktivtuteliv.se\/vasteras\/wp-content\/uploads\/sites\/4\/2025\/05\/SIV-38368-Strive-Fly-Vest-black.png","type":"image\/png"}],"twitter_card":"summary_large_image","twitter_site":"@aktivtuteliv","twitter_misc":{"Ber\u00e4knad l\u00e4stid":"2 minuter"},"schema":{"@context":"https:\/\/schema.org","@graph":[{"@type":"WebPage","@id":"https:\/\/aktivtuteliv.se\/vasteras\/produkt\/silva-strive-fly-vest\/","url":"https:\/\/aktivtuteliv.se\/vasteras\/produkt\/silva-strive-fly-vest\/","name":"Silva Strive Fly Vest - V\u00e4ster\u00e5s","isPartOf":{"@id":"https:\/\/aktivtuteliv.se\/vasteras\/#website"},"primaryImageOfPage":{"@id":"https:\/\/aktivtuteliv.se\/vasteras\/produkt\/silva-strive-fly-vest\/#primaryimage"},"image":{"@id":"https:\/\/aktivtuteliv.se\/vasteras\/produkt\/silva-strive-fly-vest\/#primaryimage"},"thumbnailUrl":"https:\/\/e5gp8rwuod7.exactdn.com\/vasteras\/wp-content\/uploads\/sites\/4\/2025\/05\/SIV-38368-Strive-Fly-Vest-black.png?strip=all&lossy=1&ssl=1","datePublished":"2025-05-08T13:30:54+00:00","dateModified":"2025-10-18T04:42:48+00:00","breadcrumb":{"@id":"https:\/\/aktivtuteliv.se\/vasteras\/produkt\/silva-strive-fly-vest\/#breadcrumb"},"inLanguage":"sv-SE","potentialAction":[{"@type":"ReadAction","target":["https:\/\/aktivtuteliv.se\/vasteras\/produkt\/silva-strive-fly-vest\/"]}]},{"@type":"ImageObject","inLanguage":"sv-SE","@id":"https:\/\/aktivtuteliv.se\/vasteras\/produkt\/silva-strive-fly-vest\/#primaryimage","url":"https:\/\/e5gp8rwuod7.exactdn.com\/vasteras\/wp-content\/uploads\/sites\/4\/2025\/05\/SIV-38368-Strive-Fly-Vest-black.png?strip=all&lossy=1&ssl=1","contentUrl":"https:\/\/e5gp8rwuod7.exactdn.com\/vasteras\/wp-content\/uploads\/sites\/4\/2025\/05\/SIV-38368-Strive-Fly-Vest-black.png?strip=all&lossy=1&ssl=1","width":2400,"height":2400},{"@type":"BreadcrumbList","@id":"https:\/\/aktivtuteliv.se\/vasteras\/produkt\/silva-strive-fly-vest\/#breadcrumb","itemListElement":[{"@type":"ListItem","position":1,"name":"Home","item":"https:\/\/aktivtuteliv.se\/vasteras\/"},{"@type":"ListItem","position":2,"name":"Webbutik","item":"https:\/\/aktivtuteliv.se\/vasteras\/butik\/"},{"@type":"ListItem","position":3,"name":"Silva Strive Fly Vest"}]},{"@type":"WebSite","@id":"https:\/\/aktivtuteliv.se\/vasteras\/#website","url":"https:\/\/aktivtuteliv.se\/vasteras\/","name":"Aktivt Uteliv Bj\u00f6rn\u00f6g\u00e5rden","description":"Ett friluftscenter i V\u00e4ster\u00e5s","publisher":{"@id":"https:\/\/aktivtuteliv.se\/vasteras\/#organization"},"potentialAction":[{"@type":"SearchAction","target":{"@type":"EntryPoint","urlTemplate":"https:\/\/aktivtuteliv.se\/vasteras\/?s={search_term_string}"},"query-input":"required name=search_term_string"}],"inLanguage":"sv-SE"},{"@type":"Organization","@id":"https:\/\/aktivtuteliv.se\/vasteras\/#organization","name":"Aktivt Uteliv Bj\u00f6rn\u00f6g\u00e5rden","url":"https:\/\/aktivtuteliv.se\/vasteras\/","logo":{"@type":"ImageObject","inLanguage":"sv-SE","@id":"https:\/\/aktivtuteliv.se\/vasteras\/#\/schema\/logo\/image\/","url":"https:\/\/e5gp8rwuod7.exactdn.com\/vasteras\/wp-content\/uploads\/sites\/4\/2025\/01\/AUB-pms.png?strip=all&lossy=1&ssl=1","contentUrl":"https:\/\/e5gp8rwuod7.exactdn.com\/vasteras\/wp-content\/uploads\/sites\/4\/2025\/01\/AUB-pms.png?strip=all&lossy=1&ssl=1","width":1894,"height":1165,"caption":"Aktivt Uteliv Bj\u00f6rn\u00f6g\u00e5rden"},"image":{"@id":"https:\/\/aktivtuteliv.se\/vasteras\/#\/schema\/logo\/image\/"},"sameAs":["https:\/\/www.facebook.com\/aktivtutelivbjornogarden","https:\/\/x.com\/aktivtuteliv","https:\/\/www.instagram.com\/aktivtuteliv_bjornogarden"]}]}},"_links":{"self":[{"href":"https:\/\/aktivtuteliv.se\/vasteras\/wp-json\/wp\/v2\/product\/78595","targetHints":{"allow":["GET"]}}],"collection":[{"href":"https:\/\/aktivtuteliv.se\/vasteras\/wp-json\/wp\/v2\/product"}],"about":[{"href":"https:\/\/aktivtuteliv.se\/vasteras\/wp-json\/wp\/v2\/types\/product"}],"wp:featuredmedia":[{"embeddable":true,"href":"https:\/\/aktivtuteliv.se\/vasteras\/wp-json\/wp\/v2\/media\/78690"}],"wp:attachment":[{"href":"https:\/\/aktivtuteliv.se\/vasteras\/wp-json\/wp\/v2\/media?parent=78595"}],"wp:term":[{"taxonomy":"product_cat","embeddable":true,"href":"https:\/\/aktivtuteliv.se\/vasteras\/wp-json\/wp\/v2\/product_cat?post=78595"},{"taxonomy":"product_tag","embeddable":true,"href":"https:\/\/aktivtuteliv.se\/vasteras\/wp-json\/wp\/v2\/product_tag?post=78595"},{"taxonomy":"er_categories","embeddable":true,"href":"https:\/\/aktivtuteliv.se\/vasteras\/wp-json\/wp\/v2\/er_categories?post=78595"},{"taxonomy":"er_brands","embeddable":true,"href":"https:\/\/aktivtuteliv.se\/vasteras\/wp-json\/wp\/v2\/er_brands?post=78595"},{"taxonomy":"er_seasons","embeddable":true,"href":"https:\/\/aktivtuteliv.se\/vasteras\/wp-json\/wp\/v2\/er_seasons?post=78595"}],"curies":[{"name":"wp","href":"https:\/\/api.w.org\/{rel}","templated":true}]}}