{"id":81218,"date":"2025-09-23T13:29:19","date_gmt":"2025-09-23T11:29:19","guid":{"rendered":"https:\/\/aktivtuteliv.se\/vasteras\/?post_type=product&#038;p=81218"},"modified":"2026-02-15T13:54:31","modified_gmt":"2026-02-15T12:54:31","slug":"silva-seek-450-recharge","status":"publish","type":"product","link":"https:\/\/aktivtuteliv.se\/vasteras\/produkt\/silva-seek-450-recharge\/","title":{"rendered":"Silva Seek 450 Recharge"},"content":{"rendered":"<p class=\"\">Den kraftfulla 450-lumen ljusstyrkan i en kompakt design med ett uppladdningsbart batteri g\u00f6r Seek 450 Recharge\u00a0till en praktisk pannlampa f\u00f6r b\u00e5de hundpromenader och toppkl\u00e4ttring. Den avtagbara, rundade lampenheten och det smala, justerbara pannbandet s\u00e4kerst\u00e4ller en bekv\u00e4m passform och praktisk packbarhet. Pannlampan \u00e4r tillverkad av \u00e5tervunna material och har ett r\u00f6tt ljusl\u00e4ge f\u00f6r nattseende, l\u00e5sl\u00e4ge och ett integrerat, uppladdningsbart batteri.<\/p>\n<p>&nbsp;<\/p>\n<ul>\n<li><strong>Specifikation<\/strong><br \/>\n&#8211; 450 lumen ljusstyrka &#8211; Kompakt och l\u00e4tt design<br \/>\n&#8211; Smalt 25 mm pannband<br \/>\n&#8211; Integrerade, kompakta sp\u00e4nnen \u2013 enkelt att justera pannbandet<br \/>\n&#8211; L\u00f6stagbar lamphuvud \u2013 kan f\u00e4stas p\u00e5 annan utrustning<br \/>\n&#8211; Silva Intelligent Light \u2013 kombinerar l\u00e5ngdistans-spotlight och bred n\u00e4rbelysning<br \/>\n&#8211; R\u00f6tt ljus \u2013 bevarar m\u00f6rkerseendet &#8211; 3 ljusstyrkeniv\u00e5er (min, med, max lumen)<br \/>\n&#8211; Superl\u00e5gt l\u00e4ge (10 lumen) \u2013 f\u00f6r f\u00f6rl\u00e4ngd brinntid<br \/>\n&#8211; Knapp med l\u00e5sfunktion \u2013 f\u00f6rhindrar oavsiktlig aktivering och sparar batteri<br \/>\n&#8211; Vattent\u00e5lig \u2013 pannlampa och batteri uppfyller IPX5-standarden<br \/>\n&#8211; Integrerat 1350 mAh Li-Po-batteri med USB-C-laddningsport Batteriindikator<br \/>\n&#8211; Finns i f\u00e4rgerna: Midnight, Mountain Mist, Stormy Sky, Whiteout<br \/>\n&#8211; Material: \u00c5tervunnen\u00a0plast<br \/>\n&#8211; Vikt: 70 g<\/li>\n<\/ul>\n","protected":false},"excerpt":{"rendered":"<p>Kompakt och kraftfull pannlampa p\u00e5 450 lumen med USB-C-laddning, r\u00f6dljusl\u00e4ge och \u00e5tervunnet material \u2013 perfekt f\u00f6r allt fr\u00e5n hundpromenader till alptoppar.<\/p>\n","protected":false},"featured_media":82182,"template":"","meta":{"_acf_changed":false},"product_cat":[762,834],"product_tag":[],"er_categories":[],"er_brands":[],"er_seasons":[],"class_list":{"0":"post-81218","1":"product","2":"type-product","3":"status-publish","4":"has-post-thumbnail","6":"product_cat-friluftsliv","7":"product_cat-klader","8":"product_shipping_class-normal","9":"pa_marke-silva","10":"pa_sasong-1279","12":"first","13":"instock","14":"taxable","15":"shipping-taxable","16":"purchasable","17":"product-type-variable"},"acf":[],"yoast_head":"<!-- This site is optimized with the Yoast SEO plugin v23.0 - https:\/\/yoast.com\/wordpress\/plugins\/seo\/ -->\n<title>Silva Seek 450 Recharge - V\u00e4ster\u00e5s<\/title>\n<meta name=\"robots\" content=\"index, follow, max-snippet:-1, max-image-preview:large, max-video-preview:-1\" \/>\n<link rel=\"canonical\" href=\"https:\/\/aktivtuteliv.se\/vasteras\/produkt\/silva-seek-450-recharge\/\" \/>\n<meta property=\"og:locale\" content=\"sv_SE\" \/>\n<meta property=\"og:type\" content=\"article\" \/>\n<meta property=\"og:title\" content=\"Silva Seek 450 Recharge - V\u00e4ster\u00e5s\" \/>\n<meta property=\"og:description\" content=\"Kompakt och kraftfull pannlampa p\u00e5 450 lumen med USB-C-laddning, r\u00f6dljusl\u00e4ge och \u00e5tervunnet material \u2013 perfekt f\u00f6r allt fr\u00e5n hundpromenader till alptoppar.\" \/>\n<meta property=\"og:url\" content=\"https:\/\/aktivtuteliv.se\/vasteras\/produkt\/silva-seek-450-recharge\/\" \/>\n<meta property=\"og:site_name\" content=\"V\u00e4ster\u00e5s\" \/>\n<meta property=\"article:publisher\" content=\"https:\/\/www.facebook.com\/aktivtutelivbjornogarden\" \/>\n<meta property=\"article:modified_time\" content=\"2026-02-15T12:54:31+00:00\" \/>\n<meta property=\"og:image\" content=\"https:\/\/aktivtuteliv.se\/vasteras\/wp-content\/uploads\/sites\/4\/2025\/09\/Seek_450_Recharge_Midnight.png\" \/>\n\t<meta property=\"og:image:width\" content=\"2000\" \/>\n\t<meta property=\"og:image:height\" content=\"2000\" \/>\n\t<meta property=\"og:image:type\" content=\"image\/png\" \/>\n<meta name=\"twitter:card\" content=\"summary_large_image\" \/>\n<meta name=\"twitter:site\" content=\"@aktivtuteliv\" \/>\n<meta name=\"twitter:label1\" content=\"Ber\u00e4knad l\u00e4stid\" \/>\n\t<meta name=\"twitter:data1\" content=\"1 minut\" \/>\n<script type=\"application\/ld+json\" class=\"yoast-schema-graph\">{\"@context\":\"https:\/\/schema.org\",\"@graph\":[{\"@type\":\"WebPage\",\"@id\":\"https:\/\/aktivtuteliv.se\/vasteras\/produkt\/silva-seek-450-recharge\/\",\"url\":\"https:\/\/aktivtuteliv.se\/vasteras\/produkt\/silva-seek-450-recharge\/\",\"name\":\"Silva Seek 450 Recharge - V\u00e4ster\u00e5s\",\"isPartOf\":{\"@id\":\"https:\/\/aktivtuteliv.se\/vasteras\/#website\"},\"primaryImageOfPage\":{\"@id\":\"https:\/\/aktivtuteliv.se\/vasteras\/produkt\/silva-seek-450-recharge\/#primaryimage\"},\"image\":{\"@id\":\"https:\/\/aktivtuteliv.se\/vasteras\/produkt\/silva-seek-450-recharge\/#primaryimage\"},\"thumbnailUrl\":\"https:\/\/e5gp8rwuod7.exactdn.com\/vasteras\/wp-content\/uploads\/sites\/4\/2025\/09\/Seek_450_Recharge_Midnight.png?strip=all&lossy=1&ssl=1\",\"datePublished\":\"2025-09-23T11:29:19+00:00\",\"dateModified\":\"2026-02-15T12:54:31+00:00\",\"breadcrumb\":{\"@id\":\"https:\/\/aktivtuteliv.se\/vasteras\/produkt\/silva-seek-450-recharge\/#breadcrumb\"},\"inLanguage\":\"sv-SE\",\"potentialAction\":[{\"@type\":\"ReadAction\",\"target\":[\"https:\/\/aktivtuteliv.se\/vasteras\/produkt\/silva-seek-450-recharge\/\"]}]},{\"@type\":\"ImageObject\",\"inLanguage\":\"sv-SE\",\"@id\":\"https:\/\/aktivtuteliv.se\/vasteras\/produkt\/silva-seek-450-recharge\/#primaryimage\",\"url\":\"https:\/\/e5gp8rwuod7.exactdn.com\/vasteras\/wp-content\/uploads\/sites\/4\/2025\/09\/Seek_450_Recharge_Midnight.png?strip=all&lossy=1&ssl=1\",\"contentUrl\":\"https:\/\/e5gp8rwuod7.exactdn.com\/vasteras\/wp-content\/uploads\/sites\/4\/2025\/09\/Seek_450_Recharge_Midnight.png?strip=all&lossy=1&ssl=1\",\"width\":2000,\"height\":2000},{\"@type\":\"BreadcrumbList\",\"@id\":\"https:\/\/aktivtuteliv.se\/vasteras\/produkt\/silva-seek-450-recharge\/#breadcrumb\",\"itemListElement\":[{\"@type\":\"ListItem\",\"position\":1,\"name\":\"Home\",\"item\":\"https:\/\/aktivtuteliv.se\/vasteras\/\"},{\"@type\":\"ListItem\",\"position\":2,\"name\":\"Webbutik\",\"item\":\"https:\/\/aktivtuteliv.se\/vasteras\/butik\/\"},{\"@type\":\"ListItem\",\"position\":3,\"name\":\"Silva Seek 450 Recharge\"}]},{\"@type\":\"WebSite\",\"@id\":\"https:\/\/aktivtuteliv.se\/vasteras\/#website\",\"url\":\"https:\/\/aktivtuteliv.se\/vasteras\/\",\"name\":\"Aktivt Uteliv Bj\u00f6rn\u00f6g\u00e5rden\",\"description\":\"Ett friluftscenter i V\u00e4ster\u00e5s\",\"publisher\":{\"@id\":\"https:\/\/aktivtuteliv.se\/vasteras\/#organization\"},\"potentialAction\":[{\"@type\":\"SearchAction\",\"target\":{\"@type\":\"EntryPoint\",\"urlTemplate\":\"https:\/\/aktivtuteliv.se\/vasteras\/?s={search_term_string}\"},\"query-input\":\"required name=search_term_string\"}],\"inLanguage\":\"sv-SE\"},{\"@type\":\"Organization\",\"@id\":\"https:\/\/aktivtuteliv.se\/vasteras\/#organization\",\"name\":\"Aktivt Uteliv Bj\u00f6rn\u00f6g\u00e5rden\",\"url\":\"https:\/\/aktivtuteliv.se\/vasteras\/\",\"logo\":{\"@type\":\"ImageObject\",\"inLanguage\":\"sv-SE\",\"@id\":\"https:\/\/aktivtuteliv.se\/vasteras\/#\/schema\/logo\/image\/\",\"url\":\"https:\/\/e5gp8rwuod7.exactdn.com\/vasteras\/wp-content\/uploads\/sites\/4\/2025\/01\/AUB-pms.png?strip=all&lossy=1&ssl=1\",\"contentUrl\":\"https:\/\/e5gp8rwuod7.exactdn.com\/vasteras\/wp-content\/uploads\/sites\/4\/2025\/01\/AUB-pms.png?strip=all&lossy=1&ssl=1\",\"width\":1894,\"height\":1165,\"caption\":\"Aktivt Uteliv Bj\u00f6rn\u00f6g\u00e5rden\"},\"image\":{\"@id\":\"https:\/\/aktivtuteliv.se\/vasteras\/#\/schema\/logo\/image\/\"},\"sameAs\":[\"https:\/\/www.facebook.com\/aktivtutelivbjornogarden\",\"https:\/\/x.com\/aktivtuteliv\",\"https:\/\/www.instagram.com\/aktivtuteliv_bjornogarden\"]}]}<\/script>\n<!-- \/ Yoast SEO plugin. -->","yoast_head_json":{"title":"Silva Seek 450 Recharge - V\u00e4ster\u00e5s","robots":{"index":"index","follow":"follow","max-snippet":"max-snippet:-1","max-image-preview":"max-image-preview:large","max-video-preview":"max-video-preview:-1"},"canonical":"https:\/\/aktivtuteliv.se\/vasteras\/produkt\/silva-seek-450-recharge\/","og_locale":"sv_SE","og_type":"article","og_title":"Silva Seek 450 Recharge - V\u00e4ster\u00e5s","og_description":"Kompakt och kraftfull pannlampa p\u00e5 450 lumen med USB-C-laddning, r\u00f6dljusl\u00e4ge och \u00e5tervunnet material \u2013 perfekt f\u00f6r allt fr\u00e5n hundpromenader till alptoppar.","og_url":"https:\/\/aktivtuteliv.se\/vasteras\/produkt\/silva-seek-450-recharge\/","og_site_name":"V\u00e4ster\u00e5s","article_publisher":"https:\/\/www.facebook.com\/aktivtutelivbjornogarden","article_modified_time":"2026-02-15T12:54:31+00:00","og_image":[{"width":2000,"height":2000,"url":"https:\/\/aktivtuteliv.se\/vasteras\/wp-content\/uploads\/sites\/4\/2025\/09\/Seek_450_Recharge_Midnight.png","type":"image\/png"}],"twitter_card":"summary_large_image","twitter_site":"@aktivtuteliv","twitter_misc":{"Ber\u00e4knad l\u00e4stid":"1 minut"},"schema":{"@context":"https:\/\/schema.org","@graph":[{"@type":"WebPage","@id":"https:\/\/aktivtuteliv.se\/vasteras\/produkt\/silva-seek-450-recharge\/","url":"https:\/\/aktivtuteliv.se\/vasteras\/produkt\/silva-seek-450-recharge\/","name":"Silva Seek 450 Recharge - V\u00e4ster\u00e5s","isPartOf":{"@id":"https:\/\/aktivtuteliv.se\/vasteras\/#website"},"primaryImageOfPage":{"@id":"https:\/\/aktivtuteliv.se\/vasteras\/produkt\/silva-seek-450-recharge\/#primaryimage"},"image":{"@id":"https:\/\/aktivtuteliv.se\/vasteras\/produkt\/silva-seek-450-recharge\/#primaryimage"},"thumbnailUrl":"https:\/\/e5gp8rwuod7.exactdn.com\/vasteras\/wp-content\/uploads\/sites\/4\/2025\/09\/Seek_450_Recharge_Midnight.png?strip=all&lossy=1&ssl=1","datePublished":"2025-09-23T11:29:19+00:00","dateModified":"2026-02-15T12:54:31+00:00","breadcrumb":{"@id":"https:\/\/aktivtuteliv.se\/vasteras\/produkt\/silva-seek-450-recharge\/#breadcrumb"},"inLanguage":"sv-SE","potentialAction":[{"@type":"ReadAction","target":["https:\/\/aktivtuteliv.se\/vasteras\/produkt\/silva-seek-450-recharge\/"]}]},{"@type":"ImageObject","inLanguage":"sv-SE","@id":"https:\/\/aktivtuteliv.se\/vasteras\/produkt\/silva-seek-450-recharge\/#primaryimage","url":"https:\/\/e5gp8rwuod7.exactdn.com\/vasteras\/wp-content\/uploads\/sites\/4\/2025\/09\/Seek_450_Recharge_Midnight.png?strip=all&lossy=1&ssl=1","contentUrl":"https:\/\/e5gp8rwuod7.exactdn.com\/vasteras\/wp-content\/uploads\/sites\/4\/2025\/09\/Seek_450_Recharge_Midnight.png?strip=all&lossy=1&ssl=1","width":2000,"height":2000},{"@type":"BreadcrumbList","@id":"https:\/\/aktivtuteliv.se\/vasteras\/produkt\/silva-seek-450-recharge\/#breadcrumb","itemListElement":[{"@type":"ListItem","position":1,"name":"Home","item":"https:\/\/aktivtuteliv.se\/vasteras\/"},{"@type":"ListItem","position":2,"name":"Webbutik","item":"https:\/\/aktivtuteliv.se\/vasteras\/butik\/"},{"@type":"ListItem","position":3,"name":"Silva Seek 450 Recharge"}]},{"@type":"WebSite","@id":"https:\/\/aktivtuteliv.se\/vasteras\/#website","url":"https:\/\/aktivtuteliv.se\/vasteras\/","name":"Aktivt Uteliv Bj\u00f6rn\u00f6g\u00e5rden","description":"Ett friluftscenter i V\u00e4ster\u00e5s","publisher":{"@id":"https:\/\/aktivtuteliv.se\/vasteras\/#organization"},"potentialAction":[{"@type":"SearchAction","target":{"@type":"EntryPoint","urlTemplate":"https:\/\/aktivtuteliv.se\/vasteras\/?s={search_term_string}"},"query-input":"required name=search_term_string"}],"inLanguage":"sv-SE"},{"@type":"Organization","@id":"https:\/\/aktivtuteliv.se\/vasteras\/#organization","name":"Aktivt Uteliv Bj\u00f6rn\u00f6g\u00e5rden","url":"https:\/\/aktivtuteliv.se\/vasteras\/","logo":{"@type":"ImageObject","inLanguage":"sv-SE","@id":"https:\/\/aktivtuteliv.se\/vasteras\/#\/schema\/logo\/image\/","url":"https:\/\/e5gp8rwuod7.exactdn.com\/vasteras\/wp-content\/uploads\/sites\/4\/2025\/01\/AUB-pms.png?strip=all&lossy=1&ssl=1","contentUrl":"https:\/\/e5gp8rwuod7.exactdn.com\/vasteras\/wp-content\/uploads\/sites\/4\/2025\/01\/AUB-pms.png?strip=all&lossy=1&ssl=1","width":1894,"height":1165,"caption":"Aktivt Uteliv Bj\u00f6rn\u00f6g\u00e5rden"},"image":{"@id":"https:\/\/aktivtuteliv.se\/vasteras\/#\/schema\/logo\/image\/"},"sameAs":["https:\/\/www.facebook.com\/aktivtutelivbjornogarden","https:\/\/x.com\/aktivtuteliv","https:\/\/www.instagram.com\/aktivtuteliv_bjornogarden"]}]}},"_links":{"self":[{"href":"https:\/\/aktivtuteliv.se\/vasteras\/wp-json\/wp\/v2\/product\/81218","targetHints":{"allow":["GET"]}}],"collection":[{"href":"https:\/\/aktivtuteliv.se\/vasteras\/wp-json\/wp\/v2\/product"}],"about":[{"href":"https:\/\/aktivtuteliv.se\/vasteras\/wp-json\/wp\/v2\/types\/product"}],"wp:featuredmedia":[{"embeddable":true,"href":"https:\/\/aktivtuteliv.se\/vasteras\/wp-json\/wp\/v2\/media\/82182"}],"wp:attachment":[{"href":"https:\/\/aktivtuteliv.se\/vasteras\/wp-json\/wp\/v2\/media?parent=81218"}],"wp:term":[{"taxonomy":"product_cat","embeddable":true,"href":"https:\/\/aktivtuteliv.se\/vasteras\/wp-json\/wp\/v2\/product_cat?post=81218"},{"taxonomy":"product_tag","embeddable":true,"href":"https:\/\/aktivtuteliv.se\/vasteras\/wp-json\/wp\/v2\/product_tag?post=81218"},{"taxonomy":"er_categories","embeddable":true,"href":"https:\/\/aktivtuteliv.se\/vasteras\/wp-json\/wp\/v2\/er_categories?post=81218"},{"taxonomy":"er_brands","embeddable":true,"href":"https:\/\/aktivtuteliv.se\/vasteras\/wp-json\/wp\/v2\/er_brands?post=81218"},{"taxonomy":"er_seasons","embeddable":true,"href":"https:\/\/aktivtuteliv.se\/vasteras\/wp-json\/wp\/v2\/er_seasons?post=81218"}],"curies":[{"name":"wp","href":"https:\/\/api.w.org\/{rel}","templated":true}]}}