{"id":81337,"date":"2025-10-02T15:43:54","date_gmt":"2025-10-02T13:43:54","guid":{"rendered":"https:\/\/aktivtuteliv.se\/vasteras\/?post_type=product&#038;p=81337"},"modified":"2025-12-10T13:31:58","modified_gmt":"2025-12-10T12:31:58","slug":"lulea-pitea-skargard-150-000-karta","status":"publish","type":"product","link":"https:\/\/aktivtuteliv.se\/vasteras\/produkt\/lulea-pitea-skargard-150-000-karta\/","title":{"rendered":"Lule\u00e5 &#038; Pite\u00e5 sk\u00e4rg\u00e5rd 1:50 000, karta"},"content":{"rendered":"<p data-start=\"500\" data-end=\"786\">Uppt\u00e4ck sk\u00e4rg\u00e5rden kring Lule\u00e5 och Pite\u00e5 med denna <strong data-start=\"551\" data-end=\"581\">detaljerade 1:50 000-karta<\/strong> \u2013 perfekt f\u00f6r b\u00e5de paddlare och vandrare. Kartan t\u00e4cker hela omr\u00e5det fr\u00e5n Pite\u00e5 i s\u00f6der till T\u00f6re i norr och visar b\u00e5de vandringsleder och viktiga vattenleder, med s\u00e4rskild fokus p\u00e5 sk\u00e4rg\u00e5rdarnas milj\u00f6er.<\/p>\n<p data-start=\"788\" data-end=\"994\">F\u00f6r paddlare ing\u00e5r information om grund, farleder, rutter f\u00f6r sk\u00e4rg\u00e5rdstrafik samt service som livsmedelsbutiker, torrtoaletter, bastur, kanotlyft, f\u00e4rskvatten och l\u00e4gerplatser l\u00e4ngs popul\u00e4ra paddelleder.<\/p>\n<p data-start=\"996\" data-end=\"1234\">Kartan \u00e4r tryckt p\u00e5 <strong data-start=\"1016\" data-end=\"1026\">Tyvek\u00ae<\/strong>, ett slitstarkt syntetmaterial som g\u00f6r den helt vattent\u00e5lig och rivt\u00e5lig. Den g\u00e5r inte s\u00f6nder i vecken och tappar inte f\u00e4rg vid flitig anv\u00e4ndning, vilket g\u00f6r den idealisk f\u00f6r alla \u00e4ventyr p\u00e5 land och vatten.<\/p>\n","protected":false},"excerpt":{"rendered":"<p>Vattent\u00e5lig och rivstark Tyvekkarta i skala 1:50 000 \u00f6ver Lule\u00e5 &amp; Pite\u00e5 sk\u00e4rg\u00e5rd \u2013 perfekt f\u00f6r vandring och paddling.<\/p>\n","protected":false},"featured_media":94875,"template":"","meta":{"_acf_changed":false},"product_cat":[762,991],"product_tag":[],"er_categories":[],"er_brands":[],"er_seasons":[],"class_list":{"0":"post-81337","1":"product","2":"type-product","3":"status-publish","4":"has-post-thumbnail","6":"product_cat-friluftsliv","7":"product_cat-kartor-bocker","8":"product_shipping_class-normal","9":"pa_marke-calazo","10":"pa_sasong-1279","12":"first","13":"instock","14":"taxable","15":"shipping-taxable","16":"purchasable","17":"product-type-simple"},"acf":[],"yoast_head":"<!-- This site is optimized with the Yoast SEO plugin v23.0 - https:\/\/yoast.com\/wordpress\/plugins\/seo\/ -->\n<title>Lule\u00e5 &amp; Pite\u00e5 sk\u00e4rg\u00e5rd 1:50 000, karta - V\u00e4ster\u00e5s<\/title>\n<meta name=\"robots\" content=\"index, follow, max-snippet:-1, max-image-preview:large, max-video-preview:-1\" \/>\n<link rel=\"canonical\" href=\"https:\/\/aktivtuteliv.se\/vasteras\/produkt\/lulea-pitea-skargard-150-000-karta\/\" \/>\n<meta property=\"og:locale\" content=\"sv_SE\" \/>\n<meta property=\"og:type\" content=\"article\" \/>\n<meta property=\"og:title\" content=\"Lule\u00e5 &amp; Pite\u00e5 sk\u00e4rg\u00e5rd 1:50 000, karta - V\u00e4ster\u00e5s\" \/>\n<meta property=\"og:description\" content=\"Vattent\u00e5lig och rivstark Tyvekkarta i skala 1:50 000 \u00f6ver Lule\u00e5 &amp; Pite\u00e5 sk\u00e4rg\u00e5rd \u2013 perfekt f\u00f6r vandring och paddling.\" \/>\n<meta property=\"og:url\" content=\"https:\/\/aktivtuteliv.se\/vasteras\/produkt\/lulea-pitea-skargard-150-000-karta\/\" \/>\n<meta property=\"og:site_name\" content=\"V\u00e4ster\u00e5s\" \/>\n<meta property=\"article:publisher\" content=\"https:\/\/www.facebook.com\/aktivtutelivbjornogarden\" \/>\n<meta property=\"article:modified_time\" content=\"2025-12-10T12:31:58+00:00\" \/>\n<meta property=\"og:image\" content=\"https:\/\/aktivtuteliv.se\/vasteras\/wp-content\/uploads\/sites\/4\/2025\/10\/pitea__lulea_skargard_1-50_3d_lowres.jpg\" \/>\n\t<meta property=\"og:image:width\" content=\"943\" \/>\n\t<meta property=\"og:image:height\" content=\"1200\" \/>\n\t<meta property=\"og:image:type\" content=\"image\/jpeg\" \/>\n<meta name=\"twitter:card\" content=\"summary_large_image\" \/>\n<meta name=\"twitter:site\" content=\"@aktivtuteliv\" \/>\n<meta name=\"twitter:label1\" content=\"Ber\u00e4knad l\u00e4stid\" \/>\n\t<meta name=\"twitter:data1\" content=\"1 minut\" \/>\n<script type=\"application\/ld+json\" class=\"yoast-schema-graph\">{\"@context\":\"https:\/\/schema.org\",\"@graph\":[{\"@type\":\"WebPage\",\"@id\":\"https:\/\/aktivtuteliv.se\/vasteras\/produkt\/lulea-pitea-skargard-150-000-karta\/\",\"url\":\"https:\/\/aktivtuteliv.se\/vasteras\/produkt\/lulea-pitea-skargard-150-000-karta\/\",\"name\":\"Lule\u00e5 & Pite\u00e5 sk\u00e4rg\u00e5rd 1:50 000, karta - V\u00e4ster\u00e5s\",\"isPartOf\":{\"@id\":\"https:\/\/aktivtuteliv.se\/vasteras\/#website\"},\"primaryImageOfPage\":{\"@id\":\"https:\/\/aktivtuteliv.se\/vasteras\/produkt\/lulea-pitea-skargard-150-000-karta\/#primaryimage\"},\"image\":{\"@id\":\"https:\/\/aktivtuteliv.se\/vasteras\/produkt\/lulea-pitea-skargard-150-000-karta\/#primaryimage\"},\"thumbnailUrl\":\"https:\/\/e5gp8rwuod7.exactdn.com\/vasteras\/wp-content\/uploads\/sites\/4\/2025\/10\/pitea__lulea_skargard_1-50_3d_lowres.jpg?strip=all&lossy=1&ssl=1\",\"datePublished\":\"2025-10-02T13:43:54+00:00\",\"dateModified\":\"2025-12-10T12:31:58+00:00\",\"breadcrumb\":{\"@id\":\"https:\/\/aktivtuteliv.se\/vasteras\/produkt\/lulea-pitea-skargard-150-000-karta\/#breadcrumb\"},\"inLanguage\":\"sv-SE\",\"potentialAction\":[{\"@type\":\"ReadAction\",\"target\":[\"https:\/\/aktivtuteliv.se\/vasteras\/produkt\/lulea-pitea-skargard-150-000-karta\/\"]}]},{\"@type\":\"ImageObject\",\"inLanguage\":\"sv-SE\",\"@id\":\"https:\/\/aktivtuteliv.se\/vasteras\/produkt\/lulea-pitea-skargard-150-000-karta\/#primaryimage\",\"url\":\"https:\/\/e5gp8rwuod7.exactdn.com\/vasteras\/wp-content\/uploads\/sites\/4\/2025\/10\/pitea__lulea_skargard_1-50_3d_lowres.jpg?strip=all&lossy=1&ssl=1\",\"contentUrl\":\"https:\/\/e5gp8rwuod7.exactdn.com\/vasteras\/wp-content\/uploads\/sites\/4\/2025\/10\/pitea__lulea_skargard_1-50_3d_lowres.jpg?strip=all&lossy=1&ssl=1\",\"width\":943,\"height\":1200},{\"@type\":\"BreadcrumbList\",\"@id\":\"https:\/\/aktivtuteliv.se\/vasteras\/produkt\/lulea-pitea-skargard-150-000-karta\/#breadcrumb\",\"itemListElement\":[{\"@type\":\"ListItem\",\"position\":1,\"name\":\"Home\",\"item\":\"https:\/\/aktivtuteliv.se\/vasteras\/\"},{\"@type\":\"ListItem\",\"position\":2,\"name\":\"Webbutik\",\"item\":\"https:\/\/aktivtuteliv.se\/vasteras\/butik\/\"},{\"@type\":\"ListItem\",\"position\":3,\"name\":\"Lule\u00e5 &#038; Pite\u00e5 sk\u00e4rg\u00e5rd 1:50 000, karta\"}]},{\"@type\":\"WebSite\",\"@id\":\"https:\/\/aktivtuteliv.se\/vasteras\/#website\",\"url\":\"https:\/\/aktivtuteliv.se\/vasteras\/\",\"name\":\"Aktivt Uteliv Bj\u00f6rn\u00f6g\u00e5rden\",\"description\":\"Ett friluftscenter i V\u00e4ster\u00e5s\",\"publisher\":{\"@id\":\"https:\/\/aktivtuteliv.se\/vasteras\/#organization\"},\"potentialAction\":[{\"@type\":\"SearchAction\",\"target\":{\"@type\":\"EntryPoint\",\"urlTemplate\":\"https:\/\/aktivtuteliv.se\/vasteras\/?s={search_term_string}\"},\"query-input\":\"required name=search_term_string\"}],\"inLanguage\":\"sv-SE\"},{\"@type\":\"Organization\",\"@id\":\"https:\/\/aktivtuteliv.se\/vasteras\/#organization\",\"name\":\"Aktivt Uteliv Bj\u00f6rn\u00f6g\u00e5rden\",\"url\":\"https:\/\/aktivtuteliv.se\/vasteras\/\",\"logo\":{\"@type\":\"ImageObject\",\"inLanguage\":\"sv-SE\",\"@id\":\"https:\/\/aktivtuteliv.se\/vasteras\/#\/schema\/logo\/image\/\",\"url\":\"https:\/\/e5gp8rwuod7.exactdn.com\/vasteras\/wp-content\/uploads\/sites\/4\/2025\/01\/AUB-pms.png?strip=all&lossy=1&ssl=1\",\"contentUrl\":\"https:\/\/e5gp8rwuod7.exactdn.com\/vasteras\/wp-content\/uploads\/sites\/4\/2025\/01\/AUB-pms.png?strip=all&lossy=1&ssl=1\",\"width\":1894,\"height\":1165,\"caption\":\"Aktivt Uteliv Bj\u00f6rn\u00f6g\u00e5rden\"},\"image\":{\"@id\":\"https:\/\/aktivtuteliv.se\/vasteras\/#\/schema\/logo\/image\/\"},\"sameAs\":[\"https:\/\/www.facebook.com\/aktivtutelivbjornogarden\",\"https:\/\/x.com\/aktivtuteliv\",\"https:\/\/www.instagram.com\/aktivtuteliv_bjornogarden\"]}]}<\/script>\n<!-- \/ Yoast SEO plugin. -->","yoast_head_json":{"title":"Lule\u00e5 & Pite\u00e5 sk\u00e4rg\u00e5rd 1:50 000, karta - V\u00e4ster\u00e5s","robots":{"index":"index","follow":"follow","max-snippet":"max-snippet:-1","max-image-preview":"max-image-preview:large","max-video-preview":"max-video-preview:-1"},"canonical":"https:\/\/aktivtuteliv.se\/vasteras\/produkt\/lulea-pitea-skargard-150-000-karta\/","og_locale":"sv_SE","og_type":"article","og_title":"Lule\u00e5 & Pite\u00e5 sk\u00e4rg\u00e5rd 1:50 000, karta - V\u00e4ster\u00e5s","og_description":"Vattent\u00e5lig och rivstark Tyvekkarta i skala 1:50 000 \u00f6ver Lule\u00e5 &amp; Pite\u00e5 sk\u00e4rg\u00e5rd \u2013 perfekt f\u00f6r vandring och paddling.","og_url":"https:\/\/aktivtuteliv.se\/vasteras\/produkt\/lulea-pitea-skargard-150-000-karta\/","og_site_name":"V\u00e4ster\u00e5s","article_publisher":"https:\/\/www.facebook.com\/aktivtutelivbjornogarden","article_modified_time":"2025-12-10T12:31:58+00:00","og_image":[{"width":943,"height":1200,"url":"https:\/\/aktivtuteliv.se\/vasteras\/wp-content\/uploads\/sites\/4\/2025\/10\/pitea__lulea_skargard_1-50_3d_lowres.jpg","type":"image\/jpeg"}],"twitter_card":"summary_large_image","twitter_site":"@aktivtuteliv","twitter_misc":{"Ber\u00e4knad l\u00e4stid":"1 minut"},"schema":{"@context":"https:\/\/schema.org","@graph":[{"@type":"WebPage","@id":"https:\/\/aktivtuteliv.se\/vasteras\/produkt\/lulea-pitea-skargard-150-000-karta\/","url":"https:\/\/aktivtuteliv.se\/vasteras\/produkt\/lulea-pitea-skargard-150-000-karta\/","name":"Lule\u00e5 & Pite\u00e5 sk\u00e4rg\u00e5rd 1:50 000, karta - V\u00e4ster\u00e5s","isPartOf":{"@id":"https:\/\/aktivtuteliv.se\/vasteras\/#website"},"primaryImageOfPage":{"@id":"https:\/\/aktivtuteliv.se\/vasteras\/produkt\/lulea-pitea-skargard-150-000-karta\/#primaryimage"},"image":{"@id":"https:\/\/aktivtuteliv.se\/vasteras\/produkt\/lulea-pitea-skargard-150-000-karta\/#primaryimage"},"thumbnailUrl":"https:\/\/e5gp8rwuod7.exactdn.com\/vasteras\/wp-content\/uploads\/sites\/4\/2025\/10\/pitea__lulea_skargard_1-50_3d_lowres.jpg?strip=all&lossy=1&ssl=1","datePublished":"2025-10-02T13:43:54+00:00","dateModified":"2025-12-10T12:31:58+00:00","breadcrumb":{"@id":"https:\/\/aktivtuteliv.se\/vasteras\/produkt\/lulea-pitea-skargard-150-000-karta\/#breadcrumb"},"inLanguage":"sv-SE","potentialAction":[{"@type":"ReadAction","target":["https:\/\/aktivtuteliv.se\/vasteras\/produkt\/lulea-pitea-skargard-150-000-karta\/"]}]},{"@type":"ImageObject","inLanguage":"sv-SE","@id":"https:\/\/aktivtuteliv.se\/vasteras\/produkt\/lulea-pitea-skargard-150-000-karta\/#primaryimage","url":"https:\/\/e5gp8rwuod7.exactdn.com\/vasteras\/wp-content\/uploads\/sites\/4\/2025\/10\/pitea__lulea_skargard_1-50_3d_lowres.jpg?strip=all&lossy=1&ssl=1","contentUrl":"https:\/\/e5gp8rwuod7.exactdn.com\/vasteras\/wp-content\/uploads\/sites\/4\/2025\/10\/pitea__lulea_skargard_1-50_3d_lowres.jpg?strip=all&lossy=1&ssl=1","width":943,"height":1200},{"@type":"BreadcrumbList","@id":"https:\/\/aktivtuteliv.se\/vasteras\/produkt\/lulea-pitea-skargard-150-000-karta\/#breadcrumb","itemListElement":[{"@type":"ListItem","position":1,"name":"Home","item":"https:\/\/aktivtuteliv.se\/vasteras\/"},{"@type":"ListItem","position":2,"name":"Webbutik","item":"https:\/\/aktivtuteliv.se\/vasteras\/butik\/"},{"@type":"ListItem","position":3,"name":"Lule\u00e5 &#038; Pite\u00e5 sk\u00e4rg\u00e5rd 1:50 000, karta"}]},{"@type":"WebSite","@id":"https:\/\/aktivtuteliv.se\/vasteras\/#website","url":"https:\/\/aktivtuteliv.se\/vasteras\/","name":"Aktivt Uteliv Bj\u00f6rn\u00f6g\u00e5rden","description":"Ett friluftscenter i V\u00e4ster\u00e5s","publisher":{"@id":"https:\/\/aktivtuteliv.se\/vasteras\/#organization"},"potentialAction":[{"@type":"SearchAction","target":{"@type":"EntryPoint","urlTemplate":"https:\/\/aktivtuteliv.se\/vasteras\/?s={search_term_string}"},"query-input":"required name=search_term_string"}],"inLanguage":"sv-SE"},{"@type":"Organization","@id":"https:\/\/aktivtuteliv.se\/vasteras\/#organization","name":"Aktivt Uteliv Bj\u00f6rn\u00f6g\u00e5rden","url":"https:\/\/aktivtuteliv.se\/vasteras\/","logo":{"@type":"ImageObject","inLanguage":"sv-SE","@id":"https:\/\/aktivtuteliv.se\/vasteras\/#\/schema\/logo\/image\/","url":"https:\/\/e5gp8rwuod7.exactdn.com\/vasteras\/wp-content\/uploads\/sites\/4\/2025\/01\/AUB-pms.png?strip=all&lossy=1&ssl=1","contentUrl":"https:\/\/e5gp8rwuod7.exactdn.com\/vasteras\/wp-content\/uploads\/sites\/4\/2025\/01\/AUB-pms.png?strip=all&lossy=1&ssl=1","width":1894,"height":1165,"caption":"Aktivt Uteliv Bj\u00f6rn\u00f6g\u00e5rden"},"image":{"@id":"https:\/\/aktivtuteliv.se\/vasteras\/#\/schema\/logo\/image\/"},"sameAs":["https:\/\/www.facebook.com\/aktivtutelivbjornogarden","https:\/\/x.com\/aktivtuteliv","https:\/\/www.instagram.com\/aktivtuteliv_bjornogarden"]}]}},"_links":{"self":[{"href":"https:\/\/aktivtuteliv.se\/vasteras\/wp-json\/wp\/v2\/product\/81337","targetHints":{"allow":["GET"]}}],"collection":[{"href":"https:\/\/aktivtuteliv.se\/vasteras\/wp-json\/wp\/v2\/product"}],"about":[{"href":"https:\/\/aktivtuteliv.se\/vasteras\/wp-json\/wp\/v2\/types\/product"}],"wp:featuredmedia":[{"embeddable":true,"href":"https:\/\/aktivtuteliv.se\/vasteras\/wp-json\/wp\/v2\/media\/94875"}],"wp:attachment":[{"href":"https:\/\/aktivtuteliv.se\/vasteras\/wp-json\/wp\/v2\/media?parent=81337"}],"wp:term":[{"taxonomy":"product_cat","embeddable":true,"href":"https:\/\/aktivtuteliv.se\/vasteras\/wp-json\/wp\/v2\/product_cat?post=81337"},{"taxonomy":"product_tag","embeddable":true,"href":"https:\/\/aktivtuteliv.se\/vasteras\/wp-json\/wp\/v2\/product_tag?post=81337"},{"taxonomy":"er_categories","embeddable":true,"href":"https:\/\/aktivtuteliv.se\/vasteras\/wp-json\/wp\/v2\/er_categories?post=81337"},{"taxonomy":"er_brands","embeddable":true,"href":"https:\/\/aktivtuteliv.se\/vasteras\/wp-json\/wp\/v2\/er_brands?post=81337"},{"taxonomy":"er_seasons","embeddable":true,"href":"https:\/\/aktivtuteliv.se\/vasteras\/wp-json\/wp\/v2\/er_seasons?post=81337"}],"curies":[{"name":"wp","href":"https:\/\/api.w.org\/{rel}","templated":true}]}}