{"id":81340,"date":"2025-10-02T15:43:56","date_gmt":"2025-10-02T13:43:56","guid":{"rendered":"https:\/\/aktivtuteliv.se\/vasteras\/?post_type=product&#038;p=81340"},"modified":"2025-10-18T06:38:45","modified_gmt":"2025-10-18T04:38:45","slug":"sodra-bohuslan-150-000-karta","status":"publish","type":"product","link":"https:\/\/aktivtuteliv.se\/vasteras\/produkt\/sodra-bohuslan-150-000-karta\/","title":{"rendered":"S\u00f6dra Bohusl\u00e4n 1:50 000, karta"},"content":{"rendered":"<p>Det h\u00e4r \u00e4r den s\u00f6dra av v\u00e5ra tv\u00e5 kartor som t\u00e4cker Bohusl\u00e4n. Det \u00e4r lika mycket en traditionell Terr\u00e4ngkarta f\u00f6r vandrare som Sj\u00f6- och kustkarta f\u00f6r paddlare. Vi har gjort\u00a0samma grundliga arbete med lokala kortare vandringsleder\u00a0och kartan t\u00e4cker\u00a0Bohusledens etapper 7-15.\u00a0Vi har kompletterat inneh\u00e5llet med\u00a0betydelsefull information f\u00f6r paddlare. Det kan vara grund och farleder, rutter f\u00f6rsk\u00e4rg\u00e5rdstrafik\u00a0och annan intressant service som livsmedelshandel\u00a0och bastu i sk\u00e4rg\u00e5rden.<\/p>\n<p>Gr\u00e4nsen mellan det norra och det s\u00f6dra kartbladet \u00f6ver Bohusl\u00e4n g\u00e5r vid Bovallstrand.<\/p>\n<p>Den h\u00e4r kartan omfattar Hunnebostrand, Kungshamn, Lysekil, Uddevalla, Orust, Tj\u00f6rn, Marstrand och Svartedalen.<\/p>\n<p>Vi har kommit fram till att det b\u00e4sta materialet f\u00f6r en karta \u00e4r Tyvek\u00ae. Det \u00e4r gjort av en syntetfiber som g\u00f6r kartan helt ok\u00e4nslig f\u00f6r vatten och mycket rivt\u00e5lig. En Tyvekkarta g\u00e5r inte s\u00f6nder i vecken eller tappar f\u00e4rgen n\u00e4r du anv\u00e4nder den.<\/p>\n","protected":false},"excerpt":{"rendered":"<p>Det h\u00e4r \u00e4r den s\u00f6dra av v\u00e5ra tv\u00e5 kartor som t\u00e4cker Bohusl\u00e4n. Det \u00e4r lika mycket en traditionell Terr\u00e4ngkarta f\u00f6r vandrare som Sj\u00f6- och kustkarta f\u00f6r paddlare. Vi har gjort\u00a0samma [&hellip;]<\/p>\n","protected":false},"featured_media":82215,"template":"","meta":{"_acf_changed":false},"product_cat":[762,991],"product_tag":[],"er_categories":[],"er_brands":[],"er_seasons":[],"class_list":{"0":"post-81340","1":"product","2":"type-product","3":"status-publish","4":"has-post-thumbnail","6":"product_cat-friluftsliv","7":"product_cat-kartor-bocker","8":"product_shipping_class-normal","9":"pa_marke-calazo","10":"pa_sasong-1279","12":"first","13":"instock","14":"taxable","15":"shipping-taxable","16":"purchasable","17":"product-type-simple"},"acf":[],"yoast_head":"<!-- This site is optimized with the Yoast SEO plugin v23.0 - https:\/\/yoast.com\/wordpress\/plugins\/seo\/ -->\n<title>S\u00f6dra Bohusl\u00e4n 1:50 000, karta - V\u00e4ster\u00e5s<\/title>\n<meta name=\"robots\" content=\"index, follow, max-snippet:-1, max-image-preview:large, max-video-preview:-1\" \/>\n<link rel=\"canonical\" href=\"https:\/\/aktivtuteliv.se\/vasteras\/produkt\/sodra-bohuslan-150-000-karta\/\" \/>\n<meta property=\"og:locale\" content=\"sv_SE\" \/>\n<meta property=\"og:type\" content=\"article\" \/>\n<meta property=\"og:title\" content=\"S\u00f6dra Bohusl\u00e4n 1:50 000, karta - V\u00e4ster\u00e5s\" \/>\n<meta property=\"og:description\" content=\"Det h\u00e4r \u00e4r den s\u00f6dra av v\u00e5ra tv\u00e5 kartor som t\u00e4cker Bohusl\u00e4n. Det \u00e4r lika mycket en traditionell Terr\u00e4ngkarta f\u00f6r vandrare som Sj\u00f6- och kustkarta f\u00f6r paddlare. Vi har gjort\u00a0samma [&hellip;]\" \/>\n<meta property=\"og:url\" content=\"https:\/\/aktivtuteliv.se\/vasteras\/produkt\/sodra-bohuslan-150-000-karta\/\" \/>\n<meta property=\"og:site_name\" content=\"V\u00e4ster\u00e5s\" \/>\n<meta property=\"article:publisher\" content=\"https:\/\/www.facebook.com\/aktivtutelivbjornogarden\" \/>\n<meta property=\"article:modified_time\" content=\"2025-10-18T04:38:45+00:00\" \/>\n<meta property=\"og:image\" content=\"https:\/\/aktivtuteliv.se\/vasteras\/wp-content\/uploads\/sites\/4\/2025\/10\/Sodrabohuslan.jpg\" \/>\n\t<meta property=\"og:image:width\" content=\"1200\" \/>\n\t<meta property=\"og:image:height\" content=\"1200\" \/>\n\t<meta property=\"og:image:type\" content=\"image\/jpeg\" \/>\n<meta name=\"twitter:card\" content=\"summary_large_image\" \/>\n<meta name=\"twitter:site\" content=\"@aktivtuteliv\" \/>\n<meta name=\"twitter:label1\" content=\"Ber\u00e4knad l\u00e4stid\" \/>\n\t<meta name=\"twitter:data1\" content=\"1 minut\" \/>\n<script type=\"application\/ld+json\" class=\"yoast-schema-graph\">{\"@context\":\"https:\/\/schema.org\",\"@graph\":[{\"@type\":\"WebPage\",\"@id\":\"https:\/\/aktivtuteliv.se\/vasteras\/produkt\/sodra-bohuslan-150-000-karta\/\",\"url\":\"https:\/\/aktivtuteliv.se\/vasteras\/produkt\/sodra-bohuslan-150-000-karta\/\",\"name\":\"S\u00f6dra Bohusl\u00e4n 1:50 000, karta - V\u00e4ster\u00e5s\",\"isPartOf\":{\"@id\":\"https:\/\/aktivtuteliv.se\/vasteras\/#website\"},\"primaryImageOfPage\":{\"@id\":\"https:\/\/aktivtuteliv.se\/vasteras\/produkt\/sodra-bohuslan-150-000-karta\/#primaryimage\"},\"image\":{\"@id\":\"https:\/\/aktivtuteliv.se\/vasteras\/produkt\/sodra-bohuslan-150-000-karta\/#primaryimage\"},\"thumbnailUrl\":\"https:\/\/e5gp8rwuod7.exactdn.com\/vasteras\/wp-content\/uploads\/sites\/4\/2025\/10\/Sodrabohuslan.jpg?strip=all&lossy=1&ssl=1\",\"datePublished\":\"2025-10-02T13:43:56+00:00\",\"dateModified\":\"2025-10-18T04:38:45+00:00\",\"breadcrumb\":{\"@id\":\"https:\/\/aktivtuteliv.se\/vasteras\/produkt\/sodra-bohuslan-150-000-karta\/#breadcrumb\"},\"inLanguage\":\"sv-SE\",\"potentialAction\":[{\"@type\":\"ReadAction\",\"target\":[\"https:\/\/aktivtuteliv.se\/vasteras\/produkt\/sodra-bohuslan-150-000-karta\/\"]}]},{\"@type\":\"ImageObject\",\"inLanguage\":\"sv-SE\",\"@id\":\"https:\/\/aktivtuteliv.se\/vasteras\/produkt\/sodra-bohuslan-150-000-karta\/#primaryimage\",\"url\":\"https:\/\/e5gp8rwuod7.exactdn.com\/vasteras\/wp-content\/uploads\/sites\/4\/2025\/10\/Sodrabohuslan.jpg?strip=all&lossy=1&ssl=1\",\"contentUrl\":\"https:\/\/e5gp8rwuod7.exactdn.com\/vasteras\/wp-content\/uploads\/sites\/4\/2025\/10\/Sodrabohuslan.jpg?strip=all&lossy=1&ssl=1\",\"width\":1200,\"height\":1200},{\"@type\":\"BreadcrumbList\",\"@id\":\"https:\/\/aktivtuteliv.se\/vasteras\/produkt\/sodra-bohuslan-150-000-karta\/#breadcrumb\",\"itemListElement\":[{\"@type\":\"ListItem\",\"position\":1,\"name\":\"Home\",\"item\":\"https:\/\/aktivtuteliv.se\/vasteras\/\"},{\"@type\":\"ListItem\",\"position\":2,\"name\":\"Webbutik\",\"item\":\"https:\/\/aktivtuteliv.se\/vasteras\/butik\/\"},{\"@type\":\"ListItem\",\"position\":3,\"name\":\"S\u00f6dra Bohusl\u00e4n 1:50 000, karta\"}]},{\"@type\":\"WebSite\",\"@id\":\"https:\/\/aktivtuteliv.se\/vasteras\/#website\",\"url\":\"https:\/\/aktivtuteliv.se\/vasteras\/\",\"name\":\"Aktivt Uteliv Bj\u00f6rn\u00f6g\u00e5rden\",\"description\":\"Ett friluftscenter i V\u00e4ster\u00e5s\",\"publisher\":{\"@id\":\"https:\/\/aktivtuteliv.se\/vasteras\/#organization\"},\"potentialAction\":[{\"@type\":\"SearchAction\",\"target\":{\"@type\":\"EntryPoint\",\"urlTemplate\":\"https:\/\/aktivtuteliv.se\/vasteras\/?s={search_term_string}\"},\"query-input\":\"required name=search_term_string\"}],\"inLanguage\":\"sv-SE\"},{\"@type\":\"Organization\",\"@id\":\"https:\/\/aktivtuteliv.se\/vasteras\/#organization\",\"name\":\"Aktivt Uteliv Bj\u00f6rn\u00f6g\u00e5rden\",\"url\":\"https:\/\/aktivtuteliv.se\/vasteras\/\",\"logo\":{\"@type\":\"ImageObject\",\"inLanguage\":\"sv-SE\",\"@id\":\"https:\/\/aktivtuteliv.se\/vasteras\/#\/schema\/logo\/image\/\",\"url\":\"https:\/\/e5gp8rwuod7.exactdn.com\/vasteras\/wp-content\/uploads\/sites\/4\/2025\/01\/AUB-pms.png?strip=all&lossy=1&ssl=1\",\"contentUrl\":\"https:\/\/e5gp8rwuod7.exactdn.com\/vasteras\/wp-content\/uploads\/sites\/4\/2025\/01\/AUB-pms.png?strip=all&lossy=1&ssl=1\",\"width\":1894,\"height\":1165,\"caption\":\"Aktivt Uteliv Bj\u00f6rn\u00f6g\u00e5rden\"},\"image\":{\"@id\":\"https:\/\/aktivtuteliv.se\/vasteras\/#\/schema\/logo\/image\/\"},\"sameAs\":[\"https:\/\/www.facebook.com\/aktivtutelivbjornogarden\",\"https:\/\/x.com\/aktivtuteliv\",\"https:\/\/www.instagram.com\/aktivtuteliv_bjornogarden\"]}]}<\/script>\n<!-- \/ Yoast SEO plugin. -->","yoast_head_json":{"title":"S\u00f6dra Bohusl\u00e4n 1:50 000, karta - V\u00e4ster\u00e5s","robots":{"index":"index","follow":"follow","max-snippet":"max-snippet:-1","max-image-preview":"max-image-preview:large","max-video-preview":"max-video-preview:-1"},"canonical":"https:\/\/aktivtuteliv.se\/vasteras\/produkt\/sodra-bohuslan-150-000-karta\/","og_locale":"sv_SE","og_type":"article","og_title":"S\u00f6dra Bohusl\u00e4n 1:50 000, karta - V\u00e4ster\u00e5s","og_description":"Det h\u00e4r \u00e4r den s\u00f6dra av v\u00e5ra tv\u00e5 kartor som t\u00e4cker Bohusl\u00e4n. Det \u00e4r lika mycket en traditionell Terr\u00e4ngkarta f\u00f6r vandrare som Sj\u00f6- och kustkarta f\u00f6r paddlare. Vi har gjort\u00a0samma [&hellip;]","og_url":"https:\/\/aktivtuteliv.se\/vasteras\/produkt\/sodra-bohuslan-150-000-karta\/","og_site_name":"V\u00e4ster\u00e5s","article_publisher":"https:\/\/www.facebook.com\/aktivtutelivbjornogarden","article_modified_time":"2025-10-18T04:38:45+00:00","og_image":[{"width":1200,"height":1200,"url":"https:\/\/aktivtuteliv.se\/vasteras\/wp-content\/uploads\/sites\/4\/2025\/10\/Sodrabohuslan.jpg","type":"image\/jpeg"}],"twitter_card":"summary_large_image","twitter_site":"@aktivtuteliv","twitter_misc":{"Ber\u00e4knad l\u00e4stid":"1 minut"},"schema":{"@context":"https:\/\/schema.org","@graph":[{"@type":"WebPage","@id":"https:\/\/aktivtuteliv.se\/vasteras\/produkt\/sodra-bohuslan-150-000-karta\/","url":"https:\/\/aktivtuteliv.se\/vasteras\/produkt\/sodra-bohuslan-150-000-karta\/","name":"S\u00f6dra Bohusl\u00e4n 1:50 000, karta - V\u00e4ster\u00e5s","isPartOf":{"@id":"https:\/\/aktivtuteliv.se\/vasteras\/#website"},"primaryImageOfPage":{"@id":"https:\/\/aktivtuteliv.se\/vasteras\/produkt\/sodra-bohuslan-150-000-karta\/#primaryimage"},"image":{"@id":"https:\/\/aktivtuteliv.se\/vasteras\/produkt\/sodra-bohuslan-150-000-karta\/#primaryimage"},"thumbnailUrl":"https:\/\/e5gp8rwuod7.exactdn.com\/vasteras\/wp-content\/uploads\/sites\/4\/2025\/10\/Sodrabohuslan.jpg?strip=all&lossy=1&ssl=1","datePublished":"2025-10-02T13:43:56+00:00","dateModified":"2025-10-18T04:38:45+00:00","breadcrumb":{"@id":"https:\/\/aktivtuteliv.se\/vasteras\/produkt\/sodra-bohuslan-150-000-karta\/#breadcrumb"},"inLanguage":"sv-SE","potentialAction":[{"@type":"ReadAction","target":["https:\/\/aktivtuteliv.se\/vasteras\/produkt\/sodra-bohuslan-150-000-karta\/"]}]},{"@type":"ImageObject","inLanguage":"sv-SE","@id":"https:\/\/aktivtuteliv.se\/vasteras\/produkt\/sodra-bohuslan-150-000-karta\/#primaryimage","url":"https:\/\/e5gp8rwuod7.exactdn.com\/vasteras\/wp-content\/uploads\/sites\/4\/2025\/10\/Sodrabohuslan.jpg?strip=all&lossy=1&ssl=1","contentUrl":"https:\/\/e5gp8rwuod7.exactdn.com\/vasteras\/wp-content\/uploads\/sites\/4\/2025\/10\/Sodrabohuslan.jpg?strip=all&lossy=1&ssl=1","width":1200,"height":1200},{"@type":"BreadcrumbList","@id":"https:\/\/aktivtuteliv.se\/vasteras\/produkt\/sodra-bohuslan-150-000-karta\/#breadcrumb","itemListElement":[{"@type":"ListItem","position":1,"name":"Home","item":"https:\/\/aktivtuteliv.se\/vasteras\/"},{"@type":"ListItem","position":2,"name":"Webbutik","item":"https:\/\/aktivtuteliv.se\/vasteras\/butik\/"},{"@type":"ListItem","position":3,"name":"S\u00f6dra Bohusl\u00e4n 1:50 000, karta"}]},{"@type":"WebSite","@id":"https:\/\/aktivtuteliv.se\/vasteras\/#website","url":"https:\/\/aktivtuteliv.se\/vasteras\/","name":"Aktivt Uteliv Bj\u00f6rn\u00f6g\u00e5rden","description":"Ett friluftscenter i V\u00e4ster\u00e5s","publisher":{"@id":"https:\/\/aktivtuteliv.se\/vasteras\/#organization"},"potentialAction":[{"@type":"SearchAction","target":{"@type":"EntryPoint","urlTemplate":"https:\/\/aktivtuteliv.se\/vasteras\/?s={search_term_string}"},"query-input":"required name=search_term_string"}],"inLanguage":"sv-SE"},{"@type":"Organization","@id":"https:\/\/aktivtuteliv.se\/vasteras\/#organization","name":"Aktivt Uteliv Bj\u00f6rn\u00f6g\u00e5rden","url":"https:\/\/aktivtuteliv.se\/vasteras\/","logo":{"@type":"ImageObject","inLanguage":"sv-SE","@id":"https:\/\/aktivtuteliv.se\/vasteras\/#\/schema\/logo\/image\/","url":"https:\/\/e5gp8rwuod7.exactdn.com\/vasteras\/wp-content\/uploads\/sites\/4\/2025\/01\/AUB-pms.png?strip=all&lossy=1&ssl=1","contentUrl":"https:\/\/e5gp8rwuod7.exactdn.com\/vasteras\/wp-content\/uploads\/sites\/4\/2025\/01\/AUB-pms.png?strip=all&lossy=1&ssl=1","width":1894,"height":1165,"caption":"Aktivt Uteliv Bj\u00f6rn\u00f6g\u00e5rden"},"image":{"@id":"https:\/\/aktivtuteliv.se\/vasteras\/#\/schema\/logo\/image\/"},"sameAs":["https:\/\/www.facebook.com\/aktivtutelivbjornogarden","https:\/\/x.com\/aktivtuteliv","https:\/\/www.instagram.com\/aktivtuteliv_bjornogarden"]}]}},"_links":{"self":[{"href":"https:\/\/aktivtuteliv.se\/vasteras\/wp-json\/wp\/v2\/product\/81340","targetHints":{"allow":["GET"]}}],"collection":[{"href":"https:\/\/aktivtuteliv.se\/vasteras\/wp-json\/wp\/v2\/product"}],"about":[{"href":"https:\/\/aktivtuteliv.se\/vasteras\/wp-json\/wp\/v2\/types\/product"}],"wp:featuredmedia":[{"embeddable":true,"href":"https:\/\/aktivtuteliv.se\/vasteras\/wp-json\/wp\/v2\/media\/82215"}],"wp:attachment":[{"href":"https:\/\/aktivtuteliv.se\/vasteras\/wp-json\/wp\/v2\/media?parent=81340"}],"wp:term":[{"taxonomy":"product_cat","embeddable":true,"href":"https:\/\/aktivtuteliv.se\/vasteras\/wp-json\/wp\/v2\/product_cat?post=81340"},{"taxonomy":"product_tag","embeddable":true,"href":"https:\/\/aktivtuteliv.se\/vasteras\/wp-json\/wp\/v2\/product_tag?post=81340"},{"taxonomy":"er_categories","embeddable":true,"href":"https:\/\/aktivtuteliv.se\/vasteras\/wp-json\/wp\/v2\/er_categories?post=81340"},{"taxonomy":"er_brands","embeddable":true,"href":"https:\/\/aktivtuteliv.se\/vasteras\/wp-json\/wp\/v2\/er_brands?post=81340"},{"taxonomy":"er_seasons","embeddable":true,"href":"https:\/\/aktivtuteliv.se\/vasteras\/wp-json\/wp\/v2\/er_seasons?post=81340"}],"curies":[{"name":"wp","href":"https:\/\/api.w.org\/{rel}","templated":true}]}}